{"id":3986,"date":"2022-09-15T00:00:00","date_gmt":"2024-07-11T10:02:29","guid":{"rendered":"https:\/\/lij.ismeduca.com\/tienda\/?post_type=product&#038;p=3986"},"modified":"2025-12-23T12:58:15","modified_gmt":"2025-12-23T11:58:15","slug":"historias-de-la-naturaleza-en-todo-el-planeta","status":"publish","type":"product","link":"https:\/\/lij.ismeduca.com\/es\/producto\/historias-de-la-naturaleza-en-todo-el-planeta\/","title":{"rendered":"Historias de la naturaleza en todo el planeta"},"content":{"rendered":"","protected":false},"excerpt":{"rendered":"<p>\u00bfC\u00f3mo se crearon el trueno o la niebla?<\/p>\n<p>\u00bfCu\u00e1l es el animal preferido de las flores?<\/p>\n<p>\u00bfC\u00f3mo cobr\u00f3 vida la hijita de la nieve?<\/p>\n<p>\u00bfCu\u00e1l es la receta de la sopa de piedra?<\/p>\n<p>\u00bfC\u00f3mo llegaron los cuentos a los humanos?<\/p>\n<p>\u00bfDe qu\u00e9 tela se hizo el vestido de la Luna?<\/p>\n<p>Esta recopilaci\u00f3n de 50 cuentos, f\u00e1bulas, mitos y leyendas te har\u00e1 recorrer nuestro planeta, celebrando la Naturaleza que le da vida y la imaginaci\u00f3n de las gentes que lo habitan.<\/p>\n","protected":false},"featured_media":35887,"template":"","meta":{"_acf_changed":false,"inline_featured_image":false},"product_brand":[],"product_cat":[4695],"product_tag":[244,242,1439,254,1002,1201,938,355,356,374,2058,1456],"asignatura":[],"compania":[252],"curso":[],"idiomas":[1948],"genero":[275],"linea":[372],"premio":[],"proyecto-editorial":[323],"tipo-de-libro":[249],"soporte":[2004],"zona-geografica":[],"autores":[4003,3409,4326,4324,4560],"colecciones":[2251],"personajes":[],"class_list":{"0":"post-3986","1":"product","2":"type-product","3":"status-publish","4":"has-post-thumbnail","6":"product_cat-de-historia-en-historia","7":"product_tag-cuentos","8":"product_tag-cuentos-para-ninos","9":"product_tag-cuentos-populares-espanoles","10":"product_tag-cuentos-tradicionales","11":"product_tag-educacion-intercultural","12":"product_tag-fabulas","13":"product_tag-interculturalidad","14":"product_tag-leyendas","15":"product_tag-mitologia","16":"product_tag-naturaleza","17":"product_tag-ntx","18":"product_tag-pueblos-indigenas","19":"pa_codigo-sap-ntx","20":"compania-f-sta-maria-ediciones-sm-es","21":"idiomas-espanol","22":"genero-fantasia","23":"linea-conocimiento","24":"proyecto-editorial-6-12","25":"tipo-de-libro-fisico","26":"soporte-libro","27":"autores-angela-mcallister","28":"autores-hannah-bess-ross","29":"autores-inmaculada-rodriguez","30":"autores-palma-carvajal","31":"autores-xohana-bastida-calvo","32":"colecciones-de-historia-en-historia","34":"first","35":"instock","36":"taxable","37":"shipping-taxable","38":"purchasable","39":"product-type-simple"},"acf":{"id_catalogo":"650","shortTitle":"DHH. HISTORIAS DE LA NATURALEZA EN TODO","descripcion":"<p>\u00bfC\u00f3mo se crearon el trueno o la niebla?<\/p>\n<p>\u00bfCu\u00e1l es el animal preferido de las flores?<\/p>\n<p>\u00bfC\u00f3mo cobr\u00f3 vida la hijita de la nieve?<\/p>\n<p>\u00bfCu\u00e1l es la receta de la sopa de piedra?<\/p>\n<p>\u00bfC\u00f3mo llegaron los cuentos a los humanos?<\/p>\n<p>\u00bfDe qu\u00e9 tela se hizo el vestido de la Luna?<\/p>\n<p>Esta recopilaci\u00f3n de 50 cuentos, f\u00e1bulas, mitos y leyendas te har\u00e1 recorrer nuestro planeta, celebrando la Naturaleza que le da vida y la imaginaci\u00f3n de las gentes que lo habitan.<\/p>","adjuntos":null,"descriptivePhrases":[{"type":"General","text":"50 cuentos, f\u00e1bulas y mitos que te har\u00e1n descubrir c\u00f3mo las culturas de todo el mundo celebran la naturaleza."}],"productSap":"NTX","isbn":"9788413927398","precio_colegios":18.22,"precio_librerias":18.22,"precio_librerias_sin_cobertura":18.22,"precio_distribuidores":18.22,"fecha_disponibilidad":null,"fecha_comercial":"20220915","organizacion_venta":"CS01","datos_para_buscador":"Palma Carvajal, Inmaculada Rodr\u00edguez, Hannah Bess Ross, Xohana Bastida Calvo, Angela McAllister, De historia en historia, "},"yoast_head":"<!-- This site is optimized with the Yoast SEO plugin v26.6 - https:\/\/yoast.com\/wordpress\/plugins\/seo\/ -->\n<title>Historias de la naturaleza en todo el planeta - Literatura SM Espa\u00f1a<\/title>\n<meta name=\"robots\" content=\"noindex, follow, max-snippet:-1, max-image-preview:large, max-video-preview:-1\" \/>\n<meta property=\"og:locale\" content=\"es_ES\" \/>\n<meta property=\"og:type\" content=\"article\" \/>\n<meta property=\"og:title\" content=\"Historias de la naturaleza en todo el planeta - Literatura SM Espa\u00f1a\" \/>\n<meta property=\"og:url\" content=\"https:\/\/lij.ismeduca.com\/es\/producto\/historias-de-la-naturaleza-en-todo-el-planeta\/\" \/>\n<meta property=\"og:site_name\" content=\"Literatura SM Espa\u00f1a\" \/>\n<meta property=\"article:modified_time\" content=\"2025-12-23T11:58:15+00:00\" \/>\n<meta name=\"twitter:card\" content=\"summary_large_image\" \/>\n<script type=\"application\/ld+json\" class=\"yoast-schema-graph\">{\"@context\":\"https:\/\/schema.org\",\"@graph\":[{\"@type\":\"WebPage\",\"@id\":\"https:\/\/lij.ismeduca.com\/es\/producto\/historias-de-la-naturaleza-en-todo-el-planeta\/\",\"url\":\"https:\/\/lij.ismeduca.com\/es\/producto\/historias-de-la-naturaleza-en-todo-el-planeta\/\",\"name\":\"Historias de la naturaleza en todo el planeta - Literatura SM Espa\u00f1a\",\"isPartOf\":{\"@id\":\"https:\/\/lij.ismeduca.com\/es\/#website\"},\"primaryImageOfPage\":{\"@id\":\"https:\/\/lij.ismeduca.com\/es\/producto\/historias-de-la-naturaleza-en-todo-el-planeta\/#primaryimage\"},\"image\":{\"@id\":\"https:\/\/lij.ismeduca.com\/es\/producto\/historias-de-la-naturaleza-en-todo-el-planeta\/#primaryimage\"},\"thumbnailUrl\":\"https:\/\/lij.ismeduca.com\/es\/wp-content\/uploads\/sites\/10\/2025\/12\/3986.jpg\",\"datePublished\":\"2024-07-11T10:02:29+00:00\",\"dateModified\":\"2025-12-23T11:58:15+00:00\",\"breadcrumb\":{\"@id\":\"https:\/\/lij.ismeduca.com\/es\/producto\/historias-de-la-naturaleza-en-todo-el-planeta\/#breadcrumb\"},\"inLanguage\":\"es\",\"potentialAction\":[{\"@type\":\"ReadAction\",\"target\":[\"https:\/\/lij.ismeduca.com\/es\/producto\/historias-de-la-naturaleza-en-todo-el-planeta\/\"]}]},{\"@type\":\"ImageObject\",\"inLanguage\":\"es\",\"@id\":\"https:\/\/lij.ismeduca.com\/es\/producto\/historias-de-la-naturaleza-en-todo-el-planeta\/#primaryimage\",\"url\":\"https:\/\/lij.ismeduca.com\/es\/wp-content\/uploads\/sites\/10\/2025\/12\/3986.jpg\",\"contentUrl\":\"https:\/\/lij.ismeduca.com\/es\/wp-content\/uploads\/sites\/10\/2025\/12\/3986.jpg\",\"width\":600,\"height\":792},{\"@type\":\"BreadcrumbList\",\"@id\":\"https:\/\/lij.ismeduca.com\/es\/producto\/historias-de-la-naturaleza-en-todo-el-planeta\/#breadcrumb\",\"itemListElement\":[{\"@type\":\"ListItem\",\"position\":1,\"name\":\"Portada\",\"item\":\"https:\/\/lij.ismeduca.com\/es\/\"},{\"@type\":\"ListItem\",\"position\":2,\"name\":\"Tienda\",\"item\":\"https:\/\/lij.ismeduca.com\/es\/tienda\/\"},{\"@type\":\"ListItem\",\"position\":3,\"name\":\"Historias de la naturaleza en todo el planeta\"}]},{\"@type\":\"WebSite\",\"@id\":\"https:\/\/lij.ismeduca.com\/es\/#website\",\"url\":\"https:\/\/lij.ismeduca.com\/es\/\",\"name\":\"Literatura SM Espa\u00f1a\",\"description\":\"\",\"publisher\":{\"@id\":\"https:\/\/lij.ismeduca.com\/es\/#organization\"},\"potentialAction\":[{\"@type\":\"SearchAction\",\"target\":{\"@type\":\"EntryPoint\",\"urlTemplate\":\"https:\/\/lij.ismeduca.com\/es\/?s={search_term_string}\"},\"query-input\":{\"@type\":\"PropertyValueSpecification\",\"valueRequired\":true,\"valueName\":\"search_term_string\"}}],\"inLanguage\":\"es\"},{\"@type\":\"Organization\",\"@id\":\"https:\/\/lij.ismeduca.com\/es\/#organization\",\"name\":\"Literatura SM Espa\u00f1a\",\"url\":\"https:\/\/lij.ismeduca.com\/es\/\",\"logo\":{\"@type\":\"ImageObject\",\"inLanguage\":\"es\",\"@id\":\"https:\/\/lij.ismeduca.com\/es\/#\/schema\/logo\/image\/\",\"url\":\"https:\/\/lij.ismeduca.com\/es\/wp-content\/uploads\/sites\/10\/2024\/07\/logo-cabecera.png\",\"contentUrl\":\"https:\/\/lij.ismeduca.com\/es\/wp-content\/uploads\/sites\/10\/2024\/07\/logo-cabecera.png\",\"width\":396,\"height\":64,\"caption\":\"Literatura SM Espa\u00f1a\"},\"image\":{\"@id\":\"https:\/\/lij.ismeduca.com\/es\/#\/schema\/logo\/image\/\"}}]}<\/script>\n<!-- \/ Yoast SEO plugin. -->","yoast_head_json":{"title":"Historias de la naturaleza en todo el planeta - Literatura SM Espa\u00f1a","robots":{"index":"noindex","follow":"follow","max-snippet":"max-snippet:-1","max-image-preview":"max-image-preview:large","max-video-preview":"max-video-preview:-1"},"og_locale":"es_ES","og_type":"article","og_title":"Historias de la naturaleza en todo el planeta - Literatura SM Espa\u00f1a","og_url":"https:\/\/lij.ismeduca.com\/es\/producto\/historias-de-la-naturaleza-en-todo-el-planeta\/","og_site_name":"Literatura SM Espa\u00f1a","article_modified_time":"2025-12-23T11:58:15+00:00","twitter_card":"summary_large_image","schema":{"@context":"https:\/\/schema.org","@graph":[{"@type":"WebPage","@id":"https:\/\/lij.ismeduca.com\/es\/producto\/historias-de-la-naturaleza-en-todo-el-planeta\/","url":"https:\/\/lij.ismeduca.com\/es\/producto\/historias-de-la-naturaleza-en-todo-el-planeta\/","name":"Historias de la naturaleza en todo el planeta - Literatura SM Espa\u00f1a","isPartOf":{"@id":"https:\/\/lij.ismeduca.com\/es\/#website"},"primaryImageOfPage":{"@id":"https:\/\/lij.ismeduca.com\/es\/producto\/historias-de-la-naturaleza-en-todo-el-planeta\/#primaryimage"},"image":{"@id":"https:\/\/lij.ismeduca.com\/es\/producto\/historias-de-la-naturaleza-en-todo-el-planeta\/#primaryimage"},"thumbnailUrl":"https:\/\/lij.ismeduca.com\/es\/wp-content\/uploads\/sites\/10\/2025\/12\/3986.jpg","datePublished":"2024-07-11T10:02:29+00:00","dateModified":"2025-12-23T11:58:15+00:00","breadcrumb":{"@id":"https:\/\/lij.ismeduca.com\/es\/producto\/historias-de-la-naturaleza-en-todo-el-planeta\/#breadcrumb"},"inLanguage":"es","potentialAction":[{"@type":"ReadAction","target":["https:\/\/lij.ismeduca.com\/es\/producto\/historias-de-la-naturaleza-en-todo-el-planeta\/"]}]},{"@type":"ImageObject","inLanguage":"es","@id":"https:\/\/lij.ismeduca.com\/es\/producto\/historias-de-la-naturaleza-en-todo-el-planeta\/#primaryimage","url":"https:\/\/lij.ismeduca.com\/es\/wp-content\/uploads\/sites\/10\/2025\/12\/3986.jpg","contentUrl":"https:\/\/lij.ismeduca.com\/es\/wp-content\/uploads\/sites\/10\/2025\/12\/3986.jpg","width":600,"height":792},{"@type":"BreadcrumbList","@id":"https:\/\/lij.ismeduca.com\/es\/producto\/historias-de-la-naturaleza-en-todo-el-planeta\/#breadcrumb","itemListElement":[{"@type":"ListItem","position":1,"name":"Portada","item":"https:\/\/lij.ismeduca.com\/es\/"},{"@type":"ListItem","position":2,"name":"Tienda","item":"https:\/\/lij.ismeduca.com\/es\/tienda\/"},{"@type":"ListItem","position":3,"name":"Historias de la naturaleza en todo el planeta"}]},{"@type":"WebSite","@id":"https:\/\/lij.ismeduca.com\/es\/#website","url":"https:\/\/lij.ismeduca.com\/es\/","name":"Literatura SM Espa\u00f1a","description":"","publisher":{"@id":"https:\/\/lij.ismeduca.com\/es\/#organization"},"potentialAction":[{"@type":"SearchAction","target":{"@type":"EntryPoint","urlTemplate":"https:\/\/lij.ismeduca.com\/es\/?s={search_term_string}"},"query-input":{"@type":"PropertyValueSpecification","valueRequired":true,"valueName":"search_term_string"}}],"inLanguage":"es"},{"@type":"Organization","@id":"https:\/\/lij.ismeduca.com\/es\/#organization","name":"Literatura SM Espa\u00f1a","url":"https:\/\/lij.ismeduca.com\/es\/","logo":{"@type":"ImageObject","inLanguage":"es","@id":"https:\/\/lij.ismeduca.com\/es\/#\/schema\/logo\/image\/","url":"https:\/\/lij.ismeduca.com\/es\/wp-content\/uploads\/sites\/10\/2024\/07\/logo-cabecera.png","contentUrl":"https:\/\/lij.ismeduca.com\/es\/wp-content\/uploads\/sites\/10\/2024\/07\/logo-cabecera.png","width":396,"height":64,"caption":"Literatura SM Espa\u00f1a"},"image":{"@id":"https:\/\/lij.ismeduca.com\/es\/#\/schema\/logo\/image\/"}}]}},"_links":{"self":[{"href":"https:\/\/lij.ismeduca.com\/es\/wp-json\/wp\/v2\/product\/3986","targetHints":{"allow":["GET"]}}],"collection":[{"href":"https:\/\/lij.ismeduca.com\/es\/wp-json\/wp\/v2\/product"}],"about":[{"href":"https:\/\/lij.ismeduca.com\/es\/wp-json\/wp\/v2\/types\/product"}],"version-history":[{"count":1,"href":"https:\/\/lij.ismeduca.com\/es\/wp-json\/wp\/v2\/product\/3986\/revisions"}],"predecessor-version":[{"id":35888,"href":"https:\/\/lij.ismeduca.com\/es\/wp-json\/wp\/v2\/product\/3986\/revisions\/35888"}],"wp:featuredmedia":[{"embeddable":true,"href":"https:\/\/lij.ismeduca.com\/es\/wp-json\/wp\/v2\/media\/35887"}],"wp:attachment":[{"href":"https:\/\/lij.ismeduca.com\/es\/wp-json\/wp\/v2\/media?parent=3986"}],"wp:term":[{"taxonomy":"product_brand","embeddable":true,"href":"https:\/\/lij.ismeduca.com\/es\/wp-json\/wp\/v2\/product_brand?post=3986"},{"taxonomy":"product_cat","embeddable":true,"href":"https:\/\/lij.ismeduca.com\/es\/wp-json\/wp\/v2\/product_cat?post=3986"},{"taxonomy":"product_tag","embeddable":true,"href":"https:\/\/lij.ismeduca.com\/es\/wp-json\/wp\/v2\/product_tag?post=3986"},{"taxonomy":"asignatura","embeddable":true,"href":"https:\/\/lij.ismeduca.com\/es\/wp-json\/wp\/v2\/asignatura?post=3986"},{"taxonomy":"compania","embeddable":true,"href":"https:\/\/lij.ismeduca.com\/es\/wp-json\/wp\/v2\/compania?post=3986"},{"taxonomy":"curso","embeddable":true,"href":"https:\/\/lij.ismeduca.com\/es\/wp-json\/wp\/v2\/curso?post=3986"},{"taxonomy":"idiomas","embeddable":true,"href":"https:\/\/lij.ismeduca.com\/es\/wp-json\/wp\/v2\/idiomas?post=3986"},{"taxonomy":"genero","embeddable":true,"href":"https:\/\/lij.ismeduca.com\/es\/wp-json\/wp\/v2\/genero?post=3986"},{"taxonomy":"linea","embeddable":true,"href":"https:\/\/lij.ismeduca.com\/es\/wp-json\/wp\/v2\/linea?post=3986"},{"taxonomy":"premio","embeddable":true,"href":"https:\/\/lij.ismeduca.com\/es\/wp-json\/wp\/v2\/premio?post=3986"},{"taxonomy":"proyecto-editorial","embeddable":true,"href":"https:\/\/lij.ismeduca.com\/es\/wp-json\/wp\/v2\/proyecto-editorial?post=3986"},{"taxonomy":"tipo-de-libro","embeddable":true,"href":"https:\/\/lij.ismeduca.com\/es\/wp-json\/wp\/v2\/tipo-de-libro?post=3986"},{"taxonomy":"soporte","embeddable":true,"href":"https:\/\/lij.ismeduca.com\/es\/wp-json\/wp\/v2\/soporte?post=3986"},{"taxonomy":"zona-geografica","embeddable":true,"href":"https:\/\/lij.ismeduca.com\/es\/wp-json\/wp\/v2\/zona-geografica?post=3986"},{"taxonomy":"autores","embeddable":true,"href":"https:\/\/lij.ismeduca.com\/es\/wp-json\/wp\/v2\/autores?post=3986"},{"taxonomy":"colecciones","embeddable":true,"href":"https:\/\/lij.ismeduca.com\/es\/wp-json\/wp\/v2\/colecciones?post=3986"},{"taxonomy":"personajes","embeddable":true,"href":"https:\/\/lij.ismeduca.com\/es\/wp-json\/wp\/v2\/personajes?post=3986"}],"curies":[{"name":"wp","href":"https:\/\/api.w.org\/{rel}","templated":true}]}}