{"id":3993,"date":"2022-06-09T00:00:00","date_gmt":"2024-07-11T10:02:32","guid":{"rendered":"https:\/\/lij.ismeduca.com\/tienda\/?post_type=product&#038;p=3993"},"modified":"2025-12-23T12:59:14","modified_gmt":"2025-12-23T11:59:14","slug":"solo-para-ninjas-4-el-telefono-pirata","status":"publish","type":"product","link":"https:\/\/lij.ismeduca.com\/es\/producto\/solo-para-ninjas-4-el-telefono-pirata\/","title":{"rendered":"Solo para ninjas 4: El tel\u00e9fono pirata"},"content":{"rendered":"","protected":false},"excerpt":{"rendered":"<p>A Li le han regalado un tel\u00e9fono m\u00f3vil y est\u00e1 tan contenta que no hace caso a nada ni a nadie. Menos mal su padre ha instalado un Vigilatron para que no se meta donde no debe. Pero ni siquiera esta moderna aplicaci\u00f3n puede evitar que Li sea absorbida por el ciberespacio: un lugar lejano y peligro lleno de ni\u00f1os perdidos. \u00a1Solo&nbsp;nuetras ninjas, con la ayuda del Se\u00f1or Moha,&nbsp;podr\u00e1n rescatarla!&nbsp;<\/p>\n","protected":false},"featured_media":36075,"template":"","meta":{"_acf_changed":false,"inline_featured_image":false},"product_brand":[],"product_cat":[4702],"product_tag":[268,1194,297,2058,313,293,615],"asignatura":[],"compania":[252],"curso":[],"idiomas":[1948],"genero":[314],"linea":[250],"premio":[],"proyecto-editorial":[323],"tipo-de-libro":[249],"soporte":[2004],"zona-geografica":[],"autores":[4284,3986],"colecciones":[2288],"personajes":[],"class_list":{"0":"post-3993","1":"product","2":"type-product","3":"status-publish","4":"has-post-thumbnail","6":"product_cat-solo-para-ninjas","7":"product_tag-amistad","8":"product_tag-fiestas-de-cumpleanos","9":"product_tag-literatura-de-aventuras","10":"product_tag-ntx","11":"product_tag-piratas","12":"product_tag-relaciones-familiares","13":"product_tag-tecnologia-de-las-telecomunicaciones","14":"pa_codigo-sap-ntx","15":"compania-f-sta-maria-ediciones-sm-es","16":"idiomas-espanol","17":"genero-aventura","18":"linea-narrativa","19":"proyecto-editorial-6-12","20":"tipo-de-libro-fisico","21":"soporte-libro","22":"autores-berta-marquez","23":"autores-puno","24":"colecciones-solo-para-ninjas","26":"first","27":"instock","28":"taxable","29":"shipping-taxable","30":"purchasable","31":"product-type-simple"},"acf":{"id_catalogo":"650","shortTitle":"SPN.4 El tel\u00e9fono pirata","descripcion":"<p>A Li le han regalado un tel\u00e9fono m\u00f3vil y est\u00e1 tan contenta que no hace caso a nada ni a nadie. Menos mal su padre ha instalado un Vigilatron para que no se meta donde no debe. Pero ni siquiera esta moderna aplicaci\u00f3n puede evitar que Li sea absorbida por el ciberespacio: un lugar lejano y peligro lleno de ni\u00f1os perdidos. \u00a1Solo&nbsp;nuetras ninjas, con la ayuda del Se\u00f1or Moha,&nbsp;podr\u00e1n rescatarla!&nbsp;<\/p>","adjuntos":null,"descriptivePhrases":[{"type":"General","text":"\u00a1Li est\u00e1 perdida en el ciberespacio! \u00a1Hay que conseguir que regrese sana y salva!"}],"productSap":"NTX","isbn":"9788413927312","precio_colegios":10.53,"precio_librerias":10.53,"precio_librerias_sin_cobertura":10.53,"precio_distribuidores":10.53,"fecha_disponibilidad":null,"fecha_comercial":"20220609","organizacion_venta":"CS01","datos_para_buscador":"Berta M\u00e1rquez, Pu\u00f1o, Pu\u00f1o, Solo para ninjas, "},"yoast_head":"<!-- This site is optimized with the Yoast SEO plugin v26.6 - https:\/\/yoast.com\/wordpress\/plugins\/seo\/ -->\n<title>Solo para ninjas 4: El tel\u00e9fono pirata - Literatura SM Espa\u00f1a<\/title>\n<meta name=\"robots\" content=\"noindex, follow, max-snippet:-1, max-image-preview:large, max-video-preview:-1\" \/>\n<meta property=\"og:locale\" content=\"es_ES\" \/>\n<meta property=\"og:type\" content=\"article\" \/>\n<meta property=\"og:title\" content=\"Solo para ninjas 4: El tel\u00e9fono pirata - Literatura SM Espa\u00f1a\" \/>\n<meta property=\"og:url\" content=\"https:\/\/lij.ismeduca.com\/es\/producto\/solo-para-ninjas-4-el-telefono-pirata\/\" \/>\n<meta property=\"og:site_name\" content=\"Literatura SM Espa\u00f1a\" \/>\n<meta property=\"article:modified_time\" content=\"2025-12-23T11:59:14+00:00\" \/>\n<meta name=\"twitter:card\" content=\"summary_large_image\" \/>\n<script type=\"application\/ld+json\" class=\"yoast-schema-graph\">{\"@context\":\"https:\/\/schema.org\",\"@graph\":[{\"@type\":\"WebPage\",\"@id\":\"https:\/\/lij.ismeduca.com\/es\/producto\/solo-para-ninjas-4-el-telefono-pirata\/\",\"url\":\"https:\/\/lij.ismeduca.com\/es\/producto\/solo-para-ninjas-4-el-telefono-pirata\/\",\"name\":\"Solo para ninjas 4: El tel\u00e9fono pirata - Literatura SM Espa\u00f1a\",\"isPartOf\":{\"@id\":\"https:\/\/lij.ismeduca.com\/es\/#website\"},\"primaryImageOfPage\":{\"@id\":\"https:\/\/lij.ismeduca.com\/es\/producto\/solo-para-ninjas-4-el-telefono-pirata\/#primaryimage\"},\"image\":{\"@id\":\"https:\/\/lij.ismeduca.com\/es\/producto\/solo-para-ninjas-4-el-telefono-pirata\/#primaryimage\"},\"thumbnailUrl\":\"https:\/\/lij.ismeduca.com\/es\/wp-content\/uploads\/sites\/10\/2025\/12\/3993.jpg\",\"datePublished\":\"2024-07-11T10:02:32+00:00\",\"dateModified\":\"2025-12-23T11:59:14+00:00\",\"breadcrumb\":{\"@id\":\"https:\/\/lij.ismeduca.com\/es\/producto\/solo-para-ninjas-4-el-telefono-pirata\/#breadcrumb\"},\"inLanguage\":\"es\",\"potentialAction\":[{\"@type\":\"ReadAction\",\"target\":[\"https:\/\/lij.ismeduca.com\/es\/producto\/solo-para-ninjas-4-el-telefono-pirata\/\"]}]},{\"@type\":\"ImageObject\",\"inLanguage\":\"es\",\"@id\":\"https:\/\/lij.ismeduca.com\/es\/producto\/solo-para-ninjas-4-el-telefono-pirata\/#primaryimage\",\"url\":\"https:\/\/lij.ismeduca.com\/es\/wp-content\/uploads\/sites\/10\/2025\/12\/3993.jpg\",\"contentUrl\":\"https:\/\/lij.ismeduca.com\/es\/wp-content\/uploads\/sites\/10\/2025\/12\/3993.jpg\",\"width\":600,\"height\":812},{\"@type\":\"BreadcrumbList\",\"@id\":\"https:\/\/lij.ismeduca.com\/es\/producto\/solo-para-ninjas-4-el-telefono-pirata\/#breadcrumb\",\"itemListElement\":[{\"@type\":\"ListItem\",\"position\":1,\"name\":\"Portada\",\"item\":\"https:\/\/lij.ismeduca.com\/es\/\"},{\"@type\":\"ListItem\",\"position\":2,\"name\":\"Tienda\",\"item\":\"https:\/\/lij.ismeduca.com\/es\/tienda\/\"},{\"@type\":\"ListItem\",\"position\":3,\"name\":\"Solo para ninjas 4: El tel\u00e9fono pirata\"}]},{\"@type\":\"WebSite\",\"@id\":\"https:\/\/lij.ismeduca.com\/es\/#website\",\"url\":\"https:\/\/lij.ismeduca.com\/es\/\",\"name\":\"Literatura SM Espa\u00f1a\",\"description\":\"\",\"publisher\":{\"@id\":\"https:\/\/lij.ismeduca.com\/es\/#organization\"},\"potentialAction\":[{\"@type\":\"SearchAction\",\"target\":{\"@type\":\"EntryPoint\",\"urlTemplate\":\"https:\/\/lij.ismeduca.com\/es\/?s={search_term_string}\"},\"query-input\":{\"@type\":\"PropertyValueSpecification\",\"valueRequired\":true,\"valueName\":\"search_term_string\"}}],\"inLanguage\":\"es\"},{\"@type\":\"Organization\",\"@id\":\"https:\/\/lij.ismeduca.com\/es\/#organization\",\"name\":\"Literatura SM Espa\u00f1a\",\"url\":\"https:\/\/lij.ismeduca.com\/es\/\",\"logo\":{\"@type\":\"ImageObject\",\"inLanguage\":\"es\",\"@id\":\"https:\/\/lij.ismeduca.com\/es\/#\/schema\/logo\/image\/\",\"url\":\"https:\/\/lij.ismeduca.com\/es\/wp-content\/uploads\/sites\/10\/2024\/07\/logo-cabecera.png\",\"contentUrl\":\"https:\/\/lij.ismeduca.com\/es\/wp-content\/uploads\/sites\/10\/2024\/07\/logo-cabecera.png\",\"width\":396,\"height\":64,\"caption\":\"Literatura SM Espa\u00f1a\"},\"image\":{\"@id\":\"https:\/\/lij.ismeduca.com\/es\/#\/schema\/logo\/image\/\"}}]}<\/script>\n<!-- \/ Yoast SEO plugin. -->","yoast_head_json":{"title":"Solo para ninjas 4: El tel\u00e9fono pirata - Literatura SM Espa\u00f1a","robots":{"index":"noindex","follow":"follow","max-snippet":"max-snippet:-1","max-image-preview":"max-image-preview:large","max-video-preview":"max-video-preview:-1"},"og_locale":"es_ES","og_type":"article","og_title":"Solo para ninjas 4: El tel\u00e9fono pirata - Literatura SM Espa\u00f1a","og_url":"https:\/\/lij.ismeduca.com\/es\/producto\/solo-para-ninjas-4-el-telefono-pirata\/","og_site_name":"Literatura SM Espa\u00f1a","article_modified_time":"2025-12-23T11:59:14+00:00","twitter_card":"summary_large_image","schema":{"@context":"https:\/\/schema.org","@graph":[{"@type":"WebPage","@id":"https:\/\/lij.ismeduca.com\/es\/producto\/solo-para-ninjas-4-el-telefono-pirata\/","url":"https:\/\/lij.ismeduca.com\/es\/producto\/solo-para-ninjas-4-el-telefono-pirata\/","name":"Solo para ninjas 4: El tel\u00e9fono pirata - Literatura SM Espa\u00f1a","isPartOf":{"@id":"https:\/\/lij.ismeduca.com\/es\/#website"},"primaryImageOfPage":{"@id":"https:\/\/lij.ismeduca.com\/es\/producto\/solo-para-ninjas-4-el-telefono-pirata\/#primaryimage"},"image":{"@id":"https:\/\/lij.ismeduca.com\/es\/producto\/solo-para-ninjas-4-el-telefono-pirata\/#primaryimage"},"thumbnailUrl":"https:\/\/lij.ismeduca.com\/es\/wp-content\/uploads\/sites\/10\/2025\/12\/3993.jpg","datePublished":"2024-07-11T10:02:32+00:00","dateModified":"2025-12-23T11:59:14+00:00","breadcrumb":{"@id":"https:\/\/lij.ismeduca.com\/es\/producto\/solo-para-ninjas-4-el-telefono-pirata\/#breadcrumb"},"inLanguage":"es","potentialAction":[{"@type":"ReadAction","target":["https:\/\/lij.ismeduca.com\/es\/producto\/solo-para-ninjas-4-el-telefono-pirata\/"]}]},{"@type":"ImageObject","inLanguage":"es","@id":"https:\/\/lij.ismeduca.com\/es\/producto\/solo-para-ninjas-4-el-telefono-pirata\/#primaryimage","url":"https:\/\/lij.ismeduca.com\/es\/wp-content\/uploads\/sites\/10\/2025\/12\/3993.jpg","contentUrl":"https:\/\/lij.ismeduca.com\/es\/wp-content\/uploads\/sites\/10\/2025\/12\/3993.jpg","width":600,"height":812},{"@type":"BreadcrumbList","@id":"https:\/\/lij.ismeduca.com\/es\/producto\/solo-para-ninjas-4-el-telefono-pirata\/#breadcrumb","itemListElement":[{"@type":"ListItem","position":1,"name":"Portada","item":"https:\/\/lij.ismeduca.com\/es\/"},{"@type":"ListItem","position":2,"name":"Tienda","item":"https:\/\/lij.ismeduca.com\/es\/tienda\/"},{"@type":"ListItem","position":3,"name":"Solo para ninjas 4: El tel\u00e9fono pirata"}]},{"@type":"WebSite","@id":"https:\/\/lij.ismeduca.com\/es\/#website","url":"https:\/\/lij.ismeduca.com\/es\/","name":"Literatura SM Espa\u00f1a","description":"","publisher":{"@id":"https:\/\/lij.ismeduca.com\/es\/#organization"},"potentialAction":[{"@type":"SearchAction","target":{"@type":"EntryPoint","urlTemplate":"https:\/\/lij.ismeduca.com\/es\/?s={search_term_string}"},"query-input":{"@type":"PropertyValueSpecification","valueRequired":true,"valueName":"search_term_string"}}],"inLanguage":"es"},{"@type":"Organization","@id":"https:\/\/lij.ismeduca.com\/es\/#organization","name":"Literatura SM Espa\u00f1a","url":"https:\/\/lij.ismeduca.com\/es\/","logo":{"@type":"ImageObject","inLanguage":"es","@id":"https:\/\/lij.ismeduca.com\/es\/#\/schema\/logo\/image\/","url":"https:\/\/lij.ismeduca.com\/es\/wp-content\/uploads\/sites\/10\/2024\/07\/logo-cabecera.png","contentUrl":"https:\/\/lij.ismeduca.com\/es\/wp-content\/uploads\/sites\/10\/2024\/07\/logo-cabecera.png","width":396,"height":64,"caption":"Literatura SM Espa\u00f1a"},"image":{"@id":"https:\/\/lij.ismeduca.com\/es\/#\/schema\/logo\/image\/"}}]}},"_links":{"self":[{"href":"https:\/\/lij.ismeduca.com\/es\/wp-json\/wp\/v2\/product\/3993","targetHints":{"allow":["GET"]}}],"collection":[{"href":"https:\/\/lij.ismeduca.com\/es\/wp-json\/wp\/v2\/product"}],"about":[{"href":"https:\/\/lij.ismeduca.com\/es\/wp-json\/wp\/v2\/types\/product"}],"version-history":[{"count":1,"href":"https:\/\/lij.ismeduca.com\/es\/wp-json\/wp\/v2\/product\/3993\/revisions"}],"predecessor-version":[{"id":30517,"href":"https:\/\/lij.ismeduca.com\/es\/wp-json\/wp\/v2\/product\/3993\/revisions\/30517"}],"wp:featuredmedia":[{"embeddable":true,"href":"https:\/\/lij.ismeduca.com\/es\/wp-json\/wp\/v2\/media\/36075"}],"wp:attachment":[{"href":"https:\/\/lij.ismeduca.com\/es\/wp-json\/wp\/v2\/media?parent=3993"}],"wp:term":[{"taxonomy":"product_brand","embeddable":true,"href":"https:\/\/lij.ismeduca.com\/es\/wp-json\/wp\/v2\/product_brand?post=3993"},{"taxonomy":"product_cat","embeddable":true,"href":"https:\/\/lij.ismeduca.com\/es\/wp-json\/wp\/v2\/product_cat?post=3993"},{"taxonomy":"product_tag","embeddable":true,"href":"https:\/\/lij.ismeduca.com\/es\/wp-json\/wp\/v2\/product_tag?post=3993"},{"taxonomy":"asignatura","embeddable":true,"href":"https:\/\/lij.ismeduca.com\/es\/wp-json\/wp\/v2\/asignatura?post=3993"},{"taxonomy":"compania","embeddable":true,"href":"https:\/\/lij.ismeduca.com\/es\/wp-json\/wp\/v2\/compania?post=3993"},{"taxonomy":"curso","embeddable":true,"href":"https:\/\/lij.ismeduca.com\/es\/wp-json\/wp\/v2\/curso?post=3993"},{"taxonomy":"idiomas","embeddable":true,"href":"https:\/\/lij.ismeduca.com\/es\/wp-json\/wp\/v2\/idiomas?post=3993"},{"taxonomy":"genero","embeddable":true,"href":"https:\/\/lij.ismeduca.com\/es\/wp-json\/wp\/v2\/genero?post=3993"},{"taxonomy":"linea","embeddable":true,"href":"https:\/\/lij.ismeduca.com\/es\/wp-json\/wp\/v2\/linea?post=3993"},{"taxonomy":"premio","embeddable":true,"href":"https:\/\/lij.ismeduca.com\/es\/wp-json\/wp\/v2\/premio?post=3993"},{"taxonomy":"proyecto-editorial","embeddable":true,"href":"https:\/\/lij.ismeduca.com\/es\/wp-json\/wp\/v2\/proyecto-editorial?post=3993"},{"taxonomy":"tipo-de-libro","embeddable":true,"href":"https:\/\/lij.ismeduca.com\/es\/wp-json\/wp\/v2\/tipo-de-libro?post=3993"},{"taxonomy":"soporte","embeddable":true,"href":"https:\/\/lij.ismeduca.com\/es\/wp-json\/wp\/v2\/soporte?post=3993"},{"taxonomy":"zona-geografica","embeddable":true,"href":"https:\/\/lij.ismeduca.com\/es\/wp-json\/wp\/v2\/zona-geografica?post=3993"},{"taxonomy":"autores","embeddable":true,"href":"https:\/\/lij.ismeduca.com\/es\/wp-json\/wp\/v2\/autores?post=3993"},{"taxonomy":"colecciones","embeddable":true,"href":"https:\/\/lij.ismeduca.com\/es\/wp-json\/wp\/v2\/colecciones?post=3993"},{"taxonomy":"personajes","embeddable":true,"href":"https:\/\/lij.ismeduca.com\/es\/wp-json\/wp\/v2\/personajes?post=3993"}],"curies":[{"name":"wp","href":"https:\/\/api.w.org\/{rel}","templated":true}]}}