{"id":4010,"date":"2024-05-16T00:00:00","date_gmt":"2024-07-11T10:02:41","guid":{"rendered":"https:\/\/lij.ismeduca.com\/tienda\/?post_type=product&#038;p=4010"},"modified":"2025-12-23T13:05:03","modified_gmt":"2025-12-23T12:05:03","slug":"pesadillas-y-dulcesuenos-2-una-fiesta-de-pijamas-terrorifica","status":"publish","type":"product","link":"https:\/\/lij.ismeduca.com\/es\/producto\/pesadillas-y-dulcesuenos-2-una-fiesta-de-pijamas-terrorifica\/","title":{"rendered":"Pesadillas y Dulcesue\u00f1os 2: Una fiesta de pijamas terror\u00edfica"},"content":{"rendered":"","protected":false},"excerpt":{"rendered":"<p><strong>La familia Pesadillas crea terribles pesadillas. <\/strong><\/p>\n<p><strong>La familia Dulcesue\u00f1os, melosos sue\u00f1os.<\/strong><\/p>\n<p><strong>Una fuerte enemistad las separa, pero Nix y Sen descubrir\u00e1n la magia de la amistad y el trabajo en equipo<\/strong>.<\/p>\n<p>Nix Pesadillas no se lo puede creer: Sen Dulcesue\u00f1os nunca ha estado en una fiesta de pijamas. Ella, experta en fiestas de pijamas horripilantemente divertidas, decide organizarle la m\u00e1s terror\u00edfica de todas, pero colarse en el Palacio Dulcesue\u00f1os no ser\u00e1 tarea f\u00e1cil, y convencer a Sen de que las cosas monstruosas son lo m\u00e1s\u2026, \u00a1misi\u00f3n imposible!<\/p>\n<p>Pero cuando aparece un temible conejo vampiro que no deja dormir a los ni\u00f1os, \u00a1no les queda m\u00e1s remedio que enfrentarse a \u00e9l!<\/p>\n","protected":false},"featured_media":35897,"template":"","meta":{"_acf_changed":false,"inline_featured_image":false},"product_brand":[],"product_cat":[4696],"product_tag":[268,423,332,601,1007,297,253,441,1295,2058,293,696],"asignatura":[],"compania":[252],"curso":[],"idiomas":[1948],"genero":[275],"linea":[250],"premio":[],"proyecto-editorial":[323],"tipo-de-libro":[249],"soporte":[2004],"zona-geografica":[],"autores":[4398,3392,3393,3394],"colecciones":[2239],"personajes":[],"class_list":{"0":"post-4010","1":"product","2":"type-product","3":"status-publish","4":"has-post-thumbnail","6":"product_cat-pesadillas-y-dulcesuenos","7":"product_tag-amistad","8":"product_tag-amor","9":"product_tag-dragones","10":"product_tag-educacion-familiar","11":"product_tag-fantasia-juvenil","12":"product_tag-literatura-de-aventuras","13":"product_tag-literatura-de-humor","14":"product_tag-monstruos","15":"product_tag-ninos","16":"product_tag-ntx","17":"product_tag-relaciones-familiares","18":"product_tag-vampiros","19":"pa_codigo-sap-ntx","20":"compania-f-sta-maria-ediciones-sm-es","21":"idiomas-espanol","22":"genero-fantasia","23":"linea-narrativa","24":"proyecto-editorial-6-12","25":"tipo-de-libro-fisico","26":"soporte-libro","27":"autores-carolina-perez-gutierrez","28":"autores-cristina-perez-martin","29":"autores-laura-borio","30":"autores-maria-quintana-silva","31":"colecciones-pesadillas-y-dulcesuenos","33":"first","34":"instock","35":"taxable","36":"shipping-taxable","37":"purchasable","38":"product-type-simple"},"acf":{"id_catalogo":"650","shortTitle":"PYD.2 UNA FIESTA DE PIJAMAS TERRORIFICA","descripcion":"<p><strong>La familia Pesadillas crea terribles pesadillas. <\/strong><\/p>\n<p><strong>La familia Dulcesue\u00f1os, melosos sue\u00f1os.<\/strong><\/p>\n<p><strong>Una fuerte enemistad las separa, pero Nix y Sen descubrir\u00e1n la magia de la amistad y el trabajo en equipo<\/strong>.<\/p>\n<p>Nix Pesadillas no se lo puede creer: Sen Dulcesue\u00f1os nunca ha estado en una fiesta de pijamas. Ella, experta en fiestas de pijamas horripilantemente divertidas, decide organizarle la m\u00e1s terror\u00edfica de todas, pero colarse en el Palacio Dulcesue\u00f1os no ser\u00e1 tarea f\u00e1cil, y convencer a Sen de que las cosas monstruosas son lo m\u00e1s\u2026, \u00a1misi\u00f3n imposible!<\/p>\n<p>Pero cuando aparece un temible conejo vampiro que no deja dormir a los ni\u00f1os, \u00a1no les queda m\u00e1s remedio que enfrentarse a \u00e9l!<\/p>","adjuntos":null,"descriptivePhrases":[{"type":"General","text":"\u00a1La maldici\u00f3n del vampinejo ha llegado para quitarle el sue\u00f1o a los ni\u00f1os!"}],"productSap":"NTX","isbn":"9788411823203","precio_colegios":10.53,"precio_librerias":10.53,"precio_librerias_sin_cobertura":10.53,"precio_distribuidores":10.53,"fecha_disponibilidad":null,"fecha_comercial":"20240516","organizacion_venta":"CS01","datos_para_buscador":"Carolina P\u00e9rez Guti\u00e9rrez, Cristina P\u00e9rez Mart\u00edn, Laura Borio, Mar\u00eda Quintana Silva, Laura Borio, Pesadillas y Dulcesue\u00f1os, "},"yoast_head":"<!-- This site is optimized with the Yoast SEO plugin v26.6 - https:\/\/yoast.com\/wordpress\/plugins\/seo\/ -->\n<title>Pesadillas y Dulcesue\u00f1os 2: Una fiesta de pijamas terror\u00edfica - Literatura SM Espa\u00f1a<\/title>\n<meta name=\"robots\" content=\"noindex, follow, max-snippet:-1, max-image-preview:large, max-video-preview:-1\" \/>\n<meta property=\"og:locale\" content=\"es_ES\" \/>\n<meta property=\"og:type\" content=\"article\" \/>\n<meta property=\"og:title\" content=\"Pesadillas y Dulcesue\u00f1os 2: Una fiesta de pijamas terror\u00edfica - Literatura SM Espa\u00f1a\" \/>\n<meta property=\"og:url\" content=\"https:\/\/lij.ismeduca.com\/es\/producto\/pesadillas-y-dulcesuenos-2-una-fiesta-de-pijamas-terrorifica\/\" \/>\n<meta property=\"og:site_name\" content=\"Literatura SM Espa\u00f1a\" \/>\n<meta property=\"article:modified_time\" content=\"2025-12-23T12:05:03+00:00\" \/>\n<meta name=\"twitter:card\" content=\"summary_large_image\" \/>\n<script type=\"application\/ld+json\" class=\"yoast-schema-graph\">{\"@context\":\"https:\/\/schema.org\",\"@graph\":[{\"@type\":\"WebPage\",\"@id\":\"https:\/\/lij.ismeduca.com\/es\/producto\/pesadillas-y-dulcesuenos-2-una-fiesta-de-pijamas-terrorifica\/\",\"url\":\"https:\/\/lij.ismeduca.com\/es\/producto\/pesadillas-y-dulcesuenos-2-una-fiesta-de-pijamas-terrorifica\/\",\"name\":\"Pesadillas y Dulcesue\u00f1os 2: Una fiesta de pijamas terror\u00edfica - Literatura SM Espa\u00f1a\",\"isPartOf\":{\"@id\":\"https:\/\/lij.ismeduca.com\/es\/#website\"},\"primaryImageOfPage\":{\"@id\":\"https:\/\/lij.ismeduca.com\/es\/producto\/pesadillas-y-dulcesuenos-2-una-fiesta-de-pijamas-terrorifica\/#primaryimage\"},\"image\":{\"@id\":\"https:\/\/lij.ismeduca.com\/es\/producto\/pesadillas-y-dulcesuenos-2-una-fiesta-de-pijamas-terrorifica\/#primaryimage\"},\"thumbnailUrl\":\"https:\/\/lij.ismeduca.com\/es\/wp-content\/uploads\/sites\/10\/2025\/12\/4010.jpg\",\"datePublished\":\"2024-07-11T10:02:41+00:00\",\"dateModified\":\"2025-12-23T12:05:03+00:00\",\"breadcrumb\":{\"@id\":\"https:\/\/lij.ismeduca.com\/es\/producto\/pesadillas-y-dulcesuenos-2-una-fiesta-de-pijamas-terrorifica\/#breadcrumb\"},\"inLanguage\":\"es\",\"potentialAction\":[{\"@type\":\"ReadAction\",\"target\":[\"https:\/\/lij.ismeduca.com\/es\/producto\/pesadillas-y-dulcesuenos-2-una-fiesta-de-pijamas-terrorifica\/\"]}]},{\"@type\":\"ImageObject\",\"inLanguage\":\"es\",\"@id\":\"https:\/\/lij.ismeduca.com\/es\/producto\/pesadillas-y-dulcesuenos-2-una-fiesta-de-pijamas-terrorifica\/#primaryimage\",\"url\":\"https:\/\/lij.ismeduca.com\/es\/wp-content\/uploads\/sites\/10\/2025\/12\/4010.jpg\",\"contentUrl\":\"https:\/\/lij.ismeduca.com\/es\/wp-content\/uploads\/sites\/10\/2025\/12\/4010.jpg\",\"width\":600,\"height\":915},{\"@type\":\"BreadcrumbList\",\"@id\":\"https:\/\/lij.ismeduca.com\/es\/producto\/pesadillas-y-dulcesuenos-2-una-fiesta-de-pijamas-terrorifica\/#breadcrumb\",\"itemListElement\":[{\"@type\":\"ListItem\",\"position\":1,\"name\":\"Portada\",\"item\":\"https:\/\/lij.ismeduca.com\/es\/\"},{\"@type\":\"ListItem\",\"position\":2,\"name\":\"Tienda\",\"item\":\"https:\/\/lij.ismeduca.com\/es\/tienda\/\"},{\"@type\":\"ListItem\",\"position\":3,\"name\":\"Pesadillas y Dulcesue\u00f1os 2: Una fiesta de pijamas terror\u00edfica\"}]},{\"@type\":\"WebSite\",\"@id\":\"https:\/\/lij.ismeduca.com\/es\/#website\",\"url\":\"https:\/\/lij.ismeduca.com\/es\/\",\"name\":\"Literatura SM Espa\u00f1a\",\"description\":\"\",\"publisher\":{\"@id\":\"https:\/\/lij.ismeduca.com\/es\/#organization\"},\"potentialAction\":[{\"@type\":\"SearchAction\",\"target\":{\"@type\":\"EntryPoint\",\"urlTemplate\":\"https:\/\/lij.ismeduca.com\/es\/?s={search_term_string}\"},\"query-input\":{\"@type\":\"PropertyValueSpecification\",\"valueRequired\":true,\"valueName\":\"search_term_string\"}}],\"inLanguage\":\"es\"},{\"@type\":\"Organization\",\"@id\":\"https:\/\/lij.ismeduca.com\/es\/#organization\",\"name\":\"Literatura SM Espa\u00f1a\",\"url\":\"https:\/\/lij.ismeduca.com\/es\/\",\"logo\":{\"@type\":\"ImageObject\",\"inLanguage\":\"es\",\"@id\":\"https:\/\/lij.ismeduca.com\/es\/#\/schema\/logo\/image\/\",\"url\":\"https:\/\/lij.ismeduca.com\/es\/wp-content\/uploads\/sites\/10\/2024\/07\/logo-cabecera.png\",\"contentUrl\":\"https:\/\/lij.ismeduca.com\/es\/wp-content\/uploads\/sites\/10\/2024\/07\/logo-cabecera.png\",\"width\":396,\"height\":64,\"caption\":\"Literatura SM Espa\u00f1a\"},\"image\":{\"@id\":\"https:\/\/lij.ismeduca.com\/es\/#\/schema\/logo\/image\/\"}}]}<\/script>\n<!-- \/ Yoast SEO plugin. -->","yoast_head_json":{"title":"Pesadillas y Dulcesue\u00f1os 2: Una fiesta de pijamas terror\u00edfica - Literatura SM Espa\u00f1a","robots":{"index":"noindex","follow":"follow","max-snippet":"max-snippet:-1","max-image-preview":"max-image-preview:large","max-video-preview":"max-video-preview:-1"},"og_locale":"es_ES","og_type":"article","og_title":"Pesadillas y Dulcesue\u00f1os 2: Una fiesta de pijamas terror\u00edfica - Literatura SM Espa\u00f1a","og_url":"https:\/\/lij.ismeduca.com\/es\/producto\/pesadillas-y-dulcesuenos-2-una-fiesta-de-pijamas-terrorifica\/","og_site_name":"Literatura SM Espa\u00f1a","article_modified_time":"2025-12-23T12:05:03+00:00","twitter_card":"summary_large_image","schema":{"@context":"https:\/\/schema.org","@graph":[{"@type":"WebPage","@id":"https:\/\/lij.ismeduca.com\/es\/producto\/pesadillas-y-dulcesuenos-2-una-fiesta-de-pijamas-terrorifica\/","url":"https:\/\/lij.ismeduca.com\/es\/producto\/pesadillas-y-dulcesuenos-2-una-fiesta-de-pijamas-terrorifica\/","name":"Pesadillas y Dulcesue\u00f1os 2: Una fiesta de pijamas terror\u00edfica - Literatura SM Espa\u00f1a","isPartOf":{"@id":"https:\/\/lij.ismeduca.com\/es\/#website"},"primaryImageOfPage":{"@id":"https:\/\/lij.ismeduca.com\/es\/producto\/pesadillas-y-dulcesuenos-2-una-fiesta-de-pijamas-terrorifica\/#primaryimage"},"image":{"@id":"https:\/\/lij.ismeduca.com\/es\/producto\/pesadillas-y-dulcesuenos-2-una-fiesta-de-pijamas-terrorifica\/#primaryimage"},"thumbnailUrl":"https:\/\/lij.ismeduca.com\/es\/wp-content\/uploads\/sites\/10\/2025\/12\/4010.jpg","datePublished":"2024-07-11T10:02:41+00:00","dateModified":"2025-12-23T12:05:03+00:00","breadcrumb":{"@id":"https:\/\/lij.ismeduca.com\/es\/producto\/pesadillas-y-dulcesuenos-2-una-fiesta-de-pijamas-terrorifica\/#breadcrumb"},"inLanguage":"es","potentialAction":[{"@type":"ReadAction","target":["https:\/\/lij.ismeduca.com\/es\/producto\/pesadillas-y-dulcesuenos-2-una-fiesta-de-pijamas-terrorifica\/"]}]},{"@type":"ImageObject","inLanguage":"es","@id":"https:\/\/lij.ismeduca.com\/es\/producto\/pesadillas-y-dulcesuenos-2-una-fiesta-de-pijamas-terrorifica\/#primaryimage","url":"https:\/\/lij.ismeduca.com\/es\/wp-content\/uploads\/sites\/10\/2025\/12\/4010.jpg","contentUrl":"https:\/\/lij.ismeduca.com\/es\/wp-content\/uploads\/sites\/10\/2025\/12\/4010.jpg","width":600,"height":915},{"@type":"BreadcrumbList","@id":"https:\/\/lij.ismeduca.com\/es\/producto\/pesadillas-y-dulcesuenos-2-una-fiesta-de-pijamas-terrorifica\/#breadcrumb","itemListElement":[{"@type":"ListItem","position":1,"name":"Portada","item":"https:\/\/lij.ismeduca.com\/es\/"},{"@type":"ListItem","position":2,"name":"Tienda","item":"https:\/\/lij.ismeduca.com\/es\/tienda\/"},{"@type":"ListItem","position":3,"name":"Pesadillas y Dulcesue\u00f1os 2: Una fiesta de pijamas terror\u00edfica"}]},{"@type":"WebSite","@id":"https:\/\/lij.ismeduca.com\/es\/#website","url":"https:\/\/lij.ismeduca.com\/es\/","name":"Literatura SM Espa\u00f1a","description":"","publisher":{"@id":"https:\/\/lij.ismeduca.com\/es\/#organization"},"potentialAction":[{"@type":"SearchAction","target":{"@type":"EntryPoint","urlTemplate":"https:\/\/lij.ismeduca.com\/es\/?s={search_term_string}"},"query-input":{"@type":"PropertyValueSpecification","valueRequired":true,"valueName":"search_term_string"}}],"inLanguage":"es"},{"@type":"Organization","@id":"https:\/\/lij.ismeduca.com\/es\/#organization","name":"Literatura SM Espa\u00f1a","url":"https:\/\/lij.ismeduca.com\/es\/","logo":{"@type":"ImageObject","inLanguage":"es","@id":"https:\/\/lij.ismeduca.com\/es\/#\/schema\/logo\/image\/","url":"https:\/\/lij.ismeduca.com\/es\/wp-content\/uploads\/sites\/10\/2024\/07\/logo-cabecera.png","contentUrl":"https:\/\/lij.ismeduca.com\/es\/wp-content\/uploads\/sites\/10\/2024\/07\/logo-cabecera.png","width":396,"height":64,"caption":"Literatura SM Espa\u00f1a"},"image":{"@id":"https:\/\/lij.ismeduca.com\/es\/#\/schema\/logo\/image\/"}}]}},"_links":{"self":[{"href":"https:\/\/lij.ismeduca.com\/es\/wp-json\/wp\/v2\/product\/4010","targetHints":{"allow":["GET"]}}],"collection":[{"href":"https:\/\/lij.ismeduca.com\/es\/wp-json\/wp\/v2\/product"}],"about":[{"href":"https:\/\/lij.ismeduca.com\/es\/wp-json\/wp\/v2\/types\/product"}],"version-history":[{"count":1,"href":"https:\/\/lij.ismeduca.com\/es\/wp-json\/wp\/v2\/product\/4010\/revisions"}],"predecessor-version":[{"id":30544,"href":"https:\/\/lij.ismeduca.com\/es\/wp-json\/wp\/v2\/product\/4010\/revisions\/30544"}],"wp:featuredmedia":[{"embeddable":true,"href":"https:\/\/lij.ismeduca.com\/es\/wp-json\/wp\/v2\/media\/35897"}],"wp:attachment":[{"href":"https:\/\/lij.ismeduca.com\/es\/wp-json\/wp\/v2\/media?parent=4010"}],"wp:term":[{"taxonomy":"product_brand","embeddable":true,"href":"https:\/\/lij.ismeduca.com\/es\/wp-json\/wp\/v2\/product_brand?post=4010"},{"taxonomy":"product_cat","embeddable":true,"href":"https:\/\/lij.ismeduca.com\/es\/wp-json\/wp\/v2\/product_cat?post=4010"},{"taxonomy":"product_tag","embeddable":true,"href":"https:\/\/lij.ismeduca.com\/es\/wp-json\/wp\/v2\/product_tag?post=4010"},{"taxonomy":"asignatura","embeddable":true,"href":"https:\/\/lij.ismeduca.com\/es\/wp-json\/wp\/v2\/asignatura?post=4010"},{"taxonomy":"compania","embeddable":true,"href":"https:\/\/lij.ismeduca.com\/es\/wp-json\/wp\/v2\/compania?post=4010"},{"taxonomy":"curso","embeddable":true,"href":"https:\/\/lij.ismeduca.com\/es\/wp-json\/wp\/v2\/curso?post=4010"},{"taxonomy":"idiomas","embeddable":true,"href":"https:\/\/lij.ismeduca.com\/es\/wp-json\/wp\/v2\/idiomas?post=4010"},{"taxonomy":"genero","embeddable":true,"href":"https:\/\/lij.ismeduca.com\/es\/wp-json\/wp\/v2\/genero?post=4010"},{"taxonomy":"linea","embeddable":true,"href":"https:\/\/lij.ismeduca.com\/es\/wp-json\/wp\/v2\/linea?post=4010"},{"taxonomy":"premio","embeddable":true,"href":"https:\/\/lij.ismeduca.com\/es\/wp-json\/wp\/v2\/premio?post=4010"},{"taxonomy":"proyecto-editorial","embeddable":true,"href":"https:\/\/lij.ismeduca.com\/es\/wp-json\/wp\/v2\/proyecto-editorial?post=4010"},{"taxonomy":"tipo-de-libro","embeddable":true,"href":"https:\/\/lij.ismeduca.com\/es\/wp-json\/wp\/v2\/tipo-de-libro?post=4010"},{"taxonomy":"soporte","embeddable":true,"href":"https:\/\/lij.ismeduca.com\/es\/wp-json\/wp\/v2\/soporte?post=4010"},{"taxonomy":"zona-geografica","embeddable":true,"href":"https:\/\/lij.ismeduca.com\/es\/wp-json\/wp\/v2\/zona-geografica?post=4010"},{"taxonomy":"autores","embeddable":true,"href":"https:\/\/lij.ismeduca.com\/es\/wp-json\/wp\/v2\/autores?post=4010"},{"taxonomy":"colecciones","embeddable":true,"href":"https:\/\/lij.ismeduca.com\/es\/wp-json\/wp\/v2\/colecciones?post=4010"},{"taxonomy":"personajes","embeddable":true,"href":"https:\/\/lij.ismeduca.com\/es\/wp-json\/wp\/v2\/personajes?post=4010"}],"curies":[{"name":"wp","href":"https:\/\/api.w.org\/{rel}","templated":true}]}}