{"id":41,"date":"2021-07-08T00:00:00","date_gmt":"2024-07-11T08:59:29","guid":{"rendered":"https:\/\/lij.ismeduca.com\/tienda\/?post_type=product&#038;p=41"},"modified":"2025-12-23T12:54:23","modified_gmt":"2025-12-23T11:54:23","slug":"ese-nino-al-que-quiero-tanto","status":"publish","type":"product","link":"https:\/\/lij.ismeduca.com\/es\/producto\/ese-nino-al-que-quiero-tanto\/","title":{"rendered":"Ese ni\u00f1o al que quiero tanto"},"content":{"rendered":"","protected":false},"excerpt":{"rendered":"<p>\u00abEn nuestro planeta hay medusas, peces microsc\u00f3picos, gatitos, insectos que pican, simp\u00e1ticos d\u00e1lmatas, y quiz\u00e1 tambi\u00e9n hasta algunos marcianos\u2026<\/p>\n<p>Y, entre todos estos seres vivos, hay un ni\u00f1o, un ni\u00f1o al que quiero much\u00edsimo.<\/p>\n<p>Tengo una suerte incre\u00edble, porque este ni\u00f1o viene a menudo a hacerse un ovillo en mis brazos. Podr\u00eda acurrucarse donde fuera: en el nido de una gaviota, en la bolsa de un canguro, o entre las patas de un oso polar. Pero es en mis brazos donde se acurruca, como para refugiarse.\u00bb<\/p>\n<p>Un cuento que es una preciosa declaraci\u00f3n de amor materno.<\/p>\n","protected":false},"featured_media":35484,"template":"","meta":{"_acf_changed":false,"inline_featured_image":false},"product_brand":[],"product_cat":[4671],"product_tag":[294,290,2058,293],"asignatura":[],"compania":[252],"curso":[],"idiomas":[1948],"genero":[],"linea":[250],"premio":[],"proyecto-editorial":[257],"tipo-de-libro":[249],"soporte":[2004],"zona-geografica":[],"autores":[4550,4565,4549,4558],"colecciones":[2453],"personajes":[],"class_list":{"0":"post-41","1":"product","2":"type-product","3":"status-publish","4":"has-post-thumbnail","6":"product_cat-mis-primeros-cuentos","7":"product_tag-lectura","8":"product_tag-letra-imprenta","9":"product_tag-ntx","10":"product_tag-relaciones-familiares","11":"pa_codigo-sap-ntx","12":"compania-f-sta-maria-ediciones-sm-es","13":"idiomas-espanol","14":"linea-narrativa","15":"proyecto-editorial-3-5","16":"tipo-de-libro-fisico","17":"soporte-libro","18":"autores-capucine-lewalle","19":"autores-carla-balzaretti","20":"autores-maud-legrand","21":"autores-mercedes-corral","22":"colecciones-mis-primeros-cuentos","24":"first","25":"instock","26":"taxable","27":"shipping-taxable","28":"purchasable","29":"product-type-simple"},"acf":{"id_catalogo":"650","shortTitle":"ESE NI\u00d1O AL QUE QUIERO TANTO","descripcion":"<p>\u00abEn nuestro planeta hay medusas, peces microsc\u00f3picos, gatitos, insectos que pican, simp\u00e1ticos d\u00e1lmatas, y quiz\u00e1 tambi\u00e9n hasta algunos marcianos\u2026<\/p>\n<p>Y, entre todos estos seres vivos, hay un ni\u00f1o, un ni\u00f1o al que quiero much\u00edsimo.<\/p>\n<p>Tengo una suerte incre\u00edble, porque este ni\u00f1o viene a menudo a hacerse un ovillo en mis brazos. Podr\u00eda acurrucarse donde fuera: en el nido de una gaviota, en la bolsa de un canguro, o entre las patas de un oso polar. Pero es en mis brazos donde se acurruca, como para refugiarse.\u00bb<\/p>\n<p>Un cuento que es una preciosa declaraci\u00f3n de amor materno.<\/p>","adjuntos":null,"descriptivePhrases":[{"type":"General","text":"Un po\u00e9tico libro ilustrado para pre-lectores y primeros lectores sobre el amor materno."}],"productSap":"NTX","isbn":"9788413921532","precio_colegios":7.69,"precio_librerias":7.69,"precio_librerias_sin_cobertura":7.69,"precio_distribuidores":7.69,"fecha_disponibilidad":null,"fecha_comercial":"20210708","organizacion_venta":"CS01","datos_para_buscador":"Maud Legrand, Carla Balzaretti, Mercedes Corral, Capucine  Lewalle, Mis primeros cuentos, "},"yoast_head":"<!-- This site is optimized with the Yoast SEO plugin v26.6 - https:\/\/yoast.com\/wordpress\/plugins\/seo\/ -->\n<title>Ese ni\u00f1o al que quiero tanto - Literatura SM Espa\u00f1a<\/title>\n<meta name=\"robots\" content=\"noindex, follow, max-snippet:-1, max-image-preview:large, max-video-preview:-1\" \/>\n<meta property=\"og:locale\" content=\"es_ES\" \/>\n<meta property=\"og:type\" content=\"article\" \/>\n<meta property=\"og:title\" content=\"Ese ni\u00f1o al que quiero tanto - Literatura SM Espa\u00f1a\" \/>\n<meta property=\"og:url\" content=\"https:\/\/lij.ismeduca.com\/es\/producto\/ese-nino-al-que-quiero-tanto\/\" \/>\n<meta property=\"og:site_name\" content=\"Literatura SM Espa\u00f1a\" \/>\n<meta property=\"article:modified_time\" content=\"2025-12-23T11:54:23+00:00\" \/>\n<meta name=\"twitter:card\" content=\"summary_large_image\" \/>\n<script type=\"application\/ld+json\" class=\"yoast-schema-graph\">{\"@context\":\"https:\/\/schema.org\",\"@graph\":[{\"@type\":\"WebPage\",\"@id\":\"https:\/\/lij.ismeduca.com\/es\/producto\/ese-nino-al-que-quiero-tanto\/\",\"url\":\"https:\/\/lij.ismeduca.com\/es\/producto\/ese-nino-al-que-quiero-tanto\/\",\"name\":\"Ese ni\u00f1o al que quiero tanto - Literatura SM Espa\u00f1a\",\"isPartOf\":{\"@id\":\"https:\/\/lij.ismeduca.com\/es\/#website\"},\"primaryImageOfPage\":{\"@id\":\"https:\/\/lij.ismeduca.com\/es\/producto\/ese-nino-al-que-quiero-tanto\/#primaryimage\"},\"image\":{\"@id\":\"https:\/\/lij.ismeduca.com\/es\/producto\/ese-nino-al-que-quiero-tanto\/#primaryimage\"},\"thumbnailUrl\":\"https:\/\/lij.ismeduca.com\/es\/wp-content\/uploads\/sites\/10\/2025\/12\/41.jpg\",\"datePublished\":\"2024-07-11T08:59:29+00:00\",\"dateModified\":\"2025-12-23T11:54:23+00:00\",\"breadcrumb\":{\"@id\":\"https:\/\/lij.ismeduca.com\/es\/producto\/ese-nino-al-que-quiero-tanto\/#breadcrumb\"},\"inLanguage\":\"es\",\"potentialAction\":[{\"@type\":\"ReadAction\",\"target\":[\"https:\/\/lij.ismeduca.com\/es\/producto\/ese-nino-al-que-quiero-tanto\/\"]}]},{\"@type\":\"ImageObject\",\"inLanguage\":\"es\",\"@id\":\"https:\/\/lij.ismeduca.com\/es\/producto\/ese-nino-al-que-quiero-tanto\/#primaryimage\",\"url\":\"https:\/\/lij.ismeduca.com\/es\/wp-content\/uploads\/sites\/10\/2025\/12\/41.jpg\",\"contentUrl\":\"https:\/\/lij.ismeduca.com\/es\/wp-content\/uploads\/sites\/10\/2025\/12\/41.jpg\",\"width\":600,\"height\":718},{\"@type\":\"BreadcrumbList\",\"@id\":\"https:\/\/lij.ismeduca.com\/es\/producto\/ese-nino-al-que-quiero-tanto\/#breadcrumb\",\"itemListElement\":[{\"@type\":\"ListItem\",\"position\":1,\"name\":\"Portada\",\"item\":\"https:\/\/lij.ismeduca.com\/es\/\"},{\"@type\":\"ListItem\",\"position\":2,\"name\":\"Tienda\",\"item\":\"https:\/\/lij.ismeduca.com\/es\/tienda\/\"},{\"@type\":\"ListItem\",\"position\":3,\"name\":\"Ese ni\u00f1o al que quiero tanto\"}]},{\"@type\":\"WebSite\",\"@id\":\"https:\/\/lij.ismeduca.com\/es\/#website\",\"url\":\"https:\/\/lij.ismeduca.com\/es\/\",\"name\":\"Literatura SM Espa\u00f1a\",\"description\":\"\",\"publisher\":{\"@id\":\"https:\/\/lij.ismeduca.com\/es\/#organization\"},\"potentialAction\":[{\"@type\":\"SearchAction\",\"target\":{\"@type\":\"EntryPoint\",\"urlTemplate\":\"https:\/\/lij.ismeduca.com\/es\/?s={search_term_string}\"},\"query-input\":{\"@type\":\"PropertyValueSpecification\",\"valueRequired\":true,\"valueName\":\"search_term_string\"}}],\"inLanguage\":\"es\"},{\"@type\":\"Organization\",\"@id\":\"https:\/\/lij.ismeduca.com\/es\/#organization\",\"name\":\"Literatura SM Espa\u00f1a\",\"url\":\"https:\/\/lij.ismeduca.com\/es\/\",\"logo\":{\"@type\":\"ImageObject\",\"inLanguage\":\"es\",\"@id\":\"https:\/\/lij.ismeduca.com\/es\/#\/schema\/logo\/image\/\",\"url\":\"https:\/\/lij.ismeduca.com\/es\/wp-content\/uploads\/sites\/10\/2024\/07\/logo-cabecera.png\",\"contentUrl\":\"https:\/\/lij.ismeduca.com\/es\/wp-content\/uploads\/sites\/10\/2024\/07\/logo-cabecera.png\",\"width\":396,\"height\":64,\"caption\":\"Literatura SM Espa\u00f1a\"},\"image\":{\"@id\":\"https:\/\/lij.ismeduca.com\/es\/#\/schema\/logo\/image\/\"}}]}<\/script>\n<!-- \/ Yoast SEO plugin. -->","yoast_head_json":{"title":"Ese ni\u00f1o al que quiero tanto - Literatura SM Espa\u00f1a","robots":{"index":"noindex","follow":"follow","max-snippet":"max-snippet:-1","max-image-preview":"max-image-preview:large","max-video-preview":"max-video-preview:-1"},"og_locale":"es_ES","og_type":"article","og_title":"Ese ni\u00f1o al que quiero tanto - Literatura SM Espa\u00f1a","og_url":"https:\/\/lij.ismeduca.com\/es\/producto\/ese-nino-al-que-quiero-tanto\/","og_site_name":"Literatura SM Espa\u00f1a","article_modified_time":"2025-12-23T11:54:23+00:00","twitter_card":"summary_large_image","schema":{"@context":"https:\/\/schema.org","@graph":[{"@type":"WebPage","@id":"https:\/\/lij.ismeduca.com\/es\/producto\/ese-nino-al-que-quiero-tanto\/","url":"https:\/\/lij.ismeduca.com\/es\/producto\/ese-nino-al-que-quiero-tanto\/","name":"Ese ni\u00f1o al que quiero tanto - Literatura SM Espa\u00f1a","isPartOf":{"@id":"https:\/\/lij.ismeduca.com\/es\/#website"},"primaryImageOfPage":{"@id":"https:\/\/lij.ismeduca.com\/es\/producto\/ese-nino-al-que-quiero-tanto\/#primaryimage"},"image":{"@id":"https:\/\/lij.ismeduca.com\/es\/producto\/ese-nino-al-que-quiero-tanto\/#primaryimage"},"thumbnailUrl":"https:\/\/lij.ismeduca.com\/es\/wp-content\/uploads\/sites\/10\/2025\/12\/41.jpg","datePublished":"2024-07-11T08:59:29+00:00","dateModified":"2025-12-23T11:54:23+00:00","breadcrumb":{"@id":"https:\/\/lij.ismeduca.com\/es\/producto\/ese-nino-al-que-quiero-tanto\/#breadcrumb"},"inLanguage":"es","potentialAction":[{"@type":"ReadAction","target":["https:\/\/lij.ismeduca.com\/es\/producto\/ese-nino-al-que-quiero-tanto\/"]}]},{"@type":"ImageObject","inLanguage":"es","@id":"https:\/\/lij.ismeduca.com\/es\/producto\/ese-nino-al-que-quiero-tanto\/#primaryimage","url":"https:\/\/lij.ismeduca.com\/es\/wp-content\/uploads\/sites\/10\/2025\/12\/41.jpg","contentUrl":"https:\/\/lij.ismeduca.com\/es\/wp-content\/uploads\/sites\/10\/2025\/12\/41.jpg","width":600,"height":718},{"@type":"BreadcrumbList","@id":"https:\/\/lij.ismeduca.com\/es\/producto\/ese-nino-al-que-quiero-tanto\/#breadcrumb","itemListElement":[{"@type":"ListItem","position":1,"name":"Portada","item":"https:\/\/lij.ismeduca.com\/es\/"},{"@type":"ListItem","position":2,"name":"Tienda","item":"https:\/\/lij.ismeduca.com\/es\/tienda\/"},{"@type":"ListItem","position":3,"name":"Ese ni\u00f1o al que quiero tanto"}]},{"@type":"WebSite","@id":"https:\/\/lij.ismeduca.com\/es\/#website","url":"https:\/\/lij.ismeduca.com\/es\/","name":"Literatura SM Espa\u00f1a","description":"","publisher":{"@id":"https:\/\/lij.ismeduca.com\/es\/#organization"},"potentialAction":[{"@type":"SearchAction","target":{"@type":"EntryPoint","urlTemplate":"https:\/\/lij.ismeduca.com\/es\/?s={search_term_string}"},"query-input":{"@type":"PropertyValueSpecification","valueRequired":true,"valueName":"search_term_string"}}],"inLanguage":"es"},{"@type":"Organization","@id":"https:\/\/lij.ismeduca.com\/es\/#organization","name":"Literatura SM Espa\u00f1a","url":"https:\/\/lij.ismeduca.com\/es\/","logo":{"@type":"ImageObject","inLanguage":"es","@id":"https:\/\/lij.ismeduca.com\/es\/#\/schema\/logo\/image\/","url":"https:\/\/lij.ismeduca.com\/es\/wp-content\/uploads\/sites\/10\/2024\/07\/logo-cabecera.png","contentUrl":"https:\/\/lij.ismeduca.com\/es\/wp-content\/uploads\/sites\/10\/2024\/07\/logo-cabecera.png","width":396,"height":64,"caption":"Literatura SM Espa\u00f1a"},"image":{"@id":"https:\/\/lij.ismeduca.com\/es\/#\/schema\/logo\/image\/"}}]}},"_links":{"self":[{"href":"https:\/\/lij.ismeduca.com\/es\/wp-json\/wp\/v2\/product\/41","targetHints":{"allow":["GET"]}}],"collection":[{"href":"https:\/\/lij.ismeduca.com\/es\/wp-json\/wp\/v2\/product"}],"about":[{"href":"https:\/\/lij.ismeduca.com\/es\/wp-json\/wp\/v2\/types\/product"}],"version-history":[{"count":1,"href":"https:\/\/lij.ismeduca.com\/es\/wp-json\/wp\/v2\/product\/41\/revisions"}],"predecessor-version":[{"id":30110,"href":"https:\/\/lij.ismeduca.com\/es\/wp-json\/wp\/v2\/product\/41\/revisions\/30110"}],"wp:featuredmedia":[{"embeddable":true,"href":"https:\/\/lij.ismeduca.com\/es\/wp-json\/wp\/v2\/media\/35484"}],"wp:attachment":[{"href":"https:\/\/lij.ismeduca.com\/es\/wp-json\/wp\/v2\/media?parent=41"}],"wp:term":[{"taxonomy":"product_brand","embeddable":true,"href":"https:\/\/lij.ismeduca.com\/es\/wp-json\/wp\/v2\/product_brand?post=41"},{"taxonomy":"product_cat","embeddable":true,"href":"https:\/\/lij.ismeduca.com\/es\/wp-json\/wp\/v2\/product_cat?post=41"},{"taxonomy":"product_tag","embeddable":true,"href":"https:\/\/lij.ismeduca.com\/es\/wp-json\/wp\/v2\/product_tag?post=41"},{"taxonomy":"asignatura","embeddable":true,"href":"https:\/\/lij.ismeduca.com\/es\/wp-json\/wp\/v2\/asignatura?post=41"},{"taxonomy":"compania","embeddable":true,"href":"https:\/\/lij.ismeduca.com\/es\/wp-json\/wp\/v2\/compania?post=41"},{"taxonomy":"curso","embeddable":true,"href":"https:\/\/lij.ismeduca.com\/es\/wp-json\/wp\/v2\/curso?post=41"},{"taxonomy":"idiomas","embeddable":true,"href":"https:\/\/lij.ismeduca.com\/es\/wp-json\/wp\/v2\/idiomas?post=41"},{"taxonomy":"genero","embeddable":true,"href":"https:\/\/lij.ismeduca.com\/es\/wp-json\/wp\/v2\/genero?post=41"},{"taxonomy":"linea","embeddable":true,"href":"https:\/\/lij.ismeduca.com\/es\/wp-json\/wp\/v2\/linea?post=41"},{"taxonomy":"premio","embeddable":true,"href":"https:\/\/lij.ismeduca.com\/es\/wp-json\/wp\/v2\/premio?post=41"},{"taxonomy":"proyecto-editorial","embeddable":true,"href":"https:\/\/lij.ismeduca.com\/es\/wp-json\/wp\/v2\/proyecto-editorial?post=41"},{"taxonomy":"tipo-de-libro","embeddable":true,"href":"https:\/\/lij.ismeduca.com\/es\/wp-json\/wp\/v2\/tipo-de-libro?post=41"},{"taxonomy":"soporte","embeddable":true,"href":"https:\/\/lij.ismeduca.com\/es\/wp-json\/wp\/v2\/soporte?post=41"},{"taxonomy":"zona-geografica","embeddable":true,"href":"https:\/\/lij.ismeduca.com\/es\/wp-json\/wp\/v2\/zona-geografica?post=41"},{"taxonomy":"autores","embeddable":true,"href":"https:\/\/lij.ismeduca.com\/es\/wp-json\/wp\/v2\/autores?post=41"},{"taxonomy":"colecciones","embeddable":true,"href":"https:\/\/lij.ismeduca.com\/es\/wp-json\/wp\/v2\/colecciones?post=41"},{"taxonomy":"personajes","embeddable":true,"href":"https:\/\/lij.ismeduca.com\/es\/wp-json\/wp\/v2\/personajes?post=41"}],"curies":[{"name":"wp","href":"https:\/\/api.w.org\/{rel}","templated":true}]}}