{"id":4186,"date":"2016-02-04T00:00:00","date_gmt":"2024-07-11T10:06:24","guid":{"rendered":"https:\/\/lij.ismeduca.com\/tienda\/?post_type=product&#038;p=4186"},"modified":"2025-12-23T12:39:52","modified_gmt":"2025-12-23T11:39:52","slug":"els-forasters-del-temps-1-laventura-dels-vallbona-al-far-west","status":"publish","type":"product","link":"https:\/\/lij.ismeduca.com\/es\/producto\/els-forasters-del-temps-1-laventura-dels-vallbona-al-far-west\/","title":{"rendered":"Els Forasters del temps 1: L&#8217;aventura dels Vallbona al Far West"},"content":{"rendered":"","protected":false},"excerpt":{"rendered":"<p><P>De l&#8217;autor i l&#8217;il&#183;lustrador dels Futbol&#237;ssims, una nova s&#232;rie d&#8217;humor: Els Forasters de Temps <\/P><P>Tot va comen&#231;ar un dia normal i corrent. Hav&#237;em anat a comprar unes bicis, el meu pare, els meus dos germans, la meva ve&#239;na Carme, la seva filla, i jo. &#201;rem al mig del p&#224;rquing, dalt de les bicis, quan de sobte va passar. Un espetec al cel, una blancor enlluernadora, un llamp que cau, i de cop&#8230; &#201;rem tots a Black Rock, ben b&#233; al remot Far West. L&#8217;aventura acabava de comen&#231;ar. <\/P><P>Una fam&#237;lia normal i corrent en un viatge extraordinari pel temps.<\/P><\/p>\n","protected":false},"featured_media":36365,"template":"","meta":{"_acf_changed":false,"inline_featured_image":false},"product_brand":[],"product_cat":[4731],"product_tag":[268,1396,961,297,253,2058,704,826],"asignatura":[],"compania":[258],"curso":[],"idiomas":[1951],"genero":[256],"linea":[250],"premio":[],"proyecto-editorial":[323],"tipo-de-libro":[249],"soporte":[2004],"zona-geografica":[],"autores":[4446,4387,4555,4216],"colecciones":[2298],"personajes":[2108],"class_list":{"0":"post-4186","1":"product","2":"type-product","3":"status-publish","4":"has-post-thumbnail","6":"product_cat-los-forasteros-del-tiempo","7":"product_tag-amistad","8":"product_tag-conquista-y-colonizacion-de-america","9":"product_tag-esclavitud","10":"product_tag-literatura-de-aventuras","11":"product_tag-literatura-de-humor","12":"product_tag-ntx","13":"product_tag-primer-amor","14":"product_tag-viajes-en-el-tiempo","15":"pa_codigo-sap-ntx","16":"compania-editorial-cruilla-s-a-es","17":"idiomas-catalan","18":"genero-humor","19":"linea-narrativa","20":"proyecto-editorial-6-12","21":"tipo-de-libro-fisico","22":"soporte-libro","23":"autores-enrique-lorenzo-diaz","24":"autores-josep-sampere-i-marti","25":"autores-nuria-font-i-ferre","26":"autores-roberto-santiago","27":"colecciones-forasters-del-temps","28":"personajes-los-forasteros-del-tiempo","30":"first","31":"instock","32":"taxable","33":"shipping-taxable","34":"purchasable","35":"product-type-simple"},"acf":{"id_catalogo":"650","shortTitle":"C-FDT.1 L'AVENT.DELS VALLBONA AL FAR WES","descripcion":"<P>De l'autor i l'il&#183;lustrador dels Futbol&#237;ssims, una nova s&#232;rie d'humor: Els Forasters de Temps <\/P><P>Tot va comen&#231;ar un dia normal i corrent. Hav&#237;em anat a comprar unes bicis, el meu pare, els meus dos germans, la meva ve&#239;na Carme, la seva filla, i jo. &#201;rem al mig del p&#224;rquing, dalt de les bicis, quan de sobte va passar. Un espetec al cel, una blancor enlluernadora, un llamp que cau, i de cop... &#201;rem tots a Black Rock, ben b&#233; al remot Far West. L'aventura acabava de comen&#231;ar. <\/P><P>Una fam&#237;lia normal i corrent en un viatge extraordinari pel temps.<\/P>","adjuntos":[{"id":"2","titulo":"Documentos de texto","url":"https:\/\/catalogo.noe-sm.com\/medias\/ES172549-008644.pdf?context=bWFzdGVyfG1pZ3JhdGlvbnwzNTg1MTV8YXBwbGljYXRpb24vcGRmfG1pZ3JhdGlvbi9oNzMvaGJmLzg4MTk1MDQ0MTQ3NTAucGRmfDY4YTUwNmJjNDFkYjNjODMzMjRiMmUyYWVhNzc0MWY2ODc3YjQ1MWVkYzFkZjdlYmJjZTJjNGZiZGI1MDRlMDM"},{"id":"2","titulo":"Documentos de texto","url":"https:\/\/catalogo.noe-sm.com\/medias\/ES172549-008994.pdf?context=bWFzdGVyfG1pZ3JhdGlvbnwzMTkwNjF8YXBwbGljYXRpb24vcGRmfG1pZ3JhdGlvbi9oODIvaDViLzg4MTk2MTA1ODMwNzAucGRmfGVlYjhiMzRlYzFkYzZiYmQ0Y2VkZWEyMmQxMzM3NmRiOWNhNjE2NDI3ZTVkMWNmZmQ1MzQyYzhlN2IwMjVjNjM"},{"id":"2","titulo":"Documentos de texto","url":"https:\/\/catalogo.noe-sm.com\/medias\/ES172549-010762.pdf?context=bWFzdGVyfG1pZ3JhdGlvbnw2MDQ2NTV8YXBwbGljYXRpb24vcGRmfG1pZ3JhdGlvbi9oOTcvaDI2Lzg4MTk2MDEwMTQ4MTQucGRmfDUyMGQ0ZDVhNzMzNjhiOWQ4NzJmZjFmYmI0MzExYTEwNTgwYTg0OGE4OGQzN2IwYTlhNjliZDEwM2M0ZTg0ZDM"}],"descriptivePhrases":[{"type":"General","text":"Els Vallbona, una fam\u00edlia ben ca\u00f2tica, viatjar\u00e0 per un forat negre per viure una aventura esbojarrada al vell Far West!"}],"productSap":"NTX","isbn":"9788466140089","precio_colegios":12.45,"precio_librerias":12.45,"precio_librerias_sin_cobertura":12.45,"precio_distribuidores":12.45,"fecha_disponibilidad":null,"fecha_comercial":"20160204","organizacion_venta":"CS01","datos_para_buscador":"N\u00faria Font i Ferr\u00e9, Los forasteros del tiempo, Enrique Lorenzo Diaz, Josep Sampere i Mart\u00ed, Roberto Santiago, Los forasteros del tiempo, Forasters del temps, "},"yoast_head":"<!-- This site is optimized with the Yoast SEO plugin v26.6 - https:\/\/yoast.com\/wordpress\/plugins\/seo\/ -->\n<title>Els Forasters del temps 1: L&#039;aventura dels Vallbona al Far West - Literatura SM Espa\u00f1a<\/title>\n<meta name=\"robots\" content=\"noindex, follow, max-snippet:-1, max-image-preview:large, max-video-preview:-1\" \/>\n<meta property=\"og:locale\" content=\"es_ES\" \/>\n<meta property=\"og:type\" content=\"article\" \/>\n<meta property=\"og:title\" content=\"Els Forasters del temps 1: L&#039;aventura dels Vallbona al Far West - Literatura SM Espa\u00f1a\" \/>\n<meta property=\"og:url\" content=\"https:\/\/lij.ismeduca.com\/es\/producto\/els-forasters-del-temps-1-laventura-dels-vallbona-al-far-west\/\" \/>\n<meta property=\"og:site_name\" content=\"Literatura SM Espa\u00f1a\" \/>\n<meta property=\"article:modified_time\" content=\"2025-12-23T11:39:52+00:00\" \/>\n<meta name=\"twitter:card\" content=\"summary_large_image\" \/>\n<script type=\"application\/ld+json\" class=\"yoast-schema-graph\">{\"@context\":\"https:\/\/schema.org\",\"@graph\":[{\"@type\":\"WebPage\",\"@id\":\"https:\/\/lij.ismeduca.com\/es\/producto\/els-forasters-del-temps-1-laventura-dels-vallbona-al-far-west\/\",\"url\":\"https:\/\/lij.ismeduca.com\/es\/producto\/els-forasters-del-temps-1-laventura-dels-vallbona-al-far-west\/\",\"name\":\"Els Forasters del temps 1: L'aventura dels Vallbona al Far West - Literatura SM Espa\u00f1a\",\"isPartOf\":{\"@id\":\"https:\/\/lij.ismeduca.com\/es\/#website\"},\"primaryImageOfPage\":{\"@id\":\"https:\/\/lij.ismeduca.com\/es\/producto\/els-forasters-del-temps-1-laventura-dels-vallbona-al-far-west\/#primaryimage\"},\"image\":{\"@id\":\"https:\/\/lij.ismeduca.com\/es\/producto\/els-forasters-del-temps-1-laventura-dels-vallbona-al-far-west\/#primaryimage\"},\"thumbnailUrl\":\"https:\/\/lij.ismeduca.com\/es\/wp-content\/uploads\/sites\/10\/2025\/12\/4186.jpg\",\"datePublished\":\"2024-07-11T10:06:24+00:00\",\"dateModified\":\"2025-12-23T11:39:52+00:00\",\"breadcrumb\":{\"@id\":\"https:\/\/lij.ismeduca.com\/es\/producto\/els-forasters-del-temps-1-laventura-dels-vallbona-al-far-west\/#breadcrumb\"},\"inLanguage\":\"es\",\"potentialAction\":[{\"@type\":\"ReadAction\",\"target\":[\"https:\/\/lij.ismeduca.com\/es\/producto\/els-forasters-del-temps-1-laventura-dels-vallbona-al-far-west\/\"]}]},{\"@type\":\"ImageObject\",\"inLanguage\":\"es\",\"@id\":\"https:\/\/lij.ismeduca.com\/es\/producto\/els-forasters-del-temps-1-laventura-dels-vallbona-al-far-west\/#primaryimage\",\"url\":\"https:\/\/lij.ismeduca.com\/es\/wp-content\/uploads\/sites\/10\/2025\/12\/4186.jpg\",\"contentUrl\":\"https:\/\/lij.ismeduca.com\/es\/wp-content\/uploads\/sites\/10\/2025\/12\/4186.jpg\",\"width\":600,\"height\":842},{\"@type\":\"BreadcrumbList\",\"@id\":\"https:\/\/lij.ismeduca.com\/es\/producto\/els-forasters-del-temps-1-laventura-dels-vallbona-al-far-west\/#breadcrumb\",\"itemListElement\":[{\"@type\":\"ListItem\",\"position\":1,\"name\":\"Portada\",\"item\":\"https:\/\/lij.ismeduca.com\/es\/\"},{\"@type\":\"ListItem\",\"position\":2,\"name\":\"Tienda\",\"item\":\"https:\/\/lij.ismeduca.com\/es\/tienda\/\"},{\"@type\":\"ListItem\",\"position\":3,\"name\":\"Els Forasters del temps 1: L&#8217;aventura dels Vallbona al Far West\"}]},{\"@type\":\"WebSite\",\"@id\":\"https:\/\/lij.ismeduca.com\/es\/#website\",\"url\":\"https:\/\/lij.ismeduca.com\/es\/\",\"name\":\"Literatura SM Espa\u00f1a\",\"description\":\"\",\"publisher\":{\"@id\":\"https:\/\/lij.ismeduca.com\/es\/#organization\"},\"potentialAction\":[{\"@type\":\"SearchAction\",\"target\":{\"@type\":\"EntryPoint\",\"urlTemplate\":\"https:\/\/lij.ismeduca.com\/es\/?s={search_term_string}\"},\"query-input\":{\"@type\":\"PropertyValueSpecification\",\"valueRequired\":true,\"valueName\":\"search_term_string\"}}],\"inLanguage\":\"es\"},{\"@type\":\"Organization\",\"@id\":\"https:\/\/lij.ismeduca.com\/es\/#organization\",\"name\":\"Literatura SM Espa\u00f1a\",\"url\":\"https:\/\/lij.ismeduca.com\/es\/\",\"logo\":{\"@type\":\"ImageObject\",\"inLanguage\":\"es\",\"@id\":\"https:\/\/lij.ismeduca.com\/es\/#\/schema\/logo\/image\/\",\"url\":\"https:\/\/lij.ismeduca.com\/es\/wp-content\/uploads\/sites\/10\/2024\/07\/logo-cabecera.png\",\"contentUrl\":\"https:\/\/lij.ismeduca.com\/es\/wp-content\/uploads\/sites\/10\/2024\/07\/logo-cabecera.png\",\"width\":396,\"height\":64,\"caption\":\"Literatura SM Espa\u00f1a\"},\"image\":{\"@id\":\"https:\/\/lij.ismeduca.com\/es\/#\/schema\/logo\/image\/\"}}]}<\/script>\n<!-- \/ Yoast SEO plugin. -->","yoast_head_json":{"title":"Els Forasters del temps 1: L'aventura dels Vallbona al Far West - Literatura SM Espa\u00f1a","robots":{"index":"noindex","follow":"follow","max-snippet":"max-snippet:-1","max-image-preview":"max-image-preview:large","max-video-preview":"max-video-preview:-1"},"og_locale":"es_ES","og_type":"article","og_title":"Els Forasters del temps 1: L'aventura dels Vallbona al Far West - Literatura SM Espa\u00f1a","og_url":"https:\/\/lij.ismeduca.com\/es\/producto\/els-forasters-del-temps-1-laventura-dels-vallbona-al-far-west\/","og_site_name":"Literatura SM Espa\u00f1a","article_modified_time":"2025-12-23T11:39:52+00:00","twitter_card":"summary_large_image","schema":{"@context":"https:\/\/schema.org","@graph":[{"@type":"WebPage","@id":"https:\/\/lij.ismeduca.com\/es\/producto\/els-forasters-del-temps-1-laventura-dels-vallbona-al-far-west\/","url":"https:\/\/lij.ismeduca.com\/es\/producto\/els-forasters-del-temps-1-laventura-dels-vallbona-al-far-west\/","name":"Els Forasters del temps 1: L'aventura dels Vallbona al Far West - Literatura SM Espa\u00f1a","isPartOf":{"@id":"https:\/\/lij.ismeduca.com\/es\/#website"},"primaryImageOfPage":{"@id":"https:\/\/lij.ismeduca.com\/es\/producto\/els-forasters-del-temps-1-laventura-dels-vallbona-al-far-west\/#primaryimage"},"image":{"@id":"https:\/\/lij.ismeduca.com\/es\/producto\/els-forasters-del-temps-1-laventura-dels-vallbona-al-far-west\/#primaryimage"},"thumbnailUrl":"https:\/\/lij.ismeduca.com\/es\/wp-content\/uploads\/sites\/10\/2025\/12\/4186.jpg","datePublished":"2024-07-11T10:06:24+00:00","dateModified":"2025-12-23T11:39:52+00:00","breadcrumb":{"@id":"https:\/\/lij.ismeduca.com\/es\/producto\/els-forasters-del-temps-1-laventura-dels-vallbona-al-far-west\/#breadcrumb"},"inLanguage":"es","potentialAction":[{"@type":"ReadAction","target":["https:\/\/lij.ismeduca.com\/es\/producto\/els-forasters-del-temps-1-laventura-dels-vallbona-al-far-west\/"]}]},{"@type":"ImageObject","inLanguage":"es","@id":"https:\/\/lij.ismeduca.com\/es\/producto\/els-forasters-del-temps-1-laventura-dels-vallbona-al-far-west\/#primaryimage","url":"https:\/\/lij.ismeduca.com\/es\/wp-content\/uploads\/sites\/10\/2025\/12\/4186.jpg","contentUrl":"https:\/\/lij.ismeduca.com\/es\/wp-content\/uploads\/sites\/10\/2025\/12\/4186.jpg","width":600,"height":842},{"@type":"BreadcrumbList","@id":"https:\/\/lij.ismeduca.com\/es\/producto\/els-forasters-del-temps-1-laventura-dels-vallbona-al-far-west\/#breadcrumb","itemListElement":[{"@type":"ListItem","position":1,"name":"Portada","item":"https:\/\/lij.ismeduca.com\/es\/"},{"@type":"ListItem","position":2,"name":"Tienda","item":"https:\/\/lij.ismeduca.com\/es\/tienda\/"},{"@type":"ListItem","position":3,"name":"Els Forasters del temps 1: L&#8217;aventura dels Vallbona al Far West"}]},{"@type":"WebSite","@id":"https:\/\/lij.ismeduca.com\/es\/#website","url":"https:\/\/lij.ismeduca.com\/es\/","name":"Literatura SM Espa\u00f1a","description":"","publisher":{"@id":"https:\/\/lij.ismeduca.com\/es\/#organization"},"potentialAction":[{"@type":"SearchAction","target":{"@type":"EntryPoint","urlTemplate":"https:\/\/lij.ismeduca.com\/es\/?s={search_term_string}"},"query-input":{"@type":"PropertyValueSpecification","valueRequired":true,"valueName":"search_term_string"}}],"inLanguage":"es"},{"@type":"Organization","@id":"https:\/\/lij.ismeduca.com\/es\/#organization","name":"Literatura SM Espa\u00f1a","url":"https:\/\/lij.ismeduca.com\/es\/","logo":{"@type":"ImageObject","inLanguage":"es","@id":"https:\/\/lij.ismeduca.com\/es\/#\/schema\/logo\/image\/","url":"https:\/\/lij.ismeduca.com\/es\/wp-content\/uploads\/sites\/10\/2024\/07\/logo-cabecera.png","contentUrl":"https:\/\/lij.ismeduca.com\/es\/wp-content\/uploads\/sites\/10\/2024\/07\/logo-cabecera.png","width":396,"height":64,"caption":"Literatura SM Espa\u00f1a"},"image":{"@id":"https:\/\/lij.ismeduca.com\/es\/#\/schema\/logo\/image\/"}}]}},"_links":{"self":[{"href":"https:\/\/lij.ismeduca.com\/es\/wp-json\/wp\/v2\/product\/4186","targetHints":{"allow":["GET"]}}],"collection":[{"href":"https:\/\/lij.ismeduca.com\/es\/wp-json\/wp\/v2\/product"}],"about":[{"href":"https:\/\/lij.ismeduca.com\/es\/wp-json\/wp\/v2\/types\/product"}],"version-history":[{"count":1,"href":"https:\/\/lij.ismeduca.com\/es\/wp-json\/wp\/v2\/product\/4186\/revisions"}],"predecessor-version":[{"id":30625,"href":"https:\/\/lij.ismeduca.com\/es\/wp-json\/wp\/v2\/product\/4186\/revisions\/30625"}],"wp:featuredmedia":[{"embeddable":true,"href":"https:\/\/lij.ismeduca.com\/es\/wp-json\/wp\/v2\/media\/36365"}],"wp:attachment":[{"href":"https:\/\/lij.ismeduca.com\/es\/wp-json\/wp\/v2\/media?parent=4186"}],"wp:term":[{"taxonomy":"product_brand","embeddable":true,"href":"https:\/\/lij.ismeduca.com\/es\/wp-json\/wp\/v2\/product_brand?post=4186"},{"taxonomy":"product_cat","embeddable":true,"href":"https:\/\/lij.ismeduca.com\/es\/wp-json\/wp\/v2\/product_cat?post=4186"},{"taxonomy":"product_tag","embeddable":true,"href":"https:\/\/lij.ismeduca.com\/es\/wp-json\/wp\/v2\/product_tag?post=4186"},{"taxonomy":"asignatura","embeddable":true,"href":"https:\/\/lij.ismeduca.com\/es\/wp-json\/wp\/v2\/asignatura?post=4186"},{"taxonomy":"compania","embeddable":true,"href":"https:\/\/lij.ismeduca.com\/es\/wp-json\/wp\/v2\/compania?post=4186"},{"taxonomy":"curso","embeddable":true,"href":"https:\/\/lij.ismeduca.com\/es\/wp-json\/wp\/v2\/curso?post=4186"},{"taxonomy":"idiomas","embeddable":true,"href":"https:\/\/lij.ismeduca.com\/es\/wp-json\/wp\/v2\/idiomas?post=4186"},{"taxonomy":"genero","embeddable":true,"href":"https:\/\/lij.ismeduca.com\/es\/wp-json\/wp\/v2\/genero?post=4186"},{"taxonomy":"linea","embeddable":true,"href":"https:\/\/lij.ismeduca.com\/es\/wp-json\/wp\/v2\/linea?post=4186"},{"taxonomy":"premio","embeddable":true,"href":"https:\/\/lij.ismeduca.com\/es\/wp-json\/wp\/v2\/premio?post=4186"},{"taxonomy":"proyecto-editorial","embeddable":true,"href":"https:\/\/lij.ismeduca.com\/es\/wp-json\/wp\/v2\/proyecto-editorial?post=4186"},{"taxonomy":"tipo-de-libro","embeddable":true,"href":"https:\/\/lij.ismeduca.com\/es\/wp-json\/wp\/v2\/tipo-de-libro?post=4186"},{"taxonomy":"soporte","embeddable":true,"href":"https:\/\/lij.ismeduca.com\/es\/wp-json\/wp\/v2\/soporte?post=4186"},{"taxonomy":"zona-geografica","embeddable":true,"href":"https:\/\/lij.ismeduca.com\/es\/wp-json\/wp\/v2\/zona-geografica?post=4186"},{"taxonomy":"autores","embeddable":true,"href":"https:\/\/lij.ismeduca.com\/es\/wp-json\/wp\/v2\/autores?post=4186"},{"taxonomy":"colecciones","embeddable":true,"href":"https:\/\/lij.ismeduca.com\/es\/wp-json\/wp\/v2\/colecciones?post=4186"},{"taxonomy":"personajes","embeddable":true,"href":"https:\/\/lij.ismeduca.com\/es\/wp-json\/wp\/v2\/personajes?post=4186"}],"curies":[{"name":"wp","href":"https:\/\/api.w.org\/{rel}","templated":true}]}}