{"id":4192,"date":"2022-08-25T00:00:00","date_gmt":"2024-07-11T10:06:27","guid":{"rendered":"https:\/\/lij.ismeduca.com\/tienda\/?post_type=product&#038;p=4192"},"modified":"2025-12-23T12:55:03","modified_gmt":"2025-12-23T11:55:03","slug":"los-forasteros-del-tiempo-14-la-aventura-de-los-balbuena-en-la-isla-de-los-gigantes","status":"publish","type":"product","link":"https:\/\/lij.ismeduca.com\/es\/producto\/los-forasteros-del-tiempo-14-la-aventura-de-los-balbuena-en-la-isla-de-los-gigantes\/","title":{"rendered":"Los Forasteros del Tiempo 14: La aventura de los Balbuena en la isla de los gigantes"},"content":{"rendered":"","protected":false},"excerpt":{"rendered":"<p>Despu\u00e9s de trece viajes por distintas \u00e9pocas y lugares de la Historia, ahora los Balbuena se enfrentan al reto definitivo. Acaban de aterrizar en la m\u00edtica isla de Pascua, m\u00e1s conocida como Rapa Nui. Est\u00e1n en el a\u00f1o 1300, cuando los occidentales a\u00fan no hab\u00edan pisado estas tierras. Nada m\u00e1s llegar,&nbsp;tendr\u00e1n que colaborar en la construcci\u00f3n de un monumental moai. Y de remate, les obligan a participar en una competici\u00f3n legendaria: El Hombre P\u00e1jaro. Un ritual en honor del dios creador Make-Make en el que se elige al nuevo jefe tribal y en el que pondr\u00e1n a prueba todos sus conocimientos si quieren sobrevivir. Adem\u00e1s, en la isla descubrir\u00e1n una planta milagrosa, la Rapa Vera, capaz de curar cualquier enfermedad. Tal vez este sea el verdadero motivo de su viaje. Muy pronto lo averiguar\u00e1n.<\/p>\n<p>&nbsp;<\/p>\n<p>&nbsp;<\/p>\n","protected":false},"featured_media":36366,"template":"","meta":{"_acf_changed":false,"inline_featured_image":false},"product_brand":[],"product_cat":[4731],"product_tag":[268,1469,961,311,1470,2058,1467,1468,671,826],"asignatura":[],"compania":[252],"curso":[],"idiomas":[1948],"genero":[314],"linea":[250],"premio":[],"proyecto-editorial":[323],"tipo-de-libro":[249],"soporte":[2004],"zona-geografica":[],"autores":[4284,3979,4216],"colecciones":[2289],"personajes":[],"class_list":{"0":"post-4192","1":"product","2":"type-product","3":"status-publish","4":"has-post-thumbnail","6":"product_cat-los-forasteros-del-tiempo","7":"product_tag-amistad","8":"product_tag-descubrimiento-de-america-1492","9":"product_tag-esclavitud","10":"product_tag-familia","11":"product_tag-nacimiento-de-jesus","12":"product_tag-ntx","13":"product_tag-penicilina","14":"product_tag-surf","15":"product_tag-terremotos","16":"product_tag-viajes-en-el-tiempo","17":"pa_codigo-sap-ntx","18":"compania-f-sta-maria-ediciones-sm-es","19":"idiomas-espanol","20":"genero-aventura","21":"linea-narrativa","22":"proyecto-editorial-6-12","23":"tipo-de-libro-fisico","24":"soporte-libro","25":"autores-berta-marquez","26":"autores-guillermo-esteban-bustos","27":"autores-roberto-santiago","28":"colecciones-los-forasteros-del-tiempo","30":"first","31":"instock","32":"taxable","33":"shipping-taxable","34":"purchasable","35":"product-type-simple"},"acf":{"id_catalogo":"650","shortTitle":"FDT.14 LA AVENTURA DE LOS BALBUENA EN ","descripcion":"<p>Despu\u00e9s de trece viajes por distintas \u00e9pocas y lugares de la Historia, ahora los Balbuena se enfrentan al reto definitivo. Acaban de aterrizar en la m\u00edtica isla de Pascua, m\u00e1s conocida como Rapa Nui. Est\u00e1n en el a\u00f1o 1300, cuando los occidentales a\u00fan no hab\u00edan pisado estas tierras. Nada m\u00e1s llegar,&nbsp;tendr\u00e1n que colaborar en la construcci\u00f3n de un monumental moai. Y de remate, les obligan a participar en una competici\u00f3n legendaria: El Hombre P\u00e1jaro. Un ritual en honor del dios creador Make-Make en el que se elige al nuevo jefe tribal y en el que pondr\u00e1n a prueba todos sus conocimientos si quieren sobrevivir. Adem\u00e1s, en la isla descubrir\u00e1n una planta milagrosa, la Rapa Vera, capaz de curar cualquier enfermedad. Tal vez este sea el verdadero motivo de su viaje. Muy pronto lo averiguar\u00e1n.<\/p>\n<p>&nbsp;<\/p>\n<p>&nbsp;<\/p>","adjuntos":null,"descriptivePhrases":[{"type":"General","text":"Una nueva aventura de los Balbuena y sus vecinas, esta vez en la m\u00edtica Rapa Nui, \u00bfqu\u00e9 les deparar\u00e1 en esta isla?"}],"productSap":"NTX","isbn":"9788411206273","precio_colegios":12.45,"precio_librerias":12.45,"precio_librerias_sin_cobertura":12.45,"precio_distribuidores":12.45,"fecha_disponibilidad":null,"fecha_comercial":"20220825","organizacion_venta":"CS01","datos_para_buscador":"Guillermo Esteban Bustos, Berta M\u00e1rquez, Roberto Santiago, Los Forasteros del Tiempo, "},"yoast_head":"<!-- This site is optimized with the Yoast SEO plugin v26.6 - https:\/\/yoast.com\/wordpress\/plugins\/seo\/ -->\n<title>Los Forasteros del Tiempo 14: La aventura de los Balbuena en la isla de los gigantes - Literatura SM Espa\u00f1a<\/title>\n<meta name=\"robots\" content=\"noindex, follow, max-snippet:-1, max-image-preview:large, max-video-preview:-1\" \/>\n<meta property=\"og:locale\" content=\"es_ES\" \/>\n<meta property=\"og:type\" content=\"article\" \/>\n<meta property=\"og:title\" content=\"Los Forasteros del Tiempo 14: La aventura de los Balbuena en la isla de los gigantes - Literatura SM Espa\u00f1a\" \/>\n<meta property=\"og:url\" content=\"https:\/\/lij.ismeduca.com\/es\/producto\/los-forasteros-del-tiempo-14-la-aventura-de-los-balbuena-en-la-isla-de-los-gigantes\/\" \/>\n<meta property=\"og:site_name\" content=\"Literatura SM Espa\u00f1a\" \/>\n<meta property=\"article:modified_time\" content=\"2025-12-23T11:55:03+00:00\" \/>\n<meta name=\"twitter:card\" content=\"summary_large_image\" \/>\n<script type=\"application\/ld+json\" class=\"yoast-schema-graph\">{\"@context\":\"https:\/\/schema.org\",\"@graph\":[{\"@type\":\"WebPage\",\"@id\":\"https:\/\/lij.ismeduca.com\/es\/producto\/los-forasteros-del-tiempo-14-la-aventura-de-los-balbuena-en-la-isla-de-los-gigantes\/\",\"url\":\"https:\/\/lij.ismeduca.com\/es\/producto\/los-forasteros-del-tiempo-14-la-aventura-de-los-balbuena-en-la-isla-de-los-gigantes\/\",\"name\":\"Los Forasteros del Tiempo 14: La aventura de los Balbuena en la isla de los gigantes - Literatura SM Espa\u00f1a\",\"isPartOf\":{\"@id\":\"https:\/\/lij.ismeduca.com\/es\/#website\"},\"primaryImageOfPage\":{\"@id\":\"https:\/\/lij.ismeduca.com\/es\/producto\/los-forasteros-del-tiempo-14-la-aventura-de-los-balbuena-en-la-isla-de-los-gigantes\/#primaryimage\"},\"image\":{\"@id\":\"https:\/\/lij.ismeduca.com\/es\/producto\/los-forasteros-del-tiempo-14-la-aventura-de-los-balbuena-en-la-isla-de-los-gigantes\/#primaryimage\"},\"thumbnailUrl\":\"https:\/\/lij.ismeduca.com\/es\/wp-content\/uploads\/sites\/10\/2025\/12\/4192.jpg\",\"datePublished\":\"2024-07-11T10:06:27+00:00\",\"dateModified\":\"2025-12-23T11:55:03+00:00\",\"breadcrumb\":{\"@id\":\"https:\/\/lij.ismeduca.com\/es\/producto\/los-forasteros-del-tiempo-14-la-aventura-de-los-balbuena-en-la-isla-de-los-gigantes\/#breadcrumb\"},\"inLanguage\":\"es\",\"potentialAction\":[{\"@type\":\"ReadAction\",\"target\":[\"https:\/\/lij.ismeduca.com\/es\/producto\/los-forasteros-del-tiempo-14-la-aventura-de-los-balbuena-en-la-isla-de-los-gigantes\/\"]}]},{\"@type\":\"ImageObject\",\"inLanguage\":\"es\",\"@id\":\"https:\/\/lij.ismeduca.com\/es\/producto\/los-forasteros-del-tiempo-14-la-aventura-de-los-balbuena-en-la-isla-de-los-gigantes\/#primaryimage\",\"url\":\"https:\/\/lij.ismeduca.com\/es\/wp-content\/uploads\/sites\/10\/2025\/12\/4192.jpg\",\"contentUrl\":\"https:\/\/lij.ismeduca.com\/es\/wp-content\/uploads\/sites\/10\/2025\/12\/4192.jpg\",\"width\":600,\"height\":870},{\"@type\":\"BreadcrumbList\",\"@id\":\"https:\/\/lij.ismeduca.com\/es\/producto\/los-forasteros-del-tiempo-14-la-aventura-de-los-balbuena-en-la-isla-de-los-gigantes\/#breadcrumb\",\"itemListElement\":[{\"@type\":\"ListItem\",\"position\":1,\"name\":\"Portada\",\"item\":\"https:\/\/lij.ismeduca.com\/es\/\"},{\"@type\":\"ListItem\",\"position\":2,\"name\":\"Tienda\",\"item\":\"https:\/\/lij.ismeduca.com\/es\/tienda\/\"},{\"@type\":\"ListItem\",\"position\":3,\"name\":\"Los Forasteros del Tiempo 14: La aventura de los Balbuena en la isla de los gigantes\"}]},{\"@type\":\"WebSite\",\"@id\":\"https:\/\/lij.ismeduca.com\/es\/#website\",\"url\":\"https:\/\/lij.ismeduca.com\/es\/\",\"name\":\"Literatura SM Espa\u00f1a\",\"description\":\"\",\"publisher\":{\"@id\":\"https:\/\/lij.ismeduca.com\/es\/#organization\"},\"potentialAction\":[{\"@type\":\"SearchAction\",\"target\":{\"@type\":\"EntryPoint\",\"urlTemplate\":\"https:\/\/lij.ismeduca.com\/es\/?s={search_term_string}\"},\"query-input\":{\"@type\":\"PropertyValueSpecification\",\"valueRequired\":true,\"valueName\":\"search_term_string\"}}],\"inLanguage\":\"es\"},{\"@type\":\"Organization\",\"@id\":\"https:\/\/lij.ismeduca.com\/es\/#organization\",\"name\":\"Literatura SM Espa\u00f1a\",\"url\":\"https:\/\/lij.ismeduca.com\/es\/\",\"logo\":{\"@type\":\"ImageObject\",\"inLanguage\":\"es\",\"@id\":\"https:\/\/lij.ismeduca.com\/es\/#\/schema\/logo\/image\/\",\"url\":\"https:\/\/lij.ismeduca.com\/es\/wp-content\/uploads\/sites\/10\/2024\/07\/logo-cabecera.png\",\"contentUrl\":\"https:\/\/lij.ismeduca.com\/es\/wp-content\/uploads\/sites\/10\/2024\/07\/logo-cabecera.png\",\"width\":396,\"height\":64,\"caption\":\"Literatura SM Espa\u00f1a\"},\"image\":{\"@id\":\"https:\/\/lij.ismeduca.com\/es\/#\/schema\/logo\/image\/\"}}]}<\/script>\n<!-- \/ Yoast SEO plugin. -->","yoast_head_json":{"title":"Los Forasteros del Tiempo 14: La aventura de los Balbuena en la isla de los gigantes - Literatura SM Espa\u00f1a","robots":{"index":"noindex","follow":"follow","max-snippet":"max-snippet:-1","max-image-preview":"max-image-preview:large","max-video-preview":"max-video-preview:-1"},"og_locale":"es_ES","og_type":"article","og_title":"Los Forasteros del Tiempo 14: La aventura de los Balbuena en la isla de los gigantes - Literatura SM Espa\u00f1a","og_url":"https:\/\/lij.ismeduca.com\/es\/producto\/los-forasteros-del-tiempo-14-la-aventura-de-los-balbuena-en-la-isla-de-los-gigantes\/","og_site_name":"Literatura SM Espa\u00f1a","article_modified_time":"2025-12-23T11:55:03+00:00","twitter_card":"summary_large_image","schema":{"@context":"https:\/\/schema.org","@graph":[{"@type":"WebPage","@id":"https:\/\/lij.ismeduca.com\/es\/producto\/los-forasteros-del-tiempo-14-la-aventura-de-los-balbuena-en-la-isla-de-los-gigantes\/","url":"https:\/\/lij.ismeduca.com\/es\/producto\/los-forasteros-del-tiempo-14-la-aventura-de-los-balbuena-en-la-isla-de-los-gigantes\/","name":"Los Forasteros del Tiempo 14: La aventura de los Balbuena en la isla de los gigantes - Literatura SM Espa\u00f1a","isPartOf":{"@id":"https:\/\/lij.ismeduca.com\/es\/#website"},"primaryImageOfPage":{"@id":"https:\/\/lij.ismeduca.com\/es\/producto\/los-forasteros-del-tiempo-14-la-aventura-de-los-balbuena-en-la-isla-de-los-gigantes\/#primaryimage"},"image":{"@id":"https:\/\/lij.ismeduca.com\/es\/producto\/los-forasteros-del-tiempo-14-la-aventura-de-los-balbuena-en-la-isla-de-los-gigantes\/#primaryimage"},"thumbnailUrl":"https:\/\/lij.ismeduca.com\/es\/wp-content\/uploads\/sites\/10\/2025\/12\/4192.jpg","datePublished":"2024-07-11T10:06:27+00:00","dateModified":"2025-12-23T11:55:03+00:00","breadcrumb":{"@id":"https:\/\/lij.ismeduca.com\/es\/producto\/los-forasteros-del-tiempo-14-la-aventura-de-los-balbuena-en-la-isla-de-los-gigantes\/#breadcrumb"},"inLanguage":"es","potentialAction":[{"@type":"ReadAction","target":["https:\/\/lij.ismeduca.com\/es\/producto\/los-forasteros-del-tiempo-14-la-aventura-de-los-balbuena-en-la-isla-de-los-gigantes\/"]}]},{"@type":"ImageObject","inLanguage":"es","@id":"https:\/\/lij.ismeduca.com\/es\/producto\/los-forasteros-del-tiempo-14-la-aventura-de-los-balbuena-en-la-isla-de-los-gigantes\/#primaryimage","url":"https:\/\/lij.ismeduca.com\/es\/wp-content\/uploads\/sites\/10\/2025\/12\/4192.jpg","contentUrl":"https:\/\/lij.ismeduca.com\/es\/wp-content\/uploads\/sites\/10\/2025\/12\/4192.jpg","width":600,"height":870},{"@type":"BreadcrumbList","@id":"https:\/\/lij.ismeduca.com\/es\/producto\/los-forasteros-del-tiempo-14-la-aventura-de-los-balbuena-en-la-isla-de-los-gigantes\/#breadcrumb","itemListElement":[{"@type":"ListItem","position":1,"name":"Portada","item":"https:\/\/lij.ismeduca.com\/es\/"},{"@type":"ListItem","position":2,"name":"Tienda","item":"https:\/\/lij.ismeduca.com\/es\/tienda\/"},{"@type":"ListItem","position":3,"name":"Los Forasteros del Tiempo 14: La aventura de los Balbuena en la isla de los gigantes"}]},{"@type":"WebSite","@id":"https:\/\/lij.ismeduca.com\/es\/#website","url":"https:\/\/lij.ismeduca.com\/es\/","name":"Literatura SM Espa\u00f1a","description":"","publisher":{"@id":"https:\/\/lij.ismeduca.com\/es\/#organization"},"potentialAction":[{"@type":"SearchAction","target":{"@type":"EntryPoint","urlTemplate":"https:\/\/lij.ismeduca.com\/es\/?s={search_term_string}"},"query-input":{"@type":"PropertyValueSpecification","valueRequired":true,"valueName":"search_term_string"}}],"inLanguage":"es"},{"@type":"Organization","@id":"https:\/\/lij.ismeduca.com\/es\/#organization","name":"Literatura SM Espa\u00f1a","url":"https:\/\/lij.ismeduca.com\/es\/","logo":{"@type":"ImageObject","inLanguage":"es","@id":"https:\/\/lij.ismeduca.com\/es\/#\/schema\/logo\/image\/","url":"https:\/\/lij.ismeduca.com\/es\/wp-content\/uploads\/sites\/10\/2024\/07\/logo-cabecera.png","contentUrl":"https:\/\/lij.ismeduca.com\/es\/wp-content\/uploads\/sites\/10\/2024\/07\/logo-cabecera.png","width":396,"height":64,"caption":"Literatura SM Espa\u00f1a"},"image":{"@id":"https:\/\/lij.ismeduca.com\/es\/#\/schema\/logo\/image\/"}}]}},"_links":{"self":[{"href":"https:\/\/lij.ismeduca.com\/es\/wp-json\/wp\/v2\/product\/4192","targetHints":{"allow":["GET"]}}],"collection":[{"href":"https:\/\/lij.ismeduca.com\/es\/wp-json\/wp\/v2\/product"}],"about":[{"href":"https:\/\/lij.ismeduca.com\/es\/wp-json\/wp\/v2\/types\/product"}],"version-history":[{"count":1,"href":"https:\/\/lij.ismeduca.com\/es\/wp-json\/wp\/v2\/product\/4192\/revisions"}],"predecessor-version":[{"id":30633,"href":"https:\/\/lij.ismeduca.com\/es\/wp-json\/wp\/v2\/product\/4192\/revisions\/30633"}],"wp:featuredmedia":[{"embeddable":true,"href":"https:\/\/lij.ismeduca.com\/es\/wp-json\/wp\/v2\/media\/36366"}],"wp:attachment":[{"href":"https:\/\/lij.ismeduca.com\/es\/wp-json\/wp\/v2\/media?parent=4192"}],"wp:term":[{"taxonomy":"product_brand","embeddable":true,"href":"https:\/\/lij.ismeduca.com\/es\/wp-json\/wp\/v2\/product_brand?post=4192"},{"taxonomy":"product_cat","embeddable":true,"href":"https:\/\/lij.ismeduca.com\/es\/wp-json\/wp\/v2\/product_cat?post=4192"},{"taxonomy":"product_tag","embeddable":true,"href":"https:\/\/lij.ismeduca.com\/es\/wp-json\/wp\/v2\/product_tag?post=4192"},{"taxonomy":"asignatura","embeddable":true,"href":"https:\/\/lij.ismeduca.com\/es\/wp-json\/wp\/v2\/asignatura?post=4192"},{"taxonomy":"compania","embeddable":true,"href":"https:\/\/lij.ismeduca.com\/es\/wp-json\/wp\/v2\/compania?post=4192"},{"taxonomy":"curso","embeddable":true,"href":"https:\/\/lij.ismeduca.com\/es\/wp-json\/wp\/v2\/curso?post=4192"},{"taxonomy":"idiomas","embeddable":true,"href":"https:\/\/lij.ismeduca.com\/es\/wp-json\/wp\/v2\/idiomas?post=4192"},{"taxonomy":"genero","embeddable":true,"href":"https:\/\/lij.ismeduca.com\/es\/wp-json\/wp\/v2\/genero?post=4192"},{"taxonomy":"linea","embeddable":true,"href":"https:\/\/lij.ismeduca.com\/es\/wp-json\/wp\/v2\/linea?post=4192"},{"taxonomy":"premio","embeddable":true,"href":"https:\/\/lij.ismeduca.com\/es\/wp-json\/wp\/v2\/premio?post=4192"},{"taxonomy":"proyecto-editorial","embeddable":true,"href":"https:\/\/lij.ismeduca.com\/es\/wp-json\/wp\/v2\/proyecto-editorial?post=4192"},{"taxonomy":"tipo-de-libro","embeddable":true,"href":"https:\/\/lij.ismeduca.com\/es\/wp-json\/wp\/v2\/tipo-de-libro?post=4192"},{"taxonomy":"soporte","embeddable":true,"href":"https:\/\/lij.ismeduca.com\/es\/wp-json\/wp\/v2\/soporte?post=4192"},{"taxonomy":"zona-geografica","embeddable":true,"href":"https:\/\/lij.ismeduca.com\/es\/wp-json\/wp\/v2\/zona-geografica?post=4192"},{"taxonomy":"autores","embeddable":true,"href":"https:\/\/lij.ismeduca.com\/es\/wp-json\/wp\/v2\/autores?post=4192"},{"taxonomy":"colecciones","embeddable":true,"href":"https:\/\/lij.ismeduca.com\/es\/wp-json\/wp\/v2\/colecciones?post=4192"},{"taxonomy":"personajes","embeddable":true,"href":"https:\/\/lij.ismeduca.com\/es\/wp-json\/wp\/v2\/personajes?post=4192"}],"curies":[{"name":"wp","href":"https:\/\/api.w.org\/{rel}","templated":true}]}}