{"id":4193,"date":"2022-06-09T00:00:00","date_gmt":"2024-07-11T10:06:28","guid":{"rendered":"https:\/\/lij.ismeduca.com\/tienda\/?post_type=product&#038;p=4193"},"modified":"2025-12-23T12:57:56","modified_gmt":"2025-12-23T11:57:56","slug":"os-forasteiros-do-tempo-1-a-aventura-dos-balbuena-no-afastado-oeste","status":"publish","type":"product","link":"https:\/\/lij.ismeduca.com\/es\/producto\/os-forasteiros-do-tempo-1-a-aventura-dos-balbuena-no-afastado-oeste\/","title":{"rendered":"Os Forasteiros do Tempo 1. A aventura dos Balbuena no afastado Oeste"},"content":{"rendered":"","protected":false},"excerpt":{"rendered":"<p>Todo encomezou un d\u00eda normal e corrente. Foramos mercar unhas bicis. O meu pai, os meus dous irm\u00e1ns, a mi\u00f1a veci\u00f1a Mari Carmen, a s\u00faa filla Mar\u00eda e mais eu. Estabamos no medio do aparcadoiro, montados nas nosas bicis, cando de s\u00fapeto aconteceu. Un ru\u00eddo no ceo, un tremendo resplandor branco, un raio que cae, e de pronto\u2026 estabamos en Black Rock, na cerna do salvaxe Oeste. A aventura acababa de empezar.<\/p>\n","protected":false},"featured_media":36397,"template":"","meta":{"_acf_changed":false,"inline_featured_image":false},"product_brand":[],"product_cat":[4731],"product_tag":[1451,268,1396,961,478,298,2058,704,826,346],"asignatura":[],"compania":[1016],"curso":[],"idiomas":[1949],"genero":[314],"linea":[250],"premio":[],"proyecto-editorial":[323],"tipo-de-libro":[249],"soporte":[2004],"zona-geografica":[],"autores":[4446,4543,3387,4216],"colecciones":[2289],"personajes":[],"class_list":{"0":"post-4193","1":"product","2":"type-product","3":"status-publish","4":"has-post-thumbnail","6":"product_cat-los-forasteros-del-tiempo","7":"product_tag-america-del-norte","8":"product_tag-amistad","9":"product_tag-conquista-y-colonizacion-de-america","10":"product_tag-esclavitud","11":"product_tag-literatura-fantastica","12":"product_tag-literatura-infantil","13":"product_tag-ntx","14":"product_tag-primer-amor","15":"product_tag-viajes-en-el-tiempo","16":"product_tag-vida-familiar","17":"pa_codigo-sap-ntx","18":"compania-xerme-edicions-s-l-es","19":"idiomas-gallego","20":"genero-aventura","21":"linea-narrativa","22":"proyecto-editorial-6-12","23":"tipo-de-libro-fisico","24":"soporte-libro","25":"autores-enrique-lorenzo-diaz","26":"autores-iria-torres-garcia","27":"autores-isabel-soto","28":"autores-roberto-santiago","29":"colecciones-los-forasteros-del-tiempo","31":"first","32":"instock","33":"taxable","34":"shipping-taxable","35":"purchasable","36":"product-type-simple"},"acf":{"id_catalogo":"650","shortTitle":"FDT.1 A AVENTURA DOS BALBUENA NO AFASTAD","descripcion":"<p>Todo encomezou un d\u00eda normal e corrente. Foramos mercar unhas bicis. O meu pai, os meus dous irm\u00e1ns, a mi\u00f1a veci\u00f1a Mari Carmen, a s\u00faa filla Mar\u00eda e mais eu. Estabamos no medio do aparcadoiro, montados nas nosas bicis, cando de s\u00fapeto aconteceu. Un ru\u00eddo no ceo, un tremendo resplandor branco, un raio que cae, e de pronto\u2026 estabamos en Black Rock, na cerna do salvaxe Oeste. A aventura acababa de empezar.<\/p>","adjuntos":[{"id":"21","titulo":"Ficha del profesor","url":"https:\/\/catalogo.noe-sm.com\/medias\/209767-recur-001-001-pro.pdf?context=bWFzdGVyfHJvb3R8Nzc3MzkzfGFwcGxpY2F0aW9uL3BkZnxoYzQvaGE4Lzg5NjA4NTUxMTM3NTgucGRmfDg1MGU5OGJlM2VhN2I2NjUxMDJmMzFjZTcyYTM1Y2MyZDVjNDE5MTFiOTJhYTZjYmEwNDJiZThkYTYyMTUxZWE"},{"id":"20","titulo":"Ficha del alumno","url":"https:\/\/catalogo.noe-sm.com\/medias\/209767-recur-001-004-alu-savia.pdf?context=bWFzdGVyfHJvb3R8MjUzMDg0MnxhcHBsaWNhdGlvbi9wZGZ8aGVjL2g4OS84OTkyNzI3NDMzMjQ2LnBkZnw5ZTE5MTBkMmRjZjQxN2Q1MjBkYWNlNzNlZThjMzZjZTU4ZDQ5YmFkNTFmOTA5ZGI1ZmI5MzMxZDhkMTc0NmY0"}],"descriptivePhrases":[{"type":"General","text":"Unha familia de Moratalaz, un burato negro e todo o tempo do mundo para viaxar por \u00e9l."}],"productSap":"NTX","isbn":"9788498548648","precio_colegios":12.45,"precio_librerias":12.45,"precio_librerias_sin_cobertura":12.45,"precio_distribuidores":12.45,"fecha_disponibilidad":null,"fecha_comercial":"20220609","organizacion_venta":"CS01","datos_para_buscador":"Enrique Lorenzo Diaz, Isabel Soto, Iria Torres Garc\u00eda, Roberto Santiago, Los Forasteros del Tiempo, "},"yoast_head":"<!-- This site is optimized with the Yoast SEO plugin v26.6 - https:\/\/yoast.com\/wordpress\/plugins\/seo\/ -->\n<title>Os Forasteiros do Tempo 1. A aventura dos Balbuena no afastado Oeste - Literatura SM Espa\u00f1a<\/title>\n<meta name=\"robots\" content=\"noindex, follow, max-snippet:-1, max-image-preview:large, max-video-preview:-1\" \/>\n<meta property=\"og:locale\" content=\"es_ES\" \/>\n<meta property=\"og:type\" content=\"article\" \/>\n<meta property=\"og:title\" content=\"Os Forasteiros do Tempo 1. A aventura dos Balbuena no afastado Oeste - Literatura SM Espa\u00f1a\" \/>\n<meta property=\"og:url\" content=\"https:\/\/lij.ismeduca.com\/es\/producto\/os-forasteiros-do-tempo-1-a-aventura-dos-balbuena-no-afastado-oeste\/\" \/>\n<meta property=\"og:site_name\" content=\"Literatura SM Espa\u00f1a\" \/>\n<meta property=\"article:modified_time\" content=\"2025-12-23T11:57:56+00:00\" \/>\n<meta name=\"twitter:card\" content=\"summary_large_image\" \/>\n<script type=\"application\/ld+json\" class=\"yoast-schema-graph\">{\"@context\":\"https:\/\/schema.org\",\"@graph\":[{\"@type\":\"WebPage\",\"@id\":\"https:\/\/lij.ismeduca.com\/es\/producto\/os-forasteiros-do-tempo-1-a-aventura-dos-balbuena-no-afastado-oeste\/\",\"url\":\"https:\/\/lij.ismeduca.com\/es\/producto\/os-forasteiros-do-tempo-1-a-aventura-dos-balbuena-no-afastado-oeste\/\",\"name\":\"Os Forasteiros do Tempo 1. A aventura dos Balbuena no afastado Oeste - Literatura SM Espa\u00f1a\",\"isPartOf\":{\"@id\":\"https:\/\/lij.ismeduca.com\/es\/#website\"},\"primaryImageOfPage\":{\"@id\":\"https:\/\/lij.ismeduca.com\/es\/producto\/os-forasteiros-do-tempo-1-a-aventura-dos-balbuena-no-afastado-oeste\/#primaryimage\"},\"image\":{\"@id\":\"https:\/\/lij.ismeduca.com\/es\/producto\/os-forasteiros-do-tempo-1-a-aventura-dos-balbuena-no-afastado-oeste\/#primaryimage\"},\"thumbnailUrl\":\"https:\/\/lij.ismeduca.com\/es\/wp-content\/uploads\/sites\/10\/2025\/12\/4193.jpg\",\"datePublished\":\"2024-07-11T10:06:28+00:00\",\"dateModified\":\"2025-12-23T11:57:56+00:00\",\"breadcrumb\":{\"@id\":\"https:\/\/lij.ismeduca.com\/es\/producto\/os-forasteiros-do-tempo-1-a-aventura-dos-balbuena-no-afastado-oeste\/#breadcrumb\"},\"inLanguage\":\"es\",\"potentialAction\":[{\"@type\":\"ReadAction\",\"target\":[\"https:\/\/lij.ismeduca.com\/es\/producto\/os-forasteiros-do-tempo-1-a-aventura-dos-balbuena-no-afastado-oeste\/\"]}]},{\"@type\":\"ImageObject\",\"inLanguage\":\"es\",\"@id\":\"https:\/\/lij.ismeduca.com\/es\/producto\/os-forasteiros-do-tempo-1-a-aventura-dos-balbuena-no-afastado-oeste\/#primaryimage\",\"url\":\"https:\/\/lij.ismeduca.com\/es\/wp-content\/uploads\/sites\/10\/2025\/12\/4193.jpg\",\"contentUrl\":\"https:\/\/lij.ismeduca.com\/es\/wp-content\/uploads\/sites\/10\/2025\/12\/4193.jpg\",\"width\":600,\"height\":850},{\"@type\":\"BreadcrumbList\",\"@id\":\"https:\/\/lij.ismeduca.com\/es\/producto\/os-forasteiros-do-tempo-1-a-aventura-dos-balbuena-no-afastado-oeste\/#breadcrumb\",\"itemListElement\":[{\"@type\":\"ListItem\",\"position\":1,\"name\":\"Portada\",\"item\":\"https:\/\/lij.ismeduca.com\/es\/\"},{\"@type\":\"ListItem\",\"position\":2,\"name\":\"Tienda\",\"item\":\"https:\/\/lij.ismeduca.com\/es\/tienda\/\"},{\"@type\":\"ListItem\",\"position\":3,\"name\":\"Os Forasteiros do Tempo 1. A aventura dos Balbuena no afastado Oeste\"}]},{\"@type\":\"WebSite\",\"@id\":\"https:\/\/lij.ismeduca.com\/es\/#website\",\"url\":\"https:\/\/lij.ismeduca.com\/es\/\",\"name\":\"Literatura SM Espa\u00f1a\",\"description\":\"\",\"publisher\":{\"@id\":\"https:\/\/lij.ismeduca.com\/es\/#organization\"},\"potentialAction\":[{\"@type\":\"SearchAction\",\"target\":{\"@type\":\"EntryPoint\",\"urlTemplate\":\"https:\/\/lij.ismeduca.com\/es\/?s={search_term_string}\"},\"query-input\":{\"@type\":\"PropertyValueSpecification\",\"valueRequired\":true,\"valueName\":\"search_term_string\"}}],\"inLanguage\":\"es\"},{\"@type\":\"Organization\",\"@id\":\"https:\/\/lij.ismeduca.com\/es\/#organization\",\"name\":\"Literatura SM Espa\u00f1a\",\"url\":\"https:\/\/lij.ismeduca.com\/es\/\",\"logo\":{\"@type\":\"ImageObject\",\"inLanguage\":\"es\",\"@id\":\"https:\/\/lij.ismeduca.com\/es\/#\/schema\/logo\/image\/\",\"url\":\"https:\/\/lij.ismeduca.com\/es\/wp-content\/uploads\/sites\/10\/2024\/07\/logo-cabecera.png\",\"contentUrl\":\"https:\/\/lij.ismeduca.com\/es\/wp-content\/uploads\/sites\/10\/2024\/07\/logo-cabecera.png\",\"width\":396,\"height\":64,\"caption\":\"Literatura SM Espa\u00f1a\"},\"image\":{\"@id\":\"https:\/\/lij.ismeduca.com\/es\/#\/schema\/logo\/image\/\"}}]}<\/script>\n<!-- \/ Yoast SEO plugin. -->","yoast_head_json":{"title":"Os Forasteiros do Tempo 1. A aventura dos Balbuena no afastado Oeste - Literatura SM Espa\u00f1a","robots":{"index":"noindex","follow":"follow","max-snippet":"max-snippet:-1","max-image-preview":"max-image-preview:large","max-video-preview":"max-video-preview:-1"},"og_locale":"es_ES","og_type":"article","og_title":"Os Forasteiros do Tempo 1. A aventura dos Balbuena no afastado Oeste - Literatura SM Espa\u00f1a","og_url":"https:\/\/lij.ismeduca.com\/es\/producto\/os-forasteiros-do-tempo-1-a-aventura-dos-balbuena-no-afastado-oeste\/","og_site_name":"Literatura SM Espa\u00f1a","article_modified_time":"2025-12-23T11:57:56+00:00","twitter_card":"summary_large_image","schema":{"@context":"https:\/\/schema.org","@graph":[{"@type":"WebPage","@id":"https:\/\/lij.ismeduca.com\/es\/producto\/os-forasteiros-do-tempo-1-a-aventura-dos-balbuena-no-afastado-oeste\/","url":"https:\/\/lij.ismeduca.com\/es\/producto\/os-forasteiros-do-tempo-1-a-aventura-dos-balbuena-no-afastado-oeste\/","name":"Os Forasteiros do Tempo 1. A aventura dos Balbuena no afastado Oeste - Literatura SM Espa\u00f1a","isPartOf":{"@id":"https:\/\/lij.ismeduca.com\/es\/#website"},"primaryImageOfPage":{"@id":"https:\/\/lij.ismeduca.com\/es\/producto\/os-forasteiros-do-tempo-1-a-aventura-dos-balbuena-no-afastado-oeste\/#primaryimage"},"image":{"@id":"https:\/\/lij.ismeduca.com\/es\/producto\/os-forasteiros-do-tempo-1-a-aventura-dos-balbuena-no-afastado-oeste\/#primaryimage"},"thumbnailUrl":"https:\/\/lij.ismeduca.com\/es\/wp-content\/uploads\/sites\/10\/2025\/12\/4193.jpg","datePublished":"2024-07-11T10:06:28+00:00","dateModified":"2025-12-23T11:57:56+00:00","breadcrumb":{"@id":"https:\/\/lij.ismeduca.com\/es\/producto\/os-forasteiros-do-tempo-1-a-aventura-dos-balbuena-no-afastado-oeste\/#breadcrumb"},"inLanguage":"es","potentialAction":[{"@type":"ReadAction","target":["https:\/\/lij.ismeduca.com\/es\/producto\/os-forasteiros-do-tempo-1-a-aventura-dos-balbuena-no-afastado-oeste\/"]}]},{"@type":"ImageObject","inLanguage":"es","@id":"https:\/\/lij.ismeduca.com\/es\/producto\/os-forasteiros-do-tempo-1-a-aventura-dos-balbuena-no-afastado-oeste\/#primaryimage","url":"https:\/\/lij.ismeduca.com\/es\/wp-content\/uploads\/sites\/10\/2025\/12\/4193.jpg","contentUrl":"https:\/\/lij.ismeduca.com\/es\/wp-content\/uploads\/sites\/10\/2025\/12\/4193.jpg","width":600,"height":850},{"@type":"BreadcrumbList","@id":"https:\/\/lij.ismeduca.com\/es\/producto\/os-forasteiros-do-tempo-1-a-aventura-dos-balbuena-no-afastado-oeste\/#breadcrumb","itemListElement":[{"@type":"ListItem","position":1,"name":"Portada","item":"https:\/\/lij.ismeduca.com\/es\/"},{"@type":"ListItem","position":2,"name":"Tienda","item":"https:\/\/lij.ismeduca.com\/es\/tienda\/"},{"@type":"ListItem","position":3,"name":"Os Forasteiros do Tempo 1. A aventura dos Balbuena no afastado Oeste"}]},{"@type":"WebSite","@id":"https:\/\/lij.ismeduca.com\/es\/#website","url":"https:\/\/lij.ismeduca.com\/es\/","name":"Literatura SM Espa\u00f1a","description":"","publisher":{"@id":"https:\/\/lij.ismeduca.com\/es\/#organization"},"potentialAction":[{"@type":"SearchAction","target":{"@type":"EntryPoint","urlTemplate":"https:\/\/lij.ismeduca.com\/es\/?s={search_term_string}"},"query-input":{"@type":"PropertyValueSpecification","valueRequired":true,"valueName":"search_term_string"}}],"inLanguage":"es"},{"@type":"Organization","@id":"https:\/\/lij.ismeduca.com\/es\/#organization","name":"Literatura SM Espa\u00f1a","url":"https:\/\/lij.ismeduca.com\/es\/","logo":{"@type":"ImageObject","inLanguage":"es","@id":"https:\/\/lij.ismeduca.com\/es\/#\/schema\/logo\/image\/","url":"https:\/\/lij.ismeduca.com\/es\/wp-content\/uploads\/sites\/10\/2024\/07\/logo-cabecera.png","contentUrl":"https:\/\/lij.ismeduca.com\/es\/wp-content\/uploads\/sites\/10\/2024\/07\/logo-cabecera.png","width":396,"height":64,"caption":"Literatura SM Espa\u00f1a"},"image":{"@id":"https:\/\/lij.ismeduca.com\/es\/#\/schema\/logo\/image\/"}}]}},"_links":{"self":[{"href":"https:\/\/lij.ismeduca.com\/es\/wp-json\/wp\/v2\/product\/4193","targetHints":{"allow":["GET"]}}],"collection":[{"href":"https:\/\/lij.ismeduca.com\/es\/wp-json\/wp\/v2\/product"}],"about":[{"href":"https:\/\/lij.ismeduca.com\/es\/wp-json\/wp\/v2\/types\/product"}],"version-history":[{"count":1,"href":"https:\/\/lij.ismeduca.com\/es\/wp-json\/wp\/v2\/product\/4193\/revisions"}],"predecessor-version":[{"id":30635,"href":"https:\/\/lij.ismeduca.com\/es\/wp-json\/wp\/v2\/product\/4193\/revisions\/30635"}],"wp:featuredmedia":[{"embeddable":true,"href":"https:\/\/lij.ismeduca.com\/es\/wp-json\/wp\/v2\/media\/36397"}],"wp:attachment":[{"href":"https:\/\/lij.ismeduca.com\/es\/wp-json\/wp\/v2\/media?parent=4193"}],"wp:term":[{"taxonomy":"product_brand","embeddable":true,"href":"https:\/\/lij.ismeduca.com\/es\/wp-json\/wp\/v2\/product_brand?post=4193"},{"taxonomy":"product_cat","embeddable":true,"href":"https:\/\/lij.ismeduca.com\/es\/wp-json\/wp\/v2\/product_cat?post=4193"},{"taxonomy":"product_tag","embeddable":true,"href":"https:\/\/lij.ismeduca.com\/es\/wp-json\/wp\/v2\/product_tag?post=4193"},{"taxonomy":"asignatura","embeddable":true,"href":"https:\/\/lij.ismeduca.com\/es\/wp-json\/wp\/v2\/asignatura?post=4193"},{"taxonomy":"compania","embeddable":true,"href":"https:\/\/lij.ismeduca.com\/es\/wp-json\/wp\/v2\/compania?post=4193"},{"taxonomy":"curso","embeddable":true,"href":"https:\/\/lij.ismeduca.com\/es\/wp-json\/wp\/v2\/curso?post=4193"},{"taxonomy":"idiomas","embeddable":true,"href":"https:\/\/lij.ismeduca.com\/es\/wp-json\/wp\/v2\/idiomas?post=4193"},{"taxonomy":"genero","embeddable":true,"href":"https:\/\/lij.ismeduca.com\/es\/wp-json\/wp\/v2\/genero?post=4193"},{"taxonomy":"linea","embeddable":true,"href":"https:\/\/lij.ismeduca.com\/es\/wp-json\/wp\/v2\/linea?post=4193"},{"taxonomy":"premio","embeddable":true,"href":"https:\/\/lij.ismeduca.com\/es\/wp-json\/wp\/v2\/premio?post=4193"},{"taxonomy":"proyecto-editorial","embeddable":true,"href":"https:\/\/lij.ismeduca.com\/es\/wp-json\/wp\/v2\/proyecto-editorial?post=4193"},{"taxonomy":"tipo-de-libro","embeddable":true,"href":"https:\/\/lij.ismeduca.com\/es\/wp-json\/wp\/v2\/tipo-de-libro?post=4193"},{"taxonomy":"soporte","embeddable":true,"href":"https:\/\/lij.ismeduca.com\/es\/wp-json\/wp\/v2\/soporte?post=4193"},{"taxonomy":"zona-geografica","embeddable":true,"href":"https:\/\/lij.ismeduca.com\/es\/wp-json\/wp\/v2\/zona-geografica?post=4193"},{"taxonomy":"autores","embeddable":true,"href":"https:\/\/lij.ismeduca.com\/es\/wp-json\/wp\/v2\/autores?post=4193"},{"taxonomy":"colecciones","embeddable":true,"href":"https:\/\/lij.ismeduca.com\/es\/wp-json\/wp\/v2\/colecciones?post=4193"},{"taxonomy":"personajes","embeddable":true,"href":"https:\/\/lij.ismeduca.com\/es\/wp-json\/wp\/v2\/personajes?post=4193"}],"curies":[{"name":"wp","href":"https:\/\/api.w.org\/{rel}","templated":true}]}}