{"id":4195,"date":"2021-03-18T00:00:00","date_gmt":"2024-07-11T10:06:29","guid":{"rendered":"https:\/\/lij.ismeduca.com\/tienda\/?post_type=product&#038;p=4195"},"modified":"2025-12-23T12:53:42","modified_gmt":"2025-12-23T11:53:42","slug":"els-forasters-del-temps-11-laventura-dels-vallbona-amb-els-vikings","status":"publish","type":"product","link":"https:\/\/lij.ismeduca.com\/es\/producto\/els-forasters-del-temps-11-laventura-dels-vallbona-amb-els-vikings\/","title":{"rendered":"Els Forasters del temps 11: L&#8217;aventura dels Vallbona amb els vikings"},"content":{"rendered":"","protected":false},"excerpt":{"rendered":"<p>En aquesta ocasi&oacute;, la recerca de tempestes per poder tornar a casa sea, porta els Vallbona, el mico Seb i el Cobb, el cient&iacute;fc sonat, a la terra dels V&iacute;kings.<\/p>\n<p>All&agrave;,&nbsp;&nbsp;a part d&#39;intentar trobar el mineral preci&oacute;s que busquen,&nbsp; hauran de sobreviure entre les lluites internes dels cabdills locals.&nbsp;<\/p>\n","protected":false},"featured_media":36382,"template":"","meta":{"_acf_changed":false,"inline_featured_image":false},"product_brand":[],"product_cat":[4731],"product_tag":[268,2058,1133],"asignatura":[],"compania":[258],"curso":[],"idiomas":[1951],"genero":[314],"linea":[250],"premio":[],"proyecto-editorial":[323],"tipo-de-libro":[249],"soporte":[2004],"zona-geografica":[],"autores":[4387,3973,4216],"colecciones":[2298],"personajes":[],"class_list":{"0":"post-4195","1":"product","2":"type-product","3":"status-publish","4":"has-post-thumbnail","6":"product_cat-los-forasteros-del-tiempo","7":"product_tag-amistad","8":"product_tag-ntx","9":"product_tag-resolucion-de-conflictos","10":"pa_codigo-sap-ntx","11":"compania-editorial-cruilla-s-a-es","12":"idiomas-catalan","13":"genero-aventura","14":"linea-narrativa","15":"proyecto-editorial-6-12","16":"tipo-de-libro-fisico","17":"soporte-libro","18":"autores-josep-sampere-i-marti","19":"autores-pablo-fernandez-vazquez","20":"autores-roberto-santiago","21":"colecciones-forasters-del-temps","23":"first","24":"instock","25":"taxable","26":"shipping-taxable","27":"purchasable","28":"product-type-simple"},"acf":{"id_catalogo":"650","shortTitle":"C-FDT.11 L'AVENT. DELS VALLBONA AMB ELS","descripcion":"<p>En aquesta ocasi&oacute;, la recerca de tempestes per poder tornar a casa sea, porta els Vallbona, el mico Seb i el Cobb, el cient&iacute;fc sonat, a la terra dels V&iacute;kings.<\/p>\n\n<p>All&agrave;,&nbsp;&nbsp;a part d&#39;intentar trobar el mineral preci&oacute;s que busquen,&nbsp; hauran de sobreviure entre les lluites internes dels cabdills locals.&nbsp;<\/p>\n","adjuntos":null,"descriptivePhrases":[{"type":"General","text":"Una altra aventura trepidant dels Vallbona viatjant pel temps. Ara, entre vikings arrauxats."}],"productSap":"NTX","isbn":"9788466149327","precio_colegios":12.45,"precio_librerias":12.45,"precio_librerias_sin_cobertura":12.45,"precio_distribuidores":12.45,"fecha_disponibilidad":null,"fecha_comercial":"20210318","organizacion_venta":"CS01","datos_para_buscador":"Josep Sampere i Mart\u00ed, Roberto Santiago, Pablo Fern\u00e1ndez V\u00e1zquez, Forasters del temps, "},"yoast_head":"<!-- This site is optimized with the Yoast SEO plugin v26.6 - https:\/\/yoast.com\/wordpress\/plugins\/seo\/ -->\n<title>Els Forasters del temps 11: L&#039;aventura dels Vallbona amb els vikings - Literatura SM Espa\u00f1a<\/title>\n<meta name=\"robots\" content=\"noindex, follow, max-snippet:-1, max-image-preview:large, max-video-preview:-1\" \/>\n<meta property=\"og:locale\" content=\"es_ES\" \/>\n<meta property=\"og:type\" content=\"article\" \/>\n<meta property=\"og:title\" content=\"Els Forasters del temps 11: L&#039;aventura dels Vallbona amb els vikings - Literatura SM Espa\u00f1a\" \/>\n<meta property=\"og:url\" content=\"https:\/\/lij.ismeduca.com\/es\/producto\/els-forasters-del-temps-11-laventura-dels-vallbona-amb-els-vikings\/\" \/>\n<meta property=\"og:site_name\" content=\"Literatura SM Espa\u00f1a\" \/>\n<meta property=\"article:modified_time\" content=\"2025-12-23T11:53:42+00:00\" \/>\n<meta name=\"twitter:card\" content=\"summary_large_image\" \/>\n<script type=\"application\/ld+json\" class=\"yoast-schema-graph\">{\"@context\":\"https:\/\/schema.org\",\"@graph\":[{\"@type\":\"WebPage\",\"@id\":\"https:\/\/lij.ismeduca.com\/es\/producto\/els-forasters-del-temps-11-laventura-dels-vallbona-amb-els-vikings\/\",\"url\":\"https:\/\/lij.ismeduca.com\/es\/producto\/els-forasters-del-temps-11-laventura-dels-vallbona-amb-els-vikings\/\",\"name\":\"Els Forasters del temps 11: L'aventura dels Vallbona amb els vikings - Literatura SM Espa\u00f1a\",\"isPartOf\":{\"@id\":\"https:\/\/lij.ismeduca.com\/es\/#website\"},\"primaryImageOfPage\":{\"@id\":\"https:\/\/lij.ismeduca.com\/es\/producto\/els-forasters-del-temps-11-laventura-dels-vallbona-amb-els-vikings\/#primaryimage\"},\"image\":{\"@id\":\"https:\/\/lij.ismeduca.com\/es\/producto\/els-forasters-del-temps-11-laventura-dels-vallbona-amb-els-vikings\/#primaryimage\"},\"thumbnailUrl\":\"https:\/\/lij.ismeduca.com\/es\/wp-content\/uploads\/sites\/10\/2025\/12\/4195.jpg\",\"datePublished\":\"2024-07-11T10:06:29+00:00\",\"dateModified\":\"2025-12-23T11:53:42+00:00\",\"breadcrumb\":{\"@id\":\"https:\/\/lij.ismeduca.com\/es\/producto\/els-forasters-del-temps-11-laventura-dels-vallbona-amb-els-vikings\/#breadcrumb\"},\"inLanguage\":\"es\",\"potentialAction\":[{\"@type\":\"ReadAction\",\"target\":[\"https:\/\/lij.ismeduca.com\/es\/producto\/els-forasters-del-temps-11-laventura-dels-vallbona-amb-els-vikings\/\"]}]},{\"@type\":\"ImageObject\",\"inLanguage\":\"es\",\"@id\":\"https:\/\/lij.ismeduca.com\/es\/producto\/els-forasters-del-temps-11-laventura-dels-vallbona-amb-els-vikings\/#primaryimage\",\"url\":\"https:\/\/lij.ismeduca.com\/es\/wp-content\/uploads\/sites\/10\/2025\/12\/4195.jpg\",\"contentUrl\":\"https:\/\/lij.ismeduca.com\/es\/wp-content\/uploads\/sites\/10\/2025\/12\/4195.jpg\",\"width\":600,\"height\":877},{\"@type\":\"BreadcrumbList\",\"@id\":\"https:\/\/lij.ismeduca.com\/es\/producto\/els-forasters-del-temps-11-laventura-dels-vallbona-amb-els-vikings\/#breadcrumb\",\"itemListElement\":[{\"@type\":\"ListItem\",\"position\":1,\"name\":\"Portada\",\"item\":\"https:\/\/lij.ismeduca.com\/es\/\"},{\"@type\":\"ListItem\",\"position\":2,\"name\":\"Tienda\",\"item\":\"https:\/\/lij.ismeduca.com\/es\/tienda\/\"},{\"@type\":\"ListItem\",\"position\":3,\"name\":\"Els Forasters del temps 11: L&#8217;aventura dels Vallbona amb els vikings\"}]},{\"@type\":\"WebSite\",\"@id\":\"https:\/\/lij.ismeduca.com\/es\/#website\",\"url\":\"https:\/\/lij.ismeduca.com\/es\/\",\"name\":\"Literatura SM Espa\u00f1a\",\"description\":\"\",\"publisher\":{\"@id\":\"https:\/\/lij.ismeduca.com\/es\/#organization\"},\"potentialAction\":[{\"@type\":\"SearchAction\",\"target\":{\"@type\":\"EntryPoint\",\"urlTemplate\":\"https:\/\/lij.ismeduca.com\/es\/?s={search_term_string}\"},\"query-input\":{\"@type\":\"PropertyValueSpecification\",\"valueRequired\":true,\"valueName\":\"search_term_string\"}}],\"inLanguage\":\"es\"},{\"@type\":\"Organization\",\"@id\":\"https:\/\/lij.ismeduca.com\/es\/#organization\",\"name\":\"Literatura SM Espa\u00f1a\",\"url\":\"https:\/\/lij.ismeduca.com\/es\/\",\"logo\":{\"@type\":\"ImageObject\",\"inLanguage\":\"es\",\"@id\":\"https:\/\/lij.ismeduca.com\/es\/#\/schema\/logo\/image\/\",\"url\":\"https:\/\/lij.ismeduca.com\/es\/wp-content\/uploads\/sites\/10\/2024\/07\/logo-cabecera.png\",\"contentUrl\":\"https:\/\/lij.ismeduca.com\/es\/wp-content\/uploads\/sites\/10\/2024\/07\/logo-cabecera.png\",\"width\":396,\"height\":64,\"caption\":\"Literatura SM Espa\u00f1a\"},\"image\":{\"@id\":\"https:\/\/lij.ismeduca.com\/es\/#\/schema\/logo\/image\/\"}}]}<\/script>\n<!-- \/ Yoast SEO plugin. -->","yoast_head_json":{"title":"Els Forasters del temps 11: L'aventura dels Vallbona amb els vikings - Literatura SM Espa\u00f1a","robots":{"index":"noindex","follow":"follow","max-snippet":"max-snippet:-1","max-image-preview":"max-image-preview:large","max-video-preview":"max-video-preview:-1"},"og_locale":"es_ES","og_type":"article","og_title":"Els Forasters del temps 11: L'aventura dels Vallbona amb els vikings - Literatura SM Espa\u00f1a","og_url":"https:\/\/lij.ismeduca.com\/es\/producto\/els-forasters-del-temps-11-laventura-dels-vallbona-amb-els-vikings\/","og_site_name":"Literatura SM Espa\u00f1a","article_modified_time":"2025-12-23T11:53:42+00:00","twitter_card":"summary_large_image","schema":{"@context":"https:\/\/schema.org","@graph":[{"@type":"WebPage","@id":"https:\/\/lij.ismeduca.com\/es\/producto\/els-forasters-del-temps-11-laventura-dels-vallbona-amb-els-vikings\/","url":"https:\/\/lij.ismeduca.com\/es\/producto\/els-forasters-del-temps-11-laventura-dels-vallbona-amb-els-vikings\/","name":"Els Forasters del temps 11: L'aventura dels Vallbona amb els vikings - Literatura SM Espa\u00f1a","isPartOf":{"@id":"https:\/\/lij.ismeduca.com\/es\/#website"},"primaryImageOfPage":{"@id":"https:\/\/lij.ismeduca.com\/es\/producto\/els-forasters-del-temps-11-laventura-dels-vallbona-amb-els-vikings\/#primaryimage"},"image":{"@id":"https:\/\/lij.ismeduca.com\/es\/producto\/els-forasters-del-temps-11-laventura-dels-vallbona-amb-els-vikings\/#primaryimage"},"thumbnailUrl":"https:\/\/lij.ismeduca.com\/es\/wp-content\/uploads\/sites\/10\/2025\/12\/4195.jpg","datePublished":"2024-07-11T10:06:29+00:00","dateModified":"2025-12-23T11:53:42+00:00","breadcrumb":{"@id":"https:\/\/lij.ismeduca.com\/es\/producto\/els-forasters-del-temps-11-laventura-dels-vallbona-amb-els-vikings\/#breadcrumb"},"inLanguage":"es","potentialAction":[{"@type":"ReadAction","target":["https:\/\/lij.ismeduca.com\/es\/producto\/els-forasters-del-temps-11-laventura-dels-vallbona-amb-els-vikings\/"]}]},{"@type":"ImageObject","inLanguage":"es","@id":"https:\/\/lij.ismeduca.com\/es\/producto\/els-forasters-del-temps-11-laventura-dels-vallbona-amb-els-vikings\/#primaryimage","url":"https:\/\/lij.ismeduca.com\/es\/wp-content\/uploads\/sites\/10\/2025\/12\/4195.jpg","contentUrl":"https:\/\/lij.ismeduca.com\/es\/wp-content\/uploads\/sites\/10\/2025\/12\/4195.jpg","width":600,"height":877},{"@type":"BreadcrumbList","@id":"https:\/\/lij.ismeduca.com\/es\/producto\/els-forasters-del-temps-11-laventura-dels-vallbona-amb-els-vikings\/#breadcrumb","itemListElement":[{"@type":"ListItem","position":1,"name":"Portada","item":"https:\/\/lij.ismeduca.com\/es\/"},{"@type":"ListItem","position":2,"name":"Tienda","item":"https:\/\/lij.ismeduca.com\/es\/tienda\/"},{"@type":"ListItem","position":3,"name":"Els Forasters del temps 11: L&#8217;aventura dels Vallbona amb els vikings"}]},{"@type":"WebSite","@id":"https:\/\/lij.ismeduca.com\/es\/#website","url":"https:\/\/lij.ismeduca.com\/es\/","name":"Literatura SM Espa\u00f1a","description":"","publisher":{"@id":"https:\/\/lij.ismeduca.com\/es\/#organization"},"potentialAction":[{"@type":"SearchAction","target":{"@type":"EntryPoint","urlTemplate":"https:\/\/lij.ismeduca.com\/es\/?s={search_term_string}"},"query-input":{"@type":"PropertyValueSpecification","valueRequired":true,"valueName":"search_term_string"}}],"inLanguage":"es"},{"@type":"Organization","@id":"https:\/\/lij.ismeduca.com\/es\/#organization","name":"Literatura SM Espa\u00f1a","url":"https:\/\/lij.ismeduca.com\/es\/","logo":{"@type":"ImageObject","inLanguage":"es","@id":"https:\/\/lij.ismeduca.com\/es\/#\/schema\/logo\/image\/","url":"https:\/\/lij.ismeduca.com\/es\/wp-content\/uploads\/sites\/10\/2024\/07\/logo-cabecera.png","contentUrl":"https:\/\/lij.ismeduca.com\/es\/wp-content\/uploads\/sites\/10\/2024\/07\/logo-cabecera.png","width":396,"height":64,"caption":"Literatura SM Espa\u00f1a"},"image":{"@id":"https:\/\/lij.ismeduca.com\/es\/#\/schema\/logo\/image\/"}}]}},"_links":{"self":[{"href":"https:\/\/lij.ismeduca.com\/es\/wp-json\/wp\/v2\/product\/4195","targetHints":{"allow":["GET"]}}],"collection":[{"href":"https:\/\/lij.ismeduca.com\/es\/wp-json\/wp\/v2\/product"}],"about":[{"href":"https:\/\/lij.ismeduca.com\/es\/wp-json\/wp\/v2\/types\/product"}],"version-history":[{"count":1,"href":"https:\/\/lij.ismeduca.com\/es\/wp-json\/wp\/v2\/product\/4195\/revisions"}],"predecessor-version":[{"id":30639,"href":"https:\/\/lij.ismeduca.com\/es\/wp-json\/wp\/v2\/product\/4195\/revisions\/30639"}],"wp:featuredmedia":[{"embeddable":true,"href":"https:\/\/lij.ismeduca.com\/es\/wp-json\/wp\/v2\/media\/36382"}],"wp:attachment":[{"href":"https:\/\/lij.ismeduca.com\/es\/wp-json\/wp\/v2\/media?parent=4195"}],"wp:term":[{"taxonomy":"product_brand","embeddable":true,"href":"https:\/\/lij.ismeduca.com\/es\/wp-json\/wp\/v2\/product_brand?post=4195"},{"taxonomy":"product_cat","embeddable":true,"href":"https:\/\/lij.ismeduca.com\/es\/wp-json\/wp\/v2\/product_cat?post=4195"},{"taxonomy":"product_tag","embeddable":true,"href":"https:\/\/lij.ismeduca.com\/es\/wp-json\/wp\/v2\/product_tag?post=4195"},{"taxonomy":"asignatura","embeddable":true,"href":"https:\/\/lij.ismeduca.com\/es\/wp-json\/wp\/v2\/asignatura?post=4195"},{"taxonomy":"compania","embeddable":true,"href":"https:\/\/lij.ismeduca.com\/es\/wp-json\/wp\/v2\/compania?post=4195"},{"taxonomy":"curso","embeddable":true,"href":"https:\/\/lij.ismeduca.com\/es\/wp-json\/wp\/v2\/curso?post=4195"},{"taxonomy":"idiomas","embeddable":true,"href":"https:\/\/lij.ismeduca.com\/es\/wp-json\/wp\/v2\/idiomas?post=4195"},{"taxonomy":"genero","embeddable":true,"href":"https:\/\/lij.ismeduca.com\/es\/wp-json\/wp\/v2\/genero?post=4195"},{"taxonomy":"linea","embeddable":true,"href":"https:\/\/lij.ismeduca.com\/es\/wp-json\/wp\/v2\/linea?post=4195"},{"taxonomy":"premio","embeddable":true,"href":"https:\/\/lij.ismeduca.com\/es\/wp-json\/wp\/v2\/premio?post=4195"},{"taxonomy":"proyecto-editorial","embeddable":true,"href":"https:\/\/lij.ismeduca.com\/es\/wp-json\/wp\/v2\/proyecto-editorial?post=4195"},{"taxonomy":"tipo-de-libro","embeddable":true,"href":"https:\/\/lij.ismeduca.com\/es\/wp-json\/wp\/v2\/tipo-de-libro?post=4195"},{"taxonomy":"soporte","embeddable":true,"href":"https:\/\/lij.ismeduca.com\/es\/wp-json\/wp\/v2\/soporte?post=4195"},{"taxonomy":"zona-geografica","embeddable":true,"href":"https:\/\/lij.ismeduca.com\/es\/wp-json\/wp\/v2\/zona-geografica?post=4195"},{"taxonomy":"autores","embeddable":true,"href":"https:\/\/lij.ismeduca.com\/es\/wp-json\/wp\/v2\/autores?post=4195"},{"taxonomy":"colecciones","embeddable":true,"href":"https:\/\/lij.ismeduca.com\/es\/wp-json\/wp\/v2\/colecciones?post=4195"},{"taxonomy":"personajes","embeddable":true,"href":"https:\/\/lij.ismeduca.com\/es\/wp-json\/wp\/v2\/personajes?post=4195"}],"curies":[{"name":"wp","href":"https:\/\/api.w.org\/{rel}","templated":true}]}}