{"id":4205,"date":"2024-06-06T00:00:00","date_gmt":"2024-07-11T10:06:34","guid":{"rendered":"https:\/\/lij.ismeduca.com\/tienda\/?post_type=product&#038;p=4205"},"modified":"2025-12-23T13:07:42","modified_gmt":"2025-12-23T12:07:42","slug":"os-forasteiros-do-tempo-3-a-aventura-dos-balbuena-no-imperio-romano","status":"publish","type":"product","link":"https:\/\/lij.ismeduca.com\/es\/producto\/os-forasteiros-do-tempo-3-a-aventura-dos-balbuena-no-imperio-romano\/","title":{"rendered":"Os Forasteiros do Tempo 3: A aventura dos Balbuena no Imperio romano"},"content":{"rendered":"","protected":false},"excerpt":{"rendered":"<p>Xa sei&nbsp;que soa&nbsp;un puoco raro, pero \u00faltimamente&nbsp;no fago outra cousa&nbsp;m\u00e1is que viaxar no&nbsp;tiempo a trav\u00e9s dun buraco negro. Ben, en realidade non viaxo eu s\u00f3: acomp\u00e1\u00f1anme os meus irm\u00e1ns, o meu pai&nbsp;e unhas&nbsp;veci\u00f1as.<\/p>\n<p>Esta vez aparecimos no&nbsp;Imperio romano, que \u00e9&nbsp;unha \u00e9poca moi interesante e&nbsp;emocionante, e&nbsp;adem\u00e1is fixemos unha morea de amigos novos; eu mesmo convertinme&nbsp;en gladiador e&nbsp;loitei&nbsp;contra un le\u00f3n!<\/p>\n<p>Pero o certo \u00e9 que o \u00fanico que eu desexo \u00e9&nbsp;volver \u00e1&nbsp;casa coa&nbsp;mi\u00f1a familia.&nbsp;Quen me mandar\u00eda a min meterme neste sarillo?<\/p>\n","protected":false},"featured_media":36395,"template":"","meta":{"_acf_changed":false,"inline_featured_image":false},"product_brand":[],"product_cat":[4731],"product_tag":[268,447,331,961,311,1462,1463,297,253,1416,2058,1472,354,826],"asignatura":[],"compania":[1016],"curso":[],"idiomas":[1949],"genero":[314],"linea":[250],"premio":[],"proyecto-editorial":[323],"tipo-de-libro":[249],"soporte":[2004],"zona-geografica":[],"autores":[4202,4543,3387,4216],"colecciones":[2289],"personajes":[],"class_list":{"0":"post-4205","1":"product","2":"type-product","3":"status-publish","4":"has-post-thumbnail","6":"product_cat-los-forasteros-del-tiempo","7":"product_tag-amistad","8":"product_tag-animales-salvajes","9":"product_tag-comics","10":"product_tag-esclavitud","11":"product_tag-familia","12":"product_tag-gladiadores","13":"product_tag-imperio-romano-27-a-c-476-d-c","14":"product_tag-literatura-de-aventuras","15":"product_tag-literatura-de-humor","16":"product_tag-literatura-en-gallego","17":"product_tag-ntx","18":"product_tag-roma","19":"product_tag-trabajo-en-equipo","20":"product_tag-viajes-en-el-tiempo","21":"pa_codigo-sap-ntx","22":"compania-xerme-edicions-s-l-es","23":"idiomas-gallego","24":"genero-aventura","25":"linea-narrativa","26":"proyecto-editorial-6-12","27":"tipo-de-libro-fisico","28":"soporte-libro","29":"autores-enrique-lorenzo","30":"autores-iria-torres-garcia","31":"autores-isabel-soto","32":"autores-roberto-santiago","33":"colecciones-los-forasteros-del-tiempo","35":"first","36":"instock","37":"taxable","38":"shipping-taxable","39":"purchasable","40":"product-type-simple"},"acf":{"id_catalogo":"650","shortTitle":"GA-FDT3. A AVENTURA DOS BALBUENA NO IMP ","descripcion":"<p>Xa sei&nbsp;que soa&nbsp;un puoco raro, pero \u00faltimamente&nbsp;no fago outra cousa&nbsp;m\u00e1is que viaxar no&nbsp;tiempo a trav\u00e9s dun buraco negro. Ben, en realidade non viaxo eu s\u00f3: acomp\u00e1\u00f1anme os meus irm\u00e1ns, o meu pai&nbsp;e unhas&nbsp;veci\u00f1as.<\/p>\n<p>Esta vez aparecimos no&nbsp;Imperio romano, que \u00e9&nbsp;unha \u00e9poca moi interesante e&nbsp;emocionante, e&nbsp;adem\u00e1is fixemos unha morea de amigos novos; eu mesmo convertinme&nbsp;en gladiador e&nbsp;loitei&nbsp;contra un le\u00f3n!<\/p>\n<p>Pero o certo \u00e9 que o \u00fanico que eu desexo \u00e9&nbsp;volver \u00e1&nbsp;casa coa&nbsp;mi\u00f1a familia.&nbsp;Quen me mandar\u00eda a min meterme neste sarillo?<\/p>","adjuntos":null,"descriptivePhrases":[{"type":"General","text":"Soldados, le\u00f3ns, gladiadores, o c\u00f3nsul de Roma... Os Balbuena aterraron no Imperio romano. Unha nova aventura est\u00e1 a piques de encomezar!"}],"productSap":"NTX","isbn":"9788411790413","precio_colegios":12.45,"precio_librerias":12.45,"precio_librerias_sin_cobertura":12.45,"precio_distribuidores":12.45,"fecha_disponibilidad":null,"fecha_comercial":"20240606","organizacion_venta":"CS01","datos_para_buscador":"Isabel Soto, Iria Torres Garc\u00eda, Enrique Lorenzo, Roberto Santiago, Los Forasteros del Tiempo, "},"yoast_head":"<!-- This site is optimized with the Yoast SEO plugin v26.6 - https:\/\/yoast.com\/wordpress\/plugins\/seo\/ -->\n<title>Os Forasteiros do Tempo 3: A aventura dos Balbuena no Imperio romano - Literatura SM Espa\u00f1a<\/title>\n<meta name=\"robots\" content=\"noindex, follow, max-snippet:-1, max-image-preview:large, max-video-preview:-1\" \/>\n<meta property=\"og:locale\" content=\"es_ES\" \/>\n<meta property=\"og:type\" content=\"article\" \/>\n<meta property=\"og:title\" content=\"Os Forasteiros do Tempo 3: A aventura dos Balbuena no Imperio romano - Literatura SM Espa\u00f1a\" \/>\n<meta property=\"og:url\" content=\"https:\/\/lij.ismeduca.com\/es\/producto\/os-forasteiros-do-tempo-3-a-aventura-dos-balbuena-no-imperio-romano\/\" \/>\n<meta property=\"og:site_name\" content=\"Literatura SM Espa\u00f1a\" \/>\n<meta property=\"article:modified_time\" content=\"2025-12-23T12:07:42+00:00\" \/>\n<meta name=\"twitter:card\" content=\"summary_large_image\" \/>\n<script type=\"application\/ld+json\" class=\"yoast-schema-graph\">{\"@context\":\"https:\/\/schema.org\",\"@graph\":[{\"@type\":\"WebPage\",\"@id\":\"https:\/\/lij.ismeduca.com\/es\/producto\/os-forasteiros-do-tempo-3-a-aventura-dos-balbuena-no-imperio-romano\/\",\"url\":\"https:\/\/lij.ismeduca.com\/es\/producto\/os-forasteiros-do-tempo-3-a-aventura-dos-balbuena-no-imperio-romano\/\",\"name\":\"Os Forasteiros do Tempo 3: A aventura dos Balbuena no Imperio romano - Literatura SM Espa\u00f1a\",\"isPartOf\":{\"@id\":\"https:\/\/lij.ismeduca.com\/es\/#website\"},\"primaryImageOfPage\":{\"@id\":\"https:\/\/lij.ismeduca.com\/es\/producto\/os-forasteiros-do-tempo-3-a-aventura-dos-balbuena-no-imperio-romano\/#primaryimage\"},\"image\":{\"@id\":\"https:\/\/lij.ismeduca.com\/es\/producto\/os-forasteiros-do-tempo-3-a-aventura-dos-balbuena-no-imperio-romano\/#primaryimage\"},\"thumbnailUrl\":\"https:\/\/lij.ismeduca.com\/es\/wp-content\/uploads\/sites\/10\/2025\/12\/4205.jpg\",\"datePublished\":\"2024-07-11T10:06:34+00:00\",\"dateModified\":\"2025-12-23T12:07:42+00:00\",\"breadcrumb\":{\"@id\":\"https:\/\/lij.ismeduca.com\/es\/producto\/os-forasteiros-do-tempo-3-a-aventura-dos-balbuena-no-imperio-romano\/#breadcrumb\"},\"inLanguage\":\"es\",\"potentialAction\":[{\"@type\":\"ReadAction\",\"target\":[\"https:\/\/lij.ismeduca.com\/es\/producto\/os-forasteiros-do-tempo-3-a-aventura-dos-balbuena-no-imperio-romano\/\"]}]},{\"@type\":\"ImageObject\",\"inLanguage\":\"es\",\"@id\":\"https:\/\/lij.ismeduca.com\/es\/producto\/os-forasteiros-do-tempo-3-a-aventura-dos-balbuena-no-imperio-romano\/#primaryimage\",\"url\":\"https:\/\/lij.ismeduca.com\/es\/wp-content\/uploads\/sites\/10\/2025\/12\/4205.jpg\",\"contentUrl\":\"https:\/\/lij.ismeduca.com\/es\/wp-content\/uploads\/sites\/10\/2025\/12\/4205.jpg\",\"width\":600,\"height\":867},{\"@type\":\"BreadcrumbList\",\"@id\":\"https:\/\/lij.ismeduca.com\/es\/producto\/os-forasteiros-do-tempo-3-a-aventura-dos-balbuena-no-imperio-romano\/#breadcrumb\",\"itemListElement\":[{\"@type\":\"ListItem\",\"position\":1,\"name\":\"Portada\",\"item\":\"https:\/\/lij.ismeduca.com\/es\/\"},{\"@type\":\"ListItem\",\"position\":2,\"name\":\"Tienda\",\"item\":\"https:\/\/lij.ismeduca.com\/es\/tienda\/\"},{\"@type\":\"ListItem\",\"position\":3,\"name\":\"Os Forasteiros do Tempo 3: A aventura dos Balbuena no Imperio romano\"}]},{\"@type\":\"WebSite\",\"@id\":\"https:\/\/lij.ismeduca.com\/es\/#website\",\"url\":\"https:\/\/lij.ismeduca.com\/es\/\",\"name\":\"Literatura SM Espa\u00f1a\",\"description\":\"\",\"publisher\":{\"@id\":\"https:\/\/lij.ismeduca.com\/es\/#organization\"},\"potentialAction\":[{\"@type\":\"SearchAction\",\"target\":{\"@type\":\"EntryPoint\",\"urlTemplate\":\"https:\/\/lij.ismeduca.com\/es\/?s={search_term_string}\"},\"query-input\":{\"@type\":\"PropertyValueSpecification\",\"valueRequired\":true,\"valueName\":\"search_term_string\"}}],\"inLanguage\":\"es\"},{\"@type\":\"Organization\",\"@id\":\"https:\/\/lij.ismeduca.com\/es\/#organization\",\"name\":\"Literatura SM Espa\u00f1a\",\"url\":\"https:\/\/lij.ismeduca.com\/es\/\",\"logo\":{\"@type\":\"ImageObject\",\"inLanguage\":\"es\",\"@id\":\"https:\/\/lij.ismeduca.com\/es\/#\/schema\/logo\/image\/\",\"url\":\"https:\/\/lij.ismeduca.com\/es\/wp-content\/uploads\/sites\/10\/2024\/07\/logo-cabecera.png\",\"contentUrl\":\"https:\/\/lij.ismeduca.com\/es\/wp-content\/uploads\/sites\/10\/2024\/07\/logo-cabecera.png\",\"width\":396,\"height\":64,\"caption\":\"Literatura SM Espa\u00f1a\"},\"image\":{\"@id\":\"https:\/\/lij.ismeduca.com\/es\/#\/schema\/logo\/image\/\"}}]}<\/script>\n<!-- \/ Yoast SEO plugin. -->","yoast_head_json":{"title":"Os Forasteiros do Tempo 3: A aventura dos Balbuena no Imperio romano - Literatura SM Espa\u00f1a","robots":{"index":"noindex","follow":"follow","max-snippet":"max-snippet:-1","max-image-preview":"max-image-preview:large","max-video-preview":"max-video-preview:-1"},"og_locale":"es_ES","og_type":"article","og_title":"Os Forasteiros do Tempo 3: A aventura dos Balbuena no Imperio romano - Literatura SM Espa\u00f1a","og_url":"https:\/\/lij.ismeduca.com\/es\/producto\/os-forasteiros-do-tempo-3-a-aventura-dos-balbuena-no-imperio-romano\/","og_site_name":"Literatura SM Espa\u00f1a","article_modified_time":"2025-12-23T12:07:42+00:00","twitter_card":"summary_large_image","schema":{"@context":"https:\/\/schema.org","@graph":[{"@type":"WebPage","@id":"https:\/\/lij.ismeduca.com\/es\/producto\/os-forasteiros-do-tempo-3-a-aventura-dos-balbuena-no-imperio-romano\/","url":"https:\/\/lij.ismeduca.com\/es\/producto\/os-forasteiros-do-tempo-3-a-aventura-dos-balbuena-no-imperio-romano\/","name":"Os Forasteiros do Tempo 3: A aventura dos Balbuena no Imperio romano - Literatura SM Espa\u00f1a","isPartOf":{"@id":"https:\/\/lij.ismeduca.com\/es\/#website"},"primaryImageOfPage":{"@id":"https:\/\/lij.ismeduca.com\/es\/producto\/os-forasteiros-do-tempo-3-a-aventura-dos-balbuena-no-imperio-romano\/#primaryimage"},"image":{"@id":"https:\/\/lij.ismeduca.com\/es\/producto\/os-forasteiros-do-tempo-3-a-aventura-dos-balbuena-no-imperio-romano\/#primaryimage"},"thumbnailUrl":"https:\/\/lij.ismeduca.com\/es\/wp-content\/uploads\/sites\/10\/2025\/12\/4205.jpg","datePublished":"2024-07-11T10:06:34+00:00","dateModified":"2025-12-23T12:07:42+00:00","breadcrumb":{"@id":"https:\/\/lij.ismeduca.com\/es\/producto\/os-forasteiros-do-tempo-3-a-aventura-dos-balbuena-no-imperio-romano\/#breadcrumb"},"inLanguage":"es","potentialAction":[{"@type":"ReadAction","target":["https:\/\/lij.ismeduca.com\/es\/producto\/os-forasteiros-do-tempo-3-a-aventura-dos-balbuena-no-imperio-romano\/"]}]},{"@type":"ImageObject","inLanguage":"es","@id":"https:\/\/lij.ismeduca.com\/es\/producto\/os-forasteiros-do-tempo-3-a-aventura-dos-balbuena-no-imperio-romano\/#primaryimage","url":"https:\/\/lij.ismeduca.com\/es\/wp-content\/uploads\/sites\/10\/2025\/12\/4205.jpg","contentUrl":"https:\/\/lij.ismeduca.com\/es\/wp-content\/uploads\/sites\/10\/2025\/12\/4205.jpg","width":600,"height":867},{"@type":"BreadcrumbList","@id":"https:\/\/lij.ismeduca.com\/es\/producto\/os-forasteiros-do-tempo-3-a-aventura-dos-balbuena-no-imperio-romano\/#breadcrumb","itemListElement":[{"@type":"ListItem","position":1,"name":"Portada","item":"https:\/\/lij.ismeduca.com\/es\/"},{"@type":"ListItem","position":2,"name":"Tienda","item":"https:\/\/lij.ismeduca.com\/es\/tienda\/"},{"@type":"ListItem","position":3,"name":"Os Forasteiros do Tempo 3: A aventura dos Balbuena no Imperio romano"}]},{"@type":"WebSite","@id":"https:\/\/lij.ismeduca.com\/es\/#website","url":"https:\/\/lij.ismeduca.com\/es\/","name":"Literatura SM Espa\u00f1a","description":"","publisher":{"@id":"https:\/\/lij.ismeduca.com\/es\/#organization"},"potentialAction":[{"@type":"SearchAction","target":{"@type":"EntryPoint","urlTemplate":"https:\/\/lij.ismeduca.com\/es\/?s={search_term_string}"},"query-input":{"@type":"PropertyValueSpecification","valueRequired":true,"valueName":"search_term_string"}}],"inLanguage":"es"},{"@type":"Organization","@id":"https:\/\/lij.ismeduca.com\/es\/#organization","name":"Literatura SM Espa\u00f1a","url":"https:\/\/lij.ismeduca.com\/es\/","logo":{"@type":"ImageObject","inLanguage":"es","@id":"https:\/\/lij.ismeduca.com\/es\/#\/schema\/logo\/image\/","url":"https:\/\/lij.ismeduca.com\/es\/wp-content\/uploads\/sites\/10\/2024\/07\/logo-cabecera.png","contentUrl":"https:\/\/lij.ismeduca.com\/es\/wp-content\/uploads\/sites\/10\/2024\/07\/logo-cabecera.png","width":396,"height":64,"caption":"Literatura SM Espa\u00f1a"},"image":{"@id":"https:\/\/lij.ismeduca.com\/es\/#\/schema\/logo\/image\/"}}]}},"_links":{"self":[{"href":"https:\/\/lij.ismeduca.com\/es\/wp-json\/wp\/v2\/product\/4205","targetHints":{"allow":["GET"]}}],"collection":[{"href":"https:\/\/lij.ismeduca.com\/es\/wp-json\/wp\/v2\/product"}],"about":[{"href":"https:\/\/lij.ismeduca.com\/es\/wp-json\/wp\/v2\/types\/product"}],"version-history":[{"count":1,"href":"https:\/\/lij.ismeduca.com\/es\/wp-json\/wp\/v2\/product\/4205\/revisions"}],"predecessor-version":[{"id":36396,"href":"https:\/\/lij.ismeduca.com\/es\/wp-json\/wp\/v2\/product\/4205\/revisions\/36396"}],"wp:featuredmedia":[{"embeddable":true,"href":"https:\/\/lij.ismeduca.com\/es\/wp-json\/wp\/v2\/media\/36395"}],"wp:attachment":[{"href":"https:\/\/lij.ismeduca.com\/es\/wp-json\/wp\/v2\/media?parent=4205"}],"wp:term":[{"taxonomy":"product_brand","embeddable":true,"href":"https:\/\/lij.ismeduca.com\/es\/wp-json\/wp\/v2\/product_brand?post=4205"},{"taxonomy":"product_cat","embeddable":true,"href":"https:\/\/lij.ismeduca.com\/es\/wp-json\/wp\/v2\/product_cat?post=4205"},{"taxonomy":"product_tag","embeddable":true,"href":"https:\/\/lij.ismeduca.com\/es\/wp-json\/wp\/v2\/product_tag?post=4205"},{"taxonomy":"asignatura","embeddable":true,"href":"https:\/\/lij.ismeduca.com\/es\/wp-json\/wp\/v2\/asignatura?post=4205"},{"taxonomy":"compania","embeddable":true,"href":"https:\/\/lij.ismeduca.com\/es\/wp-json\/wp\/v2\/compania?post=4205"},{"taxonomy":"curso","embeddable":true,"href":"https:\/\/lij.ismeduca.com\/es\/wp-json\/wp\/v2\/curso?post=4205"},{"taxonomy":"idiomas","embeddable":true,"href":"https:\/\/lij.ismeduca.com\/es\/wp-json\/wp\/v2\/idiomas?post=4205"},{"taxonomy":"genero","embeddable":true,"href":"https:\/\/lij.ismeduca.com\/es\/wp-json\/wp\/v2\/genero?post=4205"},{"taxonomy":"linea","embeddable":true,"href":"https:\/\/lij.ismeduca.com\/es\/wp-json\/wp\/v2\/linea?post=4205"},{"taxonomy":"premio","embeddable":true,"href":"https:\/\/lij.ismeduca.com\/es\/wp-json\/wp\/v2\/premio?post=4205"},{"taxonomy":"proyecto-editorial","embeddable":true,"href":"https:\/\/lij.ismeduca.com\/es\/wp-json\/wp\/v2\/proyecto-editorial?post=4205"},{"taxonomy":"tipo-de-libro","embeddable":true,"href":"https:\/\/lij.ismeduca.com\/es\/wp-json\/wp\/v2\/tipo-de-libro?post=4205"},{"taxonomy":"soporte","embeddable":true,"href":"https:\/\/lij.ismeduca.com\/es\/wp-json\/wp\/v2\/soporte?post=4205"},{"taxonomy":"zona-geografica","embeddable":true,"href":"https:\/\/lij.ismeduca.com\/es\/wp-json\/wp\/v2\/zona-geografica?post=4205"},{"taxonomy":"autores","embeddable":true,"href":"https:\/\/lij.ismeduca.com\/es\/wp-json\/wp\/v2\/autores?post=4205"},{"taxonomy":"colecciones","embeddable":true,"href":"https:\/\/lij.ismeduca.com\/es\/wp-json\/wp\/v2\/colecciones?post=4205"},{"taxonomy":"personajes","embeddable":true,"href":"https:\/\/lij.ismeduca.com\/es\/wp-json\/wp\/v2\/personajes?post=4205"}],"curies":[{"name":"wp","href":"https:\/\/api.w.org\/{rel}","templated":true}]}}