{"id":4247,"date":"2013-05-16T00:00:00","date_gmt":"2024-07-11T10:07:52","guid":{"rendered":"https:\/\/lij.ismeduca.com\/tienda\/?post_type=product&#038;p=4247"},"modified":"2025-12-23T12:34:54","modified_gmt":"2025-12-23T11:34:54","slug":"los-futbolisimos-2-el-misterio-de-los-siete-goles-en-propia-puerta","status":"publish","type":"product","link":"https:\/\/lij.ismeduca.com\/es\/producto\/los-futbolisimos-2-el-misterio-de-los-siete-goles-en-propia-puerta\/","title":{"rendered":"Los Futbol\u00edsimos 2: El misterio de los siete goles en propia puerta"},"content":{"rendered":"","protected":false},"excerpt":{"rendered":"<p>Los Futbol&#237;simos se enfrentan al misterio m&#225;s grande que han conocido hasta la fecha: &#191;Es posible ganar un partido de f&#250;tbol sin meter ni un solo gol? &#191;Y dos? &#191;Y un torneo? En ocasiones, meterse un gol en propia puerta esconde mucho m&#225;s de lo que parece a primera vista.<\/p>\n","protected":false},"featured_media":36423,"template":"","meta":{"_acf_changed":false,"inline_featured_image":false},"product_brand":[],"product_cat":[4732],"product_tag":[268,331,240,242,1001,253,2058,704,354],"asignatura":[],"compania":[252],"curso":[],"idiomas":[1948],"genero":[256],"linea":[250],"premio":[],"proyecto-editorial":[251],"tipo-de-libro":[249],"soporte":[2004],"zona-geografica":[],"autores":[4446,4216],"colecciones":[2356],"personajes":[2126],"class_list":{"0":"post-4247","1":"product","2":"type-product","3":"status-publish","4":"has-post-thumbnail","6":"product_cat-los-futbolisimos","7":"product_tag-amistad","8":"product_tag-comics","9":"product_tag-cuentos-infantiles","10":"product_tag-cuentos-para-ninos","11":"product_tag-futbol","12":"product_tag-literatura-de-humor","13":"product_tag-ntx","14":"product_tag-primer-amor","15":"product_tag-trabajo-en-equipo","16":"pa_codigo-sap-ntx","17":"compania-f-sta-maria-ediciones-sm-es","18":"idiomas-espanol","19":"genero-humor","20":"linea-narrativa","21":"proyecto-editorial-fondo-general","22":"tipo-de-libro-fisico","23":"soporte-libro","24":"autores-enrique-lorenzo-diaz","25":"autores-roberto-santiago","26":"colecciones-los-futbolisimos","27":"personajes-los-futbolisimos","29":"first","30":"instock","31":"taxable","32":"shipping-taxable","33":"purchasable","34":"product-type-simple"},"acf":{"id_catalogo":"650","shortTitle":"LF. 2 EL MISTERIO DE LOS SIETE GOLES EN","descripcion":"Los Futbol&#237;simos se enfrentan al misterio m&#225;s grande que han conocido hasta la fecha: &#191;Es posible ganar un partido de f&#250;tbol sin meter ni un solo gol? &#191;Y dos? &#191;Y un torneo? En ocasiones, meterse un gol en propia puerta esconde mucho m&#225;s de lo que parece a primera vista.","adjuntos":[{"id":"21","titulo":"Ficha del profesor","url":"https:\/\/catalogo.noe-sm.com\/medias\/141854-recur-001-001-pro-savia.pdf?context=bWFzdGVyfHJvb3R8Njg0ODc5fGFwcGxpY2F0aW9uL3BkZnxoZDEvaDhjLzg5OTI3MjYwNTY5OTAucGRmfDcxOTVhMWIxZWU3MDFlYzRlM2M2ZjFhMDhmMjE4NDM5M2M3ODc0ZDM4MzA2Y2Q1ODZjY2U2YmRiMGQwNzg4OGM"},{"id":"20","titulo":"Ficha del alumno","url":"https:\/\/catalogo.noe-sm.com\/medias\/141854-recur-001-004-alu-savia.pdf?context=bWFzdGVyfHJvb3R8MTg1ODc4M3xhcHBsaWNhdGlvbi9wZGZ8aGIxL2hlNC84OTkyNzI2MTIyNTI2LnBkZnxlMWJlMjg4OGFhZmI4ZjQ4OWMxZjkwNWE3ZTM3YWMyZDIzMzMzZDU4NWY3NzM1ZDVjNGViYTFhYTEzNGExNDJl"}],"descriptivePhrases":[{"type":"General","text":"Los Futbol\u00edsimos se enfrentan a un nuevo misterio: \u00bfes posible ganar un torneo sin meter un solo gol?"}],"productSap":"NTX","isbn":"9788467552089","precio_colegios":12.45,"precio_librerias":12.45,"precio_librerias_sin_cobertura":12.45,"precio_distribuidores":12.45,"fecha_disponibilidad":null,"fecha_comercial":"20130516","organizacion_venta":"CS01","datos_para_buscador":"Enrique Lorenzo Diaz, Los Futbol\u00edsimos, Roberto Santiago, Los Futbol\u00edsimos, Los Futbol\u00edsimos, "},"yoast_head":"<!-- This site is optimized with the Yoast SEO plugin v26.6 - https:\/\/yoast.com\/wordpress\/plugins\/seo\/ -->\n<title>Los Futbol\u00edsimos 2: El misterio de los siete goles en propia puerta - Literatura SM Espa\u00f1a<\/title>\n<meta name=\"robots\" content=\"noindex, follow, max-snippet:-1, max-image-preview:large, max-video-preview:-1\" \/>\n<meta property=\"og:locale\" content=\"es_ES\" \/>\n<meta property=\"og:type\" content=\"article\" \/>\n<meta property=\"og:title\" content=\"Los Futbol\u00edsimos 2: El misterio de los siete goles en propia puerta - Literatura SM Espa\u00f1a\" \/>\n<meta property=\"og:url\" content=\"https:\/\/lij.ismeduca.com\/es\/producto\/los-futbolisimos-2-el-misterio-de-los-siete-goles-en-propia-puerta\/\" \/>\n<meta property=\"og:site_name\" content=\"Literatura SM Espa\u00f1a\" \/>\n<meta property=\"article:modified_time\" content=\"2025-12-23T11:34:54+00:00\" \/>\n<meta name=\"twitter:card\" content=\"summary_large_image\" \/>\n<script type=\"application\/ld+json\" class=\"yoast-schema-graph\">{\"@context\":\"https:\/\/schema.org\",\"@graph\":[{\"@type\":\"WebPage\",\"@id\":\"https:\/\/lij.ismeduca.com\/es\/producto\/los-futbolisimos-2-el-misterio-de-los-siete-goles-en-propia-puerta\/\",\"url\":\"https:\/\/lij.ismeduca.com\/es\/producto\/los-futbolisimos-2-el-misterio-de-los-siete-goles-en-propia-puerta\/\",\"name\":\"Los Futbol\u00edsimos 2: El misterio de los siete goles en propia puerta - Literatura SM Espa\u00f1a\",\"isPartOf\":{\"@id\":\"https:\/\/lij.ismeduca.com\/es\/#website\"},\"primaryImageOfPage\":{\"@id\":\"https:\/\/lij.ismeduca.com\/es\/producto\/los-futbolisimos-2-el-misterio-de-los-siete-goles-en-propia-puerta\/#primaryimage\"},\"image\":{\"@id\":\"https:\/\/lij.ismeduca.com\/es\/producto\/los-futbolisimos-2-el-misterio-de-los-siete-goles-en-propia-puerta\/#primaryimage\"},\"thumbnailUrl\":\"https:\/\/lij.ismeduca.com\/es\/wp-content\/uploads\/sites\/10\/2025\/12\/4247.jpg\",\"datePublished\":\"2024-07-11T10:07:52+00:00\",\"dateModified\":\"2025-12-23T11:34:54+00:00\",\"breadcrumb\":{\"@id\":\"https:\/\/lij.ismeduca.com\/es\/producto\/los-futbolisimos-2-el-misterio-de-los-siete-goles-en-propia-puerta\/#breadcrumb\"},\"inLanguage\":\"es\",\"potentialAction\":[{\"@type\":\"ReadAction\",\"target\":[\"https:\/\/lij.ismeduca.com\/es\/producto\/los-futbolisimos-2-el-misterio-de-los-siete-goles-en-propia-puerta\/\"]}]},{\"@type\":\"ImageObject\",\"inLanguage\":\"es\",\"@id\":\"https:\/\/lij.ismeduca.com\/es\/producto\/los-futbolisimos-2-el-misterio-de-los-siete-goles-en-propia-puerta\/#primaryimage\",\"url\":\"https:\/\/lij.ismeduca.com\/es\/wp-content\/uploads\/sites\/10\/2025\/12\/4247.jpg\",\"contentUrl\":\"https:\/\/lij.ismeduca.com\/es\/wp-content\/uploads\/sites\/10\/2025\/12\/4247.jpg\",\"width\":600,\"height\":859},{\"@type\":\"BreadcrumbList\",\"@id\":\"https:\/\/lij.ismeduca.com\/es\/producto\/los-futbolisimos-2-el-misterio-de-los-siete-goles-en-propia-puerta\/#breadcrumb\",\"itemListElement\":[{\"@type\":\"ListItem\",\"position\":1,\"name\":\"Portada\",\"item\":\"https:\/\/lij.ismeduca.com\/es\/\"},{\"@type\":\"ListItem\",\"position\":2,\"name\":\"Tienda\",\"item\":\"https:\/\/lij.ismeduca.com\/es\/tienda\/\"},{\"@type\":\"ListItem\",\"position\":3,\"name\":\"Los Futbol\u00edsimos 2: El misterio de los siete goles en propia puerta\"}]},{\"@type\":\"WebSite\",\"@id\":\"https:\/\/lij.ismeduca.com\/es\/#website\",\"url\":\"https:\/\/lij.ismeduca.com\/es\/\",\"name\":\"Literatura SM Espa\u00f1a\",\"description\":\"\",\"publisher\":{\"@id\":\"https:\/\/lij.ismeduca.com\/es\/#organization\"},\"potentialAction\":[{\"@type\":\"SearchAction\",\"target\":{\"@type\":\"EntryPoint\",\"urlTemplate\":\"https:\/\/lij.ismeduca.com\/es\/?s={search_term_string}\"},\"query-input\":{\"@type\":\"PropertyValueSpecification\",\"valueRequired\":true,\"valueName\":\"search_term_string\"}}],\"inLanguage\":\"es\"},{\"@type\":\"Organization\",\"@id\":\"https:\/\/lij.ismeduca.com\/es\/#organization\",\"name\":\"Literatura SM Espa\u00f1a\",\"url\":\"https:\/\/lij.ismeduca.com\/es\/\",\"logo\":{\"@type\":\"ImageObject\",\"inLanguage\":\"es\",\"@id\":\"https:\/\/lij.ismeduca.com\/es\/#\/schema\/logo\/image\/\",\"url\":\"https:\/\/lij.ismeduca.com\/es\/wp-content\/uploads\/sites\/10\/2024\/07\/logo-cabecera.png\",\"contentUrl\":\"https:\/\/lij.ismeduca.com\/es\/wp-content\/uploads\/sites\/10\/2024\/07\/logo-cabecera.png\",\"width\":396,\"height\":64,\"caption\":\"Literatura SM Espa\u00f1a\"},\"image\":{\"@id\":\"https:\/\/lij.ismeduca.com\/es\/#\/schema\/logo\/image\/\"}}]}<\/script>\n<!-- \/ Yoast SEO plugin. -->","yoast_head_json":{"title":"Los Futbol\u00edsimos 2: El misterio de los siete goles en propia puerta - Literatura SM Espa\u00f1a","robots":{"index":"noindex","follow":"follow","max-snippet":"max-snippet:-1","max-image-preview":"max-image-preview:large","max-video-preview":"max-video-preview:-1"},"og_locale":"es_ES","og_type":"article","og_title":"Los Futbol\u00edsimos 2: El misterio de los siete goles en propia puerta - Literatura SM Espa\u00f1a","og_url":"https:\/\/lij.ismeduca.com\/es\/producto\/los-futbolisimos-2-el-misterio-de-los-siete-goles-en-propia-puerta\/","og_site_name":"Literatura SM Espa\u00f1a","article_modified_time":"2025-12-23T11:34:54+00:00","twitter_card":"summary_large_image","schema":{"@context":"https:\/\/schema.org","@graph":[{"@type":"WebPage","@id":"https:\/\/lij.ismeduca.com\/es\/producto\/los-futbolisimos-2-el-misterio-de-los-siete-goles-en-propia-puerta\/","url":"https:\/\/lij.ismeduca.com\/es\/producto\/los-futbolisimos-2-el-misterio-de-los-siete-goles-en-propia-puerta\/","name":"Los Futbol\u00edsimos 2: El misterio de los siete goles en propia puerta - Literatura SM Espa\u00f1a","isPartOf":{"@id":"https:\/\/lij.ismeduca.com\/es\/#website"},"primaryImageOfPage":{"@id":"https:\/\/lij.ismeduca.com\/es\/producto\/los-futbolisimos-2-el-misterio-de-los-siete-goles-en-propia-puerta\/#primaryimage"},"image":{"@id":"https:\/\/lij.ismeduca.com\/es\/producto\/los-futbolisimos-2-el-misterio-de-los-siete-goles-en-propia-puerta\/#primaryimage"},"thumbnailUrl":"https:\/\/lij.ismeduca.com\/es\/wp-content\/uploads\/sites\/10\/2025\/12\/4247.jpg","datePublished":"2024-07-11T10:07:52+00:00","dateModified":"2025-12-23T11:34:54+00:00","breadcrumb":{"@id":"https:\/\/lij.ismeduca.com\/es\/producto\/los-futbolisimos-2-el-misterio-de-los-siete-goles-en-propia-puerta\/#breadcrumb"},"inLanguage":"es","potentialAction":[{"@type":"ReadAction","target":["https:\/\/lij.ismeduca.com\/es\/producto\/los-futbolisimos-2-el-misterio-de-los-siete-goles-en-propia-puerta\/"]}]},{"@type":"ImageObject","inLanguage":"es","@id":"https:\/\/lij.ismeduca.com\/es\/producto\/los-futbolisimos-2-el-misterio-de-los-siete-goles-en-propia-puerta\/#primaryimage","url":"https:\/\/lij.ismeduca.com\/es\/wp-content\/uploads\/sites\/10\/2025\/12\/4247.jpg","contentUrl":"https:\/\/lij.ismeduca.com\/es\/wp-content\/uploads\/sites\/10\/2025\/12\/4247.jpg","width":600,"height":859},{"@type":"BreadcrumbList","@id":"https:\/\/lij.ismeduca.com\/es\/producto\/los-futbolisimos-2-el-misterio-de-los-siete-goles-en-propia-puerta\/#breadcrumb","itemListElement":[{"@type":"ListItem","position":1,"name":"Portada","item":"https:\/\/lij.ismeduca.com\/es\/"},{"@type":"ListItem","position":2,"name":"Tienda","item":"https:\/\/lij.ismeduca.com\/es\/tienda\/"},{"@type":"ListItem","position":3,"name":"Los Futbol\u00edsimos 2: El misterio de los siete goles en propia puerta"}]},{"@type":"WebSite","@id":"https:\/\/lij.ismeduca.com\/es\/#website","url":"https:\/\/lij.ismeduca.com\/es\/","name":"Literatura SM Espa\u00f1a","description":"","publisher":{"@id":"https:\/\/lij.ismeduca.com\/es\/#organization"},"potentialAction":[{"@type":"SearchAction","target":{"@type":"EntryPoint","urlTemplate":"https:\/\/lij.ismeduca.com\/es\/?s={search_term_string}"},"query-input":{"@type":"PropertyValueSpecification","valueRequired":true,"valueName":"search_term_string"}}],"inLanguage":"es"},{"@type":"Organization","@id":"https:\/\/lij.ismeduca.com\/es\/#organization","name":"Literatura SM Espa\u00f1a","url":"https:\/\/lij.ismeduca.com\/es\/","logo":{"@type":"ImageObject","inLanguage":"es","@id":"https:\/\/lij.ismeduca.com\/es\/#\/schema\/logo\/image\/","url":"https:\/\/lij.ismeduca.com\/es\/wp-content\/uploads\/sites\/10\/2024\/07\/logo-cabecera.png","contentUrl":"https:\/\/lij.ismeduca.com\/es\/wp-content\/uploads\/sites\/10\/2024\/07\/logo-cabecera.png","width":396,"height":64,"caption":"Literatura SM Espa\u00f1a"},"image":{"@id":"https:\/\/lij.ismeduca.com\/es\/#\/schema\/logo\/image\/"}}]}},"_links":{"self":[{"href":"https:\/\/lij.ismeduca.com\/es\/wp-json\/wp\/v2\/product\/4247","targetHints":{"allow":["GET"]}}],"collection":[{"href":"https:\/\/lij.ismeduca.com\/es\/wp-json\/wp\/v2\/product"}],"about":[{"href":"https:\/\/lij.ismeduca.com\/es\/wp-json\/wp\/v2\/types\/product"}],"version-history":[{"count":1,"href":"https:\/\/lij.ismeduca.com\/es\/wp-json\/wp\/v2\/product\/4247\/revisions"}],"predecessor-version":[{"id":30671,"href":"https:\/\/lij.ismeduca.com\/es\/wp-json\/wp\/v2\/product\/4247\/revisions\/30671"}],"wp:featuredmedia":[{"embeddable":true,"href":"https:\/\/lij.ismeduca.com\/es\/wp-json\/wp\/v2\/media\/36423"}],"wp:attachment":[{"href":"https:\/\/lij.ismeduca.com\/es\/wp-json\/wp\/v2\/media?parent=4247"}],"wp:term":[{"taxonomy":"product_brand","embeddable":true,"href":"https:\/\/lij.ismeduca.com\/es\/wp-json\/wp\/v2\/product_brand?post=4247"},{"taxonomy":"product_cat","embeddable":true,"href":"https:\/\/lij.ismeduca.com\/es\/wp-json\/wp\/v2\/product_cat?post=4247"},{"taxonomy":"product_tag","embeddable":true,"href":"https:\/\/lij.ismeduca.com\/es\/wp-json\/wp\/v2\/product_tag?post=4247"},{"taxonomy":"asignatura","embeddable":true,"href":"https:\/\/lij.ismeduca.com\/es\/wp-json\/wp\/v2\/asignatura?post=4247"},{"taxonomy":"compania","embeddable":true,"href":"https:\/\/lij.ismeduca.com\/es\/wp-json\/wp\/v2\/compania?post=4247"},{"taxonomy":"curso","embeddable":true,"href":"https:\/\/lij.ismeduca.com\/es\/wp-json\/wp\/v2\/curso?post=4247"},{"taxonomy":"idiomas","embeddable":true,"href":"https:\/\/lij.ismeduca.com\/es\/wp-json\/wp\/v2\/idiomas?post=4247"},{"taxonomy":"genero","embeddable":true,"href":"https:\/\/lij.ismeduca.com\/es\/wp-json\/wp\/v2\/genero?post=4247"},{"taxonomy":"linea","embeddable":true,"href":"https:\/\/lij.ismeduca.com\/es\/wp-json\/wp\/v2\/linea?post=4247"},{"taxonomy":"premio","embeddable":true,"href":"https:\/\/lij.ismeduca.com\/es\/wp-json\/wp\/v2\/premio?post=4247"},{"taxonomy":"proyecto-editorial","embeddable":true,"href":"https:\/\/lij.ismeduca.com\/es\/wp-json\/wp\/v2\/proyecto-editorial?post=4247"},{"taxonomy":"tipo-de-libro","embeddable":true,"href":"https:\/\/lij.ismeduca.com\/es\/wp-json\/wp\/v2\/tipo-de-libro?post=4247"},{"taxonomy":"soporte","embeddable":true,"href":"https:\/\/lij.ismeduca.com\/es\/wp-json\/wp\/v2\/soporte?post=4247"},{"taxonomy":"zona-geografica","embeddable":true,"href":"https:\/\/lij.ismeduca.com\/es\/wp-json\/wp\/v2\/zona-geografica?post=4247"},{"taxonomy":"autores","embeddable":true,"href":"https:\/\/lij.ismeduca.com\/es\/wp-json\/wp\/v2\/autores?post=4247"},{"taxonomy":"colecciones","embeddable":true,"href":"https:\/\/lij.ismeduca.com\/es\/wp-json\/wp\/v2\/colecciones?post=4247"},{"taxonomy":"personajes","embeddable":true,"href":"https:\/\/lij.ismeduca.com\/es\/wp-json\/wp\/v2\/personajes?post=4247"}],"curies":[{"name":"wp","href":"https:\/\/api.w.org\/{rel}","templated":true}]}}