{"id":4260,"date":"2015-05-13T00:00:00","date_gmt":"2024-07-11T10:07:58","guid":{"rendered":"https:\/\/lij.ismeduca.com\/tienda\/?post_type=product&#038;p=4260"},"modified":"2025-12-23T12:37:26","modified_gmt":"2025-12-23T11:37:26","slug":"els-futbolissims-6-el-misteri-del-castell-embruixat","status":"publish","type":"product","link":"https:\/\/lij.ismeduca.com\/es\/producto\/els-futbolissims-6-el-misteri-del-castell-embruixat\/","title":{"rendered":"Els Futbol\u00edssims 6: El misteri del castell embruixat"},"content":{"rendered":"","protected":false},"excerpt":{"rendered":"<p><P>Una col&#183;lecci&#243; d&#8217;humor, amistat i molt de futbol!<\/P><P>L&#8217;equip de futbol 7 de l&#8217;escola Pla de Dalt no &#233;s nom&#233;s un equip de futbol. &#201;s molt m&#233;s. S&#243;n els Futbol&#237;ssims: han fet un pacte i res ni ning&#250; no els separar&#224; mai. Passi el que passi. Quan se&#8217;n van a Esc&#242;cia, seguint una idea del seu entrenador, el Morley, a participar en el m&#237;tic torneig de les sis nacions, un munt de dificultats posaran a prova la seva amistat i les seves dots esportives. Quin inter&#232;s hi t&#233;, el Morley, en aquest torneig? Qu&#232; &#233;s aquesta estranya pres&#232;ncia que s&#8217;apareix cada nit als Futbol&#237;ssims?<\/P><\/p>\n","protected":false},"featured_media":36458,"template":"","meta":{"_acf_changed":false,"inline_featured_image":false},"product_brand":[],"product_cat":[4732],"product_tag":[268,851,599,1001,253,981,2058,704],"asignatura":[],"compania":[258],"curso":[],"idiomas":[1951],"genero":[308],"linea":[250],"premio":[],"proyecto-editorial":[323],"tipo-de-libro":[249],"soporte":[2004],"zona-geografica":[],"autores":[4446,4387,4216],"colecciones":[2300],"personajes":[2126],"class_list":{"0":"post-4260","1":"product","2":"type-product","3":"status-publish","4":"has-post-thumbnail","6":"product_cat-los-futbolisimos","7":"product_tag-amistad","8":"product_tag-autonomia","9":"product_tag-curiosidad","10":"product_tag-futbol","11":"product_tag-literatura-de-humor","12":"product_tag-literatura-de-misterio","13":"product_tag-ntx","14":"product_tag-primer-amor","15":"pa_codigo-sap-ntx","16":"compania-editorial-cruilla-s-a-es","17":"idiomas-catalan","18":"genero-realismo","19":"linea-narrativa","20":"proyecto-editorial-6-12","21":"tipo-de-libro-fisico","22":"soporte-libro","23":"autores-enrique-lorenzo-diaz","24":"autores-josep-sampere-i-marti","25":"autores-roberto-santiago","26":"colecciones-els-futbolissims","27":"personajes-los-futbolisimos","29":"first","30":"instock","31":"taxable","32":"shipping-taxable","33":"purchasable","34":"product-type-simple"},"acf":{"id_catalogo":"650","shortTitle":"C-EF. 6 EL MISTERI DEL CASTELL EMBRUIXAT","descripcion":"<P>Una col&#183;lecci&#243; d&#8217;humor, amistat i molt de futbol!<\/P><P>L'equip de futbol 7 de l'escola Pla de Dalt no &#233;s nom&#233;s un equip de futbol. &#201;s molt m&#233;s. S&#243;n els Futbol&#237;ssims: han fet un pacte i res ni ning&#250; no els separar&#224; mai. Passi el que passi. Quan se'n van a Esc&#242;cia, seguint una idea del seu entrenador, el Morley, a participar en el m&#237;tic torneig de les sis nacions, un munt de dificultats posaran a prova la seva amistat i les seves dots esportives. Quin inter&#232;s hi t&#233;, el Morley, en aquest torneig? Qu&#232; &#233;s aquesta estranya pres&#232;ncia que s'apareix cada nit als Futbol&#237;ssims?<\/P>","adjuntos":[{"id":"4","titulo":"Primer cap\u00edtulo \/ Unidad Modelo","url":"https:\/\/catalogo.noe-sm.com\/medias\/ES160216-008098.pdf?context=bWFzdGVyfG1pZ3JhdGlvbnw4MDQyNDd8YXBwbGljYXRpb24vcGRmfG1pZ3JhdGlvbi9oMjQvaDI4Lzg4MTk2MTQ3NzczNzQucGRmfDZlNzk2YzViNGEwMjc1ZjNkNDA5MWU5NjVlNTAxOWZlN2M3OGU3YzI0MzVlYThjNmU0MTNhMGQ0NTA5YWU4NDk"},{"id":"2","titulo":"Documentos de texto","url":"https:\/\/catalogo.noe-sm.com\/medias\/ES160216-008391.pdf?context=bWFzdGVyfG1pZ3JhdGlvbnwxMTYwOTM5fGFwcGxpY2F0aW9uL3BkZnxtaWdyYXRpb24vaDQ4L2g5OS84ODE5NDEyNTk4ODE0LnBkZnxlMjVjMjA5MTNjZTc3MTI2NjEwNmYwYjJkNTc4ZDhkNGNiOWRlYTllNmU0ODcyNzM5ZGQzNGQ1NGQxNTkwOTVi"},{"id":"2","titulo":"Documentos de texto","url":"https:\/\/catalogo.noe-sm.com\/medias\/ES160216-008397.pdf?context=bWFzdGVyfG1pZ3JhdGlvbnwxODA2NjV8YXBwbGljYXRpb24vcGRmfG1pZ3JhdGlvbi9oNjUvaDUyLzg4MTk1NDM4MDE4ODYucGRmfGI4ZTA3NDg4MmE4YWQxZmUwNTk5ZDgzODdhMzFmYTUxNGU5YzRjMWI4NTgzNGFhNDVmYWUzNzhiZjdmZTI2ZWM"},{"id":"2","titulo":"Documentos de texto","url":"https:\/\/catalogo.noe-sm.com\/medias\/ES160216-008398.pdf?context=bWFzdGVyfG1pZ3JhdGlvbnwyMzMxNjh8YXBwbGljYXRpb24vcGRmfG1pZ3JhdGlvbi9oODEvaDVmLzg4MTk0NDQzMTgyMzgucGRmfDNlMjkxYzVlZWQxZTMxZWJiOGQ5YzU0ZWYwZmI0NjI5Mzk3ZDA5ZGFlMzc2NGZhN2QyZjJhMmMzMzFiNTM4MjU"},{"id":"12","titulo":"Web","url":""},{"id":"12","titulo":"Web","url":""}],"descriptivePhrases":[{"type":"General","text":"Els Futbol\u00edssims, capitanejats pel Morley, se'n van a Esc\u00f2cia a participar en el m\u00edtic torneig dels sis clans. Hauran de passar unes proves dur\u00edssimes per aconseguir el castell Mac Leod."}],"productSap":"NTX","isbn":"9788466137720","precio_colegios":12.45,"precio_librerias":12.45,"precio_librerias_sin_cobertura":12.45,"precio_distribuidores":12.45,"fecha_disponibilidad":null,"fecha_comercial":"20150513","organizacion_venta":"CS01","datos_para_buscador":"Enrique Lorenzo Diaz, Los Futbol\u00edsimos, Josep Sampere i Mart\u00ed, Roberto Santiago, Los Futbol\u00edsimos, Els Futbol\u00edssims, "},"yoast_head":"<!-- This site is optimized with the Yoast SEO plugin v26.6 - https:\/\/yoast.com\/wordpress\/plugins\/seo\/ -->\n<title>Els Futbol\u00edssims 6: El misteri del castell embruixat - Literatura SM Espa\u00f1a<\/title>\n<meta name=\"robots\" content=\"noindex, follow, max-snippet:-1, max-image-preview:large, max-video-preview:-1\" \/>\n<meta property=\"og:locale\" content=\"es_ES\" \/>\n<meta property=\"og:type\" content=\"article\" \/>\n<meta property=\"og:title\" content=\"Els Futbol\u00edssims 6: El misteri del castell embruixat - Literatura SM Espa\u00f1a\" \/>\n<meta property=\"og:url\" content=\"https:\/\/lij.ismeduca.com\/es\/producto\/els-futbolissims-6-el-misteri-del-castell-embruixat\/\" \/>\n<meta property=\"og:site_name\" content=\"Literatura SM Espa\u00f1a\" \/>\n<meta property=\"article:modified_time\" content=\"2025-12-23T11:37:26+00:00\" \/>\n<meta name=\"twitter:card\" content=\"summary_large_image\" \/>\n<script type=\"application\/ld+json\" class=\"yoast-schema-graph\">{\"@context\":\"https:\/\/schema.org\",\"@graph\":[{\"@type\":\"WebPage\",\"@id\":\"https:\/\/lij.ismeduca.com\/es\/producto\/els-futbolissims-6-el-misteri-del-castell-embruixat\/\",\"url\":\"https:\/\/lij.ismeduca.com\/es\/producto\/els-futbolissims-6-el-misteri-del-castell-embruixat\/\",\"name\":\"Els Futbol\u00edssims 6: El misteri del castell embruixat - Literatura SM Espa\u00f1a\",\"isPartOf\":{\"@id\":\"https:\/\/lij.ismeduca.com\/es\/#website\"},\"primaryImageOfPage\":{\"@id\":\"https:\/\/lij.ismeduca.com\/es\/producto\/els-futbolissims-6-el-misteri-del-castell-embruixat\/#primaryimage\"},\"image\":{\"@id\":\"https:\/\/lij.ismeduca.com\/es\/producto\/els-futbolissims-6-el-misteri-del-castell-embruixat\/#primaryimage\"},\"thumbnailUrl\":\"https:\/\/lij.ismeduca.com\/es\/wp-content\/uploads\/sites\/10\/2025\/12\/4260.jpg\",\"datePublished\":\"2024-07-11T10:07:58+00:00\",\"dateModified\":\"2025-12-23T11:37:26+00:00\",\"breadcrumb\":{\"@id\":\"https:\/\/lij.ismeduca.com\/es\/producto\/els-futbolissims-6-el-misteri-del-castell-embruixat\/#breadcrumb\"},\"inLanguage\":\"es\",\"potentialAction\":[{\"@type\":\"ReadAction\",\"target\":[\"https:\/\/lij.ismeduca.com\/es\/producto\/els-futbolissims-6-el-misteri-del-castell-embruixat\/\"]}]},{\"@type\":\"ImageObject\",\"inLanguage\":\"es\",\"@id\":\"https:\/\/lij.ismeduca.com\/es\/producto\/els-futbolissims-6-el-misteri-del-castell-embruixat\/#primaryimage\",\"url\":\"https:\/\/lij.ismeduca.com\/es\/wp-content\/uploads\/sites\/10\/2025\/12\/4260.jpg\",\"contentUrl\":\"https:\/\/lij.ismeduca.com\/es\/wp-content\/uploads\/sites\/10\/2025\/12\/4260.jpg\",\"width\":417,\"height\":600},{\"@type\":\"BreadcrumbList\",\"@id\":\"https:\/\/lij.ismeduca.com\/es\/producto\/els-futbolissims-6-el-misteri-del-castell-embruixat\/#breadcrumb\",\"itemListElement\":[{\"@type\":\"ListItem\",\"position\":1,\"name\":\"Portada\",\"item\":\"https:\/\/lij.ismeduca.com\/es\/\"},{\"@type\":\"ListItem\",\"position\":2,\"name\":\"Tienda\",\"item\":\"https:\/\/lij.ismeduca.com\/es\/tienda\/\"},{\"@type\":\"ListItem\",\"position\":3,\"name\":\"Els Futbol\u00edssims 6: El misteri del castell embruixat\"}]},{\"@type\":\"WebSite\",\"@id\":\"https:\/\/lij.ismeduca.com\/es\/#website\",\"url\":\"https:\/\/lij.ismeduca.com\/es\/\",\"name\":\"Literatura SM Espa\u00f1a\",\"description\":\"\",\"publisher\":{\"@id\":\"https:\/\/lij.ismeduca.com\/es\/#organization\"},\"potentialAction\":[{\"@type\":\"SearchAction\",\"target\":{\"@type\":\"EntryPoint\",\"urlTemplate\":\"https:\/\/lij.ismeduca.com\/es\/?s={search_term_string}\"},\"query-input\":{\"@type\":\"PropertyValueSpecification\",\"valueRequired\":true,\"valueName\":\"search_term_string\"}}],\"inLanguage\":\"es\"},{\"@type\":\"Organization\",\"@id\":\"https:\/\/lij.ismeduca.com\/es\/#organization\",\"name\":\"Literatura SM Espa\u00f1a\",\"url\":\"https:\/\/lij.ismeduca.com\/es\/\",\"logo\":{\"@type\":\"ImageObject\",\"inLanguage\":\"es\",\"@id\":\"https:\/\/lij.ismeduca.com\/es\/#\/schema\/logo\/image\/\",\"url\":\"https:\/\/lij.ismeduca.com\/es\/wp-content\/uploads\/sites\/10\/2024\/07\/logo-cabecera.png\",\"contentUrl\":\"https:\/\/lij.ismeduca.com\/es\/wp-content\/uploads\/sites\/10\/2024\/07\/logo-cabecera.png\",\"width\":396,\"height\":64,\"caption\":\"Literatura SM Espa\u00f1a\"},\"image\":{\"@id\":\"https:\/\/lij.ismeduca.com\/es\/#\/schema\/logo\/image\/\"}}]}<\/script>\n<!-- \/ Yoast SEO plugin. -->","yoast_head_json":{"title":"Els Futbol\u00edssims 6: El misteri del castell embruixat - Literatura SM Espa\u00f1a","robots":{"index":"noindex","follow":"follow","max-snippet":"max-snippet:-1","max-image-preview":"max-image-preview:large","max-video-preview":"max-video-preview:-1"},"og_locale":"es_ES","og_type":"article","og_title":"Els Futbol\u00edssims 6: El misteri del castell embruixat - Literatura SM Espa\u00f1a","og_url":"https:\/\/lij.ismeduca.com\/es\/producto\/els-futbolissims-6-el-misteri-del-castell-embruixat\/","og_site_name":"Literatura SM Espa\u00f1a","article_modified_time":"2025-12-23T11:37:26+00:00","twitter_card":"summary_large_image","schema":{"@context":"https:\/\/schema.org","@graph":[{"@type":"WebPage","@id":"https:\/\/lij.ismeduca.com\/es\/producto\/els-futbolissims-6-el-misteri-del-castell-embruixat\/","url":"https:\/\/lij.ismeduca.com\/es\/producto\/els-futbolissims-6-el-misteri-del-castell-embruixat\/","name":"Els Futbol\u00edssims 6: El misteri del castell embruixat - Literatura SM Espa\u00f1a","isPartOf":{"@id":"https:\/\/lij.ismeduca.com\/es\/#website"},"primaryImageOfPage":{"@id":"https:\/\/lij.ismeduca.com\/es\/producto\/els-futbolissims-6-el-misteri-del-castell-embruixat\/#primaryimage"},"image":{"@id":"https:\/\/lij.ismeduca.com\/es\/producto\/els-futbolissims-6-el-misteri-del-castell-embruixat\/#primaryimage"},"thumbnailUrl":"https:\/\/lij.ismeduca.com\/es\/wp-content\/uploads\/sites\/10\/2025\/12\/4260.jpg","datePublished":"2024-07-11T10:07:58+00:00","dateModified":"2025-12-23T11:37:26+00:00","breadcrumb":{"@id":"https:\/\/lij.ismeduca.com\/es\/producto\/els-futbolissims-6-el-misteri-del-castell-embruixat\/#breadcrumb"},"inLanguage":"es","potentialAction":[{"@type":"ReadAction","target":["https:\/\/lij.ismeduca.com\/es\/producto\/els-futbolissims-6-el-misteri-del-castell-embruixat\/"]}]},{"@type":"ImageObject","inLanguage":"es","@id":"https:\/\/lij.ismeduca.com\/es\/producto\/els-futbolissims-6-el-misteri-del-castell-embruixat\/#primaryimage","url":"https:\/\/lij.ismeduca.com\/es\/wp-content\/uploads\/sites\/10\/2025\/12\/4260.jpg","contentUrl":"https:\/\/lij.ismeduca.com\/es\/wp-content\/uploads\/sites\/10\/2025\/12\/4260.jpg","width":417,"height":600},{"@type":"BreadcrumbList","@id":"https:\/\/lij.ismeduca.com\/es\/producto\/els-futbolissims-6-el-misteri-del-castell-embruixat\/#breadcrumb","itemListElement":[{"@type":"ListItem","position":1,"name":"Portada","item":"https:\/\/lij.ismeduca.com\/es\/"},{"@type":"ListItem","position":2,"name":"Tienda","item":"https:\/\/lij.ismeduca.com\/es\/tienda\/"},{"@type":"ListItem","position":3,"name":"Els Futbol\u00edssims 6: El misteri del castell embruixat"}]},{"@type":"WebSite","@id":"https:\/\/lij.ismeduca.com\/es\/#website","url":"https:\/\/lij.ismeduca.com\/es\/","name":"Literatura SM Espa\u00f1a","description":"","publisher":{"@id":"https:\/\/lij.ismeduca.com\/es\/#organization"},"potentialAction":[{"@type":"SearchAction","target":{"@type":"EntryPoint","urlTemplate":"https:\/\/lij.ismeduca.com\/es\/?s={search_term_string}"},"query-input":{"@type":"PropertyValueSpecification","valueRequired":true,"valueName":"search_term_string"}}],"inLanguage":"es"},{"@type":"Organization","@id":"https:\/\/lij.ismeduca.com\/es\/#organization","name":"Literatura SM Espa\u00f1a","url":"https:\/\/lij.ismeduca.com\/es\/","logo":{"@type":"ImageObject","inLanguage":"es","@id":"https:\/\/lij.ismeduca.com\/es\/#\/schema\/logo\/image\/","url":"https:\/\/lij.ismeduca.com\/es\/wp-content\/uploads\/sites\/10\/2024\/07\/logo-cabecera.png","contentUrl":"https:\/\/lij.ismeduca.com\/es\/wp-content\/uploads\/sites\/10\/2024\/07\/logo-cabecera.png","width":396,"height":64,"caption":"Literatura SM Espa\u00f1a"},"image":{"@id":"https:\/\/lij.ismeduca.com\/es\/#\/schema\/logo\/image\/"}}]}},"_links":{"self":[{"href":"https:\/\/lij.ismeduca.com\/es\/wp-json\/wp\/v2\/product\/4260","targetHints":{"allow":["GET"]}}],"collection":[{"href":"https:\/\/lij.ismeduca.com\/es\/wp-json\/wp\/v2\/product"}],"about":[{"href":"https:\/\/lij.ismeduca.com\/es\/wp-json\/wp\/v2\/types\/product"}],"version-history":[{"count":1,"href":"https:\/\/lij.ismeduca.com\/es\/wp-json\/wp\/v2\/product\/4260\/revisions"}],"predecessor-version":[{"id":30685,"href":"https:\/\/lij.ismeduca.com\/es\/wp-json\/wp\/v2\/product\/4260\/revisions\/30685"}],"wp:featuredmedia":[{"embeddable":true,"href":"https:\/\/lij.ismeduca.com\/es\/wp-json\/wp\/v2\/media\/36458"}],"wp:attachment":[{"href":"https:\/\/lij.ismeduca.com\/es\/wp-json\/wp\/v2\/media?parent=4260"}],"wp:term":[{"taxonomy":"product_brand","embeddable":true,"href":"https:\/\/lij.ismeduca.com\/es\/wp-json\/wp\/v2\/product_brand?post=4260"},{"taxonomy":"product_cat","embeddable":true,"href":"https:\/\/lij.ismeduca.com\/es\/wp-json\/wp\/v2\/product_cat?post=4260"},{"taxonomy":"product_tag","embeddable":true,"href":"https:\/\/lij.ismeduca.com\/es\/wp-json\/wp\/v2\/product_tag?post=4260"},{"taxonomy":"asignatura","embeddable":true,"href":"https:\/\/lij.ismeduca.com\/es\/wp-json\/wp\/v2\/asignatura?post=4260"},{"taxonomy":"compania","embeddable":true,"href":"https:\/\/lij.ismeduca.com\/es\/wp-json\/wp\/v2\/compania?post=4260"},{"taxonomy":"curso","embeddable":true,"href":"https:\/\/lij.ismeduca.com\/es\/wp-json\/wp\/v2\/curso?post=4260"},{"taxonomy":"idiomas","embeddable":true,"href":"https:\/\/lij.ismeduca.com\/es\/wp-json\/wp\/v2\/idiomas?post=4260"},{"taxonomy":"genero","embeddable":true,"href":"https:\/\/lij.ismeduca.com\/es\/wp-json\/wp\/v2\/genero?post=4260"},{"taxonomy":"linea","embeddable":true,"href":"https:\/\/lij.ismeduca.com\/es\/wp-json\/wp\/v2\/linea?post=4260"},{"taxonomy":"premio","embeddable":true,"href":"https:\/\/lij.ismeduca.com\/es\/wp-json\/wp\/v2\/premio?post=4260"},{"taxonomy":"proyecto-editorial","embeddable":true,"href":"https:\/\/lij.ismeduca.com\/es\/wp-json\/wp\/v2\/proyecto-editorial?post=4260"},{"taxonomy":"tipo-de-libro","embeddable":true,"href":"https:\/\/lij.ismeduca.com\/es\/wp-json\/wp\/v2\/tipo-de-libro?post=4260"},{"taxonomy":"soporte","embeddable":true,"href":"https:\/\/lij.ismeduca.com\/es\/wp-json\/wp\/v2\/soporte?post=4260"},{"taxonomy":"zona-geografica","embeddable":true,"href":"https:\/\/lij.ismeduca.com\/es\/wp-json\/wp\/v2\/zona-geografica?post=4260"},{"taxonomy":"autores","embeddable":true,"href":"https:\/\/lij.ismeduca.com\/es\/wp-json\/wp\/v2\/autores?post=4260"},{"taxonomy":"colecciones","embeddable":true,"href":"https:\/\/lij.ismeduca.com\/es\/wp-json\/wp\/v2\/colecciones?post=4260"},{"taxonomy":"personajes","embeddable":true,"href":"https:\/\/lij.ismeduca.com\/es\/wp-json\/wp\/v2\/personajes?post=4260"}],"curies":[{"name":"wp","href":"https:\/\/api.w.org\/{rel}","templated":true}]}}