{"id":4268,"date":"2014-04-07T00:00:00","date_gmt":"2024-07-11T10:08:02","guid":{"rendered":"https:\/\/lij.ismeduca.com\/tienda\/?post_type=product&#038;p=4268"},"modified":"2025-12-23T12:35:30","modified_gmt":"2025-12-23T11:35:30","slug":"los-futbolisimos-4-el-misterio-del-ojo-de-halcon","status":"publish","type":"product","link":"https:\/\/lij.ismeduca.com\/es\/producto\/los-futbolisimos-4-el-misterio-del-ojo-de-halcon\/","title":{"rendered":"Los Futbol\u00edsimos 4: El misterio del ojo de halc\u00f3n"},"content":{"rendered":"","protected":false},"excerpt":{"rendered":"<p>&#191;Te imaginas que en la vida real se pudiera rebobinar y ver lo que acabamos de hacer a c&#225;mara lenta? Pues algo as&#237; es lo que ocurre con el ojo de halc&#243;n, que se vuelven a ver las jugadas de un partido justo despu&#233;s de que acaban de ocurrir para ver si ha sido gol, falta o fuera de juego.<\/p>\n<p>Los Futbol&#237;simos se enfrentan al reto de descubrir qui&#233;n est&#225; llenando el pueblo de an&#243;nimos con secretos de su vida privada. Y adem&#225;s jugar un torneo de f&#250;tbol de Navidad con algunos de los mejores equipos del pa&#237;s, donde por primera vez se va a probar el ojo de halc&#243;n en el f&#250;tbol.<\/p>\n","protected":false},"featured_media":36414,"template":"","meta":{"_acf_changed":false,"inline_featured_image":false},"product_brand":[],"product_cat":[4732],"product_tag":[268,240,242,1001,253,329,699,2058,704,354],"asignatura":[],"compania":[252],"curso":[],"idiomas":[1948],"genero":[256],"linea":[250],"premio":[],"proyecto-editorial":[251],"tipo-de-libro":[249],"soporte":[2004],"zona-geografica":[],"autores":[4446,4216],"colecciones":[2356],"personajes":[2126],"class_list":{"0":"post-4268","1":"product","2":"type-product","3":"status-publish","4":"has-post-thumbnail","6":"product_cat-los-futbolisimos","7":"product_tag-amistad","8":"product_tag-cuentos-infantiles","9":"product_tag-cuentos-para-ninos","10":"product_tag-futbol","11":"product_tag-literatura-de-humor","12":"product_tag-literatura-realista","13":"product_tag-misterios","14":"product_tag-ntx","15":"product_tag-primer-amor","16":"product_tag-trabajo-en-equipo","17":"pa_codigo-sap-ntx","18":"compania-f-sta-maria-ediciones-sm-es","19":"idiomas-espanol","20":"genero-humor","21":"linea-narrativa","22":"proyecto-editorial-fondo-general","23":"tipo-de-libro-fisico","24":"soporte-libro","25":"autores-enrique-lorenzo-diaz","26":"autores-roberto-santiago","27":"colecciones-los-futbolisimos","28":"personajes-los-futbolisimos","30":"first","31":"instock","32":"taxable","33":"shipping-taxable","34":"purchasable","35":"product-type-simple"},"acf":{"id_catalogo":"650","shortTitle":"LF. 4 EL MISTERIO DEL OJO DE HALCON","descripcion":"&#191;Te imaginas que en la vida real se pudiera rebobinar y ver lo que acabamos de hacer a c&#225;mara lenta? Pues algo as&#237; es lo que ocurre con el ojo de halc&#243;n, que se vuelven a ver las jugadas de un partido justo despu&#233;s de que acaban de ocurrir para ver si ha sido gol, falta o fuera de juego.<br \/><br \/>Los Futbol&#237;simos se enfrentan al reto de descubrir qui&#233;n est&#225; llenando el pueblo de an&#243;nimos con secretos de su vida privada. Y adem&#225;s jugar un torneo de f&#250;tbol de Navidad con algunos de los mejores equipos del pa&#237;s, donde por primera vez se va a probar el ojo de halc&#243;n en el f&#250;tbol.","adjuntos":[{"id":"4","titulo":"Primer cap\u00edtulo \/ Unidad Modelo","url":"https:\/\/catalogo.noe-sm.com\/medias\/ES149224-009659.pdf?context=bWFzdGVyfG1pZ3JhdGlvbnw1NTAzODc5fGFwcGxpY2F0aW9uL3BkZnxtaWdyYXRpb24vaGVkL2hjNi84ODE5NDk2NjE1OTY2LnBkZnw3OTBkMjBkOTdkMzUxZmE3YTViOGEyYmZkZjY2N2ZkODM2ODUxMDUyZGJkNGQwMTMxMjU3NzBiZjUzYjUyNzRh"},{"id":"21","titulo":"Ficha del profesor","url":"https:\/\/catalogo.noe-sm.com\/medias\/149224-recur-001-001-pro-savia.pdf?context=bWFzdGVyfHJvb3R8MTU2OTM3fGFwcGxpY2F0aW9uL3BkZnxoZmIvaDk5LzkwMzcyNTk4OTg5MTAucGRmfDM0Yzc5NzZjNjI2ZGI3YzNkOGFiMDAxMzMwNmY4NTQxZDI4ZDVkNjA1YWU4OTAxNTU4N2Q0NmVmODkwMjQwZTI"},{"id":"20","titulo":"Ficha del alumno","url":"https:\/\/catalogo.noe-sm.com\/medias\/149224-recur-001-004-alu-savia.pdf?context=bWFzdGVyfHJvb3R8NzgyNzc5fGFwcGxpY2F0aW9uL3BkZnxoMmQvaDNjLzkwMzcyNTk5NjQ0NDYucGRmfDRiMDQxYTc1MDUxNmMyMjk2YjQ5N2Q2OGMwYTZmOGJkNDUxMzBlYmRlM2IxNDJhNWM4N2Y1YjY5ODJkZGMxMDY"}],"descriptivePhrases":[{"type":"General","text":"\u00bfTe imaginas que en la vida real se pudiera rebobinar y ver lo que acabamos de hacer a c\u00e1mara lenta? Eso es m\u00e1s o menos lo que hace el ojo de halc\u00f3n, y por primera vez se va a utilizar en un partido de f\u00fatbol infantil. \u00bfO quiz\u00e1 sirva para algo m\u00e1s?"}],"productSap":"NTX","isbn":"9788467569766","precio_colegios":12.45,"precio_librerias":12.45,"precio_librerias_sin_cobertura":12.45,"precio_distribuidores":12.45,"fecha_disponibilidad":null,"fecha_comercial":"20140407","organizacion_venta":"CS01","datos_para_buscador":"Los Futbol\u00edsimos, Enrique Lorenzo Diaz, Roberto Santiago, Los Futbol\u00edsimos, Los Futbol\u00edsimos, "},"yoast_head":"<!-- This site is optimized with the Yoast SEO plugin v26.6 - https:\/\/yoast.com\/wordpress\/plugins\/seo\/ -->\n<title>Los Futbol\u00edsimos 4: El misterio del ojo de halc\u00f3n - Literatura SM Espa\u00f1a<\/title>\n<meta name=\"robots\" content=\"noindex, follow, max-snippet:-1, max-image-preview:large, max-video-preview:-1\" \/>\n<meta property=\"og:locale\" content=\"es_ES\" \/>\n<meta property=\"og:type\" content=\"article\" \/>\n<meta property=\"og:title\" content=\"Los Futbol\u00edsimos 4: El misterio del ojo de halc\u00f3n - Literatura SM Espa\u00f1a\" \/>\n<meta property=\"og:url\" content=\"https:\/\/lij.ismeduca.com\/es\/producto\/los-futbolisimos-4-el-misterio-del-ojo-de-halcon\/\" \/>\n<meta property=\"og:site_name\" content=\"Literatura SM Espa\u00f1a\" \/>\n<meta property=\"article:modified_time\" content=\"2025-12-23T11:35:30+00:00\" \/>\n<meta name=\"twitter:card\" content=\"summary_large_image\" \/>\n<script type=\"application\/ld+json\" class=\"yoast-schema-graph\">{\"@context\":\"https:\/\/schema.org\",\"@graph\":[{\"@type\":\"WebPage\",\"@id\":\"https:\/\/lij.ismeduca.com\/es\/producto\/los-futbolisimos-4-el-misterio-del-ojo-de-halcon\/\",\"url\":\"https:\/\/lij.ismeduca.com\/es\/producto\/los-futbolisimos-4-el-misterio-del-ojo-de-halcon\/\",\"name\":\"Los Futbol\u00edsimos 4: El misterio del ojo de halc\u00f3n - Literatura SM Espa\u00f1a\",\"isPartOf\":{\"@id\":\"https:\/\/lij.ismeduca.com\/es\/#website\"},\"primaryImageOfPage\":{\"@id\":\"https:\/\/lij.ismeduca.com\/es\/producto\/los-futbolisimos-4-el-misterio-del-ojo-de-halcon\/#primaryimage\"},\"image\":{\"@id\":\"https:\/\/lij.ismeduca.com\/es\/producto\/los-futbolisimos-4-el-misterio-del-ojo-de-halcon\/#primaryimage\"},\"thumbnailUrl\":\"https:\/\/lij.ismeduca.com\/es\/wp-content\/uploads\/sites\/10\/2025\/12\/4268.jpg\",\"datePublished\":\"2024-07-11T10:08:02+00:00\",\"dateModified\":\"2025-12-23T11:35:30+00:00\",\"breadcrumb\":{\"@id\":\"https:\/\/lij.ismeduca.com\/es\/producto\/los-futbolisimos-4-el-misterio-del-ojo-de-halcon\/#breadcrumb\"},\"inLanguage\":\"es\",\"potentialAction\":[{\"@type\":\"ReadAction\",\"target\":[\"https:\/\/lij.ismeduca.com\/es\/producto\/los-futbolisimos-4-el-misterio-del-ojo-de-halcon\/\"]}]},{\"@type\":\"ImageObject\",\"inLanguage\":\"es\",\"@id\":\"https:\/\/lij.ismeduca.com\/es\/producto\/los-futbolisimos-4-el-misterio-del-ojo-de-halcon\/#primaryimage\",\"url\":\"https:\/\/lij.ismeduca.com\/es\/wp-content\/uploads\/sites\/10\/2025\/12\/4268.jpg\",\"contentUrl\":\"https:\/\/lij.ismeduca.com\/es\/wp-content\/uploads\/sites\/10\/2025\/12\/4268.jpg\",\"width\":600,\"height\":866},{\"@type\":\"BreadcrumbList\",\"@id\":\"https:\/\/lij.ismeduca.com\/es\/producto\/los-futbolisimos-4-el-misterio-del-ojo-de-halcon\/#breadcrumb\",\"itemListElement\":[{\"@type\":\"ListItem\",\"position\":1,\"name\":\"Portada\",\"item\":\"https:\/\/lij.ismeduca.com\/es\/\"},{\"@type\":\"ListItem\",\"position\":2,\"name\":\"Tienda\",\"item\":\"https:\/\/lij.ismeduca.com\/es\/tienda\/\"},{\"@type\":\"ListItem\",\"position\":3,\"name\":\"Los Futbol\u00edsimos 4: El misterio del ojo de halc\u00f3n\"}]},{\"@type\":\"WebSite\",\"@id\":\"https:\/\/lij.ismeduca.com\/es\/#website\",\"url\":\"https:\/\/lij.ismeduca.com\/es\/\",\"name\":\"Literatura SM Espa\u00f1a\",\"description\":\"\",\"publisher\":{\"@id\":\"https:\/\/lij.ismeduca.com\/es\/#organization\"},\"potentialAction\":[{\"@type\":\"SearchAction\",\"target\":{\"@type\":\"EntryPoint\",\"urlTemplate\":\"https:\/\/lij.ismeduca.com\/es\/?s={search_term_string}\"},\"query-input\":{\"@type\":\"PropertyValueSpecification\",\"valueRequired\":true,\"valueName\":\"search_term_string\"}}],\"inLanguage\":\"es\"},{\"@type\":\"Organization\",\"@id\":\"https:\/\/lij.ismeduca.com\/es\/#organization\",\"name\":\"Literatura SM Espa\u00f1a\",\"url\":\"https:\/\/lij.ismeduca.com\/es\/\",\"logo\":{\"@type\":\"ImageObject\",\"inLanguage\":\"es\",\"@id\":\"https:\/\/lij.ismeduca.com\/es\/#\/schema\/logo\/image\/\",\"url\":\"https:\/\/lij.ismeduca.com\/es\/wp-content\/uploads\/sites\/10\/2024\/07\/logo-cabecera.png\",\"contentUrl\":\"https:\/\/lij.ismeduca.com\/es\/wp-content\/uploads\/sites\/10\/2024\/07\/logo-cabecera.png\",\"width\":396,\"height\":64,\"caption\":\"Literatura SM Espa\u00f1a\"},\"image\":{\"@id\":\"https:\/\/lij.ismeduca.com\/es\/#\/schema\/logo\/image\/\"}}]}<\/script>\n<!-- \/ Yoast SEO plugin. -->","yoast_head_json":{"title":"Los Futbol\u00edsimos 4: El misterio del ojo de halc\u00f3n - Literatura SM Espa\u00f1a","robots":{"index":"noindex","follow":"follow","max-snippet":"max-snippet:-1","max-image-preview":"max-image-preview:large","max-video-preview":"max-video-preview:-1"},"og_locale":"es_ES","og_type":"article","og_title":"Los Futbol\u00edsimos 4: El misterio del ojo de halc\u00f3n - Literatura SM Espa\u00f1a","og_url":"https:\/\/lij.ismeduca.com\/es\/producto\/los-futbolisimos-4-el-misterio-del-ojo-de-halcon\/","og_site_name":"Literatura SM Espa\u00f1a","article_modified_time":"2025-12-23T11:35:30+00:00","twitter_card":"summary_large_image","schema":{"@context":"https:\/\/schema.org","@graph":[{"@type":"WebPage","@id":"https:\/\/lij.ismeduca.com\/es\/producto\/los-futbolisimos-4-el-misterio-del-ojo-de-halcon\/","url":"https:\/\/lij.ismeduca.com\/es\/producto\/los-futbolisimos-4-el-misterio-del-ojo-de-halcon\/","name":"Los Futbol\u00edsimos 4: El misterio del ojo de halc\u00f3n - Literatura SM Espa\u00f1a","isPartOf":{"@id":"https:\/\/lij.ismeduca.com\/es\/#website"},"primaryImageOfPage":{"@id":"https:\/\/lij.ismeduca.com\/es\/producto\/los-futbolisimos-4-el-misterio-del-ojo-de-halcon\/#primaryimage"},"image":{"@id":"https:\/\/lij.ismeduca.com\/es\/producto\/los-futbolisimos-4-el-misterio-del-ojo-de-halcon\/#primaryimage"},"thumbnailUrl":"https:\/\/lij.ismeduca.com\/es\/wp-content\/uploads\/sites\/10\/2025\/12\/4268.jpg","datePublished":"2024-07-11T10:08:02+00:00","dateModified":"2025-12-23T11:35:30+00:00","breadcrumb":{"@id":"https:\/\/lij.ismeduca.com\/es\/producto\/los-futbolisimos-4-el-misterio-del-ojo-de-halcon\/#breadcrumb"},"inLanguage":"es","potentialAction":[{"@type":"ReadAction","target":["https:\/\/lij.ismeduca.com\/es\/producto\/los-futbolisimos-4-el-misterio-del-ojo-de-halcon\/"]}]},{"@type":"ImageObject","inLanguage":"es","@id":"https:\/\/lij.ismeduca.com\/es\/producto\/los-futbolisimos-4-el-misterio-del-ojo-de-halcon\/#primaryimage","url":"https:\/\/lij.ismeduca.com\/es\/wp-content\/uploads\/sites\/10\/2025\/12\/4268.jpg","contentUrl":"https:\/\/lij.ismeduca.com\/es\/wp-content\/uploads\/sites\/10\/2025\/12\/4268.jpg","width":600,"height":866},{"@type":"BreadcrumbList","@id":"https:\/\/lij.ismeduca.com\/es\/producto\/los-futbolisimos-4-el-misterio-del-ojo-de-halcon\/#breadcrumb","itemListElement":[{"@type":"ListItem","position":1,"name":"Portada","item":"https:\/\/lij.ismeduca.com\/es\/"},{"@type":"ListItem","position":2,"name":"Tienda","item":"https:\/\/lij.ismeduca.com\/es\/tienda\/"},{"@type":"ListItem","position":3,"name":"Los Futbol\u00edsimos 4: El misterio del ojo de halc\u00f3n"}]},{"@type":"WebSite","@id":"https:\/\/lij.ismeduca.com\/es\/#website","url":"https:\/\/lij.ismeduca.com\/es\/","name":"Literatura SM Espa\u00f1a","description":"","publisher":{"@id":"https:\/\/lij.ismeduca.com\/es\/#organization"},"potentialAction":[{"@type":"SearchAction","target":{"@type":"EntryPoint","urlTemplate":"https:\/\/lij.ismeduca.com\/es\/?s={search_term_string}"},"query-input":{"@type":"PropertyValueSpecification","valueRequired":true,"valueName":"search_term_string"}}],"inLanguage":"es"},{"@type":"Organization","@id":"https:\/\/lij.ismeduca.com\/es\/#organization","name":"Literatura SM Espa\u00f1a","url":"https:\/\/lij.ismeduca.com\/es\/","logo":{"@type":"ImageObject","inLanguage":"es","@id":"https:\/\/lij.ismeduca.com\/es\/#\/schema\/logo\/image\/","url":"https:\/\/lij.ismeduca.com\/es\/wp-content\/uploads\/sites\/10\/2024\/07\/logo-cabecera.png","contentUrl":"https:\/\/lij.ismeduca.com\/es\/wp-content\/uploads\/sites\/10\/2024\/07\/logo-cabecera.png","width":396,"height":64,"caption":"Literatura SM Espa\u00f1a"},"image":{"@id":"https:\/\/lij.ismeduca.com\/es\/#\/schema\/logo\/image\/"}}]}},"_links":{"self":[{"href":"https:\/\/lij.ismeduca.com\/es\/wp-json\/wp\/v2\/product\/4268","targetHints":{"allow":["GET"]}}],"collection":[{"href":"https:\/\/lij.ismeduca.com\/es\/wp-json\/wp\/v2\/product"}],"about":[{"href":"https:\/\/lij.ismeduca.com\/es\/wp-json\/wp\/v2\/types\/product"}],"version-history":[{"count":1,"href":"https:\/\/lij.ismeduca.com\/es\/wp-json\/wp\/v2\/product\/4268\/revisions"}],"predecessor-version":[{"id":30699,"href":"https:\/\/lij.ismeduca.com\/es\/wp-json\/wp\/v2\/product\/4268\/revisions\/30699"}],"wp:featuredmedia":[{"embeddable":true,"href":"https:\/\/lij.ismeduca.com\/es\/wp-json\/wp\/v2\/media\/36414"}],"wp:attachment":[{"href":"https:\/\/lij.ismeduca.com\/es\/wp-json\/wp\/v2\/media?parent=4268"}],"wp:term":[{"taxonomy":"product_brand","embeddable":true,"href":"https:\/\/lij.ismeduca.com\/es\/wp-json\/wp\/v2\/product_brand?post=4268"},{"taxonomy":"product_cat","embeddable":true,"href":"https:\/\/lij.ismeduca.com\/es\/wp-json\/wp\/v2\/product_cat?post=4268"},{"taxonomy":"product_tag","embeddable":true,"href":"https:\/\/lij.ismeduca.com\/es\/wp-json\/wp\/v2\/product_tag?post=4268"},{"taxonomy":"asignatura","embeddable":true,"href":"https:\/\/lij.ismeduca.com\/es\/wp-json\/wp\/v2\/asignatura?post=4268"},{"taxonomy":"compania","embeddable":true,"href":"https:\/\/lij.ismeduca.com\/es\/wp-json\/wp\/v2\/compania?post=4268"},{"taxonomy":"curso","embeddable":true,"href":"https:\/\/lij.ismeduca.com\/es\/wp-json\/wp\/v2\/curso?post=4268"},{"taxonomy":"idiomas","embeddable":true,"href":"https:\/\/lij.ismeduca.com\/es\/wp-json\/wp\/v2\/idiomas?post=4268"},{"taxonomy":"genero","embeddable":true,"href":"https:\/\/lij.ismeduca.com\/es\/wp-json\/wp\/v2\/genero?post=4268"},{"taxonomy":"linea","embeddable":true,"href":"https:\/\/lij.ismeduca.com\/es\/wp-json\/wp\/v2\/linea?post=4268"},{"taxonomy":"premio","embeddable":true,"href":"https:\/\/lij.ismeduca.com\/es\/wp-json\/wp\/v2\/premio?post=4268"},{"taxonomy":"proyecto-editorial","embeddable":true,"href":"https:\/\/lij.ismeduca.com\/es\/wp-json\/wp\/v2\/proyecto-editorial?post=4268"},{"taxonomy":"tipo-de-libro","embeddable":true,"href":"https:\/\/lij.ismeduca.com\/es\/wp-json\/wp\/v2\/tipo-de-libro?post=4268"},{"taxonomy":"soporte","embeddable":true,"href":"https:\/\/lij.ismeduca.com\/es\/wp-json\/wp\/v2\/soporte?post=4268"},{"taxonomy":"zona-geografica","embeddable":true,"href":"https:\/\/lij.ismeduca.com\/es\/wp-json\/wp\/v2\/zona-geografica?post=4268"},{"taxonomy":"autores","embeddable":true,"href":"https:\/\/lij.ismeduca.com\/es\/wp-json\/wp\/v2\/autores?post=4268"},{"taxonomy":"colecciones","embeddable":true,"href":"https:\/\/lij.ismeduca.com\/es\/wp-json\/wp\/v2\/colecciones?post=4268"},{"taxonomy":"personajes","embeddable":true,"href":"https:\/\/lij.ismeduca.com\/es\/wp-json\/wp\/v2\/personajes?post=4268"}],"curies":[{"name":"wp","href":"https:\/\/api.w.org\/{rel}","templated":true}]}}