{"id":4276,"date":"2016-09-29T00:00:00","date_gmt":"2024-07-11T10:08:07","guid":{"rendered":"https:\/\/lij.ismeduca.com\/tienda\/?post_type=product&#038;p=4276"},"modified":"2025-12-23T12:40:29","modified_gmt":"2025-12-23T11:40:29","slug":"els-futbolissims-10-el-misteri-del-tresor-pirata","status":"publish","type":"product","link":"https:\/\/lij.ismeduca.com\/es\/producto\/els-futbolissims-10-el-misteri-del-tresor-pirata\/","title":{"rendered":"Els Futbol\u00edssims 10: El misteri del tresor pirata"},"content":{"rendered":"","protected":false},"excerpt":{"rendered":"<p><P>Una col&#183;lecci&#243; d&#8217;humor, amistat i molt de futbol!<\/P><P>Els Futbol&#237;ssims han de jugar un partit amist&#243;s amb l&#8217;equip del centre de menors Els Justos, on hi ha internats alguns dels delinq&#252;ents infantils m&#233;s perillosos del pa&#237;s. Una de les internes, la temuda Laoi Txai San, els conven&#231; que robin els pl&#224;nols del centre, custodiats per la policia, amb el prop&#242;sit, segurament, de poder organitzar un fuga. Corre el rumor que aquesta noia t&#233; amagat en algun lloc el bot&#237; de l&#8217;atracament d&#8217;un banc. Els problemes comencen quan els Futbol&#237;ssims abandonen el partit per culpa de l&#8217;agressivitat dels seus rivals, per la qual cosa s&#8217;exposen a ser eliminats de la Lliga. I la troca encara s&#8217;embolica m&#233;s quan decideixen fer el que calgui per aconseguir els cobejats pl&#225;nols, com ara escorcollar el despatx del pare del Paket&#8230;<\/P><\/p>\n","protected":false},"featured_media":36463,"template":"","meta":{"_acf_changed":false,"inline_featured_image":false},"product_brand":[],"product_cat":[4732],"product_tag":[1001,253,981,2058,704],"asignatura":[],"compania":[258],"curso":[],"idiomas":[1951],"genero":[],"linea":[250],"premio":[],"proyecto-editorial":[323],"tipo-de-libro":[249],"soporte":[2004],"zona-geografica":[],"autores":[4446,4387,4216],"colecciones":[2300],"personajes":[2126],"class_list":{"0":"post-4276","1":"product","2":"type-product","3":"status-publish","4":"has-post-thumbnail","6":"product_cat-los-futbolisimos","7":"product_tag-futbol","8":"product_tag-literatura-de-humor","9":"product_tag-literatura-de-misterio","10":"product_tag-ntx","11":"product_tag-primer-amor","12":"pa_codigo-sap-ntx","13":"compania-editorial-cruilla-s-a-es","14":"idiomas-catalan","15":"linea-narrativa","16":"proyecto-editorial-6-12","17":"tipo-de-libro-fisico","18":"soporte-libro","19":"autores-enrique-lorenzo-diaz","20":"autores-josep-sampere-i-marti","21":"autores-roberto-santiago","22":"colecciones-els-futbolissims","23":"personajes-los-futbolisimos","25":"first","26":"instock","27":"taxable","28":"shipping-taxable","29":"purchasable","30":"product-type-simple"},"acf":{"id_catalogo":"650","shortTitle":"C-EF.10 EL MISTERI DEL TRESOR PIRATA","descripcion":"<P>Una col&#183;lecci&#243; d&#8217;humor, amistat i molt de futbol!<\/P><P>Els Futbol&#237;ssims han de jugar un partit amist&#243;s amb l'equip del centre de menors Els Justos, on hi ha internats alguns dels delinq&#252;ents infantils m&#233;s perillosos del pa&#237;s. Una de les internes, la temuda Laoi Txai San, els conven&#231; que robin els pl&#224;nols del centre, custodiats per la policia, amb el prop&#242;sit, segurament, de poder organitzar un fuga. Corre el rumor que aquesta noia t&#233; amagat en algun lloc el bot&#237; de l'atracament d'un banc. Els problemes comencen quan els Futbol&#237;ssims abandonen el partit per culpa de l'agressivitat dels seus rivals, per la qual cosa s'exposen a ser eliminats de la Lliga. I la troca encara s'embolica m&#233;s quan decideixen fer el que calgui per aconseguir els cobejats pl&#225;nols, com ara escorcollar el despatx del pare del Paket...<\/P>","adjuntos":null,"descriptivePhrases":[{"type":"General","text":"Una altra aventura dels Futbol\u00edssims. En aquest cas, una perillosa delinq\u00fcent els enreda per robar uns pl\u00e0nols..."}],"productSap":"NTX","isbn":"9788466141802","precio_colegios":12.45,"precio_librerias":12.45,"precio_librerias_sin_cobertura":12.45,"precio_distribuidores":12.45,"fecha_disponibilidad":null,"fecha_comercial":"20160929","organizacion_venta":"CS01","datos_para_buscador":"Josep Sampere i Mart\u00ed, Enrique Lorenzo Diaz, Los Futbol\u00edsimos, Roberto Santiago, Los Futbol\u00edsimos, Els Futbol\u00edssims, "},"yoast_head":"<!-- This site is optimized with the Yoast SEO plugin v26.6 - https:\/\/yoast.com\/wordpress\/plugins\/seo\/ -->\n<title>Els Futbol\u00edssims 10: El misteri del tresor pirata - Literatura SM Espa\u00f1a<\/title>\n<meta name=\"robots\" content=\"noindex, follow, max-snippet:-1, max-image-preview:large, max-video-preview:-1\" \/>\n<meta property=\"og:locale\" content=\"es_ES\" \/>\n<meta property=\"og:type\" content=\"article\" \/>\n<meta property=\"og:title\" content=\"Els Futbol\u00edssims 10: El misteri del tresor pirata - Literatura SM Espa\u00f1a\" \/>\n<meta property=\"og:url\" content=\"https:\/\/lij.ismeduca.com\/es\/producto\/els-futbolissims-10-el-misteri-del-tresor-pirata\/\" \/>\n<meta property=\"og:site_name\" content=\"Literatura SM Espa\u00f1a\" \/>\n<meta property=\"article:modified_time\" content=\"2025-12-23T11:40:29+00:00\" \/>\n<meta name=\"twitter:card\" content=\"summary_large_image\" \/>\n<script type=\"application\/ld+json\" class=\"yoast-schema-graph\">{\"@context\":\"https:\/\/schema.org\",\"@graph\":[{\"@type\":\"WebPage\",\"@id\":\"https:\/\/lij.ismeduca.com\/es\/producto\/els-futbolissims-10-el-misteri-del-tresor-pirata\/\",\"url\":\"https:\/\/lij.ismeduca.com\/es\/producto\/els-futbolissims-10-el-misteri-del-tresor-pirata\/\",\"name\":\"Els Futbol\u00edssims 10: El misteri del tresor pirata - Literatura SM Espa\u00f1a\",\"isPartOf\":{\"@id\":\"https:\/\/lij.ismeduca.com\/es\/#website\"},\"primaryImageOfPage\":{\"@id\":\"https:\/\/lij.ismeduca.com\/es\/producto\/els-futbolissims-10-el-misteri-del-tresor-pirata\/#primaryimage\"},\"image\":{\"@id\":\"https:\/\/lij.ismeduca.com\/es\/producto\/els-futbolissims-10-el-misteri-del-tresor-pirata\/#primaryimage\"},\"thumbnailUrl\":\"https:\/\/lij.ismeduca.com\/es\/wp-content\/uploads\/sites\/10\/2025\/12\/4276.jpg\",\"datePublished\":\"2024-07-11T10:08:07+00:00\",\"dateModified\":\"2025-12-23T11:40:29+00:00\",\"breadcrumb\":{\"@id\":\"https:\/\/lij.ismeduca.com\/es\/producto\/els-futbolissims-10-el-misteri-del-tresor-pirata\/#breadcrumb\"},\"inLanguage\":\"es\",\"potentialAction\":[{\"@type\":\"ReadAction\",\"target\":[\"https:\/\/lij.ismeduca.com\/es\/producto\/els-futbolissims-10-el-misteri-del-tresor-pirata\/\"]}]},{\"@type\":\"ImageObject\",\"inLanguage\":\"es\",\"@id\":\"https:\/\/lij.ismeduca.com\/es\/producto\/els-futbolissims-10-el-misteri-del-tresor-pirata\/#primaryimage\",\"url\":\"https:\/\/lij.ismeduca.com\/es\/wp-content\/uploads\/sites\/10\/2025\/12\/4276.jpg\",\"contentUrl\":\"https:\/\/lij.ismeduca.com\/es\/wp-content\/uploads\/sites\/10\/2025\/12\/4276.jpg\",\"width\":600,\"height\":862},{\"@type\":\"BreadcrumbList\",\"@id\":\"https:\/\/lij.ismeduca.com\/es\/producto\/els-futbolissims-10-el-misteri-del-tresor-pirata\/#breadcrumb\",\"itemListElement\":[{\"@type\":\"ListItem\",\"position\":1,\"name\":\"Portada\",\"item\":\"https:\/\/lij.ismeduca.com\/es\/\"},{\"@type\":\"ListItem\",\"position\":2,\"name\":\"Tienda\",\"item\":\"https:\/\/lij.ismeduca.com\/es\/tienda\/\"},{\"@type\":\"ListItem\",\"position\":3,\"name\":\"Els Futbol\u00edssims 10: El misteri del tresor pirata\"}]},{\"@type\":\"WebSite\",\"@id\":\"https:\/\/lij.ismeduca.com\/es\/#website\",\"url\":\"https:\/\/lij.ismeduca.com\/es\/\",\"name\":\"Literatura SM Espa\u00f1a\",\"description\":\"\",\"publisher\":{\"@id\":\"https:\/\/lij.ismeduca.com\/es\/#organization\"},\"potentialAction\":[{\"@type\":\"SearchAction\",\"target\":{\"@type\":\"EntryPoint\",\"urlTemplate\":\"https:\/\/lij.ismeduca.com\/es\/?s={search_term_string}\"},\"query-input\":{\"@type\":\"PropertyValueSpecification\",\"valueRequired\":true,\"valueName\":\"search_term_string\"}}],\"inLanguage\":\"es\"},{\"@type\":\"Organization\",\"@id\":\"https:\/\/lij.ismeduca.com\/es\/#organization\",\"name\":\"Literatura SM Espa\u00f1a\",\"url\":\"https:\/\/lij.ismeduca.com\/es\/\",\"logo\":{\"@type\":\"ImageObject\",\"inLanguage\":\"es\",\"@id\":\"https:\/\/lij.ismeduca.com\/es\/#\/schema\/logo\/image\/\",\"url\":\"https:\/\/lij.ismeduca.com\/es\/wp-content\/uploads\/sites\/10\/2024\/07\/logo-cabecera.png\",\"contentUrl\":\"https:\/\/lij.ismeduca.com\/es\/wp-content\/uploads\/sites\/10\/2024\/07\/logo-cabecera.png\",\"width\":396,\"height\":64,\"caption\":\"Literatura SM Espa\u00f1a\"},\"image\":{\"@id\":\"https:\/\/lij.ismeduca.com\/es\/#\/schema\/logo\/image\/\"}}]}<\/script>\n<!-- \/ Yoast SEO plugin. -->","yoast_head_json":{"title":"Els Futbol\u00edssims 10: El misteri del tresor pirata - Literatura SM Espa\u00f1a","robots":{"index":"noindex","follow":"follow","max-snippet":"max-snippet:-1","max-image-preview":"max-image-preview:large","max-video-preview":"max-video-preview:-1"},"og_locale":"es_ES","og_type":"article","og_title":"Els Futbol\u00edssims 10: El misteri del tresor pirata - Literatura SM Espa\u00f1a","og_url":"https:\/\/lij.ismeduca.com\/es\/producto\/els-futbolissims-10-el-misteri-del-tresor-pirata\/","og_site_name":"Literatura SM Espa\u00f1a","article_modified_time":"2025-12-23T11:40:29+00:00","twitter_card":"summary_large_image","schema":{"@context":"https:\/\/schema.org","@graph":[{"@type":"WebPage","@id":"https:\/\/lij.ismeduca.com\/es\/producto\/els-futbolissims-10-el-misteri-del-tresor-pirata\/","url":"https:\/\/lij.ismeduca.com\/es\/producto\/els-futbolissims-10-el-misteri-del-tresor-pirata\/","name":"Els Futbol\u00edssims 10: El misteri del tresor pirata - Literatura SM Espa\u00f1a","isPartOf":{"@id":"https:\/\/lij.ismeduca.com\/es\/#website"},"primaryImageOfPage":{"@id":"https:\/\/lij.ismeduca.com\/es\/producto\/els-futbolissims-10-el-misteri-del-tresor-pirata\/#primaryimage"},"image":{"@id":"https:\/\/lij.ismeduca.com\/es\/producto\/els-futbolissims-10-el-misteri-del-tresor-pirata\/#primaryimage"},"thumbnailUrl":"https:\/\/lij.ismeduca.com\/es\/wp-content\/uploads\/sites\/10\/2025\/12\/4276.jpg","datePublished":"2024-07-11T10:08:07+00:00","dateModified":"2025-12-23T11:40:29+00:00","breadcrumb":{"@id":"https:\/\/lij.ismeduca.com\/es\/producto\/els-futbolissims-10-el-misteri-del-tresor-pirata\/#breadcrumb"},"inLanguage":"es","potentialAction":[{"@type":"ReadAction","target":["https:\/\/lij.ismeduca.com\/es\/producto\/els-futbolissims-10-el-misteri-del-tresor-pirata\/"]}]},{"@type":"ImageObject","inLanguage":"es","@id":"https:\/\/lij.ismeduca.com\/es\/producto\/els-futbolissims-10-el-misteri-del-tresor-pirata\/#primaryimage","url":"https:\/\/lij.ismeduca.com\/es\/wp-content\/uploads\/sites\/10\/2025\/12\/4276.jpg","contentUrl":"https:\/\/lij.ismeduca.com\/es\/wp-content\/uploads\/sites\/10\/2025\/12\/4276.jpg","width":600,"height":862},{"@type":"BreadcrumbList","@id":"https:\/\/lij.ismeduca.com\/es\/producto\/els-futbolissims-10-el-misteri-del-tresor-pirata\/#breadcrumb","itemListElement":[{"@type":"ListItem","position":1,"name":"Portada","item":"https:\/\/lij.ismeduca.com\/es\/"},{"@type":"ListItem","position":2,"name":"Tienda","item":"https:\/\/lij.ismeduca.com\/es\/tienda\/"},{"@type":"ListItem","position":3,"name":"Els Futbol\u00edssims 10: El misteri del tresor pirata"}]},{"@type":"WebSite","@id":"https:\/\/lij.ismeduca.com\/es\/#website","url":"https:\/\/lij.ismeduca.com\/es\/","name":"Literatura SM Espa\u00f1a","description":"","publisher":{"@id":"https:\/\/lij.ismeduca.com\/es\/#organization"},"potentialAction":[{"@type":"SearchAction","target":{"@type":"EntryPoint","urlTemplate":"https:\/\/lij.ismeduca.com\/es\/?s={search_term_string}"},"query-input":{"@type":"PropertyValueSpecification","valueRequired":true,"valueName":"search_term_string"}}],"inLanguage":"es"},{"@type":"Organization","@id":"https:\/\/lij.ismeduca.com\/es\/#organization","name":"Literatura SM Espa\u00f1a","url":"https:\/\/lij.ismeduca.com\/es\/","logo":{"@type":"ImageObject","inLanguage":"es","@id":"https:\/\/lij.ismeduca.com\/es\/#\/schema\/logo\/image\/","url":"https:\/\/lij.ismeduca.com\/es\/wp-content\/uploads\/sites\/10\/2024\/07\/logo-cabecera.png","contentUrl":"https:\/\/lij.ismeduca.com\/es\/wp-content\/uploads\/sites\/10\/2024\/07\/logo-cabecera.png","width":396,"height":64,"caption":"Literatura SM Espa\u00f1a"},"image":{"@id":"https:\/\/lij.ismeduca.com\/es\/#\/schema\/logo\/image\/"}}]}},"_links":{"self":[{"href":"https:\/\/lij.ismeduca.com\/es\/wp-json\/wp\/v2\/product\/4276","targetHints":{"allow":["GET"]}}],"collection":[{"href":"https:\/\/lij.ismeduca.com\/es\/wp-json\/wp\/v2\/product"}],"about":[{"href":"https:\/\/lij.ismeduca.com\/es\/wp-json\/wp\/v2\/types\/product"}],"version-history":[{"count":1,"href":"https:\/\/lij.ismeduca.com\/es\/wp-json\/wp\/v2\/product\/4276\/revisions"}],"predecessor-version":[{"id":30715,"href":"https:\/\/lij.ismeduca.com\/es\/wp-json\/wp\/v2\/product\/4276\/revisions\/30715"}],"wp:featuredmedia":[{"embeddable":true,"href":"https:\/\/lij.ismeduca.com\/es\/wp-json\/wp\/v2\/media\/36463"}],"wp:attachment":[{"href":"https:\/\/lij.ismeduca.com\/es\/wp-json\/wp\/v2\/media?parent=4276"}],"wp:term":[{"taxonomy":"product_brand","embeddable":true,"href":"https:\/\/lij.ismeduca.com\/es\/wp-json\/wp\/v2\/product_brand?post=4276"},{"taxonomy":"product_cat","embeddable":true,"href":"https:\/\/lij.ismeduca.com\/es\/wp-json\/wp\/v2\/product_cat?post=4276"},{"taxonomy":"product_tag","embeddable":true,"href":"https:\/\/lij.ismeduca.com\/es\/wp-json\/wp\/v2\/product_tag?post=4276"},{"taxonomy":"asignatura","embeddable":true,"href":"https:\/\/lij.ismeduca.com\/es\/wp-json\/wp\/v2\/asignatura?post=4276"},{"taxonomy":"compania","embeddable":true,"href":"https:\/\/lij.ismeduca.com\/es\/wp-json\/wp\/v2\/compania?post=4276"},{"taxonomy":"curso","embeddable":true,"href":"https:\/\/lij.ismeduca.com\/es\/wp-json\/wp\/v2\/curso?post=4276"},{"taxonomy":"idiomas","embeddable":true,"href":"https:\/\/lij.ismeduca.com\/es\/wp-json\/wp\/v2\/idiomas?post=4276"},{"taxonomy":"genero","embeddable":true,"href":"https:\/\/lij.ismeduca.com\/es\/wp-json\/wp\/v2\/genero?post=4276"},{"taxonomy":"linea","embeddable":true,"href":"https:\/\/lij.ismeduca.com\/es\/wp-json\/wp\/v2\/linea?post=4276"},{"taxonomy":"premio","embeddable":true,"href":"https:\/\/lij.ismeduca.com\/es\/wp-json\/wp\/v2\/premio?post=4276"},{"taxonomy":"proyecto-editorial","embeddable":true,"href":"https:\/\/lij.ismeduca.com\/es\/wp-json\/wp\/v2\/proyecto-editorial?post=4276"},{"taxonomy":"tipo-de-libro","embeddable":true,"href":"https:\/\/lij.ismeduca.com\/es\/wp-json\/wp\/v2\/tipo-de-libro?post=4276"},{"taxonomy":"soporte","embeddable":true,"href":"https:\/\/lij.ismeduca.com\/es\/wp-json\/wp\/v2\/soporte?post=4276"},{"taxonomy":"zona-geografica","embeddable":true,"href":"https:\/\/lij.ismeduca.com\/es\/wp-json\/wp\/v2\/zona-geografica?post=4276"},{"taxonomy":"autores","embeddable":true,"href":"https:\/\/lij.ismeduca.com\/es\/wp-json\/wp\/v2\/autores?post=4276"},{"taxonomy":"colecciones","embeddable":true,"href":"https:\/\/lij.ismeduca.com\/es\/wp-json\/wp\/v2\/colecciones?post=4276"},{"taxonomy":"personajes","embeddable":true,"href":"https:\/\/lij.ismeduca.com\/es\/wp-json\/wp\/v2\/personajes?post=4276"}],"curies":[{"name":"wp","href":"https:\/\/api.w.org\/{rel}","templated":true}]}}