{"id":4292,"date":"2021-11-11T00:00:00","date_gmt":"2024-07-11T10:08:16","guid":{"rendered":"https:\/\/lij.ismeduca.com\/tienda\/?post_type=product&#038;p=4292"},"modified":"2025-12-23T12:54:02","modified_gmt":"2025-12-23T11:54:02","slug":"los-futbolisimos-20-el-misterio-de-la-mascara-de-oro","status":"publish","type":"product","link":"https:\/\/lij.ismeduca.com\/es\/producto\/los-futbolisimos-20-el-misterio-de-la-mascara-de-oro\/","title":{"rendered":"Los Futbol\u00edsimos 20: El misterio de la m\u00e1scara de oro"},"content":{"rendered":"","protected":false},"excerpt":{"rendered":"<p>Los Futbol\u00edsimos&nbsp;est\u00e1n Venecia preparados para jugar el Campeonato de Europa de F\u00fatbol Infantil: <em>Il Bambin\u00edsimo<\/em>. El campeonato ocurre durante los famosos carnavales. La ciudad entera se viste de fiesta, las m\u00e1scaras y los disfraces inundan las calles. Es un acontecimiento \u00fanico que nadie quiere perderse. Adem\u00e1s, quien gane el campeonato se llevar\u00e1 un trofeo m\u00edtico: LA M\u00c1SCARA DE ORO.&nbsp;\u00bfConseguir\u00e1n Los Futbol\u00edsimos ganar a los mejores equipos de Europa? \u00bfSe llevar\u00e1n a casa la m\u00e1scara de oro? \u00bfDe qu\u00e9 se disfrazar\u00e1n nuestros protagonistas?<\/p>\n<p>&nbsp;<\/p>\n","protected":false},"featured_media":36477,"template":"","meta":{"_acf_changed":false,"inline_featured_image":false},"product_brand":[],"product_cat":[4732],"product_tag":[268,1480,705,1001,253,298,699,2058,293,1484],"asignatura":[],"compania":[252],"curso":[],"idiomas":[1948],"genero":[308],"linea":[250],"premio":[],"proyecto-editorial":[323],"tipo-de-libro":[249],"soporte":[2004],"zona-geografica":[],"autores":[4284,4217,4216],"colecciones":[2356],"personajes":[],"class_list":{"0":"post-4292","1":"product","2":"type-product","3":"status-publish","4":"has-post-thumbnail","6":"product_cat-los-futbolisimos","7":"product_tag-amistad","8":"product_tag-carnavales","9":"product_tag-enamoramiento","10":"product_tag-futbol","11":"product_tag-literatura-de-humor","12":"product_tag-literatura-infantil","13":"product_tag-misterios","14":"product_tag-ntx","15":"product_tag-relaciones-familiares","16":"product_tag-venecia","17":"pa_codigo-sap-ntx","18":"compania-f-sta-maria-ediciones-sm-es","19":"idiomas-espanol","20":"genero-realismo","21":"linea-narrativa","22":"proyecto-editorial-6-12","23":"tipo-de-libro-fisico","24":"soporte-libro","25":"autores-berta-marquez","26":"autores-carles-lluch","27":"autores-roberto-santiago","28":"colecciones-los-futbolisimos","30":"first","31":"instock","32":"taxable","33":"shipping-taxable","34":"purchasable","35":"product-type-simple"},"acf":{"id_catalogo":"650","shortTitle":"LF.20 EL MISTERIO DE LA MASCARA DE ORO","descripcion":"<p>Los Futbol\u00edsimos&nbsp;est\u00e1n Venecia preparados para jugar el Campeonato de Europa de F\u00fatbol Infantil: <em>Il Bambin\u00edsimo<\/em>. El campeonato ocurre durante los famosos carnavales. La ciudad entera se viste de fiesta, las m\u00e1scaras y los disfraces inundan las calles. Es un acontecimiento \u00fanico que nadie quiere perderse. Adem\u00e1s, quien gane el campeonato se llevar\u00e1 un trofeo m\u00edtico: LA M\u00c1SCARA DE ORO.&nbsp;\u00bfConseguir\u00e1n Los Futbol\u00edsimos ganar a los mejores equipos de Europa? \u00bfSe llevar\u00e1n a casa la m\u00e1scara de oro? \u00bfDe qu\u00e9 se disfrazar\u00e1n nuestros protagonistas?<\/p><p>&nbsp;<\/p>","adjuntos":null,"descriptivePhrases":[{"type":"General","text":"\u00bfUn torneo de f\u00fatbol en pleno carnaval de Venecia? Puede pasar cualquier cosa..."}],"productSap":"NTX","isbn":"9788413921952","precio_colegios":12.45,"precio_librerias":12.45,"precio_librerias_sin_cobertura":12.45,"precio_distribuidores":12.45,"fecha_disponibilidad":null,"fecha_comercial":"20211111","organizacion_venta":"CS01","datos_para_buscador":"Carles Lluch, Berta M\u00e1rquez, Roberto Santiago, Los Futbol\u00edsimos, "},"yoast_head":"<!-- This site is optimized with the Yoast SEO plugin v26.6 - https:\/\/yoast.com\/wordpress\/plugins\/seo\/ -->\n<title>Los Futbol\u00edsimos 20: El misterio de la m\u00e1scara de oro - Literatura SM Espa\u00f1a<\/title>\n<meta name=\"robots\" content=\"noindex, follow, max-snippet:-1, max-image-preview:large, max-video-preview:-1\" \/>\n<meta property=\"og:locale\" content=\"es_ES\" \/>\n<meta property=\"og:type\" content=\"article\" \/>\n<meta property=\"og:title\" content=\"Los Futbol\u00edsimos 20: El misterio de la m\u00e1scara de oro - Literatura SM Espa\u00f1a\" \/>\n<meta property=\"og:url\" content=\"https:\/\/lij.ismeduca.com\/es\/producto\/los-futbolisimos-20-el-misterio-de-la-mascara-de-oro\/\" \/>\n<meta property=\"og:site_name\" content=\"Literatura SM Espa\u00f1a\" \/>\n<meta property=\"article:modified_time\" content=\"2025-12-23T11:54:02+00:00\" \/>\n<meta name=\"twitter:card\" content=\"summary_large_image\" \/>\n<script type=\"application\/ld+json\" class=\"yoast-schema-graph\">{\"@context\":\"https:\/\/schema.org\",\"@graph\":[{\"@type\":\"WebPage\",\"@id\":\"https:\/\/lij.ismeduca.com\/es\/producto\/los-futbolisimos-20-el-misterio-de-la-mascara-de-oro\/\",\"url\":\"https:\/\/lij.ismeduca.com\/es\/producto\/los-futbolisimos-20-el-misterio-de-la-mascara-de-oro\/\",\"name\":\"Los Futbol\u00edsimos 20: El misterio de la m\u00e1scara de oro - Literatura SM Espa\u00f1a\",\"isPartOf\":{\"@id\":\"https:\/\/lij.ismeduca.com\/es\/#website\"},\"primaryImageOfPage\":{\"@id\":\"https:\/\/lij.ismeduca.com\/es\/producto\/los-futbolisimos-20-el-misterio-de-la-mascara-de-oro\/#primaryimage\"},\"image\":{\"@id\":\"https:\/\/lij.ismeduca.com\/es\/producto\/los-futbolisimos-20-el-misterio-de-la-mascara-de-oro\/#primaryimage\"},\"thumbnailUrl\":\"https:\/\/lij.ismeduca.com\/es\/wp-content\/uploads\/sites\/10\/2025\/12\/4292.jpg\",\"datePublished\":\"2024-07-11T10:08:16+00:00\",\"dateModified\":\"2025-12-23T11:54:02+00:00\",\"breadcrumb\":{\"@id\":\"https:\/\/lij.ismeduca.com\/es\/producto\/los-futbolisimos-20-el-misterio-de-la-mascara-de-oro\/#breadcrumb\"},\"inLanguage\":\"es\",\"potentialAction\":[{\"@type\":\"ReadAction\",\"target\":[\"https:\/\/lij.ismeduca.com\/es\/producto\/los-futbolisimos-20-el-misterio-de-la-mascara-de-oro\/\"]}]},{\"@type\":\"ImageObject\",\"inLanguage\":\"es\",\"@id\":\"https:\/\/lij.ismeduca.com\/es\/producto\/los-futbolisimos-20-el-misterio-de-la-mascara-de-oro\/#primaryimage\",\"url\":\"https:\/\/lij.ismeduca.com\/es\/wp-content\/uploads\/sites\/10\/2025\/12\/4292.jpg\",\"contentUrl\":\"https:\/\/lij.ismeduca.com\/es\/wp-content\/uploads\/sites\/10\/2025\/12\/4292.jpg\",\"width\":600,\"height\":854},{\"@type\":\"BreadcrumbList\",\"@id\":\"https:\/\/lij.ismeduca.com\/es\/producto\/los-futbolisimos-20-el-misterio-de-la-mascara-de-oro\/#breadcrumb\",\"itemListElement\":[{\"@type\":\"ListItem\",\"position\":1,\"name\":\"Portada\",\"item\":\"https:\/\/lij.ismeduca.com\/es\/\"},{\"@type\":\"ListItem\",\"position\":2,\"name\":\"Tienda\",\"item\":\"https:\/\/lij.ismeduca.com\/es\/tienda\/\"},{\"@type\":\"ListItem\",\"position\":3,\"name\":\"Los Futbol\u00edsimos 20: El misterio de la m\u00e1scara de oro\"}]},{\"@type\":\"WebSite\",\"@id\":\"https:\/\/lij.ismeduca.com\/es\/#website\",\"url\":\"https:\/\/lij.ismeduca.com\/es\/\",\"name\":\"Literatura SM Espa\u00f1a\",\"description\":\"\",\"publisher\":{\"@id\":\"https:\/\/lij.ismeduca.com\/es\/#organization\"},\"potentialAction\":[{\"@type\":\"SearchAction\",\"target\":{\"@type\":\"EntryPoint\",\"urlTemplate\":\"https:\/\/lij.ismeduca.com\/es\/?s={search_term_string}\"},\"query-input\":{\"@type\":\"PropertyValueSpecification\",\"valueRequired\":true,\"valueName\":\"search_term_string\"}}],\"inLanguage\":\"es\"},{\"@type\":\"Organization\",\"@id\":\"https:\/\/lij.ismeduca.com\/es\/#organization\",\"name\":\"Literatura SM Espa\u00f1a\",\"url\":\"https:\/\/lij.ismeduca.com\/es\/\",\"logo\":{\"@type\":\"ImageObject\",\"inLanguage\":\"es\",\"@id\":\"https:\/\/lij.ismeduca.com\/es\/#\/schema\/logo\/image\/\",\"url\":\"https:\/\/lij.ismeduca.com\/es\/wp-content\/uploads\/sites\/10\/2024\/07\/logo-cabecera.png\",\"contentUrl\":\"https:\/\/lij.ismeduca.com\/es\/wp-content\/uploads\/sites\/10\/2024\/07\/logo-cabecera.png\",\"width\":396,\"height\":64,\"caption\":\"Literatura SM Espa\u00f1a\"},\"image\":{\"@id\":\"https:\/\/lij.ismeduca.com\/es\/#\/schema\/logo\/image\/\"}}]}<\/script>\n<!-- \/ Yoast SEO plugin. -->","yoast_head_json":{"title":"Los Futbol\u00edsimos 20: El misterio de la m\u00e1scara de oro - Literatura SM Espa\u00f1a","robots":{"index":"noindex","follow":"follow","max-snippet":"max-snippet:-1","max-image-preview":"max-image-preview:large","max-video-preview":"max-video-preview:-1"},"og_locale":"es_ES","og_type":"article","og_title":"Los Futbol\u00edsimos 20: El misterio de la m\u00e1scara de oro - Literatura SM Espa\u00f1a","og_url":"https:\/\/lij.ismeduca.com\/es\/producto\/los-futbolisimos-20-el-misterio-de-la-mascara-de-oro\/","og_site_name":"Literatura SM Espa\u00f1a","article_modified_time":"2025-12-23T11:54:02+00:00","twitter_card":"summary_large_image","schema":{"@context":"https:\/\/schema.org","@graph":[{"@type":"WebPage","@id":"https:\/\/lij.ismeduca.com\/es\/producto\/los-futbolisimos-20-el-misterio-de-la-mascara-de-oro\/","url":"https:\/\/lij.ismeduca.com\/es\/producto\/los-futbolisimos-20-el-misterio-de-la-mascara-de-oro\/","name":"Los Futbol\u00edsimos 20: El misterio de la m\u00e1scara de oro - Literatura SM Espa\u00f1a","isPartOf":{"@id":"https:\/\/lij.ismeduca.com\/es\/#website"},"primaryImageOfPage":{"@id":"https:\/\/lij.ismeduca.com\/es\/producto\/los-futbolisimos-20-el-misterio-de-la-mascara-de-oro\/#primaryimage"},"image":{"@id":"https:\/\/lij.ismeduca.com\/es\/producto\/los-futbolisimos-20-el-misterio-de-la-mascara-de-oro\/#primaryimage"},"thumbnailUrl":"https:\/\/lij.ismeduca.com\/es\/wp-content\/uploads\/sites\/10\/2025\/12\/4292.jpg","datePublished":"2024-07-11T10:08:16+00:00","dateModified":"2025-12-23T11:54:02+00:00","breadcrumb":{"@id":"https:\/\/lij.ismeduca.com\/es\/producto\/los-futbolisimos-20-el-misterio-de-la-mascara-de-oro\/#breadcrumb"},"inLanguage":"es","potentialAction":[{"@type":"ReadAction","target":["https:\/\/lij.ismeduca.com\/es\/producto\/los-futbolisimos-20-el-misterio-de-la-mascara-de-oro\/"]}]},{"@type":"ImageObject","inLanguage":"es","@id":"https:\/\/lij.ismeduca.com\/es\/producto\/los-futbolisimos-20-el-misterio-de-la-mascara-de-oro\/#primaryimage","url":"https:\/\/lij.ismeduca.com\/es\/wp-content\/uploads\/sites\/10\/2025\/12\/4292.jpg","contentUrl":"https:\/\/lij.ismeduca.com\/es\/wp-content\/uploads\/sites\/10\/2025\/12\/4292.jpg","width":600,"height":854},{"@type":"BreadcrumbList","@id":"https:\/\/lij.ismeduca.com\/es\/producto\/los-futbolisimos-20-el-misterio-de-la-mascara-de-oro\/#breadcrumb","itemListElement":[{"@type":"ListItem","position":1,"name":"Portada","item":"https:\/\/lij.ismeduca.com\/es\/"},{"@type":"ListItem","position":2,"name":"Tienda","item":"https:\/\/lij.ismeduca.com\/es\/tienda\/"},{"@type":"ListItem","position":3,"name":"Los Futbol\u00edsimos 20: El misterio de la m\u00e1scara de oro"}]},{"@type":"WebSite","@id":"https:\/\/lij.ismeduca.com\/es\/#website","url":"https:\/\/lij.ismeduca.com\/es\/","name":"Literatura SM Espa\u00f1a","description":"","publisher":{"@id":"https:\/\/lij.ismeduca.com\/es\/#organization"},"potentialAction":[{"@type":"SearchAction","target":{"@type":"EntryPoint","urlTemplate":"https:\/\/lij.ismeduca.com\/es\/?s={search_term_string}"},"query-input":{"@type":"PropertyValueSpecification","valueRequired":true,"valueName":"search_term_string"}}],"inLanguage":"es"},{"@type":"Organization","@id":"https:\/\/lij.ismeduca.com\/es\/#organization","name":"Literatura SM Espa\u00f1a","url":"https:\/\/lij.ismeduca.com\/es\/","logo":{"@type":"ImageObject","inLanguage":"es","@id":"https:\/\/lij.ismeduca.com\/es\/#\/schema\/logo\/image\/","url":"https:\/\/lij.ismeduca.com\/es\/wp-content\/uploads\/sites\/10\/2024\/07\/logo-cabecera.png","contentUrl":"https:\/\/lij.ismeduca.com\/es\/wp-content\/uploads\/sites\/10\/2024\/07\/logo-cabecera.png","width":396,"height":64,"caption":"Literatura SM Espa\u00f1a"},"image":{"@id":"https:\/\/lij.ismeduca.com\/es\/#\/schema\/logo\/image\/"}}]}},"_links":{"self":[{"href":"https:\/\/lij.ismeduca.com\/es\/wp-json\/wp\/v2\/product\/4292","targetHints":{"allow":["GET"]}}],"collection":[{"href":"https:\/\/lij.ismeduca.com\/es\/wp-json\/wp\/v2\/product"}],"about":[{"href":"https:\/\/lij.ismeduca.com\/es\/wp-json\/wp\/v2\/types\/product"}],"version-history":[{"count":1,"href":"https:\/\/lij.ismeduca.com\/es\/wp-json\/wp\/v2\/product\/4292\/revisions"}],"predecessor-version":[{"id":30747,"href":"https:\/\/lij.ismeduca.com\/es\/wp-json\/wp\/v2\/product\/4292\/revisions\/30747"}],"wp:featuredmedia":[{"embeddable":true,"href":"https:\/\/lij.ismeduca.com\/es\/wp-json\/wp\/v2\/media\/36477"}],"wp:attachment":[{"href":"https:\/\/lij.ismeduca.com\/es\/wp-json\/wp\/v2\/media?parent=4292"}],"wp:term":[{"taxonomy":"product_brand","embeddable":true,"href":"https:\/\/lij.ismeduca.com\/es\/wp-json\/wp\/v2\/product_brand?post=4292"},{"taxonomy":"product_cat","embeddable":true,"href":"https:\/\/lij.ismeduca.com\/es\/wp-json\/wp\/v2\/product_cat?post=4292"},{"taxonomy":"product_tag","embeddable":true,"href":"https:\/\/lij.ismeduca.com\/es\/wp-json\/wp\/v2\/product_tag?post=4292"},{"taxonomy":"asignatura","embeddable":true,"href":"https:\/\/lij.ismeduca.com\/es\/wp-json\/wp\/v2\/asignatura?post=4292"},{"taxonomy":"compania","embeddable":true,"href":"https:\/\/lij.ismeduca.com\/es\/wp-json\/wp\/v2\/compania?post=4292"},{"taxonomy":"curso","embeddable":true,"href":"https:\/\/lij.ismeduca.com\/es\/wp-json\/wp\/v2\/curso?post=4292"},{"taxonomy":"idiomas","embeddable":true,"href":"https:\/\/lij.ismeduca.com\/es\/wp-json\/wp\/v2\/idiomas?post=4292"},{"taxonomy":"genero","embeddable":true,"href":"https:\/\/lij.ismeduca.com\/es\/wp-json\/wp\/v2\/genero?post=4292"},{"taxonomy":"linea","embeddable":true,"href":"https:\/\/lij.ismeduca.com\/es\/wp-json\/wp\/v2\/linea?post=4292"},{"taxonomy":"premio","embeddable":true,"href":"https:\/\/lij.ismeduca.com\/es\/wp-json\/wp\/v2\/premio?post=4292"},{"taxonomy":"proyecto-editorial","embeddable":true,"href":"https:\/\/lij.ismeduca.com\/es\/wp-json\/wp\/v2\/proyecto-editorial?post=4292"},{"taxonomy":"tipo-de-libro","embeddable":true,"href":"https:\/\/lij.ismeduca.com\/es\/wp-json\/wp\/v2\/tipo-de-libro?post=4292"},{"taxonomy":"soporte","embeddable":true,"href":"https:\/\/lij.ismeduca.com\/es\/wp-json\/wp\/v2\/soporte?post=4292"},{"taxonomy":"zona-geografica","embeddable":true,"href":"https:\/\/lij.ismeduca.com\/es\/wp-json\/wp\/v2\/zona-geografica?post=4292"},{"taxonomy":"autores","embeddable":true,"href":"https:\/\/lij.ismeduca.com\/es\/wp-json\/wp\/v2\/autores?post=4292"},{"taxonomy":"colecciones","embeddable":true,"href":"https:\/\/lij.ismeduca.com\/es\/wp-json\/wp\/v2\/colecciones?post=4292"},{"taxonomy":"personajes","embeddable":true,"href":"https:\/\/lij.ismeduca.com\/es\/wp-json\/wp\/v2\/personajes?post=4292"}],"curies":[{"name":"wp","href":"https:\/\/api.w.org\/{rel}","templated":true}]}}