{"id":4412,"date":"2015-10-14T00:00:00","date_gmt":"2024-07-11T10:11:13","guid":{"rendered":"https:\/\/lij.ismeduca.com\/tienda\/?post_type=product&#038;p=4412"},"modified":"2025-12-23T12:36:48","modified_gmt":"2025-12-23T11:36:48","slug":"la-tia-clio-y-la-maquina-de-escribir","status":"publish","type":"product","link":"https:\/\/lij.ismeduca.com\/es\/producto\/la-tia-clio-y-la-maquina-de-escribir\/","title":{"rendered":"La t\u00eda Cl\u00edo y la m\u00e1quina de escribir"},"content":{"rendered":"","protected":false},"excerpt":{"rendered":"<p><P>Mi t&#237;a Cl&#237;o est&#225; como una regadera; pero ella dice que no, que es antrop&#243;loga y que no tiene nada de raro.<\/P><P>Para m&#237; es perfecta. La mejor t&#237;a del mundo. Y me va a ayudar a hacer un trabajo del cole: encontrar un tesoro. Bueno, en realidad ella buscar&#225; su tesoro y yo el m&#237;o, y no s&#233; si lo encontraremos, pero nos lo vamos a pasar genial.<\/P><P>&#191;Y para ti, cu&#225;l ser&#237;a tu mejor tesoro? <br \/><\/P><P>Un relato que muestra el valor que cada uno de nosotros le da a las cosas y el reflejo que tiene nuestra personalidad en todos los momentos de nuestra vida.<\/P><P><\/P><\/p>\n","protected":false},"featured_media":36818,"template":"","meta":{"_acf_changed":false,"inline_featured_image":false},"product_brand":[],"product_cat":[4736],"product_tag":[362,240,242,297,253,298,700,2058,346],"asignatura":[],"compania":[252],"curso":[],"idiomas":[1948],"genero":[256],"linea":[250],"premio":[],"proyecto-editorial":[477],"tipo-de-libro":[249],"soporte":[2004],"zona-geografica":[],"autores":[4284,3994,4257],"colecciones":[2380],"personajes":[],"class_list":{"0":"post-4412","1":"product","2":"type-product","3":"status-publish","4":"has-post-thumbnail","6":"product_cat-el-barco-de-vapor","7":"product_tag-creatividad","8":"product_tag-cuentos-infantiles","9":"product_tag-cuentos-para-ninos","10":"product_tag-literatura-de-aventuras","11":"product_tag-literatura-de-humor","12":"product_tag-literatura-infantil","13":"product_tag-mente-abierta","14":"product_tag-ntx","15":"product_tag-vida-familiar","16":"pa_codigo-sap-ntx","17":"compania-f-sta-maria-ediciones-sm-es","18":"idiomas-espanol","19":"genero-humor","20":"linea-narrativa","21":"proyecto-editorial-barco-de-vapor","22":"tipo-de-libro-fisico","23":"soporte-libro","24":"autores-berta-marquez","25":"autores-lucia-serrano-guerrero","26":"autores-monica-rodriguez-suarez","27":"colecciones-el-barco-de-vapor-azul","29":"first","30":"instock","31":"taxable","32":"shipping-taxable","33":"purchasable","34":"product-type-simple"},"acf":{"id_catalogo":"650","shortTitle":"BVA.170 LA TIA CLIO Y LA MAQUINA DE ESCR","descripcion":"<P>Mi t&#237;a Cl&#237;o est&#225; como una regadera; pero ella dice que no, que es antrop&#243;loga y que no tiene nada de raro.<\/P><P>Para m&#237; es perfecta. La mejor t&#237;a del mundo. Y me va a ayudar a hacer un trabajo del cole: encontrar un tesoro. Bueno, en realidad ella buscar&#225; su tesoro y yo el m&#237;o, y no s&#233; si lo encontraremos, pero nos lo vamos a pasar genial.<\/P><P>&#191;Y para ti, cu&#225;l ser&#237;a tu mejor tesoro? <br \/><\/P><P>Un relato que muestra el valor que cada uno de nosotros le da a las cosas y el reflejo que tiene nuestra personalidad en todos los momentos de nuestra vida.<\/P><P><\/P>","adjuntos":[{"id":"4","titulo":"Primer cap\u00edtulo \/ Unidad Modelo","url":"https:\/\/catalogo.noe-sm.com\/medias\/ES159797-008935.pdf?context=bWFzdGVyfG1pZ3JhdGlvbnwyMDYzMjA0fGFwcGxpY2F0aW9uL3BkZnxtaWdyYXRpb24vaDUxL2hiZi84ODE5MzU0NDY4MzgyLnBkZnw2N2M0ZmNiNzliY2YxZjIzM2RjNWVhNzYzOTc0ZWJlYTk0YTY1NjgyOTljMjUyODk3Mzc4M2IwMWExZDhlM2Qz"},{"id":"21","titulo":"Ficha del profesor","url":"https:\/\/catalogo.noe-sm.com\/medias\/159797-recur-001-001-pro-savia.pdf?context=bWFzdGVyfHJvb3R8MTE0ODc4fGFwcGxpY2F0aW9uL3BkZnxoN2IvaDM5LzkxMjQyNzM5MTM4ODYucGRmfDIzN2U3MTcwOWM3ODZhYzc0ZjJiNGNiNWYxMTQ1NmVlZDc0YTI2NDk3ODBmYjRkYjQ2NTk5MTdhYzFkYWIyOWQ"},{"id":"20","titulo":"Ficha del alumno","url":"https:\/\/catalogo.noe-sm.com\/medias\/159797-recur-001-004-alu-savia.pdf?context=bWFzdGVyfHJvb3R8Nzg3Mzc2fGFwcGxpY2F0aW9uL3BkZnxoZDQvaDIzLzkxMjQyNzM5Nzk0MjIucGRmfGJiZTM4ZDYyMjJiZDFiNjc4NTg2ZmRiN2E1NGYyYTdjZTMzZjk0NWE3YjViYzUxYjQ1MzQ1MWMyZThjYTNkZDU"}],"descriptivePhrases":[{"type":"General","text":"\u00bfY para ti, cu\u00e1l ser\u00eda tu mejor tesoro? Un relato que muestra el valor que cada uno de nosotros le da a las cosas y el reflejo que tiene nuestra personalidad en todos los momentos de nuestra vida."}],"productSap":"NTX","isbn":"9788467582598","precio_colegios":8.41,"precio_librerias":8.41,"precio_librerias_sin_cobertura":8.41,"precio_distribuidores":8.41,"fecha_disponibilidad":null,"fecha_comercial":"20151014","organizacion_venta":"CS01","datos_para_buscador":"Luc\u00eda Serrano Guerrero, Berta M\u00e1rquez, M\u00f3nica Rodr\u00edguez Su\u00e1rez, El Barco de Vapor Azul, "},"yoast_head":"<!-- This site is optimized with the Yoast SEO plugin v26.6 - https:\/\/yoast.com\/wordpress\/plugins\/seo\/ -->\n<title>La t\u00eda Cl\u00edo y la m\u00e1quina de escribir - Literatura SM Espa\u00f1a<\/title>\n<meta name=\"robots\" content=\"noindex, follow, max-snippet:-1, max-image-preview:large, max-video-preview:-1\" \/>\n<meta property=\"og:locale\" content=\"es_ES\" \/>\n<meta property=\"og:type\" content=\"article\" \/>\n<meta property=\"og:title\" content=\"La t\u00eda Cl\u00edo y la m\u00e1quina de escribir - Literatura SM Espa\u00f1a\" \/>\n<meta property=\"og:url\" content=\"https:\/\/lij.ismeduca.com\/es\/producto\/la-tia-clio-y-la-maquina-de-escribir\/\" \/>\n<meta property=\"og:site_name\" content=\"Literatura SM Espa\u00f1a\" \/>\n<meta property=\"article:modified_time\" content=\"2025-12-23T11:36:48+00:00\" \/>\n<meta name=\"twitter:card\" content=\"summary_large_image\" \/>\n<script type=\"application\/ld+json\" class=\"yoast-schema-graph\">{\"@context\":\"https:\/\/schema.org\",\"@graph\":[{\"@type\":\"WebPage\",\"@id\":\"https:\/\/lij.ismeduca.com\/es\/producto\/la-tia-clio-y-la-maquina-de-escribir\/\",\"url\":\"https:\/\/lij.ismeduca.com\/es\/producto\/la-tia-clio-y-la-maquina-de-escribir\/\",\"name\":\"La t\u00eda Cl\u00edo y la m\u00e1quina de escribir - Literatura SM Espa\u00f1a\",\"isPartOf\":{\"@id\":\"https:\/\/lij.ismeduca.com\/es\/#website\"},\"primaryImageOfPage\":{\"@id\":\"https:\/\/lij.ismeduca.com\/es\/producto\/la-tia-clio-y-la-maquina-de-escribir\/#primaryimage\"},\"image\":{\"@id\":\"https:\/\/lij.ismeduca.com\/es\/producto\/la-tia-clio-y-la-maquina-de-escribir\/#primaryimage\"},\"thumbnailUrl\":\"https:\/\/lij.ismeduca.com\/es\/wp-content\/uploads\/sites\/10\/2025\/12\/4412.jpg\",\"datePublished\":\"2024-07-11T10:11:13+00:00\",\"dateModified\":\"2025-12-23T11:36:48+00:00\",\"breadcrumb\":{\"@id\":\"https:\/\/lij.ismeduca.com\/es\/producto\/la-tia-clio-y-la-maquina-de-escribir\/#breadcrumb\"},\"inLanguage\":\"es\",\"potentialAction\":[{\"@type\":\"ReadAction\",\"target\":[\"https:\/\/lij.ismeduca.com\/es\/producto\/la-tia-clio-y-la-maquina-de-escribir\/\"]}]},{\"@type\":\"ImageObject\",\"inLanguage\":\"es\",\"@id\":\"https:\/\/lij.ismeduca.com\/es\/producto\/la-tia-clio-y-la-maquina-de-escribir\/#primaryimage\",\"url\":\"https:\/\/lij.ismeduca.com\/es\/wp-content\/uploads\/sites\/10\/2025\/12\/4412.jpg\",\"contentUrl\":\"https:\/\/lij.ismeduca.com\/es\/wp-content\/uploads\/sites\/10\/2025\/12\/4412.jpg\",\"width\":600,\"height\":951},{\"@type\":\"BreadcrumbList\",\"@id\":\"https:\/\/lij.ismeduca.com\/es\/producto\/la-tia-clio-y-la-maquina-de-escribir\/#breadcrumb\",\"itemListElement\":[{\"@type\":\"ListItem\",\"position\":1,\"name\":\"Portada\",\"item\":\"https:\/\/lij.ismeduca.com\/es\/\"},{\"@type\":\"ListItem\",\"position\":2,\"name\":\"Tienda\",\"item\":\"https:\/\/lij.ismeduca.com\/es\/tienda\/\"},{\"@type\":\"ListItem\",\"position\":3,\"name\":\"La t\u00eda Cl\u00edo y la m\u00e1quina de escribir\"}]},{\"@type\":\"WebSite\",\"@id\":\"https:\/\/lij.ismeduca.com\/es\/#website\",\"url\":\"https:\/\/lij.ismeduca.com\/es\/\",\"name\":\"Literatura SM Espa\u00f1a\",\"description\":\"\",\"publisher\":{\"@id\":\"https:\/\/lij.ismeduca.com\/es\/#organization\"},\"potentialAction\":[{\"@type\":\"SearchAction\",\"target\":{\"@type\":\"EntryPoint\",\"urlTemplate\":\"https:\/\/lij.ismeduca.com\/es\/?s={search_term_string}\"},\"query-input\":{\"@type\":\"PropertyValueSpecification\",\"valueRequired\":true,\"valueName\":\"search_term_string\"}}],\"inLanguage\":\"es\"},{\"@type\":\"Organization\",\"@id\":\"https:\/\/lij.ismeduca.com\/es\/#organization\",\"name\":\"Literatura SM Espa\u00f1a\",\"url\":\"https:\/\/lij.ismeduca.com\/es\/\",\"logo\":{\"@type\":\"ImageObject\",\"inLanguage\":\"es\",\"@id\":\"https:\/\/lij.ismeduca.com\/es\/#\/schema\/logo\/image\/\",\"url\":\"https:\/\/lij.ismeduca.com\/es\/wp-content\/uploads\/sites\/10\/2024\/07\/logo-cabecera.png\",\"contentUrl\":\"https:\/\/lij.ismeduca.com\/es\/wp-content\/uploads\/sites\/10\/2024\/07\/logo-cabecera.png\",\"width\":396,\"height\":64,\"caption\":\"Literatura SM Espa\u00f1a\"},\"image\":{\"@id\":\"https:\/\/lij.ismeduca.com\/es\/#\/schema\/logo\/image\/\"}}]}<\/script>\n<!-- \/ Yoast SEO plugin. -->","yoast_head_json":{"title":"La t\u00eda Cl\u00edo y la m\u00e1quina de escribir - Literatura SM Espa\u00f1a","robots":{"index":"noindex","follow":"follow","max-snippet":"max-snippet:-1","max-image-preview":"max-image-preview:large","max-video-preview":"max-video-preview:-1"},"og_locale":"es_ES","og_type":"article","og_title":"La t\u00eda Cl\u00edo y la m\u00e1quina de escribir - Literatura SM Espa\u00f1a","og_url":"https:\/\/lij.ismeduca.com\/es\/producto\/la-tia-clio-y-la-maquina-de-escribir\/","og_site_name":"Literatura SM Espa\u00f1a","article_modified_time":"2025-12-23T11:36:48+00:00","twitter_card":"summary_large_image","schema":{"@context":"https:\/\/schema.org","@graph":[{"@type":"WebPage","@id":"https:\/\/lij.ismeduca.com\/es\/producto\/la-tia-clio-y-la-maquina-de-escribir\/","url":"https:\/\/lij.ismeduca.com\/es\/producto\/la-tia-clio-y-la-maquina-de-escribir\/","name":"La t\u00eda Cl\u00edo y la m\u00e1quina de escribir - Literatura SM Espa\u00f1a","isPartOf":{"@id":"https:\/\/lij.ismeduca.com\/es\/#website"},"primaryImageOfPage":{"@id":"https:\/\/lij.ismeduca.com\/es\/producto\/la-tia-clio-y-la-maquina-de-escribir\/#primaryimage"},"image":{"@id":"https:\/\/lij.ismeduca.com\/es\/producto\/la-tia-clio-y-la-maquina-de-escribir\/#primaryimage"},"thumbnailUrl":"https:\/\/lij.ismeduca.com\/es\/wp-content\/uploads\/sites\/10\/2025\/12\/4412.jpg","datePublished":"2024-07-11T10:11:13+00:00","dateModified":"2025-12-23T11:36:48+00:00","breadcrumb":{"@id":"https:\/\/lij.ismeduca.com\/es\/producto\/la-tia-clio-y-la-maquina-de-escribir\/#breadcrumb"},"inLanguage":"es","potentialAction":[{"@type":"ReadAction","target":["https:\/\/lij.ismeduca.com\/es\/producto\/la-tia-clio-y-la-maquina-de-escribir\/"]}]},{"@type":"ImageObject","inLanguage":"es","@id":"https:\/\/lij.ismeduca.com\/es\/producto\/la-tia-clio-y-la-maquina-de-escribir\/#primaryimage","url":"https:\/\/lij.ismeduca.com\/es\/wp-content\/uploads\/sites\/10\/2025\/12\/4412.jpg","contentUrl":"https:\/\/lij.ismeduca.com\/es\/wp-content\/uploads\/sites\/10\/2025\/12\/4412.jpg","width":600,"height":951},{"@type":"BreadcrumbList","@id":"https:\/\/lij.ismeduca.com\/es\/producto\/la-tia-clio-y-la-maquina-de-escribir\/#breadcrumb","itemListElement":[{"@type":"ListItem","position":1,"name":"Portada","item":"https:\/\/lij.ismeduca.com\/es\/"},{"@type":"ListItem","position":2,"name":"Tienda","item":"https:\/\/lij.ismeduca.com\/es\/tienda\/"},{"@type":"ListItem","position":3,"name":"La t\u00eda Cl\u00edo y la m\u00e1quina de escribir"}]},{"@type":"WebSite","@id":"https:\/\/lij.ismeduca.com\/es\/#website","url":"https:\/\/lij.ismeduca.com\/es\/","name":"Literatura SM Espa\u00f1a","description":"","publisher":{"@id":"https:\/\/lij.ismeduca.com\/es\/#organization"},"potentialAction":[{"@type":"SearchAction","target":{"@type":"EntryPoint","urlTemplate":"https:\/\/lij.ismeduca.com\/es\/?s={search_term_string}"},"query-input":{"@type":"PropertyValueSpecification","valueRequired":true,"valueName":"search_term_string"}}],"inLanguage":"es"},{"@type":"Organization","@id":"https:\/\/lij.ismeduca.com\/es\/#organization","name":"Literatura SM Espa\u00f1a","url":"https:\/\/lij.ismeduca.com\/es\/","logo":{"@type":"ImageObject","inLanguage":"es","@id":"https:\/\/lij.ismeduca.com\/es\/#\/schema\/logo\/image\/","url":"https:\/\/lij.ismeduca.com\/es\/wp-content\/uploads\/sites\/10\/2024\/07\/logo-cabecera.png","contentUrl":"https:\/\/lij.ismeduca.com\/es\/wp-content\/uploads\/sites\/10\/2024\/07\/logo-cabecera.png","width":396,"height":64,"caption":"Literatura SM Espa\u00f1a"},"image":{"@id":"https:\/\/lij.ismeduca.com\/es\/#\/schema\/logo\/image\/"}}]}},"_links":{"self":[{"href":"https:\/\/lij.ismeduca.com\/es\/wp-json\/wp\/v2\/product\/4412","targetHints":{"allow":["GET"]}}],"collection":[{"href":"https:\/\/lij.ismeduca.com\/es\/wp-json\/wp\/v2\/product"}],"about":[{"href":"https:\/\/lij.ismeduca.com\/es\/wp-json\/wp\/v2\/types\/product"}],"version-history":[{"count":1,"href":"https:\/\/lij.ismeduca.com\/es\/wp-json\/wp\/v2\/product\/4412\/revisions"}],"predecessor-version":[{"id":33301,"href":"https:\/\/lij.ismeduca.com\/es\/wp-json\/wp\/v2\/product\/4412\/revisions\/33301"}],"wp:featuredmedia":[{"embeddable":true,"href":"https:\/\/lij.ismeduca.com\/es\/wp-json\/wp\/v2\/media\/36818"}],"wp:attachment":[{"href":"https:\/\/lij.ismeduca.com\/es\/wp-json\/wp\/v2\/media?parent=4412"}],"wp:term":[{"taxonomy":"product_brand","embeddable":true,"href":"https:\/\/lij.ismeduca.com\/es\/wp-json\/wp\/v2\/product_brand?post=4412"},{"taxonomy":"product_cat","embeddable":true,"href":"https:\/\/lij.ismeduca.com\/es\/wp-json\/wp\/v2\/product_cat?post=4412"},{"taxonomy":"product_tag","embeddable":true,"href":"https:\/\/lij.ismeduca.com\/es\/wp-json\/wp\/v2\/product_tag?post=4412"},{"taxonomy":"asignatura","embeddable":true,"href":"https:\/\/lij.ismeduca.com\/es\/wp-json\/wp\/v2\/asignatura?post=4412"},{"taxonomy":"compania","embeddable":true,"href":"https:\/\/lij.ismeduca.com\/es\/wp-json\/wp\/v2\/compania?post=4412"},{"taxonomy":"curso","embeddable":true,"href":"https:\/\/lij.ismeduca.com\/es\/wp-json\/wp\/v2\/curso?post=4412"},{"taxonomy":"idiomas","embeddable":true,"href":"https:\/\/lij.ismeduca.com\/es\/wp-json\/wp\/v2\/idiomas?post=4412"},{"taxonomy":"genero","embeddable":true,"href":"https:\/\/lij.ismeduca.com\/es\/wp-json\/wp\/v2\/genero?post=4412"},{"taxonomy":"linea","embeddable":true,"href":"https:\/\/lij.ismeduca.com\/es\/wp-json\/wp\/v2\/linea?post=4412"},{"taxonomy":"premio","embeddable":true,"href":"https:\/\/lij.ismeduca.com\/es\/wp-json\/wp\/v2\/premio?post=4412"},{"taxonomy":"proyecto-editorial","embeddable":true,"href":"https:\/\/lij.ismeduca.com\/es\/wp-json\/wp\/v2\/proyecto-editorial?post=4412"},{"taxonomy":"tipo-de-libro","embeddable":true,"href":"https:\/\/lij.ismeduca.com\/es\/wp-json\/wp\/v2\/tipo-de-libro?post=4412"},{"taxonomy":"soporte","embeddable":true,"href":"https:\/\/lij.ismeduca.com\/es\/wp-json\/wp\/v2\/soporte?post=4412"},{"taxonomy":"zona-geografica","embeddable":true,"href":"https:\/\/lij.ismeduca.com\/es\/wp-json\/wp\/v2\/zona-geografica?post=4412"},{"taxonomy":"autores","embeddable":true,"href":"https:\/\/lij.ismeduca.com\/es\/wp-json\/wp\/v2\/autores?post=4412"},{"taxonomy":"colecciones","embeddable":true,"href":"https:\/\/lij.ismeduca.com\/es\/wp-json\/wp\/v2\/colecciones?post=4412"},{"taxonomy":"personajes","embeddable":true,"href":"https:\/\/lij.ismeduca.com\/es\/wp-json\/wp\/v2\/personajes?post=4412"}],"curies":[{"name":"wp","href":"https:\/\/api.w.org\/{rel}","templated":true}]}}