{"id":4422,"date":"2015-04-30T00:00:00","date_gmt":"2024-07-11T10:11:18","guid":{"rendered":"https:\/\/lij.ismeduca.com\/tienda\/?post_type=product&#038;p=4422"},"modified":"2025-12-23T12:37:53","modified_gmt":"2025-12-23T11:37:53","slug":"el-capitan-calzoncillos-y-las-aventuras-de-superpanal","status":"publish","type":"product","link":"https:\/\/lij.ismeduca.com\/es\/producto\/el-capitan-calzoncillos-y-las-aventuras-de-superpanal\/","title":{"rendered":"El Capit\u00e1n Calzoncillos y las aventuras de superpa\u00f1al"},"content":{"rendered":"","protected":false},"excerpt":{"rendered":"<p><P>Jorge y Berto son dos chavales incre&#237;bles. No solo crearon al Capit&#225;n Calzoncillos, sino que ya han salvado al mundo&#8230; &#161;cinco veces! Esta vez, Jorge y Berto os presentan a su nuevo personaje. Se trata de Superpa&#241;al, &#161;un superh&#233;roe peque&#241;ajo que os har&#225; re&#237;r sin parar! <\/P><P><\/P><P>&#161;&#218;nete a las incre&#237;bles aventuras de este original superh&#233;roe!<\/P><\/p>\n","protected":false},"featured_media":36763,"template":"","meta":{"_acf_changed":false,"inline_featured_image":false},"product_brand":[],"product_cat":[4736],"product_tag":[240,242,297,253,298,2058,910,383],"asignatura":[],"compania":[252],"curso":[],"idiomas":[1948],"genero":[314],"linea":[250],"premio":[],"proyecto-editorial":[477],"tipo-de-libro":[249],"soporte":[2004],"zona-geografica":[],"autores":[2659,4435,4560],"colecciones":[2380],"personajes":[2131],"class_list":{"0":"post-4422","1":"product","2":"type-product","3":"status-publish","4":"has-post-thumbnail","6":"product_cat-el-barco-de-vapor","7":"product_tag-cuentos-infantiles","8":"product_tag-cuentos-para-ninos","9":"product_tag-literatura-de-aventuras","10":"product_tag-literatura-de-humor","11":"product_tag-literatura-infantil","12":"product_tag-ntx","13":"product_tag-relaciones-en-la-escuela","14":"product_tag-superheroes","15":"pa_codigo-sap-ntx","16":"compania-f-sta-maria-ediciones-sm-es","17":"idiomas-espanol","18":"genero-aventura","19":"linea-narrativa","20":"proyecto-editorial-barco-de-vapor","21":"tipo-de-libro-fisico","22":"soporte-libro","23":"autores-dav-pilkey","24":"autores-miguel-azaola","25":"autores-xohana-bastida-calvo","26":"colecciones-el-barco-de-vapor-azul","27":"personajes-capitan-calzoncillos","29":"first","30":"instock","31":"taxable","32":"shipping-taxable","33":"purchasable","34":"product-type-simple"},"acf":{"id_catalogo":"650","shortTitle":"BVACC. 7 EL CAP.CALZ.Y LAS AVENTURAS DE","descripcion":"<P>Jorge y Berto son dos chavales incre&#237;bles. No solo crearon al Capit&#225;n Calzoncillos, sino que ya han salvado al mundo&#8230; &#161;cinco veces! Esta vez, Jorge y Berto os presentan a su nuevo personaje. Se trata de Superpa&#241;al, &#161;un superh&#233;roe peque&#241;ajo que os har&#225; re&#237;r sin parar! <\/P><P><\/P><P>&#161;&#218;nete a las incre&#237;bles aventuras de este original superh&#233;roe!<\/P>","adjuntos":[{"id":"4","titulo":"Primer cap\u00edtulo \/ Unidad Modelo","url":"https:\/\/catalogo.noe-sm.com\/medias\/ES166665-009840.pdf?context=bWFzdGVyfG1pZ3JhdGlvbnw0MTM2NjE2fGFwcGxpY2F0aW9uL3BkZnxtaWdyYXRpb24vaDA1L2hiZS84ODE5NTQ3Nzk5NTgyLnBkZnw3ZTcxZGYzMWZhMTYzZTlkOGMxZWQxZjcyZjU4NGExOTk1N2ExY2YxZDBjNWI5MDExZTU4MzZkZWFhNzU0ZmQw"}],"descriptivePhrases":[{"type":"General","text":"Un nuevo superh\u00e9roe acaba de nacer."},{"type":"General","text":"Un nuevo superh\u00e9roe acaba de nacer. \u00a1\u00danete a las aventuras de estos originales superh\u00e9roes!"}],"productSap":"NTX","isbn":"9788467579550","precio_colegios":8.41,"precio_librerias":8.41,"precio_librerias_sin_cobertura":8.41,"precio_distribuidores":8.41,"fecha_disponibilidad":null,"fecha_comercial":"20150430","organizacion_venta":"CS01","datos_para_buscador":"Capit\u00e1n Calzoncillos, Miguel Azaola, Dav Pilkey, Xohana Bastida Calvo, Dav Pilkey, Capit\u00e1n Calzoncillos, El Barco de Vapor Azul, "},"yoast_head":"<!-- This site is optimized with the Yoast SEO plugin v26.6 - https:\/\/yoast.com\/wordpress\/plugins\/seo\/ -->\n<title>El Capit\u00e1n Calzoncillos y las aventuras de superpa\u00f1al - Literatura SM Espa\u00f1a<\/title>\n<meta name=\"robots\" content=\"noindex, follow, max-snippet:-1, max-image-preview:large, max-video-preview:-1\" \/>\n<meta property=\"og:locale\" content=\"es_ES\" \/>\n<meta property=\"og:type\" content=\"article\" \/>\n<meta property=\"og:title\" content=\"El Capit\u00e1n Calzoncillos y las aventuras de superpa\u00f1al - Literatura SM Espa\u00f1a\" \/>\n<meta property=\"og:url\" content=\"https:\/\/lij.ismeduca.com\/es\/producto\/el-capitan-calzoncillos-y-las-aventuras-de-superpanal\/\" \/>\n<meta property=\"og:site_name\" content=\"Literatura SM Espa\u00f1a\" \/>\n<meta property=\"article:modified_time\" content=\"2025-12-23T11:37:53+00:00\" \/>\n<meta name=\"twitter:card\" content=\"summary_large_image\" \/>\n<script type=\"application\/ld+json\" class=\"yoast-schema-graph\">{\"@context\":\"https:\/\/schema.org\",\"@graph\":[{\"@type\":\"WebPage\",\"@id\":\"https:\/\/lij.ismeduca.com\/es\/producto\/el-capitan-calzoncillos-y-las-aventuras-de-superpanal\/\",\"url\":\"https:\/\/lij.ismeduca.com\/es\/producto\/el-capitan-calzoncillos-y-las-aventuras-de-superpanal\/\",\"name\":\"El Capit\u00e1n Calzoncillos y las aventuras de superpa\u00f1al - Literatura SM Espa\u00f1a\",\"isPartOf\":{\"@id\":\"https:\/\/lij.ismeduca.com\/es\/#website\"},\"primaryImageOfPage\":{\"@id\":\"https:\/\/lij.ismeduca.com\/es\/producto\/el-capitan-calzoncillos-y-las-aventuras-de-superpanal\/#primaryimage\"},\"image\":{\"@id\":\"https:\/\/lij.ismeduca.com\/es\/producto\/el-capitan-calzoncillos-y-las-aventuras-de-superpanal\/#primaryimage\"},\"thumbnailUrl\":\"https:\/\/lij.ismeduca.com\/es\/wp-content\/uploads\/sites\/10\/2025\/12\/4422.jpg\",\"datePublished\":\"2024-07-11T10:11:18+00:00\",\"dateModified\":\"2025-12-23T11:37:53+00:00\",\"breadcrumb\":{\"@id\":\"https:\/\/lij.ismeduca.com\/es\/producto\/el-capitan-calzoncillos-y-las-aventuras-de-superpanal\/#breadcrumb\"},\"inLanguage\":\"es\",\"potentialAction\":[{\"@type\":\"ReadAction\",\"target\":[\"https:\/\/lij.ismeduca.com\/es\/producto\/el-capitan-calzoncillos-y-las-aventuras-de-superpanal\/\"]}]},{\"@type\":\"ImageObject\",\"inLanguage\":\"es\",\"@id\":\"https:\/\/lij.ismeduca.com\/es\/producto\/el-capitan-calzoncillos-y-las-aventuras-de-superpanal\/#primaryimage\",\"url\":\"https:\/\/lij.ismeduca.com\/es\/wp-content\/uploads\/sites\/10\/2025\/12\/4422.jpg\",\"contentUrl\":\"https:\/\/lij.ismeduca.com\/es\/wp-content\/uploads\/sites\/10\/2025\/12\/4422.jpg\",\"width\":600,\"height\":956},{\"@type\":\"BreadcrumbList\",\"@id\":\"https:\/\/lij.ismeduca.com\/es\/producto\/el-capitan-calzoncillos-y-las-aventuras-de-superpanal\/#breadcrumb\",\"itemListElement\":[{\"@type\":\"ListItem\",\"position\":1,\"name\":\"Portada\",\"item\":\"https:\/\/lij.ismeduca.com\/es\/\"},{\"@type\":\"ListItem\",\"position\":2,\"name\":\"Tienda\",\"item\":\"https:\/\/lij.ismeduca.com\/es\/tienda\/\"},{\"@type\":\"ListItem\",\"position\":3,\"name\":\"El Capit\u00e1n Calzoncillos y las aventuras de superpa\u00f1al\"}]},{\"@type\":\"WebSite\",\"@id\":\"https:\/\/lij.ismeduca.com\/es\/#website\",\"url\":\"https:\/\/lij.ismeduca.com\/es\/\",\"name\":\"Literatura SM Espa\u00f1a\",\"description\":\"\",\"publisher\":{\"@id\":\"https:\/\/lij.ismeduca.com\/es\/#organization\"},\"potentialAction\":[{\"@type\":\"SearchAction\",\"target\":{\"@type\":\"EntryPoint\",\"urlTemplate\":\"https:\/\/lij.ismeduca.com\/es\/?s={search_term_string}\"},\"query-input\":{\"@type\":\"PropertyValueSpecification\",\"valueRequired\":true,\"valueName\":\"search_term_string\"}}],\"inLanguage\":\"es\"},{\"@type\":\"Organization\",\"@id\":\"https:\/\/lij.ismeduca.com\/es\/#organization\",\"name\":\"Literatura SM Espa\u00f1a\",\"url\":\"https:\/\/lij.ismeduca.com\/es\/\",\"logo\":{\"@type\":\"ImageObject\",\"inLanguage\":\"es\",\"@id\":\"https:\/\/lij.ismeduca.com\/es\/#\/schema\/logo\/image\/\",\"url\":\"https:\/\/lij.ismeduca.com\/es\/wp-content\/uploads\/sites\/10\/2024\/07\/logo-cabecera.png\",\"contentUrl\":\"https:\/\/lij.ismeduca.com\/es\/wp-content\/uploads\/sites\/10\/2024\/07\/logo-cabecera.png\",\"width\":396,\"height\":64,\"caption\":\"Literatura SM Espa\u00f1a\"},\"image\":{\"@id\":\"https:\/\/lij.ismeduca.com\/es\/#\/schema\/logo\/image\/\"}}]}<\/script>\n<!-- \/ Yoast SEO plugin. -->","yoast_head_json":{"title":"El Capit\u00e1n Calzoncillos y las aventuras de superpa\u00f1al - Literatura SM Espa\u00f1a","robots":{"index":"noindex","follow":"follow","max-snippet":"max-snippet:-1","max-image-preview":"max-image-preview:large","max-video-preview":"max-video-preview:-1"},"og_locale":"es_ES","og_type":"article","og_title":"El Capit\u00e1n Calzoncillos y las aventuras de superpa\u00f1al - Literatura SM Espa\u00f1a","og_url":"https:\/\/lij.ismeduca.com\/es\/producto\/el-capitan-calzoncillos-y-las-aventuras-de-superpanal\/","og_site_name":"Literatura SM Espa\u00f1a","article_modified_time":"2025-12-23T11:37:53+00:00","twitter_card":"summary_large_image","schema":{"@context":"https:\/\/schema.org","@graph":[{"@type":"WebPage","@id":"https:\/\/lij.ismeduca.com\/es\/producto\/el-capitan-calzoncillos-y-las-aventuras-de-superpanal\/","url":"https:\/\/lij.ismeduca.com\/es\/producto\/el-capitan-calzoncillos-y-las-aventuras-de-superpanal\/","name":"El Capit\u00e1n Calzoncillos y las aventuras de superpa\u00f1al - Literatura SM Espa\u00f1a","isPartOf":{"@id":"https:\/\/lij.ismeduca.com\/es\/#website"},"primaryImageOfPage":{"@id":"https:\/\/lij.ismeduca.com\/es\/producto\/el-capitan-calzoncillos-y-las-aventuras-de-superpanal\/#primaryimage"},"image":{"@id":"https:\/\/lij.ismeduca.com\/es\/producto\/el-capitan-calzoncillos-y-las-aventuras-de-superpanal\/#primaryimage"},"thumbnailUrl":"https:\/\/lij.ismeduca.com\/es\/wp-content\/uploads\/sites\/10\/2025\/12\/4422.jpg","datePublished":"2024-07-11T10:11:18+00:00","dateModified":"2025-12-23T11:37:53+00:00","breadcrumb":{"@id":"https:\/\/lij.ismeduca.com\/es\/producto\/el-capitan-calzoncillos-y-las-aventuras-de-superpanal\/#breadcrumb"},"inLanguage":"es","potentialAction":[{"@type":"ReadAction","target":["https:\/\/lij.ismeduca.com\/es\/producto\/el-capitan-calzoncillos-y-las-aventuras-de-superpanal\/"]}]},{"@type":"ImageObject","inLanguage":"es","@id":"https:\/\/lij.ismeduca.com\/es\/producto\/el-capitan-calzoncillos-y-las-aventuras-de-superpanal\/#primaryimage","url":"https:\/\/lij.ismeduca.com\/es\/wp-content\/uploads\/sites\/10\/2025\/12\/4422.jpg","contentUrl":"https:\/\/lij.ismeduca.com\/es\/wp-content\/uploads\/sites\/10\/2025\/12\/4422.jpg","width":600,"height":956},{"@type":"BreadcrumbList","@id":"https:\/\/lij.ismeduca.com\/es\/producto\/el-capitan-calzoncillos-y-las-aventuras-de-superpanal\/#breadcrumb","itemListElement":[{"@type":"ListItem","position":1,"name":"Portada","item":"https:\/\/lij.ismeduca.com\/es\/"},{"@type":"ListItem","position":2,"name":"Tienda","item":"https:\/\/lij.ismeduca.com\/es\/tienda\/"},{"@type":"ListItem","position":3,"name":"El Capit\u00e1n Calzoncillos y las aventuras de superpa\u00f1al"}]},{"@type":"WebSite","@id":"https:\/\/lij.ismeduca.com\/es\/#website","url":"https:\/\/lij.ismeduca.com\/es\/","name":"Literatura SM Espa\u00f1a","description":"","publisher":{"@id":"https:\/\/lij.ismeduca.com\/es\/#organization"},"potentialAction":[{"@type":"SearchAction","target":{"@type":"EntryPoint","urlTemplate":"https:\/\/lij.ismeduca.com\/es\/?s={search_term_string}"},"query-input":{"@type":"PropertyValueSpecification","valueRequired":true,"valueName":"search_term_string"}}],"inLanguage":"es"},{"@type":"Organization","@id":"https:\/\/lij.ismeduca.com\/es\/#organization","name":"Literatura SM Espa\u00f1a","url":"https:\/\/lij.ismeduca.com\/es\/","logo":{"@type":"ImageObject","inLanguage":"es","@id":"https:\/\/lij.ismeduca.com\/es\/#\/schema\/logo\/image\/","url":"https:\/\/lij.ismeduca.com\/es\/wp-content\/uploads\/sites\/10\/2024\/07\/logo-cabecera.png","contentUrl":"https:\/\/lij.ismeduca.com\/es\/wp-content\/uploads\/sites\/10\/2024\/07\/logo-cabecera.png","width":396,"height":64,"caption":"Literatura SM Espa\u00f1a"},"image":{"@id":"https:\/\/lij.ismeduca.com\/es\/#\/schema\/logo\/image\/"}}]}},"_links":{"self":[{"href":"https:\/\/lij.ismeduca.com\/es\/wp-json\/wp\/v2\/product\/4422","targetHints":{"allow":["GET"]}}],"collection":[{"href":"https:\/\/lij.ismeduca.com\/es\/wp-json\/wp\/v2\/product"}],"about":[{"href":"https:\/\/lij.ismeduca.com\/es\/wp-json\/wp\/v2\/types\/product"}],"version-history":[{"count":1,"href":"https:\/\/lij.ismeduca.com\/es\/wp-json\/wp\/v2\/product\/4422\/revisions"}],"predecessor-version":[{"id":33313,"href":"https:\/\/lij.ismeduca.com\/es\/wp-json\/wp\/v2\/product\/4422\/revisions\/33313"}],"wp:featuredmedia":[{"embeddable":true,"href":"https:\/\/lij.ismeduca.com\/es\/wp-json\/wp\/v2\/media\/36763"}],"wp:attachment":[{"href":"https:\/\/lij.ismeduca.com\/es\/wp-json\/wp\/v2\/media?parent=4422"}],"wp:term":[{"taxonomy":"product_brand","embeddable":true,"href":"https:\/\/lij.ismeduca.com\/es\/wp-json\/wp\/v2\/product_brand?post=4422"},{"taxonomy":"product_cat","embeddable":true,"href":"https:\/\/lij.ismeduca.com\/es\/wp-json\/wp\/v2\/product_cat?post=4422"},{"taxonomy":"product_tag","embeddable":true,"href":"https:\/\/lij.ismeduca.com\/es\/wp-json\/wp\/v2\/product_tag?post=4422"},{"taxonomy":"asignatura","embeddable":true,"href":"https:\/\/lij.ismeduca.com\/es\/wp-json\/wp\/v2\/asignatura?post=4422"},{"taxonomy":"compania","embeddable":true,"href":"https:\/\/lij.ismeduca.com\/es\/wp-json\/wp\/v2\/compania?post=4422"},{"taxonomy":"curso","embeddable":true,"href":"https:\/\/lij.ismeduca.com\/es\/wp-json\/wp\/v2\/curso?post=4422"},{"taxonomy":"idiomas","embeddable":true,"href":"https:\/\/lij.ismeduca.com\/es\/wp-json\/wp\/v2\/idiomas?post=4422"},{"taxonomy":"genero","embeddable":true,"href":"https:\/\/lij.ismeduca.com\/es\/wp-json\/wp\/v2\/genero?post=4422"},{"taxonomy":"linea","embeddable":true,"href":"https:\/\/lij.ismeduca.com\/es\/wp-json\/wp\/v2\/linea?post=4422"},{"taxonomy":"premio","embeddable":true,"href":"https:\/\/lij.ismeduca.com\/es\/wp-json\/wp\/v2\/premio?post=4422"},{"taxonomy":"proyecto-editorial","embeddable":true,"href":"https:\/\/lij.ismeduca.com\/es\/wp-json\/wp\/v2\/proyecto-editorial?post=4422"},{"taxonomy":"tipo-de-libro","embeddable":true,"href":"https:\/\/lij.ismeduca.com\/es\/wp-json\/wp\/v2\/tipo-de-libro?post=4422"},{"taxonomy":"soporte","embeddable":true,"href":"https:\/\/lij.ismeduca.com\/es\/wp-json\/wp\/v2\/soporte?post=4422"},{"taxonomy":"zona-geografica","embeddable":true,"href":"https:\/\/lij.ismeduca.com\/es\/wp-json\/wp\/v2\/zona-geografica?post=4422"},{"taxonomy":"autores","embeddable":true,"href":"https:\/\/lij.ismeduca.com\/es\/wp-json\/wp\/v2\/autores?post=4422"},{"taxonomy":"colecciones","embeddable":true,"href":"https:\/\/lij.ismeduca.com\/es\/wp-json\/wp\/v2\/colecciones?post=4422"},{"taxonomy":"personajes","embeddable":true,"href":"https:\/\/lij.ismeduca.com\/es\/wp-json\/wp\/v2\/personajes?post=4422"}],"curies":[{"name":"wp","href":"https:\/\/api.w.org\/{rel}","templated":true}]}}