{"id":4433,"date":"2015-06-03T00:00:00","date_gmt":"2024-07-11T10:11:23","guid":{"rendered":"https:\/\/lij.ismeduca.com\/tienda\/?post_type=product&#038;p=4433"},"modified":"2025-12-23T12:38:19","modified_gmt":"2025-12-23T11:38:19","slug":"tots-els-colors-del-camaleo","status":"publish","type":"product","link":"https:\/\/lij.ismeduca.com\/es\/producto\/tots-els-colors-del-camaleo\/","title":{"rendered":"Tots els colors del camale\u00f3"},"content":{"rendered":"","protected":false},"excerpt":{"rendered":"<p><P>El dia del concurs de ca&#231;a dels joves camaleons ha arribat: guanyar&#224; el primer que capturi un espiadimonis vermell. En Tami &#233;s un dels concursants, i ben aviat en troba un, per&#242; un gripau tamb&#233; ha clissat l&#8217;insecte, i tots dos es discuteixen. Quan el t&#233; a l&#8217;abast, en Tami deixa escapar en Max, l&#8217;espiadimonis. El gripau, indignat, li tira un ver&#237; als ulls, i a partir de llavors en Tami perd la capacitat de distingir els colors, ho veu tot gris&#243;s. Com que els ulls li fallen, la pell no sap qu&#232; ha de fer, i canvia de color sense control i no es pot camuflar. Al poblat, la malaltia d&#8217;en Tami neguiteja tothom, ja que tenen por que el vegi algun ocell i els descobreixi a tots. En Tami decideix marxar, per no posar en perill el poblat, i empr&#232;n un viatge llarg i perill&#243;s per anar a buscar el bruixot que viu a les muntanyes i que pot curar tots els mals. En Max l&#8217;acompanya, i els dos amics superen tots els perills i les dificultats que troben amb esfor&#231; i imaginaci&#243;. Al final, no troben cap remei per curar els ulls d&#8217;en Tami, per&#242; aquest compr&#232;n que el viatge li ha servit per fer-se m&#233;s fort, per con&#232;ixer el valor de l&#8217;amistat i per veure m&#243;n, i que en realitat no li cal guarir-se, perqu&#232; veure les coses de manera diferent no &#233;s cap malaltia.<\/P><P><\/P><\/p>\n","protected":false},"featured_media":37260,"template":"","meta":{"_acf_changed":false,"inline_featured_image":false},"product_brand":[],"product_cat":[4736],"product_tag":[268,270,927,1125,311,272,297,2058,321],"asignatura":[],"compania":[258],"curso":[],"idiomas":[1951],"genero":[],"linea":[250],"premio":[],"proyecto-editorial":[477],"tipo-de-libro":[249],"soporte":[2004],"zona-geografica":[],"autores":[4132,3346],"colecciones":[2380],"personajes":[],"class_list":{"0":"post-4433","1":"product","2":"type-product","3":"status-publish","4":"has-post-thumbnail","6":"product_cat-el-barco-de-vapor","7":"product_tag-amistad","8":"product_tag-animales","9":"product_tag-dilema-moral","10":"product_tag-enfermedad","11":"product_tag-familia","12":"product_tag-imaginacion","13":"product_tag-literatura-de-aventuras","14":"product_tag-ntx","15":"product_tag-superacion-de-dificultades","16":"pa_codigo-sap-ntx","17":"compania-editorial-cruilla-s-a-es","18":"idiomas-catalan","19":"linea-narrativa","20":"proyecto-editorial-barco-de-vapor","21":"tipo-de-libro-fisico","22":"soporte-libro","23":"autores-cristina-losantos-sistach","24":"autores-jordi-losantos-sistach","25":"colecciones-el-barco-de-vapor-azul","27":"first","28":"instock","29":"taxable","30":"shipping-taxable","31":"purchasable","32":"product-type-simple"},"acf":{"id_catalogo":"650","shortTitle":"C-VVB.182 TOTS ELS COLORS DEL CAMALEO","descripcion":"<P>El dia del concurs de ca&#231;a dels joves camaleons ha arribat: guanyar&#224; el primer que capturi un espiadimonis vermell. En Tami &#233;s un dels concursants, i ben aviat en troba un, per&#242; un gripau tamb&#233; ha clissat l&#8217;insecte, i tots dos es discuteixen. Quan el t&#233; a l&#8217;abast, en Tami deixa escapar en Max, l&#8217;espiadimonis. El gripau, indignat, li tira un ver&#237; als ulls, i a partir de llavors en Tami perd la capacitat de distingir els colors, ho veu tot gris&#243;s. Com que els ulls li fallen, la pell no sap qu&#232; ha de fer, i canvia de color sense control i no es pot camuflar. Al poblat, la malaltia d&#8217;en Tami neguiteja tothom, ja que tenen por que el vegi algun ocell i els descobreixi a tots. En Tami decideix marxar, per no posar en perill el poblat, i empr&#232;n un viatge llarg i perill&#243;s per anar a buscar el bruixot que viu a les muntanyes i que pot curar tots els mals. En Max l&#8217;acompanya, i els dos amics superen tots els perills i les dificultats que troben amb esfor&#231; i imaginaci&#243;. Al final, no troben cap remei per curar els ulls d&#8217;en Tami, per&#242; aquest compr&#232;n que el viatge li ha servit per fer-se m&#233;s fort, per con&#232;ixer el valor de l&#8217;amistat i per veure m&#243;n, i que en realitat no li cal guarir-se, perqu&#232; veure les coses de manera diferent no &#233;s cap malaltia.<\/P><P><\/P>","adjuntos":[{"id":"4","titulo":"Primer cap\u00edtulo \/ Unidad Modelo","url":"https:\/\/catalogo.noe-sm.com\/medias\/ES167900-009766.pdf?context=bWFzdGVyfG1pZ3JhdGlvbnw5NzAyODl8YXBwbGljYXRpb24vcGRmfG1pZ3JhdGlvbi9oNzgvaDUyLzg4MTk1OTQzNjI5MTAucGRmfGU4YzA0OTI4MzlmZmFmZmRlNTY4NWIxYmNmYTg3MWIzYzYyNWU1NGNjNWEzNjlmNTk1NGUwODAwMDk2ZjAwZjM"},{"id":"11","titulo":"Quaderno de lectura","url":"https:\/\/catalogo.noe-sm.com\/medias\/ES167900-010554.pdf?context=bWFzdGVyfG1pZ3JhdGlvbnwzMzY3Njd8YXBwbGljYXRpb24vcGRmfG1pZ3JhdGlvbi9oOTcvaGE0Lzg4MTkzODUwMDgxNTgucGRmfGFhMzRiMGVmNGE5YmY0OGE1ZWI2ZTFiZmFjYTc2OWRhNjA0NWNlYzNiOTJlNGIzOWY1MTY2ZDQyYmUwNzEwYWY"},{"id":"20","titulo":"Ficha del alumno","url":"https:\/\/catalogo.noe-sm.com\/medias\/167900-Tots-els-colors-del-camaleo-alumne.pdf?context=bWFzdGVyfHJvb3R8MjAyNTg2NnxhcHBsaWNhdGlvbi9wZGZ8aDE3L2g4NS84OTM0NzQ0MzI2MTc0LnBkZnxlNzU3NGUwZmVkMmQ2MzEzNGUxMzg1MjIwZWU2Y2E4NDg1ZWQ5MDI2Zjc1YWFmYmVhNDY5ODI2Zjk1MDcyY2Iz"},{"id":"21","titulo":"Ficha del profesor","url":"https:\/\/catalogo.noe-sm.com\/medias\/167900-Tots-els-colors-del-camaleo-profe.pdf?context=bWFzdGVyfHJvb3R8MTQ0MjAzNnxhcHBsaWNhdGlvbi9wZGZ8aDQ1L2gxMi84OTM0NzQ0MzkxNzEwLnBkZnxjZmQ0ODVmODhkYTg5ODVmOWZlODFkMWYwNTEzYjBhZTVhMDg5YTRmYmQyZDgzOGQxNTJmNDYxZjM0ZWEzOTQ1"}],"descriptivePhrases":[{"type":"General","text":"Despr\u00e9s que un gripau li tira un ver\u00ed als ulls, en Tami, el camale\u00f3, per la capacitat de distingir els colors. Per aix\u00f2 decideix emprendre un viatge llarg i perill\u00f3s per anar a buscar el bruixot que viu a les muntanyes i que pot curar tots els mals."}],"productSap":"NTX","isbn":"9788466139427","precio_colegios":8.41,"precio_librerias":8.41,"precio_librerias_sin_cobertura":8.41,"precio_distribuidores":8.41,"fecha_disponibilidad":null,"fecha_comercial":"20150603","organizacion_venta":"CS01","datos_para_buscador":"Cristina Losantos Sistach, Jordi Losantos Sistach, El Barco de Vapor Azul, "},"yoast_head":"<!-- This site is optimized with the Yoast SEO plugin v26.6 - https:\/\/yoast.com\/wordpress\/plugins\/seo\/ -->\n<title>Tots els colors del camale\u00f3 - Literatura SM Espa\u00f1a<\/title>\n<meta name=\"robots\" content=\"noindex, follow, max-snippet:-1, max-image-preview:large, max-video-preview:-1\" \/>\n<meta property=\"og:locale\" content=\"es_ES\" \/>\n<meta property=\"og:type\" content=\"article\" \/>\n<meta property=\"og:title\" content=\"Tots els colors del camale\u00f3 - Literatura SM Espa\u00f1a\" \/>\n<meta property=\"og:url\" content=\"https:\/\/lij.ismeduca.com\/es\/producto\/tots-els-colors-del-camaleo\/\" \/>\n<meta property=\"og:site_name\" content=\"Literatura SM Espa\u00f1a\" \/>\n<meta property=\"article:modified_time\" content=\"2025-12-23T11:38:19+00:00\" \/>\n<meta name=\"twitter:card\" content=\"summary_large_image\" \/>\n<script type=\"application\/ld+json\" class=\"yoast-schema-graph\">{\"@context\":\"https:\/\/schema.org\",\"@graph\":[{\"@type\":\"WebPage\",\"@id\":\"https:\/\/lij.ismeduca.com\/es\/producto\/tots-els-colors-del-camaleo\/\",\"url\":\"https:\/\/lij.ismeduca.com\/es\/producto\/tots-els-colors-del-camaleo\/\",\"name\":\"Tots els colors del camale\u00f3 - Literatura SM Espa\u00f1a\",\"isPartOf\":{\"@id\":\"https:\/\/lij.ismeduca.com\/es\/#website\"},\"primaryImageOfPage\":{\"@id\":\"https:\/\/lij.ismeduca.com\/es\/producto\/tots-els-colors-del-camaleo\/#primaryimage\"},\"image\":{\"@id\":\"https:\/\/lij.ismeduca.com\/es\/producto\/tots-els-colors-del-camaleo\/#primaryimage\"},\"thumbnailUrl\":\"https:\/\/lij.ismeduca.com\/es\/wp-content\/uploads\/sites\/10\/2025\/12\/4433.jpg\",\"datePublished\":\"2024-07-11T10:11:23+00:00\",\"dateModified\":\"2025-12-23T11:38:19+00:00\",\"breadcrumb\":{\"@id\":\"https:\/\/lij.ismeduca.com\/es\/producto\/tots-els-colors-del-camaleo\/#breadcrumb\"},\"inLanguage\":\"es\",\"potentialAction\":[{\"@type\":\"ReadAction\",\"target\":[\"https:\/\/lij.ismeduca.com\/es\/producto\/tots-els-colors-del-camaleo\/\"]}]},{\"@type\":\"ImageObject\",\"inLanguage\":\"es\",\"@id\":\"https:\/\/lij.ismeduca.com\/es\/producto\/tots-els-colors-del-camaleo\/#primaryimage\",\"url\":\"https:\/\/lij.ismeduca.com\/es\/wp-content\/uploads\/sites\/10\/2025\/12\/4433.jpg\",\"contentUrl\":\"https:\/\/lij.ismeduca.com\/es\/wp-content\/uploads\/sites\/10\/2025\/12\/4433.jpg\",\"width\":377,\"height\":600},{\"@type\":\"BreadcrumbList\",\"@id\":\"https:\/\/lij.ismeduca.com\/es\/producto\/tots-els-colors-del-camaleo\/#breadcrumb\",\"itemListElement\":[{\"@type\":\"ListItem\",\"position\":1,\"name\":\"Portada\",\"item\":\"https:\/\/lij.ismeduca.com\/es\/\"},{\"@type\":\"ListItem\",\"position\":2,\"name\":\"Tienda\",\"item\":\"https:\/\/lij.ismeduca.com\/es\/tienda\/\"},{\"@type\":\"ListItem\",\"position\":3,\"name\":\"Tots els colors del camale\u00f3\"}]},{\"@type\":\"WebSite\",\"@id\":\"https:\/\/lij.ismeduca.com\/es\/#website\",\"url\":\"https:\/\/lij.ismeduca.com\/es\/\",\"name\":\"Literatura SM Espa\u00f1a\",\"description\":\"\",\"publisher\":{\"@id\":\"https:\/\/lij.ismeduca.com\/es\/#organization\"},\"potentialAction\":[{\"@type\":\"SearchAction\",\"target\":{\"@type\":\"EntryPoint\",\"urlTemplate\":\"https:\/\/lij.ismeduca.com\/es\/?s={search_term_string}\"},\"query-input\":{\"@type\":\"PropertyValueSpecification\",\"valueRequired\":true,\"valueName\":\"search_term_string\"}}],\"inLanguage\":\"es\"},{\"@type\":\"Organization\",\"@id\":\"https:\/\/lij.ismeduca.com\/es\/#organization\",\"name\":\"Literatura SM Espa\u00f1a\",\"url\":\"https:\/\/lij.ismeduca.com\/es\/\",\"logo\":{\"@type\":\"ImageObject\",\"inLanguage\":\"es\",\"@id\":\"https:\/\/lij.ismeduca.com\/es\/#\/schema\/logo\/image\/\",\"url\":\"https:\/\/lij.ismeduca.com\/es\/wp-content\/uploads\/sites\/10\/2024\/07\/logo-cabecera.png\",\"contentUrl\":\"https:\/\/lij.ismeduca.com\/es\/wp-content\/uploads\/sites\/10\/2024\/07\/logo-cabecera.png\",\"width\":396,\"height\":64,\"caption\":\"Literatura SM Espa\u00f1a\"},\"image\":{\"@id\":\"https:\/\/lij.ismeduca.com\/es\/#\/schema\/logo\/image\/\"}}]}<\/script>\n<!-- \/ Yoast SEO plugin. -->","yoast_head_json":{"title":"Tots els colors del camale\u00f3 - Literatura SM Espa\u00f1a","robots":{"index":"noindex","follow":"follow","max-snippet":"max-snippet:-1","max-image-preview":"max-image-preview:large","max-video-preview":"max-video-preview:-1"},"og_locale":"es_ES","og_type":"article","og_title":"Tots els colors del camale\u00f3 - Literatura SM Espa\u00f1a","og_url":"https:\/\/lij.ismeduca.com\/es\/producto\/tots-els-colors-del-camaleo\/","og_site_name":"Literatura SM Espa\u00f1a","article_modified_time":"2025-12-23T11:38:19+00:00","twitter_card":"summary_large_image","schema":{"@context":"https:\/\/schema.org","@graph":[{"@type":"WebPage","@id":"https:\/\/lij.ismeduca.com\/es\/producto\/tots-els-colors-del-camaleo\/","url":"https:\/\/lij.ismeduca.com\/es\/producto\/tots-els-colors-del-camaleo\/","name":"Tots els colors del camale\u00f3 - Literatura SM Espa\u00f1a","isPartOf":{"@id":"https:\/\/lij.ismeduca.com\/es\/#website"},"primaryImageOfPage":{"@id":"https:\/\/lij.ismeduca.com\/es\/producto\/tots-els-colors-del-camaleo\/#primaryimage"},"image":{"@id":"https:\/\/lij.ismeduca.com\/es\/producto\/tots-els-colors-del-camaleo\/#primaryimage"},"thumbnailUrl":"https:\/\/lij.ismeduca.com\/es\/wp-content\/uploads\/sites\/10\/2025\/12\/4433.jpg","datePublished":"2024-07-11T10:11:23+00:00","dateModified":"2025-12-23T11:38:19+00:00","breadcrumb":{"@id":"https:\/\/lij.ismeduca.com\/es\/producto\/tots-els-colors-del-camaleo\/#breadcrumb"},"inLanguage":"es","potentialAction":[{"@type":"ReadAction","target":["https:\/\/lij.ismeduca.com\/es\/producto\/tots-els-colors-del-camaleo\/"]}]},{"@type":"ImageObject","inLanguage":"es","@id":"https:\/\/lij.ismeduca.com\/es\/producto\/tots-els-colors-del-camaleo\/#primaryimage","url":"https:\/\/lij.ismeduca.com\/es\/wp-content\/uploads\/sites\/10\/2025\/12\/4433.jpg","contentUrl":"https:\/\/lij.ismeduca.com\/es\/wp-content\/uploads\/sites\/10\/2025\/12\/4433.jpg","width":377,"height":600},{"@type":"BreadcrumbList","@id":"https:\/\/lij.ismeduca.com\/es\/producto\/tots-els-colors-del-camaleo\/#breadcrumb","itemListElement":[{"@type":"ListItem","position":1,"name":"Portada","item":"https:\/\/lij.ismeduca.com\/es\/"},{"@type":"ListItem","position":2,"name":"Tienda","item":"https:\/\/lij.ismeduca.com\/es\/tienda\/"},{"@type":"ListItem","position":3,"name":"Tots els colors del camale\u00f3"}]},{"@type":"WebSite","@id":"https:\/\/lij.ismeduca.com\/es\/#website","url":"https:\/\/lij.ismeduca.com\/es\/","name":"Literatura SM Espa\u00f1a","description":"","publisher":{"@id":"https:\/\/lij.ismeduca.com\/es\/#organization"},"potentialAction":[{"@type":"SearchAction","target":{"@type":"EntryPoint","urlTemplate":"https:\/\/lij.ismeduca.com\/es\/?s={search_term_string}"},"query-input":{"@type":"PropertyValueSpecification","valueRequired":true,"valueName":"search_term_string"}}],"inLanguage":"es"},{"@type":"Organization","@id":"https:\/\/lij.ismeduca.com\/es\/#organization","name":"Literatura SM Espa\u00f1a","url":"https:\/\/lij.ismeduca.com\/es\/","logo":{"@type":"ImageObject","inLanguage":"es","@id":"https:\/\/lij.ismeduca.com\/es\/#\/schema\/logo\/image\/","url":"https:\/\/lij.ismeduca.com\/es\/wp-content\/uploads\/sites\/10\/2024\/07\/logo-cabecera.png","contentUrl":"https:\/\/lij.ismeduca.com\/es\/wp-content\/uploads\/sites\/10\/2024\/07\/logo-cabecera.png","width":396,"height":64,"caption":"Literatura SM Espa\u00f1a"},"image":{"@id":"https:\/\/lij.ismeduca.com\/es\/#\/schema\/logo\/image\/"}}]}},"_links":{"self":[{"href":"https:\/\/lij.ismeduca.com\/es\/wp-json\/wp\/v2\/product\/4433","targetHints":{"allow":["GET"]}}],"collection":[{"href":"https:\/\/lij.ismeduca.com\/es\/wp-json\/wp\/v2\/product"}],"about":[{"href":"https:\/\/lij.ismeduca.com\/es\/wp-json\/wp\/v2\/types\/product"}],"version-history":[{"count":1,"href":"https:\/\/lij.ismeduca.com\/es\/wp-json\/wp\/v2\/product\/4433\/revisions"}],"predecessor-version":[{"id":33331,"href":"https:\/\/lij.ismeduca.com\/es\/wp-json\/wp\/v2\/product\/4433\/revisions\/33331"}],"wp:featuredmedia":[{"embeddable":true,"href":"https:\/\/lij.ismeduca.com\/es\/wp-json\/wp\/v2\/media\/37260"}],"wp:attachment":[{"href":"https:\/\/lij.ismeduca.com\/es\/wp-json\/wp\/v2\/media?parent=4433"}],"wp:term":[{"taxonomy":"product_brand","embeddable":true,"href":"https:\/\/lij.ismeduca.com\/es\/wp-json\/wp\/v2\/product_brand?post=4433"},{"taxonomy":"product_cat","embeddable":true,"href":"https:\/\/lij.ismeduca.com\/es\/wp-json\/wp\/v2\/product_cat?post=4433"},{"taxonomy":"product_tag","embeddable":true,"href":"https:\/\/lij.ismeduca.com\/es\/wp-json\/wp\/v2\/product_tag?post=4433"},{"taxonomy":"asignatura","embeddable":true,"href":"https:\/\/lij.ismeduca.com\/es\/wp-json\/wp\/v2\/asignatura?post=4433"},{"taxonomy":"compania","embeddable":true,"href":"https:\/\/lij.ismeduca.com\/es\/wp-json\/wp\/v2\/compania?post=4433"},{"taxonomy":"curso","embeddable":true,"href":"https:\/\/lij.ismeduca.com\/es\/wp-json\/wp\/v2\/curso?post=4433"},{"taxonomy":"idiomas","embeddable":true,"href":"https:\/\/lij.ismeduca.com\/es\/wp-json\/wp\/v2\/idiomas?post=4433"},{"taxonomy":"genero","embeddable":true,"href":"https:\/\/lij.ismeduca.com\/es\/wp-json\/wp\/v2\/genero?post=4433"},{"taxonomy":"linea","embeddable":true,"href":"https:\/\/lij.ismeduca.com\/es\/wp-json\/wp\/v2\/linea?post=4433"},{"taxonomy":"premio","embeddable":true,"href":"https:\/\/lij.ismeduca.com\/es\/wp-json\/wp\/v2\/premio?post=4433"},{"taxonomy":"proyecto-editorial","embeddable":true,"href":"https:\/\/lij.ismeduca.com\/es\/wp-json\/wp\/v2\/proyecto-editorial?post=4433"},{"taxonomy":"tipo-de-libro","embeddable":true,"href":"https:\/\/lij.ismeduca.com\/es\/wp-json\/wp\/v2\/tipo-de-libro?post=4433"},{"taxonomy":"soporte","embeddable":true,"href":"https:\/\/lij.ismeduca.com\/es\/wp-json\/wp\/v2\/soporte?post=4433"},{"taxonomy":"zona-geografica","embeddable":true,"href":"https:\/\/lij.ismeduca.com\/es\/wp-json\/wp\/v2\/zona-geografica?post=4433"},{"taxonomy":"autores","embeddable":true,"href":"https:\/\/lij.ismeduca.com\/es\/wp-json\/wp\/v2\/autores?post=4433"},{"taxonomy":"colecciones","embeddable":true,"href":"https:\/\/lij.ismeduca.com\/es\/wp-json\/wp\/v2\/colecciones?post=4433"},{"taxonomy":"personajes","embeddable":true,"href":"https:\/\/lij.ismeduca.com\/es\/wp-json\/wp\/v2\/personajes?post=4433"}],"curies":[{"name":"wp","href":"https:\/\/api.w.org\/{rel}","templated":true}]}}