{"id":4460,"date":"2016-09-22T00:00:00","date_gmt":"2024-07-11T10:11:35","guid":{"rendered":"https:\/\/lij.ismeduca.com\/tienda\/?post_type=product&#038;p=4460"},"modified":"2025-12-23T12:40:03","modified_gmt":"2025-12-23T11:40:03","slug":"para-ser-pirata","status":"publish","type":"product","link":"https:\/\/lij.ismeduca.com\/es\/producto\/para-ser-pirata\/","title":{"rendered":"Para ser pirata"},"content":{"rendered":"","protected":false},"excerpt":{"rendered":"<p><P>&#161;Ras! Son las velas que rasgan<br \/><\/P><P>&#161;Tris! Las espadas que luchan.<br \/><\/P><P>&#161;Ay! Malat&#237;a al caer.<br \/><\/P><P>&#161;Pum! Los ca&#241;ones que atruenan.<br \/><\/P><P>&#161;Ja! Nuestra risa al vencer.<br \/><\/P><P>Conjunto de poemas inspirados en la vida del mar y los piratas que har&#225; las delicias de los peque&#241;os. Un libro para leer en voz alta y sumergirnos en los mares del sur.<\/P><P><\/P><\/p>\n","protected":false},"featured_media":36874,"template":"","meta":{"_acf_changed":false,"inline_featured_image":false},"product_brand":[],"product_cat":[4736],"product_tag":[240,242,297,253,298,374,2058,313,463,1495],"asignatura":[],"compania":[252],"curso":[],"idiomas":[1948],"genero":[473],"linea":[250],"premio":[],"proyecto-editorial":[477],"tipo-de-libro":[249],"soporte":[2004],"zona-geografica":[],"autores":[4072,3871,4439],"colecciones":[2380],"personajes":[],"class_list":{"0":"post-4460","1":"product","2":"type-product","3":"status-publish","4":"has-post-thumbnail","6":"product_cat-el-barco-de-vapor","7":"product_tag-cuentos-infantiles","8":"product_tag-cuentos-para-ninos","9":"product_tag-literatura-de-aventuras","10":"product_tag-literatura-de-humor","11":"product_tag-literatura-infantil","12":"product_tag-naturaleza","13":"product_tag-ntx","14":"product_tag-piratas","15":"product_tag-poesia","16":"product_tag-proyecto-loran","17":"pa_codigo-sap-ntx","18":"compania-f-sta-maria-ediciones-sm-es","19":"idiomas-espanol","20":"genero-poesia","21":"linea-narrativa","22":"proyecto-editorial-barco-de-vapor","23":"tipo-de-libro-fisico","24":"soporte-libro","25":"autores-beatriz-gimenez-de-ory","26":"autores-carole-henaff","27":"autores-paloma-muina-merino","28":"colecciones-el-barco-de-vapor-azul","30":"first","31":"instock","32":"taxable","33":"shipping-taxable","34":"purchasable","35":"product-type-simple"},"acf":{"id_catalogo":"650","shortTitle":"BVA.175 PARA SER PIRATA","descripcion":"<P>&#161;Ras! Son las velas que rasgan<br \/><\/P><P>&#161;Tris! Las espadas que luchan.<br \/><\/P><P>&#161;Ay! Malat&#237;a al caer.<br \/><\/P><P>&#161;Pum! Los ca&#241;ones que atruenan.<br \/><\/P><P>&#161;Ja! Nuestra risa al vencer.<br \/><\/P><P>Conjunto de poemas inspirados en la vida del mar y los piratas que har&#225; las delicias de los peque&#241;os. Un libro para leer en voz alta y sumergirnos en los mares del sur.<\/P><P><\/P>","adjuntos":[{"id":"4","titulo":"Primer cap\u00edtulo \/ Unidad Modelo","url":"https:\/\/catalogo.noe-sm.com\/medias\/ES172913-010015.pdf?context=bWFzdGVyfG1pZ3JhdGlvbnwxMDgyMDEwfGFwcGxpY2F0aW9uL3BkZnxtaWdyYXRpb24vaDhmL2gzYi84ODE5MzUyMTc0NjIyLnBkZnw3MzRkOGMyOTA0YjhiZTg2NTQ3NDVhYTQ0ZTIxZWY1NDc1ZDBkNGU2NTQzNzkzMzUzMGE1YzJlMmFlN2U3MWQ4"},{"id":"20","titulo":"Ficha del alumno","url":"https:\/\/catalogo.noe-sm.com\/medias\/ES172913-Act.-alumno-Para-ser-pirata-BVA.pdf?context=bWFzdGVyfHJvb3R8MTMzOTI1NXxhcHBsaWNhdGlvbi9wZGZ8aDBjL2hjNi84ODMwOTUyNzY3NTE4LnBkZnw2ZjNhYzU4Y2QxMzM3NzZjMzNiMGU5NTFjNDBiNTllNGQ5ZGNkMGM5NzlkMjA5OWZmNWM0YTU2ODZmM2E3MGQ5"},{"id":"21","titulo":"Ficha del profesor","url":"https:\/\/catalogo.noe-sm.com\/medias\/172913-recur-001-001-pro-savia.pdf?context=bWFzdGVyfHJvb3R8ODQ3NjU4fGFwcGxpY2F0aW9uL3BkZnxoODQvaDNlLzg5NDU2ODQ1MTI3OTgucGRmfDAwMTlkMTM4NmE4OWFkZGFjNTE4MTFmOGMwNDRjMzVjNGU0ZmFkNDEzMWVjMGNjNWI1Mzg5YWUwMDQ1MDE4MzY"}],"descriptivePhrases":[{"type":"General","text":"Conjunto de poemas inspirados en la vida del mar y los piratas que har\u00e1 las delicias de los peque\u00f1os. Un libro para leer en voz alta y sumergirnos en los mares del sur."}],"productSap":"NTX","isbn":"9788467590500","precio_colegios":8.41,"precio_librerias":8.41,"precio_librerias_sin_cobertura":8.41,"precio_distribuidores":8.41,"fecha_disponibilidad":null,"fecha_comercial":"20160922","organizacion_venta":"CS01","datos_para_buscador":"Carole H\u00e9naff, Paloma Mui\u00f1a Merino, Beatriz Gim\u00e9nez de Ory, El Barco de Vapor Azul, "},"yoast_head":"<!-- This site is optimized with the Yoast SEO plugin v26.6 - https:\/\/yoast.com\/wordpress\/plugins\/seo\/ -->\n<title>Para ser pirata - Literatura SM Espa\u00f1a<\/title>\n<meta name=\"robots\" content=\"noindex, follow, max-snippet:-1, max-image-preview:large, max-video-preview:-1\" \/>\n<meta property=\"og:locale\" content=\"es_ES\" \/>\n<meta property=\"og:type\" content=\"article\" \/>\n<meta property=\"og:title\" content=\"Para ser pirata - Literatura SM Espa\u00f1a\" \/>\n<meta property=\"og:url\" content=\"https:\/\/lij.ismeduca.com\/es\/producto\/para-ser-pirata\/\" \/>\n<meta property=\"og:site_name\" content=\"Literatura SM Espa\u00f1a\" \/>\n<meta property=\"article:modified_time\" content=\"2025-12-23T11:40:03+00:00\" \/>\n<meta name=\"twitter:card\" content=\"summary_large_image\" \/>\n<script type=\"application\/ld+json\" class=\"yoast-schema-graph\">{\"@context\":\"https:\/\/schema.org\",\"@graph\":[{\"@type\":\"WebPage\",\"@id\":\"https:\/\/lij.ismeduca.com\/es\/producto\/para-ser-pirata\/\",\"url\":\"https:\/\/lij.ismeduca.com\/es\/producto\/para-ser-pirata\/\",\"name\":\"Para ser pirata - Literatura SM Espa\u00f1a\",\"isPartOf\":{\"@id\":\"https:\/\/lij.ismeduca.com\/es\/#website\"},\"primaryImageOfPage\":{\"@id\":\"https:\/\/lij.ismeduca.com\/es\/producto\/para-ser-pirata\/#primaryimage\"},\"image\":{\"@id\":\"https:\/\/lij.ismeduca.com\/es\/producto\/para-ser-pirata\/#primaryimage\"},\"thumbnailUrl\":\"https:\/\/lij.ismeduca.com\/es\/wp-content\/uploads\/sites\/10\/2025\/12\/4460.jpg\",\"datePublished\":\"2024-07-11T10:11:35+00:00\",\"dateModified\":\"2025-12-23T11:40:03+00:00\",\"breadcrumb\":{\"@id\":\"https:\/\/lij.ismeduca.com\/es\/producto\/para-ser-pirata\/#breadcrumb\"},\"inLanguage\":\"es\",\"potentialAction\":[{\"@type\":\"ReadAction\",\"target\":[\"https:\/\/lij.ismeduca.com\/es\/producto\/para-ser-pirata\/\"]}]},{\"@type\":\"ImageObject\",\"inLanguage\":\"es\",\"@id\":\"https:\/\/lij.ismeduca.com\/es\/producto\/para-ser-pirata\/#primaryimage\",\"url\":\"https:\/\/lij.ismeduca.com\/es\/wp-content\/uploads\/sites\/10\/2025\/12\/4460.jpg\",\"contentUrl\":\"https:\/\/lij.ismeduca.com\/es\/wp-content\/uploads\/sites\/10\/2025\/12\/4460.jpg\",\"width\":600,\"height\":952},{\"@type\":\"BreadcrumbList\",\"@id\":\"https:\/\/lij.ismeduca.com\/es\/producto\/para-ser-pirata\/#breadcrumb\",\"itemListElement\":[{\"@type\":\"ListItem\",\"position\":1,\"name\":\"Portada\",\"item\":\"https:\/\/lij.ismeduca.com\/es\/\"},{\"@type\":\"ListItem\",\"position\":2,\"name\":\"Tienda\",\"item\":\"https:\/\/lij.ismeduca.com\/es\/tienda\/\"},{\"@type\":\"ListItem\",\"position\":3,\"name\":\"Para ser pirata\"}]},{\"@type\":\"WebSite\",\"@id\":\"https:\/\/lij.ismeduca.com\/es\/#website\",\"url\":\"https:\/\/lij.ismeduca.com\/es\/\",\"name\":\"Literatura SM Espa\u00f1a\",\"description\":\"\",\"publisher\":{\"@id\":\"https:\/\/lij.ismeduca.com\/es\/#organization\"},\"potentialAction\":[{\"@type\":\"SearchAction\",\"target\":{\"@type\":\"EntryPoint\",\"urlTemplate\":\"https:\/\/lij.ismeduca.com\/es\/?s={search_term_string}\"},\"query-input\":{\"@type\":\"PropertyValueSpecification\",\"valueRequired\":true,\"valueName\":\"search_term_string\"}}],\"inLanguage\":\"es\"},{\"@type\":\"Organization\",\"@id\":\"https:\/\/lij.ismeduca.com\/es\/#organization\",\"name\":\"Literatura SM Espa\u00f1a\",\"url\":\"https:\/\/lij.ismeduca.com\/es\/\",\"logo\":{\"@type\":\"ImageObject\",\"inLanguage\":\"es\",\"@id\":\"https:\/\/lij.ismeduca.com\/es\/#\/schema\/logo\/image\/\",\"url\":\"https:\/\/lij.ismeduca.com\/es\/wp-content\/uploads\/sites\/10\/2024\/07\/logo-cabecera.png\",\"contentUrl\":\"https:\/\/lij.ismeduca.com\/es\/wp-content\/uploads\/sites\/10\/2024\/07\/logo-cabecera.png\",\"width\":396,\"height\":64,\"caption\":\"Literatura SM Espa\u00f1a\"},\"image\":{\"@id\":\"https:\/\/lij.ismeduca.com\/es\/#\/schema\/logo\/image\/\"}}]}<\/script>\n<!-- \/ Yoast SEO plugin. -->","yoast_head_json":{"title":"Para ser pirata - Literatura SM Espa\u00f1a","robots":{"index":"noindex","follow":"follow","max-snippet":"max-snippet:-1","max-image-preview":"max-image-preview:large","max-video-preview":"max-video-preview:-1"},"og_locale":"es_ES","og_type":"article","og_title":"Para ser pirata - Literatura SM Espa\u00f1a","og_url":"https:\/\/lij.ismeduca.com\/es\/producto\/para-ser-pirata\/","og_site_name":"Literatura SM Espa\u00f1a","article_modified_time":"2025-12-23T11:40:03+00:00","twitter_card":"summary_large_image","schema":{"@context":"https:\/\/schema.org","@graph":[{"@type":"WebPage","@id":"https:\/\/lij.ismeduca.com\/es\/producto\/para-ser-pirata\/","url":"https:\/\/lij.ismeduca.com\/es\/producto\/para-ser-pirata\/","name":"Para ser pirata - Literatura SM Espa\u00f1a","isPartOf":{"@id":"https:\/\/lij.ismeduca.com\/es\/#website"},"primaryImageOfPage":{"@id":"https:\/\/lij.ismeduca.com\/es\/producto\/para-ser-pirata\/#primaryimage"},"image":{"@id":"https:\/\/lij.ismeduca.com\/es\/producto\/para-ser-pirata\/#primaryimage"},"thumbnailUrl":"https:\/\/lij.ismeduca.com\/es\/wp-content\/uploads\/sites\/10\/2025\/12\/4460.jpg","datePublished":"2024-07-11T10:11:35+00:00","dateModified":"2025-12-23T11:40:03+00:00","breadcrumb":{"@id":"https:\/\/lij.ismeduca.com\/es\/producto\/para-ser-pirata\/#breadcrumb"},"inLanguage":"es","potentialAction":[{"@type":"ReadAction","target":["https:\/\/lij.ismeduca.com\/es\/producto\/para-ser-pirata\/"]}]},{"@type":"ImageObject","inLanguage":"es","@id":"https:\/\/lij.ismeduca.com\/es\/producto\/para-ser-pirata\/#primaryimage","url":"https:\/\/lij.ismeduca.com\/es\/wp-content\/uploads\/sites\/10\/2025\/12\/4460.jpg","contentUrl":"https:\/\/lij.ismeduca.com\/es\/wp-content\/uploads\/sites\/10\/2025\/12\/4460.jpg","width":600,"height":952},{"@type":"BreadcrumbList","@id":"https:\/\/lij.ismeduca.com\/es\/producto\/para-ser-pirata\/#breadcrumb","itemListElement":[{"@type":"ListItem","position":1,"name":"Portada","item":"https:\/\/lij.ismeduca.com\/es\/"},{"@type":"ListItem","position":2,"name":"Tienda","item":"https:\/\/lij.ismeduca.com\/es\/tienda\/"},{"@type":"ListItem","position":3,"name":"Para ser pirata"}]},{"@type":"WebSite","@id":"https:\/\/lij.ismeduca.com\/es\/#website","url":"https:\/\/lij.ismeduca.com\/es\/","name":"Literatura SM Espa\u00f1a","description":"","publisher":{"@id":"https:\/\/lij.ismeduca.com\/es\/#organization"},"potentialAction":[{"@type":"SearchAction","target":{"@type":"EntryPoint","urlTemplate":"https:\/\/lij.ismeduca.com\/es\/?s={search_term_string}"},"query-input":{"@type":"PropertyValueSpecification","valueRequired":true,"valueName":"search_term_string"}}],"inLanguage":"es"},{"@type":"Organization","@id":"https:\/\/lij.ismeduca.com\/es\/#organization","name":"Literatura SM Espa\u00f1a","url":"https:\/\/lij.ismeduca.com\/es\/","logo":{"@type":"ImageObject","inLanguage":"es","@id":"https:\/\/lij.ismeduca.com\/es\/#\/schema\/logo\/image\/","url":"https:\/\/lij.ismeduca.com\/es\/wp-content\/uploads\/sites\/10\/2024\/07\/logo-cabecera.png","contentUrl":"https:\/\/lij.ismeduca.com\/es\/wp-content\/uploads\/sites\/10\/2024\/07\/logo-cabecera.png","width":396,"height":64,"caption":"Literatura SM Espa\u00f1a"},"image":{"@id":"https:\/\/lij.ismeduca.com\/es\/#\/schema\/logo\/image\/"}}]}},"_links":{"self":[{"href":"https:\/\/lij.ismeduca.com\/es\/wp-json\/wp\/v2\/product\/4460","targetHints":{"allow":["GET"]}}],"collection":[{"href":"https:\/\/lij.ismeduca.com\/es\/wp-json\/wp\/v2\/product"}],"about":[{"href":"https:\/\/lij.ismeduca.com\/es\/wp-json\/wp\/v2\/types\/product"}],"version-history":[{"count":1,"href":"https:\/\/lij.ismeduca.com\/es\/wp-json\/wp\/v2\/product\/4460\/revisions"}],"predecessor-version":[{"id":36875,"href":"https:\/\/lij.ismeduca.com\/es\/wp-json\/wp\/v2\/product\/4460\/revisions\/36875"}],"wp:featuredmedia":[{"embeddable":true,"href":"https:\/\/lij.ismeduca.com\/es\/wp-json\/wp\/v2\/media\/36874"}],"wp:attachment":[{"href":"https:\/\/lij.ismeduca.com\/es\/wp-json\/wp\/v2\/media?parent=4460"}],"wp:term":[{"taxonomy":"product_brand","embeddable":true,"href":"https:\/\/lij.ismeduca.com\/es\/wp-json\/wp\/v2\/product_brand?post=4460"},{"taxonomy":"product_cat","embeddable":true,"href":"https:\/\/lij.ismeduca.com\/es\/wp-json\/wp\/v2\/product_cat?post=4460"},{"taxonomy":"product_tag","embeddable":true,"href":"https:\/\/lij.ismeduca.com\/es\/wp-json\/wp\/v2\/product_tag?post=4460"},{"taxonomy":"asignatura","embeddable":true,"href":"https:\/\/lij.ismeduca.com\/es\/wp-json\/wp\/v2\/asignatura?post=4460"},{"taxonomy":"compania","embeddable":true,"href":"https:\/\/lij.ismeduca.com\/es\/wp-json\/wp\/v2\/compania?post=4460"},{"taxonomy":"curso","embeddable":true,"href":"https:\/\/lij.ismeduca.com\/es\/wp-json\/wp\/v2\/curso?post=4460"},{"taxonomy":"idiomas","embeddable":true,"href":"https:\/\/lij.ismeduca.com\/es\/wp-json\/wp\/v2\/idiomas?post=4460"},{"taxonomy":"genero","embeddable":true,"href":"https:\/\/lij.ismeduca.com\/es\/wp-json\/wp\/v2\/genero?post=4460"},{"taxonomy":"linea","embeddable":true,"href":"https:\/\/lij.ismeduca.com\/es\/wp-json\/wp\/v2\/linea?post=4460"},{"taxonomy":"premio","embeddable":true,"href":"https:\/\/lij.ismeduca.com\/es\/wp-json\/wp\/v2\/premio?post=4460"},{"taxonomy":"proyecto-editorial","embeddable":true,"href":"https:\/\/lij.ismeduca.com\/es\/wp-json\/wp\/v2\/proyecto-editorial?post=4460"},{"taxonomy":"tipo-de-libro","embeddable":true,"href":"https:\/\/lij.ismeduca.com\/es\/wp-json\/wp\/v2\/tipo-de-libro?post=4460"},{"taxonomy":"soporte","embeddable":true,"href":"https:\/\/lij.ismeduca.com\/es\/wp-json\/wp\/v2\/soporte?post=4460"},{"taxonomy":"zona-geografica","embeddable":true,"href":"https:\/\/lij.ismeduca.com\/es\/wp-json\/wp\/v2\/zona-geografica?post=4460"},{"taxonomy":"autores","embeddable":true,"href":"https:\/\/lij.ismeduca.com\/es\/wp-json\/wp\/v2\/autores?post=4460"},{"taxonomy":"colecciones","embeddable":true,"href":"https:\/\/lij.ismeduca.com\/es\/wp-json\/wp\/v2\/colecciones?post=4460"},{"taxonomy":"personajes","embeddable":true,"href":"https:\/\/lij.ismeduca.com\/es\/wp-json\/wp\/v2\/personajes?post=4460"}],"curies":[{"name":"wp","href":"https:\/\/api.w.org\/{rel}","templated":true}]}}