{"id":4511,"date":"2019-09-19T00:00:00","date_gmt":"2024-07-11T10:12:01","guid":{"rendered":"https:\/\/lij.ismeduca.com\/tienda\/?post_type=product&#038;p=4511"},"modified":"2025-12-23T12:47:53","modified_gmt":"2025-12-23T11:47:53","slug":"los-suenos-de-aurelia-lectura-facil","status":"publish","type":"product","link":"https:\/\/lij.ismeduca.com\/es\/producto\/los-suenos-de-aurelia-lectura-facil\/","title":{"rendered":"Los sue\u00f1os de Aurelia (Lectura f\u00e1cil)"},"content":{"rendered":"","protected":false},"excerpt":{"rendered":"<p><strong>Este libro est&aacute; adaptado al sistema de Lectura F&aacute;cil: un modo de hacer la lectura accesible a diferentes tipos de necesidades espec&iacute;ficas de aprendizaje.&nbsp;<\/strong><\/p>\n<p>Aurelia nunca recuerda sus sue&ntilde;os. Por eso, busca al hada Clementina para que le ayude a recordarlos. Sin darse cuenta, Aurelia viajar&aacute; a un mundo de fantas&iacute;a donde vivir&aacute; muchas aventuras&#8230;<\/p>\n","protected":false},"featured_media":36728,"template":"","meta":{"_acf_changed":false,"inline_featured_image":false},"product_brand":[],"product_cat":[4736],"product_tag":[240,242,394,478,298,411,481,2058,1210],"asignatura":[],"compania":[252],"curso":[],"idiomas":[1948],"genero":[275],"linea":[250],"premio":[],"proyecto-editorial":[1198],"tipo-de-libro":[249],"soporte":[2004],"zona-geografica":[],"autores":[4012,4013,4543,3991,3311],"colecciones":[2380],"personajes":[],"class_list":{"0":"post-4511","1":"product","2":"type-product","3":"status-publish","4":"has-post-thumbnail","6":"product_cat-el-barco-de-vapor","7":"product_tag-cuentos-infantiles","8":"product_tag-cuentos-para-ninos","9":"product_tag-hadas","10":"product_tag-literatura-fantastica","11":"product_tag-literatura-infantil","12":"product_tag-lugares-imaginarios","13":"product_tag-magia","14":"product_tag-ntx","15":"product_tag-tipos-de-letra","16":"pa_codigo-sap-ntx","17":"compania-f-sta-maria-ediciones-sm-es","18":"idiomas-espanol","19":"genero-fantasia","20":"linea-narrativa","21":"proyecto-editorial-lectura-facil","22":"tipo-de-libro-fisico","23":"soporte-libro","24":"autores-beatriz-castro-arbaizar","25":"autores-eduard-marquez-tana","26":"autores-iria-torres-garcia","27":"autores-maria-jose-sanz","28":"autores-maria-san-roman-sanz","29":"colecciones-el-barco-de-vapor-azul","31":"first","32":"instock","33":"taxable","34":"shipping-taxable","35":"purchasable","36":"product-type-simple"},"acf":{"id_catalogo":"650","shortTitle":"BVA.130 LOS SUE\u00d1OS DE AURELIA","descripcion":"<p><strong>Este libro est&aacute; adaptado al sistema de Lectura F&aacute;cil: un modo de hacer la lectura accesible a diferentes tipos de necesidades espec&iacute;ficas de aprendizaje.&nbsp;<\/strong><\/p>\n\n<p>Aurelia nunca recuerda sus sue&ntilde;os. Por eso, busca al hada Clementina para que le ayude a recordarlos. Sin darse cuenta, Aurelia viajar&aacute; a un mundo de fantas&iacute;a donde vivir&aacute; muchas aventuras...<\/p>\n","adjuntos":null,"descriptivePhrases":[{"type":"General","text":"Una novela fant\u00e1stica que habla sobre la amistad y la justicia."}],"productSap":"NTX","isbn":"9788413181264","precio_colegios":8.41,"precio_librerias":8.41,"precio_librerias_sin_cobertura":8.41,"precio_distribuidores":8.41,"fecha_disponibilidad":null,"fecha_comercial":"20190919","organizacion_venta":"CS01","datos_para_buscador":"Beatriz Castro Arbaizar, Iria Torres Garc\u00eda, Maria Jos\u00e9 Sanz, Mar\u00eda San Rom\u00e1n Sanz, Eduard M\u00e1rquez Ta\u00f1\u00e1, El Barco de Vapor Azul, "},"yoast_head":"<!-- This site is optimized with the Yoast SEO plugin v26.6 - https:\/\/yoast.com\/wordpress\/plugins\/seo\/ -->\n<title>Los sue\u00f1os de Aurelia (Lectura f\u00e1cil) - Literatura SM Espa\u00f1a<\/title>\n<meta name=\"robots\" content=\"noindex, follow, max-snippet:-1, max-image-preview:large, max-video-preview:-1\" \/>\n<meta property=\"og:locale\" content=\"es_ES\" \/>\n<meta property=\"og:type\" content=\"article\" \/>\n<meta property=\"og:title\" content=\"Los sue\u00f1os de Aurelia (Lectura f\u00e1cil) - Literatura SM Espa\u00f1a\" \/>\n<meta property=\"og:url\" content=\"https:\/\/lij.ismeduca.com\/es\/producto\/los-suenos-de-aurelia-lectura-facil\/\" \/>\n<meta property=\"og:site_name\" content=\"Literatura SM Espa\u00f1a\" \/>\n<meta property=\"article:modified_time\" content=\"2025-12-23T11:47:53+00:00\" \/>\n<meta name=\"twitter:card\" content=\"summary_large_image\" \/>\n<script type=\"application\/ld+json\" class=\"yoast-schema-graph\">{\"@context\":\"https:\/\/schema.org\",\"@graph\":[{\"@type\":\"WebPage\",\"@id\":\"https:\/\/lij.ismeduca.com\/es\/producto\/los-suenos-de-aurelia-lectura-facil\/\",\"url\":\"https:\/\/lij.ismeduca.com\/es\/producto\/los-suenos-de-aurelia-lectura-facil\/\",\"name\":\"Los sue\u00f1os de Aurelia (Lectura f\u00e1cil) - Literatura SM Espa\u00f1a\",\"isPartOf\":{\"@id\":\"https:\/\/lij.ismeduca.com\/es\/#website\"},\"primaryImageOfPage\":{\"@id\":\"https:\/\/lij.ismeduca.com\/es\/producto\/los-suenos-de-aurelia-lectura-facil\/#primaryimage\"},\"image\":{\"@id\":\"https:\/\/lij.ismeduca.com\/es\/producto\/los-suenos-de-aurelia-lectura-facil\/#primaryimage\"},\"thumbnailUrl\":\"https:\/\/lij.ismeduca.com\/es\/wp-content\/uploads\/sites\/10\/2025\/12\/4511.jpg\",\"datePublished\":\"2024-07-11T10:12:01+00:00\",\"dateModified\":\"2025-12-23T11:47:53+00:00\",\"breadcrumb\":{\"@id\":\"https:\/\/lij.ismeduca.com\/es\/producto\/los-suenos-de-aurelia-lectura-facil\/#breadcrumb\"},\"inLanguage\":\"es\",\"potentialAction\":[{\"@type\":\"ReadAction\",\"target\":[\"https:\/\/lij.ismeduca.com\/es\/producto\/los-suenos-de-aurelia-lectura-facil\/\"]}]},{\"@type\":\"ImageObject\",\"inLanguage\":\"es\",\"@id\":\"https:\/\/lij.ismeduca.com\/es\/producto\/los-suenos-de-aurelia-lectura-facil\/#primaryimage\",\"url\":\"https:\/\/lij.ismeduca.com\/es\/wp-content\/uploads\/sites\/10\/2025\/12\/4511.jpg\",\"contentUrl\":\"https:\/\/lij.ismeduca.com\/es\/wp-content\/uploads\/sites\/10\/2025\/12\/4511.jpg\",\"width\":600,\"height\":920},{\"@type\":\"BreadcrumbList\",\"@id\":\"https:\/\/lij.ismeduca.com\/es\/producto\/los-suenos-de-aurelia-lectura-facil\/#breadcrumb\",\"itemListElement\":[{\"@type\":\"ListItem\",\"position\":1,\"name\":\"Portada\",\"item\":\"https:\/\/lij.ismeduca.com\/es\/\"},{\"@type\":\"ListItem\",\"position\":2,\"name\":\"Tienda\",\"item\":\"https:\/\/lij.ismeduca.com\/es\/tienda\/\"},{\"@type\":\"ListItem\",\"position\":3,\"name\":\"Los sue\u00f1os de Aurelia (Lectura f\u00e1cil)\"}]},{\"@type\":\"WebSite\",\"@id\":\"https:\/\/lij.ismeduca.com\/es\/#website\",\"url\":\"https:\/\/lij.ismeduca.com\/es\/\",\"name\":\"Literatura SM Espa\u00f1a\",\"description\":\"\",\"publisher\":{\"@id\":\"https:\/\/lij.ismeduca.com\/es\/#organization\"},\"potentialAction\":[{\"@type\":\"SearchAction\",\"target\":{\"@type\":\"EntryPoint\",\"urlTemplate\":\"https:\/\/lij.ismeduca.com\/es\/?s={search_term_string}\"},\"query-input\":{\"@type\":\"PropertyValueSpecification\",\"valueRequired\":true,\"valueName\":\"search_term_string\"}}],\"inLanguage\":\"es\"},{\"@type\":\"Organization\",\"@id\":\"https:\/\/lij.ismeduca.com\/es\/#organization\",\"name\":\"Literatura SM Espa\u00f1a\",\"url\":\"https:\/\/lij.ismeduca.com\/es\/\",\"logo\":{\"@type\":\"ImageObject\",\"inLanguage\":\"es\",\"@id\":\"https:\/\/lij.ismeduca.com\/es\/#\/schema\/logo\/image\/\",\"url\":\"https:\/\/lij.ismeduca.com\/es\/wp-content\/uploads\/sites\/10\/2024\/07\/logo-cabecera.png\",\"contentUrl\":\"https:\/\/lij.ismeduca.com\/es\/wp-content\/uploads\/sites\/10\/2024\/07\/logo-cabecera.png\",\"width\":396,\"height\":64,\"caption\":\"Literatura SM Espa\u00f1a\"},\"image\":{\"@id\":\"https:\/\/lij.ismeduca.com\/es\/#\/schema\/logo\/image\/\"}}]}<\/script>\n<!-- \/ Yoast SEO plugin. -->","yoast_head_json":{"title":"Los sue\u00f1os de Aurelia (Lectura f\u00e1cil) - Literatura SM Espa\u00f1a","robots":{"index":"noindex","follow":"follow","max-snippet":"max-snippet:-1","max-image-preview":"max-image-preview:large","max-video-preview":"max-video-preview:-1"},"og_locale":"es_ES","og_type":"article","og_title":"Los sue\u00f1os de Aurelia (Lectura f\u00e1cil) - Literatura SM Espa\u00f1a","og_url":"https:\/\/lij.ismeduca.com\/es\/producto\/los-suenos-de-aurelia-lectura-facil\/","og_site_name":"Literatura SM Espa\u00f1a","article_modified_time":"2025-12-23T11:47:53+00:00","twitter_card":"summary_large_image","schema":{"@context":"https:\/\/schema.org","@graph":[{"@type":"WebPage","@id":"https:\/\/lij.ismeduca.com\/es\/producto\/los-suenos-de-aurelia-lectura-facil\/","url":"https:\/\/lij.ismeduca.com\/es\/producto\/los-suenos-de-aurelia-lectura-facil\/","name":"Los sue\u00f1os de Aurelia (Lectura f\u00e1cil) - Literatura SM Espa\u00f1a","isPartOf":{"@id":"https:\/\/lij.ismeduca.com\/es\/#website"},"primaryImageOfPage":{"@id":"https:\/\/lij.ismeduca.com\/es\/producto\/los-suenos-de-aurelia-lectura-facil\/#primaryimage"},"image":{"@id":"https:\/\/lij.ismeduca.com\/es\/producto\/los-suenos-de-aurelia-lectura-facil\/#primaryimage"},"thumbnailUrl":"https:\/\/lij.ismeduca.com\/es\/wp-content\/uploads\/sites\/10\/2025\/12\/4511.jpg","datePublished":"2024-07-11T10:12:01+00:00","dateModified":"2025-12-23T11:47:53+00:00","breadcrumb":{"@id":"https:\/\/lij.ismeduca.com\/es\/producto\/los-suenos-de-aurelia-lectura-facil\/#breadcrumb"},"inLanguage":"es","potentialAction":[{"@type":"ReadAction","target":["https:\/\/lij.ismeduca.com\/es\/producto\/los-suenos-de-aurelia-lectura-facil\/"]}]},{"@type":"ImageObject","inLanguage":"es","@id":"https:\/\/lij.ismeduca.com\/es\/producto\/los-suenos-de-aurelia-lectura-facil\/#primaryimage","url":"https:\/\/lij.ismeduca.com\/es\/wp-content\/uploads\/sites\/10\/2025\/12\/4511.jpg","contentUrl":"https:\/\/lij.ismeduca.com\/es\/wp-content\/uploads\/sites\/10\/2025\/12\/4511.jpg","width":600,"height":920},{"@type":"BreadcrumbList","@id":"https:\/\/lij.ismeduca.com\/es\/producto\/los-suenos-de-aurelia-lectura-facil\/#breadcrumb","itemListElement":[{"@type":"ListItem","position":1,"name":"Portada","item":"https:\/\/lij.ismeduca.com\/es\/"},{"@type":"ListItem","position":2,"name":"Tienda","item":"https:\/\/lij.ismeduca.com\/es\/tienda\/"},{"@type":"ListItem","position":3,"name":"Los sue\u00f1os de Aurelia (Lectura f\u00e1cil)"}]},{"@type":"WebSite","@id":"https:\/\/lij.ismeduca.com\/es\/#website","url":"https:\/\/lij.ismeduca.com\/es\/","name":"Literatura SM Espa\u00f1a","description":"","publisher":{"@id":"https:\/\/lij.ismeduca.com\/es\/#organization"},"potentialAction":[{"@type":"SearchAction","target":{"@type":"EntryPoint","urlTemplate":"https:\/\/lij.ismeduca.com\/es\/?s={search_term_string}"},"query-input":{"@type":"PropertyValueSpecification","valueRequired":true,"valueName":"search_term_string"}}],"inLanguage":"es"},{"@type":"Organization","@id":"https:\/\/lij.ismeduca.com\/es\/#organization","name":"Literatura SM Espa\u00f1a","url":"https:\/\/lij.ismeduca.com\/es\/","logo":{"@type":"ImageObject","inLanguage":"es","@id":"https:\/\/lij.ismeduca.com\/es\/#\/schema\/logo\/image\/","url":"https:\/\/lij.ismeduca.com\/es\/wp-content\/uploads\/sites\/10\/2024\/07\/logo-cabecera.png","contentUrl":"https:\/\/lij.ismeduca.com\/es\/wp-content\/uploads\/sites\/10\/2024\/07\/logo-cabecera.png","width":396,"height":64,"caption":"Literatura SM Espa\u00f1a"},"image":{"@id":"https:\/\/lij.ismeduca.com\/es\/#\/schema\/logo\/image\/"}}]}},"_links":{"self":[{"href":"https:\/\/lij.ismeduca.com\/es\/wp-json\/wp\/v2\/product\/4511","targetHints":{"allow":["GET"]}}],"collection":[{"href":"https:\/\/lij.ismeduca.com\/es\/wp-json\/wp\/v2\/product"}],"about":[{"href":"https:\/\/lij.ismeduca.com\/es\/wp-json\/wp\/v2\/types\/product"}],"version-history":[{"count":1,"href":"https:\/\/lij.ismeduca.com\/es\/wp-json\/wp\/v2\/product\/4511\/revisions"}],"predecessor-version":[{"id":33427,"href":"https:\/\/lij.ismeduca.com\/es\/wp-json\/wp\/v2\/product\/4511\/revisions\/33427"}],"wp:featuredmedia":[{"embeddable":true,"href":"https:\/\/lij.ismeduca.com\/es\/wp-json\/wp\/v2\/media\/36728"}],"wp:attachment":[{"href":"https:\/\/lij.ismeduca.com\/es\/wp-json\/wp\/v2\/media?parent=4511"}],"wp:term":[{"taxonomy":"product_brand","embeddable":true,"href":"https:\/\/lij.ismeduca.com\/es\/wp-json\/wp\/v2\/product_brand?post=4511"},{"taxonomy":"product_cat","embeddable":true,"href":"https:\/\/lij.ismeduca.com\/es\/wp-json\/wp\/v2\/product_cat?post=4511"},{"taxonomy":"product_tag","embeddable":true,"href":"https:\/\/lij.ismeduca.com\/es\/wp-json\/wp\/v2\/product_tag?post=4511"},{"taxonomy":"asignatura","embeddable":true,"href":"https:\/\/lij.ismeduca.com\/es\/wp-json\/wp\/v2\/asignatura?post=4511"},{"taxonomy":"compania","embeddable":true,"href":"https:\/\/lij.ismeduca.com\/es\/wp-json\/wp\/v2\/compania?post=4511"},{"taxonomy":"curso","embeddable":true,"href":"https:\/\/lij.ismeduca.com\/es\/wp-json\/wp\/v2\/curso?post=4511"},{"taxonomy":"idiomas","embeddable":true,"href":"https:\/\/lij.ismeduca.com\/es\/wp-json\/wp\/v2\/idiomas?post=4511"},{"taxonomy":"genero","embeddable":true,"href":"https:\/\/lij.ismeduca.com\/es\/wp-json\/wp\/v2\/genero?post=4511"},{"taxonomy":"linea","embeddable":true,"href":"https:\/\/lij.ismeduca.com\/es\/wp-json\/wp\/v2\/linea?post=4511"},{"taxonomy":"premio","embeddable":true,"href":"https:\/\/lij.ismeduca.com\/es\/wp-json\/wp\/v2\/premio?post=4511"},{"taxonomy":"proyecto-editorial","embeddable":true,"href":"https:\/\/lij.ismeduca.com\/es\/wp-json\/wp\/v2\/proyecto-editorial?post=4511"},{"taxonomy":"tipo-de-libro","embeddable":true,"href":"https:\/\/lij.ismeduca.com\/es\/wp-json\/wp\/v2\/tipo-de-libro?post=4511"},{"taxonomy":"soporte","embeddable":true,"href":"https:\/\/lij.ismeduca.com\/es\/wp-json\/wp\/v2\/soporte?post=4511"},{"taxonomy":"zona-geografica","embeddable":true,"href":"https:\/\/lij.ismeduca.com\/es\/wp-json\/wp\/v2\/zona-geografica?post=4511"},{"taxonomy":"autores","embeddable":true,"href":"https:\/\/lij.ismeduca.com\/es\/wp-json\/wp\/v2\/autores?post=4511"},{"taxonomy":"colecciones","embeddable":true,"href":"https:\/\/lij.ismeduca.com\/es\/wp-json\/wp\/v2\/colecciones?post=4511"},{"taxonomy":"personajes","embeddable":true,"href":"https:\/\/lij.ismeduca.com\/es\/wp-json\/wp\/v2\/personajes?post=4511"}],"curies":[{"name":"wp","href":"https:\/\/api.w.org\/{rel}","templated":true}]}}