{"id":4972,"date":"2019-03-07T00:00:00","date_gmt":"2024-07-11T10:20:27","guid":{"rendered":"https:\/\/lij.ismeduca.com\/tienda\/?post_type=product&#038;p=4972"},"modified":"2025-12-23T12:45:56","modified_gmt":"2025-12-23T11:45:56","slug":"21-relatos-contra-el-acoso-escolar","status":"publish","type":"product","link":"https:\/\/lij.ismeduca.com\/es\/producto\/21-relatos-contra-el-acoso-escolar\/","title":{"rendered":"21 Relatos contra el acoso escolar"},"content":{"rendered":"","protected":false},"excerpt":{"rendered":"<p><P>El acoso escolar tiene muchas caras. Cuidado.<br \/><\/P><P>Un mote. Collejas. Empujones furtivos. Insultos. An&#243;nimos y amenazas. Libros y apuntes rotos. Escupitajos. Ignorar y hacer el vac&#237;o. No prestar ayuda. Difamaciones. Rumores y bulos. Llamadas obscenas. Humillaciones. Zancadillas. Silencios culpables. Mirar para otro lado&#8230;<\/P><P><\/P><\/p>\n","protected":false},"featured_media":37596,"template":"","meta":{"_acf_changed":false,"inline_featured_image":false},"product_brand":[],"product_cat":[4738],"product_tag":[917,268,339,1268,1490,539,1568,1069,311,309,2058],"asignatura":[],"compania":[252],"curso":[],"idiomas":[1948],"genero":[308],"linea":[250],"premio":[],"proyecto-editorial":[920],"tipo-de-libro":[249],"soporte":[2004],"zona-geografica":[],"autores":[3970,3237,4403,4016,4230,3289,3241,4113,3235,3240,3239,3298,3242,4241,3232,3236,3233,3238,3294,3315,3234],"colecciones":[2372],"personajes":[],"class_list":{"0":"post-4972","1":"product","2":"type-product","3":"status-publish","4":"has-post-thumbnail","6":"product_cat-gran-angular","7":"product_tag-acoso-escolar","8":"product_tag-amistad","9":"product_tag-colegio","10":"product_tag-competencia-de-aprender-a-aprender","11":"product_tag-competencia-social-y-ciudadana","12":"product_tag-derechos-humanos","13":"product_tag-etica","14":"product_tag-etica-y-ciudadania-asignatura","15":"product_tag-familia","16":"product_tag-miedo","17":"product_tag-ntx","18":"pa_codigo-sap-ntx","19":"compania-f-sta-maria-ediciones-sm-es","20":"idiomas-espanol","21":"genero-realismo","22":"linea-narrativa","23":"proyecto-editorial-gran-angular","24":"tipo-de-libro-fisico","25":"soporte-libro","26":"autores-alfredo-gomez-cerda","27":"autores-ana-alcolea","28":"autores-ana-alonso","29":"autores-andreu-martin-farrero","30":"autores-care-santos-torres","31":"autores-carlo-frabetti","32":"autores-carlos-gimenez","33":"autores-cesar-mallorqui","34":"autores-elena-ocallaghan-i-duch","35":"autores-elia-barcelo","36":"autores-espido-freire","37":"autores-gonzalo-moure-trenor","38":"autores-gustavo-martin-garzo","39":"autores-jordi-sierra-i-fabra","40":"autores-lola-beccaria","41":"autores-lorenzo-silva","42":"autores-marta-rivera-de-la-cruz","43":"autores-martin-casariego","44":"autores-montserrat-del-amo","45":"autores-ricardo-gomez-gil","46":"autores-rosa-regas","47":"colecciones-gran-angular","49":"first","50":"instock","51":"taxable","52":"shipping-taxable","53":"purchasable","54":"product-type-simple"},"acf":{"id_catalogo":"650","shortTitle":"GA.276 21 RELATOS CONTRA EL ACOSO ESCOLA","descripcion":"<P>El acoso escolar tiene muchas caras. Cuidado.<br \/><\/P><P>Un mote. Collejas. Empujones furtivos. Insultos. An&#243;nimos y amenazas. Libros y apuntes rotos. Escupitajos. Ignorar y hacer el vac&#237;o. No prestar ayuda. Difamaciones. Rumores y bulos. Llamadas obscenas. Humillaciones. Zancadillas. Silencios culpables. Mirar para otro lado...<\/P><P><\/P>","adjuntos":[{"id":"21","titulo":"Ficha del profesor","url":"https:\/\/catalogo.noe-sm.com\/medias\/ES186684-011687.pdf?context=bWFzdGVyfG1pZ3JhdGlvbnwxMzE3OTd8YXBwbGljYXRpb24vcGRmfG1pZ3JhdGlvbi9oOTIvaDAwLzg4MTk0NDI0ODMyMzAucGRmfGRhZDE0ZjYzYjBlNmFhYzgwYTA4NDA1NDQ3ZjhhYTEwYjZiYzA1MWU3OTU1ZTBiYmZlOGJmZjIwZGY1YjFhYmU"},{"id":"4","titulo":"Primer cap\u00edtulo \/ Unidad Modelo","url":"https:\/\/catalogo.noe-sm.com\/medias\/ES186684-012320.pdf?context=bWFzdGVyfG1pZ3JhdGlvbnwxMDk3MTU0fGFwcGxpY2F0aW9uL3BkZnxtaWdyYXRpb24vaDBmL2hiZS84ODE5NTc1NTIxMzEwLnBkZnxhMGRkOWJmZTIwMTQ5ZjBmMTViMWU0Njc0YzYyOTZlY2ZmYWVmMTIzZjg1MmEyM2Y5ZTZmMTdmYzNlOWVjZjVm"}],"descriptivePhrases":[{"type":"General","text":"20 autores imprescindibles unen sus voces en otros tantos relatos in\u00e9ditos que nacen contra el acoso escolar. Narraciones que abordan el acoso escolar desde diversos puntos de vista y, as\u00ed, detectar y prevenir posibles acosos en la clase o en el centro."}],"productSap":"NTX","isbn":"9788491074564","precio_colegios":12.02,"precio_librerias":12.02,"precio_librerias_sin_cobertura":12.02,"precio_distribuidores":12.02,"fecha_disponibilidad":null,"fecha_comercial":"20190307","organizacion_venta":"CS01","datos_para_buscador":"Montserrat del Amo, Ricardo G\u00f3mez Gil, Gustavo Mart\u00edn Garzo, Marta Rivera de la Cruz, Elena O'Callaghan i Duch, C\u00e9sar Mallorqu\u00ed, Lorenzo Silva, Carlo Frabetti, Lola Beccaria, Alfredo G\u00f3mez Cerd\u00e1, Mart\u00edn Casariego, Andreu Mart\u00edn Farrero, Jordi Sierra i Fabra, Gonzalo Moure Trenor, Care Santos Torres, Ana Alcolea, Espido Freire, Carlos Gim\u00e9nez, Rosa Reg\u00e0s, Ana Alonso, Eli\u00e1 Barcel\u00f3, Gran Angular, "},"yoast_head":"<!-- This site is optimized with the Yoast SEO plugin v26.6 - https:\/\/yoast.com\/wordpress\/plugins\/seo\/ -->\n<title>21 Relatos contra el acoso escolar - Literatura SM Espa\u00f1a<\/title>\n<meta name=\"robots\" content=\"noindex, follow, max-snippet:-1, max-image-preview:large, max-video-preview:-1\" \/>\n<meta property=\"og:locale\" content=\"es_ES\" \/>\n<meta property=\"og:type\" content=\"article\" \/>\n<meta property=\"og:title\" content=\"21 Relatos contra el acoso escolar - Literatura SM Espa\u00f1a\" \/>\n<meta property=\"og:url\" content=\"https:\/\/lij.ismeduca.com\/es\/producto\/21-relatos-contra-el-acoso-escolar\/\" \/>\n<meta property=\"og:site_name\" content=\"Literatura SM Espa\u00f1a\" \/>\n<meta property=\"article:modified_time\" content=\"2025-12-23T11:45:56+00:00\" \/>\n<meta name=\"twitter:card\" content=\"summary_large_image\" \/>\n<script type=\"application\/ld+json\" class=\"yoast-schema-graph\">{\"@context\":\"https:\/\/schema.org\",\"@graph\":[{\"@type\":\"WebPage\",\"@id\":\"https:\/\/lij.ismeduca.com\/es\/producto\/21-relatos-contra-el-acoso-escolar\/\",\"url\":\"https:\/\/lij.ismeduca.com\/es\/producto\/21-relatos-contra-el-acoso-escolar\/\",\"name\":\"21 Relatos contra el acoso escolar - Literatura SM Espa\u00f1a\",\"isPartOf\":{\"@id\":\"https:\/\/lij.ismeduca.com\/es\/#website\"},\"primaryImageOfPage\":{\"@id\":\"https:\/\/lij.ismeduca.com\/es\/producto\/21-relatos-contra-el-acoso-escolar\/#primaryimage\"},\"image\":{\"@id\":\"https:\/\/lij.ismeduca.com\/es\/producto\/21-relatos-contra-el-acoso-escolar\/#primaryimage\"},\"thumbnailUrl\":\"https:\/\/lij.ismeduca.com\/es\/wp-content\/uploads\/sites\/10\/2025\/12\/4972.jpg\",\"datePublished\":\"2024-07-11T10:20:27+00:00\",\"dateModified\":\"2025-12-23T11:45:56+00:00\",\"breadcrumb\":{\"@id\":\"https:\/\/lij.ismeduca.com\/es\/producto\/21-relatos-contra-el-acoso-escolar\/#breadcrumb\"},\"inLanguage\":\"es\",\"potentialAction\":[{\"@type\":\"ReadAction\",\"target\":[\"https:\/\/lij.ismeduca.com\/es\/producto\/21-relatos-contra-el-acoso-escolar\/\"]}]},{\"@type\":\"ImageObject\",\"inLanguage\":\"es\",\"@id\":\"https:\/\/lij.ismeduca.com\/es\/producto\/21-relatos-contra-el-acoso-escolar\/#primaryimage\",\"url\":\"https:\/\/lij.ismeduca.com\/es\/wp-content\/uploads\/sites\/10\/2025\/12\/4972.jpg\",\"contentUrl\":\"https:\/\/lij.ismeduca.com\/es\/wp-content\/uploads\/sites\/10\/2025\/12\/4972.jpg\",\"width\":600,\"height\":908},{\"@type\":\"BreadcrumbList\",\"@id\":\"https:\/\/lij.ismeduca.com\/es\/producto\/21-relatos-contra-el-acoso-escolar\/#breadcrumb\",\"itemListElement\":[{\"@type\":\"ListItem\",\"position\":1,\"name\":\"Portada\",\"item\":\"https:\/\/lij.ismeduca.com\/es\/\"},{\"@type\":\"ListItem\",\"position\":2,\"name\":\"Tienda\",\"item\":\"https:\/\/lij.ismeduca.com\/es\/tienda\/\"},{\"@type\":\"ListItem\",\"position\":3,\"name\":\"21 Relatos contra el acoso escolar\"}]},{\"@type\":\"WebSite\",\"@id\":\"https:\/\/lij.ismeduca.com\/es\/#website\",\"url\":\"https:\/\/lij.ismeduca.com\/es\/\",\"name\":\"Literatura SM Espa\u00f1a\",\"description\":\"\",\"publisher\":{\"@id\":\"https:\/\/lij.ismeduca.com\/es\/#organization\"},\"potentialAction\":[{\"@type\":\"SearchAction\",\"target\":{\"@type\":\"EntryPoint\",\"urlTemplate\":\"https:\/\/lij.ismeduca.com\/es\/?s={search_term_string}\"},\"query-input\":{\"@type\":\"PropertyValueSpecification\",\"valueRequired\":true,\"valueName\":\"search_term_string\"}}],\"inLanguage\":\"es\"},{\"@type\":\"Organization\",\"@id\":\"https:\/\/lij.ismeduca.com\/es\/#organization\",\"name\":\"Literatura SM Espa\u00f1a\",\"url\":\"https:\/\/lij.ismeduca.com\/es\/\",\"logo\":{\"@type\":\"ImageObject\",\"inLanguage\":\"es\",\"@id\":\"https:\/\/lij.ismeduca.com\/es\/#\/schema\/logo\/image\/\",\"url\":\"https:\/\/lij.ismeduca.com\/es\/wp-content\/uploads\/sites\/10\/2024\/07\/logo-cabecera.png\",\"contentUrl\":\"https:\/\/lij.ismeduca.com\/es\/wp-content\/uploads\/sites\/10\/2024\/07\/logo-cabecera.png\",\"width\":396,\"height\":64,\"caption\":\"Literatura SM Espa\u00f1a\"},\"image\":{\"@id\":\"https:\/\/lij.ismeduca.com\/es\/#\/schema\/logo\/image\/\"}}]}<\/script>\n<!-- \/ Yoast SEO plugin. -->","yoast_head_json":{"title":"21 Relatos contra el acoso escolar - Literatura SM Espa\u00f1a","robots":{"index":"noindex","follow":"follow","max-snippet":"max-snippet:-1","max-image-preview":"max-image-preview:large","max-video-preview":"max-video-preview:-1"},"og_locale":"es_ES","og_type":"article","og_title":"21 Relatos contra el acoso escolar - Literatura SM Espa\u00f1a","og_url":"https:\/\/lij.ismeduca.com\/es\/producto\/21-relatos-contra-el-acoso-escolar\/","og_site_name":"Literatura SM Espa\u00f1a","article_modified_time":"2025-12-23T11:45:56+00:00","twitter_card":"summary_large_image","schema":{"@context":"https:\/\/schema.org","@graph":[{"@type":"WebPage","@id":"https:\/\/lij.ismeduca.com\/es\/producto\/21-relatos-contra-el-acoso-escolar\/","url":"https:\/\/lij.ismeduca.com\/es\/producto\/21-relatos-contra-el-acoso-escolar\/","name":"21 Relatos contra el acoso escolar - Literatura SM Espa\u00f1a","isPartOf":{"@id":"https:\/\/lij.ismeduca.com\/es\/#website"},"primaryImageOfPage":{"@id":"https:\/\/lij.ismeduca.com\/es\/producto\/21-relatos-contra-el-acoso-escolar\/#primaryimage"},"image":{"@id":"https:\/\/lij.ismeduca.com\/es\/producto\/21-relatos-contra-el-acoso-escolar\/#primaryimage"},"thumbnailUrl":"https:\/\/lij.ismeduca.com\/es\/wp-content\/uploads\/sites\/10\/2025\/12\/4972.jpg","datePublished":"2024-07-11T10:20:27+00:00","dateModified":"2025-12-23T11:45:56+00:00","breadcrumb":{"@id":"https:\/\/lij.ismeduca.com\/es\/producto\/21-relatos-contra-el-acoso-escolar\/#breadcrumb"},"inLanguage":"es","potentialAction":[{"@type":"ReadAction","target":["https:\/\/lij.ismeduca.com\/es\/producto\/21-relatos-contra-el-acoso-escolar\/"]}]},{"@type":"ImageObject","inLanguage":"es","@id":"https:\/\/lij.ismeduca.com\/es\/producto\/21-relatos-contra-el-acoso-escolar\/#primaryimage","url":"https:\/\/lij.ismeduca.com\/es\/wp-content\/uploads\/sites\/10\/2025\/12\/4972.jpg","contentUrl":"https:\/\/lij.ismeduca.com\/es\/wp-content\/uploads\/sites\/10\/2025\/12\/4972.jpg","width":600,"height":908},{"@type":"BreadcrumbList","@id":"https:\/\/lij.ismeduca.com\/es\/producto\/21-relatos-contra-el-acoso-escolar\/#breadcrumb","itemListElement":[{"@type":"ListItem","position":1,"name":"Portada","item":"https:\/\/lij.ismeduca.com\/es\/"},{"@type":"ListItem","position":2,"name":"Tienda","item":"https:\/\/lij.ismeduca.com\/es\/tienda\/"},{"@type":"ListItem","position":3,"name":"21 Relatos contra el acoso escolar"}]},{"@type":"WebSite","@id":"https:\/\/lij.ismeduca.com\/es\/#website","url":"https:\/\/lij.ismeduca.com\/es\/","name":"Literatura SM Espa\u00f1a","description":"","publisher":{"@id":"https:\/\/lij.ismeduca.com\/es\/#organization"},"potentialAction":[{"@type":"SearchAction","target":{"@type":"EntryPoint","urlTemplate":"https:\/\/lij.ismeduca.com\/es\/?s={search_term_string}"},"query-input":{"@type":"PropertyValueSpecification","valueRequired":true,"valueName":"search_term_string"}}],"inLanguage":"es"},{"@type":"Organization","@id":"https:\/\/lij.ismeduca.com\/es\/#organization","name":"Literatura SM Espa\u00f1a","url":"https:\/\/lij.ismeduca.com\/es\/","logo":{"@type":"ImageObject","inLanguage":"es","@id":"https:\/\/lij.ismeduca.com\/es\/#\/schema\/logo\/image\/","url":"https:\/\/lij.ismeduca.com\/es\/wp-content\/uploads\/sites\/10\/2024\/07\/logo-cabecera.png","contentUrl":"https:\/\/lij.ismeduca.com\/es\/wp-content\/uploads\/sites\/10\/2024\/07\/logo-cabecera.png","width":396,"height":64,"caption":"Literatura SM Espa\u00f1a"},"image":{"@id":"https:\/\/lij.ismeduca.com\/es\/#\/schema\/logo\/image\/"}}]}},"_links":{"self":[{"href":"https:\/\/lij.ismeduca.com\/es\/wp-json\/wp\/v2\/product\/4972","targetHints":{"allow":["GET"]}}],"collection":[{"href":"https:\/\/lij.ismeduca.com\/es\/wp-json\/wp\/v2\/product"}],"about":[{"href":"https:\/\/lij.ismeduca.com\/es\/wp-json\/wp\/v2\/types\/product"}],"version-history":[{"count":1,"href":"https:\/\/lij.ismeduca.com\/es\/wp-json\/wp\/v2\/product\/4972\/revisions"}],"predecessor-version":[{"id":30867,"href":"https:\/\/lij.ismeduca.com\/es\/wp-json\/wp\/v2\/product\/4972\/revisions\/30867"}],"wp:featuredmedia":[{"embeddable":true,"href":"https:\/\/lij.ismeduca.com\/es\/wp-json\/wp\/v2\/media\/37596"}],"wp:attachment":[{"href":"https:\/\/lij.ismeduca.com\/es\/wp-json\/wp\/v2\/media?parent=4972"}],"wp:term":[{"taxonomy":"product_brand","embeddable":true,"href":"https:\/\/lij.ismeduca.com\/es\/wp-json\/wp\/v2\/product_brand?post=4972"},{"taxonomy":"product_cat","embeddable":true,"href":"https:\/\/lij.ismeduca.com\/es\/wp-json\/wp\/v2\/product_cat?post=4972"},{"taxonomy":"product_tag","embeddable":true,"href":"https:\/\/lij.ismeduca.com\/es\/wp-json\/wp\/v2\/product_tag?post=4972"},{"taxonomy":"asignatura","embeddable":true,"href":"https:\/\/lij.ismeduca.com\/es\/wp-json\/wp\/v2\/asignatura?post=4972"},{"taxonomy":"compania","embeddable":true,"href":"https:\/\/lij.ismeduca.com\/es\/wp-json\/wp\/v2\/compania?post=4972"},{"taxonomy":"curso","embeddable":true,"href":"https:\/\/lij.ismeduca.com\/es\/wp-json\/wp\/v2\/curso?post=4972"},{"taxonomy":"idiomas","embeddable":true,"href":"https:\/\/lij.ismeduca.com\/es\/wp-json\/wp\/v2\/idiomas?post=4972"},{"taxonomy":"genero","embeddable":true,"href":"https:\/\/lij.ismeduca.com\/es\/wp-json\/wp\/v2\/genero?post=4972"},{"taxonomy":"linea","embeddable":true,"href":"https:\/\/lij.ismeduca.com\/es\/wp-json\/wp\/v2\/linea?post=4972"},{"taxonomy":"premio","embeddable":true,"href":"https:\/\/lij.ismeduca.com\/es\/wp-json\/wp\/v2\/premio?post=4972"},{"taxonomy":"proyecto-editorial","embeddable":true,"href":"https:\/\/lij.ismeduca.com\/es\/wp-json\/wp\/v2\/proyecto-editorial?post=4972"},{"taxonomy":"tipo-de-libro","embeddable":true,"href":"https:\/\/lij.ismeduca.com\/es\/wp-json\/wp\/v2\/tipo-de-libro?post=4972"},{"taxonomy":"soporte","embeddable":true,"href":"https:\/\/lij.ismeduca.com\/es\/wp-json\/wp\/v2\/soporte?post=4972"},{"taxonomy":"zona-geografica","embeddable":true,"href":"https:\/\/lij.ismeduca.com\/es\/wp-json\/wp\/v2\/zona-geografica?post=4972"},{"taxonomy":"autores","embeddable":true,"href":"https:\/\/lij.ismeduca.com\/es\/wp-json\/wp\/v2\/autores?post=4972"},{"taxonomy":"colecciones","embeddable":true,"href":"https:\/\/lij.ismeduca.com\/es\/wp-json\/wp\/v2\/colecciones?post=4972"},{"taxonomy":"personajes","embeddable":true,"href":"https:\/\/lij.ismeduca.com\/es\/wp-json\/wp\/v2\/personajes?post=4972"}],"curies":[{"name":"wp","href":"https:\/\/api.w.org\/{rel}","templated":true}]}}