{"id":4983,"date":"2018-05-17T00:00:00","date_gmt":"2024-07-11T10:20:34","guid":{"rendered":"https:\/\/lij.ismeduca.com\/tienda\/?post_type=product&#038;p=4983"},"modified":"2025-12-23T12:45:25","modified_gmt":"2025-12-23T11:45:25","slug":"pupila-de-aguila","status":"publish","type":"product","link":"https:\/\/lij.ismeduca.com\/es\/producto\/pupila-de-aguila\/","title":{"rendered":"Pupila de \u00e1guila"},"content":{"rendered":"","protected":false},"excerpt":{"rendered":"<p>A pesar de que Martina es a&#250;n adolescente, en su vida ya hay un gran secreto con forma de ausencia: la de su hermano Toni, que ha puesto fin a su vida por motivos que nadie conoce. Empe&#241;ada en averiguar qui&#233;n fue su hermano en realidad, Martina se embarca en un investigaci&#243;n inesperadamente peligrosa que la har&#225; encontrar nuevas amistades, amor&#8230; y le revelar&#225; cosas sobre su hermano que tal vez habr&#237;a preferido no saber.<\/p>\n","protected":false},"featured_media":37513,"template":"","meta":{"_acf_changed":false,"inline_featured_image":false},"product_brand":[],"product_cat":[4738],"product_tag":[268,852,609,240,242,923,705,981,298,698,2058],"asignatura":[],"compania":[252],"curso":[],"idiomas":[1948],"genero":[957],"linea":[250],"premio":[],"proyecto-editorial":[920],"tipo-de-libro":[249],"soporte":[2004],"zona-geografica":[],"autores":[3970],"colecciones":[2372],"personajes":[],"class_list":{"0":"post-4983","1":"product","2":"type-product","3":"status-publish","4":"has-post-thumbnail","6":"product_cat-gran-angular","7":"product_tag-amistad","8":"product_tag-autonomia-e-iniciativa-personal-competencia","9":"product_tag-competencia-en-el-conocimiento-y-la-interaccion-con-el-mundo-fisico-y-natural","10":"product_tag-cuentos-infantiles","11":"product_tag-cuentos-para-ninos","12":"product_tag-droga","13":"product_tag-enamoramiento","14":"product_tag-literatura-de-misterio","15":"product_tag-literatura-infantil","16":"product_tag-literatura-juvenil","17":"product_tag-ntx","18":"pa_codigo-sap-ntx","19":"compania-f-sta-maria-ediciones-sm-es","20":"idiomas-espanol","21":"genero-misterio","22":"linea-narrativa","23":"proyecto-editorial-gran-angular","24":"tipo-de-libro-fisico","25":"soporte-libro","26":"autores-alfredo-gomez-cerda","27":"colecciones-gran-angular","29":"first","30":"instock","31":"taxable","32":"shipping-taxable","33":"purchasable","34":"product-type-simple"},"acf":{"id_catalogo":"650","shortTitle":"GA. 97 PUPILA DE AGUILA","descripcion":"A pesar de que Martina es a&#250;n adolescente, en su vida ya hay un gran secreto con forma de ausencia: la de su hermano Toni, que ha puesto fin a su vida por motivos que nadie conoce. Empe&#241;ada en averiguar qui&#233;n fue su hermano en realidad, Martina se embarca en un investigaci&#243;n inesperadamente peligrosa que la har&#225; encontrar nuevas amistades, amor... y le revelar&#225; cosas sobre su hermano que tal vez habr&#237;a preferido no saber.","adjuntos":[{"id":"4","titulo":"Primer cap\u00edtulo \/ Unidad Modelo","url":"https:\/\/catalogo.noe-sm.com\/medias\/ES185552-011563.pdf?context=bWFzdGVyfG1pZ3JhdGlvbnw2NDE0NDl8YXBwbGljYXRpb24vcGRmfG1pZ3JhdGlvbi9oYTEvaDQ5Lzg4MTk1ODI1OTkxOTgucGRmfDJkNDI5NmQ5NWY2YzdmOGVmNmQ1MWVmOTY3YzY2MWI1NWEzMjM5YzMwZTVkYjI1N2NhNWQxNWM2ZjhkNjhhMmY"},{"id":"21","titulo":"Ficha del profesor","url":"https:\/\/catalogo.noe-sm.com\/medias\/ES185552-011688.pdf?context=bWFzdGVyfG1pZ3JhdGlvbnwxOTkxOTV8YXBwbGljYXRpb24vcGRmfG1pZ3JhdGlvbi9oY2EvaDY2Lzg4MTkzODYxMjIyNzAucGRmfDJiNWFlOWM1ZjBhYWM0N2ZkYWRkMDljMDU3OWI2MWJjZjRhMTc0MTI3Njg0NTY3NjU0NDlmY2U4OWQzMzkzYzM"}],"descriptivePhrases":[{"type":"General","text":"Tomar decisiones, reconocer los propios sentimientos, querer conocer cosas que ser\u00eda m\u00e1s f\u00e1cil ignorar... Todo eso es hacerse adulta, y Martina est\u00e1 empezando a aprenderlo."},{"type":"General","text":"Una atractiva novela que plantea una intriga en torno al tr\u00e1fico de drogas mientras sus protagonistas viven una bella historia de amor"},{"type":"General","text":"Una novela sobre el encuentro de dos personas marcadas por una tragedia personal."}],"productSap":"NTX","isbn":"9788491075578","precio_colegios":12.02,"precio_librerias":12.02,"precio_librerias_sin_cobertura":12.02,"precio_distribuidores":12.02,"fecha_disponibilidad":null,"fecha_comercial":"20180517","organizacion_venta":"CS01","datos_para_buscador":"Alfredo G\u00f3mez Cerd\u00e1, Gran Angular, "},"yoast_head":"<!-- This site is optimized with the Yoast SEO plugin v26.6 - https:\/\/yoast.com\/wordpress\/plugins\/seo\/ -->\n<title>Pupila de \u00e1guila - Literatura SM Espa\u00f1a<\/title>\n<meta name=\"robots\" content=\"noindex, follow, max-snippet:-1, max-image-preview:large, max-video-preview:-1\" \/>\n<meta property=\"og:locale\" content=\"es_ES\" \/>\n<meta property=\"og:type\" content=\"article\" \/>\n<meta property=\"og:title\" content=\"Pupila de \u00e1guila - Literatura SM Espa\u00f1a\" \/>\n<meta property=\"og:url\" content=\"https:\/\/lij.ismeduca.com\/es\/producto\/pupila-de-aguila\/\" \/>\n<meta property=\"og:site_name\" content=\"Literatura SM Espa\u00f1a\" \/>\n<meta property=\"article:modified_time\" content=\"2025-12-23T11:45:25+00:00\" \/>\n<meta name=\"twitter:card\" content=\"summary_large_image\" \/>\n<script type=\"application\/ld+json\" class=\"yoast-schema-graph\">{\"@context\":\"https:\/\/schema.org\",\"@graph\":[{\"@type\":\"WebPage\",\"@id\":\"https:\/\/lij.ismeduca.com\/es\/producto\/pupila-de-aguila\/\",\"url\":\"https:\/\/lij.ismeduca.com\/es\/producto\/pupila-de-aguila\/\",\"name\":\"Pupila de \u00e1guila - Literatura SM Espa\u00f1a\",\"isPartOf\":{\"@id\":\"https:\/\/lij.ismeduca.com\/es\/#website\"},\"primaryImageOfPage\":{\"@id\":\"https:\/\/lij.ismeduca.com\/es\/producto\/pupila-de-aguila\/#primaryimage\"},\"image\":{\"@id\":\"https:\/\/lij.ismeduca.com\/es\/producto\/pupila-de-aguila\/#primaryimage\"},\"thumbnailUrl\":\"https:\/\/lij.ismeduca.com\/es\/wp-content\/uploads\/sites\/10\/2025\/12\/4983-scaled.jpg\",\"datePublished\":\"2024-07-11T10:20:34+00:00\",\"dateModified\":\"2025-12-23T11:45:25+00:00\",\"breadcrumb\":{\"@id\":\"https:\/\/lij.ismeduca.com\/es\/producto\/pupila-de-aguila\/#breadcrumb\"},\"inLanguage\":\"es\",\"potentialAction\":[{\"@type\":\"ReadAction\",\"target\":[\"https:\/\/lij.ismeduca.com\/es\/producto\/pupila-de-aguila\/\"]}]},{\"@type\":\"ImageObject\",\"inLanguage\":\"es\",\"@id\":\"https:\/\/lij.ismeduca.com\/es\/producto\/pupila-de-aguila\/#primaryimage\",\"url\":\"https:\/\/lij.ismeduca.com\/es\/wp-content\/uploads\/sites\/10\/2025\/12\/4983-scaled.jpg\",\"contentUrl\":\"https:\/\/lij.ismeduca.com\/es\/wp-content\/uploads\/sites\/10\/2025\/12\/4983-scaled.jpg\",\"width\":1668,\"height\":2560},{\"@type\":\"BreadcrumbList\",\"@id\":\"https:\/\/lij.ismeduca.com\/es\/producto\/pupila-de-aguila\/#breadcrumb\",\"itemListElement\":[{\"@type\":\"ListItem\",\"position\":1,\"name\":\"Portada\",\"item\":\"https:\/\/lij.ismeduca.com\/es\/\"},{\"@type\":\"ListItem\",\"position\":2,\"name\":\"Tienda\",\"item\":\"https:\/\/lij.ismeduca.com\/es\/tienda\/\"},{\"@type\":\"ListItem\",\"position\":3,\"name\":\"Pupila de \u00e1guila\"}]},{\"@type\":\"WebSite\",\"@id\":\"https:\/\/lij.ismeduca.com\/es\/#website\",\"url\":\"https:\/\/lij.ismeduca.com\/es\/\",\"name\":\"Literatura SM Espa\u00f1a\",\"description\":\"\",\"publisher\":{\"@id\":\"https:\/\/lij.ismeduca.com\/es\/#organization\"},\"potentialAction\":[{\"@type\":\"SearchAction\",\"target\":{\"@type\":\"EntryPoint\",\"urlTemplate\":\"https:\/\/lij.ismeduca.com\/es\/?s={search_term_string}\"},\"query-input\":{\"@type\":\"PropertyValueSpecification\",\"valueRequired\":true,\"valueName\":\"search_term_string\"}}],\"inLanguage\":\"es\"},{\"@type\":\"Organization\",\"@id\":\"https:\/\/lij.ismeduca.com\/es\/#organization\",\"name\":\"Literatura SM Espa\u00f1a\",\"url\":\"https:\/\/lij.ismeduca.com\/es\/\",\"logo\":{\"@type\":\"ImageObject\",\"inLanguage\":\"es\",\"@id\":\"https:\/\/lij.ismeduca.com\/es\/#\/schema\/logo\/image\/\",\"url\":\"https:\/\/lij.ismeduca.com\/es\/wp-content\/uploads\/sites\/10\/2024\/07\/logo-cabecera.png\",\"contentUrl\":\"https:\/\/lij.ismeduca.com\/es\/wp-content\/uploads\/sites\/10\/2024\/07\/logo-cabecera.png\",\"width\":396,\"height\":64,\"caption\":\"Literatura SM Espa\u00f1a\"},\"image\":{\"@id\":\"https:\/\/lij.ismeduca.com\/es\/#\/schema\/logo\/image\/\"}}]}<\/script>\n<!-- \/ Yoast SEO plugin. -->","yoast_head_json":{"title":"Pupila de \u00e1guila - Literatura SM Espa\u00f1a","robots":{"index":"noindex","follow":"follow","max-snippet":"max-snippet:-1","max-image-preview":"max-image-preview:large","max-video-preview":"max-video-preview:-1"},"og_locale":"es_ES","og_type":"article","og_title":"Pupila de \u00e1guila - Literatura SM Espa\u00f1a","og_url":"https:\/\/lij.ismeduca.com\/es\/producto\/pupila-de-aguila\/","og_site_name":"Literatura SM Espa\u00f1a","article_modified_time":"2025-12-23T11:45:25+00:00","twitter_card":"summary_large_image","schema":{"@context":"https:\/\/schema.org","@graph":[{"@type":"WebPage","@id":"https:\/\/lij.ismeduca.com\/es\/producto\/pupila-de-aguila\/","url":"https:\/\/lij.ismeduca.com\/es\/producto\/pupila-de-aguila\/","name":"Pupila de \u00e1guila - Literatura SM Espa\u00f1a","isPartOf":{"@id":"https:\/\/lij.ismeduca.com\/es\/#website"},"primaryImageOfPage":{"@id":"https:\/\/lij.ismeduca.com\/es\/producto\/pupila-de-aguila\/#primaryimage"},"image":{"@id":"https:\/\/lij.ismeduca.com\/es\/producto\/pupila-de-aguila\/#primaryimage"},"thumbnailUrl":"https:\/\/lij.ismeduca.com\/es\/wp-content\/uploads\/sites\/10\/2025\/12\/4983-scaled.jpg","datePublished":"2024-07-11T10:20:34+00:00","dateModified":"2025-12-23T11:45:25+00:00","breadcrumb":{"@id":"https:\/\/lij.ismeduca.com\/es\/producto\/pupila-de-aguila\/#breadcrumb"},"inLanguage":"es","potentialAction":[{"@type":"ReadAction","target":["https:\/\/lij.ismeduca.com\/es\/producto\/pupila-de-aguila\/"]}]},{"@type":"ImageObject","inLanguage":"es","@id":"https:\/\/lij.ismeduca.com\/es\/producto\/pupila-de-aguila\/#primaryimage","url":"https:\/\/lij.ismeduca.com\/es\/wp-content\/uploads\/sites\/10\/2025\/12\/4983-scaled.jpg","contentUrl":"https:\/\/lij.ismeduca.com\/es\/wp-content\/uploads\/sites\/10\/2025\/12\/4983-scaled.jpg","width":1668,"height":2560},{"@type":"BreadcrumbList","@id":"https:\/\/lij.ismeduca.com\/es\/producto\/pupila-de-aguila\/#breadcrumb","itemListElement":[{"@type":"ListItem","position":1,"name":"Portada","item":"https:\/\/lij.ismeduca.com\/es\/"},{"@type":"ListItem","position":2,"name":"Tienda","item":"https:\/\/lij.ismeduca.com\/es\/tienda\/"},{"@type":"ListItem","position":3,"name":"Pupila de \u00e1guila"}]},{"@type":"WebSite","@id":"https:\/\/lij.ismeduca.com\/es\/#website","url":"https:\/\/lij.ismeduca.com\/es\/","name":"Literatura SM Espa\u00f1a","description":"","publisher":{"@id":"https:\/\/lij.ismeduca.com\/es\/#organization"},"potentialAction":[{"@type":"SearchAction","target":{"@type":"EntryPoint","urlTemplate":"https:\/\/lij.ismeduca.com\/es\/?s={search_term_string}"},"query-input":{"@type":"PropertyValueSpecification","valueRequired":true,"valueName":"search_term_string"}}],"inLanguage":"es"},{"@type":"Organization","@id":"https:\/\/lij.ismeduca.com\/es\/#organization","name":"Literatura SM Espa\u00f1a","url":"https:\/\/lij.ismeduca.com\/es\/","logo":{"@type":"ImageObject","inLanguage":"es","@id":"https:\/\/lij.ismeduca.com\/es\/#\/schema\/logo\/image\/","url":"https:\/\/lij.ismeduca.com\/es\/wp-content\/uploads\/sites\/10\/2024\/07\/logo-cabecera.png","contentUrl":"https:\/\/lij.ismeduca.com\/es\/wp-content\/uploads\/sites\/10\/2024\/07\/logo-cabecera.png","width":396,"height":64,"caption":"Literatura SM Espa\u00f1a"},"image":{"@id":"https:\/\/lij.ismeduca.com\/es\/#\/schema\/logo\/image\/"}}]}},"_links":{"self":[{"href":"https:\/\/lij.ismeduca.com\/es\/wp-json\/wp\/v2\/product\/4983","targetHints":{"allow":["GET"]}}],"collection":[{"href":"https:\/\/lij.ismeduca.com\/es\/wp-json\/wp\/v2\/product"}],"about":[{"href":"https:\/\/lij.ismeduca.com\/es\/wp-json\/wp\/v2\/types\/product"}],"version-history":[{"count":1,"href":"https:\/\/lij.ismeduca.com\/es\/wp-json\/wp\/v2\/product\/4983\/revisions"}],"predecessor-version":[{"id":30879,"href":"https:\/\/lij.ismeduca.com\/es\/wp-json\/wp\/v2\/product\/4983\/revisions\/30879"}],"wp:featuredmedia":[{"embeddable":true,"href":"https:\/\/lij.ismeduca.com\/es\/wp-json\/wp\/v2\/media\/37513"}],"wp:attachment":[{"href":"https:\/\/lij.ismeduca.com\/es\/wp-json\/wp\/v2\/media?parent=4983"}],"wp:term":[{"taxonomy":"product_brand","embeddable":true,"href":"https:\/\/lij.ismeduca.com\/es\/wp-json\/wp\/v2\/product_brand?post=4983"},{"taxonomy":"product_cat","embeddable":true,"href":"https:\/\/lij.ismeduca.com\/es\/wp-json\/wp\/v2\/product_cat?post=4983"},{"taxonomy":"product_tag","embeddable":true,"href":"https:\/\/lij.ismeduca.com\/es\/wp-json\/wp\/v2\/product_tag?post=4983"},{"taxonomy":"asignatura","embeddable":true,"href":"https:\/\/lij.ismeduca.com\/es\/wp-json\/wp\/v2\/asignatura?post=4983"},{"taxonomy":"compania","embeddable":true,"href":"https:\/\/lij.ismeduca.com\/es\/wp-json\/wp\/v2\/compania?post=4983"},{"taxonomy":"curso","embeddable":true,"href":"https:\/\/lij.ismeduca.com\/es\/wp-json\/wp\/v2\/curso?post=4983"},{"taxonomy":"idiomas","embeddable":true,"href":"https:\/\/lij.ismeduca.com\/es\/wp-json\/wp\/v2\/idiomas?post=4983"},{"taxonomy":"genero","embeddable":true,"href":"https:\/\/lij.ismeduca.com\/es\/wp-json\/wp\/v2\/genero?post=4983"},{"taxonomy":"linea","embeddable":true,"href":"https:\/\/lij.ismeduca.com\/es\/wp-json\/wp\/v2\/linea?post=4983"},{"taxonomy":"premio","embeddable":true,"href":"https:\/\/lij.ismeduca.com\/es\/wp-json\/wp\/v2\/premio?post=4983"},{"taxonomy":"proyecto-editorial","embeddable":true,"href":"https:\/\/lij.ismeduca.com\/es\/wp-json\/wp\/v2\/proyecto-editorial?post=4983"},{"taxonomy":"tipo-de-libro","embeddable":true,"href":"https:\/\/lij.ismeduca.com\/es\/wp-json\/wp\/v2\/tipo-de-libro?post=4983"},{"taxonomy":"soporte","embeddable":true,"href":"https:\/\/lij.ismeduca.com\/es\/wp-json\/wp\/v2\/soporte?post=4983"},{"taxonomy":"zona-geografica","embeddable":true,"href":"https:\/\/lij.ismeduca.com\/es\/wp-json\/wp\/v2\/zona-geografica?post=4983"},{"taxonomy":"autores","embeddable":true,"href":"https:\/\/lij.ismeduca.com\/es\/wp-json\/wp\/v2\/autores?post=4983"},{"taxonomy":"colecciones","embeddable":true,"href":"https:\/\/lij.ismeduca.com\/es\/wp-json\/wp\/v2\/colecciones?post=4983"},{"taxonomy":"personajes","embeddable":true,"href":"https:\/\/lij.ismeduca.com\/es\/wp-json\/wp\/v2\/personajes?post=4983"}],"curies":[{"name":"wp","href":"https:\/\/api.w.org\/{rel}","templated":true}]}}