{"id":5394,"date":"2016-04-19T00:00:00","date_gmt":"2024-07-11T10:29:29","guid":{"rendered":"https:\/\/lij.ismeduca.com\/tienda\/?post_type=product&#038;p=5394"},"modified":"2025-12-23T12:39:08","modified_gmt":"2025-12-23T11:39:08","slug":"pepe-piensa-por-que-no-habla-mi-gata","status":"publish","type":"product","link":"https:\/\/lij.ismeduca.com\/es\/producto\/pepe-piensa-por-que-no-habla-mi-gata\/","title":{"rendered":"Pepe piensa&#8230; \u00bfPor qu\u00e9 no habla mi gata?"},"content":{"rendered":"","protected":false},"excerpt":{"rendered":"<p><P>Pepe es un ni&#241;o que se pregunta muchas cosas y, cuando no encuentra la respuesta, se las pregunta a sus pap&#225;s. O sea, que Pepe es un ni&#241;o como casi todos los ni&#241;os. Y sus padres a veces no saben qu&#233; contestarle, como casi todos los padres.<\/P><P><\/P><P>En esta ocasi&#243;n, Pepe se pregunta por qu&#233; su gatita Bergamota no aprende a decir su nombre, con lo bien que le ense&#241;a &#233;l&#8230; <\/P><P><\/P><P>Al final del libro, los padres e hijos de la vida real pueden encontrar una secci&#243;n de juegos e informaciones que les dar&#225;n pie a dialogar sobre las diferentes formas de comunicarnos y la importancia del lenguaje en las relaciones humanas.<\/P><\/p>\n","protected":false},"featured_media":36613,"template":"","meta":{"_acf_changed":false,"inline_featured_image":false},"product_brand":[],"product_cat":[4736],"product_tag":[1266,240,242,1625,253,298,329,2058,1517,1394,342,346],"asignatura":[],"compania":[252],"curso":[],"idiomas":[1948],"genero":[308],"linea":[250],"premio":[],"proyecto-editorial":[477],"tipo-de-libro":[249],"soporte":[2004],"zona-geografica":[],"autores":[4023,4022,4560],"colecciones":[2396],"personajes":[2099],"class_list":{"0":"post-5394","1":"product","2":"type-product","3":"status-publish","4":"has-post-thumbnail","6":"product_cat-el-barco-de-vapor","7":"product_tag-comunicacion","8":"product_tag-cuentos-infantiles","9":"product_tag-cuentos-para-ninos","10":"product_tag-lenguaje","11":"product_tag-literatura-de-humor","12":"product_tag-literatura-infantil","13":"product_tag-literatura-realista","14":"product_tag-ntx","15":"product_tag-pensamiento-y-lenguaje","16":"product_tag-plan-lector-savia-primaria","17":"product_tag-relaciones-padres-hijos","18":"product_tag-vida-familiar","19":"pa_codigo-sap-ntx","20":"compania-f-sta-maria-ediciones-sm-es","21":"idiomas-espanol","22":"genero-realismo","23":"linea-narrativa","24":"proyecto-editorial-barco-de-vapor","25":"tipo-de-libro-fisico","26":"soporte-libro","27":"autores-michel-piquemal","28":"autores-thomas-baas","29":"autores-xohana-bastida-calvo","30":"colecciones-el-barco-de-vapor-blanca","31":"personajes-pepe-piensa","33":"first","34":"instock","35":"taxable","36":"shipping-taxable","37":"purchasable","38":"product-type-simple"},"acf":{"id_catalogo":"650","shortTitle":"BVBPEP.2 \u00bfPOR QUE NO HABLA MI GATA?","descripcion":"<P>Pepe es un ni&#241;o que se pregunta muchas cosas y, cuando no encuentra la respuesta, se las pregunta a sus pap&#225;s. O sea, que Pepe es un ni&#241;o como casi todos los ni&#241;os. Y sus padres a veces no saben qu&#233; contestarle, como casi todos los padres.<\/P><P><\/P><P>En esta ocasi&#243;n, Pepe se pregunta por qu&#233; su gatita Bergamota no aprende a decir su nombre, con lo bien que le ense&#241;a &#233;l... <\/P><P><\/P><P>Al final del libro, los padres e hijos de la vida real pueden encontrar una secci&#243;n de juegos e informaciones que les dar&#225;n pie a dialogar sobre las diferentes formas de comunicarnos y la importancia del lenguaje en las relaciones humanas.<\/P>","adjuntos":[{"id":"4","titulo":"Primer cap\u00edtulo \/ Unidad Modelo","url":"https:\/\/catalogo.noe-sm.com\/medias\/ES171996-008792.pdf?context=bWFzdGVyfG1pZ3JhdGlvbnw5MDgxNDd8YXBwbGljYXRpb24vcGRmfG1pZ3JhdGlvbi9oZjYvaDlmLzg4MTkzNjQ1NjA5MjYucGRmfGEzOTFjOGJhYmNiYTQxNTQ4ODQ1MjFmYjMxMmVjMjUzZWQxNWFlMzI0N2UwNjgzODRmZmRjMDBlOGNkMjU1ZTc"},{"id":"21","titulo":"Ficha del profesor","url":"https:\/\/catalogo.noe-sm.com\/medias\/171996-recur-001-001-pro-savia.pdf?context=bWFzdGVyfHJvb3R8MTE3NjY5fGFwcGxpY2F0aW9uL3BkZnxoZmYvaGVhLzkxMjQyNjE1Mjc1ODIucGRmfDY3M2IxMWE3NTE4NmVhYWRmOGMzMzhkYmRjZDUzZjk1YmNmOTgyZWY4NGYwODAzZWM5NjNmMzc5NDczZTM4Njg"},{"id":"20","titulo":"Ficha del alumno","url":"https:\/\/catalogo.noe-sm.com\/medias\/171996-recur-001-004-alu-savia.pdf?context=bWFzdGVyfHJvb3R8NTg1MzU1fGFwcGxpY2F0aW9uL3BkZnxoNDkvaDgzLzkxMjQyNjE2NTg2NTQucGRmfDdhMGY5MmZiM2JkNjBhMTM3ZTQzNWJlNGQ0ZWNiM2Q5Mjc4MzAyNzQwNWZlZTBiMWI3ZWI5NTYyNjgwNTg2NDE"}],"descriptivePhrases":[{"type":"General","text":"Pepe se pregunta por qu\u00e9 su gatita Bergamota no aprende a decir su nombre, con lo bien que le ense\u00f1a \u00e9l..."}],"productSap":"NTX","isbn":"9788467585230","precio_colegios":8.17,"precio_librerias":8.17,"precio_librerias_sin_cobertura":8.17,"precio_distribuidores":8.17,"fecha_disponibilidad":null,"fecha_comercial":"20160419","organizacion_venta":"CS01","datos_para_buscador":"Xohana Bastida Calvo, Pepe piensa, Thomas Baas, Michel Piquemal, Pepe piensa, El Barco de Vapor Blanca, "},"yoast_head":"<!-- This site is optimized with the Yoast SEO plugin v26.6 - https:\/\/yoast.com\/wordpress\/plugins\/seo\/ -->\n<title>Pepe piensa... \u00bfPor qu\u00e9 no habla mi gata? - Literatura SM Espa\u00f1a<\/title>\n<meta name=\"robots\" content=\"noindex, follow, max-snippet:-1, max-image-preview:large, max-video-preview:-1\" \/>\n<meta property=\"og:locale\" content=\"es_ES\" \/>\n<meta property=\"og:type\" content=\"article\" \/>\n<meta property=\"og:title\" content=\"Pepe piensa... \u00bfPor qu\u00e9 no habla mi gata? - Literatura SM Espa\u00f1a\" \/>\n<meta property=\"og:url\" content=\"https:\/\/lij.ismeduca.com\/es\/producto\/pepe-piensa-por-que-no-habla-mi-gata\/\" \/>\n<meta property=\"og:site_name\" content=\"Literatura SM Espa\u00f1a\" \/>\n<meta property=\"article:modified_time\" content=\"2025-12-23T11:39:08+00:00\" \/>\n<meta name=\"twitter:card\" content=\"summary_large_image\" \/>\n<script type=\"application\/ld+json\" class=\"yoast-schema-graph\">{\"@context\":\"https:\/\/schema.org\",\"@graph\":[{\"@type\":\"WebPage\",\"@id\":\"https:\/\/lij.ismeduca.com\/es\/producto\/pepe-piensa-por-que-no-habla-mi-gata\/\",\"url\":\"https:\/\/lij.ismeduca.com\/es\/producto\/pepe-piensa-por-que-no-habla-mi-gata\/\",\"name\":\"Pepe piensa... \u00bfPor qu\u00e9 no habla mi gata? - Literatura SM Espa\u00f1a\",\"isPartOf\":{\"@id\":\"https:\/\/lij.ismeduca.com\/es\/#website\"},\"primaryImageOfPage\":{\"@id\":\"https:\/\/lij.ismeduca.com\/es\/producto\/pepe-piensa-por-que-no-habla-mi-gata\/#primaryimage\"},\"image\":{\"@id\":\"https:\/\/lij.ismeduca.com\/es\/producto\/pepe-piensa-por-que-no-habla-mi-gata\/#primaryimage\"},\"thumbnailUrl\":\"https:\/\/lij.ismeduca.com\/es\/wp-content\/uploads\/sites\/10\/2025\/12\/5394.jpg\",\"datePublished\":\"2024-07-11T10:29:29+00:00\",\"dateModified\":\"2025-12-23T11:39:08+00:00\",\"breadcrumb\":{\"@id\":\"https:\/\/lij.ismeduca.com\/es\/producto\/pepe-piensa-por-que-no-habla-mi-gata\/#breadcrumb\"},\"inLanguage\":\"es\",\"potentialAction\":[{\"@type\":\"ReadAction\",\"target\":[\"https:\/\/lij.ismeduca.com\/es\/producto\/pepe-piensa-por-que-no-habla-mi-gata\/\"]}]},{\"@type\":\"ImageObject\",\"inLanguage\":\"es\",\"@id\":\"https:\/\/lij.ismeduca.com\/es\/producto\/pepe-piensa-por-que-no-habla-mi-gata\/#primaryimage\",\"url\":\"https:\/\/lij.ismeduca.com\/es\/wp-content\/uploads\/sites\/10\/2025\/12\/5394.jpg\",\"contentUrl\":\"https:\/\/lij.ismeduca.com\/es\/wp-content\/uploads\/sites\/10\/2025\/12\/5394.jpg\",\"width\":600,\"height\":913},{\"@type\":\"BreadcrumbList\",\"@id\":\"https:\/\/lij.ismeduca.com\/es\/producto\/pepe-piensa-por-que-no-habla-mi-gata\/#breadcrumb\",\"itemListElement\":[{\"@type\":\"ListItem\",\"position\":1,\"name\":\"Portada\",\"item\":\"https:\/\/lij.ismeduca.com\/es\/\"},{\"@type\":\"ListItem\",\"position\":2,\"name\":\"Tienda\",\"item\":\"https:\/\/lij.ismeduca.com\/es\/tienda\/\"},{\"@type\":\"ListItem\",\"position\":3,\"name\":\"Pepe piensa&#8230; \u00bfPor qu\u00e9 no habla mi gata?\"}]},{\"@type\":\"WebSite\",\"@id\":\"https:\/\/lij.ismeduca.com\/es\/#website\",\"url\":\"https:\/\/lij.ismeduca.com\/es\/\",\"name\":\"Literatura SM Espa\u00f1a\",\"description\":\"\",\"publisher\":{\"@id\":\"https:\/\/lij.ismeduca.com\/es\/#organization\"},\"potentialAction\":[{\"@type\":\"SearchAction\",\"target\":{\"@type\":\"EntryPoint\",\"urlTemplate\":\"https:\/\/lij.ismeduca.com\/es\/?s={search_term_string}\"},\"query-input\":{\"@type\":\"PropertyValueSpecification\",\"valueRequired\":true,\"valueName\":\"search_term_string\"}}],\"inLanguage\":\"es\"},{\"@type\":\"Organization\",\"@id\":\"https:\/\/lij.ismeduca.com\/es\/#organization\",\"name\":\"Literatura SM Espa\u00f1a\",\"url\":\"https:\/\/lij.ismeduca.com\/es\/\",\"logo\":{\"@type\":\"ImageObject\",\"inLanguage\":\"es\",\"@id\":\"https:\/\/lij.ismeduca.com\/es\/#\/schema\/logo\/image\/\",\"url\":\"https:\/\/lij.ismeduca.com\/es\/wp-content\/uploads\/sites\/10\/2024\/07\/logo-cabecera.png\",\"contentUrl\":\"https:\/\/lij.ismeduca.com\/es\/wp-content\/uploads\/sites\/10\/2024\/07\/logo-cabecera.png\",\"width\":396,\"height\":64,\"caption\":\"Literatura SM Espa\u00f1a\"},\"image\":{\"@id\":\"https:\/\/lij.ismeduca.com\/es\/#\/schema\/logo\/image\/\"}}]}<\/script>\n<!-- \/ Yoast SEO plugin. -->","yoast_head_json":{"title":"Pepe piensa... \u00bfPor qu\u00e9 no habla mi gata? - Literatura SM Espa\u00f1a","robots":{"index":"noindex","follow":"follow","max-snippet":"max-snippet:-1","max-image-preview":"max-image-preview:large","max-video-preview":"max-video-preview:-1"},"og_locale":"es_ES","og_type":"article","og_title":"Pepe piensa... \u00bfPor qu\u00e9 no habla mi gata? - Literatura SM Espa\u00f1a","og_url":"https:\/\/lij.ismeduca.com\/es\/producto\/pepe-piensa-por-que-no-habla-mi-gata\/","og_site_name":"Literatura SM Espa\u00f1a","article_modified_time":"2025-12-23T11:39:08+00:00","twitter_card":"summary_large_image","schema":{"@context":"https:\/\/schema.org","@graph":[{"@type":"WebPage","@id":"https:\/\/lij.ismeduca.com\/es\/producto\/pepe-piensa-por-que-no-habla-mi-gata\/","url":"https:\/\/lij.ismeduca.com\/es\/producto\/pepe-piensa-por-que-no-habla-mi-gata\/","name":"Pepe piensa... \u00bfPor qu\u00e9 no habla mi gata? - Literatura SM Espa\u00f1a","isPartOf":{"@id":"https:\/\/lij.ismeduca.com\/es\/#website"},"primaryImageOfPage":{"@id":"https:\/\/lij.ismeduca.com\/es\/producto\/pepe-piensa-por-que-no-habla-mi-gata\/#primaryimage"},"image":{"@id":"https:\/\/lij.ismeduca.com\/es\/producto\/pepe-piensa-por-que-no-habla-mi-gata\/#primaryimage"},"thumbnailUrl":"https:\/\/lij.ismeduca.com\/es\/wp-content\/uploads\/sites\/10\/2025\/12\/5394.jpg","datePublished":"2024-07-11T10:29:29+00:00","dateModified":"2025-12-23T11:39:08+00:00","breadcrumb":{"@id":"https:\/\/lij.ismeduca.com\/es\/producto\/pepe-piensa-por-que-no-habla-mi-gata\/#breadcrumb"},"inLanguage":"es","potentialAction":[{"@type":"ReadAction","target":["https:\/\/lij.ismeduca.com\/es\/producto\/pepe-piensa-por-que-no-habla-mi-gata\/"]}]},{"@type":"ImageObject","inLanguage":"es","@id":"https:\/\/lij.ismeduca.com\/es\/producto\/pepe-piensa-por-que-no-habla-mi-gata\/#primaryimage","url":"https:\/\/lij.ismeduca.com\/es\/wp-content\/uploads\/sites\/10\/2025\/12\/5394.jpg","contentUrl":"https:\/\/lij.ismeduca.com\/es\/wp-content\/uploads\/sites\/10\/2025\/12\/5394.jpg","width":600,"height":913},{"@type":"BreadcrumbList","@id":"https:\/\/lij.ismeduca.com\/es\/producto\/pepe-piensa-por-que-no-habla-mi-gata\/#breadcrumb","itemListElement":[{"@type":"ListItem","position":1,"name":"Portada","item":"https:\/\/lij.ismeduca.com\/es\/"},{"@type":"ListItem","position":2,"name":"Tienda","item":"https:\/\/lij.ismeduca.com\/es\/tienda\/"},{"@type":"ListItem","position":3,"name":"Pepe piensa&#8230; \u00bfPor qu\u00e9 no habla mi gata?"}]},{"@type":"WebSite","@id":"https:\/\/lij.ismeduca.com\/es\/#website","url":"https:\/\/lij.ismeduca.com\/es\/","name":"Literatura SM Espa\u00f1a","description":"","publisher":{"@id":"https:\/\/lij.ismeduca.com\/es\/#organization"},"potentialAction":[{"@type":"SearchAction","target":{"@type":"EntryPoint","urlTemplate":"https:\/\/lij.ismeduca.com\/es\/?s={search_term_string}"},"query-input":{"@type":"PropertyValueSpecification","valueRequired":true,"valueName":"search_term_string"}}],"inLanguage":"es"},{"@type":"Organization","@id":"https:\/\/lij.ismeduca.com\/es\/#organization","name":"Literatura SM Espa\u00f1a","url":"https:\/\/lij.ismeduca.com\/es\/","logo":{"@type":"ImageObject","inLanguage":"es","@id":"https:\/\/lij.ismeduca.com\/es\/#\/schema\/logo\/image\/","url":"https:\/\/lij.ismeduca.com\/es\/wp-content\/uploads\/sites\/10\/2024\/07\/logo-cabecera.png","contentUrl":"https:\/\/lij.ismeduca.com\/es\/wp-content\/uploads\/sites\/10\/2024\/07\/logo-cabecera.png","width":396,"height":64,"caption":"Literatura SM Espa\u00f1a"},"image":{"@id":"https:\/\/lij.ismeduca.com\/es\/#\/schema\/logo\/image\/"}}]}},"_links":{"self":[{"href":"https:\/\/lij.ismeduca.com\/es\/wp-json\/wp\/v2\/product\/5394","targetHints":{"allow":["GET"]}}],"collection":[{"href":"https:\/\/lij.ismeduca.com\/es\/wp-json\/wp\/v2\/product"}],"about":[{"href":"https:\/\/lij.ismeduca.com\/es\/wp-json\/wp\/v2\/types\/product"}],"version-history":[{"count":1,"href":"https:\/\/lij.ismeduca.com\/es\/wp-json\/wp\/v2\/product\/5394\/revisions"}],"predecessor-version":[{"id":33576,"href":"https:\/\/lij.ismeduca.com\/es\/wp-json\/wp\/v2\/product\/5394\/revisions\/33576"}],"wp:featuredmedia":[{"embeddable":true,"href":"https:\/\/lij.ismeduca.com\/es\/wp-json\/wp\/v2\/media\/36613"}],"wp:attachment":[{"href":"https:\/\/lij.ismeduca.com\/es\/wp-json\/wp\/v2\/media?parent=5394"}],"wp:term":[{"taxonomy":"product_brand","embeddable":true,"href":"https:\/\/lij.ismeduca.com\/es\/wp-json\/wp\/v2\/product_brand?post=5394"},{"taxonomy":"product_cat","embeddable":true,"href":"https:\/\/lij.ismeduca.com\/es\/wp-json\/wp\/v2\/product_cat?post=5394"},{"taxonomy":"product_tag","embeddable":true,"href":"https:\/\/lij.ismeduca.com\/es\/wp-json\/wp\/v2\/product_tag?post=5394"},{"taxonomy":"asignatura","embeddable":true,"href":"https:\/\/lij.ismeduca.com\/es\/wp-json\/wp\/v2\/asignatura?post=5394"},{"taxonomy":"compania","embeddable":true,"href":"https:\/\/lij.ismeduca.com\/es\/wp-json\/wp\/v2\/compania?post=5394"},{"taxonomy":"curso","embeddable":true,"href":"https:\/\/lij.ismeduca.com\/es\/wp-json\/wp\/v2\/curso?post=5394"},{"taxonomy":"idiomas","embeddable":true,"href":"https:\/\/lij.ismeduca.com\/es\/wp-json\/wp\/v2\/idiomas?post=5394"},{"taxonomy":"genero","embeddable":true,"href":"https:\/\/lij.ismeduca.com\/es\/wp-json\/wp\/v2\/genero?post=5394"},{"taxonomy":"linea","embeddable":true,"href":"https:\/\/lij.ismeduca.com\/es\/wp-json\/wp\/v2\/linea?post=5394"},{"taxonomy":"premio","embeddable":true,"href":"https:\/\/lij.ismeduca.com\/es\/wp-json\/wp\/v2\/premio?post=5394"},{"taxonomy":"proyecto-editorial","embeddable":true,"href":"https:\/\/lij.ismeduca.com\/es\/wp-json\/wp\/v2\/proyecto-editorial?post=5394"},{"taxonomy":"tipo-de-libro","embeddable":true,"href":"https:\/\/lij.ismeduca.com\/es\/wp-json\/wp\/v2\/tipo-de-libro?post=5394"},{"taxonomy":"soporte","embeddable":true,"href":"https:\/\/lij.ismeduca.com\/es\/wp-json\/wp\/v2\/soporte?post=5394"},{"taxonomy":"zona-geografica","embeddable":true,"href":"https:\/\/lij.ismeduca.com\/es\/wp-json\/wp\/v2\/zona-geografica?post=5394"},{"taxonomy":"autores","embeddable":true,"href":"https:\/\/lij.ismeduca.com\/es\/wp-json\/wp\/v2\/autores?post=5394"},{"taxonomy":"colecciones","embeddable":true,"href":"https:\/\/lij.ismeduca.com\/es\/wp-json\/wp\/v2\/colecciones?post=5394"},{"taxonomy":"personajes","embeddable":true,"href":"https:\/\/lij.ismeduca.com\/es\/wp-json\/wp\/v2\/personajes?post=5394"}],"curies":[{"name":"wp","href":"https:\/\/api.w.org\/{rel}","templated":true}]}}