{"id":5420,"date":"2017-09-21T00:00:00","date_gmt":"2024-07-11T10:29:42","guid":{"rendered":"https:\/\/lij.ismeduca.com\/tienda\/?post_type=product&#038;p=5420"},"modified":"2025-12-23T12:42:05","modified_gmt":"2025-12-23T11:42:05","slug":"el-rubi-del-monte-fuji","status":"publish","type":"product","link":"https:\/\/lij.ismeduca.com\/es\/producto\/el-rubi-del-monte-fuji\/","title":{"rendered":"El rub\u00ed del monte Fuji"},"content":{"rendered":"","protected":false},"excerpt":{"rendered":"<p><P>Se acerca el aniversario de la emperatriz de Jap&#243;n, el lejano pa&#237;s del sol naciente. Mientras la ciudad descansa en el silencio de la noche&#8230; tres figuras se deslizan en las sombras. &#161;Son ninjas! Guerreros tan &#225;giles y sigilosos como cuentan las leyendas. &#191;Qu&#233; andar&#225;n tramando? &#191;Cu&#225;l ser&#225; el secreto que esconden?<br \/><\/P><P>Un ninja siempre elige el camino de la aventura. &#191;Y t&#250;? Quiz&#225; tambi&#233;n tengas alma de ninja&#8230;<\/P><P><\/P><\/p>\n","protected":false},"featured_media":36796,"template":"","meta":{"_acf_changed":false,"inline_featured_image":false},"product_brand":[],"product_cat":[4736],"product_tag":[818,254,601,311,943,1449,1630,297,253,981,1631,699,2058,376,1629,293,346],"asignatura":[],"compania":[252],"curso":[],"idiomas":[1948],"genero":[957],"linea":[250],"premio":[],"proyecto-editorial":[477],"tipo-de-libro":[249],"soporte":[2004],"zona-geografica":[],"autores":[3174,4475],"colecciones":[2396],"personajes":[],"class_list":{"0":"post-5420","1":"product","2":"type-product","3":"status-publish","4":"has-post-thumbnail","6":"product_cat-el-barco-de-vapor","7":"product_tag-aprendizaje-visual","8":"product_tag-cuentos-tradicionales","9":"product_tag-educacion-familiar","10":"product_tag-familia","11":"product_tag-hermanos","12":"product_tag-japon","13":"product_tag-lenguaje-visual","14":"product_tag-literatura-de-aventuras","15":"product_tag-literatura-de-humor","16":"product_tag-literatura-de-misterio","17":"product_tag-metaforas-visuales","18":"product_tag-misterios","19":"product_tag-ntx","20":"product_tag-percepcion-visual","21":"product_tag-pueblos-asiaticos","22":"product_tag-relaciones-familiares","23":"product_tag-vida-familiar","24":"pa_codigo-sap-ntx","25":"compania-f-sta-maria-ediciones-sm-es","26":"idiomas-espanol","27":"genero-misterio","28":"linea-narrativa","29":"proyecto-editorial-barco-de-vapor","30":"tipo-de-libro-fisico","31":"soporte-libro","32":"autores-nacho-pangua-mendez","33":"autores-patrycja-katarzyna-jurkowska","34":"colecciones-el-barco-de-vapor-blanca","36":"first","37":"instock","38":"taxable","39":"shipping-taxable","40":"purchasable","41":"product-type-simple"},"acf":{"id_catalogo":"650","shortTitle":"BVB.152 EL RUBI DEL MONTE FUJI","descripcion":"<P>Se acerca el aniversario de la emperatriz de Jap&#243;n, el lejano pa&#237;s del sol naciente. Mientras la ciudad descansa en el silencio de la noche&#8230; tres figuras se deslizan en las sombras. &#161;Son ninjas! Guerreros tan &#225;giles y sigilosos como cuentan las leyendas. &#191;Qu&#233; andar&#225;n tramando? &#191;Cu&#225;l ser&#225; el secreto que esconden?<br \/><\/P><P>Un ninja siempre elige el camino de la aventura. &#191;Y t&#250;? Quiz&#225; tambi&#233;n tengas alma de ninja&#8230;<\/P><P><\/P>","adjuntos":[{"id":"4","titulo":"Primer cap\u00edtulo \/ Unidad Modelo","url":"https:\/\/catalogo.noe-sm.com\/medias\/ES178666-011091.pdf?context=bWFzdGVyfG1pZ3JhdGlvbnwyMDYwMDM2fGFwcGxpY2F0aW9uL3BkZnxtaWdyYXRpb24vaGU3L2g4NS84ODE5Mzg0MDkwNjU0LnBkZnxmNGVlOTU2ZjlhODFlMTkxYjEzY2RmNDc3MmQzMTdjZWMyYmVlMzYyZDUxM2JkZmNkZDg0NmY5ZmE4Yjg4ODZj"},{"id":"20","titulo":"Ficha del alumno","url":"https:\/\/catalogo.noe-sm.com\/medias\/ES178666-Act.-alumno-El-rub-del-monte-Fuji-BVB.pdf?context=bWFzdGVyfHJvb3R8MjQxNzgzMXxhcHBsaWNhdGlvbi9wZGZ8aDcyL2hhZC84ODI5NjkxNDYxNjYyLnBkZnxlMzMwMzEyZDQ3YTdkODM1NmZkYjhjZmViMWY5MzNlMzM0MjFhZThlZWFlYTAxYmQ0YTc3Zjc4ZDY1Mjk4MWVm"},{"id":"21","titulo":"Ficha del profesor","url":"https:\/\/catalogo.noe-sm.com\/medias\/178666-recur-001-001-pro-savia.pdf?context=bWFzdGVyfHJvb3R8NzM2NzQ4fGFwcGxpY2F0aW9uL3BkZnxoMDUvaDQ0Lzg5NDM1NzUyMDM4NzAucGRmfGRkMDRmMDIzZjU0ZTU5MzI0YTNhYzU1NDZiMDdlYjY2M2IyZDUwMjliZTY4ZDdhOWQ5YTMwYWUyNzkwODc4Y2Y"}],"descriptivePhrases":[{"type":"General","text":"<P>Un ninja siempre elige el camino de la aventura. \u00bfY t\u00fa? Quiz\u00e1 tambi\u00e9n tengas alma de ninja\u2026 <\/P><P><\/P>"}],"productSap":"NTX","isbn":"9788467597028","precio_colegios":8.17,"precio_librerias":8.17,"precio_librerias_sin_cobertura":8.17,"precio_distribuidores":8.17,"fecha_disponibilidad":null,"fecha_comercial":"20170921","organizacion_venta":"CS01","datos_para_buscador":"Patrycja Katarzyna Jurkowska, Nacho Pangua M\u00e9ndez, Nacho Pangua M\u00e9ndez, El Barco de Vapor Blanca, "},"yoast_head":"<!-- This site is optimized with the Yoast SEO plugin v26.6 - https:\/\/yoast.com\/wordpress\/plugins\/seo\/ -->\n<title>El rub\u00ed del monte Fuji - Literatura SM Espa\u00f1a<\/title>\n<meta name=\"robots\" content=\"noindex, follow, max-snippet:-1, max-image-preview:large, max-video-preview:-1\" \/>\n<meta property=\"og:locale\" content=\"es_ES\" \/>\n<meta property=\"og:type\" content=\"article\" \/>\n<meta property=\"og:title\" content=\"El rub\u00ed del monte Fuji - Literatura SM Espa\u00f1a\" \/>\n<meta property=\"og:url\" content=\"https:\/\/lij.ismeduca.com\/es\/producto\/el-rubi-del-monte-fuji\/\" \/>\n<meta property=\"og:site_name\" content=\"Literatura SM Espa\u00f1a\" \/>\n<meta property=\"article:modified_time\" content=\"2025-12-23T11:42:05+00:00\" \/>\n<meta name=\"twitter:card\" content=\"summary_large_image\" \/>\n<script type=\"application\/ld+json\" class=\"yoast-schema-graph\">{\"@context\":\"https:\/\/schema.org\",\"@graph\":[{\"@type\":\"WebPage\",\"@id\":\"https:\/\/lij.ismeduca.com\/es\/producto\/el-rubi-del-monte-fuji\/\",\"url\":\"https:\/\/lij.ismeduca.com\/es\/producto\/el-rubi-del-monte-fuji\/\",\"name\":\"El rub\u00ed del monte Fuji - Literatura SM Espa\u00f1a\",\"isPartOf\":{\"@id\":\"https:\/\/lij.ismeduca.com\/es\/#website\"},\"primaryImageOfPage\":{\"@id\":\"https:\/\/lij.ismeduca.com\/es\/producto\/el-rubi-del-monte-fuji\/#primaryimage\"},\"image\":{\"@id\":\"https:\/\/lij.ismeduca.com\/es\/producto\/el-rubi-del-monte-fuji\/#primaryimage\"},\"thumbnailUrl\":\"https:\/\/lij.ismeduca.com\/es\/wp-content\/uploads\/sites\/10\/2025\/12\/5420.jpg\",\"datePublished\":\"2024-07-11T10:29:42+00:00\",\"dateModified\":\"2025-12-23T11:42:05+00:00\",\"breadcrumb\":{\"@id\":\"https:\/\/lij.ismeduca.com\/es\/producto\/el-rubi-del-monte-fuji\/#breadcrumb\"},\"inLanguage\":\"es\",\"potentialAction\":[{\"@type\":\"ReadAction\",\"target\":[\"https:\/\/lij.ismeduca.com\/es\/producto\/el-rubi-del-monte-fuji\/\"]}]},{\"@type\":\"ImageObject\",\"inLanguage\":\"es\",\"@id\":\"https:\/\/lij.ismeduca.com\/es\/producto\/el-rubi-del-monte-fuji\/#primaryimage\",\"url\":\"https:\/\/lij.ismeduca.com\/es\/wp-content\/uploads\/sites\/10\/2025\/12\/5420.jpg\",\"contentUrl\":\"https:\/\/lij.ismeduca.com\/es\/wp-content\/uploads\/sites\/10\/2025\/12\/5420.jpg\",\"width\":600,\"height\":913},{\"@type\":\"BreadcrumbList\",\"@id\":\"https:\/\/lij.ismeduca.com\/es\/producto\/el-rubi-del-monte-fuji\/#breadcrumb\",\"itemListElement\":[{\"@type\":\"ListItem\",\"position\":1,\"name\":\"Portada\",\"item\":\"https:\/\/lij.ismeduca.com\/es\/\"},{\"@type\":\"ListItem\",\"position\":2,\"name\":\"Tienda\",\"item\":\"https:\/\/lij.ismeduca.com\/es\/tienda\/\"},{\"@type\":\"ListItem\",\"position\":3,\"name\":\"El rub\u00ed del monte Fuji\"}]},{\"@type\":\"WebSite\",\"@id\":\"https:\/\/lij.ismeduca.com\/es\/#website\",\"url\":\"https:\/\/lij.ismeduca.com\/es\/\",\"name\":\"Literatura SM Espa\u00f1a\",\"description\":\"\",\"publisher\":{\"@id\":\"https:\/\/lij.ismeduca.com\/es\/#organization\"},\"potentialAction\":[{\"@type\":\"SearchAction\",\"target\":{\"@type\":\"EntryPoint\",\"urlTemplate\":\"https:\/\/lij.ismeduca.com\/es\/?s={search_term_string}\"},\"query-input\":{\"@type\":\"PropertyValueSpecification\",\"valueRequired\":true,\"valueName\":\"search_term_string\"}}],\"inLanguage\":\"es\"},{\"@type\":\"Organization\",\"@id\":\"https:\/\/lij.ismeduca.com\/es\/#organization\",\"name\":\"Literatura SM Espa\u00f1a\",\"url\":\"https:\/\/lij.ismeduca.com\/es\/\",\"logo\":{\"@type\":\"ImageObject\",\"inLanguage\":\"es\",\"@id\":\"https:\/\/lij.ismeduca.com\/es\/#\/schema\/logo\/image\/\",\"url\":\"https:\/\/lij.ismeduca.com\/es\/wp-content\/uploads\/sites\/10\/2024\/07\/logo-cabecera.png\",\"contentUrl\":\"https:\/\/lij.ismeduca.com\/es\/wp-content\/uploads\/sites\/10\/2024\/07\/logo-cabecera.png\",\"width\":396,\"height\":64,\"caption\":\"Literatura SM Espa\u00f1a\"},\"image\":{\"@id\":\"https:\/\/lij.ismeduca.com\/es\/#\/schema\/logo\/image\/\"}}]}<\/script>\n<!-- \/ Yoast SEO plugin. -->","yoast_head_json":{"title":"El rub\u00ed del monte Fuji - Literatura SM Espa\u00f1a","robots":{"index":"noindex","follow":"follow","max-snippet":"max-snippet:-1","max-image-preview":"max-image-preview:large","max-video-preview":"max-video-preview:-1"},"og_locale":"es_ES","og_type":"article","og_title":"El rub\u00ed del monte Fuji - Literatura SM Espa\u00f1a","og_url":"https:\/\/lij.ismeduca.com\/es\/producto\/el-rubi-del-monte-fuji\/","og_site_name":"Literatura SM Espa\u00f1a","article_modified_time":"2025-12-23T11:42:05+00:00","twitter_card":"summary_large_image","schema":{"@context":"https:\/\/schema.org","@graph":[{"@type":"WebPage","@id":"https:\/\/lij.ismeduca.com\/es\/producto\/el-rubi-del-monte-fuji\/","url":"https:\/\/lij.ismeduca.com\/es\/producto\/el-rubi-del-monte-fuji\/","name":"El rub\u00ed del monte Fuji - Literatura SM Espa\u00f1a","isPartOf":{"@id":"https:\/\/lij.ismeduca.com\/es\/#website"},"primaryImageOfPage":{"@id":"https:\/\/lij.ismeduca.com\/es\/producto\/el-rubi-del-monte-fuji\/#primaryimage"},"image":{"@id":"https:\/\/lij.ismeduca.com\/es\/producto\/el-rubi-del-monte-fuji\/#primaryimage"},"thumbnailUrl":"https:\/\/lij.ismeduca.com\/es\/wp-content\/uploads\/sites\/10\/2025\/12\/5420.jpg","datePublished":"2024-07-11T10:29:42+00:00","dateModified":"2025-12-23T11:42:05+00:00","breadcrumb":{"@id":"https:\/\/lij.ismeduca.com\/es\/producto\/el-rubi-del-monte-fuji\/#breadcrumb"},"inLanguage":"es","potentialAction":[{"@type":"ReadAction","target":["https:\/\/lij.ismeduca.com\/es\/producto\/el-rubi-del-monte-fuji\/"]}]},{"@type":"ImageObject","inLanguage":"es","@id":"https:\/\/lij.ismeduca.com\/es\/producto\/el-rubi-del-monte-fuji\/#primaryimage","url":"https:\/\/lij.ismeduca.com\/es\/wp-content\/uploads\/sites\/10\/2025\/12\/5420.jpg","contentUrl":"https:\/\/lij.ismeduca.com\/es\/wp-content\/uploads\/sites\/10\/2025\/12\/5420.jpg","width":600,"height":913},{"@type":"BreadcrumbList","@id":"https:\/\/lij.ismeduca.com\/es\/producto\/el-rubi-del-monte-fuji\/#breadcrumb","itemListElement":[{"@type":"ListItem","position":1,"name":"Portada","item":"https:\/\/lij.ismeduca.com\/es\/"},{"@type":"ListItem","position":2,"name":"Tienda","item":"https:\/\/lij.ismeduca.com\/es\/tienda\/"},{"@type":"ListItem","position":3,"name":"El rub\u00ed del monte Fuji"}]},{"@type":"WebSite","@id":"https:\/\/lij.ismeduca.com\/es\/#website","url":"https:\/\/lij.ismeduca.com\/es\/","name":"Literatura SM Espa\u00f1a","description":"","publisher":{"@id":"https:\/\/lij.ismeduca.com\/es\/#organization"},"potentialAction":[{"@type":"SearchAction","target":{"@type":"EntryPoint","urlTemplate":"https:\/\/lij.ismeduca.com\/es\/?s={search_term_string}"},"query-input":{"@type":"PropertyValueSpecification","valueRequired":true,"valueName":"search_term_string"}}],"inLanguage":"es"},{"@type":"Organization","@id":"https:\/\/lij.ismeduca.com\/es\/#organization","name":"Literatura SM Espa\u00f1a","url":"https:\/\/lij.ismeduca.com\/es\/","logo":{"@type":"ImageObject","inLanguage":"es","@id":"https:\/\/lij.ismeduca.com\/es\/#\/schema\/logo\/image\/","url":"https:\/\/lij.ismeduca.com\/es\/wp-content\/uploads\/sites\/10\/2024\/07\/logo-cabecera.png","contentUrl":"https:\/\/lij.ismeduca.com\/es\/wp-content\/uploads\/sites\/10\/2024\/07\/logo-cabecera.png","width":396,"height":64,"caption":"Literatura SM Espa\u00f1a"},"image":{"@id":"https:\/\/lij.ismeduca.com\/es\/#\/schema\/logo\/image\/"}}]}},"_links":{"self":[{"href":"https:\/\/lij.ismeduca.com\/es\/wp-json\/wp\/v2\/product\/5420","targetHints":{"allow":["GET"]}}],"collection":[{"href":"https:\/\/lij.ismeduca.com\/es\/wp-json\/wp\/v2\/product"}],"about":[{"href":"https:\/\/lij.ismeduca.com\/es\/wp-json\/wp\/v2\/types\/product"}],"version-history":[{"count":1,"href":"https:\/\/lij.ismeduca.com\/es\/wp-json\/wp\/v2\/product\/5420\/revisions"}],"predecessor-version":[{"id":33608,"href":"https:\/\/lij.ismeduca.com\/es\/wp-json\/wp\/v2\/product\/5420\/revisions\/33608"}],"wp:featuredmedia":[{"embeddable":true,"href":"https:\/\/lij.ismeduca.com\/es\/wp-json\/wp\/v2\/media\/36796"}],"wp:attachment":[{"href":"https:\/\/lij.ismeduca.com\/es\/wp-json\/wp\/v2\/media?parent=5420"}],"wp:term":[{"taxonomy":"product_brand","embeddable":true,"href":"https:\/\/lij.ismeduca.com\/es\/wp-json\/wp\/v2\/product_brand?post=5420"},{"taxonomy":"product_cat","embeddable":true,"href":"https:\/\/lij.ismeduca.com\/es\/wp-json\/wp\/v2\/product_cat?post=5420"},{"taxonomy":"product_tag","embeddable":true,"href":"https:\/\/lij.ismeduca.com\/es\/wp-json\/wp\/v2\/product_tag?post=5420"},{"taxonomy":"asignatura","embeddable":true,"href":"https:\/\/lij.ismeduca.com\/es\/wp-json\/wp\/v2\/asignatura?post=5420"},{"taxonomy":"compania","embeddable":true,"href":"https:\/\/lij.ismeduca.com\/es\/wp-json\/wp\/v2\/compania?post=5420"},{"taxonomy":"curso","embeddable":true,"href":"https:\/\/lij.ismeduca.com\/es\/wp-json\/wp\/v2\/curso?post=5420"},{"taxonomy":"idiomas","embeddable":true,"href":"https:\/\/lij.ismeduca.com\/es\/wp-json\/wp\/v2\/idiomas?post=5420"},{"taxonomy":"genero","embeddable":true,"href":"https:\/\/lij.ismeduca.com\/es\/wp-json\/wp\/v2\/genero?post=5420"},{"taxonomy":"linea","embeddable":true,"href":"https:\/\/lij.ismeduca.com\/es\/wp-json\/wp\/v2\/linea?post=5420"},{"taxonomy":"premio","embeddable":true,"href":"https:\/\/lij.ismeduca.com\/es\/wp-json\/wp\/v2\/premio?post=5420"},{"taxonomy":"proyecto-editorial","embeddable":true,"href":"https:\/\/lij.ismeduca.com\/es\/wp-json\/wp\/v2\/proyecto-editorial?post=5420"},{"taxonomy":"tipo-de-libro","embeddable":true,"href":"https:\/\/lij.ismeduca.com\/es\/wp-json\/wp\/v2\/tipo-de-libro?post=5420"},{"taxonomy":"soporte","embeddable":true,"href":"https:\/\/lij.ismeduca.com\/es\/wp-json\/wp\/v2\/soporte?post=5420"},{"taxonomy":"zona-geografica","embeddable":true,"href":"https:\/\/lij.ismeduca.com\/es\/wp-json\/wp\/v2\/zona-geografica?post=5420"},{"taxonomy":"autores","embeddable":true,"href":"https:\/\/lij.ismeduca.com\/es\/wp-json\/wp\/v2\/autores?post=5420"},{"taxonomy":"colecciones","embeddable":true,"href":"https:\/\/lij.ismeduca.com\/es\/wp-json\/wp\/v2\/colecciones?post=5420"},{"taxonomy":"personajes","embeddable":true,"href":"https:\/\/lij.ismeduca.com\/es\/wp-json\/wp\/v2\/personajes?post=5420"}],"curies":[{"name":"wp","href":"https:\/\/api.w.org\/{rel}","templated":true}]}}