{"id":568,"date":"2019-02-07T00:00:00","date_gmt":"2024-07-11T09:07:28","guid":{"rendered":"https:\/\/lij.ismeduca.com\/tienda\/?post_type=product&#038;p=568"},"modified":"2025-12-23T12:47:14","modified_gmt":"2025-12-23T11:47:14","slug":"un-mundo-a-capas","status":"publish","type":"product","link":"https:\/\/lij.ismeduca.com\/es\/producto\/un-mundo-a-capas\/","title":{"rendered":"Un mundo a capas"},"content":{"rendered":"","protected":false},"excerpt":{"rendered":"<p>&#191;Te imaginas c&#243;mo ser&#225; el interior de nuestro planeta?<\/p>\n<div>Gracias a los troqueles y pesta&#241;as de este libro, podr&#225;s viajar desde la monta&#241;a m&#225;s alta hasta la fosa submarina m&#225;s insondable.&nbsp;<\/div>\n<div>Un incre&#237;ble recorrido por la geograf&#237;a terrestre que te llevar&#225;, capa a capa, &#161;hasta el mism&#237;simo centro de la Tierra!<\/div>\n<div><\/div>\n","protected":false},"featured_media":36292,"template":"","meta":{"_acf_changed":false,"inline_featured_image":false},"product_brand":[],"product_cat":[4723],"product_tag":[673,680,546,675,672,609,592,564,605,524,681,682,368,381,588,298,482,666,374,2058,679,674,678,286,671,677,379,676],"asignatura":[],"compania":[252],"curso":[],"idiomas":[1948],"genero":[369],"linea":[250],"premio":[],"proyecto-editorial":[251],"tipo-de-libro":[249],"soporte":[2004],"zona-geografica":[],"autores":[4380,4381,4396,4543,4523],"colecciones":[2388],"personajes":[],"class_list":{"0":"post-568","1":"product","2":"type-product","3":"status-publish","4":"has-post-thumbnail","6":"product_cat-un-mundo-a-capas","7":"product_tag-ciclo-de-las-mareas","8":"product_tag-ciclo-hidrologico","9":"product_tag-ciencias-de-la-tierra-y-medioambientales-asignatura","10":"product_tag-clases-sociales","11":"product_tag-climas","12":"product_tag-competencia-en-el-conocimiento-y-la-interaccion-con-el-mundo-fisico-y-natural","13":"product_tag-costas","14":"product_tag-cuevas","15":"product_tag-geografia","16":"product_tag-geologia","17":"product_tag-geosfera","18":"product_tag-glaciares","19":"product_tag-libro-con-solapas","20":"product_tag-libros-de-conocimiento","21":"product_tag-libros-didacticos","22":"product_tag-literatura-infantil","23":"product_tag-mares","24":"product_tag-montanas","25":"product_tag-naturaleza","26":"product_tag-ntx","27":"product_tag-nubes","28":"product_tag-oceanos","29":"product_tag-placas-tectonicas","30":"product_tag-pop-up","31":"product_tag-terremotos","32":"product_tag-tiempo","33":"product_tag-tierra","34":"product_tag-volcanes","35":"pa_codigo-sap-ntx","36":"compania-f-sta-maria-ediciones-sm-es","37":"idiomas-espanol","38":"genero-divulgacion","39":"linea-narrativa","40":"proyecto-editorial-fondo-general","41":"tipo-de-libro-fisico","42":"soporte-libro","43":"autores-ana-isabel-hernandez-de-deza","44":"autores-bomboland","45":"autores-ines-de-la-iglesia-perez","46":"autores-iria-torres-garcia","47":"autores-varios-autores","48":"colecciones-mundo-a-capas","50":"first","51":"instock","52":"taxable","53":"shipping-taxable","54":"purchasable","55":"product-type-simple"},"acf":{"id_catalogo":"650","shortTitle":"MAC. UN MUNDO A CAPAS","descripcion":"&#191;Te imaginas c&#243;mo ser&#225; el interior de nuestro planeta?<br \/><div>Gracias a los troqueles y pesta&#241;as de este libro, podr&#225;s viajar desde la monta&#241;a m&#225;s alta hasta la fosa submarina m&#225;s insondable.&nbsp;<\/div><div>Un incre&#237;ble recorrido por la geograf&#237;a terrestre que te llevar&#225;, capa a capa, &#161;hasta el mism&#237;simo centro de la Tierra!<\/div><div><\/div>","adjuntos":null,"descriptivePhrases":[{"type":"General","text":"Descubre el mundo por tierra, mar y aire como jam\u00e1s lo habr\u00edas so\u00f1ado."}],"productSap":"NTX","isbn":"9788491820338","precio_colegios":17.26,"precio_librerias":17.26,"precio_librerias_sin_cobertura":17.26,"precio_distribuidores":17.26,"fecha_disponibilidad":null,"fecha_comercial":"20190207","organizacion_venta":"CS01","datos_para_buscador":"Bomboland, In\u00e9s De la Iglesia P\u00e9rez, Ana Isabel Hern\u00e1ndez de Deza, Iria Torres Garc\u00eda, Varios Autores, Mundo a capas, "},"yoast_head":"<!-- This site is optimized with the Yoast SEO plugin v26.6 - https:\/\/yoast.com\/wordpress\/plugins\/seo\/ -->\n<title>Un mundo a capas - Literatura SM Espa\u00f1a<\/title>\n<meta name=\"robots\" content=\"noindex, follow, max-snippet:-1, max-image-preview:large, max-video-preview:-1\" \/>\n<meta property=\"og:locale\" content=\"es_ES\" \/>\n<meta property=\"og:type\" content=\"article\" \/>\n<meta property=\"og:title\" content=\"Un mundo a capas - Literatura SM Espa\u00f1a\" \/>\n<meta property=\"og:url\" content=\"https:\/\/lij.ismeduca.com\/es\/producto\/un-mundo-a-capas\/\" \/>\n<meta property=\"og:site_name\" content=\"Literatura SM Espa\u00f1a\" \/>\n<meta property=\"article:modified_time\" content=\"2025-12-23T11:47:14+00:00\" \/>\n<meta name=\"twitter:card\" content=\"summary_large_image\" \/>\n<script type=\"application\/ld+json\" class=\"yoast-schema-graph\">{\"@context\":\"https:\/\/schema.org\",\"@graph\":[{\"@type\":\"WebPage\",\"@id\":\"https:\/\/lij.ismeduca.com\/es\/producto\/un-mundo-a-capas\/\",\"url\":\"https:\/\/lij.ismeduca.com\/es\/producto\/un-mundo-a-capas\/\",\"name\":\"Un mundo a capas - Literatura SM Espa\u00f1a\",\"isPartOf\":{\"@id\":\"https:\/\/lij.ismeduca.com\/es\/#website\"},\"primaryImageOfPage\":{\"@id\":\"https:\/\/lij.ismeduca.com\/es\/producto\/un-mundo-a-capas\/#primaryimage\"},\"image\":{\"@id\":\"https:\/\/lij.ismeduca.com\/es\/producto\/un-mundo-a-capas\/#primaryimage\"},\"thumbnailUrl\":\"https:\/\/lij.ismeduca.com\/es\/wp-content\/uploads\/sites\/10\/2025\/12\/568.jpg\",\"datePublished\":\"2024-07-11T09:07:28+00:00\",\"dateModified\":\"2025-12-23T11:47:14+00:00\",\"breadcrumb\":{\"@id\":\"https:\/\/lij.ismeduca.com\/es\/producto\/un-mundo-a-capas\/#breadcrumb\"},\"inLanguage\":\"es\",\"potentialAction\":[{\"@type\":\"ReadAction\",\"target\":[\"https:\/\/lij.ismeduca.com\/es\/producto\/un-mundo-a-capas\/\"]}]},{\"@type\":\"ImageObject\",\"inLanguage\":\"es\",\"@id\":\"https:\/\/lij.ismeduca.com\/es\/producto\/un-mundo-a-capas\/#primaryimage\",\"url\":\"https:\/\/lij.ismeduca.com\/es\/wp-content\/uploads\/sites\/10\/2025\/12\/568.jpg\",\"contentUrl\":\"https:\/\/lij.ismeduca.com\/es\/wp-content\/uploads\/sites\/10\/2025\/12\/568.jpg\",\"width\":600,\"height\":867},{\"@type\":\"BreadcrumbList\",\"@id\":\"https:\/\/lij.ismeduca.com\/es\/producto\/un-mundo-a-capas\/#breadcrumb\",\"itemListElement\":[{\"@type\":\"ListItem\",\"position\":1,\"name\":\"Portada\",\"item\":\"https:\/\/lij.ismeduca.com\/es\/\"},{\"@type\":\"ListItem\",\"position\":2,\"name\":\"Tienda\",\"item\":\"https:\/\/lij.ismeduca.com\/es\/tienda\/\"},{\"@type\":\"ListItem\",\"position\":3,\"name\":\"Un mundo a capas\"}]},{\"@type\":\"WebSite\",\"@id\":\"https:\/\/lij.ismeduca.com\/es\/#website\",\"url\":\"https:\/\/lij.ismeduca.com\/es\/\",\"name\":\"Literatura SM Espa\u00f1a\",\"description\":\"\",\"publisher\":{\"@id\":\"https:\/\/lij.ismeduca.com\/es\/#organization\"},\"potentialAction\":[{\"@type\":\"SearchAction\",\"target\":{\"@type\":\"EntryPoint\",\"urlTemplate\":\"https:\/\/lij.ismeduca.com\/es\/?s={search_term_string}\"},\"query-input\":{\"@type\":\"PropertyValueSpecification\",\"valueRequired\":true,\"valueName\":\"search_term_string\"}}],\"inLanguage\":\"es\"},{\"@type\":\"Organization\",\"@id\":\"https:\/\/lij.ismeduca.com\/es\/#organization\",\"name\":\"Literatura SM Espa\u00f1a\",\"url\":\"https:\/\/lij.ismeduca.com\/es\/\",\"logo\":{\"@type\":\"ImageObject\",\"inLanguage\":\"es\",\"@id\":\"https:\/\/lij.ismeduca.com\/es\/#\/schema\/logo\/image\/\",\"url\":\"https:\/\/lij.ismeduca.com\/es\/wp-content\/uploads\/sites\/10\/2024\/07\/logo-cabecera.png\",\"contentUrl\":\"https:\/\/lij.ismeduca.com\/es\/wp-content\/uploads\/sites\/10\/2024\/07\/logo-cabecera.png\",\"width\":396,\"height\":64,\"caption\":\"Literatura SM Espa\u00f1a\"},\"image\":{\"@id\":\"https:\/\/lij.ismeduca.com\/es\/#\/schema\/logo\/image\/\"}}]}<\/script>\n<!-- \/ Yoast SEO plugin. -->","yoast_head_json":{"title":"Un mundo a capas - Literatura SM Espa\u00f1a","robots":{"index":"noindex","follow":"follow","max-snippet":"max-snippet:-1","max-image-preview":"max-image-preview:large","max-video-preview":"max-video-preview:-1"},"og_locale":"es_ES","og_type":"article","og_title":"Un mundo a capas - Literatura SM Espa\u00f1a","og_url":"https:\/\/lij.ismeduca.com\/es\/producto\/un-mundo-a-capas\/","og_site_name":"Literatura SM Espa\u00f1a","article_modified_time":"2025-12-23T11:47:14+00:00","twitter_card":"summary_large_image","schema":{"@context":"https:\/\/schema.org","@graph":[{"@type":"WebPage","@id":"https:\/\/lij.ismeduca.com\/es\/producto\/un-mundo-a-capas\/","url":"https:\/\/lij.ismeduca.com\/es\/producto\/un-mundo-a-capas\/","name":"Un mundo a capas - Literatura SM Espa\u00f1a","isPartOf":{"@id":"https:\/\/lij.ismeduca.com\/es\/#website"},"primaryImageOfPage":{"@id":"https:\/\/lij.ismeduca.com\/es\/producto\/un-mundo-a-capas\/#primaryimage"},"image":{"@id":"https:\/\/lij.ismeduca.com\/es\/producto\/un-mundo-a-capas\/#primaryimage"},"thumbnailUrl":"https:\/\/lij.ismeduca.com\/es\/wp-content\/uploads\/sites\/10\/2025\/12\/568.jpg","datePublished":"2024-07-11T09:07:28+00:00","dateModified":"2025-12-23T11:47:14+00:00","breadcrumb":{"@id":"https:\/\/lij.ismeduca.com\/es\/producto\/un-mundo-a-capas\/#breadcrumb"},"inLanguage":"es","potentialAction":[{"@type":"ReadAction","target":["https:\/\/lij.ismeduca.com\/es\/producto\/un-mundo-a-capas\/"]}]},{"@type":"ImageObject","inLanguage":"es","@id":"https:\/\/lij.ismeduca.com\/es\/producto\/un-mundo-a-capas\/#primaryimage","url":"https:\/\/lij.ismeduca.com\/es\/wp-content\/uploads\/sites\/10\/2025\/12\/568.jpg","contentUrl":"https:\/\/lij.ismeduca.com\/es\/wp-content\/uploads\/sites\/10\/2025\/12\/568.jpg","width":600,"height":867},{"@type":"BreadcrumbList","@id":"https:\/\/lij.ismeduca.com\/es\/producto\/un-mundo-a-capas\/#breadcrumb","itemListElement":[{"@type":"ListItem","position":1,"name":"Portada","item":"https:\/\/lij.ismeduca.com\/es\/"},{"@type":"ListItem","position":2,"name":"Tienda","item":"https:\/\/lij.ismeduca.com\/es\/tienda\/"},{"@type":"ListItem","position":3,"name":"Un mundo a capas"}]},{"@type":"WebSite","@id":"https:\/\/lij.ismeduca.com\/es\/#website","url":"https:\/\/lij.ismeduca.com\/es\/","name":"Literatura SM Espa\u00f1a","description":"","publisher":{"@id":"https:\/\/lij.ismeduca.com\/es\/#organization"},"potentialAction":[{"@type":"SearchAction","target":{"@type":"EntryPoint","urlTemplate":"https:\/\/lij.ismeduca.com\/es\/?s={search_term_string}"},"query-input":{"@type":"PropertyValueSpecification","valueRequired":true,"valueName":"search_term_string"}}],"inLanguage":"es"},{"@type":"Organization","@id":"https:\/\/lij.ismeduca.com\/es\/#organization","name":"Literatura SM Espa\u00f1a","url":"https:\/\/lij.ismeduca.com\/es\/","logo":{"@type":"ImageObject","inLanguage":"es","@id":"https:\/\/lij.ismeduca.com\/es\/#\/schema\/logo\/image\/","url":"https:\/\/lij.ismeduca.com\/es\/wp-content\/uploads\/sites\/10\/2024\/07\/logo-cabecera.png","contentUrl":"https:\/\/lij.ismeduca.com\/es\/wp-content\/uploads\/sites\/10\/2024\/07\/logo-cabecera.png","width":396,"height":64,"caption":"Literatura SM Espa\u00f1a"},"image":{"@id":"https:\/\/lij.ismeduca.com\/es\/#\/schema\/logo\/image\/"}}]}},"_links":{"self":[{"href":"https:\/\/lij.ismeduca.com\/es\/wp-json\/wp\/v2\/product\/568","targetHints":{"allow":["GET"]}}],"collection":[{"href":"https:\/\/lij.ismeduca.com\/es\/wp-json\/wp\/v2\/product"}],"about":[{"href":"https:\/\/lij.ismeduca.com\/es\/wp-json\/wp\/v2\/types\/product"}],"version-history":[{"count":1,"href":"https:\/\/lij.ismeduca.com\/es\/wp-json\/wp\/v2\/product\/568\/revisions"}],"predecessor-version":[{"id":32133,"href":"https:\/\/lij.ismeduca.com\/es\/wp-json\/wp\/v2\/product\/568\/revisions\/32133"}],"wp:featuredmedia":[{"embeddable":true,"href":"https:\/\/lij.ismeduca.com\/es\/wp-json\/wp\/v2\/media\/36292"}],"wp:attachment":[{"href":"https:\/\/lij.ismeduca.com\/es\/wp-json\/wp\/v2\/media?parent=568"}],"wp:term":[{"taxonomy":"product_brand","embeddable":true,"href":"https:\/\/lij.ismeduca.com\/es\/wp-json\/wp\/v2\/product_brand?post=568"},{"taxonomy":"product_cat","embeddable":true,"href":"https:\/\/lij.ismeduca.com\/es\/wp-json\/wp\/v2\/product_cat?post=568"},{"taxonomy":"product_tag","embeddable":true,"href":"https:\/\/lij.ismeduca.com\/es\/wp-json\/wp\/v2\/product_tag?post=568"},{"taxonomy":"asignatura","embeddable":true,"href":"https:\/\/lij.ismeduca.com\/es\/wp-json\/wp\/v2\/asignatura?post=568"},{"taxonomy":"compania","embeddable":true,"href":"https:\/\/lij.ismeduca.com\/es\/wp-json\/wp\/v2\/compania?post=568"},{"taxonomy":"curso","embeddable":true,"href":"https:\/\/lij.ismeduca.com\/es\/wp-json\/wp\/v2\/curso?post=568"},{"taxonomy":"idiomas","embeddable":true,"href":"https:\/\/lij.ismeduca.com\/es\/wp-json\/wp\/v2\/idiomas?post=568"},{"taxonomy":"genero","embeddable":true,"href":"https:\/\/lij.ismeduca.com\/es\/wp-json\/wp\/v2\/genero?post=568"},{"taxonomy":"linea","embeddable":true,"href":"https:\/\/lij.ismeduca.com\/es\/wp-json\/wp\/v2\/linea?post=568"},{"taxonomy":"premio","embeddable":true,"href":"https:\/\/lij.ismeduca.com\/es\/wp-json\/wp\/v2\/premio?post=568"},{"taxonomy":"proyecto-editorial","embeddable":true,"href":"https:\/\/lij.ismeduca.com\/es\/wp-json\/wp\/v2\/proyecto-editorial?post=568"},{"taxonomy":"tipo-de-libro","embeddable":true,"href":"https:\/\/lij.ismeduca.com\/es\/wp-json\/wp\/v2\/tipo-de-libro?post=568"},{"taxonomy":"soporte","embeddable":true,"href":"https:\/\/lij.ismeduca.com\/es\/wp-json\/wp\/v2\/soporte?post=568"},{"taxonomy":"zona-geografica","embeddable":true,"href":"https:\/\/lij.ismeduca.com\/es\/wp-json\/wp\/v2\/zona-geografica?post=568"},{"taxonomy":"autores","embeddable":true,"href":"https:\/\/lij.ismeduca.com\/es\/wp-json\/wp\/v2\/autores?post=568"},{"taxonomy":"colecciones","embeddable":true,"href":"https:\/\/lij.ismeduca.com\/es\/wp-json\/wp\/v2\/colecciones?post=568"},{"taxonomy":"personajes","embeddable":true,"href":"https:\/\/lij.ismeduca.com\/es\/wp-json\/wp\/v2\/personajes?post=568"}],"curies":[{"name":"wp","href":"https:\/\/api.w.org\/{rel}","templated":true}]}}