{"id":572,"date":"2019-03-07T00:00:00","date_gmt":"2024-07-11T09:07:30","guid":{"rendered":"https:\/\/lij.ismeduca.com\/tienda\/?post_type=product&#038;p=572"},"modified":"2025-12-23T12:47:18","modified_gmt":"2025-12-23T11:47:18","slug":"cambios-cambios-cambios","status":"publish","type":"product","link":"https:\/\/lij.ismeduca.com\/es\/producto\/cambios-cambios-cambios\/","title":{"rendered":"\u00a1Cambios, cambios, cambios!"},"content":{"rendered":"","protected":false},"excerpt":{"rendered":"<p>&iquest;De repente tu cuerpo empieza a hacer cosas nuevas y raras?<\/p>\n<p>&iquest;En ocasiones desear&iacute;as que te tragase la tierra?<\/p>\n<p>&iquest;Crees que nadie en el mundo te comprende?<\/p>\n<p>\nSi quieres saber por qu&eacute; vives en una monta&ntilde;a rusa de emociones, qu&eacute; es la regla y cu&aacute;l es el mejor producto de higiene &iacute;ntima, c&oacute;mo mantener tu cuerpo y tu mente en forma, qu&eacute; hacer para sentirte mejor contigo misma y con los dem&aacute;s&#8230;<\/p>\n<p>En definitiva, si te gustar&iacute;a conocerte un poquito m&aacute;s por dentro y por fuera, &iexcl;sigue leyendo!<\/p>\n<p>Esta divertida gu&iacute;a est&aacute; llena de consejos y an&eacute;cdotas que te ayudar&aacute;n a entender mejor todos estos cambios. Adem&aacute;s, gracias a Marawa descubrir&aacute;s que todas hemos pasado por lo mismo. &iexcl;No est&aacute;s sola, joven hermana!<\/p>\n<p>\nAprende a querer tu cuerpo cambiante.<\/p>\n","protected":false},"featured_media":36153,"template":"","meta":{"_acf_changed":false,"inline_featured_image":false},"product_brand":[],"product_cat":[4706],"product_tag":[702,709,423,243,703,599,701,340,349,327,712,706,259,705,711,707,341,710,300,627,700,2058,708,704,330],"asignatura":[],"compania":[252],"curso":[],"idiomas":[1948],"genero":[369],"linea":[250],"premio":[],"proyecto-editorial":[323],"tipo-de-libro":[249],"soporte":[2004],"zona-geografica":[],"autores":[4396,4543,4378,4377,4560],"colecciones":[],"personajes":[],"class_list":{"0":"post-572","1":"product","2":"type-product","3":"status-publish","4":"has-post-thumbnail","6":"product_cat-6-12-anos","7":"product_tag-adicciones","8":"product_tag-adolescencia","9":"product_tag-amor","10":"product_tag-autoestima","11":"product_tag-crecimiento","12":"product_tag-curiosidad","13":"product_tag-desarrollo-emocional","14":"product_tag-educacion-emocional","15":"product_tag-educacion-para-la-igualdad-de-oportunidades","16":"product_tag-educacion-para-la-salud","17":"product_tag-educacion-sexual","18":"product_tag-ejercicio-fisico","19":"product_tag-emociones","20":"product_tag-enamoramiento","21":"product_tag-expresion-de-actitudes-emocionales","22":"product_tag-feminismo","23":"product_tag-habitos-de-sueno","24":"product_tag-hormonas","25":"product_tag-inteligencia-emocional","26":"product_tag-medicina-y-salud","27":"product_tag-mente-abierta","28":"product_tag-ntx","29":"product_tag-optimismo","30":"product_tag-primer-amor","31":"product_tag-responsabilidad","32":"pa_codigo-sap-ntx","33":"compania-f-sta-maria-ediciones-sm-es","34":"idiomas-espanol","35":"genero-divulgacion","36":"linea-narrativa","37":"proyecto-editorial-6-12","38":"tipo-de-libro-fisico","39":"soporte-libro","40":"autores-ines-de-la-iglesia-perez","41":"autores-iria-torres-garcia","42":"autores-marawa-ibrahim","43":"autores-sinem-erkas","44":"autores-xohana-bastida-calvo","46":"first","47":"instock","48":"taxable","49":"shipping-taxable","50":"purchasable","51":"product-type-simple"},"acf":{"id_catalogo":"650","shortTitle":"\u00a1CAMBIOS, CAMBIOS, CAMBIOS!","descripcion":"<p>&iquest;De repente tu cuerpo empieza a hacer cosas nuevas y raras?<\/p>\n\n<p>&iquest;En ocasiones desear&iacute;as que te tragase la tierra?<\/p>\n\n<p>&iquest;Crees que nadie en el mundo te comprende?<\/p>\n\n<p><br \/>\nSi quieres saber por qu&eacute; vives en una monta&ntilde;a rusa de emociones, qu&eacute; es la regla y cu&aacute;l es el mejor producto de higiene &iacute;ntima, c&oacute;mo mantener tu cuerpo y tu mente en forma, qu&eacute; hacer para sentirte mejor contigo misma y con los dem&aacute;s...<\/p>\n\n<p>En definitiva, si te gustar&iacute;a conocerte un poquito m&aacute;s por dentro y por fuera, &iexcl;sigue leyendo!<\/p>\n\n<p>Esta divertida gu&iacute;a est&aacute; llena de consejos y an&eacute;cdotas que te ayudar&aacute;n a entender mejor todos estos cambios. Adem&aacute;s, gracias a Marawa descubrir&aacute;s que todas hemos pasado por lo mismo. &iexcl;No est&aacute;s sola, joven hermana!<\/p>\n\n<p><br \/>\nAprende a querer tu cuerpo cambiante.<\/p>\n","adjuntos":null,"descriptivePhrases":[{"type":"General","text":"Una divertida gu\u00eda repleta de consejos y datos, ideal para descubrir tu cuerpo y aprender a quererlo por fuera y por dentro."}],"productSap":"NTX","isbn":"9788491820345","precio_colegios":5.72,"precio_librerias":5.72,"precio_librerias_sin_cobertura":5.72,"precio_distribuidores":5.72,"fecha_disponibilidad":null,"fecha_comercial":"20190307","organizacion_venta":"CS01","datos_para_buscador":"Xohana Bastida Calvo, Sinem Erkas, In\u00e9s De la Iglesia P\u00e9rez, Iria Torres Garc\u00eda, Marawa Ibrahim, "},"yoast_head":"<!-- This site is optimized with the Yoast SEO plugin v26.6 - https:\/\/yoast.com\/wordpress\/plugins\/seo\/ -->\n<title>\u00a1Cambios, cambios, cambios! - Literatura SM Espa\u00f1a<\/title>\n<meta name=\"robots\" content=\"noindex, follow, max-snippet:-1, max-image-preview:large, max-video-preview:-1\" \/>\n<meta property=\"og:locale\" content=\"es_ES\" \/>\n<meta property=\"og:type\" content=\"article\" \/>\n<meta property=\"og:title\" content=\"\u00a1Cambios, cambios, cambios! - Literatura SM Espa\u00f1a\" \/>\n<meta property=\"og:url\" content=\"https:\/\/lij.ismeduca.com\/es\/producto\/cambios-cambios-cambios\/\" \/>\n<meta property=\"og:site_name\" content=\"Literatura SM Espa\u00f1a\" \/>\n<meta property=\"article:modified_time\" content=\"2025-12-23T11:47:18+00:00\" \/>\n<meta name=\"twitter:card\" content=\"summary_large_image\" \/>\n<script type=\"application\/ld+json\" class=\"yoast-schema-graph\">{\"@context\":\"https:\/\/schema.org\",\"@graph\":[{\"@type\":\"WebPage\",\"@id\":\"https:\/\/lij.ismeduca.com\/es\/producto\/cambios-cambios-cambios\/\",\"url\":\"https:\/\/lij.ismeduca.com\/es\/producto\/cambios-cambios-cambios\/\",\"name\":\"\u00a1Cambios, cambios, cambios! - Literatura SM Espa\u00f1a\",\"isPartOf\":{\"@id\":\"https:\/\/lij.ismeduca.com\/es\/#website\"},\"primaryImageOfPage\":{\"@id\":\"https:\/\/lij.ismeduca.com\/es\/producto\/cambios-cambios-cambios\/#primaryimage\"},\"image\":{\"@id\":\"https:\/\/lij.ismeduca.com\/es\/producto\/cambios-cambios-cambios\/#primaryimage\"},\"thumbnailUrl\":\"https:\/\/lij.ismeduca.com\/es\/wp-content\/uploads\/sites\/10\/2025\/12\/572.jpg\",\"datePublished\":\"2024-07-11T09:07:30+00:00\",\"dateModified\":\"2025-12-23T11:47:18+00:00\",\"breadcrumb\":{\"@id\":\"https:\/\/lij.ismeduca.com\/es\/producto\/cambios-cambios-cambios\/#breadcrumb\"},\"inLanguage\":\"es\",\"potentialAction\":[{\"@type\":\"ReadAction\",\"target\":[\"https:\/\/lij.ismeduca.com\/es\/producto\/cambios-cambios-cambios\/\"]}]},{\"@type\":\"ImageObject\",\"inLanguage\":\"es\",\"@id\":\"https:\/\/lij.ismeduca.com\/es\/producto\/cambios-cambios-cambios\/#primaryimage\",\"url\":\"https:\/\/lij.ismeduca.com\/es\/wp-content\/uploads\/sites\/10\/2025\/12\/572.jpg\",\"contentUrl\":\"https:\/\/lij.ismeduca.com\/es\/wp-content\/uploads\/sites\/10\/2025\/12\/572.jpg\",\"width\":600,\"height\":899},{\"@type\":\"BreadcrumbList\",\"@id\":\"https:\/\/lij.ismeduca.com\/es\/producto\/cambios-cambios-cambios\/#breadcrumb\",\"itemListElement\":[{\"@type\":\"ListItem\",\"position\":1,\"name\":\"Portada\",\"item\":\"https:\/\/lij.ismeduca.com\/es\/\"},{\"@type\":\"ListItem\",\"position\":2,\"name\":\"Tienda\",\"item\":\"https:\/\/lij.ismeduca.com\/es\/tienda\/\"},{\"@type\":\"ListItem\",\"position\":3,\"name\":\"\u00a1Cambios, cambios, cambios!\"}]},{\"@type\":\"WebSite\",\"@id\":\"https:\/\/lij.ismeduca.com\/es\/#website\",\"url\":\"https:\/\/lij.ismeduca.com\/es\/\",\"name\":\"Literatura SM Espa\u00f1a\",\"description\":\"\",\"publisher\":{\"@id\":\"https:\/\/lij.ismeduca.com\/es\/#organization\"},\"potentialAction\":[{\"@type\":\"SearchAction\",\"target\":{\"@type\":\"EntryPoint\",\"urlTemplate\":\"https:\/\/lij.ismeduca.com\/es\/?s={search_term_string}\"},\"query-input\":{\"@type\":\"PropertyValueSpecification\",\"valueRequired\":true,\"valueName\":\"search_term_string\"}}],\"inLanguage\":\"es\"},{\"@type\":\"Organization\",\"@id\":\"https:\/\/lij.ismeduca.com\/es\/#organization\",\"name\":\"Literatura SM Espa\u00f1a\",\"url\":\"https:\/\/lij.ismeduca.com\/es\/\",\"logo\":{\"@type\":\"ImageObject\",\"inLanguage\":\"es\",\"@id\":\"https:\/\/lij.ismeduca.com\/es\/#\/schema\/logo\/image\/\",\"url\":\"https:\/\/lij.ismeduca.com\/es\/wp-content\/uploads\/sites\/10\/2024\/07\/logo-cabecera.png\",\"contentUrl\":\"https:\/\/lij.ismeduca.com\/es\/wp-content\/uploads\/sites\/10\/2024\/07\/logo-cabecera.png\",\"width\":396,\"height\":64,\"caption\":\"Literatura SM Espa\u00f1a\"},\"image\":{\"@id\":\"https:\/\/lij.ismeduca.com\/es\/#\/schema\/logo\/image\/\"}}]}<\/script>\n<!-- \/ Yoast SEO plugin. -->","yoast_head_json":{"title":"\u00a1Cambios, cambios, cambios! - Literatura SM Espa\u00f1a","robots":{"index":"noindex","follow":"follow","max-snippet":"max-snippet:-1","max-image-preview":"max-image-preview:large","max-video-preview":"max-video-preview:-1"},"og_locale":"es_ES","og_type":"article","og_title":"\u00a1Cambios, cambios, cambios! - Literatura SM Espa\u00f1a","og_url":"https:\/\/lij.ismeduca.com\/es\/producto\/cambios-cambios-cambios\/","og_site_name":"Literatura SM Espa\u00f1a","article_modified_time":"2025-12-23T11:47:18+00:00","twitter_card":"summary_large_image","schema":{"@context":"https:\/\/schema.org","@graph":[{"@type":"WebPage","@id":"https:\/\/lij.ismeduca.com\/es\/producto\/cambios-cambios-cambios\/","url":"https:\/\/lij.ismeduca.com\/es\/producto\/cambios-cambios-cambios\/","name":"\u00a1Cambios, cambios, cambios! - Literatura SM Espa\u00f1a","isPartOf":{"@id":"https:\/\/lij.ismeduca.com\/es\/#website"},"primaryImageOfPage":{"@id":"https:\/\/lij.ismeduca.com\/es\/producto\/cambios-cambios-cambios\/#primaryimage"},"image":{"@id":"https:\/\/lij.ismeduca.com\/es\/producto\/cambios-cambios-cambios\/#primaryimage"},"thumbnailUrl":"https:\/\/lij.ismeduca.com\/es\/wp-content\/uploads\/sites\/10\/2025\/12\/572.jpg","datePublished":"2024-07-11T09:07:30+00:00","dateModified":"2025-12-23T11:47:18+00:00","breadcrumb":{"@id":"https:\/\/lij.ismeduca.com\/es\/producto\/cambios-cambios-cambios\/#breadcrumb"},"inLanguage":"es","potentialAction":[{"@type":"ReadAction","target":["https:\/\/lij.ismeduca.com\/es\/producto\/cambios-cambios-cambios\/"]}]},{"@type":"ImageObject","inLanguage":"es","@id":"https:\/\/lij.ismeduca.com\/es\/producto\/cambios-cambios-cambios\/#primaryimage","url":"https:\/\/lij.ismeduca.com\/es\/wp-content\/uploads\/sites\/10\/2025\/12\/572.jpg","contentUrl":"https:\/\/lij.ismeduca.com\/es\/wp-content\/uploads\/sites\/10\/2025\/12\/572.jpg","width":600,"height":899},{"@type":"BreadcrumbList","@id":"https:\/\/lij.ismeduca.com\/es\/producto\/cambios-cambios-cambios\/#breadcrumb","itemListElement":[{"@type":"ListItem","position":1,"name":"Portada","item":"https:\/\/lij.ismeduca.com\/es\/"},{"@type":"ListItem","position":2,"name":"Tienda","item":"https:\/\/lij.ismeduca.com\/es\/tienda\/"},{"@type":"ListItem","position":3,"name":"\u00a1Cambios, cambios, cambios!"}]},{"@type":"WebSite","@id":"https:\/\/lij.ismeduca.com\/es\/#website","url":"https:\/\/lij.ismeduca.com\/es\/","name":"Literatura SM Espa\u00f1a","description":"","publisher":{"@id":"https:\/\/lij.ismeduca.com\/es\/#organization"},"potentialAction":[{"@type":"SearchAction","target":{"@type":"EntryPoint","urlTemplate":"https:\/\/lij.ismeduca.com\/es\/?s={search_term_string}"},"query-input":{"@type":"PropertyValueSpecification","valueRequired":true,"valueName":"search_term_string"}}],"inLanguage":"es"},{"@type":"Organization","@id":"https:\/\/lij.ismeduca.com\/es\/#organization","name":"Literatura SM Espa\u00f1a","url":"https:\/\/lij.ismeduca.com\/es\/","logo":{"@type":"ImageObject","inLanguage":"es","@id":"https:\/\/lij.ismeduca.com\/es\/#\/schema\/logo\/image\/","url":"https:\/\/lij.ismeduca.com\/es\/wp-content\/uploads\/sites\/10\/2024\/07\/logo-cabecera.png","contentUrl":"https:\/\/lij.ismeduca.com\/es\/wp-content\/uploads\/sites\/10\/2024\/07\/logo-cabecera.png","width":396,"height":64,"caption":"Literatura SM Espa\u00f1a"},"image":{"@id":"https:\/\/lij.ismeduca.com\/es\/#\/schema\/logo\/image\/"}}]}},"_links":{"self":[{"href":"https:\/\/lij.ismeduca.com\/es\/wp-json\/wp\/v2\/product\/572","targetHints":{"allow":["GET"]}}],"collection":[{"href":"https:\/\/lij.ismeduca.com\/es\/wp-json\/wp\/v2\/product"}],"about":[{"href":"https:\/\/lij.ismeduca.com\/es\/wp-json\/wp\/v2\/types\/product"}],"version-history":[{"count":1,"href":"https:\/\/lij.ismeduca.com\/es\/wp-json\/wp\/v2\/product\/572\/revisions"}],"predecessor-version":[{"id":32137,"href":"https:\/\/lij.ismeduca.com\/es\/wp-json\/wp\/v2\/product\/572\/revisions\/32137"}],"wp:featuredmedia":[{"embeddable":true,"href":"https:\/\/lij.ismeduca.com\/es\/wp-json\/wp\/v2\/media\/36153"}],"wp:attachment":[{"href":"https:\/\/lij.ismeduca.com\/es\/wp-json\/wp\/v2\/media?parent=572"}],"wp:term":[{"taxonomy":"product_brand","embeddable":true,"href":"https:\/\/lij.ismeduca.com\/es\/wp-json\/wp\/v2\/product_brand?post=572"},{"taxonomy":"product_cat","embeddable":true,"href":"https:\/\/lij.ismeduca.com\/es\/wp-json\/wp\/v2\/product_cat?post=572"},{"taxonomy":"product_tag","embeddable":true,"href":"https:\/\/lij.ismeduca.com\/es\/wp-json\/wp\/v2\/product_tag?post=572"},{"taxonomy":"asignatura","embeddable":true,"href":"https:\/\/lij.ismeduca.com\/es\/wp-json\/wp\/v2\/asignatura?post=572"},{"taxonomy":"compania","embeddable":true,"href":"https:\/\/lij.ismeduca.com\/es\/wp-json\/wp\/v2\/compania?post=572"},{"taxonomy":"curso","embeddable":true,"href":"https:\/\/lij.ismeduca.com\/es\/wp-json\/wp\/v2\/curso?post=572"},{"taxonomy":"idiomas","embeddable":true,"href":"https:\/\/lij.ismeduca.com\/es\/wp-json\/wp\/v2\/idiomas?post=572"},{"taxonomy":"genero","embeddable":true,"href":"https:\/\/lij.ismeduca.com\/es\/wp-json\/wp\/v2\/genero?post=572"},{"taxonomy":"linea","embeddable":true,"href":"https:\/\/lij.ismeduca.com\/es\/wp-json\/wp\/v2\/linea?post=572"},{"taxonomy":"premio","embeddable":true,"href":"https:\/\/lij.ismeduca.com\/es\/wp-json\/wp\/v2\/premio?post=572"},{"taxonomy":"proyecto-editorial","embeddable":true,"href":"https:\/\/lij.ismeduca.com\/es\/wp-json\/wp\/v2\/proyecto-editorial?post=572"},{"taxonomy":"tipo-de-libro","embeddable":true,"href":"https:\/\/lij.ismeduca.com\/es\/wp-json\/wp\/v2\/tipo-de-libro?post=572"},{"taxonomy":"soporte","embeddable":true,"href":"https:\/\/lij.ismeduca.com\/es\/wp-json\/wp\/v2\/soporte?post=572"},{"taxonomy":"zona-geografica","embeddable":true,"href":"https:\/\/lij.ismeduca.com\/es\/wp-json\/wp\/v2\/zona-geografica?post=572"},{"taxonomy":"autores","embeddable":true,"href":"https:\/\/lij.ismeduca.com\/es\/wp-json\/wp\/v2\/autores?post=572"},{"taxonomy":"colecciones","embeddable":true,"href":"https:\/\/lij.ismeduca.com\/es\/wp-json\/wp\/v2\/colecciones?post=572"},{"taxonomy":"personajes","embeddable":true,"href":"https:\/\/lij.ismeduca.com\/es\/wp-json\/wp\/v2\/personajes?post=572"}],"curies":[{"name":"wp","href":"https:\/\/api.w.org\/{rel}","templated":true}]}}