{"id":583,"date":"2020-08-27T00:00:00","date_gmt":"2024-07-11T09:07:36","guid":{"rendered":"https:\/\/lij.ismeduca.com\/tienda\/?post_type=product&#038;p=583"},"modified":"2025-12-23T12:50:16","modified_gmt":"2025-12-23T11:50:16","slug":"la-magia-y-los-misterios-de-los-arboles","status":"publish","type":"product","link":"https:\/\/lij.ismeduca.com\/es\/producto\/la-magia-y-los-misterios-de-los-arboles\/","title":{"rendered":"La magia y los misterios de los \u00e1rboles"},"content":{"rendered":"","protected":false},"excerpt":{"rendered":"<p>&iquest;Sab&iacute;as que los &aacute;rboles se env&iacute;an mensajes en clave y que cuidan de su familia? Estos seres esconden mucho m&aacute;s de lo que parece&hellip;<\/p>\n<p>Ad&eacute;ntrate en el bosque y descubre todos sus secretos.<\/p>\n","protected":false},"featured_media":36113,"template":"","meta":{"_acf_changed":false,"inline_featured_image":false},"product_brand":[],"product_cat":[4706],"product_tag":[270,461,532,756,779,407,405,781,609,778,522,485,586,591,382,513,409,783,595,596,777,752,381,374,2058,648,782,780,775,776,784,774],"asignatura":[],"compania":[252],"curso":[],"idiomas":[1948],"genero":[369],"linea":[372],"premio":[],"proyecto-editorial":[323],"tipo-de-libro":[249],"soporte":[2004],"zona-geografica":[],"autores":[4380,4358,4396,4359,4475],"colecciones":[2461],"personajes":[],"class_list":{"0":"post-583","1":"product","2":"type-product","3":"status-publish","4":"has-post-thumbnail","6":"product_cat-6-12-anos","7":"product_tag-animales","8":"product_tag-arboles","9":"product_tag-biodiversidad","10":"product_tag-biosfera","11":"product_tag-biotopos","12":"product_tag-bosques","13":"product_tag-bosques-caducifolios","14":"product_tag-collage","15":"product_tag-competencia-en-el-conocimiento-y-la-interaccion-con-el-mundo-fisico-y-natural","16":"product_tag-coniferas","17":"product_tag-conocimiento-del-medio-asignatura","18":"product_tag-conservacion-de-la-naturaleza","19":"product_tag-contaminacion","20":"product_tag-deterioro-del-medio-ambiente","21":"product_tag-ecologia","22":"product_tag-ecologia-animal","23":"product_tag-ecosistemas","24":"product_tag-ecosistemas-terrestres","25":"product_tag-fauna","26":"product_tag-flora","27":"product_tag-hojas","28":"product_tag-impacto-ambiental","29":"product_tag-libros-de-conocimiento","30":"product_tag-naturaleza","31":"product_tag-ntx","32":"product_tag-paisajes-naturales","33":"product_tag-pinos","34":"product_tag-repoblacion-forestal","35":"product_tag-sucesion-ecologica","36":"product_tag-taiga","37":"product_tag-tundra","38":"product_tag-zonas-polares","39":"pa_codigo-sap-ntx","40":"compania-f-sta-maria-ediciones-sm-es","41":"idiomas-espanol","42":"genero-divulgacion","43":"linea-conocimiento","44":"proyecto-editorial-6-12","45":"tipo-de-libro-fisico","46":"soporte-libro","47":"autores-ana-isabel-hernandez-de-deza","48":"autores-claire-mcelfatric","49":"autores-ines-de-la-iglesia-perez","50":"autores-jen-green","51":"autores-patrycja-katarzyna-jurkowska","52":"colecciones-albumes-ilustrados","54":"first","55":"instock","56":"taxable","57":"shipping-taxable","58":"purchasable","59":"product-type-simple"},"acf":{"id_catalogo":"650","shortTitle":"LA MAGIA Y LOS MISTERIOS DE LOS ARBOLES","descripcion":"<p>&iquest;Sab&iacute;as que los &aacute;rboles se env&iacute;an mensajes en clave y que cuidan de su familia? Estos seres esconden mucho m&aacute;s de lo que parece&hellip;<\/p>\n\n<p>Ad&eacute;ntrate en el bosque y descubre todos sus secretos.<\/p>\n","adjuntos":null,"descriptivePhrases":[{"type":"General","text":"Gracias a este libro ilustrado descubrir\u00e1s todos los secretos de nuestros amigos los \u00e1rboles."}],"productSap":"NTX","isbn":"9788413182889","precio_colegios":5.72,"precio_librerias":5.72,"precio_librerias_sin_cobertura":5.72,"precio_distribuidores":5.72,"fecha_disponibilidad":null,"fecha_comercial":"20200827","organizacion_venta":"CS01","datos_para_buscador":"Ana Isabel Hern\u00e1ndez de Deza, In\u00e9s De la Iglesia P\u00e9rez, Patrycja Katarzyna Jurkowska, Claire McElfatric, Jen Green, \u00c1lbumes ilustrados, "},"yoast_head":"<!-- This site is optimized with the Yoast SEO plugin v26.6 - https:\/\/yoast.com\/wordpress\/plugins\/seo\/ -->\n<title>La magia y los misterios de los \u00e1rboles - Literatura SM Espa\u00f1a<\/title>\n<meta name=\"robots\" content=\"noindex, follow, max-snippet:-1, max-image-preview:large, max-video-preview:-1\" \/>\n<meta property=\"og:locale\" content=\"es_ES\" \/>\n<meta property=\"og:type\" content=\"article\" \/>\n<meta property=\"og:title\" content=\"La magia y los misterios de los \u00e1rboles - Literatura SM Espa\u00f1a\" \/>\n<meta property=\"og:url\" content=\"https:\/\/lij.ismeduca.com\/es\/producto\/la-magia-y-los-misterios-de-los-arboles\/\" \/>\n<meta property=\"og:site_name\" content=\"Literatura SM Espa\u00f1a\" \/>\n<meta property=\"article:modified_time\" content=\"2025-12-23T11:50:16+00:00\" \/>\n<meta name=\"twitter:card\" content=\"summary_large_image\" \/>\n<script type=\"application\/ld+json\" class=\"yoast-schema-graph\">{\"@context\":\"https:\/\/schema.org\",\"@graph\":[{\"@type\":\"WebPage\",\"@id\":\"https:\/\/lij.ismeduca.com\/es\/producto\/la-magia-y-los-misterios-de-los-arboles\/\",\"url\":\"https:\/\/lij.ismeduca.com\/es\/producto\/la-magia-y-los-misterios-de-los-arboles\/\",\"name\":\"La magia y los misterios de los \u00e1rboles - Literatura SM Espa\u00f1a\",\"isPartOf\":{\"@id\":\"https:\/\/lij.ismeduca.com\/es\/#website\"},\"primaryImageOfPage\":{\"@id\":\"https:\/\/lij.ismeduca.com\/es\/producto\/la-magia-y-los-misterios-de-los-arboles\/#primaryimage\"},\"image\":{\"@id\":\"https:\/\/lij.ismeduca.com\/es\/producto\/la-magia-y-los-misterios-de-los-arboles\/#primaryimage\"},\"thumbnailUrl\":\"https:\/\/lij.ismeduca.com\/es\/wp-content\/uploads\/sites\/10\/2025\/12\/583.jpg\",\"datePublished\":\"2024-07-11T09:07:36+00:00\",\"dateModified\":\"2025-12-23T11:50:16+00:00\",\"breadcrumb\":{\"@id\":\"https:\/\/lij.ismeduca.com\/es\/producto\/la-magia-y-los-misterios-de-los-arboles\/#breadcrumb\"},\"inLanguage\":\"es\",\"potentialAction\":[{\"@type\":\"ReadAction\",\"target\":[\"https:\/\/lij.ismeduca.com\/es\/producto\/la-magia-y-los-misterios-de-los-arboles\/\"]}]},{\"@type\":\"ImageObject\",\"inLanguage\":\"es\",\"@id\":\"https:\/\/lij.ismeduca.com\/es\/producto\/la-magia-y-los-misterios-de-los-arboles\/#primaryimage\",\"url\":\"https:\/\/lij.ismeduca.com\/es\/wp-content\/uploads\/sites\/10\/2025\/12\/583.jpg\",\"contentUrl\":\"https:\/\/lij.ismeduca.com\/es\/wp-content\/uploads\/sites\/10\/2025\/12\/583.jpg\",\"width\":600,\"height\":710},{\"@type\":\"BreadcrumbList\",\"@id\":\"https:\/\/lij.ismeduca.com\/es\/producto\/la-magia-y-los-misterios-de-los-arboles\/#breadcrumb\",\"itemListElement\":[{\"@type\":\"ListItem\",\"position\":1,\"name\":\"Portada\",\"item\":\"https:\/\/lij.ismeduca.com\/es\/\"},{\"@type\":\"ListItem\",\"position\":2,\"name\":\"Tienda\",\"item\":\"https:\/\/lij.ismeduca.com\/es\/tienda\/\"},{\"@type\":\"ListItem\",\"position\":3,\"name\":\"La magia y los misterios de los \u00e1rboles\"}]},{\"@type\":\"WebSite\",\"@id\":\"https:\/\/lij.ismeduca.com\/es\/#website\",\"url\":\"https:\/\/lij.ismeduca.com\/es\/\",\"name\":\"Literatura SM Espa\u00f1a\",\"description\":\"\",\"publisher\":{\"@id\":\"https:\/\/lij.ismeduca.com\/es\/#organization\"},\"potentialAction\":[{\"@type\":\"SearchAction\",\"target\":{\"@type\":\"EntryPoint\",\"urlTemplate\":\"https:\/\/lij.ismeduca.com\/es\/?s={search_term_string}\"},\"query-input\":{\"@type\":\"PropertyValueSpecification\",\"valueRequired\":true,\"valueName\":\"search_term_string\"}}],\"inLanguage\":\"es\"},{\"@type\":\"Organization\",\"@id\":\"https:\/\/lij.ismeduca.com\/es\/#organization\",\"name\":\"Literatura SM Espa\u00f1a\",\"url\":\"https:\/\/lij.ismeduca.com\/es\/\",\"logo\":{\"@type\":\"ImageObject\",\"inLanguage\":\"es\",\"@id\":\"https:\/\/lij.ismeduca.com\/es\/#\/schema\/logo\/image\/\",\"url\":\"https:\/\/lij.ismeduca.com\/es\/wp-content\/uploads\/sites\/10\/2024\/07\/logo-cabecera.png\",\"contentUrl\":\"https:\/\/lij.ismeduca.com\/es\/wp-content\/uploads\/sites\/10\/2024\/07\/logo-cabecera.png\",\"width\":396,\"height\":64,\"caption\":\"Literatura SM Espa\u00f1a\"},\"image\":{\"@id\":\"https:\/\/lij.ismeduca.com\/es\/#\/schema\/logo\/image\/\"}}]}<\/script>\n<!-- \/ Yoast SEO plugin. -->","yoast_head_json":{"title":"La magia y los misterios de los \u00e1rboles - Literatura SM Espa\u00f1a","robots":{"index":"noindex","follow":"follow","max-snippet":"max-snippet:-1","max-image-preview":"max-image-preview:large","max-video-preview":"max-video-preview:-1"},"og_locale":"es_ES","og_type":"article","og_title":"La magia y los misterios de los \u00e1rboles - Literatura SM Espa\u00f1a","og_url":"https:\/\/lij.ismeduca.com\/es\/producto\/la-magia-y-los-misterios-de-los-arboles\/","og_site_name":"Literatura SM Espa\u00f1a","article_modified_time":"2025-12-23T11:50:16+00:00","twitter_card":"summary_large_image","schema":{"@context":"https:\/\/schema.org","@graph":[{"@type":"WebPage","@id":"https:\/\/lij.ismeduca.com\/es\/producto\/la-magia-y-los-misterios-de-los-arboles\/","url":"https:\/\/lij.ismeduca.com\/es\/producto\/la-magia-y-los-misterios-de-los-arboles\/","name":"La magia y los misterios de los \u00e1rboles - Literatura SM Espa\u00f1a","isPartOf":{"@id":"https:\/\/lij.ismeduca.com\/es\/#website"},"primaryImageOfPage":{"@id":"https:\/\/lij.ismeduca.com\/es\/producto\/la-magia-y-los-misterios-de-los-arboles\/#primaryimage"},"image":{"@id":"https:\/\/lij.ismeduca.com\/es\/producto\/la-magia-y-los-misterios-de-los-arboles\/#primaryimage"},"thumbnailUrl":"https:\/\/lij.ismeduca.com\/es\/wp-content\/uploads\/sites\/10\/2025\/12\/583.jpg","datePublished":"2024-07-11T09:07:36+00:00","dateModified":"2025-12-23T11:50:16+00:00","breadcrumb":{"@id":"https:\/\/lij.ismeduca.com\/es\/producto\/la-magia-y-los-misterios-de-los-arboles\/#breadcrumb"},"inLanguage":"es","potentialAction":[{"@type":"ReadAction","target":["https:\/\/lij.ismeduca.com\/es\/producto\/la-magia-y-los-misterios-de-los-arboles\/"]}]},{"@type":"ImageObject","inLanguage":"es","@id":"https:\/\/lij.ismeduca.com\/es\/producto\/la-magia-y-los-misterios-de-los-arboles\/#primaryimage","url":"https:\/\/lij.ismeduca.com\/es\/wp-content\/uploads\/sites\/10\/2025\/12\/583.jpg","contentUrl":"https:\/\/lij.ismeduca.com\/es\/wp-content\/uploads\/sites\/10\/2025\/12\/583.jpg","width":600,"height":710},{"@type":"BreadcrumbList","@id":"https:\/\/lij.ismeduca.com\/es\/producto\/la-magia-y-los-misterios-de-los-arboles\/#breadcrumb","itemListElement":[{"@type":"ListItem","position":1,"name":"Portada","item":"https:\/\/lij.ismeduca.com\/es\/"},{"@type":"ListItem","position":2,"name":"Tienda","item":"https:\/\/lij.ismeduca.com\/es\/tienda\/"},{"@type":"ListItem","position":3,"name":"La magia y los misterios de los \u00e1rboles"}]},{"@type":"WebSite","@id":"https:\/\/lij.ismeduca.com\/es\/#website","url":"https:\/\/lij.ismeduca.com\/es\/","name":"Literatura SM Espa\u00f1a","description":"","publisher":{"@id":"https:\/\/lij.ismeduca.com\/es\/#organization"},"potentialAction":[{"@type":"SearchAction","target":{"@type":"EntryPoint","urlTemplate":"https:\/\/lij.ismeduca.com\/es\/?s={search_term_string}"},"query-input":{"@type":"PropertyValueSpecification","valueRequired":true,"valueName":"search_term_string"}}],"inLanguage":"es"},{"@type":"Organization","@id":"https:\/\/lij.ismeduca.com\/es\/#organization","name":"Literatura SM Espa\u00f1a","url":"https:\/\/lij.ismeduca.com\/es\/","logo":{"@type":"ImageObject","inLanguage":"es","@id":"https:\/\/lij.ismeduca.com\/es\/#\/schema\/logo\/image\/","url":"https:\/\/lij.ismeduca.com\/es\/wp-content\/uploads\/sites\/10\/2024\/07\/logo-cabecera.png","contentUrl":"https:\/\/lij.ismeduca.com\/es\/wp-content\/uploads\/sites\/10\/2024\/07\/logo-cabecera.png","width":396,"height":64,"caption":"Literatura SM Espa\u00f1a"},"image":{"@id":"https:\/\/lij.ismeduca.com\/es\/#\/schema\/logo\/image\/"}}]}},"_links":{"self":[{"href":"https:\/\/lij.ismeduca.com\/es\/wp-json\/wp\/v2\/product\/583","targetHints":{"allow":["GET"]}}],"collection":[{"href":"https:\/\/lij.ismeduca.com\/es\/wp-json\/wp\/v2\/product"}],"about":[{"href":"https:\/\/lij.ismeduca.com\/es\/wp-json\/wp\/v2\/types\/product"}],"version-history":[{"count":1,"href":"https:\/\/lij.ismeduca.com\/es\/wp-json\/wp\/v2\/product\/583\/revisions"}],"predecessor-version":[{"id":36114,"href":"https:\/\/lij.ismeduca.com\/es\/wp-json\/wp\/v2\/product\/583\/revisions\/36114"}],"wp:featuredmedia":[{"embeddable":true,"href":"https:\/\/lij.ismeduca.com\/es\/wp-json\/wp\/v2\/media\/36113"}],"wp:attachment":[{"href":"https:\/\/lij.ismeduca.com\/es\/wp-json\/wp\/v2\/media?parent=583"}],"wp:term":[{"taxonomy":"product_brand","embeddable":true,"href":"https:\/\/lij.ismeduca.com\/es\/wp-json\/wp\/v2\/product_brand?post=583"},{"taxonomy":"product_cat","embeddable":true,"href":"https:\/\/lij.ismeduca.com\/es\/wp-json\/wp\/v2\/product_cat?post=583"},{"taxonomy":"product_tag","embeddable":true,"href":"https:\/\/lij.ismeduca.com\/es\/wp-json\/wp\/v2\/product_tag?post=583"},{"taxonomy":"asignatura","embeddable":true,"href":"https:\/\/lij.ismeduca.com\/es\/wp-json\/wp\/v2\/asignatura?post=583"},{"taxonomy":"compania","embeddable":true,"href":"https:\/\/lij.ismeduca.com\/es\/wp-json\/wp\/v2\/compania?post=583"},{"taxonomy":"curso","embeddable":true,"href":"https:\/\/lij.ismeduca.com\/es\/wp-json\/wp\/v2\/curso?post=583"},{"taxonomy":"idiomas","embeddable":true,"href":"https:\/\/lij.ismeduca.com\/es\/wp-json\/wp\/v2\/idiomas?post=583"},{"taxonomy":"genero","embeddable":true,"href":"https:\/\/lij.ismeduca.com\/es\/wp-json\/wp\/v2\/genero?post=583"},{"taxonomy":"linea","embeddable":true,"href":"https:\/\/lij.ismeduca.com\/es\/wp-json\/wp\/v2\/linea?post=583"},{"taxonomy":"premio","embeddable":true,"href":"https:\/\/lij.ismeduca.com\/es\/wp-json\/wp\/v2\/premio?post=583"},{"taxonomy":"proyecto-editorial","embeddable":true,"href":"https:\/\/lij.ismeduca.com\/es\/wp-json\/wp\/v2\/proyecto-editorial?post=583"},{"taxonomy":"tipo-de-libro","embeddable":true,"href":"https:\/\/lij.ismeduca.com\/es\/wp-json\/wp\/v2\/tipo-de-libro?post=583"},{"taxonomy":"soporte","embeddable":true,"href":"https:\/\/lij.ismeduca.com\/es\/wp-json\/wp\/v2\/soporte?post=583"},{"taxonomy":"zona-geografica","embeddable":true,"href":"https:\/\/lij.ismeduca.com\/es\/wp-json\/wp\/v2\/zona-geografica?post=583"},{"taxonomy":"autores","embeddable":true,"href":"https:\/\/lij.ismeduca.com\/es\/wp-json\/wp\/v2\/autores?post=583"},{"taxonomy":"colecciones","embeddable":true,"href":"https:\/\/lij.ismeduca.com\/es\/wp-json\/wp\/v2\/colecciones?post=583"},{"taxonomy":"personajes","embeddable":true,"href":"https:\/\/lij.ismeduca.com\/es\/wp-json\/wp\/v2\/personajes?post=583"}],"curies":[{"name":"wp","href":"https:\/\/api.w.org\/{rel}","templated":true}]}}