{"id":5858,"date":"2014-04-07T00:00:00","date_gmt":"2024-07-11T10:39:46","guid":{"rendered":"https:\/\/lij.ismeduca.com\/tienda\/?post_type=product&#038;p=5858"},"modified":"2025-12-23T12:35:52","modified_gmt":"2025-12-23T11:35:52","slug":"pasos-de-marioneta","status":"publish","type":"product","link":"https:\/\/lij.ismeduca.com\/es\/producto\/pasos-de-marioneta\/","title":{"rendered":"Pasos de marioneta"},"content":{"rendered":"","protected":false},"excerpt":{"rendered":"<p><P>&#191;Qu&#233; pasar&#237;a si una chica de 16 a&#241;os acusase a su profesor de violaci&#243;n? &#191;C&#243;mo reaccionar&#237;a &#233;l? &#191;Y la familia de la chica? &#191;Y su novio? &#191;Y la opini&#243;n p&#250;blica? &#191;Y la justicia? <br\/ \/><br\/ \/><\/P><P>Esto es exactamente lo que lo ocurre a MK, pero ella no se hace ninguna pregunta. Simplemente act&#250;a. Como una marioneta guiada por unos hilos que no puede controlar. <\/P><\/p>\n","protected":false},"featured_media":37762,"template":"","meta":{"_acf_changed":false,"inline_featured_image":false},"product_brand":[],"product_cat":[4739],"product_tag":[240,242,935,1652,1653,298,2058,398,293],"asignatura":[],"compania":[252],"curso":[],"idiomas":[1948],"genero":[308],"linea":[250],"premio":[],"proyecto-editorial":[251],"tipo-de-libro":[249],"soporte":[2004],"zona-geografica":[],"autores":[3970],"colecciones":[],"personajes":[],"class_list":{"0":"post-5858","1":"product","2":"type-product","3":"status-publish","4":"has-post-thumbnail","6":"product_cat-juvenil-y-clasicos","7":"product_tag-cuentos-infantiles","8":"product_tag-cuentos-para-ninos","9":"product_tag-divorcio","10":"product_tag-etica-de-informacion","11":"product_tag-etica-social","12":"product_tag-literatura-infantil","13":"product_tag-ntx","14":"product_tag-otros-libros","15":"product_tag-relaciones-familiares","16":"pa_codigo-sap-ntx","17":"compania-f-sta-maria-ediciones-sm-es","18":"idiomas-espanol","19":"genero-realismo","20":"linea-narrativa","21":"proyecto-editorial-fondo-general","22":"tipo-de-libro-fisico","23":"soporte-libro","24":"autores-alfredo-gomez-cerda","26":"first","27":"instock","28":"taxable","29":"shipping-taxable","30":"purchasable","31":"product-type-simple"},"acf":{"id_catalogo":"650","shortTitle":"PASOS DE MARIONETA","descripcion":"<P>&#191;Qu&#233; pasar&#237;a si una chica de 16 a&#241;os acusase a su profesor de violaci&#243;n? &#191;C&#243;mo reaccionar&#237;a &#233;l? &#191;Y la familia de la chica? &#191;Y su novio? &#191;Y la opini&#243;n p&#250;blica? &#191;Y la justicia? <br\/ \/><br\/ \/><\/P><P>Esto es exactamente lo que lo ocurre a MK, pero ella no se hace ninguna pregunta. Simplemente act&#250;a. Como una marioneta guiada por unos hilos que no puede controlar. <\/P>","adjuntos":[{"id":"21","titulo":"Ficha del profesor","url":"https:\/\/catalogo.noe-sm.com\/medias\/ES151956-011904.pdf?context=bWFzdGVyfG1pZ3JhdGlvbnw1MzU4MTF8YXBwbGljYXRpb24vcGRmfG1pZ3JhdGlvbi9oM2YvaDlmLzg4MTk1NTU0MDE3NTgucGRmfGExNDk4NjNjNmI1M2U4YzY1YjA5MDZlYjRjYzczOTBlM2U1MDRiMjViN2FkN2EyYjgyOWYwOTFjYjdmNjY3NGY"}],"descriptivePhrases":[{"type":"General","text":"<P>Una chica de 16 a\u00f1os, una acusaci\u00f3n de violaci\u00f3n, la reacci\u00f3n de la familia<\/P><P>\u00bfQu\u00e9 es lo que convierte a un hecho concreto en fen\u00f3meno medi\u00e1tico? <\/P><P><\/P>"}],"productSap":"NTX","isbn":"9788467569513","precio_colegios":9.57,"precio_librerias":9.57,"precio_librerias_sin_cobertura":9.57,"precio_distribuidores":9.57,"fecha_disponibilidad":null,"fecha_comercial":"20140407","organizacion_venta":"CS01","datos_para_buscador":"Alfredo G\u00f3mez Cerd\u00e1, "},"yoast_head":"<!-- This site is optimized with the Yoast SEO plugin v26.6 - https:\/\/yoast.com\/wordpress\/plugins\/seo\/ -->\n<title>Pasos de marioneta - Literatura SM Espa\u00f1a<\/title>\n<meta name=\"robots\" content=\"noindex, follow, max-snippet:-1, max-image-preview:large, max-video-preview:-1\" \/>\n<meta property=\"og:locale\" content=\"es_ES\" \/>\n<meta property=\"og:type\" content=\"article\" \/>\n<meta property=\"og:title\" content=\"Pasos de marioneta - Literatura SM Espa\u00f1a\" \/>\n<meta property=\"og:url\" content=\"https:\/\/lij.ismeduca.com\/es\/producto\/pasos-de-marioneta\/\" \/>\n<meta property=\"og:site_name\" content=\"Literatura SM Espa\u00f1a\" \/>\n<meta property=\"article:modified_time\" content=\"2025-12-23T11:35:52+00:00\" \/>\n<meta name=\"twitter:card\" content=\"summary_large_image\" \/>\n<script type=\"application\/ld+json\" class=\"yoast-schema-graph\">{\"@context\":\"https:\/\/schema.org\",\"@graph\":[{\"@type\":\"WebPage\",\"@id\":\"https:\/\/lij.ismeduca.com\/es\/producto\/pasos-de-marioneta\/\",\"url\":\"https:\/\/lij.ismeduca.com\/es\/producto\/pasos-de-marioneta\/\",\"name\":\"Pasos de marioneta - Literatura SM Espa\u00f1a\",\"isPartOf\":{\"@id\":\"https:\/\/lij.ismeduca.com\/es\/#website\"},\"primaryImageOfPage\":{\"@id\":\"https:\/\/lij.ismeduca.com\/es\/producto\/pasos-de-marioneta\/#primaryimage\"},\"image\":{\"@id\":\"https:\/\/lij.ismeduca.com\/es\/producto\/pasos-de-marioneta\/#primaryimage\"},\"thumbnailUrl\":\"https:\/\/lij.ismeduca.com\/es\/wp-content\/uploads\/sites\/10\/2025\/12\/5858.jpg\",\"datePublished\":\"2024-07-11T10:39:46+00:00\",\"dateModified\":\"2025-12-23T11:35:52+00:00\",\"breadcrumb\":{\"@id\":\"https:\/\/lij.ismeduca.com\/es\/producto\/pasos-de-marioneta\/#breadcrumb\"},\"inLanguage\":\"es\",\"potentialAction\":[{\"@type\":\"ReadAction\",\"target\":[\"https:\/\/lij.ismeduca.com\/es\/producto\/pasos-de-marioneta\/\"]}]},{\"@type\":\"ImageObject\",\"inLanguage\":\"es\",\"@id\":\"https:\/\/lij.ismeduca.com\/es\/producto\/pasos-de-marioneta\/#primaryimage\",\"url\":\"https:\/\/lij.ismeduca.com\/es\/wp-content\/uploads\/sites\/10\/2025\/12\/5858.jpg\",\"contentUrl\":\"https:\/\/lij.ismeduca.com\/es\/wp-content\/uploads\/sites\/10\/2025\/12\/5858.jpg\",\"width\":419,\"height\":600},{\"@type\":\"BreadcrumbList\",\"@id\":\"https:\/\/lij.ismeduca.com\/es\/producto\/pasos-de-marioneta\/#breadcrumb\",\"itemListElement\":[{\"@type\":\"ListItem\",\"position\":1,\"name\":\"Portada\",\"item\":\"https:\/\/lij.ismeduca.com\/es\/\"},{\"@type\":\"ListItem\",\"position\":2,\"name\":\"Tienda\",\"item\":\"https:\/\/lij.ismeduca.com\/es\/tienda\/\"},{\"@type\":\"ListItem\",\"position\":3,\"name\":\"Pasos de marioneta\"}]},{\"@type\":\"WebSite\",\"@id\":\"https:\/\/lij.ismeduca.com\/es\/#website\",\"url\":\"https:\/\/lij.ismeduca.com\/es\/\",\"name\":\"Literatura SM Espa\u00f1a\",\"description\":\"\",\"publisher\":{\"@id\":\"https:\/\/lij.ismeduca.com\/es\/#organization\"},\"potentialAction\":[{\"@type\":\"SearchAction\",\"target\":{\"@type\":\"EntryPoint\",\"urlTemplate\":\"https:\/\/lij.ismeduca.com\/es\/?s={search_term_string}\"},\"query-input\":{\"@type\":\"PropertyValueSpecification\",\"valueRequired\":true,\"valueName\":\"search_term_string\"}}],\"inLanguage\":\"es\"},{\"@type\":\"Organization\",\"@id\":\"https:\/\/lij.ismeduca.com\/es\/#organization\",\"name\":\"Literatura SM Espa\u00f1a\",\"url\":\"https:\/\/lij.ismeduca.com\/es\/\",\"logo\":{\"@type\":\"ImageObject\",\"inLanguage\":\"es\",\"@id\":\"https:\/\/lij.ismeduca.com\/es\/#\/schema\/logo\/image\/\",\"url\":\"https:\/\/lij.ismeduca.com\/es\/wp-content\/uploads\/sites\/10\/2024\/07\/logo-cabecera.png\",\"contentUrl\":\"https:\/\/lij.ismeduca.com\/es\/wp-content\/uploads\/sites\/10\/2024\/07\/logo-cabecera.png\",\"width\":396,\"height\":64,\"caption\":\"Literatura SM Espa\u00f1a\"},\"image\":{\"@id\":\"https:\/\/lij.ismeduca.com\/es\/#\/schema\/logo\/image\/\"}}]}<\/script>\n<!-- \/ Yoast SEO plugin. -->","yoast_head_json":{"title":"Pasos de marioneta - Literatura SM Espa\u00f1a","robots":{"index":"noindex","follow":"follow","max-snippet":"max-snippet:-1","max-image-preview":"max-image-preview:large","max-video-preview":"max-video-preview:-1"},"og_locale":"es_ES","og_type":"article","og_title":"Pasos de marioneta - Literatura SM Espa\u00f1a","og_url":"https:\/\/lij.ismeduca.com\/es\/producto\/pasos-de-marioneta\/","og_site_name":"Literatura SM Espa\u00f1a","article_modified_time":"2025-12-23T11:35:52+00:00","twitter_card":"summary_large_image","schema":{"@context":"https:\/\/schema.org","@graph":[{"@type":"WebPage","@id":"https:\/\/lij.ismeduca.com\/es\/producto\/pasos-de-marioneta\/","url":"https:\/\/lij.ismeduca.com\/es\/producto\/pasos-de-marioneta\/","name":"Pasos de marioneta - Literatura SM Espa\u00f1a","isPartOf":{"@id":"https:\/\/lij.ismeduca.com\/es\/#website"},"primaryImageOfPage":{"@id":"https:\/\/lij.ismeduca.com\/es\/producto\/pasos-de-marioneta\/#primaryimage"},"image":{"@id":"https:\/\/lij.ismeduca.com\/es\/producto\/pasos-de-marioneta\/#primaryimage"},"thumbnailUrl":"https:\/\/lij.ismeduca.com\/es\/wp-content\/uploads\/sites\/10\/2025\/12\/5858.jpg","datePublished":"2024-07-11T10:39:46+00:00","dateModified":"2025-12-23T11:35:52+00:00","breadcrumb":{"@id":"https:\/\/lij.ismeduca.com\/es\/producto\/pasos-de-marioneta\/#breadcrumb"},"inLanguage":"es","potentialAction":[{"@type":"ReadAction","target":["https:\/\/lij.ismeduca.com\/es\/producto\/pasos-de-marioneta\/"]}]},{"@type":"ImageObject","inLanguage":"es","@id":"https:\/\/lij.ismeduca.com\/es\/producto\/pasos-de-marioneta\/#primaryimage","url":"https:\/\/lij.ismeduca.com\/es\/wp-content\/uploads\/sites\/10\/2025\/12\/5858.jpg","contentUrl":"https:\/\/lij.ismeduca.com\/es\/wp-content\/uploads\/sites\/10\/2025\/12\/5858.jpg","width":419,"height":600},{"@type":"BreadcrumbList","@id":"https:\/\/lij.ismeduca.com\/es\/producto\/pasos-de-marioneta\/#breadcrumb","itemListElement":[{"@type":"ListItem","position":1,"name":"Portada","item":"https:\/\/lij.ismeduca.com\/es\/"},{"@type":"ListItem","position":2,"name":"Tienda","item":"https:\/\/lij.ismeduca.com\/es\/tienda\/"},{"@type":"ListItem","position":3,"name":"Pasos de marioneta"}]},{"@type":"WebSite","@id":"https:\/\/lij.ismeduca.com\/es\/#website","url":"https:\/\/lij.ismeduca.com\/es\/","name":"Literatura SM Espa\u00f1a","description":"","publisher":{"@id":"https:\/\/lij.ismeduca.com\/es\/#organization"},"potentialAction":[{"@type":"SearchAction","target":{"@type":"EntryPoint","urlTemplate":"https:\/\/lij.ismeduca.com\/es\/?s={search_term_string}"},"query-input":{"@type":"PropertyValueSpecification","valueRequired":true,"valueName":"search_term_string"}}],"inLanguage":"es"},{"@type":"Organization","@id":"https:\/\/lij.ismeduca.com\/es\/#organization","name":"Literatura SM Espa\u00f1a","url":"https:\/\/lij.ismeduca.com\/es\/","logo":{"@type":"ImageObject","inLanguage":"es","@id":"https:\/\/lij.ismeduca.com\/es\/#\/schema\/logo\/image\/","url":"https:\/\/lij.ismeduca.com\/es\/wp-content\/uploads\/sites\/10\/2024\/07\/logo-cabecera.png","contentUrl":"https:\/\/lij.ismeduca.com\/es\/wp-content\/uploads\/sites\/10\/2024\/07\/logo-cabecera.png","width":396,"height":64,"caption":"Literatura SM Espa\u00f1a"},"image":{"@id":"https:\/\/lij.ismeduca.com\/es\/#\/schema\/logo\/image\/"}}]}},"_links":{"self":[{"href":"https:\/\/lij.ismeduca.com\/es\/wp-json\/wp\/v2\/product\/5858","targetHints":{"allow":["GET"]}}],"collection":[{"href":"https:\/\/lij.ismeduca.com\/es\/wp-json\/wp\/v2\/product"}],"about":[{"href":"https:\/\/lij.ismeduca.com\/es\/wp-json\/wp\/v2\/types\/product"}],"version-history":[{"count":1,"href":"https:\/\/lij.ismeduca.com\/es\/wp-json\/wp\/v2\/product\/5858\/revisions"}],"predecessor-version":[{"id":31189,"href":"https:\/\/lij.ismeduca.com\/es\/wp-json\/wp\/v2\/product\/5858\/revisions\/31189"}],"wp:featuredmedia":[{"embeddable":true,"href":"https:\/\/lij.ismeduca.com\/es\/wp-json\/wp\/v2\/media\/37762"}],"wp:attachment":[{"href":"https:\/\/lij.ismeduca.com\/es\/wp-json\/wp\/v2\/media?parent=5858"}],"wp:term":[{"taxonomy":"product_brand","embeddable":true,"href":"https:\/\/lij.ismeduca.com\/es\/wp-json\/wp\/v2\/product_brand?post=5858"},{"taxonomy":"product_cat","embeddable":true,"href":"https:\/\/lij.ismeduca.com\/es\/wp-json\/wp\/v2\/product_cat?post=5858"},{"taxonomy":"product_tag","embeddable":true,"href":"https:\/\/lij.ismeduca.com\/es\/wp-json\/wp\/v2\/product_tag?post=5858"},{"taxonomy":"asignatura","embeddable":true,"href":"https:\/\/lij.ismeduca.com\/es\/wp-json\/wp\/v2\/asignatura?post=5858"},{"taxonomy":"compania","embeddable":true,"href":"https:\/\/lij.ismeduca.com\/es\/wp-json\/wp\/v2\/compania?post=5858"},{"taxonomy":"curso","embeddable":true,"href":"https:\/\/lij.ismeduca.com\/es\/wp-json\/wp\/v2\/curso?post=5858"},{"taxonomy":"idiomas","embeddable":true,"href":"https:\/\/lij.ismeduca.com\/es\/wp-json\/wp\/v2\/idiomas?post=5858"},{"taxonomy":"genero","embeddable":true,"href":"https:\/\/lij.ismeduca.com\/es\/wp-json\/wp\/v2\/genero?post=5858"},{"taxonomy":"linea","embeddable":true,"href":"https:\/\/lij.ismeduca.com\/es\/wp-json\/wp\/v2\/linea?post=5858"},{"taxonomy":"premio","embeddable":true,"href":"https:\/\/lij.ismeduca.com\/es\/wp-json\/wp\/v2\/premio?post=5858"},{"taxonomy":"proyecto-editorial","embeddable":true,"href":"https:\/\/lij.ismeduca.com\/es\/wp-json\/wp\/v2\/proyecto-editorial?post=5858"},{"taxonomy":"tipo-de-libro","embeddable":true,"href":"https:\/\/lij.ismeduca.com\/es\/wp-json\/wp\/v2\/tipo-de-libro?post=5858"},{"taxonomy":"soporte","embeddable":true,"href":"https:\/\/lij.ismeduca.com\/es\/wp-json\/wp\/v2\/soporte?post=5858"},{"taxonomy":"zona-geografica","embeddable":true,"href":"https:\/\/lij.ismeduca.com\/es\/wp-json\/wp\/v2\/zona-geografica?post=5858"},{"taxonomy":"autores","embeddable":true,"href":"https:\/\/lij.ismeduca.com\/es\/wp-json\/wp\/v2\/autores?post=5858"},{"taxonomy":"colecciones","embeddable":true,"href":"https:\/\/lij.ismeduca.com\/es\/wp-json\/wp\/v2\/colecciones?post=5858"},{"taxonomy":"personajes","embeddable":true,"href":"https:\/\/lij.ismeduca.com\/es\/wp-json\/wp\/v2\/personajes?post=5858"}],"curies":[{"name":"wp","href":"https:\/\/api.w.org\/{rel}","templated":true}]}}