{"id":5915,"date":"2015-04-01T00:00:00","date_gmt":"2024-07-11T10:41:00","guid":{"rendered":"https:\/\/lij.ismeduca.com\/tienda\/?post_type=product&#038;p=5915"},"modified":"2025-12-23T12:37:14","modified_gmt":"2025-12-23T11:37:14","slug":"que-vienen-los-dinosaurios","status":"publish","type":"product","link":"https:\/\/lij.ismeduca.com\/es\/producto\/que-vienen-los-dinosaurios\/","title":{"rendered":"\u00a1Qu\u00e9 vienen los dinosaurios!"},"content":{"rendered":"","protected":false},"excerpt":{"rendered":"<p><P>Annie y Jack son hermanos y tienen un secreto: han encontrado una casa de madera en lo alto de un roble. Es m&#225;gica y est&#225; llena de libros. Cada uno abre la puerta a una aventura, basta con desearlo. Las ganas de ver un dinosaurio les lleva hasta la prehistoria, &#191;c&#243;mo conseguir&#225;n convivir con los dinosaurios?<\/P><P><br \/><\/P><P><br \/>La casa m&#225;gica del &#225;rbol puede llevarte a cualquier &#233;poca y lugar. Solo tienes que desearlo.<\/P><P>&#191;A d&#243;nde ir&#225;s hoy?<\/P><\/p>\n","protected":false},"featured_media":36751,"template":"","meta":{"_acf_changed":false,"inline_featured_image":false},"product_brand":[],"product_cat":[4736],"product_tag":[2058],"asignatura":[],"compania":[252],"curso":[],"idiomas":[1948],"genero":[],"linea":[250],"premio":[],"proyecto-editorial":[477],"tipo-de-libro":[249],"soporte":[2004],"zona-geografica":[],"autores":[3901,4024,3457,3458,3334],"colecciones":[2380],"personajes":[2102],"class_list":{"0":"post-5915","1":"product","2":"type-product","3":"status-publish","4":"has-post-thumbnail","6":"product_cat-el-barco-de-vapor","7":"product_tag-ntx","8":"pa_codigo-sap-ntx","9":"compania-f-sta-maria-ediciones-sm-es","10":"idiomas-espanol","11":"linea-narrativa","12":"proyecto-editorial-barco-de-vapor","13":"tipo-de-libro-fisico","14":"soporte-libro","15":"autores-bartomeu-segui-i-nicolau","16":"autores-gabriel-brandariz-montesinos","17":"autores-macarena-salas","18":"autores-mary-pope-osborne","19":"autores-sal-murdocca","20":"colecciones-el-barco-de-vapor-azul","21":"personajes-jack-y-annie","23":"first","24":"instock","25":"taxable","26":"shipping-taxable","27":"purchasable","28":"product-type-simple"},"acf":{"id_catalogo":"650","shortTitle":"BVACM. 1 \u00a1QUE VIENEN LOS DINOSAURIOS!","descripcion":"<P>Annie y Jack son hermanos y tienen un secreto: han encontrado una casa de madera en lo alto de un roble. Es m&#225;gica y est&#225; llena de libros. Cada uno abre la puerta a una aventura, basta con desearlo. Las ganas de ver un dinosaurio les lleva hasta la prehistoria, &#191;c&#243;mo conseguir&#225;n convivir con los dinosaurios?<\/P><P><br \/><\/P><P><br \/>La casa m&#225;gica del &#225;rbol puede llevarte a cualquier &#233;poca y lugar. Solo tienes que desearlo.<\/P><P>&#191;A d&#243;nde ir&#225;s hoy?<\/P>","adjuntos":[{"id":"4","titulo":"Primer cap\u00edtulo \/ Unidad Modelo","url":"https:\/\/catalogo.noe-sm.com\/medias\/ES159991-008855.pdf?context=bWFzdGVyfG1pZ3JhdGlvbnwyMzgyNDIyfGFwcGxpY2F0aW9uL3BkZnxtaWdyYXRpb24vaDk2L2hjYy84ODE5NTgwNTAyMDQ2LnBkZnwyOWIxOWExOTM1NTYwOTUwMWZmMmI4NzQyMDBkNjM2ZDk0MTNmZGQ5MGNkNGI0MTY0ZTI4ZWU3ZTI4NGQ2ZTlk"},{"id":"20","titulo":"Ficha del alumno","url":"https:\/\/catalogo.noe-sm.com\/medias\/ES159991-009992.pdf?context=bWFzdGVyfG1pZ3JhdGlvbnw1NDYxODg2fGFwcGxpY2F0aW9uL3BkZnxtaWdyYXRpb24vaGY4L2gyOC84ODE5NDY4OTU5Nzc0LnBkZnw3M2ZmYmZhMDdiMzE3YmZhMjY1ODdiOWY4NDM5ZmU5NDlhNzBmNjU3ODM2MWNkNWRiMjRkZTA1MWE1NjA3MWM4"},{"id":"21","titulo":"Ficha del profesor","url":"https:\/\/catalogo.noe-sm.com\/medias\/ES159991-012441.pdf?context=bWFzdGVyfG1pZ3JhdGlvbnw3NDU0OTB8YXBwbGljYXRpb24vcGRmfG1pZ3JhdGlvbi9oYzYvaDkwLzg4MTk0MTQ2MzA0MzAucGRmfDA0MWJjMmIzM2FiYzUxZjg4ZGUxYjkzMjk3YTMwOGZhN2E4MTg4N2IwY2ZmOGQ5ZTk0MmM1ZmQ3MGYyNWNiNzI"}],"descriptivePhrases":[{"type":"General","text":"Jack y Annie, los hermanos m\u00e1s aventureros de El Barco de Vapor, suben por primera vez a La Casa M\u00e1gica del \u00c1rbol."},{"type":"General","text":"Jack y Annie, los hermanos m\u00e1s aventureros de El Barco de Vapor, suben por primera vez a la Casa M\u00e1gica del \u00c1rbol."}],"productSap":"NTX","isbn":"9788467577020","precio_colegios":8.41,"precio_librerias":8.41,"precio_librerias_sin_cobertura":8.41,"precio_distribuidores":8.41,"fecha_disponibilidad":null,"fecha_comercial":"20150401","organizacion_venta":"CS01","datos_para_buscador":"Macarena Salas, Bartomeu Segu\u00ed i Nicolau, Jack y Annie, Gabriel Brandariz Montesinos, Sal Murdocca, Mary Pope Osborne, Jack y Annie, El Barco de Vapor Azul, "},"yoast_head":"<!-- This site is optimized with the Yoast SEO plugin v26.6 - https:\/\/yoast.com\/wordpress\/plugins\/seo\/ -->\n<title>\u00a1Qu\u00e9 vienen los dinosaurios! - Literatura SM Espa\u00f1a<\/title>\n<meta name=\"robots\" content=\"noindex, follow, max-snippet:-1, max-image-preview:large, max-video-preview:-1\" \/>\n<meta property=\"og:locale\" content=\"es_ES\" \/>\n<meta property=\"og:type\" content=\"article\" \/>\n<meta property=\"og:title\" content=\"\u00a1Qu\u00e9 vienen los dinosaurios! - Literatura SM Espa\u00f1a\" \/>\n<meta property=\"og:url\" content=\"https:\/\/lij.ismeduca.com\/es\/producto\/que-vienen-los-dinosaurios\/\" \/>\n<meta property=\"og:site_name\" content=\"Literatura SM Espa\u00f1a\" \/>\n<meta property=\"article:modified_time\" content=\"2025-12-23T11:37:14+00:00\" \/>\n<meta name=\"twitter:card\" content=\"summary_large_image\" \/>\n<script type=\"application\/ld+json\" class=\"yoast-schema-graph\">{\"@context\":\"https:\/\/schema.org\",\"@graph\":[{\"@type\":\"WebPage\",\"@id\":\"https:\/\/lij.ismeduca.com\/es\/producto\/que-vienen-los-dinosaurios\/\",\"url\":\"https:\/\/lij.ismeduca.com\/es\/producto\/que-vienen-los-dinosaurios\/\",\"name\":\"\u00a1Qu\u00e9 vienen los dinosaurios! - Literatura SM Espa\u00f1a\",\"isPartOf\":{\"@id\":\"https:\/\/lij.ismeduca.com\/es\/#website\"},\"primaryImageOfPage\":{\"@id\":\"https:\/\/lij.ismeduca.com\/es\/producto\/que-vienen-los-dinosaurios\/#primaryimage\"},\"image\":{\"@id\":\"https:\/\/lij.ismeduca.com\/es\/producto\/que-vienen-los-dinosaurios\/#primaryimage\"},\"thumbnailUrl\":\"https:\/\/lij.ismeduca.com\/es\/wp-content\/uploads\/sites\/10\/2025\/12\/5915.jpg\",\"datePublished\":\"2024-07-11T10:41:00+00:00\",\"dateModified\":\"2025-12-23T11:37:14+00:00\",\"breadcrumb\":{\"@id\":\"https:\/\/lij.ismeduca.com\/es\/producto\/que-vienen-los-dinosaurios\/#breadcrumb\"},\"inLanguage\":\"es\",\"potentialAction\":[{\"@type\":\"ReadAction\",\"target\":[\"https:\/\/lij.ismeduca.com\/es\/producto\/que-vienen-los-dinosaurios\/\"]}]},{\"@type\":\"ImageObject\",\"inLanguage\":\"es\",\"@id\":\"https:\/\/lij.ismeduca.com\/es\/producto\/que-vienen-los-dinosaurios\/#primaryimage\",\"url\":\"https:\/\/lij.ismeduca.com\/es\/wp-content\/uploads\/sites\/10\/2025\/12\/5915.jpg\",\"contentUrl\":\"https:\/\/lij.ismeduca.com\/es\/wp-content\/uploads\/sites\/10\/2025\/12\/5915.jpg\",\"width\":378,\"height\":600},{\"@type\":\"BreadcrumbList\",\"@id\":\"https:\/\/lij.ismeduca.com\/es\/producto\/que-vienen-los-dinosaurios\/#breadcrumb\",\"itemListElement\":[{\"@type\":\"ListItem\",\"position\":1,\"name\":\"Portada\",\"item\":\"https:\/\/lij.ismeduca.com\/es\/\"},{\"@type\":\"ListItem\",\"position\":2,\"name\":\"Tienda\",\"item\":\"https:\/\/lij.ismeduca.com\/es\/tienda\/\"},{\"@type\":\"ListItem\",\"position\":3,\"name\":\"\u00a1Qu\u00e9 vienen los dinosaurios!\"}]},{\"@type\":\"WebSite\",\"@id\":\"https:\/\/lij.ismeduca.com\/es\/#website\",\"url\":\"https:\/\/lij.ismeduca.com\/es\/\",\"name\":\"Literatura SM Espa\u00f1a\",\"description\":\"\",\"publisher\":{\"@id\":\"https:\/\/lij.ismeduca.com\/es\/#organization\"},\"potentialAction\":[{\"@type\":\"SearchAction\",\"target\":{\"@type\":\"EntryPoint\",\"urlTemplate\":\"https:\/\/lij.ismeduca.com\/es\/?s={search_term_string}\"},\"query-input\":{\"@type\":\"PropertyValueSpecification\",\"valueRequired\":true,\"valueName\":\"search_term_string\"}}],\"inLanguage\":\"es\"},{\"@type\":\"Organization\",\"@id\":\"https:\/\/lij.ismeduca.com\/es\/#organization\",\"name\":\"Literatura SM Espa\u00f1a\",\"url\":\"https:\/\/lij.ismeduca.com\/es\/\",\"logo\":{\"@type\":\"ImageObject\",\"inLanguage\":\"es\",\"@id\":\"https:\/\/lij.ismeduca.com\/es\/#\/schema\/logo\/image\/\",\"url\":\"https:\/\/lij.ismeduca.com\/es\/wp-content\/uploads\/sites\/10\/2024\/07\/logo-cabecera.png\",\"contentUrl\":\"https:\/\/lij.ismeduca.com\/es\/wp-content\/uploads\/sites\/10\/2024\/07\/logo-cabecera.png\",\"width\":396,\"height\":64,\"caption\":\"Literatura SM Espa\u00f1a\"},\"image\":{\"@id\":\"https:\/\/lij.ismeduca.com\/es\/#\/schema\/logo\/image\/\"}}]}<\/script>\n<!-- \/ Yoast SEO plugin. -->","yoast_head_json":{"title":"\u00a1Qu\u00e9 vienen los dinosaurios! - Literatura SM Espa\u00f1a","robots":{"index":"noindex","follow":"follow","max-snippet":"max-snippet:-1","max-image-preview":"max-image-preview:large","max-video-preview":"max-video-preview:-1"},"og_locale":"es_ES","og_type":"article","og_title":"\u00a1Qu\u00e9 vienen los dinosaurios! - Literatura SM Espa\u00f1a","og_url":"https:\/\/lij.ismeduca.com\/es\/producto\/que-vienen-los-dinosaurios\/","og_site_name":"Literatura SM Espa\u00f1a","article_modified_time":"2025-12-23T11:37:14+00:00","twitter_card":"summary_large_image","schema":{"@context":"https:\/\/schema.org","@graph":[{"@type":"WebPage","@id":"https:\/\/lij.ismeduca.com\/es\/producto\/que-vienen-los-dinosaurios\/","url":"https:\/\/lij.ismeduca.com\/es\/producto\/que-vienen-los-dinosaurios\/","name":"\u00a1Qu\u00e9 vienen los dinosaurios! - Literatura SM Espa\u00f1a","isPartOf":{"@id":"https:\/\/lij.ismeduca.com\/es\/#website"},"primaryImageOfPage":{"@id":"https:\/\/lij.ismeduca.com\/es\/producto\/que-vienen-los-dinosaurios\/#primaryimage"},"image":{"@id":"https:\/\/lij.ismeduca.com\/es\/producto\/que-vienen-los-dinosaurios\/#primaryimage"},"thumbnailUrl":"https:\/\/lij.ismeduca.com\/es\/wp-content\/uploads\/sites\/10\/2025\/12\/5915.jpg","datePublished":"2024-07-11T10:41:00+00:00","dateModified":"2025-12-23T11:37:14+00:00","breadcrumb":{"@id":"https:\/\/lij.ismeduca.com\/es\/producto\/que-vienen-los-dinosaurios\/#breadcrumb"},"inLanguage":"es","potentialAction":[{"@type":"ReadAction","target":["https:\/\/lij.ismeduca.com\/es\/producto\/que-vienen-los-dinosaurios\/"]}]},{"@type":"ImageObject","inLanguage":"es","@id":"https:\/\/lij.ismeduca.com\/es\/producto\/que-vienen-los-dinosaurios\/#primaryimage","url":"https:\/\/lij.ismeduca.com\/es\/wp-content\/uploads\/sites\/10\/2025\/12\/5915.jpg","contentUrl":"https:\/\/lij.ismeduca.com\/es\/wp-content\/uploads\/sites\/10\/2025\/12\/5915.jpg","width":378,"height":600},{"@type":"BreadcrumbList","@id":"https:\/\/lij.ismeduca.com\/es\/producto\/que-vienen-los-dinosaurios\/#breadcrumb","itemListElement":[{"@type":"ListItem","position":1,"name":"Portada","item":"https:\/\/lij.ismeduca.com\/es\/"},{"@type":"ListItem","position":2,"name":"Tienda","item":"https:\/\/lij.ismeduca.com\/es\/tienda\/"},{"@type":"ListItem","position":3,"name":"\u00a1Qu\u00e9 vienen los dinosaurios!"}]},{"@type":"WebSite","@id":"https:\/\/lij.ismeduca.com\/es\/#website","url":"https:\/\/lij.ismeduca.com\/es\/","name":"Literatura SM Espa\u00f1a","description":"","publisher":{"@id":"https:\/\/lij.ismeduca.com\/es\/#organization"},"potentialAction":[{"@type":"SearchAction","target":{"@type":"EntryPoint","urlTemplate":"https:\/\/lij.ismeduca.com\/es\/?s={search_term_string}"},"query-input":{"@type":"PropertyValueSpecification","valueRequired":true,"valueName":"search_term_string"}}],"inLanguage":"es"},{"@type":"Organization","@id":"https:\/\/lij.ismeduca.com\/es\/#organization","name":"Literatura SM Espa\u00f1a","url":"https:\/\/lij.ismeduca.com\/es\/","logo":{"@type":"ImageObject","inLanguage":"es","@id":"https:\/\/lij.ismeduca.com\/es\/#\/schema\/logo\/image\/","url":"https:\/\/lij.ismeduca.com\/es\/wp-content\/uploads\/sites\/10\/2024\/07\/logo-cabecera.png","contentUrl":"https:\/\/lij.ismeduca.com\/es\/wp-content\/uploads\/sites\/10\/2024\/07\/logo-cabecera.png","width":396,"height":64,"caption":"Literatura SM Espa\u00f1a"},"image":{"@id":"https:\/\/lij.ismeduca.com\/es\/#\/schema\/logo\/image\/"}}]}},"_links":{"self":[{"href":"https:\/\/lij.ismeduca.com\/es\/wp-json\/wp\/v2\/product\/5915","targetHints":{"allow":["GET"]}}],"collection":[{"href":"https:\/\/lij.ismeduca.com\/es\/wp-json\/wp\/v2\/product"}],"about":[{"href":"https:\/\/lij.ismeduca.com\/es\/wp-json\/wp\/v2\/types\/product"}],"version-history":[{"count":1,"href":"https:\/\/lij.ismeduca.com\/es\/wp-json\/wp\/v2\/product\/5915\/revisions"}],"predecessor-version":[{"id":33704,"href":"https:\/\/lij.ismeduca.com\/es\/wp-json\/wp\/v2\/product\/5915\/revisions\/33704"}],"wp:featuredmedia":[{"embeddable":true,"href":"https:\/\/lij.ismeduca.com\/es\/wp-json\/wp\/v2\/media\/36751"}],"wp:attachment":[{"href":"https:\/\/lij.ismeduca.com\/es\/wp-json\/wp\/v2\/media?parent=5915"}],"wp:term":[{"taxonomy":"product_brand","embeddable":true,"href":"https:\/\/lij.ismeduca.com\/es\/wp-json\/wp\/v2\/product_brand?post=5915"},{"taxonomy":"product_cat","embeddable":true,"href":"https:\/\/lij.ismeduca.com\/es\/wp-json\/wp\/v2\/product_cat?post=5915"},{"taxonomy":"product_tag","embeddable":true,"href":"https:\/\/lij.ismeduca.com\/es\/wp-json\/wp\/v2\/product_tag?post=5915"},{"taxonomy":"asignatura","embeddable":true,"href":"https:\/\/lij.ismeduca.com\/es\/wp-json\/wp\/v2\/asignatura?post=5915"},{"taxonomy":"compania","embeddable":true,"href":"https:\/\/lij.ismeduca.com\/es\/wp-json\/wp\/v2\/compania?post=5915"},{"taxonomy":"curso","embeddable":true,"href":"https:\/\/lij.ismeduca.com\/es\/wp-json\/wp\/v2\/curso?post=5915"},{"taxonomy":"idiomas","embeddable":true,"href":"https:\/\/lij.ismeduca.com\/es\/wp-json\/wp\/v2\/idiomas?post=5915"},{"taxonomy":"genero","embeddable":true,"href":"https:\/\/lij.ismeduca.com\/es\/wp-json\/wp\/v2\/genero?post=5915"},{"taxonomy":"linea","embeddable":true,"href":"https:\/\/lij.ismeduca.com\/es\/wp-json\/wp\/v2\/linea?post=5915"},{"taxonomy":"premio","embeddable":true,"href":"https:\/\/lij.ismeduca.com\/es\/wp-json\/wp\/v2\/premio?post=5915"},{"taxonomy":"proyecto-editorial","embeddable":true,"href":"https:\/\/lij.ismeduca.com\/es\/wp-json\/wp\/v2\/proyecto-editorial?post=5915"},{"taxonomy":"tipo-de-libro","embeddable":true,"href":"https:\/\/lij.ismeduca.com\/es\/wp-json\/wp\/v2\/tipo-de-libro?post=5915"},{"taxonomy":"soporte","embeddable":true,"href":"https:\/\/lij.ismeduca.com\/es\/wp-json\/wp\/v2\/soporte?post=5915"},{"taxonomy":"zona-geografica","embeddable":true,"href":"https:\/\/lij.ismeduca.com\/es\/wp-json\/wp\/v2\/zona-geografica?post=5915"},{"taxonomy":"autores","embeddable":true,"href":"https:\/\/lij.ismeduca.com\/es\/wp-json\/wp\/v2\/autores?post=5915"},{"taxonomy":"colecciones","embeddable":true,"href":"https:\/\/lij.ismeduca.com\/es\/wp-json\/wp\/v2\/colecciones?post=5915"},{"taxonomy":"personajes","embeddable":true,"href":"https:\/\/lij.ismeduca.com\/es\/wp-json\/wp\/v2\/personajes?post=5915"}],"curies":[{"name":"wp","href":"https:\/\/api.w.org\/{rel}","templated":true}]}}