{"id":5926,"date":"2021-09-16T00:00:00","date_gmt":"2024-07-11T10:41:06","guid":{"rendered":"https:\/\/lij.ismeduca.com\/tienda\/?post_type=product&#038;p=5926"},"modified":"2025-12-23T12:39:26","modified_gmt":"2025-12-23T11:39:26","slug":"bufalo-antes-del-desayuno","status":"publish","type":"product","link":"https:\/\/lij.ismeduca.com\/es\/producto\/bufalo-antes-del-desayuno\/","title":{"rendered":"B\u00fafalo antes del desayuno"},"content":{"rendered":"","protected":false},"excerpt":{"rendered":"<p>\u00bfQu\u00e9 sorpresas&nbsp;se llevar\u00e1n Jack y Annie&nbsp;en las grandes praderas&nbsp;norteamericanas?&nbsp;En esta nueva aventura,&nbsp;los hermanos conocer\u00e1n&nbsp;a la tribu de los lakota&nbsp;y se har\u00e1n amigos&nbsp;de Halc\u00f3n Negro,&nbsp;un ni\u00f1o que les ense\u00f1ar\u00e1&nbsp;todo sobre los b\u00fafalos.&nbsp;Aunque salir vivos&nbsp;de una estampida&#8230;&nbsp;quiz\u00e1 no sea tan f\u00e1cil&nbsp;como pensaban.<\/p>\n<p>La casa&nbsp;m\u00e1gica del \u00e1rbol&nbsp;puede llevarte a cualquier&nbsp;\u00e9poca y lugar. Solo tienes&nbsp;que desearlo.&nbsp;\u00bfAd\u00f3nde ir\u00e1s hoy?<\/p>\n","protected":false},"featured_media":36769,"template":"","meta":{"_acf_changed":false,"inline_featured_image":false},"product_brand":[],"product_cat":[4736],"product_tag":[447,786,943,1659,938,297,758,796,2058,321,354,1660],"asignatura":[],"compania":[252],"curso":[],"idiomas":[1948],"genero":[],"linea":[250],"premio":[],"proyecto-editorial":[477],"tipo-de-libro":[249],"soporte":[2004],"zona-geografica":[],"autores":[4436,3901,3138,3458],"colecciones":[2380],"personajes":[],"class_list":{"0":"post-5926","1":"product","2":"type-product","3":"status-publish","4":"has-post-thumbnail","6":"product_cat-el-barco-de-vapor","7":"product_tag-animales-salvajes","8":"product_tag-estados-unidos","9":"product_tag-hermanos","10":"product_tag-indigenas","11":"product_tag-interculturalidad","12":"product_tag-literatura-de-aventuras","13":"product_tag-manadas","14":"product_tag-multiculturalidad","15":"product_tag-ntx","16":"product_tag-superacion-de-dificultades","17":"product_tag-trabajo-en-equipo","18":"product_tag-tribus","19":"pa_codigo-sap-ntx","20":"compania-f-sta-maria-ediciones-sm-es","21":"idiomas-espanol","22":"linea-narrativa","23":"proyecto-editorial-barco-de-vapor","24":"tipo-de-libro-fisico","25":"soporte-libro","26":"autores-alejandra-gonzalez-fernandez","27":"autores-bartomeu-segui-i-nicolau","28":"autores-consuelo-gallego","29":"autores-mary-pope-osborne","30":"colecciones-el-barco-de-vapor-azul","32":"first","33":"instock","34":"taxable","35":"shipping-taxable","36":"purchasable","37":"product-type-simple"},"acf":{"id_catalogo":"650","shortTitle":"BVACM.16 BUFALO ANTES DEL DESAYUNO","descripcion":"<p>\u00bfQu\u00e9 sorpresas&nbsp;se llevar\u00e1n Jack y Annie&nbsp;en las grandes praderas&nbsp;norteamericanas?&nbsp;En esta nueva aventura,&nbsp;los hermanos conocer\u00e1n&nbsp;a la tribu de los lakota&nbsp;y se har\u00e1n amigos&nbsp;de Halc\u00f3n Negro,&nbsp;un ni\u00f1o que les ense\u00f1ar\u00e1&nbsp;todo sobre los b\u00fafalos.&nbsp;Aunque salir vivos&nbsp;de una estampida...&nbsp;quiz\u00e1 no sea tan f\u00e1cil&nbsp;como pensaban.<\/p>\n<p>La casa&nbsp;m\u00e1gica del \u00e1rbol&nbsp;puede llevarte a cualquier&nbsp;\u00e9poca y lugar. Solo tienes&nbsp;que desearlo.&nbsp;\u00bfAd\u00f3nde ir\u00e1s hoy?<\/p>","adjuntos":null,"descriptivePhrases":[{"type":"General","text":"La casa\u00a0m\u00e1gica del \u00e1rbol\u00a0puede llevarte a cualquier\u00a0\u00e9poca y lugar. Solo tienes\u00a0que desearlo.\u00a0\u00bfAd\u00f3nde ir\u00e1s hoy?"}],"productSap":"NTX","isbn":"9788467585452","precio_colegios":8.41,"precio_librerias":8.41,"precio_librerias_sin_cobertura":8.41,"precio_distribuidores":8.41,"fecha_disponibilidad":null,"fecha_comercial":"20210916","organizacion_venta":"CS01","datos_para_buscador":"Alejandra Gonz\u00e1lez Fern\u00e1ndez, Bartomeu Segu\u00ed i Nicolau, Consuelo Gallego, Mary Pope Osborne, El Barco de Vapor Azul, "},"yoast_head":"<!-- This site is optimized with the Yoast SEO plugin v26.6 - https:\/\/yoast.com\/wordpress\/plugins\/seo\/ -->\n<title>B\u00fafalo antes del desayuno - Literatura SM Espa\u00f1a<\/title>\n<meta name=\"robots\" content=\"noindex, follow, max-snippet:-1, max-image-preview:large, max-video-preview:-1\" \/>\n<meta property=\"og:locale\" content=\"es_ES\" \/>\n<meta property=\"og:type\" content=\"article\" \/>\n<meta property=\"og:title\" content=\"B\u00fafalo antes del desayuno - Literatura SM Espa\u00f1a\" \/>\n<meta property=\"og:url\" content=\"https:\/\/lij.ismeduca.com\/es\/producto\/bufalo-antes-del-desayuno\/\" \/>\n<meta property=\"og:site_name\" content=\"Literatura SM Espa\u00f1a\" \/>\n<meta property=\"article:modified_time\" content=\"2025-12-23T11:39:26+00:00\" \/>\n<meta name=\"twitter:card\" content=\"summary_large_image\" \/>\n<script type=\"application\/ld+json\" class=\"yoast-schema-graph\">{\"@context\":\"https:\/\/schema.org\",\"@graph\":[{\"@type\":\"WebPage\",\"@id\":\"https:\/\/lij.ismeduca.com\/es\/producto\/bufalo-antes-del-desayuno\/\",\"url\":\"https:\/\/lij.ismeduca.com\/es\/producto\/bufalo-antes-del-desayuno\/\",\"name\":\"B\u00fafalo antes del desayuno - Literatura SM Espa\u00f1a\",\"isPartOf\":{\"@id\":\"https:\/\/lij.ismeduca.com\/es\/#website\"},\"primaryImageOfPage\":{\"@id\":\"https:\/\/lij.ismeduca.com\/es\/producto\/bufalo-antes-del-desayuno\/#primaryimage\"},\"image\":{\"@id\":\"https:\/\/lij.ismeduca.com\/es\/producto\/bufalo-antes-del-desayuno\/#primaryimage\"},\"thumbnailUrl\":\"https:\/\/lij.ismeduca.com\/es\/wp-content\/uploads\/sites\/10\/2025\/12\/5926.jpg\",\"datePublished\":\"2024-07-11T10:41:06+00:00\",\"dateModified\":\"2025-12-23T11:39:26+00:00\",\"breadcrumb\":{\"@id\":\"https:\/\/lij.ismeduca.com\/es\/producto\/bufalo-antes-del-desayuno\/#breadcrumb\"},\"inLanguage\":\"es\",\"potentialAction\":[{\"@type\":\"ReadAction\",\"target\":[\"https:\/\/lij.ismeduca.com\/es\/producto\/bufalo-antes-del-desayuno\/\"]}]},{\"@type\":\"ImageObject\",\"inLanguage\":\"es\",\"@id\":\"https:\/\/lij.ismeduca.com\/es\/producto\/bufalo-antes-del-desayuno\/#primaryimage\",\"url\":\"https:\/\/lij.ismeduca.com\/es\/wp-content\/uploads\/sites\/10\/2025\/12\/5926.jpg\",\"contentUrl\":\"https:\/\/lij.ismeduca.com\/es\/wp-content\/uploads\/sites\/10\/2025\/12\/5926.jpg\",\"width\":600,\"height\":952},{\"@type\":\"BreadcrumbList\",\"@id\":\"https:\/\/lij.ismeduca.com\/es\/producto\/bufalo-antes-del-desayuno\/#breadcrumb\",\"itemListElement\":[{\"@type\":\"ListItem\",\"position\":1,\"name\":\"Portada\",\"item\":\"https:\/\/lij.ismeduca.com\/es\/\"},{\"@type\":\"ListItem\",\"position\":2,\"name\":\"Tienda\",\"item\":\"https:\/\/lij.ismeduca.com\/es\/tienda\/\"},{\"@type\":\"ListItem\",\"position\":3,\"name\":\"B\u00fafalo antes del desayuno\"}]},{\"@type\":\"WebSite\",\"@id\":\"https:\/\/lij.ismeduca.com\/es\/#website\",\"url\":\"https:\/\/lij.ismeduca.com\/es\/\",\"name\":\"Literatura SM Espa\u00f1a\",\"description\":\"\",\"publisher\":{\"@id\":\"https:\/\/lij.ismeduca.com\/es\/#organization\"},\"potentialAction\":[{\"@type\":\"SearchAction\",\"target\":{\"@type\":\"EntryPoint\",\"urlTemplate\":\"https:\/\/lij.ismeduca.com\/es\/?s={search_term_string}\"},\"query-input\":{\"@type\":\"PropertyValueSpecification\",\"valueRequired\":true,\"valueName\":\"search_term_string\"}}],\"inLanguage\":\"es\"},{\"@type\":\"Organization\",\"@id\":\"https:\/\/lij.ismeduca.com\/es\/#organization\",\"name\":\"Literatura SM Espa\u00f1a\",\"url\":\"https:\/\/lij.ismeduca.com\/es\/\",\"logo\":{\"@type\":\"ImageObject\",\"inLanguage\":\"es\",\"@id\":\"https:\/\/lij.ismeduca.com\/es\/#\/schema\/logo\/image\/\",\"url\":\"https:\/\/lij.ismeduca.com\/es\/wp-content\/uploads\/sites\/10\/2024\/07\/logo-cabecera.png\",\"contentUrl\":\"https:\/\/lij.ismeduca.com\/es\/wp-content\/uploads\/sites\/10\/2024\/07\/logo-cabecera.png\",\"width\":396,\"height\":64,\"caption\":\"Literatura SM Espa\u00f1a\"},\"image\":{\"@id\":\"https:\/\/lij.ismeduca.com\/es\/#\/schema\/logo\/image\/\"}}]}<\/script>\n<!-- \/ Yoast SEO plugin. -->","yoast_head_json":{"title":"B\u00fafalo antes del desayuno - Literatura SM Espa\u00f1a","robots":{"index":"noindex","follow":"follow","max-snippet":"max-snippet:-1","max-image-preview":"max-image-preview:large","max-video-preview":"max-video-preview:-1"},"og_locale":"es_ES","og_type":"article","og_title":"B\u00fafalo antes del desayuno - Literatura SM Espa\u00f1a","og_url":"https:\/\/lij.ismeduca.com\/es\/producto\/bufalo-antes-del-desayuno\/","og_site_name":"Literatura SM Espa\u00f1a","article_modified_time":"2025-12-23T11:39:26+00:00","twitter_card":"summary_large_image","schema":{"@context":"https:\/\/schema.org","@graph":[{"@type":"WebPage","@id":"https:\/\/lij.ismeduca.com\/es\/producto\/bufalo-antes-del-desayuno\/","url":"https:\/\/lij.ismeduca.com\/es\/producto\/bufalo-antes-del-desayuno\/","name":"B\u00fafalo antes del desayuno - Literatura SM Espa\u00f1a","isPartOf":{"@id":"https:\/\/lij.ismeduca.com\/es\/#website"},"primaryImageOfPage":{"@id":"https:\/\/lij.ismeduca.com\/es\/producto\/bufalo-antes-del-desayuno\/#primaryimage"},"image":{"@id":"https:\/\/lij.ismeduca.com\/es\/producto\/bufalo-antes-del-desayuno\/#primaryimage"},"thumbnailUrl":"https:\/\/lij.ismeduca.com\/es\/wp-content\/uploads\/sites\/10\/2025\/12\/5926.jpg","datePublished":"2024-07-11T10:41:06+00:00","dateModified":"2025-12-23T11:39:26+00:00","breadcrumb":{"@id":"https:\/\/lij.ismeduca.com\/es\/producto\/bufalo-antes-del-desayuno\/#breadcrumb"},"inLanguage":"es","potentialAction":[{"@type":"ReadAction","target":["https:\/\/lij.ismeduca.com\/es\/producto\/bufalo-antes-del-desayuno\/"]}]},{"@type":"ImageObject","inLanguage":"es","@id":"https:\/\/lij.ismeduca.com\/es\/producto\/bufalo-antes-del-desayuno\/#primaryimage","url":"https:\/\/lij.ismeduca.com\/es\/wp-content\/uploads\/sites\/10\/2025\/12\/5926.jpg","contentUrl":"https:\/\/lij.ismeduca.com\/es\/wp-content\/uploads\/sites\/10\/2025\/12\/5926.jpg","width":600,"height":952},{"@type":"BreadcrumbList","@id":"https:\/\/lij.ismeduca.com\/es\/producto\/bufalo-antes-del-desayuno\/#breadcrumb","itemListElement":[{"@type":"ListItem","position":1,"name":"Portada","item":"https:\/\/lij.ismeduca.com\/es\/"},{"@type":"ListItem","position":2,"name":"Tienda","item":"https:\/\/lij.ismeduca.com\/es\/tienda\/"},{"@type":"ListItem","position":3,"name":"B\u00fafalo antes del desayuno"}]},{"@type":"WebSite","@id":"https:\/\/lij.ismeduca.com\/es\/#website","url":"https:\/\/lij.ismeduca.com\/es\/","name":"Literatura SM Espa\u00f1a","description":"","publisher":{"@id":"https:\/\/lij.ismeduca.com\/es\/#organization"},"potentialAction":[{"@type":"SearchAction","target":{"@type":"EntryPoint","urlTemplate":"https:\/\/lij.ismeduca.com\/es\/?s={search_term_string}"},"query-input":{"@type":"PropertyValueSpecification","valueRequired":true,"valueName":"search_term_string"}}],"inLanguage":"es"},{"@type":"Organization","@id":"https:\/\/lij.ismeduca.com\/es\/#organization","name":"Literatura SM Espa\u00f1a","url":"https:\/\/lij.ismeduca.com\/es\/","logo":{"@type":"ImageObject","inLanguage":"es","@id":"https:\/\/lij.ismeduca.com\/es\/#\/schema\/logo\/image\/","url":"https:\/\/lij.ismeduca.com\/es\/wp-content\/uploads\/sites\/10\/2024\/07\/logo-cabecera.png","contentUrl":"https:\/\/lij.ismeduca.com\/es\/wp-content\/uploads\/sites\/10\/2024\/07\/logo-cabecera.png","width":396,"height":64,"caption":"Literatura SM Espa\u00f1a"},"image":{"@id":"https:\/\/lij.ismeduca.com\/es\/#\/schema\/logo\/image\/"}}]}},"_links":{"self":[{"href":"https:\/\/lij.ismeduca.com\/es\/wp-json\/wp\/v2\/product\/5926","targetHints":{"allow":["GET"]}}],"collection":[{"href":"https:\/\/lij.ismeduca.com\/es\/wp-json\/wp\/v2\/product"}],"about":[{"href":"https:\/\/lij.ismeduca.com\/es\/wp-json\/wp\/v2\/types\/product"}],"version-history":[{"count":1,"href":"https:\/\/lij.ismeduca.com\/es\/wp-json\/wp\/v2\/product\/5926\/revisions"}],"predecessor-version":[{"id":33724,"href":"https:\/\/lij.ismeduca.com\/es\/wp-json\/wp\/v2\/product\/5926\/revisions\/33724"}],"wp:featuredmedia":[{"embeddable":true,"href":"https:\/\/lij.ismeduca.com\/es\/wp-json\/wp\/v2\/media\/36769"}],"wp:attachment":[{"href":"https:\/\/lij.ismeduca.com\/es\/wp-json\/wp\/v2\/media?parent=5926"}],"wp:term":[{"taxonomy":"product_brand","embeddable":true,"href":"https:\/\/lij.ismeduca.com\/es\/wp-json\/wp\/v2\/product_brand?post=5926"},{"taxonomy":"product_cat","embeddable":true,"href":"https:\/\/lij.ismeduca.com\/es\/wp-json\/wp\/v2\/product_cat?post=5926"},{"taxonomy":"product_tag","embeddable":true,"href":"https:\/\/lij.ismeduca.com\/es\/wp-json\/wp\/v2\/product_tag?post=5926"},{"taxonomy":"asignatura","embeddable":true,"href":"https:\/\/lij.ismeduca.com\/es\/wp-json\/wp\/v2\/asignatura?post=5926"},{"taxonomy":"compania","embeddable":true,"href":"https:\/\/lij.ismeduca.com\/es\/wp-json\/wp\/v2\/compania?post=5926"},{"taxonomy":"curso","embeddable":true,"href":"https:\/\/lij.ismeduca.com\/es\/wp-json\/wp\/v2\/curso?post=5926"},{"taxonomy":"idiomas","embeddable":true,"href":"https:\/\/lij.ismeduca.com\/es\/wp-json\/wp\/v2\/idiomas?post=5926"},{"taxonomy":"genero","embeddable":true,"href":"https:\/\/lij.ismeduca.com\/es\/wp-json\/wp\/v2\/genero?post=5926"},{"taxonomy":"linea","embeddable":true,"href":"https:\/\/lij.ismeduca.com\/es\/wp-json\/wp\/v2\/linea?post=5926"},{"taxonomy":"premio","embeddable":true,"href":"https:\/\/lij.ismeduca.com\/es\/wp-json\/wp\/v2\/premio?post=5926"},{"taxonomy":"proyecto-editorial","embeddable":true,"href":"https:\/\/lij.ismeduca.com\/es\/wp-json\/wp\/v2\/proyecto-editorial?post=5926"},{"taxonomy":"tipo-de-libro","embeddable":true,"href":"https:\/\/lij.ismeduca.com\/es\/wp-json\/wp\/v2\/tipo-de-libro?post=5926"},{"taxonomy":"soporte","embeddable":true,"href":"https:\/\/lij.ismeduca.com\/es\/wp-json\/wp\/v2\/soporte?post=5926"},{"taxonomy":"zona-geografica","embeddable":true,"href":"https:\/\/lij.ismeduca.com\/es\/wp-json\/wp\/v2\/zona-geografica?post=5926"},{"taxonomy":"autores","embeddable":true,"href":"https:\/\/lij.ismeduca.com\/es\/wp-json\/wp\/v2\/autores?post=5926"},{"taxonomy":"colecciones","embeddable":true,"href":"https:\/\/lij.ismeduca.com\/es\/wp-json\/wp\/v2\/colecciones?post=5926"},{"taxonomy":"personajes","embeddable":true,"href":"https:\/\/lij.ismeduca.com\/es\/wp-json\/wp\/v2\/personajes?post=5926"}],"curies":[{"name":"wp","href":"https:\/\/api.w.org\/{rel}","templated":true}]}}