{"id":5976,"date":"2015-08-26T00:00:00","date_gmt":"2024-07-11T10:41:55","guid":{"rendered":"https:\/\/lij.ismeduca.com\/tienda\/?post_type=product&#038;p=5976"},"modified":"2025-12-23T12:38:36","modified_gmt":"2025-12-23T11:38:36","slug":"locell-de-foc","status":"publish","type":"product","link":"https:\/\/lij.ismeduca.com\/es\/producto\/locell-de-foc\/","title":{"rendered":"L&#8217;Ocell de Foc"},"content":{"rendered":"","protected":false},"excerpt":{"rendered":"<p><span style='font-size: 8pt'>L&#8217;Ocell de Foc &#233;s un aprenent de trobador que, rondant pels camins, descobreix la hist&#242;ria del jove rei Jaume I i la lluita contra els c&#224;tars, l&#8217;ofici dels cavallers, la vida dels monestirs&#8230; <\/span><\/p>\n","protected":false},"featured_media":37401,"template":"","meta":{"_acf_changed":false,"inline_featured_image":false},"product_brand":[],"product_cat":[4736],"product_tag":[504,493,297,934,698,2058],"asignatura":[],"compania":[258],"curso":[],"idiomas":[1951],"genero":[],"linea":[250],"premio":[],"proyecto-editorial":[477],"tipo-de-libro":[249],"soporte":[2004],"zona-geografica":[],"autores":[3277,3119],"colecciones":[2293],"personajes":[],"class_list":{"0":"post-5976","1":"product","2":"type-product","3":"status-publish","4":"has-post-thumbnail","6":"product_cat-el-barco-de-vapor","7":"product_tag-edad-media","8":"product_tag-historia","9":"product_tag-literatura-de-aventuras","10":"product_tag-literatura-historica","11":"product_tag-literatura-juvenil","12":"product_tag-ntx","13":"pa_codigo-sap-ntx","14":"compania-editorial-cruilla-s-a-es","15":"idiomas-catalan","16":"linea-narrativa","17":"proyecto-editorial-barco-de-vapor","18":"tipo-de-libro-fisico","19":"soporte-libro","20":"autores-emili-teixidor-i-viladecas","21":"autores-victoria-tubau-i-sala","22":"colecciones-el-barco-de-vapor-roja","24":"first","25":"instock","26":"taxable","27":"shipping-taxable","28":"purchasable","29":"product-type-simple"},"acf":{"id_catalogo":"650","shortTitle":"C-VVV. 1 L'OCELL DE FOC","descripcion":"<span style='font-size: 8pt'>L'Ocell de Foc &#233;s un aprenent de trobador que, rondant pels camins, descobreix la hist&#242;ria del jove rei Jaume I i la lluita contra els c&#224;tars, l'ofici dels cavallers, la vida dels monestirs... <\/span>","adjuntos":[{"id":"2","titulo":"Documentos de texto","url":"https:\/\/catalogo.noe-sm.com\/medias\/ES168757-008427.pdf?context=bWFzdGVyfG1pZ3JhdGlvbnw3OTM5Njd8YXBwbGljYXRpb24vcGRmfG1pZ3JhdGlvbi9oMWMvaGFkLzg4MTkzNjQ3NTc1MzQucGRmfGJmMzFmZjAyMTg5ZTk0ZjZjNDZmMWMzYTJlM2FjMGNjNDA1MzA4YjA2NzI2N2Y2ZjQ4MDM1OWNjNDMwODUyY2E"},{"id":"2","titulo":"Documentos de texto","url":"https:\/\/catalogo.noe-sm.com\/medias\/ES168757-008428.pdf?context=bWFzdGVyfG1pZ3JhdGlvbnwxMzMxMTUzfGFwcGxpY2F0aW9uL3BkZnxtaWdyYXRpb24vaDE3L2g0MC84ODE5NTcwMzExMTk4LnBkZnxjMmRhOTljYjNkYmUxYjJjMmI0YmEzNjczOWU0NGE1MTE2YzYxODUzOTdmMjEyYTc0YTI4OWFmMmVjN2VkYmEx"},{"id":"2","titulo":"Documentos de texto","url":"https:\/\/catalogo.noe-sm.com\/medias\/ES168757-008429.pdf?context=bWFzdGVyfG1pZ3JhdGlvbnw2NTczNDIyfGFwcGxpY2F0aW9uL3BkZnxtaWdyYXRpb24vaDc4L2gyZC84ODE5NDk1NzYzOTk4LnBkZnxkNWFmZmFlMTMxNmY5M2ZmNTk5Yjg4Nzc0ZGI0ZGVhYTNjYmM0MDUyZDhmNTBhNDljMDU1OGI4ZjA1NzQ3ZjZm"},{"id":"2","titulo":"Documentos de texto","url":"https:\/\/catalogo.noe-sm.com\/medias\/ES168757-008430.pdf?context=bWFzdGVyfG1pZ3JhdGlvbnwxODIzMjM2fGFwcGxpY2F0aW9uL3BkZnxtaWdyYXRpb24vaGQ4L2hmZS84ODE5NTQwODUyNzY2LnBkZnw2OWRiMWI0YzZlODVhYTJlMGQyMThjMGI1M2U1MjY5MTI1OWQxNjBlODgxNjJmNzYwMGVkMTdkYWJiM2M1ZGY3"},{"id":"2","titulo":"Documentos de texto","url":"https:\/\/catalogo.noe-sm.com\/medias\/ES168757-010206.pdf?context=bWFzdGVyfG1pZ3JhdGlvbnw5NzU2MDl8YXBwbGljYXRpb24vcGRmfG1pZ3JhdGlvbi9oMGIvaDcxLzg4MTk2MTgxODUyNDYucGRmfDAxY2RiMTMwNDJhM2IwMGY4YjM5MGE4MjZjZmQwYmQ5NWM3NGUxOTQ5YWVjYTg5NzMyMDE2OTQ0OWNmNTBmODU"},{"id":"11","titulo":"Quaderno de lectura","url":"https:\/\/catalogo.noe-sm.com\/medias\/ES168757-010704.pdf?context=bWFzdGVyfG1pZ3JhdGlvbnwzNDcwMTV8YXBwbGljYXRpb24vcGRmfG1pZ3JhdGlvbi9oMGYvaDFlLzg4MTk1MzA4MjU3NTgucGRmfGI5YWJjZTdkMDAzNGEzNWNiNTViNzRmNjdmZTZmNWQzZWEyOTgyMTVhMjMyMzAyNzZlNGRiZDJjZDdiY2NjMDE"},{"id":"12","titulo":"Web","url":"https:\/\/www.nuvol.com\/llibres\/llibres-infantils-i-juvenils-per-aquest-sant-jordi-59989"},{"id":"21","titulo":"Ficha del profesor","url":"https:\/\/catalogo.noe-sm.com\/medias\/168757-locell-de-foc-profe.pdf?context=bWFzdGVyfHJvb3R8MTI2OTkwM3xhcHBsaWNhdGlvbi9wZGZ8aDVlL2g3Mi84OTM0NzQ1NjM2ODk0LnBkZnwyMjYwMzZiMGMxZjEyMmUxMTE1MjdhYjkwNWQzYmEwOGI4MzA4N2Q0ZmFlZmNjNjBjMTY0MDJiM2U2OGJlMTcz"}],"descriptivePhrases":[{"type":"General","text":"L'Ocell de Foc \u00e9s un aprenent de trobador que, rondant pels camins, descobreix la hist\u00f2ria del jove rei Jaume I, la lluita contra els c\u00e0tars..."}],"productSap":"NTX","isbn":"9788466139632","precio_colegios":9.13,"precio_librerias":9.13,"precio_librerias_sin_cobertura":9.13,"precio_distribuidores":9.13,"fecha_disponibilidad":null,"fecha_comercial":"20150826","organizacion_venta":"CS01","datos_para_buscador":"Vict\u00f2ria Tubau i Sala, Emili Teixidor i Viladec\u00e0s, El Barco de Vapor Roja, "},"yoast_head":"<!-- This site is optimized with the Yoast SEO plugin v26.6 - https:\/\/yoast.com\/wordpress\/plugins\/seo\/ -->\n<title>L&#039;Ocell de Foc - Literatura SM Espa\u00f1a<\/title>\n<meta name=\"robots\" content=\"noindex, follow, max-snippet:-1, max-image-preview:large, max-video-preview:-1\" \/>\n<meta property=\"og:locale\" content=\"es_ES\" \/>\n<meta property=\"og:type\" content=\"article\" \/>\n<meta property=\"og:title\" content=\"L&#039;Ocell de Foc - Literatura SM Espa\u00f1a\" \/>\n<meta property=\"og:url\" content=\"https:\/\/lij.ismeduca.com\/es\/producto\/locell-de-foc\/\" \/>\n<meta property=\"og:site_name\" content=\"Literatura SM Espa\u00f1a\" \/>\n<meta property=\"article:modified_time\" content=\"2025-12-23T11:38:36+00:00\" \/>\n<meta name=\"twitter:card\" content=\"summary_large_image\" \/>\n<script type=\"application\/ld+json\" class=\"yoast-schema-graph\">{\"@context\":\"https:\/\/schema.org\",\"@graph\":[{\"@type\":\"WebPage\",\"@id\":\"https:\/\/lij.ismeduca.com\/es\/producto\/locell-de-foc\/\",\"url\":\"https:\/\/lij.ismeduca.com\/es\/producto\/locell-de-foc\/\",\"name\":\"L'Ocell de Foc - Literatura SM Espa\u00f1a\",\"isPartOf\":{\"@id\":\"https:\/\/lij.ismeduca.com\/es\/#website\"},\"primaryImageOfPage\":{\"@id\":\"https:\/\/lij.ismeduca.com\/es\/producto\/locell-de-foc\/#primaryimage\"},\"image\":{\"@id\":\"https:\/\/lij.ismeduca.com\/es\/producto\/locell-de-foc\/#primaryimage\"},\"thumbnailUrl\":\"https:\/\/lij.ismeduca.com\/es\/wp-content\/uploads\/sites\/10\/2025\/12\/5976.jpg\",\"datePublished\":\"2024-07-11T10:41:55+00:00\",\"dateModified\":\"2025-12-23T11:38:36+00:00\",\"breadcrumb\":{\"@id\":\"https:\/\/lij.ismeduca.com\/es\/producto\/locell-de-foc\/#breadcrumb\"},\"inLanguage\":\"es\",\"potentialAction\":[{\"@type\":\"ReadAction\",\"target\":[\"https:\/\/lij.ismeduca.com\/es\/producto\/locell-de-foc\/\"]}]},{\"@type\":\"ImageObject\",\"inLanguage\":\"es\",\"@id\":\"https:\/\/lij.ismeduca.com\/es\/producto\/locell-de-foc\/#primaryimage\",\"url\":\"https:\/\/lij.ismeduca.com\/es\/wp-content\/uploads\/sites\/10\/2025\/12\/5976.jpg\",\"contentUrl\":\"https:\/\/lij.ismeduca.com\/es\/wp-content\/uploads\/sites\/10\/2025\/12\/5976.jpg\",\"width\":600,\"height\":952},{\"@type\":\"BreadcrumbList\",\"@id\":\"https:\/\/lij.ismeduca.com\/es\/producto\/locell-de-foc\/#breadcrumb\",\"itemListElement\":[{\"@type\":\"ListItem\",\"position\":1,\"name\":\"Portada\",\"item\":\"https:\/\/lij.ismeduca.com\/es\/\"},{\"@type\":\"ListItem\",\"position\":2,\"name\":\"Tienda\",\"item\":\"https:\/\/lij.ismeduca.com\/es\/tienda\/\"},{\"@type\":\"ListItem\",\"position\":3,\"name\":\"L&#8217;Ocell de Foc\"}]},{\"@type\":\"WebSite\",\"@id\":\"https:\/\/lij.ismeduca.com\/es\/#website\",\"url\":\"https:\/\/lij.ismeduca.com\/es\/\",\"name\":\"Literatura SM Espa\u00f1a\",\"description\":\"\",\"publisher\":{\"@id\":\"https:\/\/lij.ismeduca.com\/es\/#organization\"},\"potentialAction\":[{\"@type\":\"SearchAction\",\"target\":{\"@type\":\"EntryPoint\",\"urlTemplate\":\"https:\/\/lij.ismeduca.com\/es\/?s={search_term_string}\"},\"query-input\":{\"@type\":\"PropertyValueSpecification\",\"valueRequired\":true,\"valueName\":\"search_term_string\"}}],\"inLanguage\":\"es\"},{\"@type\":\"Organization\",\"@id\":\"https:\/\/lij.ismeduca.com\/es\/#organization\",\"name\":\"Literatura SM Espa\u00f1a\",\"url\":\"https:\/\/lij.ismeduca.com\/es\/\",\"logo\":{\"@type\":\"ImageObject\",\"inLanguage\":\"es\",\"@id\":\"https:\/\/lij.ismeduca.com\/es\/#\/schema\/logo\/image\/\",\"url\":\"https:\/\/lij.ismeduca.com\/es\/wp-content\/uploads\/sites\/10\/2024\/07\/logo-cabecera.png\",\"contentUrl\":\"https:\/\/lij.ismeduca.com\/es\/wp-content\/uploads\/sites\/10\/2024\/07\/logo-cabecera.png\",\"width\":396,\"height\":64,\"caption\":\"Literatura SM Espa\u00f1a\"},\"image\":{\"@id\":\"https:\/\/lij.ismeduca.com\/es\/#\/schema\/logo\/image\/\"}}]}<\/script>\n<!-- \/ Yoast SEO plugin. -->","yoast_head_json":{"title":"L'Ocell de Foc - Literatura SM Espa\u00f1a","robots":{"index":"noindex","follow":"follow","max-snippet":"max-snippet:-1","max-image-preview":"max-image-preview:large","max-video-preview":"max-video-preview:-1"},"og_locale":"es_ES","og_type":"article","og_title":"L'Ocell de Foc - Literatura SM Espa\u00f1a","og_url":"https:\/\/lij.ismeduca.com\/es\/producto\/locell-de-foc\/","og_site_name":"Literatura SM Espa\u00f1a","article_modified_time":"2025-12-23T11:38:36+00:00","twitter_card":"summary_large_image","schema":{"@context":"https:\/\/schema.org","@graph":[{"@type":"WebPage","@id":"https:\/\/lij.ismeduca.com\/es\/producto\/locell-de-foc\/","url":"https:\/\/lij.ismeduca.com\/es\/producto\/locell-de-foc\/","name":"L'Ocell de Foc - Literatura SM Espa\u00f1a","isPartOf":{"@id":"https:\/\/lij.ismeduca.com\/es\/#website"},"primaryImageOfPage":{"@id":"https:\/\/lij.ismeduca.com\/es\/producto\/locell-de-foc\/#primaryimage"},"image":{"@id":"https:\/\/lij.ismeduca.com\/es\/producto\/locell-de-foc\/#primaryimage"},"thumbnailUrl":"https:\/\/lij.ismeduca.com\/es\/wp-content\/uploads\/sites\/10\/2025\/12\/5976.jpg","datePublished":"2024-07-11T10:41:55+00:00","dateModified":"2025-12-23T11:38:36+00:00","breadcrumb":{"@id":"https:\/\/lij.ismeduca.com\/es\/producto\/locell-de-foc\/#breadcrumb"},"inLanguage":"es","potentialAction":[{"@type":"ReadAction","target":["https:\/\/lij.ismeduca.com\/es\/producto\/locell-de-foc\/"]}]},{"@type":"ImageObject","inLanguage":"es","@id":"https:\/\/lij.ismeduca.com\/es\/producto\/locell-de-foc\/#primaryimage","url":"https:\/\/lij.ismeduca.com\/es\/wp-content\/uploads\/sites\/10\/2025\/12\/5976.jpg","contentUrl":"https:\/\/lij.ismeduca.com\/es\/wp-content\/uploads\/sites\/10\/2025\/12\/5976.jpg","width":600,"height":952},{"@type":"BreadcrumbList","@id":"https:\/\/lij.ismeduca.com\/es\/producto\/locell-de-foc\/#breadcrumb","itemListElement":[{"@type":"ListItem","position":1,"name":"Portada","item":"https:\/\/lij.ismeduca.com\/es\/"},{"@type":"ListItem","position":2,"name":"Tienda","item":"https:\/\/lij.ismeduca.com\/es\/tienda\/"},{"@type":"ListItem","position":3,"name":"L&#8217;Ocell de Foc"}]},{"@type":"WebSite","@id":"https:\/\/lij.ismeduca.com\/es\/#website","url":"https:\/\/lij.ismeduca.com\/es\/","name":"Literatura SM Espa\u00f1a","description":"","publisher":{"@id":"https:\/\/lij.ismeduca.com\/es\/#organization"},"potentialAction":[{"@type":"SearchAction","target":{"@type":"EntryPoint","urlTemplate":"https:\/\/lij.ismeduca.com\/es\/?s={search_term_string}"},"query-input":{"@type":"PropertyValueSpecification","valueRequired":true,"valueName":"search_term_string"}}],"inLanguage":"es"},{"@type":"Organization","@id":"https:\/\/lij.ismeduca.com\/es\/#organization","name":"Literatura SM Espa\u00f1a","url":"https:\/\/lij.ismeduca.com\/es\/","logo":{"@type":"ImageObject","inLanguage":"es","@id":"https:\/\/lij.ismeduca.com\/es\/#\/schema\/logo\/image\/","url":"https:\/\/lij.ismeduca.com\/es\/wp-content\/uploads\/sites\/10\/2024\/07\/logo-cabecera.png","contentUrl":"https:\/\/lij.ismeduca.com\/es\/wp-content\/uploads\/sites\/10\/2024\/07\/logo-cabecera.png","width":396,"height":64,"caption":"Literatura SM Espa\u00f1a"},"image":{"@id":"https:\/\/lij.ismeduca.com\/es\/#\/schema\/logo\/image\/"}}]}},"_links":{"self":[{"href":"https:\/\/lij.ismeduca.com\/es\/wp-json\/wp\/v2\/product\/5976","targetHints":{"allow":["GET"]}}],"collection":[{"href":"https:\/\/lij.ismeduca.com\/es\/wp-json\/wp\/v2\/product"}],"about":[{"href":"https:\/\/lij.ismeduca.com\/es\/wp-json\/wp\/v2\/types\/product"}],"version-history":[{"count":1,"href":"https:\/\/lij.ismeduca.com\/es\/wp-json\/wp\/v2\/product\/5976\/revisions"}],"predecessor-version":[{"id":33738,"href":"https:\/\/lij.ismeduca.com\/es\/wp-json\/wp\/v2\/product\/5976\/revisions\/33738"}],"wp:featuredmedia":[{"embeddable":true,"href":"https:\/\/lij.ismeduca.com\/es\/wp-json\/wp\/v2\/media\/37401"}],"wp:attachment":[{"href":"https:\/\/lij.ismeduca.com\/es\/wp-json\/wp\/v2\/media?parent=5976"}],"wp:term":[{"taxonomy":"product_brand","embeddable":true,"href":"https:\/\/lij.ismeduca.com\/es\/wp-json\/wp\/v2\/product_brand?post=5976"},{"taxonomy":"product_cat","embeddable":true,"href":"https:\/\/lij.ismeduca.com\/es\/wp-json\/wp\/v2\/product_cat?post=5976"},{"taxonomy":"product_tag","embeddable":true,"href":"https:\/\/lij.ismeduca.com\/es\/wp-json\/wp\/v2\/product_tag?post=5976"},{"taxonomy":"asignatura","embeddable":true,"href":"https:\/\/lij.ismeduca.com\/es\/wp-json\/wp\/v2\/asignatura?post=5976"},{"taxonomy":"compania","embeddable":true,"href":"https:\/\/lij.ismeduca.com\/es\/wp-json\/wp\/v2\/compania?post=5976"},{"taxonomy":"curso","embeddable":true,"href":"https:\/\/lij.ismeduca.com\/es\/wp-json\/wp\/v2\/curso?post=5976"},{"taxonomy":"idiomas","embeddable":true,"href":"https:\/\/lij.ismeduca.com\/es\/wp-json\/wp\/v2\/idiomas?post=5976"},{"taxonomy":"genero","embeddable":true,"href":"https:\/\/lij.ismeduca.com\/es\/wp-json\/wp\/v2\/genero?post=5976"},{"taxonomy":"linea","embeddable":true,"href":"https:\/\/lij.ismeduca.com\/es\/wp-json\/wp\/v2\/linea?post=5976"},{"taxonomy":"premio","embeddable":true,"href":"https:\/\/lij.ismeduca.com\/es\/wp-json\/wp\/v2\/premio?post=5976"},{"taxonomy":"proyecto-editorial","embeddable":true,"href":"https:\/\/lij.ismeduca.com\/es\/wp-json\/wp\/v2\/proyecto-editorial?post=5976"},{"taxonomy":"tipo-de-libro","embeddable":true,"href":"https:\/\/lij.ismeduca.com\/es\/wp-json\/wp\/v2\/tipo-de-libro?post=5976"},{"taxonomy":"soporte","embeddable":true,"href":"https:\/\/lij.ismeduca.com\/es\/wp-json\/wp\/v2\/soporte?post=5976"},{"taxonomy":"zona-geografica","embeddable":true,"href":"https:\/\/lij.ismeduca.com\/es\/wp-json\/wp\/v2\/zona-geografica?post=5976"},{"taxonomy":"autores","embeddable":true,"href":"https:\/\/lij.ismeduca.com\/es\/wp-json\/wp\/v2\/autores?post=5976"},{"taxonomy":"colecciones","embeddable":true,"href":"https:\/\/lij.ismeduca.com\/es\/wp-json\/wp\/v2\/colecciones?post=5976"},{"taxonomy":"personajes","embeddable":true,"href":"https:\/\/lij.ismeduca.com\/es\/wp-json\/wp\/v2\/personajes?post=5976"}],"curies":[{"name":"wp","href":"https:\/\/api.w.org\/{rel}","templated":true}]}}