{"id":5980,"date":"2015-04-01T00:00:00","date_gmt":"2024-07-11T10:41:57","guid":{"rendered":"https:\/\/lij.ismeduca.com\/tienda\/?post_type=product&#038;p=5980"},"modified":"2025-12-23T12:37:26","modified_gmt":"2025-12-23T11:37:26","slug":"ojo-de-nube","status":"publish","type":"product","link":"https:\/\/lij.ismeduca.com\/es\/producto\/ojo-de-nube\/","title":{"rendered":"Ojo de Nube"},"content":{"rendered":"","protected":false},"excerpt":{"rendered":"<p>Novela galardonada con el Premio El Barco de Vapor 2006. Cabello Largo necesita piedras transparentes contra los mal&eacute;ficos; Perro Rastreador, madera para fabricar arcos; Cuervo Blanco, tierra y agua; todos en la tribu, leyendas para pasar la noche&#8230; Sin embargo, Ojo de Nube, que parec&iacute;a tener menos que aportar, ser&aacute; el &uacute;nico capaz de burlar a los &laquo;malacosa&raquo;.<\/p>\n<p>A veces, las adversidades hacen grandes a los que parecen m&aacute;s d&eacute;biles.<\/p>\n","protected":false},"featured_media":37067,"template":"","meta":{"_acf_changed":false,"inline_featured_image":false},"product_brand":[],"product_cat":[4736],"product_tag":[240,242,870,320,865,298,700,374,2058,459,1660,346],"asignatura":[],"compania":[252],"curso":[],"idiomas":[1948],"genero":[308],"linea":[250],"premio":[],"proyecto-editorial":[477],"tipo-de-libro":[249],"soporte":[2004],"zona-geografica":[],"autores":[4166,3315],"colecciones":[2293],"personajes":[],"class_list":{"0":"post-5980","1":"product","2":"type-product","3":"status-publish","4":"has-post-thumbnail","6":"product_cat-el-barco-de-vapor","7":"product_tag-cuentos-infantiles","8":"product_tag-cuentos-para-ninos","9":"product_tag-igualdad","10":"product_tag-inclusion","11":"product_tag-libertad","12":"product_tag-literatura-infantil","13":"product_tag-mente-abierta","14":"product_tag-naturaleza","15":"product_tag-ntx","16":"product_tag-plan-lector-savia-secundaria","17":"product_tag-tribus","18":"product_tag-vida-familiar","19":"pa_codigo-sap-ntx","20":"compania-f-sta-maria-ediciones-sm-es","21":"idiomas-espanol","22":"genero-realismo","23":"linea-narrativa","24":"proyecto-editorial-barco-de-vapor","25":"tipo-de-libro-fisico","26":"soporte-libro","27":"autores-jesus-gaban-bravo","28":"autores-ricardo-gomez-gil","29":"colecciones-el-barco-de-vapor-roja","31":"first","32":"instock","33":"taxable","34":"shipping-taxable","35":"purchasable","36":"product-type-simple"},"acf":{"id_catalogo":"650","shortTitle":"BVR.216 OJO DE NUBE","descripcion":"<p>Novela galardonada con el Premio El Barco de Vapor 2006. Cabello Largo necesita piedras transparentes contra los mal&eacute;ficos; Perro Rastreador, madera para fabricar arcos; Cuervo Blanco, tierra y agua; todos en la tribu, leyendas para pasar la noche... Sin embargo, Ojo de Nube, que parec&iacute;a tener menos que aportar, ser&aacute; el &uacute;nico capaz de burlar a los &laquo;malacosa&raquo;.<\/p>\n\n<p>A veces, las adversidades hacen grandes a los que parecen m&aacute;s d&eacute;biles.<\/p>\n","adjuntos":[{"id":"4","titulo":"Primer cap\u00edtulo \/ Unidad Modelo","url":"https:\/\/catalogo.noe-sm.com\/medias\/ES160009-008861.pdf?context=bWFzdGVyfG1pZ3JhdGlvbnw4NDY4Nzd8YXBwbGljYXRpb24vcGRmfG1pZ3JhdGlvbi9oYmIvaDRlLzg4MTk0NTc3NTMxMTgucGRmfDJmODgyZjFkMDViZDJiODFjYTVjYjQ4NDE4NDU2ZmFjNzNmNDBjNGU3ZDgzMzEyZDEwMTBmZTcxNjBmNDY2ZDc"},{"id":"21","titulo":"Ficha del profesor","url":"https:\/\/catalogo.noe-sm.com\/medias\/160009-recur-001-001-pro-savia.pdf?context=bWFzdGVyfHJvb3R8NzU3MDg4fGFwcGxpY2F0aW9uL3BkZnxoZTkvaDJiLzg4MjkwNDAxMzIxMjYucGRmfGJhYTM0ODQwNDUzMmY0ZTQ2NmRiYmE2NjhjNWM5NzNmNWIzODEzNzFjMzRlNTg1ZTQ3MWMxYWJmMzc2ZmEzYWU"},{"id":"20","titulo":"Ficha del alumno","url":"https:\/\/catalogo.noe-sm.com\/medias\/ES160009-Act.-alumno-Ojo-de-Nube-BVR.pdf?context=bWFzdGVyfHJvb3R8MjA5NDYyN3xhcHBsaWNhdGlvbi9wZGZ8aDRjL2hiZi84ODMwMzc1MTAwNDQ2LnBkZnxjM2I5MGUxYjEyZmEyNGRkZTQ0OWE5YTUwNWY0OTI0MzRjNjc2ZmI3ZTQ5YWI2Y2FhZTkxOTI2NDNmNjI5Zjk1"}],"descriptivePhrases":[{"type":"General","text":"Un canto a la naturaleza, al valor de la palabra dada y a la superaci\u00f3n personal. A veces, las adversidades hacen grandes a los que parecen m\u00e1s d\u00e9biles."}],"productSap":"NTX","isbn":"9788467577914","precio_colegios":9.13,"precio_librerias":9.13,"precio_librerias_sin_cobertura":9.13,"precio_distribuidores":9.13,"fecha_disponibilidad":null,"fecha_comercial":"20150401","organizacion_venta":"CS01","datos_para_buscador":"Jes\u00fas Gab\u00e1n Bravo, Ricardo G\u00f3mez Gil, El Barco de Vapor Roja, "},"yoast_head":"<!-- This site is optimized with the Yoast SEO plugin v26.6 - https:\/\/yoast.com\/wordpress\/plugins\/seo\/ -->\n<title>Ojo de Nube - Literatura SM Espa\u00f1a<\/title>\n<meta name=\"robots\" content=\"noindex, follow, max-snippet:-1, max-image-preview:large, max-video-preview:-1\" \/>\n<meta property=\"og:locale\" content=\"es_ES\" \/>\n<meta property=\"og:type\" content=\"article\" \/>\n<meta property=\"og:title\" content=\"Ojo de Nube - Literatura SM Espa\u00f1a\" \/>\n<meta property=\"og:url\" content=\"https:\/\/lij.ismeduca.com\/es\/producto\/ojo-de-nube\/\" \/>\n<meta property=\"og:site_name\" content=\"Literatura SM Espa\u00f1a\" \/>\n<meta property=\"article:modified_time\" content=\"2025-12-23T11:37:26+00:00\" \/>\n<meta name=\"twitter:card\" content=\"summary_large_image\" \/>\n<script type=\"application\/ld+json\" class=\"yoast-schema-graph\">{\"@context\":\"https:\/\/schema.org\",\"@graph\":[{\"@type\":\"WebPage\",\"@id\":\"https:\/\/lij.ismeduca.com\/es\/producto\/ojo-de-nube\/\",\"url\":\"https:\/\/lij.ismeduca.com\/es\/producto\/ojo-de-nube\/\",\"name\":\"Ojo de Nube - Literatura SM Espa\u00f1a\",\"isPartOf\":{\"@id\":\"https:\/\/lij.ismeduca.com\/es\/#website\"},\"primaryImageOfPage\":{\"@id\":\"https:\/\/lij.ismeduca.com\/es\/producto\/ojo-de-nube\/#primaryimage\"},\"image\":{\"@id\":\"https:\/\/lij.ismeduca.com\/es\/producto\/ojo-de-nube\/#primaryimage\"},\"thumbnailUrl\":\"https:\/\/lij.ismeduca.com\/es\/wp-content\/uploads\/sites\/10\/2025\/12\/5980.jpg\",\"datePublished\":\"2024-07-11T10:41:57+00:00\",\"dateModified\":\"2025-12-23T11:37:26+00:00\",\"breadcrumb\":{\"@id\":\"https:\/\/lij.ismeduca.com\/es\/producto\/ojo-de-nube\/#breadcrumb\"},\"inLanguage\":\"es\",\"potentialAction\":[{\"@type\":\"ReadAction\",\"target\":[\"https:\/\/lij.ismeduca.com\/es\/producto\/ojo-de-nube\/\"]}]},{\"@type\":\"ImageObject\",\"inLanguage\":\"es\",\"@id\":\"https:\/\/lij.ismeduca.com\/es\/producto\/ojo-de-nube\/#primaryimage\",\"url\":\"https:\/\/lij.ismeduca.com\/es\/wp-content\/uploads\/sites\/10\/2025\/12\/5980.jpg\",\"contentUrl\":\"https:\/\/lij.ismeduca.com\/es\/wp-content\/uploads\/sites\/10\/2025\/12\/5980.jpg\",\"width\":377,\"height\":600},{\"@type\":\"BreadcrumbList\",\"@id\":\"https:\/\/lij.ismeduca.com\/es\/producto\/ojo-de-nube\/#breadcrumb\",\"itemListElement\":[{\"@type\":\"ListItem\",\"position\":1,\"name\":\"Portada\",\"item\":\"https:\/\/lij.ismeduca.com\/es\/\"},{\"@type\":\"ListItem\",\"position\":2,\"name\":\"Tienda\",\"item\":\"https:\/\/lij.ismeduca.com\/es\/tienda\/\"},{\"@type\":\"ListItem\",\"position\":3,\"name\":\"Ojo de Nube\"}]},{\"@type\":\"WebSite\",\"@id\":\"https:\/\/lij.ismeduca.com\/es\/#website\",\"url\":\"https:\/\/lij.ismeduca.com\/es\/\",\"name\":\"Literatura SM Espa\u00f1a\",\"description\":\"\",\"publisher\":{\"@id\":\"https:\/\/lij.ismeduca.com\/es\/#organization\"},\"potentialAction\":[{\"@type\":\"SearchAction\",\"target\":{\"@type\":\"EntryPoint\",\"urlTemplate\":\"https:\/\/lij.ismeduca.com\/es\/?s={search_term_string}\"},\"query-input\":{\"@type\":\"PropertyValueSpecification\",\"valueRequired\":true,\"valueName\":\"search_term_string\"}}],\"inLanguage\":\"es\"},{\"@type\":\"Organization\",\"@id\":\"https:\/\/lij.ismeduca.com\/es\/#organization\",\"name\":\"Literatura SM Espa\u00f1a\",\"url\":\"https:\/\/lij.ismeduca.com\/es\/\",\"logo\":{\"@type\":\"ImageObject\",\"inLanguage\":\"es\",\"@id\":\"https:\/\/lij.ismeduca.com\/es\/#\/schema\/logo\/image\/\",\"url\":\"https:\/\/lij.ismeduca.com\/es\/wp-content\/uploads\/sites\/10\/2024\/07\/logo-cabecera.png\",\"contentUrl\":\"https:\/\/lij.ismeduca.com\/es\/wp-content\/uploads\/sites\/10\/2024\/07\/logo-cabecera.png\",\"width\":396,\"height\":64,\"caption\":\"Literatura SM Espa\u00f1a\"},\"image\":{\"@id\":\"https:\/\/lij.ismeduca.com\/es\/#\/schema\/logo\/image\/\"}}]}<\/script>\n<!-- \/ Yoast SEO plugin. -->","yoast_head_json":{"title":"Ojo de Nube - Literatura SM Espa\u00f1a","robots":{"index":"noindex","follow":"follow","max-snippet":"max-snippet:-1","max-image-preview":"max-image-preview:large","max-video-preview":"max-video-preview:-1"},"og_locale":"es_ES","og_type":"article","og_title":"Ojo de Nube - Literatura SM Espa\u00f1a","og_url":"https:\/\/lij.ismeduca.com\/es\/producto\/ojo-de-nube\/","og_site_name":"Literatura SM Espa\u00f1a","article_modified_time":"2025-12-23T11:37:26+00:00","twitter_card":"summary_large_image","schema":{"@context":"https:\/\/schema.org","@graph":[{"@type":"WebPage","@id":"https:\/\/lij.ismeduca.com\/es\/producto\/ojo-de-nube\/","url":"https:\/\/lij.ismeduca.com\/es\/producto\/ojo-de-nube\/","name":"Ojo de Nube - Literatura SM Espa\u00f1a","isPartOf":{"@id":"https:\/\/lij.ismeduca.com\/es\/#website"},"primaryImageOfPage":{"@id":"https:\/\/lij.ismeduca.com\/es\/producto\/ojo-de-nube\/#primaryimage"},"image":{"@id":"https:\/\/lij.ismeduca.com\/es\/producto\/ojo-de-nube\/#primaryimage"},"thumbnailUrl":"https:\/\/lij.ismeduca.com\/es\/wp-content\/uploads\/sites\/10\/2025\/12\/5980.jpg","datePublished":"2024-07-11T10:41:57+00:00","dateModified":"2025-12-23T11:37:26+00:00","breadcrumb":{"@id":"https:\/\/lij.ismeduca.com\/es\/producto\/ojo-de-nube\/#breadcrumb"},"inLanguage":"es","potentialAction":[{"@type":"ReadAction","target":["https:\/\/lij.ismeduca.com\/es\/producto\/ojo-de-nube\/"]}]},{"@type":"ImageObject","inLanguage":"es","@id":"https:\/\/lij.ismeduca.com\/es\/producto\/ojo-de-nube\/#primaryimage","url":"https:\/\/lij.ismeduca.com\/es\/wp-content\/uploads\/sites\/10\/2025\/12\/5980.jpg","contentUrl":"https:\/\/lij.ismeduca.com\/es\/wp-content\/uploads\/sites\/10\/2025\/12\/5980.jpg","width":377,"height":600},{"@type":"BreadcrumbList","@id":"https:\/\/lij.ismeduca.com\/es\/producto\/ojo-de-nube\/#breadcrumb","itemListElement":[{"@type":"ListItem","position":1,"name":"Portada","item":"https:\/\/lij.ismeduca.com\/es\/"},{"@type":"ListItem","position":2,"name":"Tienda","item":"https:\/\/lij.ismeduca.com\/es\/tienda\/"},{"@type":"ListItem","position":3,"name":"Ojo de Nube"}]},{"@type":"WebSite","@id":"https:\/\/lij.ismeduca.com\/es\/#website","url":"https:\/\/lij.ismeduca.com\/es\/","name":"Literatura SM Espa\u00f1a","description":"","publisher":{"@id":"https:\/\/lij.ismeduca.com\/es\/#organization"},"potentialAction":[{"@type":"SearchAction","target":{"@type":"EntryPoint","urlTemplate":"https:\/\/lij.ismeduca.com\/es\/?s={search_term_string}"},"query-input":{"@type":"PropertyValueSpecification","valueRequired":true,"valueName":"search_term_string"}}],"inLanguage":"es"},{"@type":"Organization","@id":"https:\/\/lij.ismeduca.com\/es\/#organization","name":"Literatura SM Espa\u00f1a","url":"https:\/\/lij.ismeduca.com\/es\/","logo":{"@type":"ImageObject","inLanguage":"es","@id":"https:\/\/lij.ismeduca.com\/es\/#\/schema\/logo\/image\/","url":"https:\/\/lij.ismeduca.com\/es\/wp-content\/uploads\/sites\/10\/2024\/07\/logo-cabecera.png","contentUrl":"https:\/\/lij.ismeduca.com\/es\/wp-content\/uploads\/sites\/10\/2024\/07\/logo-cabecera.png","width":396,"height":64,"caption":"Literatura SM Espa\u00f1a"},"image":{"@id":"https:\/\/lij.ismeduca.com\/es\/#\/schema\/logo\/image\/"}}]}},"_links":{"self":[{"href":"https:\/\/lij.ismeduca.com\/es\/wp-json\/wp\/v2\/product\/5980","targetHints":{"allow":["GET"]}}],"collection":[{"href":"https:\/\/lij.ismeduca.com\/es\/wp-json\/wp\/v2\/product"}],"about":[{"href":"https:\/\/lij.ismeduca.com\/es\/wp-json\/wp\/v2\/types\/product"}],"version-history":[{"count":1,"href":"https:\/\/lij.ismeduca.com\/es\/wp-json\/wp\/v2\/product\/5980\/revisions"}],"predecessor-version":[{"id":33744,"href":"https:\/\/lij.ismeduca.com\/es\/wp-json\/wp\/v2\/product\/5980\/revisions\/33744"}],"wp:featuredmedia":[{"embeddable":true,"href":"https:\/\/lij.ismeduca.com\/es\/wp-json\/wp\/v2\/media\/37067"}],"wp:attachment":[{"href":"https:\/\/lij.ismeduca.com\/es\/wp-json\/wp\/v2\/media?parent=5980"}],"wp:term":[{"taxonomy":"product_brand","embeddable":true,"href":"https:\/\/lij.ismeduca.com\/es\/wp-json\/wp\/v2\/product_brand?post=5980"},{"taxonomy":"product_cat","embeddable":true,"href":"https:\/\/lij.ismeduca.com\/es\/wp-json\/wp\/v2\/product_cat?post=5980"},{"taxonomy":"product_tag","embeddable":true,"href":"https:\/\/lij.ismeduca.com\/es\/wp-json\/wp\/v2\/product_tag?post=5980"},{"taxonomy":"asignatura","embeddable":true,"href":"https:\/\/lij.ismeduca.com\/es\/wp-json\/wp\/v2\/asignatura?post=5980"},{"taxonomy":"compania","embeddable":true,"href":"https:\/\/lij.ismeduca.com\/es\/wp-json\/wp\/v2\/compania?post=5980"},{"taxonomy":"curso","embeddable":true,"href":"https:\/\/lij.ismeduca.com\/es\/wp-json\/wp\/v2\/curso?post=5980"},{"taxonomy":"idiomas","embeddable":true,"href":"https:\/\/lij.ismeduca.com\/es\/wp-json\/wp\/v2\/idiomas?post=5980"},{"taxonomy":"genero","embeddable":true,"href":"https:\/\/lij.ismeduca.com\/es\/wp-json\/wp\/v2\/genero?post=5980"},{"taxonomy":"linea","embeddable":true,"href":"https:\/\/lij.ismeduca.com\/es\/wp-json\/wp\/v2\/linea?post=5980"},{"taxonomy":"premio","embeddable":true,"href":"https:\/\/lij.ismeduca.com\/es\/wp-json\/wp\/v2\/premio?post=5980"},{"taxonomy":"proyecto-editorial","embeddable":true,"href":"https:\/\/lij.ismeduca.com\/es\/wp-json\/wp\/v2\/proyecto-editorial?post=5980"},{"taxonomy":"tipo-de-libro","embeddable":true,"href":"https:\/\/lij.ismeduca.com\/es\/wp-json\/wp\/v2\/tipo-de-libro?post=5980"},{"taxonomy":"soporte","embeddable":true,"href":"https:\/\/lij.ismeduca.com\/es\/wp-json\/wp\/v2\/soporte?post=5980"},{"taxonomy":"zona-geografica","embeddable":true,"href":"https:\/\/lij.ismeduca.com\/es\/wp-json\/wp\/v2\/zona-geografica?post=5980"},{"taxonomy":"autores","embeddable":true,"href":"https:\/\/lij.ismeduca.com\/es\/wp-json\/wp\/v2\/autores?post=5980"},{"taxonomy":"colecciones","embeddable":true,"href":"https:\/\/lij.ismeduca.com\/es\/wp-json\/wp\/v2\/colecciones?post=5980"},{"taxonomy":"personajes","embeddable":true,"href":"https:\/\/lij.ismeduca.com\/es\/wp-json\/wp\/v2\/personajes?post=5980"}],"curies":[{"name":"wp","href":"https:\/\/api.w.org\/{rel}","templated":true}]}}