{"id":5986,"date":"2015-04-21T00:00:00","date_gmt":"2024-07-11T10:42:00","guid":{"rendered":"https:\/\/lij.ismeduca.com\/tienda\/?post_type=product&#038;p=5986"},"modified":"2025-12-23T12:37:45","modified_gmt":"2025-12-23T11:37:45","slug":"la-vida-secreta-de-rebecca-paradise-2","status":"publish","type":"product","link":"https:\/\/lij.ismeduca.com\/es\/producto\/la-vida-secreta-de-rebecca-paradise-2\/","title":{"rendered":"La vida secreta de Rebecca Paradise"},"content":{"rendered":"","protected":false},"excerpt":{"rendered":"<p><P>&#218;rsula es una ni&#241;a de once a&#241;os con una vida un poco complicada. Ha cambiado varias veces de colegio y su madre, que es una fugitiva de la justicia, rob&#243; un cuadro del museo Metropolitano&#8230; No&#8230; No es as&#237;. <\/P><P><\/P><P>&#218;rsula es una ni&#241;a de once a&#241;os que se hace llamar Rebecca y que odia a los magos porque uno hizo desaparecer a su madre. &#191;O es Rebecca, la famosa esp&#237;a secreta, la que se hace llamar &#218;rsula para despistar? Bueno, en cualquier caso tiene once a&#241;os, cinco lombrices guardadas en una caja y un gato perdido en el espacio. &#191;O lo del gato tampoco es verdad? <\/P><P><\/P><P>Pero &#191;es que alguien es capaz de contar siempre siempre toda la verdad?<\/P><\/p>\n","protected":false},"featured_media":37074,"template":"","meta":{"_acf_changed":false,"inline_featured_image":false},"product_brand":[],"product_cat":[4736],"product_tag":[268,362,240,242,951,272,929,924,2058,919,346,1553],"asignatura":[],"compania":[252],"curso":[],"idiomas":[1948],"genero":[308],"linea":[250],"premio":[],"proyecto-editorial":[477],"tipo-de-libro":[249],"soporte":[2004],"zona-geografica":[],"autores":[3433,4220],"colecciones":[2293],"personajes":[],"class_list":{"0":"post-5986","1":"product","2":"type-product","3":"status-publish","4":"has-post-thumbnail","6":"product_cat-el-barco-de-vapor","7":"product_tag-amistad","8":"product_tag-creatividad","9":"product_tag-cuentos-infantiles","10":"product_tag-cuentos-para-ninos","11":"product_tag-identidad-personal","12":"product_tag-imaginacion","13":"product_tag-mentiras","14":"product_tag-muerte","15":"product_tag-ntx","16":"product_tag-premios-literarios","17":"product_tag-vida-familiar","18":"product_tag-weblogs","19":"pa_codigo-sap-ntx","20":"compania-f-sta-maria-ediciones-sm-es","21":"idiomas-espanol","22":"genero-realismo","23":"linea-narrativa","24":"proyecto-editorial-barco-de-vapor","25":"tipo-de-libro-fisico","26":"soporte-libro","27":"autores-beatriz-tormo-martin","28":"autores-pedro-manas-romero","29":"colecciones-el-barco-de-vapor-roja","31":"first","32":"instock","33":"taxable","34":"shipping-taxable","35":"purchasable","36":"product-type-simple"},"acf":{"id_catalogo":"650","shortTitle":"BVR.LA VIDA SECRETA DE REBECCA PAR(CARTO","descripcion":"<P>&#218;rsula es una ni&#241;a de once a&#241;os con una vida un poco complicada. Ha cambiado varias veces de colegio y su madre, que es una fugitiva de la justicia, rob&#243; un cuadro del museo Metropolitano&#8230; No... No es as&#237;. <\/P><P><\/P><P>&#218;rsula es una ni&#241;a de once a&#241;os que se hace llamar Rebecca y que odia a los magos porque uno hizo desaparecer a su madre. &#191;O es Rebecca, la famosa esp&#237;a secreta, la que se hace llamar &#218;rsula para despistar? Bueno, en cualquier caso tiene once a&#241;os, cinco lombrices guardadas en una caja y un gato perdido en el espacio. &#191;O lo del gato tampoco es verdad? <\/P><P><\/P><P>Pero &#191;es que alguien es capaz de contar siempre siempre toda la verdad?<\/P>","adjuntos":[{"id":"4","titulo":"Primer cap\u00edtulo \/ Unidad Modelo","url":"https:\/\/catalogo.noe-sm.com\/medias\/ES166317-009678.pdf?context=bWFzdGVyfG1pZ3JhdGlvbnwyODc3NTY2fGFwcGxpY2F0aW9uL3BkZnxtaWdyYXRpb24vaDQyL2g5MC84ODE5NTcyNDczODg2LnBkZnw3YTg0ZWM0OGRmMDE3NjBhNzZkMGVjNTcyOTY4OTFkYzYxZTQ5MzA2ZTU1ZDE2M2M0YmE3NjRiMGQzMzlhOTdk"},{"id":"20","titulo":"Ficha del alumno","url":"https:\/\/catalogo.noe-sm.com\/medias\/ES166317-011640.pdf?context=bWFzdGVyfG1pZ3JhdGlvbnw0NjI4MDQ1fGFwcGxpY2F0aW9uL3BkZnxtaWdyYXRpb24vaGM2L2hiMS84ODE5NTE5OTQ2NzgyLnBkZnw3ZGYxMDFiMDQ4NzJlM2YzNDdjY2U0ZjFiNDUzMTc5NzBhMDAzNjU3Zjc3NGU2MTNiNDU0OTU1ZTdlNzAwOGI5"},{"id":"21","titulo":"Ficha del profesor","url":"https:\/\/catalogo.noe-sm.com\/medias\/ES166317-012171.pdf?context=bWFzdGVyfG1pZ3JhdGlvbnw3NjI4NzV8YXBwbGljYXRpb24vcGRmfG1pZ3JhdGlvbi9oNGMvaGY2Lzg4MTk0MTM4NDM5OTgucGRmfDI3MjdlNTFlYWJjY2I3YjIwMDI3NzhhNTEzNTA2YzYxMjJkYzY5ZWQ1NTgzM2M5OTgwMTRhYzM1MmViZDM0MGI"}],"descriptivePhrases":[{"type":"General","text":"Una novela realista sobre una ni\u00f1a de once a\u00f1os y su forma de enfrentarse al mundo. Un cuento lleno de peque\u00f1as mentiras, grandes verdades, muchas risas, esp\u00edas secretos, magos malvados, un par de amigos, ... y un blog."}],"productSap":"NTX","isbn":"9788467579277","precio_colegios":12.02,"precio_librerias":12.02,"precio_librerias_sin_cobertura":12.02,"precio_distribuidores":12.02,"fecha_disponibilidad":null,"fecha_comercial":"20150421","organizacion_venta":"CS01","datos_para_buscador":"Beatriz Tormo Mart\u00edn, Pedro Ma\u00f1as Romero, El Barco de Vapor Roja, "},"yoast_head":"<!-- This site is optimized with the Yoast SEO plugin v26.6 - https:\/\/yoast.com\/wordpress\/plugins\/seo\/ -->\n<title>La vida secreta de Rebecca Paradise - Literatura SM Espa\u00f1a<\/title>\n<meta name=\"robots\" content=\"noindex, follow, max-snippet:-1, max-image-preview:large, max-video-preview:-1\" \/>\n<meta property=\"og:locale\" content=\"es_ES\" \/>\n<meta property=\"og:type\" content=\"article\" \/>\n<meta property=\"og:title\" content=\"La vida secreta de Rebecca Paradise - Literatura SM Espa\u00f1a\" \/>\n<meta property=\"og:url\" content=\"https:\/\/lij.ismeduca.com\/es\/producto\/la-vida-secreta-de-rebecca-paradise-2\/\" \/>\n<meta property=\"og:site_name\" content=\"Literatura SM Espa\u00f1a\" \/>\n<meta property=\"article:modified_time\" content=\"2025-12-23T11:37:45+00:00\" \/>\n<meta name=\"twitter:card\" content=\"summary_large_image\" \/>\n<script type=\"application\/ld+json\" class=\"yoast-schema-graph\">{\"@context\":\"https:\/\/schema.org\",\"@graph\":[{\"@type\":\"WebPage\",\"@id\":\"https:\/\/lij.ismeduca.com\/es\/producto\/la-vida-secreta-de-rebecca-paradise-2\/\",\"url\":\"https:\/\/lij.ismeduca.com\/es\/producto\/la-vida-secreta-de-rebecca-paradise-2\/\",\"name\":\"La vida secreta de Rebecca Paradise - Literatura SM Espa\u00f1a\",\"isPartOf\":{\"@id\":\"https:\/\/lij.ismeduca.com\/es\/#website\"},\"primaryImageOfPage\":{\"@id\":\"https:\/\/lij.ismeduca.com\/es\/producto\/la-vida-secreta-de-rebecca-paradise-2\/#primaryimage\"},\"image\":{\"@id\":\"https:\/\/lij.ismeduca.com\/es\/producto\/la-vida-secreta-de-rebecca-paradise-2\/#primaryimage\"},\"thumbnailUrl\":\"https:\/\/lij.ismeduca.com\/es\/wp-content\/uploads\/sites\/10\/2025\/12\/5986.jpg\",\"datePublished\":\"2024-07-11T10:42:00+00:00\",\"dateModified\":\"2025-12-23T11:37:45+00:00\",\"breadcrumb\":{\"@id\":\"https:\/\/lij.ismeduca.com\/es\/producto\/la-vida-secreta-de-rebecca-paradise-2\/#breadcrumb\"},\"inLanguage\":\"es\",\"potentialAction\":[{\"@type\":\"ReadAction\",\"target\":[\"https:\/\/lij.ismeduca.com\/es\/producto\/la-vida-secreta-de-rebecca-paradise-2\/\"]}]},{\"@type\":\"ImageObject\",\"inLanguage\":\"es\",\"@id\":\"https:\/\/lij.ismeduca.com\/es\/producto\/la-vida-secreta-de-rebecca-paradise-2\/#primaryimage\",\"url\":\"https:\/\/lij.ismeduca.com\/es\/wp-content\/uploads\/sites\/10\/2025\/12\/5986.jpg\",\"contentUrl\":\"https:\/\/lij.ismeduca.com\/es\/wp-content\/uploads\/sites\/10\/2025\/12\/5986.jpg\",\"width\":387,\"height\":600},{\"@type\":\"BreadcrumbList\",\"@id\":\"https:\/\/lij.ismeduca.com\/es\/producto\/la-vida-secreta-de-rebecca-paradise-2\/#breadcrumb\",\"itemListElement\":[{\"@type\":\"ListItem\",\"position\":1,\"name\":\"Portada\",\"item\":\"https:\/\/lij.ismeduca.com\/es\/\"},{\"@type\":\"ListItem\",\"position\":2,\"name\":\"Tienda\",\"item\":\"https:\/\/lij.ismeduca.com\/es\/tienda\/\"},{\"@type\":\"ListItem\",\"position\":3,\"name\":\"La vida secreta de Rebecca Paradise\"}]},{\"@type\":\"WebSite\",\"@id\":\"https:\/\/lij.ismeduca.com\/es\/#website\",\"url\":\"https:\/\/lij.ismeduca.com\/es\/\",\"name\":\"Literatura SM Espa\u00f1a\",\"description\":\"\",\"publisher\":{\"@id\":\"https:\/\/lij.ismeduca.com\/es\/#organization\"},\"potentialAction\":[{\"@type\":\"SearchAction\",\"target\":{\"@type\":\"EntryPoint\",\"urlTemplate\":\"https:\/\/lij.ismeduca.com\/es\/?s={search_term_string}\"},\"query-input\":{\"@type\":\"PropertyValueSpecification\",\"valueRequired\":true,\"valueName\":\"search_term_string\"}}],\"inLanguage\":\"es\"},{\"@type\":\"Organization\",\"@id\":\"https:\/\/lij.ismeduca.com\/es\/#organization\",\"name\":\"Literatura SM Espa\u00f1a\",\"url\":\"https:\/\/lij.ismeduca.com\/es\/\",\"logo\":{\"@type\":\"ImageObject\",\"inLanguage\":\"es\",\"@id\":\"https:\/\/lij.ismeduca.com\/es\/#\/schema\/logo\/image\/\",\"url\":\"https:\/\/lij.ismeduca.com\/es\/wp-content\/uploads\/sites\/10\/2024\/07\/logo-cabecera.png\",\"contentUrl\":\"https:\/\/lij.ismeduca.com\/es\/wp-content\/uploads\/sites\/10\/2024\/07\/logo-cabecera.png\",\"width\":396,\"height\":64,\"caption\":\"Literatura SM Espa\u00f1a\"},\"image\":{\"@id\":\"https:\/\/lij.ismeduca.com\/es\/#\/schema\/logo\/image\/\"}}]}<\/script>\n<!-- \/ Yoast SEO plugin. -->","yoast_head_json":{"title":"La vida secreta de Rebecca Paradise - Literatura SM Espa\u00f1a","robots":{"index":"noindex","follow":"follow","max-snippet":"max-snippet:-1","max-image-preview":"max-image-preview:large","max-video-preview":"max-video-preview:-1"},"og_locale":"es_ES","og_type":"article","og_title":"La vida secreta de Rebecca Paradise - Literatura SM Espa\u00f1a","og_url":"https:\/\/lij.ismeduca.com\/es\/producto\/la-vida-secreta-de-rebecca-paradise-2\/","og_site_name":"Literatura SM Espa\u00f1a","article_modified_time":"2025-12-23T11:37:45+00:00","twitter_card":"summary_large_image","schema":{"@context":"https:\/\/schema.org","@graph":[{"@type":"WebPage","@id":"https:\/\/lij.ismeduca.com\/es\/producto\/la-vida-secreta-de-rebecca-paradise-2\/","url":"https:\/\/lij.ismeduca.com\/es\/producto\/la-vida-secreta-de-rebecca-paradise-2\/","name":"La vida secreta de Rebecca Paradise - Literatura SM Espa\u00f1a","isPartOf":{"@id":"https:\/\/lij.ismeduca.com\/es\/#website"},"primaryImageOfPage":{"@id":"https:\/\/lij.ismeduca.com\/es\/producto\/la-vida-secreta-de-rebecca-paradise-2\/#primaryimage"},"image":{"@id":"https:\/\/lij.ismeduca.com\/es\/producto\/la-vida-secreta-de-rebecca-paradise-2\/#primaryimage"},"thumbnailUrl":"https:\/\/lij.ismeduca.com\/es\/wp-content\/uploads\/sites\/10\/2025\/12\/5986.jpg","datePublished":"2024-07-11T10:42:00+00:00","dateModified":"2025-12-23T11:37:45+00:00","breadcrumb":{"@id":"https:\/\/lij.ismeduca.com\/es\/producto\/la-vida-secreta-de-rebecca-paradise-2\/#breadcrumb"},"inLanguage":"es","potentialAction":[{"@type":"ReadAction","target":["https:\/\/lij.ismeduca.com\/es\/producto\/la-vida-secreta-de-rebecca-paradise-2\/"]}]},{"@type":"ImageObject","inLanguage":"es","@id":"https:\/\/lij.ismeduca.com\/es\/producto\/la-vida-secreta-de-rebecca-paradise-2\/#primaryimage","url":"https:\/\/lij.ismeduca.com\/es\/wp-content\/uploads\/sites\/10\/2025\/12\/5986.jpg","contentUrl":"https:\/\/lij.ismeduca.com\/es\/wp-content\/uploads\/sites\/10\/2025\/12\/5986.jpg","width":387,"height":600},{"@type":"BreadcrumbList","@id":"https:\/\/lij.ismeduca.com\/es\/producto\/la-vida-secreta-de-rebecca-paradise-2\/#breadcrumb","itemListElement":[{"@type":"ListItem","position":1,"name":"Portada","item":"https:\/\/lij.ismeduca.com\/es\/"},{"@type":"ListItem","position":2,"name":"Tienda","item":"https:\/\/lij.ismeduca.com\/es\/tienda\/"},{"@type":"ListItem","position":3,"name":"La vida secreta de Rebecca Paradise"}]},{"@type":"WebSite","@id":"https:\/\/lij.ismeduca.com\/es\/#website","url":"https:\/\/lij.ismeduca.com\/es\/","name":"Literatura SM Espa\u00f1a","description":"","publisher":{"@id":"https:\/\/lij.ismeduca.com\/es\/#organization"},"potentialAction":[{"@type":"SearchAction","target":{"@type":"EntryPoint","urlTemplate":"https:\/\/lij.ismeduca.com\/es\/?s={search_term_string}"},"query-input":{"@type":"PropertyValueSpecification","valueRequired":true,"valueName":"search_term_string"}}],"inLanguage":"es"},{"@type":"Organization","@id":"https:\/\/lij.ismeduca.com\/es\/#organization","name":"Literatura SM Espa\u00f1a","url":"https:\/\/lij.ismeduca.com\/es\/","logo":{"@type":"ImageObject","inLanguage":"es","@id":"https:\/\/lij.ismeduca.com\/es\/#\/schema\/logo\/image\/","url":"https:\/\/lij.ismeduca.com\/es\/wp-content\/uploads\/sites\/10\/2024\/07\/logo-cabecera.png","contentUrl":"https:\/\/lij.ismeduca.com\/es\/wp-content\/uploads\/sites\/10\/2024\/07\/logo-cabecera.png","width":396,"height":64,"caption":"Literatura SM Espa\u00f1a"},"image":{"@id":"https:\/\/lij.ismeduca.com\/es\/#\/schema\/logo\/image\/"}}]}},"_links":{"self":[{"href":"https:\/\/lij.ismeduca.com\/es\/wp-json\/wp\/v2\/product\/5986","targetHints":{"allow":["GET"]}}],"collection":[{"href":"https:\/\/lij.ismeduca.com\/es\/wp-json\/wp\/v2\/product"}],"about":[{"href":"https:\/\/lij.ismeduca.com\/es\/wp-json\/wp\/v2\/types\/product"}],"version-history":[{"count":1,"href":"https:\/\/lij.ismeduca.com\/es\/wp-json\/wp\/v2\/product\/5986\/revisions"}],"predecessor-version":[{"id":33754,"href":"https:\/\/lij.ismeduca.com\/es\/wp-json\/wp\/v2\/product\/5986\/revisions\/33754"}],"wp:featuredmedia":[{"embeddable":true,"href":"https:\/\/lij.ismeduca.com\/es\/wp-json\/wp\/v2\/media\/37074"}],"wp:attachment":[{"href":"https:\/\/lij.ismeduca.com\/es\/wp-json\/wp\/v2\/media?parent=5986"}],"wp:term":[{"taxonomy":"product_brand","embeddable":true,"href":"https:\/\/lij.ismeduca.com\/es\/wp-json\/wp\/v2\/product_brand?post=5986"},{"taxonomy":"product_cat","embeddable":true,"href":"https:\/\/lij.ismeduca.com\/es\/wp-json\/wp\/v2\/product_cat?post=5986"},{"taxonomy":"product_tag","embeddable":true,"href":"https:\/\/lij.ismeduca.com\/es\/wp-json\/wp\/v2\/product_tag?post=5986"},{"taxonomy":"asignatura","embeddable":true,"href":"https:\/\/lij.ismeduca.com\/es\/wp-json\/wp\/v2\/asignatura?post=5986"},{"taxonomy":"compania","embeddable":true,"href":"https:\/\/lij.ismeduca.com\/es\/wp-json\/wp\/v2\/compania?post=5986"},{"taxonomy":"curso","embeddable":true,"href":"https:\/\/lij.ismeduca.com\/es\/wp-json\/wp\/v2\/curso?post=5986"},{"taxonomy":"idiomas","embeddable":true,"href":"https:\/\/lij.ismeduca.com\/es\/wp-json\/wp\/v2\/idiomas?post=5986"},{"taxonomy":"genero","embeddable":true,"href":"https:\/\/lij.ismeduca.com\/es\/wp-json\/wp\/v2\/genero?post=5986"},{"taxonomy":"linea","embeddable":true,"href":"https:\/\/lij.ismeduca.com\/es\/wp-json\/wp\/v2\/linea?post=5986"},{"taxonomy":"premio","embeddable":true,"href":"https:\/\/lij.ismeduca.com\/es\/wp-json\/wp\/v2\/premio?post=5986"},{"taxonomy":"proyecto-editorial","embeddable":true,"href":"https:\/\/lij.ismeduca.com\/es\/wp-json\/wp\/v2\/proyecto-editorial?post=5986"},{"taxonomy":"tipo-de-libro","embeddable":true,"href":"https:\/\/lij.ismeduca.com\/es\/wp-json\/wp\/v2\/tipo-de-libro?post=5986"},{"taxonomy":"soporte","embeddable":true,"href":"https:\/\/lij.ismeduca.com\/es\/wp-json\/wp\/v2\/soporte?post=5986"},{"taxonomy":"zona-geografica","embeddable":true,"href":"https:\/\/lij.ismeduca.com\/es\/wp-json\/wp\/v2\/zona-geografica?post=5986"},{"taxonomy":"autores","embeddable":true,"href":"https:\/\/lij.ismeduca.com\/es\/wp-json\/wp\/v2\/autores?post=5986"},{"taxonomy":"colecciones","embeddable":true,"href":"https:\/\/lij.ismeduca.com\/es\/wp-json\/wp\/v2\/colecciones?post=5986"},{"taxonomy":"personajes","embeddable":true,"href":"https:\/\/lij.ismeduca.com\/es\/wp-json\/wp\/v2\/personajes?post=5986"}],"curies":[{"name":"wp","href":"https:\/\/api.w.org\/{rel}","templated":true}]}}