{"id":6050,"date":"2019-09-19T00:00:00","date_gmt":"2024-07-11T10:42:32","guid":{"rendered":"https:\/\/lij.ismeduca.com\/tienda\/?post_type=product&#038;p=6050"},"modified":"2025-12-23T12:47:32","modified_gmt":"2025-12-23T11:47:32","slug":"el-increible-viaje-de-garry-hop","status":"publish","type":"product","link":"https:\/\/lij.ismeduca.com\/es\/producto\/el-increible-viaje-de-garry-hop\/","title":{"rendered":"El incre\u00edble viaje de Garry Hop"},"content":{"rendered":"","protected":false},"excerpt":{"rendered":"<p style=\"margin-left:0cm; margin-right:0cm\">Una brutal guerra consume a <strong>fiderbos<\/strong> y <strong>verrotos<\/strong>, dos pueblos enfrentados por poseer la m&aacute;gica <strong>Isla de Hunnia<\/strong>, fuente de todas las plantas medicinales del mundo. El verroto <strong>Garry Hop<\/strong> emprende un <strong>peligroso viaje<\/strong> a la isla para conseguir las medicinas que necesita su madre para sobrevivir. Durante el trayecto conocer&aacute; a <strong>Alina<\/strong>, una fiderba con la que vivir&aacute; <strong>emocionantes aventuras<\/strong>&hellip;<\/p>\n","protected":false},"featured_media":37161,"template":"","meta":{"_acf_changed":false,"inline_featured_image":false},"product_brand":[],"product_cat":[4736],"product_tag":[268,423,270,531,508,938,297,478,298,374,2058,538,1522,668],"asignatura":[],"compania":[252],"curso":[],"idiomas":[1948],"genero":[275],"linea":[250],"premio":[],"proyecto-editorial":[251],"tipo-de-libro":[249],"soporte":[2004],"zona-geografica":[],"autores":[3945,4396,3066,4363],"colecciones":[2293],"personajes":[],"class_list":{"0":"post-6050","1":"product","2":"type-product","3":"status-publish","4":"has-post-thumbnail","6":"product_cat-el-barco-de-vapor","7":"product_tag-amistad","8":"product_tag-amor","9":"product_tag-animales","10":"product_tag-convivencia","11":"product_tag-guerras","12":"product_tag-interculturalidad","13":"product_tag-literatura-de-aventuras","14":"product_tag-literatura-fantastica","15":"product_tag-literatura-infantil","16":"product_tag-naturaleza","17":"product_tag-ntx","18":"product_tag-paz","19":"product_tag-respeto","20":"product_tag-seres-mitologicos-y-sobrenaturales","21":"pa_codigo-sap-ntx","22":"compania-f-sta-maria-ediciones-sm-es","23":"idiomas-espanol","24":"genero-fantasia","25":"linea-narrativa","26":"proyecto-editorial-fondo-general","27":"tipo-de-libro-fisico","28":"soporte-libro","29":"autores-bruno-hidalgo-garcia","30":"autores-ines-de-la-iglesia-perez","31":"autores-moony-witcher-roberta-rizzo","32":"autores-vanessa-garcia-gutierrez","33":"colecciones-el-barco-de-vapor-roja","35":"first","36":"instock","37":"taxable","38":"shipping-taxable","39":"purchasable","40":"product-type-simple"},"acf":{"id_catalogo":"650","shortTitle":"BVR.245 EL INCREIBLE VIAJE DE GARRY HOP","descripcion":"<p style=\"margin-left:0cm; margin-right:0cm\">Una brutal guerra consume a <strong>fiderbos<\/strong> y <strong>verrotos<\/strong>, dos pueblos enfrentados por poseer la m&aacute;gica <strong>Isla de Hunnia<\/strong>, fuente de todas las plantas medicinales del mundo. El verroto <strong>Garry Hop<\/strong> emprende un <strong>peligroso viaje<\/strong> a la isla para conseguir las medicinas que necesita su madre para sobrevivir. Durante el trayecto conocer&aacute; a <strong>Alina<\/strong>, una fiderba con la que vivir&aacute; <strong>emocionantes aventuras<\/strong>&hellip;<\/p>\n","adjuntos":[{"id":"21","titulo":"Ficha del profesor","url":"https:\/\/catalogo.noe-sm.com\/medias\/191741-recur-001-001-pro-savia.pdf?context=bWFzdGVyfHJvb3R8Nzg1MTM5fGFwcGxpY2F0aW9uL3BkZnxoOTEvaDZjLzg4NjI5ODg0MzU0ODYucGRmfDZlZjk2NDRiMDk4MjVmMWM2ZGU3NjUwMDNhZWEwMzRjNjhiNzNjYzc0NWI0NTZhZTgyZjFiYWFjMWQ5ZTZiNGY"},{"id":"20","titulo":"Ficha del alumno","url":"https:\/\/catalogo.noe-sm.com\/medias\/191741-recur-001-004-alu-savia.pdf?context=bWFzdGVyfHJvb3R8MTk3OTk3MHxhcHBsaWNhdGlvbi9wZGZ8aDliL2gxZi84ODYyOTg4NTAxMDIyLnBkZnw5ZTZlMDc1MzFhZWQ0ODMyMDEyOTJlM2JjZjUxOTRlOGM4ZDNhNTBlMjQ4MWU3MzJmY2FjZGQzMzhjM2Y2YmUy"}],"descriptivePhrases":[{"type":"General","text":"Dos ni\u00f1os. Dos pueblos enemistados. Una isla f\u00e9rtil y m\u00e1gica. Una aventura apasionante, un himno a la paz y al respeto de la naturaleza."}],"productSap":"NTX","isbn":"9788413180502","precio_colegios":9.13,"precio_librerias":9.13,"precio_librerias_sin_cobertura":9.13,"precio_distribuidores":9.13,"fecha_disponibilidad":null,"fecha_comercial":"20190919","organizacion_venta":"CS01","datos_para_buscador":"Bruno Hidalgo Garc\u00eda, In\u00e9s De la Iglesia P\u00e9rez, Vanessa Garc\u00eda Guti\u00e9rrez, Moony Witcher (Roberta Rizzo), El Barco de Vapor Roja, "},"yoast_head":"<!-- This site is optimized with the Yoast SEO plugin v26.6 - https:\/\/yoast.com\/wordpress\/plugins\/seo\/ -->\n<title>El incre\u00edble viaje de Garry Hop - Literatura SM Espa\u00f1a<\/title>\n<meta name=\"robots\" content=\"noindex, follow, max-snippet:-1, max-image-preview:large, max-video-preview:-1\" \/>\n<meta property=\"og:locale\" content=\"es_ES\" \/>\n<meta property=\"og:type\" content=\"article\" \/>\n<meta property=\"og:title\" content=\"El incre\u00edble viaje de Garry Hop - Literatura SM Espa\u00f1a\" \/>\n<meta property=\"og:url\" content=\"https:\/\/lij.ismeduca.com\/es\/producto\/el-increible-viaje-de-garry-hop\/\" \/>\n<meta property=\"og:site_name\" content=\"Literatura SM Espa\u00f1a\" \/>\n<meta property=\"article:modified_time\" content=\"2025-12-23T11:47:32+00:00\" \/>\n<meta name=\"twitter:card\" content=\"summary_large_image\" \/>\n<script type=\"application\/ld+json\" class=\"yoast-schema-graph\">{\"@context\":\"https:\/\/schema.org\",\"@graph\":[{\"@type\":\"WebPage\",\"@id\":\"https:\/\/lij.ismeduca.com\/es\/producto\/el-increible-viaje-de-garry-hop\/\",\"url\":\"https:\/\/lij.ismeduca.com\/es\/producto\/el-increible-viaje-de-garry-hop\/\",\"name\":\"El incre\u00edble viaje de Garry Hop - Literatura SM Espa\u00f1a\",\"isPartOf\":{\"@id\":\"https:\/\/lij.ismeduca.com\/es\/#website\"},\"primaryImageOfPage\":{\"@id\":\"https:\/\/lij.ismeduca.com\/es\/producto\/el-increible-viaje-de-garry-hop\/#primaryimage\"},\"image\":{\"@id\":\"https:\/\/lij.ismeduca.com\/es\/producto\/el-increible-viaje-de-garry-hop\/#primaryimage\"},\"thumbnailUrl\":\"https:\/\/lij.ismeduca.com\/es\/wp-content\/uploads\/sites\/10\/2025\/12\/6050.jpg\",\"datePublished\":\"2024-07-11T10:42:32+00:00\",\"dateModified\":\"2025-12-23T11:47:32+00:00\",\"breadcrumb\":{\"@id\":\"https:\/\/lij.ismeduca.com\/es\/producto\/el-increible-viaje-de-garry-hop\/#breadcrumb\"},\"inLanguage\":\"es\",\"potentialAction\":[{\"@type\":\"ReadAction\",\"target\":[\"https:\/\/lij.ismeduca.com\/es\/producto\/el-increible-viaje-de-garry-hop\/\"]}]},{\"@type\":\"ImageObject\",\"inLanguage\":\"es\",\"@id\":\"https:\/\/lij.ismeduca.com\/es\/producto\/el-increible-viaje-de-garry-hop\/#primaryimage\",\"url\":\"https:\/\/lij.ismeduca.com\/es\/wp-content\/uploads\/sites\/10\/2025\/12\/6050.jpg\",\"contentUrl\":\"https:\/\/lij.ismeduca.com\/es\/wp-content\/uploads\/sites\/10\/2025\/12\/6050.jpg\",\"width\":600,\"height\":951},{\"@type\":\"BreadcrumbList\",\"@id\":\"https:\/\/lij.ismeduca.com\/es\/producto\/el-increible-viaje-de-garry-hop\/#breadcrumb\",\"itemListElement\":[{\"@type\":\"ListItem\",\"position\":1,\"name\":\"Portada\",\"item\":\"https:\/\/lij.ismeduca.com\/es\/\"},{\"@type\":\"ListItem\",\"position\":2,\"name\":\"Tienda\",\"item\":\"https:\/\/lij.ismeduca.com\/es\/tienda\/\"},{\"@type\":\"ListItem\",\"position\":3,\"name\":\"El incre\u00edble viaje de Garry Hop\"}]},{\"@type\":\"WebSite\",\"@id\":\"https:\/\/lij.ismeduca.com\/es\/#website\",\"url\":\"https:\/\/lij.ismeduca.com\/es\/\",\"name\":\"Literatura SM Espa\u00f1a\",\"description\":\"\",\"publisher\":{\"@id\":\"https:\/\/lij.ismeduca.com\/es\/#organization\"},\"potentialAction\":[{\"@type\":\"SearchAction\",\"target\":{\"@type\":\"EntryPoint\",\"urlTemplate\":\"https:\/\/lij.ismeduca.com\/es\/?s={search_term_string}\"},\"query-input\":{\"@type\":\"PropertyValueSpecification\",\"valueRequired\":true,\"valueName\":\"search_term_string\"}}],\"inLanguage\":\"es\"},{\"@type\":\"Organization\",\"@id\":\"https:\/\/lij.ismeduca.com\/es\/#organization\",\"name\":\"Literatura SM Espa\u00f1a\",\"url\":\"https:\/\/lij.ismeduca.com\/es\/\",\"logo\":{\"@type\":\"ImageObject\",\"inLanguage\":\"es\",\"@id\":\"https:\/\/lij.ismeduca.com\/es\/#\/schema\/logo\/image\/\",\"url\":\"https:\/\/lij.ismeduca.com\/es\/wp-content\/uploads\/sites\/10\/2024\/07\/logo-cabecera.png\",\"contentUrl\":\"https:\/\/lij.ismeduca.com\/es\/wp-content\/uploads\/sites\/10\/2024\/07\/logo-cabecera.png\",\"width\":396,\"height\":64,\"caption\":\"Literatura SM Espa\u00f1a\"},\"image\":{\"@id\":\"https:\/\/lij.ismeduca.com\/es\/#\/schema\/logo\/image\/\"}}]}<\/script>\n<!-- \/ Yoast SEO plugin. -->","yoast_head_json":{"title":"El incre\u00edble viaje de Garry Hop - Literatura SM Espa\u00f1a","robots":{"index":"noindex","follow":"follow","max-snippet":"max-snippet:-1","max-image-preview":"max-image-preview:large","max-video-preview":"max-video-preview:-1"},"og_locale":"es_ES","og_type":"article","og_title":"El incre\u00edble viaje de Garry Hop - Literatura SM Espa\u00f1a","og_url":"https:\/\/lij.ismeduca.com\/es\/producto\/el-increible-viaje-de-garry-hop\/","og_site_name":"Literatura SM Espa\u00f1a","article_modified_time":"2025-12-23T11:47:32+00:00","twitter_card":"summary_large_image","schema":{"@context":"https:\/\/schema.org","@graph":[{"@type":"WebPage","@id":"https:\/\/lij.ismeduca.com\/es\/producto\/el-increible-viaje-de-garry-hop\/","url":"https:\/\/lij.ismeduca.com\/es\/producto\/el-increible-viaje-de-garry-hop\/","name":"El incre\u00edble viaje de Garry Hop - Literatura SM Espa\u00f1a","isPartOf":{"@id":"https:\/\/lij.ismeduca.com\/es\/#website"},"primaryImageOfPage":{"@id":"https:\/\/lij.ismeduca.com\/es\/producto\/el-increible-viaje-de-garry-hop\/#primaryimage"},"image":{"@id":"https:\/\/lij.ismeduca.com\/es\/producto\/el-increible-viaje-de-garry-hop\/#primaryimage"},"thumbnailUrl":"https:\/\/lij.ismeduca.com\/es\/wp-content\/uploads\/sites\/10\/2025\/12\/6050.jpg","datePublished":"2024-07-11T10:42:32+00:00","dateModified":"2025-12-23T11:47:32+00:00","breadcrumb":{"@id":"https:\/\/lij.ismeduca.com\/es\/producto\/el-increible-viaje-de-garry-hop\/#breadcrumb"},"inLanguage":"es","potentialAction":[{"@type":"ReadAction","target":["https:\/\/lij.ismeduca.com\/es\/producto\/el-increible-viaje-de-garry-hop\/"]}]},{"@type":"ImageObject","inLanguage":"es","@id":"https:\/\/lij.ismeduca.com\/es\/producto\/el-increible-viaje-de-garry-hop\/#primaryimage","url":"https:\/\/lij.ismeduca.com\/es\/wp-content\/uploads\/sites\/10\/2025\/12\/6050.jpg","contentUrl":"https:\/\/lij.ismeduca.com\/es\/wp-content\/uploads\/sites\/10\/2025\/12\/6050.jpg","width":600,"height":951},{"@type":"BreadcrumbList","@id":"https:\/\/lij.ismeduca.com\/es\/producto\/el-increible-viaje-de-garry-hop\/#breadcrumb","itemListElement":[{"@type":"ListItem","position":1,"name":"Portada","item":"https:\/\/lij.ismeduca.com\/es\/"},{"@type":"ListItem","position":2,"name":"Tienda","item":"https:\/\/lij.ismeduca.com\/es\/tienda\/"},{"@type":"ListItem","position":3,"name":"El incre\u00edble viaje de Garry Hop"}]},{"@type":"WebSite","@id":"https:\/\/lij.ismeduca.com\/es\/#website","url":"https:\/\/lij.ismeduca.com\/es\/","name":"Literatura SM Espa\u00f1a","description":"","publisher":{"@id":"https:\/\/lij.ismeduca.com\/es\/#organization"},"potentialAction":[{"@type":"SearchAction","target":{"@type":"EntryPoint","urlTemplate":"https:\/\/lij.ismeduca.com\/es\/?s={search_term_string}"},"query-input":{"@type":"PropertyValueSpecification","valueRequired":true,"valueName":"search_term_string"}}],"inLanguage":"es"},{"@type":"Organization","@id":"https:\/\/lij.ismeduca.com\/es\/#organization","name":"Literatura SM Espa\u00f1a","url":"https:\/\/lij.ismeduca.com\/es\/","logo":{"@type":"ImageObject","inLanguage":"es","@id":"https:\/\/lij.ismeduca.com\/es\/#\/schema\/logo\/image\/","url":"https:\/\/lij.ismeduca.com\/es\/wp-content\/uploads\/sites\/10\/2024\/07\/logo-cabecera.png","contentUrl":"https:\/\/lij.ismeduca.com\/es\/wp-content\/uploads\/sites\/10\/2024\/07\/logo-cabecera.png","width":396,"height":64,"caption":"Literatura SM Espa\u00f1a"},"image":{"@id":"https:\/\/lij.ismeduca.com\/es\/#\/schema\/logo\/image\/"}}]}},"_links":{"self":[{"href":"https:\/\/lij.ismeduca.com\/es\/wp-json\/wp\/v2\/product\/6050","targetHints":{"allow":["GET"]}}],"collection":[{"href":"https:\/\/lij.ismeduca.com\/es\/wp-json\/wp\/v2\/product"}],"about":[{"href":"https:\/\/lij.ismeduca.com\/es\/wp-json\/wp\/v2\/types\/product"}],"version-history":[{"count":1,"href":"https:\/\/lij.ismeduca.com\/es\/wp-json\/wp\/v2\/product\/6050\/revisions"}],"predecessor-version":[{"id":37162,"href":"https:\/\/lij.ismeduca.com\/es\/wp-json\/wp\/v2\/product\/6050\/revisions\/37162"}],"wp:featuredmedia":[{"embeddable":true,"href":"https:\/\/lij.ismeduca.com\/es\/wp-json\/wp\/v2\/media\/37161"}],"wp:attachment":[{"href":"https:\/\/lij.ismeduca.com\/es\/wp-json\/wp\/v2\/media?parent=6050"}],"wp:term":[{"taxonomy":"product_brand","embeddable":true,"href":"https:\/\/lij.ismeduca.com\/es\/wp-json\/wp\/v2\/product_brand?post=6050"},{"taxonomy":"product_cat","embeddable":true,"href":"https:\/\/lij.ismeduca.com\/es\/wp-json\/wp\/v2\/product_cat?post=6050"},{"taxonomy":"product_tag","embeddable":true,"href":"https:\/\/lij.ismeduca.com\/es\/wp-json\/wp\/v2\/product_tag?post=6050"},{"taxonomy":"asignatura","embeddable":true,"href":"https:\/\/lij.ismeduca.com\/es\/wp-json\/wp\/v2\/asignatura?post=6050"},{"taxonomy":"compania","embeddable":true,"href":"https:\/\/lij.ismeduca.com\/es\/wp-json\/wp\/v2\/compania?post=6050"},{"taxonomy":"curso","embeddable":true,"href":"https:\/\/lij.ismeduca.com\/es\/wp-json\/wp\/v2\/curso?post=6050"},{"taxonomy":"idiomas","embeddable":true,"href":"https:\/\/lij.ismeduca.com\/es\/wp-json\/wp\/v2\/idiomas?post=6050"},{"taxonomy":"genero","embeddable":true,"href":"https:\/\/lij.ismeduca.com\/es\/wp-json\/wp\/v2\/genero?post=6050"},{"taxonomy":"linea","embeddable":true,"href":"https:\/\/lij.ismeduca.com\/es\/wp-json\/wp\/v2\/linea?post=6050"},{"taxonomy":"premio","embeddable":true,"href":"https:\/\/lij.ismeduca.com\/es\/wp-json\/wp\/v2\/premio?post=6050"},{"taxonomy":"proyecto-editorial","embeddable":true,"href":"https:\/\/lij.ismeduca.com\/es\/wp-json\/wp\/v2\/proyecto-editorial?post=6050"},{"taxonomy":"tipo-de-libro","embeddable":true,"href":"https:\/\/lij.ismeduca.com\/es\/wp-json\/wp\/v2\/tipo-de-libro?post=6050"},{"taxonomy":"soporte","embeddable":true,"href":"https:\/\/lij.ismeduca.com\/es\/wp-json\/wp\/v2\/soporte?post=6050"},{"taxonomy":"zona-geografica","embeddable":true,"href":"https:\/\/lij.ismeduca.com\/es\/wp-json\/wp\/v2\/zona-geografica?post=6050"},{"taxonomy":"autores","embeddable":true,"href":"https:\/\/lij.ismeduca.com\/es\/wp-json\/wp\/v2\/autores?post=6050"},{"taxonomy":"colecciones","embeddable":true,"href":"https:\/\/lij.ismeduca.com\/es\/wp-json\/wp\/v2\/colecciones?post=6050"},{"taxonomy":"personajes","embeddable":true,"href":"https:\/\/lij.ismeduca.com\/es\/wp-json\/wp\/v2\/personajes?post=6050"}],"curies":[{"name":"wp","href":"https:\/\/api.w.org\/{rel}","templated":true}]}}