{"id":6075,"date":"2023-09-14T00:00:00","date_gmt":"2024-07-11T10:42:45","guid":{"rendered":"https:\/\/lij.ismeduca.com\/tienda\/?post_type=product&#038;p=6075"},"modified":"2025-12-23T13:03:46","modified_gmt":"2025-12-23T12:03:46","slug":"bvrlf-198-los-ambigu-y-el-caso-de-la-estatua-lectura-facil","status":"publish","type":"product","link":"https:\/\/lij.ismeduca.com\/es\/producto\/bvrlf-198-los-ambigu-y-el-caso-de-la-estatua-lectura-facil\/","title":{"rendered":"BVRLF.198 Los Ambig\u00fa y el caso de la estatua (Lectura F\u00e1cil)"},"content":{"rendered":"","protected":false},"excerpt":{"rendered":"<p><strong>Este libro est\u00e1 adaptado al sistema de Lectura F\u00e1cil: un modo de hacer la lectura accesible a diferentes tipos de necesidades espec\u00edficas de aprendizaje.&nbsp;<\/strong><\/p>\n<p>Esther, David y Sebasti\u00e1n son los Ambig\u00fa, tres amigos que siempre que pueden se reunen los s\u00f3tanos de una librer\u00eda de viejo, situada en el barrio G\u00f3tico de Barcelona. Hacen un buen equipo. Su ayuda ha sido decisiva en m\u00e1s de una ocasi\u00f3n para resolver alguna investigaci\u00f3n en la que la polic\u00eda estaba atascada.<\/p>\n<p>En esta ocasi\u00f3n, descubrir\u00e1n un secreto entorno a una de&nbsp;las estatuas m\u00e1s famosas de Miguel \u00c1ngel y que ayudar\u00e1 a desmantelar una poderosa organizaci\u00f3n de traficantes de obras de arte.<\/p>\n","protected":false},"featured_media":37079,"template":"","meta":{"_acf_changed":false,"inline_featured_image":false},"product_brand":[],"product_cat":[4736],"product_tag":[268,465,1421,1698,297,981,298,1697,2058,293,1196,1472,1210,273],"asignatura":[],"compania":[252],"curso":[],"idiomas":[1948],"genero":[957],"linea":[250],"premio":[],"proyecto-editorial":[477],"tipo-de-libro":[249],"soporte":[2004],"zona-geografica":[],"autores":[3055,4119,4543,3991,3311],"colecciones":[2293],"personajes":[],"class_list":{"0":"post-6075","1":"product","2":"type-product","3":"status-publish","4":"has-post-thumbnail","6":"product_cat-el-barco-de-vapor","7":"product_tag-amistad","8":"product_tag-arte","9":"product_tag-barcelona-ciudad","10":"product_tag-librerias","11":"product_tag-literatura-de-aventuras","12":"product_tag-literatura-de-misterio","13":"product_tag-literatura-infantil","14":"product_tag-miguel-angel","15":"product_tag-ntx","16":"product_tag-relaciones-familiares","17":"product_tag-robos","18":"product_tag-roma","19":"product_tag-tipos-de-letra","20":"product_tag-viajes","21":"pa_codigo-sap-ntx","22":"compania-f-sta-maria-ediciones-sm-es","23":"idiomas-espanol","24":"genero-misterio","25":"linea-narrativa","26":"proyecto-editorial-barco-de-vapor","27":"tipo-de-libro-fisico","28":"soporte-libro","29":"autores-amelia-navarro","30":"autores-flavia-company","31":"autores-iria-torres-garcia","32":"autores-maria-jose-sanz","33":"autores-maria-san-roman-sanz","34":"colecciones-el-barco-de-vapor-roja","36":"first","37":"instock","38":"taxable","39":"shipping-taxable","40":"purchasable","41":"product-type-simple"},"acf":{"id_catalogo":"650","shortTitle":"BVRLF.198 LOS AMBIGU Y EL CASO DE","descripcion":"<p><strong>Este libro est\u00e1 adaptado al sistema de Lectura F\u00e1cil: un modo de hacer la lectura accesible a diferentes tipos de necesidades espec\u00edficas de aprendizaje.&nbsp;<\/strong><\/p>\n<p>Esther, David y Sebasti\u00e1n son los Ambig\u00fa, tres amigos que siempre que pueden se reunen los s\u00f3tanos de una librer\u00eda de viejo, situada en el barrio G\u00f3tico de Barcelona. Hacen un buen equipo. Su ayuda ha sido decisiva en m\u00e1s de una ocasi\u00f3n para resolver alguna investigaci\u00f3n en la que la polic\u00eda estaba atascada.<\/p>\n<p>En esta ocasi\u00f3n, descubrir\u00e1n un secreto entorno a una de&nbsp;las estatuas m\u00e1s famosas de Miguel \u00c1ngel y que ayudar\u00e1 a desmantelar una poderosa organizaci\u00f3n de traficantes de obras de arte.<\/p>","adjuntos":null,"descriptivePhrases":[{"type":"General","text":"Una novela de detectives en lectura f\u00e1cil, que apuesta por el trabajo en equipo y la amistad."}],"productSap":"NTX","isbn":"9788419099822","precio_colegios":9.13,"precio_librerias":9.13,"precio_librerias_sin_cobertura":9.13,"precio_distribuidores":9.13,"fecha_disponibilidad":null,"fecha_comercial":"20230914","organizacion_venta":"CS01","datos_para_buscador":"Maria Jos\u00e9 Sanz, Mar\u00eda San Rom\u00e1n Sanz, Iria Torres Garc\u00eda, Amelia Navarro, Flavia Company, El Barco de Vapor Roja, "},"yoast_head":"<!-- This site is optimized with the Yoast SEO plugin v26.6 - https:\/\/yoast.com\/wordpress\/plugins\/seo\/ -->\n<title>BVRLF.198 Los Ambig\u00fa y el caso de la estatua (Lectura F\u00e1cil) - Literatura SM Espa\u00f1a<\/title>\n<meta name=\"robots\" content=\"noindex, follow, max-snippet:-1, max-image-preview:large, max-video-preview:-1\" \/>\n<meta property=\"og:locale\" content=\"es_ES\" \/>\n<meta property=\"og:type\" content=\"article\" \/>\n<meta property=\"og:title\" content=\"BVRLF.198 Los Ambig\u00fa y el caso de la estatua (Lectura F\u00e1cil) - Literatura SM Espa\u00f1a\" \/>\n<meta property=\"og:url\" content=\"https:\/\/lij.ismeduca.com\/es\/producto\/bvrlf-198-los-ambigu-y-el-caso-de-la-estatua-lectura-facil\/\" \/>\n<meta property=\"og:site_name\" content=\"Literatura SM Espa\u00f1a\" \/>\n<meta property=\"article:modified_time\" content=\"2025-12-23T12:03:46+00:00\" \/>\n<meta name=\"twitter:card\" content=\"summary_large_image\" \/>\n<script type=\"application\/ld+json\" class=\"yoast-schema-graph\">{\"@context\":\"https:\/\/schema.org\",\"@graph\":[{\"@type\":\"WebPage\",\"@id\":\"https:\/\/lij.ismeduca.com\/es\/producto\/bvrlf-198-los-ambigu-y-el-caso-de-la-estatua-lectura-facil\/\",\"url\":\"https:\/\/lij.ismeduca.com\/es\/producto\/bvrlf-198-los-ambigu-y-el-caso-de-la-estatua-lectura-facil\/\",\"name\":\"BVRLF.198 Los Ambig\u00fa y el caso de la estatua (Lectura F\u00e1cil) - Literatura SM Espa\u00f1a\",\"isPartOf\":{\"@id\":\"https:\/\/lij.ismeduca.com\/es\/#website\"},\"primaryImageOfPage\":{\"@id\":\"https:\/\/lij.ismeduca.com\/es\/producto\/bvrlf-198-los-ambigu-y-el-caso-de-la-estatua-lectura-facil\/#primaryimage\"},\"image\":{\"@id\":\"https:\/\/lij.ismeduca.com\/es\/producto\/bvrlf-198-los-ambigu-y-el-caso-de-la-estatua-lectura-facil\/#primaryimage\"},\"thumbnailUrl\":\"https:\/\/lij.ismeduca.com\/es\/wp-content\/uploads\/sites\/10\/2025\/12\/6075.jpg\",\"datePublished\":\"2024-07-11T10:42:45+00:00\",\"dateModified\":\"2025-12-23T12:03:46+00:00\",\"breadcrumb\":{\"@id\":\"https:\/\/lij.ismeduca.com\/es\/producto\/bvrlf-198-los-ambigu-y-el-caso-de-la-estatua-lectura-facil\/#breadcrumb\"},\"inLanguage\":\"es\",\"potentialAction\":[{\"@type\":\"ReadAction\",\"target\":[\"https:\/\/lij.ismeduca.com\/es\/producto\/bvrlf-198-los-ambigu-y-el-caso-de-la-estatua-lectura-facil\/\"]}]},{\"@type\":\"ImageObject\",\"inLanguage\":\"es\",\"@id\":\"https:\/\/lij.ismeduca.com\/es\/producto\/bvrlf-198-los-ambigu-y-el-caso-de-la-estatua-lectura-facil\/#primaryimage\",\"url\":\"https:\/\/lij.ismeduca.com\/es\/wp-content\/uploads\/sites\/10\/2025\/12\/6075.jpg\",\"contentUrl\":\"https:\/\/lij.ismeduca.com\/es\/wp-content\/uploads\/sites\/10\/2025\/12\/6075.jpg\",\"width\":600,\"height\":925},{\"@type\":\"BreadcrumbList\",\"@id\":\"https:\/\/lij.ismeduca.com\/es\/producto\/bvrlf-198-los-ambigu-y-el-caso-de-la-estatua-lectura-facil\/#breadcrumb\",\"itemListElement\":[{\"@type\":\"ListItem\",\"position\":1,\"name\":\"Portada\",\"item\":\"https:\/\/lij.ismeduca.com\/es\/\"},{\"@type\":\"ListItem\",\"position\":2,\"name\":\"Tienda\",\"item\":\"https:\/\/lij.ismeduca.com\/es\/tienda\/\"},{\"@type\":\"ListItem\",\"position\":3,\"name\":\"BVRLF.198 Los Ambig\u00fa y el caso de la estatua (Lectura F\u00e1cil)\"}]},{\"@type\":\"WebSite\",\"@id\":\"https:\/\/lij.ismeduca.com\/es\/#website\",\"url\":\"https:\/\/lij.ismeduca.com\/es\/\",\"name\":\"Literatura SM Espa\u00f1a\",\"description\":\"\",\"publisher\":{\"@id\":\"https:\/\/lij.ismeduca.com\/es\/#organization\"},\"potentialAction\":[{\"@type\":\"SearchAction\",\"target\":{\"@type\":\"EntryPoint\",\"urlTemplate\":\"https:\/\/lij.ismeduca.com\/es\/?s={search_term_string}\"},\"query-input\":{\"@type\":\"PropertyValueSpecification\",\"valueRequired\":true,\"valueName\":\"search_term_string\"}}],\"inLanguage\":\"es\"},{\"@type\":\"Organization\",\"@id\":\"https:\/\/lij.ismeduca.com\/es\/#organization\",\"name\":\"Literatura SM Espa\u00f1a\",\"url\":\"https:\/\/lij.ismeduca.com\/es\/\",\"logo\":{\"@type\":\"ImageObject\",\"inLanguage\":\"es\",\"@id\":\"https:\/\/lij.ismeduca.com\/es\/#\/schema\/logo\/image\/\",\"url\":\"https:\/\/lij.ismeduca.com\/es\/wp-content\/uploads\/sites\/10\/2024\/07\/logo-cabecera.png\",\"contentUrl\":\"https:\/\/lij.ismeduca.com\/es\/wp-content\/uploads\/sites\/10\/2024\/07\/logo-cabecera.png\",\"width\":396,\"height\":64,\"caption\":\"Literatura SM Espa\u00f1a\"},\"image\":{\"@id\":\"https:\/\/lij.ismeduca.com\/es\/#\/schema\/logo\/image\/\"}}]}<\/script>\n<!-- \/ Yoast SEO plugin. -->","yoast_head_json":{"title":"BVRLF.198 Los Ambig\u00fa y el caso de la estatua (Lectura F\u00e1cil) - Literatura SM Espa\u00f1a","robots":{"index":"noindex","follow":"follow","max-snippet":"max-snippet:-1","max-image-preview":"max-image-preview:large","max-video-preview":"max-video-preview:-1"},"og_locale":"es_ES","og_type":"article","og_title":"BVRLF.198 Los Ambig\u00fa y el caso de la estatua (Lectura F\u00e1cil) - Literatura SM Espa\u00f1a","og_url":"https:\/\/lij.ismeduca.com\/es\/producto\/bvrlf-198-los-ambigu-y-el-caso-de-la-estatua-lectura-facil\/","og_site_name":"Literatura SM Espa\u00f1a","article_modified_time":"2025-12-23T12:03:46+00:00","twitter_card":"summary_large_image","schema":{"@context":"https:\/\/schema.org","@graph":[{"@type":"WebPage","@id":"https:\/\/lij.ismeduca.com\/es\/producto\/bvrlf-198-los-ambigu-y-el-caso-de-la-estatua-lectura-facil\/","url":"https:\/\/lij.ismeduca.com\/es\/producto\/bvrlf-198-los-ambigu-y-el-caso-de-la-estatua-lectura-facil\/","name":"BVRLF.198 Los Ambig\u00fa y el caso de la estatua (Lectura F\u00e1cil) - Literatura SM Espa\u00f1a","isPartOf":{"@id":"https:\/\/lij.ismeduca.com\/es\/#website"},"primaryImageOfPage":{"@id":"https:\/\/lij.ismeduca.com\/es\/producto\/bvrlf-198-los-ambigu-y-el-caso-de-la-estatua-lectura-facil\/#primaryimage"},"image":{"@id":"https:\/\/lij.ismeduca.com\/es\/producto\/bvrlf-198-los-ambigu-y-el-caso-de-la-estatua-lectura-facil\/#primaryimage"},"thumbnailUrl":"https:\/\/lij.ismeduca.com\/es\/wp-content\/uploads\/sites\/10\/2025\/12\/6075.jpg","datePublished":"2024-07-11T10:42:45+00:00","dateModified":"2025-12-23T12:03:46+00:00","breadcrumb":{"@id":"https:\/\/lij.ismeduca.com\/es\/producto\/bvrlf-198-los-ambigu-y-el-caso-de-la-estatua-lectura-facil\/#breadcrumb"},"inLanguage":"es","potentialAction":[{"@type":"ReadAction","target":["https:\/\/lij.ismeduca.com\/es\/producto\/bvrlf-198-los-ambigu-y-el-caso-de-la-estatua-lectura-facil\/"]}]},{"@type":"ImageObject","inLanguage":"es","@id":"https:\/\/lij.ismeduca.com\/es\/producto\/bvrlf-198-los-ambigu-y-el-caso-de-la-estatua-lectura-facil\/#primaryimage","url":"https:\/\/lij.ismeduca.com\/es\/wp-content\/uploads\/sites\/10\/2025\/12\/6075.jpg","contentUrl":"https:\/\/lij.ismeduca.com\/es\/wp-content\/uploads\/sites\/10\/2025\/12\/6075.jpg","width":600,"height":925},{"@type":"BreadcrumbList","@id":"https:\/\/lij.ismeduca.com\/es\/producto\/bvrlf-198-los-ambigu-y-el-caso-de-la-estatua-lectura-facil\/#breadcrumb","itemListElement":[{"@type":"ListItem","position":1,"name":"Portada","item":"https:\/\/lij.ismeduca.com\/es\/"},{"@type":"ListItem","position":2,"name":"Tienda","item":"https:\/\/lij.ismeduca.com\/es\/tienda\/"},{"@type":"ListItem","position":3,"name":"BVRLF.198 Los Ambig\u00fa y el caso de la estatua (Lectura F\u00e1cil)"}]},{"@type":"WebSite","@id":"https:\/\/lij.ismeduca.com\/es\/#website","url":"https:\/\/lij.ismeduca.com\/es\/","name":"Literatura SM Espa\u00f1a","description":"","publisher":{"@id":"https:\/\/lij.ismeduca.com\/es\/#organization"},"potentialAction":[{"@type":"SearchAction","target":{"@type":"EntryPoint","urlTemplate":"https:\/\/lij.ismeduca.com\/es\/?s={search_term_string}"},"query-input":{"@type":"PropertyValueSpecification","valueRequired":true,"valueName":"search_term_string"}}],"inLanguage":"es"},{"@type":"Organization","@id":"https:\/\/lij.ismeduca.com\/es\/#organization","name":"Literatura SM Espa\u00f1a","url":"https:\/\/lij.ismeduca.com\/es\/","logo":{"@type":"ImageObject","inLanguage":"es","@id":"https:\/\/lij.ismeduca.com\/es\/#\/schema\/logo\/image\/","url":"https:\/\/lij.ismeduca.com\/es\/wp-content\/uploads\/sites\/10\/2024\/07\/logo-cabecera.png","contentUrl":"https:\/\/lij.ismeduca.com\/es\/wp-content\/uploads\/sites\/10\/2024\/07\/logo-cabecera.png","width":396,"height":64,"caption":"Literatura SM Espa\u00f1a"},"image":{"@id":"https:\/\/lij.ismeduca.com\/es\/#\/schema\/logo\/image\/"}}]}},"_links":{"self":[{"href":"https:\/\/lij.ismeduca.com\/es\/wp-json\/wp\/v2\/product\/6075","targetHints":{"allow":["GET"]}}],"collection":[{"href":"https:\/\/lij.ismeduca.com\/es\/wp-json\/wp\/v2\/product"}],"about":[{"href":"https:\/\/lij.ismeduca.com\/es\/wp-json\/wp\/v2\/types\/product"}],"version-history":[{"count":1,"href":"https:\/\/lij.ismeduca.com\/es\/wp-json\/wp\/v2\/product\/6075\/revisions"}],"predecessor-version":[{"id":33861,"href":"https:\/\/lij.ismeduca.com\/es\/wp-json\/wp\/v2\/product\/6075\/revisions\/33861"}],"wp:featuredmedia":[{"embeddable":true,"href":"https:\/\/lij.ismeduca.com\/es\/wp-json\/wp\/v2\/media\/37079"}],"wp:attachment":[{"href":"https:\/\/lij.ismeduca.com\/es\/wp-json\/wp\/v2\/media?parent=6075"}],"wp:term":[{"taxonomy":"product_brand","embeddable":true,"href":"https:\/\/lij.ismeduca.com\/es\/wp-json\/wp\/v2\/product_brand?post=6075"},{"taxonomy":"product_cat","embeddable":true,"href":"https:\/\/lij.ismeduca.com\/es\/wp-json\/wp\/v2\/product_cat?post=6075"},{"taxonomy":"product_tag","embeddable":true,"href":"https:\/\/lij.ismeduca.com\/es\/wp-json\/wp\/v2\/product_tag?post=6075"},{"taxonomy":"asignatura","embeddable":true,"href":"https:\/\/lij.ismeduca.com\/es\/wp-json\/wp\/v2\/asignatura?post=6075"},{"taxonomy":"compania","embeddable":true,"href":"https:\/\/lij.ismeduca.com\/es\/wp-json\/wp\/v2\/compania?post=6075"},{"taxonomy":"curso","embeddable":true,"href":"https:\/\/lij.ismeduca.com\/es\/wp-json\/wp\/v2\/curso?post=6075"},{"taxonomy":"idiomas","embeddable":true,"href":"https:\/\/lij.ismeduca.com\/es\/wp-json\/wp\/v2\/idiomas?post=6075"},{"taxonomy":"genero","embeddable":true,"href":"https:\/\/lij.ismeduca.com\/es\/wp-json\/wp\/v2\/genero?post=6075"},{"taxonomy":"linea","embeddable":true,"href":"https:\/\/lij.ismeduca.com\/es\/wp-json\/wp\/v2\/linea?post=6075"},{"taxonomy":"premio","embeddable":true,"href":"https:\/\/lij.ismeduca.com\/es\/wp-json\/wp\/v2\/premio?post=6075"},{"taxonomy":"proyecto-editorial","embeddable":true,"href":"https:\/\/lij.ismeduca.com\/es\/wp-json\/wp\/v2\/proyecto-editorial?post=6075"},{"taxonomy":"tipo-de-libro","embeddable":true,"href":"https:\/\/lij.ismeduca.com\/es\/wp-json\/wp\/v2\/tipo-de-libro?post=6075"},{"taxonomy":"soporte","embeddable":true,"href":"https:\/\/lij.ismeduca.com\/es\/wp-json\/wp\/v2\/soporte?post=6075"},{"taxonomy":"zona-geografica","embeddable":true,"href":"https:\/\/lij.ismeduca.com\/es\/wp-json\/wp\/v2\/zona-geografica?post=6075"},{"taxonomy":"autores","embeddable":true,"href":"https:\/\/lij.ismeduca.com\/es\/wp-json\/wp\/v2\/autores?post=6075"},{"taxonomy":"colecciones","embeddable":true,"href":"https:\/\/lij.ismeduca.com\/es\/wp-json\/wp\/v2\/colecciones?post=6075"},{"taxonomy":"personajes","embeddable":true,"href":"https:\/\/lij.ismeduca.com\/es\/wp-json\/wp\/v2\/personajes?post=6075"}],"curies":[{"name":"wp","href":"https:\/\/api.w.org\/{rel}","templated":true}]}}