{"id":612,"date":"2021-08-26T00:00:00","date_gmt":"2024-07-11T09:07:51","guid":{"rendered":"https:\/\/lij.ismeduca.com\/tienda\/?post_type=product&#038;p=612"},"modified":"2025-12-23T12:54:55","modified_gmt":"2025-12-23T11:54:55","slug":"desde-el-origen-del-cambio-climatico-hasta-ahora","status":"publish","type":"product","link":"https:\/\/lij.ismeduca.com\/es\/producto\/desde-el-origen-del-cambio-climatico-hasta-ahora\/","title":{"rendered":"Desde el origen del cambio clim\u00e1tico hasta ahora"},"content":{"rendered":"","protected":false},"excerpt":{"rendered":"<p>Viaja en el tiempo y descubre c&oacute;mo ha cambiado el clima desde el origen de la Tierra.<\/p>\n<p>Un primer libro sobre c&oacute;mo ha evolucionado nuestro planeta desde los primeros signos del cambio clim&aacute;tico hasta la actualidad, cuando el reciclaje, las energ&iacute;as renovables y los peque&ntilde;os gestos de cada uno de nosotros son imprescindibles para cuidar del medio ambiente.<\/p>\n","protected":false},"featured_media":36212,"template":"","meta":{"_acf_changed":false,"inline_featured_image":false},"product_brand":[],"product_cat":[4708],"product_tag":[241,751,468,497,827,636,499,752,2058,498,502,825,379,826,500],"asignatura":[],"compania":[252],"curso":[],"idiomas":[1948],"genero":[369],"linea":[372],"premio":[],"proyecto-editorial":[323],"tipo-de-libro":[249],"soporte":[2004],"zona-geografica":[],"autores":[4436,4419,4421,4420,4560],"colecciones":[2393],"personajes":[],"class_list":{"0":"post-612","1":"product","2":"type-product","3":"status-publish","4":"has-post-thumbnail","6":"product_cat-a-traves-del-tiempo","7":"product_tag-albumes","8":"product_tag-cambio-climatico","9":"product_tag-ciencias-de-la-naturaleza-asignatura","10":"product_tag-educacion-ambiental","11":"product_tag-efecto-invernadero","12":"product_tag-energias-renovables","13":"product_tag-evolucionismo","14":"product_tag-impacto-ambiental","15":"product_tag-ntx","16":"product_tag-origen-de-la-vida","17":"product_tag-proteccion-del-medio-ambiente","18":"product_tag-tiempo-atmosferico","19":"product_tag-tierra","20":"product_tag-viajes-en-el-tiempo","21":"product_tag-vida","22":"pa_codigo-sap-ntx","23":"compania-f-sta-maria-ediciones-sm-es","24":"idiomas-espanol","25":"genero-divulgacion","26":"linea-conocimiento","27":"proyecto-editorial-6-12","28":"tipo-de-libro-fisico","29":"soporte-libro","30":"autores-alejandra-gonzalez-fernandez","31":"autores-amy-husband","32":"autores-catherine-barr","33":"autores-steve-williams","34":"autores-xohana-bastida-calvo","35":"colecciones-a-traves-del-tiempo","37":"first","38":"instock","39":"taxable","40":"shipping-taxable","41":"purchasable","42":"product-type-simple"},"acf":{"id_catalogo":"650","shortTitle":"ATT.DESDE EL ORIGEN DEL CAMBIO CLIMATICO","descripcion":"<p>Viaja en el tiempo y descubre c&oacute;mo ha cambiado el clima desde el origen de la Tierra.<\/p>\n\n<p>Un primer libro sobre c&oacute;mo ha evolucionado nuestro planeta desde los primeros signos del cambio clim&aacute;tico hasta la actualidad, cuando el reciclaje, las energ&iacute;as renovables y los peque&ntilde;os gestos de cada uno de nosotros son imprescindibles para cuidar del medio ambiente.<\/p>\n","adjuntos":null,"descriptivePhrases":[{"type":"General","text":"Conoce el origen del cambio clim\u00e1tico en un viaje a trav\u00e9s del origen de la Tierra."}],"productSap":"NTX","isbn":"9788413920566","precio_colegios":5.72,"precio_librerias":5.72,"precio_librerias_sin_cobertura":5.72,"precio_distribuidores":5.72,"fecha_disponibilidad":null,"fecha_comercial":"20210826","organizacion_venta":"CS01","datos_para_buscador":"Amy Husband, Xohana Bastida Calvo, Alejandra Gonz\u00e1lez Fern\u00e1ndez, Steve Williams, Catherine Barr, Steve Williams, A trav\u00e9s del tiempo, "},"yoast_head":"<!-- This site is optimized with the Yoast SEO plugin v26.6 - https:\/\/yoast.com\/wordpress\/plugins\/seo\/ -->\n<title>Desde el origen del cambio clim\u00e1tico hasta ahora - Literatura SM Espa\u00f1a<\/title>\n<meta name=\"robots\" content=\"noindex, follow, max-snippet:-1, max-image-preview:large, max-video-preview:-1\" \/>\n<meta property=\"og:locale\" content=\"es_ES\" \/>\n<meta property=\"og:type\" content=\"article\" \/>\n<meta property=\"og:title\" content=\"Desde el origen del cambio clim\u00e1tico hasta ahora - Literatura SM Espa\u00f1a\" \/>\n<meta property=\"og:url\" content=\"https:\/\/lij.ismeduca.com\/es\/producto\/desde-el-origen-del-cambio-climatico-hasta-ahora\/\" \/>\n<meta property=\"og:site_name\" content=\"Literatura SM Espa\u00f1a\" \/>\n<meta property=\"article:modified_time\" content=\"2025-12-23T11:54:55+00:00\" \/>\n<meta name=\"twitter:card\" content=\"summary_large_image\" \/>\n<script type=\"application\/ld+json\" class=\"yoast-schema-graph\">{\"@context\":\"https:\/\/schema.org\",\"@graph\":[{\"@type\":\"WebPage\",\"@id\":\"https:\/\/lij.ismeduca.com\/es\/producto\/desde-el-origen-del-cambio-climatico-hasta-ahora\/\",\"url\":\"https:\/\/lij.ismeduca.com\/es\/producto\/desde-el-origen-del-cambio-climatico-hasta-ahora\/\",\"name\":\"Desde el origen del cambio clim\u00e1tico hasta ahora - Literatura SM Espa\u00f1a\",\"isPartOf\":{\"@id\":\"https:\/\/lij.ismeduca.com\/es\/#website\"},\"primaryImageOfPage\":{\"@id\":\"https:\/\/lij.ismeduca.com\/es\/producto\/desde-el-origen-del-cambio-climatico-hasta-ahora\/#primaryimage\"},\"image\":{\"@id\":\"https:\/\/lij.ismeduca.com\/es\/producto\/desde-el-origen-del-cambio-climatico-hasta-ahora\/#primaryimage\"},\"thumbnailUrl\":\"https:\/\/lij.ismeduca.com\/es\/wp-content\/uploads\/sites\/10\/2025\/12\/612.jpg\",\"datePublished\":\"2024-07-11T09:07:51+00:00\",\"dateModified\":\"2025-12-23T11:54:55+00:00\",\"breadcrumb\":{\"@id\":\"https:\/\/lij.ismeduca.com\/es\/producto\/desde-el-origen-del-cambio-climatico-hasta-ahora\/#breadcrumb\"},\"inLanguage\":\"es\",\"potentialAction\":[{\"@type\":\"ReadAction\",\"target\":[\"https:\/\/lij.ismeduca.com\/es\/producto\/desde-el-origen-del-cambio-climatico-hasta-ahora\/\"]}]},{\"@type\":\"ImageObject\",\"inLanguage\":\"es\",\"@id\":\"https:\/\/lij.ismeduca.com\/es\/producto\/desde-el-origen-del-cambio-climatico-hasta-ahora\/#primaryimage\",\"url\":\"https:\/\/lij.ismeduca.com\/es\/wp-content\/uploads\/sites\/10\/2025\/12\/612.jpg\",\"contentUrl\":\"https:\/\/lij.ismeduca.com\/es\/wp-content\/uploads\/sites\/10\/2025\/12\/612.jpg\",\"width\":600,\"height\":691},{\"@type\":\"BreadcrumbList\",\"@id\":\"https:\/\/lij.ismeduca.com\/es\/producto\/desde-el-origen-del-cambio-climatico-hasta-ahora\/#breadcrumb\",\"itemListElement\":[{\"@type\":\"ListItem\",\"position\":1,\"name\":\"Portada\",\"item\":\"https:\/\/lij.ismeduca.com\/es\/\"},{\"@type\":\"ListItem\",\"position\":2,\"name\":\"Tienda\",\"item\":\"https:\/\/lij.ismeduca.com\/es\/tienda\/\"},{\"@type\":\"ListItem\",\"position\":3,\"name\":\"Desde el origen del cambio clim\u00e1tico hasta ahora\"}]},{\"@type\":\"WebSite\",\"@id\":\"https:\/\/lij.ismeduca.com\/es\/#website\",\"url\":\"https:\/\/lij.ismeduca.com\/es\/\",\"name\":\"Literatura SM Espa\u00f1a\",\"description\":\"\",\"publisher\":{\"@id\":\"https:\/\/lij.ismeduca.com\/es\/#organization\"},\"potentialAction\":[{\"@type\":\"SearchAction\",\"target\":{\"@type\":\"EntryPoint\",\"urlTemplate\":\"https:\/\/lij.ismeduca.com\/es\/?s={search_term_string}\"},\"query-input\":{\"@type\":\"PropertyValueSpecification\",\"valueRequired\":true,\"valueName\":\"search_term_string\"}}],\"inLanguage\":\"es\"},{\"@type\":\"Organization\",\"@id\":\"https:\/\/lij.ismeduca.com\/es\/#organization\",\"name\":\"Literatura SM Espa\u00f1a\",\"url\":\"https:\/\/lij.ismeduca.com\/es\/\",\"logo\":{\"@type\":\"ImageObject\",\"inLanguage\":\"es\",\"@id\":\"https:\/\/lij.ismeduca.com\/es\/#\/schema\/logo\/image\/\",\"url\":\"https:\/\/lij.ismeduca.com\/es\/wp-content\/uploads\/sites\/10\/2024\/07\/logo-cabecera.png\",\"contentUrl\":\"https:\/\/lij.ismeduca.com\/es\/wp-content\/uploads\/sites\/10\/2024\/07\/logo-cabecera.png\",\"width\":396,\"height\":64,\"caption\":\"Literatura SM Espa\u00f1a\"},\"image\":{\"@id\":\"https:\/\/lij.ismeduca.com\/es\/#\/schema\/logo\/image\/\"}}]}<\/script>\n<!-- \/ Yoast SEO plugin. -->","yoast_head_json":{"title":"Desde el origen del cambio clim\u00e1tico hasta ahora - Literatura SM Espa\u00f1a","robots":{"index":"noindex","follow":"follow","max-snippet":"max-snippet:-1","max-image-preview":"max-image-preview:large","max-video-preview":"max-video-preview:-1"},"og_locale":"es_ES","og_type":"article","og_title":"Desde el origen del cambio clim\u00e1tico hasta ahora - Literatura SM Espa\u00f1a","og_url":"https:\/\/lij.ismeduca.com\/es\/producto\/desde-el-origen-del-cambio-climatico-hasta-ahora\/","og_site_name":"Literatura SM Espa\u00f1a","article_modified_time":"2025-12-23T11:54:55+00:00","twitter_card":"summary_large_image","schema":{"@context":"https:\/\/schema.org","@graph":[{"@type":"WebPage","@id":"https:\/\/lij.ismeduca.com\/es\/producto\/desde-el-origen-del-cambio-climatico-hasta-ahora\/","url":"https:\/\/lij.ismeduca.com\/es\/producto\/desde-el-origen-del-cambio-climatico-hasta-ahora\/","name":"Desde el origen del cambio clim\u00e1tico hasta ahora - Literatura SM Espa\u00f1a","isPartOf":{"@id":"https:\/\/lij.ismeduca.com\/es\/#website"},"primaryImageOfPage":{"@id":"https:\/\/lij.ismeduca.com\/es\/producto\/desde-el-origen-del-cambio-climatico-hasta-ahora\/#primaryimage"},"image":{"@id":"https:\/\/lij.ismeduca.com\/es\/producto\/desde-el-origen-del-cambio-climatico-hasta-ahora\/#primaryimage"},"thumbnailUrl":"https:\/\/lij.ismeduca.com\/es\/wp-content\/uploads\/sites\/10\/2025\/12\/612.jpg","datePublished":"2024-07-11T09:07:51+00:00","dateModified":"2025-12-23T11:54:55+00:00","breadcrumb":{"@id":"https:\/\/lij.ismeduca.com\/es\/producto\/desde-el-origen-del-cambio-climatico-hasta-ahora\/#breadcrumb"},"inLanguage":"es","potentialAction":[{"@type":"ReadAction","target":["https:\/\/lij.ismeduca.com\/es\/producto\/desde-el-origen-del-cambio-climatico-hasta-ahora\/"]}]},{"@type":"ImageObject","inLanguage":"es","@id":"https:\/\/lij.ismeduca.com\/es\/producto\/desde-el-origen-del-cambio-climatico-hasta-ahora\/#primaryimage","url":"https:\/\/lij.ismeduca.com\/es\/wp-content\/uploads\/sites\/10\/2025\/12\/612.jpg","contentUrl":"https:\/\/lij.ismeduca.com\/es\/wp-content\/uploads\/sites\/10\/2025\/12\/612.jpg","width":600,"height":691},{"@type":"BreadcrumbList","@id":"https:\/\/lij.ismeduca.com\/es\/producto\/desde-el-origen-del-cambio-climatico-hasta-ahora\/#breadcrumb","itemListElement":[{"@type":"ListItem","position":1,"name":"Portada","item":"https:\/\/lij.ismeduca.com\/es\/"},{"@type":"ListItem","position":2,"name":"Tienda","item":"https:\/\/lij.ismeduca.com\/es\/tienda\/"},{"@type":"ListItem","position":3,"name":"Desde el origen del cambio clim\u00e1tico hasta ahora"}]},{"@type":"WebSite","@id":"https:\/\/lij.ismeduca.com\/es\/#website","url":"https:\/\/lij.ismeduca.com\/es\/","name":"Literatura SM Espa\u00f1a","description":"","publisher":{"@id":"https:\/\/lij.ismeduca.com\/es\/#organization"},"potentialAction":[{"@type":"SearchAction","target":{"@type":"EntryPoint","urlTemplate":"https:\/\/lij.ismeduca.com\/es\/?s={search_term_string}"},"query-input":{"@type":"PropertyValueSpecification","valueRequired":true,"valueName":"search_term_string"}}],"inLanguage":"es"},{"@type":"Organization","@id":"https:\/\/lij.ismeduca.com\/es\/#organization","name":"Literatura SM Espa\u00f1a","url":"https:\/\/lij.ismeduca.com\/es\/","logo":{"@type":"ImageObject","inLanguage":"es","@id":"https:\/\/lij.ismeduca.com\/es\/#\/schema\/logo\/image\/","url":"https:\/\/lij.ismeduca.com\/es\/wp-content\/uploads\/sites\/10\/2024\/07\/logo-cabecera.png","contentUrl":"https:\/\/lij.ismeduca.com\/es\/wp-content\/uploads\/sites\/10\/2024\/07\/logo-cabecera.png","width":396,"height":64,"caption":"Literatura SM Espa\u00f1a"},"image":{"@id":"https:\/\/lij.ismeduca.com\/es\/#\/schema\/logo\/image\/"}}]}},"_links":{"self":[{"href":"https:\/\/lij.ismeduca.com\/es\/wp-json\/wp\/v2\/product\/612","targetHints":{"allow":["GET"]}}],"collection":[{"href":"https:\/\/lij.ismeduca.com\/es\/wp-json\/wp\/v2\/product"}],"about":[{"href":"https:\/\/lij.ismeduca.com\/es\/wp-json\/wp\/v2\/types\/product"}],"version-history":[{"count":1,"href":"https:\/\/lij.ismeduca.com\/es\/wp-json\/wp\/v2\/product\/612\/revisions"}],"predecessor-version":[{"id":32173,"href":"https:\/\/lij.ismeduca.com\/es\/wp-json\/wp\/v2\/product\/612\/revisions\/32173"}],"wp:featuredmedia":[{"embeddable":true,"href":"https:\/\/lij.ismeduca.com\/es\/wp-json\/wp\/v2\/media\/36212"}],"wp:attachment":[{"href":"https:\/\/lij.ismeduca.com\/es\/wp-json\/wp\/v2\/media?parent=612"}],"wp:term":[{"taxonomy":"product_brand","embeddable":true,"href":"https:\/\/lij.ismeduca.com\/es\/wp-json\/wp\/v2\/product_brand?post=612"},{"taxonomy":"product_cat","embeddable":true,"href":"https:\/\/lij.ismeduca.com\/es\/wp-json\/wp\/v2\/product_cat?post=612"},{"taxonomy":"product_tag","embeddable":true,"href":"https:\/\/lij.ismeduca.com\/es\/wp-json\/wp\/v2\/product_tag?post=612"},{"taxonomy":"asignatura","embeddable":true,"href":"https:\/\/lij.ismeduca.com\/es\/wp-json\/wp\/v2\/asignatura?post=612"},{"taxonomy":"compania","embeddable":true,"href":"https:\/\/lij.ismeduca.com\/es\/wp-json\/wp\/v2\/compania?post=612"},{"taxonomy":"curso","embeddable":true,"href":"https:\/\/lij.ismeduca.com\/es\/wp-json\/wp\/v2\/curso?post=612"},{"taxonomy":"idiomas","embeddable":true,"href":"https:\/\/lij.ismeduca.com\/es\/wp-json\/wp\/v2\/idiomas?post=612"},{"taxonomy":"genero","embeddable":true,"href":"https:\/\/lij.ismeduca.com\/es\/wp-json\/wp\/v2\/genero?post=612"},{"taxonomy":"linea","embeddable":true,"href":"https:\/\/lij.ismeduca.com\/es\/wp-json\/wp\/v2\/linea?post=612"},{"taxonomy":"premio","embeddable":true,"href":"https:\/\/lij.ismeduca.com\/es\/wp-json\/wp\/v2\/premio?post=612"},{"taxonomy":"proyecto-editorial","embeddable":true,"href":"https:\/\/lij.ismeduca.com\/es\/wp-json\/wp\/v2\/proyecto-editorial?post=612"},{"taxonomy":"tipo-de-libro","embeddable":true,"href":"https:\/\/lij.ismeduca.com\/es\/wp-json\/wp\/v2\/tipo-de-libro?post=612"},{"taxonomy":"soporte","embeddable":true,"href":"https:\/\/lij.ismeduca.com\/es\/wp-json\/wp\/v2\/soporte?post=612"},{"taxonomy":"zona-geografica","embeddable":true,"href":"https:\/\/lij.ismeduca.com\/es\/wp-json\/wp\/v2\/zona-geografica?post=612"},{"taxonomy":"autores","embeddable":true,"href":"https:\/\/lij.ismeduca.com\/es\/wp-json\/wp\/v2\/autores?post=612"},{"taxonomy":"colecciones","embeddable":true,"href":"https:\/\/lij.ismeduca.com\/es\/wp-json\/wp\/v2\/colecciones?post=612"},{"taxonomy":"personajes","embeddable":true,"href":"https:\/\/lij.ismeduca.com\/es\/wp-json\/wp\/v2\/personajes?post=612"}],"curies":[{"name":"wp","href":"https:\/\/api.w.org\/{rel}","templated":true}]}}