{"id":615,"date":"2022-03-10T00:00:00","date_gmt":"2024-07-11T09:07:52","guid":{"rendered":"https:\/\/lij.ismeduca.com\/tienda\/?post_type=product&#038;p=615"},"modified":"2025-12-23T12:57:13","modified_gmt":"2025-12-23T11:57:13","slug":"la-increible-medicina","status":"publish","type":"product","link":"https:\/\/lij.ismeduca.com\/es\/producto\/la-increible-medicina\/","title":{"rendered":"La incre\u00edble medicina"},"content":{"rendered":"","protected":false},"excerpt":{"rendered":"<p>Desde los tiempos m\u00e1s remotos, la gente se ha puesto enferma por un sinf\u00edn de razones diferentes. Sin embargo, el ser humano siempre ha intentado no solo aliviar sus dolencias, sino tambi\u00e9n descubrir el porqu\u00e9 de su origen.<\/p>\n<p>\u00bfY t\u00fa?&nbsp;\u00bfSabes qui\u00e9n fue la primera persona que se atrevi\u00f3 a hacer una autopsia? \u00bfo qu\u00e9 eran los anfiteatros anat\u00f3micos? \u00bfO para qu\u00e9 se usaba el gas de la risa?&nbsp;<\/p>\n<p>Radiograf\u00eda tu cuerpo de la cabeza a los pies y prep\u00e1rate para seguir la historia de la medicina en una aventura que jam\u00e1s olvidar\u00e1s.<\/p>\n","protected":false},"featured_media":36123,"template":"","meta":{"_acf_changed":false,"inline_featured_image":false},"product_brand":[],"product_cat":[4706],"product_tag":[841,834,626,628,327,844,838,846,845,848,850,839,842,492,550,831,822,832,840,843,847,835,627,833,2058,837,836,849],"asignatura":[],"compania":[252],"curso":[],"idiomas":[1948],"genero":[369],"linea":[372],"premio":[],"proyecto-editorial":[646],"tipo-de-libro":[249],"soporte":[2004],"zona-geografica":[],"autores":[4367,4328,4365,4366,4475],"colecciones":[],"personajes":[],"class_list":{"0":"post-615","1":"product","2":"type-product","3":"status-publish","4":"has-post-thumbnail","6":"product_cat-6-12-anos","7":"product_tag-anatomia-y-morfologia","8":"product_tag-bacterias","9":"product_tag-descubrimientos","10":"product_tag-educacion-cientifica","11":"product_tag-educacion-para-la-salud","12":"product_tag-enfermedades-bacterianas","13":"product_tag-enfermedades-cardiovasculares","14":"product_tag-enfermedades-degenerativas","15":"product_tag-enfermedades-del-sistema-digestivo","16":"product_tag-enfermedades-geneticas","17":"product_tag-enfermedades-infecciosas","18":"product_tag-enfermedades-respiratorias","19":"product_tag-enfermedades-viricas","20":"product_tag-fisiologia","21":"product_tag-historia-de-la-ciencia","22":"product_tag-investigacion-de-laboratorio","23":"product_tag-investigacion-y-desarrollo","24":"product_tag-material-medico","25":"product_tag-medicamentos","26":"product_tag-medicina-clinica","27":"product_tag-medicina-deportiva","28":"product_tag-medicina-preventiva","29":"product_tag-medicina-y-salud","30":"product_tag-medicos","31":"product_tag-ntx","32":"product_tag-psicologia","33":"product_tag-tecnologia-de-la-instrumentacion","34":"product_tag-virus","35":"pa_codigo-sap-ntx","36":"compania-f-sta-maria-ediciones-sm-es","37":"idiomas-espanol","38":"genero-divulgacion","39":"linea-conocimiento","40":"proyecto-editorial-todas-las-edades","41":"tipo-de-libro-fisico","42":"soporte-libro","43":"autores-abel-murcia","44":"autores-anna-bartosik","45":"autores-asia-gwis","46":"autores-katarzyna-moloniewicz","47":"autores-patrycja-katarzyna-jurkowska","49":"first","50":"instock","51":"taxable","52":"shipping-taxable","53":"purchasable","54":"product-type-simple"},"acf":{"id_catalogo":"650","shortTitle":"LA INCRE\u00cdBLE MEDICINA","descripcion":"<p>Desde los tiempos m\u00e1s remotos, la gente se ha puesto enferma por un sinf\u00edn de razones diferentes. Sin embargo, el ser humano siempre ha intentado no solo aliviar sus dolencias, sino tambi\u00e9n descubrir el porqu\u00e9 de su origen.<\/p>\n<p>\u00bfY t\u00fa?&nbsp;\u00bfSabes qui\u00e9n fue la primera persona que se atrevi\u00f3 a hacer una autopsia? \u00bfo qu\u00e9 eran los anfiteatros anat\u00f3micos? \u00bfO para qu\u00e9 se usaba el gas de la risa?&nbsp;<\/p>\n<p>Radiograf\u00eda tu cuerpo de la cabeza a los pies y prep\u00e1rate para seguir la historia de la medicina en una aventura que jam\u00e1s olvidar\u00e1s.<\/p>","adjuntos":null,"descriptivePhrases":[{"type":"General","text":"\u200b\u200b\u200b\u200b\u200b\u200b\u200bRadiograf\u00eda tu cuerpo de la cabeza a los pies y prep\u00e1rate para seguir la historia de la medicina en una aventura que jam\u00e1s olvidar\u00e1s."}],"productSap":"NTX","isbn":"9788413923635","precio_colegios":15.34,"precio_librerias":15.34,"precio_librerias_sin_cobertura":15.34,"precio_distribuidores":15.34,"fecha_disponibilidad":null,"fecha_comercial":"20220310","organizacion_venta":"CS01","datos_para_buscador":"Asia Gwis, Katarzyna Mo\u0142oniewicz, Abel Murcia, Patrycja Katarzyna Jurkowska, Anna Bartosik, "},"yoast_head":"<!-- This site is optimized with the Yoast SEO plugin v26.6 - https:\/\/yoast.com\/wordpress\/plugins\/seo\/ -->\n<title>La incre\u00edble medicina - Literatura SM Espa\u00f1a<\/title>\n<meta name=\"robots\" content=\"noindex, follow, max-snippet:-1, max-image-preview:large, max-video-preview:-1\" \/>\n<meta property=\"og:locale\" content=\"es_ES\" \/>\n<meta property=\"og:type\" content=\"article\" \/>\n<meta property=\"og:title\" content=\"La incre\u00edble medicina - Literatura SM Espa\u00f1a\" \/>\n<meta property=\"og:url\" content=\"https:\/\/lij.ismeduca.com\/es\/producto\/la-increible-medicina\/\" \/>\n<meta property=\"og:site_name\" content=\"Literatura SM Espa\u00f1a\" \/>\n<meta property=\"article:modified_time\" content=\"2025-12-23T11:57:13+00:00\" \/>\n<meta name=\"twitter:card\" content=\"summary_large_image\" \/>\n<script type=\"application\/ld+json\" class=\"yoast-schema-graph\">{\"@context\":\"https:\/\/schema.org\",\"@graph\":[{\"@type\":\"WebPage\",\"@id\":\"https:\/\/lij.ismeduca.com\/es\/producto\/la-increible-medicina\/\",\"url\":\"https:\/\/lij.ismeduca.com\/es\/producto\/la-increible-medicina\/\",\"name\":\"La incre\u00edble medicina - Literatura SM Espa\u00f1a\",\"isPartOf\":{\"@id\":\"https:\/\/lij.ismeduca.com\/es\/#website\"},\"primaryImageOfPage\":{\"@id\":\"https:\/\/lij.ismeduca.com\/es\/producto\/la-increible-medicina\/#primaryimage\"},\"image\":{\"@id\":\"https:\/\/lij.ismeduca.com\/es\/producto\/la-increible-medicina\/#primaryimage\"},\"thumbnailUrl\":\"https:\/\/lij.ismeduca.com\/es\/wp-content\/uploads\/sites\/10\/2025\/12\/615.jpg\",\"datePublished\":\"2024-07-11T09:07:52+00:00\",\"dateModified\":\"2025-12-23T11:57:13+00:00\",\"breadcrumb\":{\"@id\":\"https:\/\/lij.ismeduca.com\/es\/producto\/la-increible-medicina\/#breadcrumb\"},\"inLanguage\":\"es\",\"potentialAction\":[{\"@type\":\"ReadAction\",\"target\":[\"https:\/\/lij.ismeduca.com\/es\/producto\/la-increible-medicina\/\"]}]},{\"@type\":\"ImageObject\",\"inLanguage\":\"es\",\"@id\":\"https:\/\/lij.ismeduca.com\/es\/producto\/la-increible-medicina\/#primaryimage\",\"url\":\"https:\/\/lij.ismeduca.com\/es\/wp-content\/uploads\/sites\/10\/2025\/12\/615.jpg\",\"contentUrl\":\"https:\/\/lij.ismeduca.com\/es\/wp-content\/uploads\/sites\/10\/2025\/12\/615.jpg\",\"width\":600,\"height\":782},{\"@type\":\"BreadcrumbList\",\"@id\":\"https:\/\/lij.ismeduca.com\/es\/producto\/la-increible-medicina\/#breadcrumb\",\"itemListElement\":[{\"@type\":\"ListItem\",\"position\":1,\"name\":\"Portada\",\"item\":\"https:\/\/lij.ismeduca.com\/es\/\"},{\"@type\":\"ListItem\",\"position\":2,\"name\":\"Tienda\",\"item\":\"https:\/\/lij.ismeduca.com\/es\/tienda\/\"},{\"@type\":\"ListItem\",\"position\":3,\"name\":\"La incre\u00edble medicina\"}]},{\"@type\":\"WebSite\",\"@id\":\"https:\/\/lij.ismeduca.com\/es\/#website\",\"url\":\"https:\/\/lij.ismeduca.com\/es\/\",\"name\":\"Literatura SM Espa\u00f1a\",\"description\":\"\",\"publisher\":{\"@id\":\"https:\/\/lij.ismeduca.com\/es\/#organization\"},\"potentialAction\":[{\"@type\":\"SearchAction\",\"target\":{\"@type\":\"EntryPoint\",\"urlTemplate\":\"https:\/\/lij.ismeduca.com\/es\/?s={search_term_string}\"},\"query-input\":{\"@type\":\"PropertyValueSpecification\",\"valueRequired\":true,\"valueName\":\"search_term_string\"}}],\"inLanguage\":\"es\"},{\"@type\":\"Organization\",\"@id\":\"https:\/\/lij.ismeduca.com\/es\/#organization\",\"name\":\"Literatura SM Espa\u00f1a\",\"url\":\"https:\/\/lij.ismeduca.com\/es\/\",\"logo\":{\"@type\":\"ImageObject\",\"inLanguage\":\"es\",\"@id\":\"https:\/\/lij.ismeduca.com\/es\/#\/schema\/logo\/image\/\",\"url\":\"https:\/\/lij.ismeduca.com\/es\/wp-content\/uploads\/sites\/10\/2024\/07\/logo-cabecera.png\",\"contentUrl\":\"https:\/\/lij.ismeduca.com\/es\/wp-content\/uploads\/sites\/10\/2024\/07\/logo-cabecera.png\",\"width\":396,\"height\":64,\"caption\":\"Literatura SM Espa\u00f1a\"},\"image\":{\"@id\":\"https:\/\/lij.ismeduca.com\/es\/#\/schema\/logo\/image\/\"}}]}<\/script>\n<!-- \/ Yoast SEO plugin. -->","yoast_head_json":{"title":"La incre\u00edble medicina - Literatura SM Espa\u00f1a","robots":{"index":"noindex","follow":"follow","max-snippet":"max-snippet:-1","max-image-preview":"max-image-preview:large","max-video-preview":"max-video-preview:-1"},"og_locale":"es_ES","og_type":"article","og_title":"La incre\u00edble medicina - Literatura SM Espa\u00f1a","og_url":"https:\/\/lij.ismeduca.com\/es\/producto\/la-increible-medicina\/","og_site_name":"Literatura SM Espa\u00f1a","article_modified_time":"2025-12-23T11:57:13+00:00","twitter_card":"summary_large_image","schema":{"@context":"https:\/\/schema.org","@graph":[{"@type":"WebPage","@id":"https:\/\/lij.ismeduca.com\/es\/producto\/la-increible-medicina\/","url":"https:\/\/lij.ismeduca.com\/es\/producto\/la-increible-medicina\/","name":"La incre\u00edble medicina - Literatura SM Espa\u00f1a","isPartOf":{"@id":"https:\/\/lij.ismeduca.com\/es\/#website"},"primaryImageOfPage":{"@id":"https:\/\/lij.ismeduca.com\/es\/producto\/la-increible-medicina\/#primaryimage"},"image":{"@id":"https:\/\/lij.ismeduca.com\/es\/producto\/la-increible-medicina\/#primaryimage"},"thumbnailUrl":"https:\/\/lij.ismeduca.com\/es\/wp-content\/uploads\/sites\/10\/2025\/12\/615.jpg","datePublished":"2024-07-11T09:07:52+00:00","dateModified":"2025-12-23T11:57:13+00:00","breadcrumb":{"@id":"https:\/\/lij.ismeduca.com\/es\/producto\/la-increible-medicina\/#breadcrumb"},"inLanguage":"es","potentialAction":[{"@type":"ReadAction","target":["https:\/\/lij.ismeduca.com\/es\/producto\/la-increible-medicina\/"]}]},{"@type":"ImageObject","inLanguage":"es","@id":"https:\/\/lij.ismeduca.com\/es\/producto\/la-increible-medicina\/#primaryimage","url":"https:\/\/lij.ismeduca.com\/es\/wp-content\/uploads\/sites\/10\/2025\/12\/615.jpg","contentUrl":"https:\/\/lij.ismeduca.com\/es\/wp-content\/uploads\/sites\/10\/2025\/12\/615.jpg","width":600,"height":782},{"@type":"BreadcrumbList","@id":"https:\/\/lij.ismeduca.com\/es\/producto\/la-increible-medicina\/#breadcrumb","itemListElement":[{"@type":"ListItem","position":1,"name":"Portada","item":"https:\/\/lij.ismeduca.com\/es\/"},{"@type":"ListItem","position":2,"name":"Tienda","item":"https:\/\/lij.ismeduca.com\/es\/tienda\/"},{"@type":"ListItem","position":3,"name":"La incre\u00edble medicina"}]},{"@type":"WebSite","@id":"https:\/\/lij.ismeduca.com\/es\/#website","url":"https:\/\/lij.ismeduca.com\/es\/","name":"Literatura SM Espa\u00f1a","description":"","publisher":{"@id":"https:\/\/lij.ismeduca.com\/es\/#organization"},"potentialAction":[{"@type":"SearchAction","target":{"@type":"EntryPoint","urlTemplate":"https:\/\/lij.ismeduca.com\/es\/?s={search_term_string}"},"query-input":{"@type":"PropertyValueSpecification","valueRequired":true,"valueName":"search_term_string"}}],"inLanguage":"es"},{"@type":"Organization","@id":"https:\/\/lij.ismeduca.com\/es\/#organization","name":"Literatura SM Espa\u00f1a","url":"https:\/\/lij.ismeduca.com\/es\/","logo":{"@type":"ImageObject","inLanguage":"es","@id":"https:\/\/lij.ismeduca.com\/es\/#\/schema\/logo\/image\/","url":"https:\/\/lij.ismeduca.com\/es\/wp-content\/uploads\/sites\/10\/2024\/07\/logo-cabecera.png","contentUrl":"https:\/\/lij.ismeduca.com\/es\/wp-content\/uploads\/sites\/10\/2024\/07\/logo-cabecera.png","width":396,"height":64,"caption":"Literatura SM Espa\u00f1a"},"image":{"@id":"https:\/\/lij.ismeduca.com\/es\/#\/schema\/logo\/image\/"}}]}},"_links":{"self":[{"href":"https:\/\/lij.ismeduca.com\/es\/wp-json\/wp\/v2\/product\/615","targetHints":{"allow":["GET"]}}],"collection":[{"href":"https:\/\/lij.ismeduca.com\/es\/wp-json\/wp\/v2\/product"}],"about":[{"href":"https:\/\/lij.ismeduca.com\/es\/wp-json\/wp\/v2\/types\/product"}],"version-history":[{"count":1,"href":"https:\/\/lij.ismeduca.com\/es\/wp-json\/wp\/v2\/product\/615\/revisions"}],"predecessor-version":[{"id":32179,"href":"https:\/\/lij.ismeduca.com\/es\/wp-json\/wp\/v2\/product\/615\/revisions\/32179"}],"wp:featuredmedia":[{"embeddable":true,"href":"https:\/\/lij.ismeduca.com\/es\/wp-json\/wp\/v2\/media\/36123"}],"wp:attachment":[{"href":"https:\/\/lij.ismeduca.com\/es\/wp-json\/wp\/v2\/media?parent=615"}],"wp:term":[{"taxonomy":"product_brand","embeddable":true,"href":"https:\/\/lij.ismeduca.com\/es\/wp-json\/wp\/v2\/product_brand?post=615"},{"taxonomy":"product_cat","embeddable":true,"href":"https:\/\/lij.ismeduca.com\/es\/wp-json\/wp\/v2\/product_cat?post=615"},{"taxonomy":"product_tag","embeddable":true,"href":"https:\/\/lij.ismeduca.com\/es\/wp-json\/wp\/v2\/product_tag?post=615"},{"taxonomy":"asignatura","embeddable":true,"href":"https:\/\/lij.ismeduca.com\/es\/wp-json\/wp\/v2\/asignatura?post=615"},{"taxonomy":"compania","embeddable":true,"href":"https:\/\/lij.ismeduca.com\/es\/wp-json\/wp\/v2\/compania?post=615"},{"taxonomy":"curso","embeddable":true,"href":"https:\/\/lij.ismeduca.com\/es\/wp-json\/wp\/v2\/curso?post=615"},{"taxonomy":"idiomas","embeddable":true,"href":"https:\/\/lij.ismeduca.com\/es\/wp-json\/wp\/v2\/idiomas?post=615"},{"taxonomy":"genero","embeddable":true,"href":"https:\/\/lij.ismeduca.com\/es\/wp-json\/wp\/v2\/genero?post=615"},{"taxonomy":"linea","embeddable":true,"href":"https:\/\/lij.ismeduca.com\/es\/wp-json\/wp\/v2\/linea?post=615"},{"taxonomy":"premio","embeddable":true,"href":"https:\/\/lij.ismeduca.com\/es\/wp-json\/wp\/v2\/premio?post=615"},{"taxonomy":"proyecto-editorial","embeddable":true,"href":"https:\/\/lij.ismeduca.com\/es\/wp-json\/wp\/v2\/proyecto-editorial?post=615"},{"taxonomy":"tipo-de-libro","embeddable":true,"href":"https:\/\/lij.ismeduca.com\/es\/wp-json\/wp\/v2\/tipo-de-libro?post=615"},{"taxonomy":"soporte","embeddable":true,"href":"https:\/\/lij.ismeduca.com\/es\/wp-json\/wp\/v2\/soporte?post=615"},{"taxonomy":"zona-geografica","embeddable":true,"href":"https:\/\/lij.ismeduca.com\/es\/wp-json\/wp\/v2\/zona-geografica?post=615"},{"taxonomy":"autores","embeddable":true,"href":"https:\/\/lij.ismeduca.com\/es\/wp-json\/wp\/v2\/autores?post=615"},{"taxonomy":"colecciones","embeddable":true,"href":"https:\/\/lij.ismeduca.com\/es\/wp-json\/wp\/v2\/colecciones?post=615"},{"taxonomy":"personajes","embeddable":true,"href":"https:\/\/lij.ismeduca.com\/es\/wp-json\/wp\/v2\/personajes?post=615"}],"curies":[{"name":"wp","href":"https:\/\/api.w.org\/{rel}","templated":true}]}}