{"id":629,"date":"2022-09-15T00:00:00","date_gmt":"2024-07-11T09:07:59","guid":{"rendered":"https:\/\/lij.ismeduca.com\/tienda\/?post_type=product&#038;p=629"},"modified":"2025-12-23T12:58:30","modified_gmt":"2025-12-23T11:58:30","slug":"dinosaurios-y-criaturas-prehistoricas","status":"publish","type":"product","link":"https:\/\/lij.ismeduca.com\/es\/producto\/dinosaurios-y-criaturas-prehistoricas\/","title":{"rendered":"Dinosaurios y criaturas prehist\u00f3ricas"},"content":{"rendered":"","protected":false},"excerpt":{"rendered":"<p>Est\u00e1s a punto de retroceder varios millones de a\u00f1os hasta la \u00e9poca de los dinosaurios&#8230; Para emprender este viaje por los yacimientos de f\u00f3siles m\u00e1s incre\u00edbles del mundo necesitar\u00e1s un coraz\u00f3n intr\u00e9pido, buenos reflejos y nervios de acero. Solo as\u00ed podr\u00e1s seguir la pista de todas las criaturas prehist\u00f3ricas que se esconden en la costa Jur\u00e1sica , el oasis de Bahariya, la avenida de los Baobabs o el desierto de Gobi. Abre bien los ojos y la mente, enciende la linterna y&#8230; \u00a1Que empiece la aventura!<\/p>\n","protected":false},"featured_media":36131,"template":"","meta":{"_acf_changed":false,"inline_featured_image":false},"product_brand":[],"product_cat":[4706],"product_tag":[396,658,302,876,367,391,381,334,2058,878,273,877],"asignatura":[],"compania":[252],"curso":[],"idiomas":[1948],"genero":[369],"linea":[372],"premio":[],"proyecto-editorial":[323],"tipo-de-libro":[249],"soporte":[2004],"zona-geografica":[],"autores":[4347,4543,4348,4475,4310],"colecciones":[2443],"personajes":[],"class_list":{"0":"post-629","1":"product","2":"type-product","3":"status-publish","4":"has-post-thumbnail","6":"product_cat-6-12-anos","7":"product_tag-animales-prehistoricos","8":"product_tag-arqueologia","9":"product_tag-dinosaurios","10":"product_tag-fosiles","11":"product_tag-libro-interactivo","12":"product_tag-libro-juego","13":"product_tag-libros-de-conocimiento","14":"product_tag-libros-de-viajes","15":"product_tag-ntx","16":"product_tag-paleontologia","17":"product_tag-viajes","18":"product_tag-yacimientos-arqueologicos","19":"pa_codigo-sap-ntx","20":"compania-f-sta-maria-ediciones-sm-es","21":"idiomas-espanol","22":"genero-divulgacion","23":"linea-conocimiento","24":"proyecto-editorial-6-12","25":"tipo-de-libro-fisico","26":"soporte-libro","27":"autores-emily-hawkins","28":"autores-iria-torres-garcia","29":"autores-margarita-arroyo-macarro","30":"autores-patrycja-katarzyna-jurkowska","31":"autores-peng-yuna","32":"colecciones-fuera-de-coleccion","34":"first","35":"instock","36":"taxable","37":"shipping-taxable","38":"purchasable","39":"product-type-simple"},"acf":{"id_catalogo":"650","shortTitle":"DINOSAURIOS Y CRIATURAS PREHISTORICAS","descripcion":"<p>Est\u00e1s a punto de retroceder varios millones de a\u00f1os hasta la \u00e9poca de los dinosaurios... Para emprender este viaje por los yacimientos de f\u00f3siles m\u00e1s incre\u00edbles del mundo necesitar\u00e1s un coraz\u00f3n intr\u00e9pido, buenos reflejos y nervios de acero. Solo as\u00ed podr\u00e1s seguir la pista de todas las criaturas prehist\u00f3ricas que se esconden en la costa Jur\u00e1sica , el oasis de Bahariya, la avenida de los Baobabs o el desierto de Gobi. Abre bien los ojos y la mente, enciende la linterna y... \u00a1Que empiece la aventura!<\/p>","adjuntos":null,"descriptivePhrases":[{"type":"General","text":"Apaga las luces y enciende la linterna m\u00e1gica de este libro para descubrir m\u00e1s de 30 criaturas prehist\u00f3ricas en cada p\u00e1gina."}],"productSap":"NTX","isbn":"9788413924373","precio_colegios":19.18,"precio_librerias":19.18,"precio_librerias_sin_cobertura":19.18,"precio_distribuidores":19.18,"fecha_disponibilidad":null,"fecha_comercial":"20220915","organizacion_venta":"CS01","datos_para_buscador":"Peng Yuna, Margarita Arroyo Macarro, Patrycja Katarzyna Jurkowska, Iria Torres Garc\u00eda, Emily Hawkins, Fuera de Colecci\u00f3n, "},"yoast_head":"<!-- This site is optimized with the Yoast SEO plugin v26.6 - https:\/\/yoast.com\/wordpress\/plugins\/seo\/ -->\n<title>Dinosaurios y criaturas prehist\u00f3ricas - Literatura SM Espa\u00f1a<\/title>\n<meta name=\"robots\" content=\"noindex, follow, max-snippet:-1, max-image-preview:large, max-video-preview:-1\" \/>\n<meta property=\"og:locale\" content=\"es_ES\" \/>\n<meta property=\"og:type\" content=\"article\" \/>\n<meta property=\"og:title\" content=\"Dinosaurios y criaturas prehist\u00f3ricas - Literatura SM Espa\u00f1a\" \/>\n<meta property=\"og:url\" content=\"https:\/\/lij.ismeduca.com\/es\/producto\/dinosaurios-y-criaturas-prehistoricas\/\" \/>\n<meta property=\"og:site_name\" content=\"Literatura SM Espa\u00f1a\" \/>\n<meta property=\"article:modified_time\" content=\"2025-12-23T11:58:30+00:00\" \/>\n<meta name=\"twitter:card\" content=\"summary_large_image\" \/>\n<script type=\"application\/ld+json\" class=\"yoast-schema-graph\">{\"@context\":\"https:\/\/schema.org\",\"@graph\":[{\"@type\":\"WebPage\",\"@id\":\"https:\/\/lij.ismeduca.com\/es\/producto\/dinosaurios-y-criaturas-prehistoricas\/\",\"url\":\"https:\/\/lij.ismeduca.com\/es\/producto\/dinosaurios-y-criaturas-prehistoricas\/\",\"name\":\"Dinosaurios y criaturas prehist\u00f3ricas - Literatura SM Espa\u00f1a\",\"isPartOf\":{\"@id\":\"https:\/\/lij.ismeduca.com\/es\/#website\"},\"primaryImageOfPage\":{\"@id\":\"https:\/\/lij.ismeduca.com\/es\/producto\/dinosaurios-y-criaturas-prehistoricas\/#primaryimage\"},\"image\":{\"@id\":\"https:\/\/lij.ismeduca.com\/es\/producto\/dinosaurios-y-criaturas-prehistoricas\/#primaryimage\"},\"thumbnailUrl\":\"https:\/\/lij.ismeduca.com\/es\/wp-content\/uploads\/sites\/10\/2025\/12\/629.jpg\",\"datePublished\":\"2024-07-11T09:07:59+00:00\",\"dateModified\":\"2025-12-23T11:58:30+00:00\",\"breadcrumb\":{\"@id\":\"https:\/\/lij.ismeduca.com\/es\/producto\/dinosaurios-y-criaturas-prehistoricas\/#breadcrumb\"},\"inLanguage\":\"es\",\"potentialAction\":[{\"@type\":\"ReadAction\",\"target\":[\"https:\/\/lij.ismeduca.com\/es\/producto\/dinosaurios-y-criaturas-prehistoricas\/\"]}]},{\"@type\":\"ImageObject\",\"inLanguage\":\"es\",\"@id\":\"https:\/\/lij.ismeduca.com\/es\/producto\/dinosaurios-y-criaturas-prehistoricas\/#primaryimage\",\"url\":\"https:\/\/lij.ismeduca.com\/es\/wp-content\/uploads\/sites\/10\/2025\/12\/629.jpg\",\"contentUrl\":\"https:\/\/lij.ismeduca.com\/es\/wp-content\/uploads\/sites\/10\/2025\/12\/629.jpg\",\"width\":600,\"height\":496},{\"@type\":\"BreadcrumbList\",\"@id\":\"https:\/\/lij.ismeduca.com\/es\/producto\/dinosaurios-y-criaturas-prehistoricas\/#breadcrumb\",\"itemListElement\":[{\"@type\":\"ListItem\",\"position\":1,\"name\":\"Portada\",\"item\":\"https:\/\/lij.ismeduca.com\/es\/\"},{\"@type\":\"ListItem\",\"position\":2,\"name\":\"Tienda\",\"item\":\"https:\/\/lij.ismeduca.com\/es\/tienda\/\"},{\"@type\":\"ListItem\",\"position\":3,\"name\":\"Dinosaurios y criaturas prehist\u00f3ricas\"}]},{\"@type\":\"WebSite\",\"@id\":\"https:\/\/lij.ismeduca.com\/es\/#website\",\"url\":\"https:\/\/lij.ismeduca.com\/es\/\",\"name\":\"Literatura SM Espa\u00f1a\",\"description\":\"\",\"publisher\":{\"@id\":\"https:\/\/lij.ismeduca.com\/es\/#organization\"},\"potentialAction\":[{\"@type\":\"SearchAction\",\"target\":{\"@type\":\"EntryPoint\",\"urlTemplate\":\"https:\/\/lij.ismeduca.com\/es\/?s={search_term_string}\"},\"query-input\":{\"@type\":\"PropertyValueSpecification\",\"valueRequired\":true,\"valueName\":\"search_term_string\"}}],\"inLanguage\":\"es\"},{\"@type\":\"Organization\",\"@id\":\"https:\/\/lij.ismeduca.com\/es\/#organization\",\"name\":\"Literatura SM Espa\u00f1a\",\"url\":\"https:\/\/lij.ismeduca.com\/es\/\",\"logo\":{\"@type\":\"ImageObject\",\"inLanguage\":\"es\",\"@id\":\"https:\/\/lij.ismeduca.com\/es\/#\/schema\/logo\/image\/\",\"url\":\"https:\/\/lij.ismeduca.com\/es\/wp-content\/uploads\/sites\/10\/2024\/07\/logo-cabecera.png\",\"contentUrl\":\"https:\/\/lij.ismeduca.com\/es\/wp-content\/uploads\/sites\/10\/2024\/07\/logo-cabecera.png\",\"width\":396,\"height\":64,\"caption\":\"Literatura SM Espa\u00f1a\"},\"image\":{\"@id\":\"https:\/\/lij.ismeduca.com\/es\/#\/schema\/logo\/image\/\"}}]}<\/script>\n<!-- \/ Yoast SEO plugin. -->","yoast_head_json":{"title":"Dinosaurios y criaturas prehist\u00f3ricas - Literatura SM Espa\u00f1a","robots":{"index":"noindex","follow":"follow","max-snippet":"max-snippet:-1","max-image-preview":"max-image-preview:large","max-video-preview":"max-video-preview:-1"},"og_locale":"es_ES","og_type":"article","og_title":"Dinosaurios y criaturas prehist\u00f3ricas - Literatura SM Espa\u00f1a","og_url":"https:\/\/lij.ismeduca.com\/es\/producto\/dinosaurios-y-criaturas-prehistoricas\/","og_site_name":"Literatura SM Espa\u00f1a","article_modified_time":"2025-12-23T11:58:30+00:00","twitter_card":"summary_large_image","schema":{"@context":"https:\/\/schema.org","@graph":[{"@type":"WebPage","@id":"https:\/\/lij.ismeduca.com\/es\/producto\/dinosaurios-y-criaturas-prehistoricas\/","url":"https:\/\/lij.ismeduca.com\/es\/producto\/dinosaurios-y-criaturas-prehistoricas\/","name":"Dinosaurios y criaturas prehist\u00f3ricas - Literatura SM Espa\u00f1a","isPartOf":{"@id":"https:\/\/lij.ismeduca.com\/es\/#website"},"primaryImageOfPage":{"@id":"https:\/\/lij.ismeduca.com\/es\/producto\/dinosaurios-y-criaturas-prehistoricas\/#primaryimage"},"image":{"@id":"https:\/\/lij.ismeduca.com\/es\/producto\/dinosaurios-y-criaturas-prehistoricas\/#primaryimage"},"thumbnailUrl":"https:\/\/lij.ismeduca.com\/es\/wp-content\/uploads\/sites\/10\/2025\/12\/629.jpg","datePublished":"2024-07-11T09:07:59+00:00","dateModified":"2025-12-23T11:58:30+00:00","breadcrumb":{"@id":"https:\/\/lij.ismeduca.com\/es\/producto\/dinosaurios-y-criaturas-prehistoricas\/#breadcrumb"},"inLanguage":"es","potentialAction":[{"@type":"ReadAction","target":["https:\/\/lij.ismeduca.com\/es\/producto\/dinosaurios-y-criaturas-prehistoricas\/"]}]},{"@type":"ImageObject","inLanguage":"es","@id":"https:\/\/lij.ismeduca.com\/es\/producto\/dinosaurios-y-criaturas-prehistoricas\/#primaryimage","url":"https:\/\/lij.ismeduca.com\/es\/wp-content\/uploads\/sites\/10\/2025\/12\/629.jpg","contentUrl":"https:\/\/lij.ismeduca.com\/es\/wp-content\/uploads\/sites\/10\/2025\/12\/629.jpg","width":600,"height":496},{"@type":"BreadcrumbList","@id":"https:\/\/lij.ismeduca.com\/es\/producto\/dinosaurios-y-criaturas-prehistoricas\/#breadcrumb","itemListElement":[{"@type":"ListItem","position":1,"name":"Portada","item":"https:\/\/lij.ismeduca.com\/es\/"},{"@type":"ListItem","position":2,"name":"Tienda","item":"https:\/\/lij.ismeduca.com\/es\/tienda\/"},{"@type":"ListItem","position":3,"name":"Dinosaurios y criaturas prehist\u00f3ricas"}]},{"@type":"WebSite","@id":"https:\/\/lij.ismeduca.com\/es\/#website","url":"https:\/\/lij.ismeduca.com\/es\/","name":"Literatura SM Espa\u00f1a","description":"","publisher":{"@id":"https:\/\/lij.ismeduca.com\/es\/#organization"},"potentialAction":[{"@type":"SearchAction","target":{"@type":"EntryPoint","urlTemplate":"https:\/\/lij.ismeduca.com\/es\/?s={search_term_string}"},"query-input":{"@type":"PropertyValueSpecification","valueRequired":true,"valueName":"search_term_string"}}],"inLanguage":"es"},{"@type":"Organization","@id":"https:\/\/lij.ismeduca.com\/es\/#organization","name":"Literatura SM Espa\u00f1a","url":"https:\/\/lij.ismeduca.com\/es\/","logo":{"@type":"ImageObject","inLanguage":"es","@id":"https:\/\/lij.ismeduca.com\/es\/#\/schema\/logo\/image\/","url":"https:\/\/lij.ismeduca.com\/es\/wp-content\/uploads\/sites\/10\/2024\/07\/logo-cabecera.png","contentUrl":"https:\/\/lij.ismeduca.com\/es\/wp-content\/uploads\/sites\/10\/2024\/07\/logo-cabecera.png","width":396,"height":64,"caption":"Literatura SM Espa\u00f1a"},"image":{"@id":"https:\/\/lij.ismeduca.com\/es\/#\/schema\/logo\/image\/"}}]}},"_links":{"self":[{"href":"https:\/\/lij.ismeduca.com\/es\/wp-json\/wp\/v2\/product\/629","targetHints":{"allow":["GET"]}}],"collection":[{"href":"https:\/\/lij.ismeduca.com\/es\/wp-json\/wp\/v2\/product"}],"about":[{"href":"https:\/\/lij.ismeduca.com\/es\/wp-json\/wp\/v2\/types\/product"}],"version-history":[{"count":1,"href":"https:\/\/lij.ismeduca.com\/es\/wp-json\/wp\/v2\/product\/629\/revisions"}],"predecessor-version":[{"id":32199,"href":"https:\/\/lij.ismeduca.com\/es\/wp-json\/wp\/v2\/product\/629\/revisions\/32199"}],"wp:featuredmedia":[{"embeddable":true,"href":"https:\/\/lij.ismeduca.com\/es\/wp-json\/wp\/v2\/media\/36131"}],"wp:attachment":[{"href":"https:\/\/lij.ismeduca.com\/es\/wp-json\/wp\/v2\/media?parent=629"}],"wp:term":[{"taxonomy":"product_brand","embeddable":true,"href":"https:\/\/lij.ismeduca.com\/es\/wp-json\/wp\/v2\/product_brand?post=629"},{"taxonomy":"product_cat","embeddable":true,"href":"https:\/\/lij.ismeduca.com\/es\/wp-json\/wp\/v2\/product_cat?post=629"},{"taxonomy":"product_tag","embeddable":true,"href":"https:\/\/lij.ismeduca.com\/es\/wp-json\/wp\/v2\/product_tag?post=629"},{"taxonomy":"asignatura","embeddable":true,"href":"https:\/\/lij.ismeduca.com\/es\/wp-json\/wp\/v2\/asignatura?post=629"},{"taxonomy":"compania","embeddable":true,"href":"https:\/\/lij.ismeduca.com\/es\/wp-json\/wp\/v2\/compania?post=629"},{"taxonomy":"curso","embeddable":true,"href":"https:\/\/lij.ismeduca.com\/es\/wp-json\/wp\/v2\/curso?post=629"},{"taxonomy":"idiomas","embeddable":true,"href":"https:\/\/lij.ismeduca.com\/es\/wp-json\/wp\/v2\/idiomas?post=629"},{"taxonomy":"genero","embeddable":true,"href":"https:\/\/lij.ismeduca.com\/es\/wp-json\/wp\/v2\/genero?post=629"},{"taxonomy":"linea","embeddable":true,"href":"https:\/\/lij.ismeduca.com\/es\/wp-json\/wp\/v2\/linea?post=629"},{"taxonomy":"premio","embeddable":true,"href":"https:\/\/lij.ismeduca.com\/es\/wp-json\/wp\/v2\/premio?post=629"},{"taxonomy":"proyecto-editorial","embeddable":true,"href":"https:\/\/lij.ismeduca.com\/es\/wp-json\/wp\/v2\/proyecto-editorial?post=629"},{"taxonomy":"tipo-de-libro","embeddable":true,"href":"https:\/\/lij.ismeduca.com\/es\/wp-json\/wp\/v2\/tipo-de-libro?post=629"},{"taxonomy":"soporte","embeddable":true,"href":"https:\/\/lij.ismeduca.com\/es\/wp-json\/wp\/v2\/soporte?post=629"},{"taxonomy":"zona-geografica","embeddable":true,"href":"https:\/\/lij.ismeduca.com\/es\/wp-json\/wp\/v2\/zona-geografica?post=629"},{"taxonomy":"autores","embeddable":true,"href":"https:\/\/lij.ismeduca.com\/es\/wp-json\/wp\/v2\/autores?post=629"},{"taxonomy":"colecciones","embeddable":true,"href":"https:\/\/lij.ismeduca.com\/es\/wp-json\/wp\/v2\/colecciones?post=629"},{"taxonomy":"personajes","embeddable":true,"href":"https:\/\/lij.ismeduca.com\/es\/wp-json\/wp\/v2\/personajes?post=629"}],"curies":[{"name":"wp","href":"https:\/\/api.w.org\/{rel}","templated":true}]}}