{"id":6402,"date":"2016-10-13T00:00:00","date_gmt":"2024-07-11T10:50:05","guid":{"rendered":"https:\/\/lij.ismeduca.com\/tienda\/?post_type=product&#038;p=6402"},"modified":"2025-12-23T12:41:18","modified_gmt":"2025-12-23T11:41:18","slug":"princeses-drac-1-el-misteri-de-lou-daurat","status":"publish","type":"product","link":"https:\/\/lij.ismeduca.com\/es\/producto\/princeses-drac-1-el-misteri-de-lou-daurat\/","title":{"rendered":"Princeses Drac 1. El misteri de l&#8217;ou daurat"},"content":{"rendered":"","protected":false},"excerpt":{"rendered":"<p><P>&#201;s que no te n&#8217;has adonat? El conte ha canviat! <\/P><P>La Bamba viu tranquil&#183;lament al seu castell amb la seva mare, la reina. I un dia rep una carta del pr&#237;ncep Rosko dient-li que se n&#8217;ha enamorat. I que s&#8217;hi vol casar. Per&#242; ella no en vol ni sentir a parlar. Per sort, hi ha altres princeses i un mag i un ou de drac i fins i tot dos lladres en un bosc ple de bolets verinosos&#8230;, que ho trastoquen tot.<\/P><\/p>\n","protected":false},"featured_media":35995,"template":"","meta":{"_acf_changed":false,"inline_featured_image":false},"product_brand":[],"product_cat":[4699],"product_tag":[332,297,990,253,298,2058,403],"asignatura":[],"compania":[258],"curso":[],"idiomas":[1951],"genero":[275],"linea":[250],"premio":[],"proyecto-editorial":[323],"tipo-de-libro":[249],"soporte":[2004],"zona-geografica":[],"autores":[4221,4008,4220],"colecciones":[2354],"personajes":[2127],"class_list":{"0":"post-6402","1":"product","2":"type-product","3":"status-publish","4":"has-post-thumbnail","6":"product_cat-princesas-dragon","7":"product_tag-dragones","8":"product_tag-literatura-de-aventuras","9":"product_tag-literatura-de-ficcion","10":"product_tag-literatura-de-humor","11":"product_tag-literatura-infantil","12":"product_tag-ntx","13":"product_tag-princesas","14":"pa_codigo-sap-ntx","15":"compania-editorial-cruilla-s-a-es","16":"idiomas-catalan","17":"genero-fantasia","18":"linea-narrativa","19":"proyecto-editorial-6-12","20":"tipo-de-libro-fisico","21":"soporte-libro","22":"autores-lujan-fernandez-mendez","23":"autores-monica-molera-i-jorda","24":"autores-pedro-manas-romero","25":"colecciones-princeses-drac","26":"personajes-princesas-dragon","28":"first","29":"instock","30":"taxable","31":"shipping-taxable","32":"purchasable","33":"product-type-simple"},"acf":{"id_catalogo":"650","shortTitle":"C-PRD.1 EL MISTERI DE L'OU DAURAT","descripcion":"<P>&#201;s que no te n&#8217;has adonat? El conte ha canviat! <\/P><P>La Bamba viu tranquil&#183;lament al seu castell amb la seva mare, la reina. I un dia rep una carta del pr&#237;ncep Rosko dient-li que se n'ha enamorat. I que s'hi vol casar. Per&#242; ella no en vol ni sentir a parlar. Per sort, hi ha altres princeses i un mag i un ou de drac i fins i tot dos lladres en un bosc ple de bolets verinosos..., que ho trastoquen tot.<\/P>","adjuntos":null,"descriptivePhrases":null,"productSap":"NTX","isbn":"9788466141772","precio_colegios":9.57,"precio_librerias":9.57,"precio_librerias_sin_cobertura":9.57,"precio_distribuidores":9.57,"fecha_disponibilidad":null,"fecha_comercial":"20161013","organizacion_venta":"CS01","datos_para_buscador":"Princesas Drag\u00f3n, Luj\u00e1n Fern\u00e1ndez M\u00e9ndez, M\u00f2nica Molera i Jord\u00e0, Pedro Ma\u00f1as Romero, Princesas Drag\u00f3n, Princeses Drac, "},"yoast_head":"<!-- This site is optimized with the Yoast SEO plugin v26.6 - https:\/\/yoast.com\/wordpress\/plugins\/seo\/ -->\n<title>Princeses Drac 1. El misteri de l&#039;ou daurat - Literatura SM Espa\u00f1a<\/title>\n<meta name=\"robots\" content=\"noindex, follow, max-snippet:-1, max-image-preview:large, max-video-preview:-1\" \/>\n<meta property=\"og:locale\" content=\"es_ES\" \/>\n<meta property=\"og:type\" content=\"article\" \/>\n<meta property=\"og:title\" content=\"Princeses Drac 1. El misteri de l&#039;ou daurat - Literatura SM Espa\u00f1a\" \/>\n<meta property=\"og:url\" content=\"https:\/\/lij.ismeduca.com\/es\/producto\/princeses-drac-1-el-misteri-de-lou-daurat\/\" \/>\n<meta property=\"og:site_name\" content=\"Literatura SM Espa\u00f1a\" \/>\n<meta property=\"article:modified_time\" content=\"2025-12-23T11:41:18+00:00\" \/>\n<meta name=\"twitter:card\" content=\"summary_large_image\" \/>\n<script type=\"application\/ld+json\" class=\"yoast-schema-graph\">{\"@context\":\"https:\/\/schema.org\",\"@graph\":[{\"@type\":\"WebPage\",\"@id\":\"https:\/\/lij.ismeduca.com\/es\/producto\/princeses-drac-1-el-misteri-de-lou-daurat\/\",\"url\":\"https:\/\/lij.ismeduca.com\/es\/producto\/princeses-drac-1-el-misteri-de-lou-daurat\/\",\"name\":\"Princeses Drac 1. El misteri de l'ou daurat - Literatura SM Espa\u00f1a\",\"isPartOf\":{\"@id\":\"https:\/\/lij.ismeduca.com\/es\/#website\"},\"primaryImageOfPage\":{\"@id\":\"https:\/\/lij.ismeduca.com\/es\/producto\/princeses-drac-1-el-misteri-de-lou-daurat\/#primaryimage\"},\"image\":{\"@id\":\"https:\/\/lij.ismeduca.com\/es\/producto\/princeses-drac-1-el-misteri-de-lou-daurat\/#primaryimage\"},\"thumbnailUrl\":\"https:\/\/lij.ismeduca.com\/es\/wp-content\/uploads\/sites\/10\/2025\/12\/6402.jpg\",\"datePublished\":\"2024-07-11T10:50:05+00:00\",\"dateModified\":\"2025-12-23T11:41:18+00:00\",\"breadcrumb\":{\"@id\":\"https:\/\/lij.ismeduca.com\/es\/producto\/princeses-drac-1-el-misteri-de-lou-daurat\/#breadcrumb\"},\"inLanguage\":\"es\",\"potentialAction\":[{\"@type\":\"ReadAction\",\"target\":[\"https:\/\/lij.ismeduca.com\/es\/producto\/princeses-drac-1-el-misteri-de-lou-daurat\/\"]}]},{\"@type\":\"ImageObject\",\"inLanguage\":\"es\",\"@id\":\"https:\/\/lij.ismeduca.com\/es\/producto\/princeses-drac-1-el-misteri-de-lou-daurat\/#primaryimage\",\"url\":\"https:\/\/lij.ismeduca.com\/es\/wp-content\/uploads\/sites\/10\/2025\/12\/6402.jpg\",\"contentUrl\":\"https:\/\/lij.ismeduca.com\/es\/wp-content\/uploads\/sites\/10\/2025\/12\/6402.jpg\",\"width\":600,\"height\":886},{\"@type\":\"BreadcrumbList\",\"@id\":\"https:\/\/lij.ismeduca.com\/es\/producto\/princeses-drac-1-el-misteri-de-lou-daurat\/#breadcrumb\",\"itemListElement\":[{\"@type\":\"ListItem\",\"position\":1,\"name\":\"Portada\",\"item\":\"https:\/\/lij.ismeduca.com\/es\/\"},{\"@type\":\"ListItem\",\"position\":2,\"name\":\"Tienda\",\"item\":\"https:\/\/lij.ismeduca.com\/es\/tienda\/\"},{\"@type\":\"ListItem\",\"position\":3,\"name\":\"Princeses Drac 1. El misteri de l&#8217;ou daurat\"}]},{\"@type\":\"WebSite\",\"@id\":\"https:\/\/lij.ismeduca.com\/es\/#website\",\"url\":\"https:\/\/lij.ismeduca.com\/es\/\",\"name\":\"Literatura SM Espa\u00f1a\",\"description\":\"\",\"publisher\":{\"@id\":\"https:\/\/lij.ismeduca.com\/es\/#organization\"},\"potentialAction\":[{\"@type\":\"SearchAction\",\"target\":{\"@type\":\"EntryPoint\",\"urlTemplate\":\"https:\/\/lij.ismeduca.com\/es\/?s={search_term_string}\"},\"query-input\":{\"@type\":\"PropertyValueSpecification\",\"valueRequired\":true,\"valueName\":\"search_term_string\"}}],\"inLanguage\":\"es\"},{\"@type\":\"Organization\",\"@id\":\"https:\/\/lij.ismeduca.com\/es\/#organization\",\"name\":\"Literatura SM Espa\u00f1a\",\"url\":\"https:\/\/lij.ismeduca.com\/es\/\",\"logo\":{\"@type\":\"ImageObject\",\"inLanguage\":\"es\",\"@id\":\"https:\/\/lij.ismeduca.com\/es\/#\/schema\/logo\/image\/\",\"url\":\"https:\/\/lij.ismeduca.com\/es\/wp-content\/uploads\/sites\/10\/2024\/07\/logo-cabecera.png\",\"contentUrl\":\"https:\/\/lij.ismeduca.com\/es\/wp-content\/uploads\/sites\/10\/2024\/07\/logo-cabecera.png\",\"width\":396,\"height\":64,\"caption\":\"Literatura SM Espa\u00f1a\"},\"image\":{\"@id\":\"https:\/\/lij.ismeduca.com\/es\/#\/schema\/logo\/image\/\"}}]}<\/script>\n<!-- \/ Yoast SEO plugin. -->","yoast_head_json":{"title":"Princeses Drac 1. El misteri de l'ou daurat - Literatura SM Espa\u00f1a","robots":{"index":"noindex","follow":"follow","max-snippet":"max-snippet:-1","max-image-preview":"max-image-preview:large","max-video-preview":"max-video-preview:-1"},"og_locale":"es_ES","og_type":"article","og_title":"Princeses Drac 1. El misteri de l'ou daurat - Literatura SM Espa\u00f1a","og_url":"https:\/\/lij.ismeduca.com\/es\/producto\/princeses-drac-1-el-misteri-de-lou-daurat\/","og_site_name":"Literatura SM Espa\u00f1a","article_modified_time":"2025-12-23T11:41:18+00:00","twitter_card":"summary_large_image","schema":{"@context":"https:\/\/schema.org","@graph":[{"@type":"WebPage","@id":"https:\/\/lij.ismeduca.com\/es\/producto\/princeses-drac-1-el-misteri-de-lou-daurat\/","url":"https:\/\/lij.ismeduca.com\/es\/producto\/princeses-drac-1-el-misteri-de-lou-daurat\/","name":"Princeses Drac 1. El misteri de l'ou daurat - Literatura SM Espa\u00f1a","isPartOf":{"@id":"https:\/\/lij.ismeduca.com\/es\/#website"},"primaryImageOfPage":{"@id":"https:\/\/lij.ismeduca.com\/es\/producto\/princeses-drac-1-el-misteri-de-lou-daurat\/#primaryimage"},"image":{"@id":"https:\/\/lij.ismeduca.com\/es\/producto\/princeses-drac-1-el-misteri-de-lou-daurat\/#primaryimage"},"thumbnailUrl":"https:\/\/lij.ismeduca.com\/es\/wp-content\/uploads\/sites\/10\/2025\/12\/6402.jpg","datePublished":"2024-07-11T10:50:05+00:00","dateModified":"2025-12-23T11:41:18+00:00","breadcrumb":{"@id":"https:\/\/lij.ismeduca.com\/es\/producto\/princeses-drac-1-el-misteri-de-lou-daurat\/#breadcrumb"},"inLanguage":"es","potentialAction":[{"@type":"ReadAction","target":["https:\/\/lij.ismeduca.com\/es\/producto\/princeses-drac-1-el-misteri-de-lou-daurat\/"]}]},{"@type":"ImageObject","inLanguage":"es","@id":"https:\/\/lij.ismeduca.com\/es\/producto\/princeses-drac-1-el-misteri-de-lou-daurat\/#primaryimage","url":"https:\/\/lij.ismeduca.com\/es\/wp-content\/uploads\/sites\/10\/2025\/12\/6402.jpg","contentUrl":"https:\/\/lij.ismeduca.com\/es\/wp-content\/uploads\/sites\/10\/2025\/12\/6402.jpg","width":600,"height":886},{"@type":"BreadcrumbList","@id":"https:\/\/lij.ismeduca.com\/es\/producto\/princeses-drac-1-el-misteri-de-lou-daurat\/#breadcrumb","itemListElement":[{"@type":"ListItem","position":1,"name":"Portada","item":"https:\/\/lij.ismeduca.com\/es\/"},{"@type":"ListItem","position":2,"name":"Tienda","item":"https:\/\/lij.ismeduca.com\/es\/tienda\/"},{"@type":"ListItem","position":3,"name":"Princeses Drac 1. El misteri de l&#8217;ou daurat"}]},{"@type":"WebSite","@id":"https:\/\/lij.ismeduca.com\/es\/#website","url":"https:\/\/lij.ismeduca.com\/es\/","name":"Literatura SM Espa\u00f1a","description":"","publisher":{"@id":"https:\/\/lij.ismeduca.com\/es\/#organization"},"potentialAction":[{"@type":"SearchAction","target":{"@type":"EntryPoint","urlTemplate":"https:\/\/lij.ismeduca.com\/es\/?s={search_term_string}"},"query-input":{"@type":"PropertyValueSpecification","valueRequired":true,"valueName":"search_term_string"}}],"inLanguage":"es"},{"@type":"Organization","@id":"https:\/\/lij.ismeduca.com\/es\/#organization","name":"Literatura SM Espa\u00f1a","url":"https:\/\/lij.ismeduca.com\/es\/","logo":{"@type":"ImageObject","inLanguage":"es","@id":"https:\/\/lij.ismeduca.com\/es\/#\/schema\/logo\/image\/","url":"https:\/\/lij.ismeduca.com\/es\/wp-content\/uploads\/sites\/10\/2024\/07\/logo-cabecera.png","contentUrl":"https:\/\/lij.ismeduca.com\/es\/wp-content\/uploads\/sites\/10\/2024\/07\/logo-cabecera.png","width":396,"height":64,"caption":"Literatura SM Espa\u00f1a"},"image":{"@id":"https:\/\/lij.ismeduca.com\/es\/#\/schema\/logo\/image\/"}}]}},"_links":{"self":[{"href":"https:\/\/lij.ismeduca.com\/es\/wp-json\/wp\/v2\/product\/6402","targetHints":{"allow":["GET"]}}],"collection":[{"href":"https:\/\/lij.ismeduca.com\/es\/wp-json\/wp\/v2\/product"}],"about":[{"href":"https:\/\/lij.ismeduca.com\/es\/wp-json\/wp\/v2\/types\/product"}],"version-history":[{"count":1,"href":"https:\/\/lij.ismeduca.com\/es\/wp-json\/wp\/v2\/product\/6402\/revisions"}],"predecessor-version":[{"id":35996,"href":"https:\/\/lij.ismeduca.com\/es\/wp-json\/wp\/v2\/product\/6402\/revisions\/35996"}],"wp:featuredmedia":[{"embeddable":true,"href":"https:\/\/lij.ismeduca.com\/es\/wp-json\/wp\/v2\/media\/35995"}],"wp:attachment":[{"href":"https:\/\/lij.ismeduca.com\/es\/wp-json\/wp\/v2\/media?parent=6402"}],"wp:term":[{"taxonomy":"product_brand","embeddable":true,"href":"https:\/\/lij.ismeduca.com\/es\/wp-json\/wp\/v2\/product_brand?post=6402"},{"taxonomy":"product_cat","embeddable":true,"href":"https:\/\/lij.ismeduca.com\/es\/wp-json\/wp\/v2\/product_cat?post=6402"},{"taxonomy":"product_tag","embeddable":true,"href":"https:\/\/lij.ismeduca.com\/es\/wp-json\/wp\/v2\/product_tag?post=6402"},{"taxonomy":"asignatura","embeddable":true,"href":"https:\/\/lij.ismeduca.com\/es\/wp-json\/wp\/v2\/asignatura?post=6402"},{"taxonomy":"compania","embeddable":true,"href":"https:\/\/lij.ismeduca.com\/es\/wp-json\/wp\/v2\/compania?post=6402"},{"taxonomy":"curso","embeddable":true,"href":"https:\/\/lij.ismeduca.com\/es\/wp-json\/wp\/v2\/curso?post=6402"},{"taxonomy":"idiomas","embeddable":true,"href":"https:\/\/lij.ismeduca.com\/es\/wp-json\/wp\/v2\/idiomas?post=6402"},{"taxonomy":"genero","embeddable":true,"href":"https:\/\/lij.ismeduca.com\/es\/wp-json\/wp\/v2\/genero?post=6402"},{"taxonomy":"linea","embeddable":true,"href":"https:\/\/lij.ismeduca.com\/es\/wp-json\/wp\/v2\/linea?post=6402"},{"taxonomy":"premio","embeddable":true,"href":"https:\/\/lij.ismeduca.com\/es\/wp-json\/wp\/v2\/premio?post=6402"},{"taxonomy":"proyecto-editorial","embeddable":true,"href":"https:\/\/lij.ismeduca.com\/es\/wp-json\/wp\/v2\/proyecto-editorial?post=6402"},{"taxonomy":"tipo-de-libro","embeddable":true,"href":"https:\/\/lij.ismeduca.com\/es\/wp-json\/wp\/v2\/tipo-de-libro?post=6402"},{"taxonomy":"soporte","embeddable":true,"href":"https:\/\/lij.ismeduca.com\/es\/wp-json\/wp\/v2\/soporte?post=6402"},{"taxonomy":"zona-geografica","embeddable":true,"href":"https:\/\/lij.ismeduca.com\/es\/wp-json\/wp\/v2\/zona-geografica?post=6402"},{"taxonomy":"autores","embeddable":true,"href":"https:\/\/lij.ismeduca.com\/es\/wp-json\/wp\/v2\/autores?post=6402"},{"taxonomy":"colecciones","embeddable":true,"href":"https:\/\/lij.ismeduca.com\/es\/wp-json\/wp\/v2\/colecciones?post=6402"},{"taxonomy":"personajes","embeddable":true,"href":"https:\/\/lij.ismeduca.com\/es\/wp-json\/wp\/v2\/personajes?post=6402"}],"curies":[{"name":"wp","href":"https:\/\/api.w.org\/{rel}","templated":true}]}}