{"id":6410,"date":"2018-02-08T00:00:00","date_gmt":"2024-07-11T10:50:09","guid":{"rendered":"https:\/\/lij.ismeduca.com\/tienda\/?post_type=product&#038;p=6410"},"modified":"2025-12-23T12:44:49","modified_gmt":"2025-12-23T11:44:49","slug":"princeses-drac-5-els-germans-tempesta","status":"publish","type":"product","link":"https:\/\/lij.ismeduca.com\/es\/producto\/princeses-drac-5-els-germans-tempesta\/","title":{"rendered":"Princeses Drac 5. Els germans Tempesta"},"content":{"rendered":"","protected":false},"excerpt":{"rendered":"<p>&#201;s que no te n&#8217;has adonat? El conte ha canviat! <\/p>\n<p>Les princeses poden ser de moltes maneres. N&#8217;hi ha d&#8217;esportistes, cursis, malcarades, alegres, atrevides&#8230; Algunes s&#8217;ajunten i&#8230; BUM! Es converteixen en drac. Les Princeses Drac i els seus amics naveguen cap al centre de l&#8217;oce&#224; per rescatar els pares d&#8217;en Rosko. De sobte, una tempesta els fa naufragar. Per sort, aconsegueixen arribar a una illa per poder recuperar les forces&#8230; O no. I &#233;s que un ceptre capa&#231; de generar tempestes pot fer les coses molt dif&#237;cils. Cinqu&#232; llibre de les Princeses Drac, en qu&#232; un parell de reis, habitants del cel, ens faran ballar al ritme dels llamps.<\/p>\n","protected":false},"featured_media":35994,"template":"","meta":{"_acf_changed":false,"inline_featured_image":false},"product_brand":[],"product_cat":[4699],"product_tag":[270,332,297,253,481,2058,403,1195,1515],"asignatura":[],"compania":[258],"curso":[],"idiomas":[1951],"genero":[],"linea":[250],"premio":[],"proyecto-editorial":[323],"tipo-de-libro":[249],"soporte":[2004],"zona-geografica":[],"autores":[4221,4008,4220],"colecciones":[2354],"personajes":[2127],"class_list":{"0":"post-6410","1":"product","2":"type-product","3":"status-publish","4":"has-post-thumbnail","6":"product_cat-princesas-dragon","7":"product_tag-animales","8":"product_tag-dragones","9":"product_tag-literatura-de-aventuras","10":"product_tag-literatura-de-humor","11":"product_tag-magia","12":"product_tag-ntx","13":"product_tag-princesas","14":"product_tag-reyes","15":"product_tag-tormentas","16":"pa_codigo-sap-ntx","17":"compania-editorial-cruilla-s-a-es","18":"idiomas-catalan","19":"linea-narrativa","20":"proyecto-editorial-6-12","21":"tipo-de-libro-fisico","22":"soporte-libro","23":"autores-lujan-fernandez-mendez","24":"autores-monica-molera-i-jorda","25":"autores-pedro-manas-romero","26":"colecciones-princeses-drac","27":"personajes-princesas-dragon","29":"first","30":"instock","31":"taxable","32":"shipping-taxable","33":"purchasable","34":"product-type-simple"},"acf":{"id_catalogo":"650","shortTitle":"C-PRD.5 ELS GERMANS TEMPESTA","descripcion":"&#201;s que no te n&#8217;has adonat? El conte ha canviat! <br \/><br \/>Les princeses poden ser de moltes maneres. N'hi ha d'esportistes, cursis, malcarades, alegres, atrevides... Algunes s'ajunten i... BUM! Es converteixen en drac. Les Princeses Drac i els seus amics naveguen cap al centre de l'oce&#224; per rescatar els pares d'en Rosko. De sobte, una tempesta els fa naufragar. Per sort, aconsegueixen arribar a una illa per poder recuperar les forces... O no. I &#233;s que un ceptre capa&#231; de generar tempestes pot fer les coses molt dif&#237;cils. Cinqu&#232; llibre de les Princeses Drac, en qu&#232; un parell de reis, habitants del cel, ens faran ballar al ritme dels llamps.","adjuntos":[{"id":"12","titulo":"Web","url":""},{"id":"12","titulo":"Web","url":""}],"descriptivePhrases":[{"type":"General","text":"Les Princeses Drac s'enfronten amb llamps, tempestes i n\u00favols de cot\u00f3 en la seva cinquena aventura."}],"productSap":"NTX","isbn":"9788466143769","precio_colegios":9.57,"precio_librerias":9.57,"precio_librerias_sin_cobertura":9.57,"precio_distribuidores":9.57,"fecha_disponibilidad":null,"fecha_comercial":"20180208","organizacion_venta":"CS01","datos_para_buscador":"Luj\u00e1n Fern\u00e1ndez M\u00e9ndez, M\u00f2nica Molera i Jord\u00e0, Princesas Drag\u00f3n, Pedro Ma\u00f1as Romero, Princesas Drag\u00f3n, Princeses Drac, "},"yoast_head":"<!-- This site is optimized with the Yoast SEO plugin v26.6 - https:\/\/yoast.com\/wordpress\/plugins\/seo\/ -->\n<title>Princeses Drac 5. Els germans Tempesta - Literatura SM Espa\u00f1a<\/title>\n<meta name=\"robots\" content=\"noindex, follow, max-snippet:-1, max-image-preview:large, max-video-preview:-1\" \/>\n<meta property=\"og:locale\" content=\"es_ES\" \/>\n<meta property=\"og:type\" content=\"article\" \/>\n<meta property=\"og:title\" content=\"Princeses Drac 5. Els germans Tempesta - Literatura SM Espa\u00f1a\" \/>\n<meta property=\"og:url\" content=\"https:\/\/lij.ismeduca.com\/es\/producto\/princeses-drac-5-els-germans-tempesta\/\" \/>\n<meta property=\"og:site_name\" content=\"Literatura SM Espa\u00f1a\" \/>\n<meta property=\"article:modified_time\" content=\"2025-12-23T11:44:49+00:00\" \/>\n<meta name=\"twitter:card\" content=\"summary_large_image\" \/>\n<script type=\"application\/ld+json\" class=\"yoast-schema-graph\">{\"@context\":\"https:\/\/schema.org\",\"@graph\":[{\"@type\":\"WebPage\",\"@id\":\"https:\/\/lij.ismeduca.com\/es\/producto\/princeses-drac-5-els-germans-tempesta\/\",\"url\":\"https:\/\/lij.ismeduca.com\/es\/producto\/princeses-drac-5-els-germans-tempesta\/\",\"name\":\"Princeses Drac 5. Els germans Tempesta - Literatura SM Espa\u00f1a\",\"isPartOf\":{\"@id\":\"https:\/\/lij.ismeduca.com\/es\/#website\"},\"primaryImageOfPage\":{\"@id\":\"https:\/\/lij.ismeduca.com\/es\/producto\/princeses-drac-5-els-germans-tempesta\/#primaryimage\"},\"image\":{\"@id\":\"https:\/\/lij.ismeduca.com\/es\/producto\/princeses-drac-5-els-germans-tempesta\/#primaryimage\"},\"thumbnailUrl\":\"https:\/\/lij.ismeduca.com\/es\/wp-content\/uploads\/sites\/10\/2025\/12\/6410.jpg\",\"datePublished\":\"2024-07-11T10:50:09+00:00\",\"dateModified\":\"2025-12-23T11:44:49+00:00\",\"breadcrumb\":{\"@id\":\"https:\/\/lij.ismeduca.com\/es\/producto\/princeses-drac-5-els-germans-tempesta\/#breadcrumb\"},\"inLanguage\":\"es\",\"potentialAction\":[{\"@type\":\"ReadAction\",\"target\":[\"https:\/\/lij.ismeduca.com\/es\/producto\/princeses-drac-5-els-germans-tempesta\/\"]}]},{\"@type\":\"ImageObject\",\"inLanguage\":\"es\",\"@id\":\"https:\/\/lij.ismeduca.com\/es\/producto\/princeses-drac-5-els-germans-tempesta\/#primaryimage\",\"url\":\"https:\/\/lij.ismeduca.com\/es\/wp-content\/uploads\/sites\/10\/2025\/12\/6410.jpg\",\"contentUrl\":\"https:\/\/lij.ismeduca.com\/es\/wp-content\/uploads\/sites\/10\/2025\/12\/6410.jpg\",\"width\":600,\"height\":851},{\"@type\":\"BreadcrumbList\",\"@id\":\"https:\/\/lij.ismeduca.com\/es\/producto\/princeses-drac-5-els-germans-tempesta\/#breadcrumb\",\"itemListElement\":[{\"@type\":\"ListItem\",\"position\":1,\"name\":\"Portada\",\"item\":\"https:\/\/lij.ismeduca.com\/es\/\"},{\"@type\":\"ListItem\",\"position\":2,\"name\":\"Tienda\",\"item\":\"https:\/\/lij.ismeduca.com\/es\/tienda\/\"},{\"@type\":\"ListItem\",\"position\":3,\"name\":\"Princeses Drac 5. Els germans Tempesta\"}]},{\"@type\":\"WebSite\",\"@id\":\"https:\/\/lij.ismeduca.com\/es\/#website\",\"url\":\"https:\/\/lij.ismeduca.com\/es\/\",\"name\":\"Literatura SM Espa\u00f1a\",\"description\":\"\",\"publisher\":{\"@id\":\"https:\/\/lij.ismeduca.com\/es\/#organization\"},\"potentialAction\":[{\"@type\":\"SearchAction\",\"target\":{\"@type\":\"EntryPoint\",\"urlTemplate\":\"https:\/\/lij.ismeduca.com\/es\/?s={search_term_string}\"},\"query-input\":{\"@type\":\"PropertyValueSpecification\",\"valueRequired\":true,\"valueName\":\"search_term_string\"}}],\"inLanguage\":\"es\"},{\"@type\":\"Organization\",\"@id\":\"https:\/\/lij.ismeduca.com\/es\/#organization\",\"name\":\"Literatura SM Espa\u00f1a\",\"url\":\"https:\/\/lij.ismeduca.com\/es\/\",\"logo\":{\"@type\":\"ImageObject\",\"inLanguage\":\"es\",\"@id\":\"https:\/\/lij.ismeduca.com\/es\/#\/schema\/logo\/image\/\",\"url\":\"https:\/\/lij.ismeduca.com\/es\/wp-content\/uploads\/sites\/10\/2024\/07\/logo-cabecera.png\",\"contentUrl\":\"https:\/\/lij.ismeduca.com\/es\/wp-content\/uploads\/sites\/10\/2024\/07\/logo-cabecera.png\",\"width\":396,\"height\":64,\"caption\":\"Literatura SM Espa\u00f1a\"},\"image\":{\"@id\":\"https:\/\/lij.ismeduca.com\/es\/#\/schema\/logo\/image\/\"}}]}<\/script>\n<!-- \/ Yoast SEO plugin. -->","yoast_head_json":{"title":"Princeses Drac 5. Els germans Tempesta - Literatura SM Espa\u00f1a","robots":{"index":"noindex","follow":"follow","max-snippet":"max-snippet:-1","max-image-preview":"max-image-preview:large","max-video-preview":"max-video-preview:-1"},"og_locale":"es_ES","og_type":"article","og_title":"Princeses Drac 5. Els germans Tempesta - Literatura SM Espa\u00f1a","og_url":"https:\/\/lij.ismeduca.com\/es\/producto\/princeses-drac-5-els-germans-tempesta\/","og_site_name":"Literatura SM Espa\u00f1a","article_modified_time":"2025-12-23T11:44:49+00:00","twitter_card":"summary_large_image","schema":{"@context":"https:\/\/schema.org","@graph":[{"@type":"WebPage","@id":"https:\/\/lij.ismeduca.com\/es\/producto\/princeses-drac-5-els-germans-tempesta\/","url":"https:\/\/lij.ismeduca.com\/es\/producto\/princeses-drac-5-els-germans-tempesta\/","name":"Princeses Drac 5. Els germans Tempesta - Literatura SM Espa\u00f1a","isPartOf":{"@id":"https:\/\/lij.ismeduca.com\/es\/#website"},"primaryImageOfPage":{"@id":"https:\/\/lij.ismeduca.com\/es\/producto\/princeses-drac-5-els-germans-tempesta\/#primaryimage"},"image":{"@id":"https:\/\/lij.ismeduca.com\/es\/producto\/princeses-drac-5-els-germans-tempesta\/#primaryimage"},"thumbnailUrl":"https:\/\/lij.ismeduca.com\/es\/wp-content\/uploads\/sites\/10\/2025\/12\/6410.jpg","datePublished":"2024-07-11T10:50:09+00:00","dateModified":"2025-12-23T11:44:49+00:00","breadcrumb":{"@id":"https:\/\/lij.ismeduca.com\/es\/producto\/princeses-drac-5-els-germans-tempesta\/#breadcrumb"},"inLanguage":"es","potentialAction":[{"@type":"ReadAction","target":["https:\/\/lij.ismeduca.com\/es\/producto\/princeses-drac-5-els-germans-tempesta\/"]}]},{"@type":"ImageObject","inLanguage":"es","@id":"https:\/\/lij.ismeduca.com\/es\/producto\/princeses-drac-5-els-germans-tempesta\/#primaryimage","url":"https:\/\/lij.ismeduca.com\/es\/wp-content\/uploads\/sites\/10\/2025\/12\/6410.jpg","contentUrl":"https:\/\/lij.ismeduca.com\/es\/wp-content\/uploads\/sites\/10\/2025\/12\/6410.jpg","width":600,"height":851},{"@type":"BreadcrumbList","@id":"https:\/\/lij.ismeduca.com\/es\/producto\/princeses-drac-5-els-germans-tempesta\/#breadcrumb","itemListElement":[{"@type":"ListItem","position":1,"name":"Portada","item":"https:\/\/lij.ismeduca.com\/es\/"},{"@type":"ListItem","position":2,"name":"Tienda","item":"https:\/\/lij.ismeduca.com\/es\/tienda\/"},{"@type":"ListItem","position":3,"name":"Princeses Drac 5. Els germans Tempesta"}]},{"@type":"WebSite","@id":"https:\/\/lij.ismeduca.com\/es\/#website","url":"https:\/\/lij.ismeduca.com\/es\/","name":"Literatura SM Espa\u00f1a","description":"","publisher":{"@id":"https:\/\/lij.ismeduca.com\/es\/#organization"},"potentialAction":[{"@type":"SearchAction","target":{"@type":"EntryPoint","urlTemplate":"https:\/\/lij.ismeduca.com\/es\/?s={search_term_string}"},"query-input":{"@type":"PropertyValueSpecification","valueRequired":true,"valueName":"search_term_string"}}],"inLanguage":"es"},{"@type":"Organization","@id":"https:\/\/lij.ismeduca.com\/es\/#organization","name":"Literatura SM Espa\u00f1a","url":"https:\/\/lij.ismeduca.com\/es\/","logo":{"@type":"ImageObject","inLanguage":"es","@id":"https:\/\/lij.ismeduca.com\/es\/#\/schema\/logo\/image\/","url":"https:\/\/lij.ismeduca.com\/es\/wp-content\/uploads\/sites\/10\/2024\/07\/logo-cabecera.png","contentUrl":"https:\/\/lij.ismeduca.com\/es\/wp-content\/uploads\/sites\/10\/2024\/07\/logo-cabecera.png","width":396,"height":64,"caption":"Literatura SM Espa\u00f1a"},"image":{"@id":"https:\/\/lij.ismeduca.com\/es\/#\/schema\/logo\/image\/"}}]}},"_links":{"self":[{"href":"https:\/\/lij.ismeduca.com\/es\/wp-json\/wp\/v2\/product\/6410","targetHints":{"allow":["GET"]}}],"collection":[{"href":"https:\/\/lij.ismeduca.com\/es\/wp-json\/wp\/v2\/product"}],"about":[{"href":"https:\/\/lij.ismeduca.com\/es\/wp-json\/wp\/v2\/types\/product"}],"version-history":[{"count":1,"href":"https:\/\/lij.ismeduca.com\/es\/wp-json\/wp\/v2\/product\/6410\/revisions"}],"predecessor-version":[{"id":31263,"href":"https:\/\/lij.ismeduca.com\/es\/wp-json\/wp\/v2\/product\/6410\/revisions\/31263"}],"wp:featuredmedia":[{"embeddable":true,"href":"https:\/\/lij.ismeduca.com\/es\/wp-json\/wp\/v2\/media\/35994"}],"wp:attachment":[{"href":"https:\/\/lij.ismeduca.com\/es\/wp-json\/wp\/v2\/media?parent=6410"}],"wp:term":[{"taxonomy":"product_brand","embeddable":true,"href":"https:\/\/lij.ismeduca.com\/es\/wp-json\/wp\/v2\/product_brand?post=6410"},{"taxonomy":"product_cat","embeddable":true,"href":"https:\/\/lij.ismeduca.com\/es\/wp-json\/wp\/v2\/product_cat?post=6410"},{"taxonomy":"product_tag","embeddable":true,"href":"https:\/\/lij.ismeduca.com\/es\/wp-json\/wp\/v2\/product_tag?post=6410"},{"taxonomy":"asignatura","embeddable":true,"href":"https:\/\/lij.ismeduca.com\/es\/wp-json\/wp\/v2\/asignatura?post=6410"},{"taxonomy":"compania","embeddable":true,"href":"https:\/\/lij.ismeduca.com\/es\/wp-json\/wp\/v2\/compania?post=6410"},{"taxonomy":"curso","embeddable":true,"href":"https:\/\/lij.ismeduca.com\/es\/wp-json\/wp\/v2\/curso?post=6410"},{"taxonomy":"idiomas","embeddable":true,"href":"https:\/\/lij.ismeduca.com\/es\/wp-json\/wp\/v2\/idiomas?post=6410"},{"taxonomy":"genero","embeddable":true,"href":"https:\/\/lij.ismeduca.com\/es\/wp-json\/wp\/v2\/genero?post=6410"},{"taxonomy":"linea","embeddable":true,"href":"https:\/\/lij.ismeduca.com\/es\/wp-json\/wp\/v2\/linea?post=6410"},{"taxonomy":"premio","embeddable":true,"href":"https:\/\/lij.ismeduca.com\/es\/wp-json\/wp\/v2\/premio?post=6410"},{"taxonomy":"proyecto-editorial","embeddable":true,"href":"https:\/\/lij.ismeduca.com\/es\/wp-json\/wp\/v2\/proyecto-editorial?post=6410"},{"taxonomy":"tipo-de-libro","embeddable":true,"href":"https:\/\/lij.ismeduca.com\/es\/wp-json\/wp\/v2\/tipo-de-libro?post=6410"},{"taxonomy":"soporte","embeddable":true,"href":"https:\/\/lij.ismeduca.com\/es\/wp-json\/wp\/v2\/soporte?post=6410"},{"taxonomy":"zona-geografica","embeddable":true,"href":"https:\/\/lij.ismeduca.com\/es\/wp-json\/wp\/v2\/zona-geografica?post=6410"},{"taxonomy":"autores","embeddable":true,"href":"https:\/\/lij.ismeduca.com\/es\/wp-json\/wp\/v2\/autores?post=6410"},{"taxonomy":"colecciones","embeddable":true,"href":"https:\/\/lij.ismeduca.com\/es\/wp-json\/wp\/v2\/colecciones?post=6410"},{"taxonomy":"personajes","embeddable":true,"href":"https:\/\/lij.ismeduca.com\/es\/wp-json\/wp\/v2\/personajes?post=6410"}],"curies":[{"name":"wp","href":"https:\/\/api.w.org\/{rel}","templated":true}]}}