{"id":6586,"date":"2023-08-24T00:00:00","date_gmt":"2024-07-11T10:53:50","guid":{"rendered":"https:\/\/lij.ismeduca.com\/tienda\/?post_type=product&#038;p=6586"},"modified":"2025-12-23T13:02:42","modified_gmt":"2025-12-23T12:02:42","slug":"o-cucu-tras-do-polo-pepe","status":"publish","type":"product","link":"https:\/\/lij.ismeduca.com\/es\/producto\/o-cucu-tras-do-polo-pepe\/","title":{"rendered":"O cuc\u00fa-tras do polo Pepe"},"content":{"rendered":"","protected":false},"excerpt":{"rendered":"<p>Neste cuc\u00fa-tras de tea, o beb\u00e9 debe descubrir quen \u00e9 cada un dos amigos do polo Pepe.<br \/>\nUn libro de tea e moitas lapelas co que o beb\u00e9 desenvolver\u00e1 a psicomotricidade fina e enriquecer\u00e1 o seu vocabulario.<\/p>\n","protected":false},"featured_media":34626,"template":"","meta":{"_acf_changed":false,"inline_featured_image":false},"product_brand":[],"product_cat":[4615],"product_tag":[1262,368,1281,2058,419],"asignatura":[],"compania":[1016],"curso":[],"idiomas":[1949],"genero":[],"linea":[289],"premio":[],"proyecto-editorial":[449],"tipo-de-libro":[249],"soporte":[2004],"zona-geografica":[],"autores":[4465,4565,4543,4523],"colecciones":[2405],"personajes":[2135],"class_list":{"0":"post-6586","1":"product","2":"type-product","3":"status-publish","4":"has-post-thumbnail","6":"product_cat-el-pollo-pepe-y-sus-amigos","7":"product_tag-libro-bebe","8":"product_tag-libro-con-solapas","9":"product_tag-libro-de-tela","10":"product_tag-ntx","11":"product_tag-pollo-pepe","12":"pa_codigo-sap-ntx","13":"compania-xerme-edicions-s-l-es","14":"idiomas-gallego","15":"linea-personajes","16":"proyecto-editorial-0-2","17":"tipo-de-libro-fisico","18":"soporte-libro","19":"autores-ant-parker","20":"autores-carla-balzaretti","21":"autores-iria-torres-garcia","22":"autores-varios-autores","23":"colecciones-el-pollo-pepe-y-sus-amigos","24":"personajes-pollo-pepe","26":"first","27":"instock","28":"taxable","29":"shipping-taxable","30":"purchasable","31":"product-type-simple"},"acf":{"id_catalogo":"650","shortTitle":"O CUCU-TRAS DO POLO PEPE","descripcion":"<p>Neste cuc\u00fa-tras de tea, o beb\u00e9 debe descubrir quen \u00e9 cada un dos amigos do polo Pepe.<br \/>\nUn libro de tea e moitas lapelas co que o beb\u00e9 desenvolver\u00e1 a psicomotricidade fina e enriquecer\u00e1 o seu vocabulario.<\/p>","adjuntos":null,"descriptivePhrases":[{"type":"General","text":"Un libro de tea e moitas lapelas co que o beb\u00e9 desenvolver\u00e1 a psicomotricidade fina e enriquecer\u00e1 o seu vocabulario."}],"productSap":"NTX","isbn":"9788419098955","precio_colegios":16.35,"precio_librerias":16.35,"precio_librerias_sin_cobertura":16.35,"precio_distribuidores":16.35,"fecha_disponibilidad":null,"fecha_comercial":"20230824","organizacion_venta":"CS01","datos_para_buscador":"Ant Parker, Iria Torres Garc\u00eda, Carla Balzaretti, Pollo Pepe, Varios Autores, Pollo Pepe, El pollo Pepe y sus amigos, "},"yoast_head":"<!-- This site is optimized with the Yoast SEO plugin v26.6 - https:\/\/yoast.com\/wordpress\/plugins\/seo\/ -->\n<title>O cuc\u00fa-tras do polo Pepe - Literatura SM Espa\u00f1a<\/title>\n<meta name=\"robots\" content=\"noindex, follow, max-snippet:-1, max-image-preview:large, max-video-preview:-1\" \/>\n<meta property=\"og:locale\" content=\"es_ES\" \/>\n<meta property=\"og:type\" content=\"article\" \/>\n<meta property=\"og:title\" content=\"O cuc\u00fa-tras do polo Pepe - Literatura SM Espa\u00f1a\" \/>\n<meta property=\"og:url\" content=\"https:\/\/lij.ismeduca.com\/es\/producto\/o-cucu-tras-do-polo-pepe\/\" \/>\n<meta property=\"og:site_name\" content=\"Literatura SM Espa\u00f1a\" \/>\n<meta property=\"article:modified_time\" content=\"2025-12-23T12:02:42+00:00\" \/>\n<meta name=\"twitter:card\" content=\"summary_large_image\" \/>\n<script type=\"application\/ld+json\" class=\"yoast-schema-graph\">{\"@context\":\"https:\/\/schema.org\",\"@graph\":[{\"@type\":\"WebPage\",\"@id\":\"https:\/\/lij.ismeduca.com\/es\/producto\/o-cucu-tras-do-polo-pepe\/\",\"url\":\"https:\/\/lij.ismeduca.com\/es\/producto\/o-cucu-tras-do-polo-pepe\/\",\"name\":\"O cuc\u00fa-tras do polo Pepe - Literatura SM Espa\u00f1a\",\"isPartOf\":{\"@id\":\"https:\/\/lij.ismeduca.com\/es\/#website\"},\"primaryImageOfPage\":{\"@id\":\"https:\/\/lij.ismeduca.com\/es\/producto\/o-cucu-tras-do-polo-pepe\/#primaryimage\"},\"image\":{\"@id\":\"https:\/\/lij.ismeduca.com\/es\/producto\/o-cucu-tras-do-polo-pepe\/#primaryimage\"},\"thumbnailUrl\":\"https:\/\/lij.ismeduca.com\/es\/wp-content\/uploads\/sites\/10\/2025\/12\/6586.jpg\",\"datePublished\":\"2024-07-11T10:53:50+00:00\",\"dateModified\":\"2025-12-23T12:02:42+00:00\",\"breadcrumb\":{\"@id\":\"https:\/\/lij.ismeduca.com\/es\/producto\/o-cucu-tras-do-polo-pepe\/#breadcrumb\"},\"inLanguage\":\"es\",\"potentialAction\":[{\"@type\":\"ReadAction\",\"target\":[\"https:\/\/lij.ismeduca.com\/es\/producto\/o-cucu-tras-do-polo-pepe\/\"]}]},{\"@type\":\"ImageObject\",\"inLanguage\":\"es\",\"@id\":\"https:\/\/lij.ismeduca.com\/es\/producto\/o-cucu-tras-do-polo-pepe\/#primaryimage\",\"url\":\"https:\/\/lij.ismeduca.com\/es\/wp-content\/uploads\/sites\/10\/2025\/12\/6586.jpg\",\"contentUrl\":\"https:\/\/lij.ismeduca.com\/es\/wp-content\/uploads\/sites\/10\/2025\/12\/6586.jpg\",\"width\":600,\"height\":606},{\"@type\":\"BreadcrumbList\",\"@id\":\"https:\/\/lij.ismeduca.com\/es\/producto\/o-cucu-tras-do-polo-pepe\/#breadcrumb\",\"itemListElement\":[{\"@type\":\"ListItem\",\"position\":1,\"name\":\"Portada\",\"item\":\"https:\/\/lij.ismeduca.com\/es\/\"},{\"@type\":\"ListItem\",\"position\":2,\"name\":\"Tienda\",\"item\":\"https:\/\/lij.ismeduca.com\/es\/tienda\/\"},{\"@type\":\"ListItem\",\"position\":3,\"name\":\"O cuc\u00fa-tras do polo Pepe\"}]},{\"@type\":\"WebSite\",\"@id\":\"https:\/\/lij.ismeduca.com\/es\/#website\",\"url\":\"https:\/\/lij.ismeduca.com\/es\/\",\"name\":\"Literatura SM Espa\u00f1a\",\"description\":\"\",\"publisher\":{\"@id\":\"https:\/\/lij.ismeduca.com\/es\/#organization\"},\"potentialAction\":[{\"@type\":\"SearchAction\",\"target\":{\"@type\":\"EntryPoint\",\"urlTemplate\":\"https:\/\/lij.ismeduca.com\/es\/?s={search_term_string}\"},\"query-input\":{\"@type\":\"PropertyValueSpecification\",\"valueRequired\":true,\"valueName\":\"search_term_string\"}}],\"inLanguage\":\"es\"},{\"@type\":\"Organization\",\"@id\":\"https:\/\/lij.ismeduca.com\/es\/#organization\",\"name\":\"Literatura SM Espa\u00f1a\",\"url\":\"https:\/\/lij.ismeduca.com\/es\/\",\"logo\":{\"@type\":\"ImageObject\",\"inLanguage\":\"es\",\"@id\":\"https:\/\/lij.ismeduca.com\/es\/#\/schema\/logo\/image\/\",\"url\":\"https:\/\/lij.ismeduca.com\/es\/wp-content\/uploads\/sites\/10\/2024\/07\/logo-cabecera.png\",\"contentUrl\":\"https:\/\/lij.ismeduca.com\/es\/wp-content\/uploads\/sites\/10\/2024\/07\/logo-cabecera.png\",\"width\":396,\"height\":64,\"caption\":\"Literatura SM Espa\u00f1a\"},\"image\":{\"@id\":\"https:\/\/lij.ismeduca.com\/es\/#\/schema\/logo\/image\/\"}}]}<\/script>\n<!-- \/ Yoast SEO plugin. -->","yoast_head_json":{"title":"O cuc\u00fa-tras do polo Pepe - Literatura SM Espa\u00f1a","robots":{"index":"noindex","follow":"follow","max-snippet":"max-snippet:-1","max-image-preview":"max-image-preview:large","max-video-preview":"max-video-preview:-1"},"og_locale":"es_ES","og_type":"article","og_title":"O cuc\u00fa-tras do polo Pepe - Literatura SM Espa\u00f1a","og_url":"https:\/\/lij.ismeduca.com\/es\/producto\/o-cucu-tras-do-polo-pepe\/","og_site_name":"Literatura SM Espa\u00f1a","article_modified_time":"2025-12-23T12:02:42+00:00","twitter_card":"summary_large_image","schema":{"@context":"https:\/\/schema.org","@graph":[{"@type":"WebPage","@id":"https:\/\/lij.ismeduca.com\/es\/producto\/o-cucu-tras-do-polo-pepe\/","url":"https:\/\/lij.ismeduca.com\/es\/producto\/o-cucu-tras-do-polo-pepe\/","name":"O cuc\u00fa-tras do polo Pepe - Literatura SM Espa\u00f1a","isPartOf":{"@id":"https:\/\/lij.ismeduca.com\/es\/#website"},"primaryImageOfPage":{"@id":"https:\/\/lij.ismeduca.com\/es\/producto\/o-cucu-tras-do-polo-pepe\/#primaryimage"},"image":{"@id":"https:\/\/lij.ismeduca.com\/es\/producto\/o-cucu-tras-do-polo-pepe\/#primaryimage"},"thumbnailUrl":"https:\/\/lij.ismeduca.com\/es\/wp-content\/uploads\/sites\/10\/2025\/12\/6586.jpg","datePublished":"2024-07-11T10:53:50+00:00","dateModified":"2025-12-23T12:02:42+00:00","breadcrumb":{"@id":"https:\/\/lij.ismeduca.com\/es\/producto\/o-cucu-tras-do-polo-pepe\/#breadcrumb"},"inLanguage":"es","potentialAction":[{"@type":"ReadAction","target":["https:\/\/lij.ismeduca.com\/es\/producto\/o-cucu-tras-do-polo-pepe\/"]}]},{"@type":"ImageObject","inLanguage":"es","@id":"https:\/\/lij.ismeduca.com\/es\/producto\/o-cucu-tras-do-polo-pepe\/#primaryimage","url":"https:\/\/lij.ismeduca.com\/es\/wp-content\/uploads\/sites\/10\/2025\/12\/6586.jpg","contentUrl":"https:\/\/lij.ismeduca.com\/es\/wp-content\/uploads\/sites\/10\/2025\/12\/6586.jpg","width":600,"height":606},{"@type":"BreadcrumbList","@id":"https:\/\/lij.ismeduca.com\/es\/producto\/o-cucu-tras-do-polo-pepe\/#breadcrumb","itemListElement":[{"@type":"ListItem","position":1,"name":"Portada","item":"https:\/\/lij.ismeduca.com\/es\/"},{"@type":"ListItem","position":2,"name":"Tienda","item":"https:\/\/lij.ismeduca.com\/es\/tienda\/"},{"@type":"ListItem","position":3,"name":"O cuc\u00fa-tras do polo Pepe"}]},{"@type":"WebSite","@id":"https:\/\/lij.ismeduca.com\/es\/#website","url":"https:\/\/lij.ismeduca.com\/es\/","name":"Literatura SM Espa\u00f1a","description":"","publisher":{"@id":"https:\/\/lij.ismeduca.com\/es\/#organization"},"potentialAction":[{"@type":"SearchAction","target":{"@type":"EntryPoint","urlTemplate":"https:\/\/lij.ismeduca.com\/es\/?s={search_term_string}"},"query-input":{"@type":"PropertyValueSpecification","valueRequired":true,"valueName":"search_term_string"}}],"inLanguage":"es"},{"@type":"Organization","@id":"https:\/\/lij.ismeduca.com\/es\/#organization","name":"Literatura SM Espa\u00f1a","url":"https:\/\/lij.ismeduca.com\/es\/","logo":{"@type":"ImageObject","inLanguage":"es","@id":"https:\/\/lij.ismeduca.com\/es\/#\/schema\/logo\/image\/","url":"https:\/\/lij.ismeduca.com\/es\/wp-content\/uploads\/sites\/10\/2024\/07\/logo-cabecera.png","contentUrl":"https:\/\/lij.ismeduca.com\/es\/wp-content\/uploads\/sites\/10\/2024\/07\/logo-cabecera.png","width":396,"height":64,"caption":"Literatura SM Espa\u00f1a"},"image":{"@id":"https:\/\/lij.ismeduca.com\/es\/#\/schema\/logo\/image\/"}}]}},"_links":{"self":[{"href":"https:\/\/lij.ismeduca.com\/es\/wp-json\/wp\/v2\/product\/6586","targetHints":{"allow":["GET"]}}],"collection":[{"href":"https:\/\/lij.ismeduca.com\/es\/wp-json\/wp\/v2\/product"}],"about":[{"href":"https:\/\/lij.ismeduca.com\/es\/wp-json\/wp\/v2\/types\/product"}],"version-history":[{"count":1,"href":"https:\/\/lij.ismeduca.com\/es\/wp-json\/wp\/v2\/product\/6586\/revisions"}],"predecessor-version":[{"id":31465,"href":"https:\/\/lij.ismeduca.com\/es\/wp-json\/wp\/v2\/product\/6586\/revisions\/31465"}],"wp:featuredmedia":[{"embeddable":true,"href":"https:\/\/lij.ismeduca.com\/es\/wp-json\/wp\/v2\/media\/34626"}],"wp:attachment":[{"href":"https:\/\/lij.ismeduca.com\/es\/wp-json\/wp\/v2\/media?parent=6586"}],"wp:term":[{"taxonomy":"product_brand","embeddable":true,"href":"https:\/\/lij.ismeduca.com\/es\/wp-json\/wp\/v2\/product_brand?post=6586"},{"taxonomy":"product_cat","embeddable":true,"href":"https:\/\/lij.ismeduca.com\/es\/wp-json\/wp\/v2\/product_cat?post=6586"},{"taxonomy":"product_tag","embeddable":true,"href":"https:\/\/lij.ismeduca.com\/es\/wp-json\/wp\/v2\/product_tag?post=6586"},{"taxonomy":"asignatura","embeddable":true,"href":"https:\/\/lij.ismeduca.com\/es\/wp-json\/wp\/v2\/asignatura?post=6586"},{"taxonomy":"compania","embeddable":true,"href":"https:\/\/lij.ismeduca.com\/es\/wp-json\/wp\/v2\/compania?post=6586"},{"taxonomy":"curso","embeddable":true,"href":"https:\/\/lij.ismeduca.com\/es\/wp-json\/wp\/v2\/curso?post=6586"},{"taxonomy":"idiomas","embeddable":true,"href":"https:\/\/lij.ismeduca.com\/es\/wp-json\/wp\/v2\/idiomas?post=6586"},{"taxonomy":"genero","embeddable":true,"href":"https:\/\/lij.ismeduca.com\/es\/wp-json\/wp\/v2\/genero?post=6586"},{"taxonomy":"linea","embeddable":true,"href":"https:\/\/lij.ismeduca.com\/es\/wp-json\/wp\/v2\/linea?post=6586"},{"taxonomy":"premio","embeddable":true,"href":"https:\/\/lij.ismeduca.com\/es\/wp-json\/wp\/v2\/premio?post=6586"},{"taxonomy":"proyecto-editorial","embeddable":true,"href":"https:\/\/lij.ismeduca.com\/es\/wp-json\/wp\/v2\/proyecto-editorial?post=6586"},{"taxonomy":"tipo-de-libro","embeddable":true,"href":"https:\/\/lij.ismeduca.com\/es\/wp-json\/wp\/v2\/tipo-de-libro?post=6586"},{"taxonomy":"soporte","embeddable":true,"href":"https:\/\/lij.ismeduca.com\/es\/wp-json\/wp\/v2\/soporte?post=6586"},{"taxonomy":"zona-geografica","embeddable":true,"href":"https:\/\/lij.ismeduca.com\/es\/wp-json\/wp\/v2\/zona-geografica?post=6586"},{"taxonomy":"autores","embeddable":true,"href":"https:\/\/lij.ismeduca.com\/es\/wp-json\/wp\/v2\/autores?post=6586"},{"taxonomy":"colecciones","embeddable":true,"href":"https:\/\/lij.ismeduca.com\/es\/wp-json\/wp\/v2\/colecciones?post=6586"},{"taxonomy":"personajes","embeddable":true,"href":"https:\/\/lij.ismeduca.com\/es\/wp-json\/wp\/v2\/personajes?post=6586"}],"curies":[{"name":"wp","href":"https:\/\/api.w.org\/{rel}","templated":true}]}}