{"id":6930,"date":"2020-09-17T00:00:00","date_gmt":"2024-07-11T11:02:51","guid":{"rendered":"https:\/\/lij.ismeduca.com\/tienda\/?post_type=product&#038;p=6930"},"modified":"2025-12-23T12:51:55","modified_gmt":"2025-12-23T11:51:55","slug":"un-ano-de-fantasia","status":"publish","type":"product","link":"https:\/\/lij.ismeduca.com\/es\/producto\/un-ano-de-fantasia\/","title":{"rendered":"Un a\u00f1o de fantas\u00eda"},"content":{"rendered":"","protected":false},"excerpt":{"rendered":"<p style=\"margin-left:0cm; margin-right:0cm\">En un mundo de fantas&iacute;a&hellip; &iquest;qu&eacute; tal se llevan Caperucita Roja y el Lobo? &iquest;D&oacute;nde viven los enanitos, el gigante, el drag&oacute;n o el unicornio? &iquest;Qu&eacute; traman&nbsp;la bruja Piruja o el Gran Inventoris? &iquest;De qui&eacute;n est&aacute; enamorada el hada Pizpireta?&nbsp;&iquest;Qu&eacute; otros personajes, cuya existencia desconoc&iacute;as, podr&aacute;s encontrarte aqu&iacute;?&nbsp;Las respuestas a todas estas preguntas est&aacute;n en las ilustraciones.<\/p>\n<p style=\"margin-left:0cm; margin-right:0cm\"><em>Un a&ntilde;o de fantas&iacute;a<\/em>&nbsp;muestra tres escenarios durante los doce meses del a&ntilde;o&nbsp;para que los ni&ntilde;os descubran las historias que esconden los diferentes personajes&nbsp;de un mundo lleno de magia. Este precioso &aacute;lbum ilustrado fomenta la imaginaci&oacute;n,&nbsp;desarrolla la percepci&oacute;n y el pensamiento l&oacute;gico y garantiza infinitas horas&nbsp;de juego y diversi&oacute;n.<\/p>\n","protected":false},"featured_media":35656,"template":"","meta":{"_acf_changed":false,"inline_featured_image":false},"product_brand":[],"product_cat":[4678],"product_tag":[1744,743,442,362,240,242,254,401,332,360,310,394,272,367,391,2058,406,1517,408,404,1743,376,668,278],"asignatura":[],"compania":[252],"curso":[],"idiomas":[1948],"genero":[275],"linea":[361],"premio":[],"proyecto-editorial":[257],"tipo-de-libro":[249],"soporte":[2004],"zona-geografica":[],"autores":[4543,3004,4475],"colecciones":[2408],"personajes":[],"class_list":{"0":"post-6930","1":"product","2":"type-product","3":"status-publish","4":"has-post-thumbnail","6":"product_cat-un-ano","7":"product_tag-alquimia","8":"product_tag-anos","9":"product_tag-brujas","10":"product_tag-creatividad","11":"product_tag-cuentos-infantiles","12":"product_tag-cuentos-para-ninos","13":"product_tag-cuentos-tradicionales","14":"product_tag-desarrollo-cognitivo","15":"product_tag-dragones","16":"product_tag-estaciones-del-ano","17":"product_tag-fantasmas","18":"product_tag-hadas","19":"product_tag-imaginacion","20":"product_tag-libro-interactivo","21":"product_tag-libro-juego","22":"product_tag-ntx","23":"product_tag-pensamiento-logico","24":"product_tag-pensamiento-y-lenguaje","25":"product_tag-percepcion","26":"product_tag-percepcion-de-la-imagen","27":"product_tag-percepcion-del-tiempo","28":"product_tag-percepcion-visual","29":"product_tag-seres-mitologicos-y-sobrenaturales","30":"product_tag-unicornios","31":"pa_codigo-sap-ntx","32":"compania-f-sta-maria-ediciones-sm-es","33":"idiomas-espanol","34":"genero-fantasia","35":"linea-interactivos","36":"proyecto-editorial-3-5","37":"tipo-de-libro-fisico","38":"soporte-libro","39":"autores-iria-torres-garcia","40":"autores-maciej-szymanowicz","41":"autores-patrycja-katarzyna-jurkowska","42":"colecciones-un-ano","44":"first","45":"instock","46":"taxable","47":"shipping-taxable","48":"purchasable","49":"product-type-simple"},"acf":{"id_catalogo":"650","shortTitle":"UA.2 UN A\u00d1O DE FANTAS\u00cdA","descripcion":"<p style=\"margin-left:0cm; margin-right:0cm\">En un mundo de fantas&iacute;a&hellip; &iquest;qu&eacute; tal se llevan Caperucita Roja y el Lobo? &iquest;D&oacute;nde viven los enanitos, el gigante, el drag&oacute;n o el unicornio? &iquest;Qu&eacute; traman&nbsp;la bruja Piruja o el Gran Inventoris? &iquest;De qui&eacute;n est&aacute; enamorada el hada Pizpireta?&nbsp;&iquest;Qu&eacute; otros personajes, cuya existencia desconoc&iacute;as, podr&aacute;s encontrarte aqu&iacute;?&nbsp;Las respuestas a todas estas preguntas est&aacute;n en las ilustraciones.<\/p>\n\n<p style=\"margin-left:0cm; margin-right:0cm\"><em>Un a&ntilde;o de fantas&iacute;a<\/em>&nbsp;muestra tres escenarios durante los doce meses del a&ntilde;o&nbsp;para que los ni&ntilde;os descubran las historias que esconden los diferentes personajes&nbsp;de un mundo lleno de magia. Este precioso &aacute;lbum ilustrado fomenta la imaginaci&oacute;n,&nbsp;desarrolla la percepci&oacute;n y el pensamiento l&oacute;gico y garantiza infinitas horas&nbsp;de juego y diversi&oacute;n.<\/p>\n","adjuntos":null,"descriptivePhrases":[{"type":"General","text":"Un precioso \u00e1lbum ilustrado que fomenta la imaginaci\u00f3n, desarrolla la percepci\u00f3n y garantiza infinitas horas de juego y diversi\u00f3n."}],"productSap":"NTX","isbn":"9788413185750","precio_colegios":14.37,"precio_librerias":14.37,"precio_librerias_sin_cobertura":14.37,"precio_distribuidores":14.37,"fecha_disponibilidad":null,"fecha_comercial":"20200917","organizacion_venta":"CS01","datos_para_buscador":"Patrycja Katarzyna Jurkowska, Iria Torres Garc\u00eda, Maciej Szymanowicz, Maciej Szymanowicz, Un a\u00f1o, "},"yoast_head":"<!-- This site is optimized with the Yoast SEO plugin v26.6 - https:\/\/yoast.com\/wordpress\/plugins\/seo\/ -->\n<title>Un a\u00f1o de fantas\u00eda - Literatura SM Espa\u00f1a<\/title>\n<meta name=\"robots\" content=\"noindex, follow, max-snippet:-1, max-image-preview:large, max-video-preview:-1\" \/>\n<meta property=\"og:locale\" content=\"es_ES\" \/>\n<meta property=\"og:type\" content=\"article\" \/>\n<meta property=\"og:title\" content=\"Un a\u00f1o de fantas\u00eda - Literatura SM Espa\u00f1a\" \/>\n<meta property=\"og:url\" content=\"https:\/\/lij.ismeduca.com\/es\/producto\/un-ano-de-fantasia\/\" \/>\n<meta property=\"og:site_name\" content=\"Literatura SM Espa\u00f1a\" \/>\n<meta property=\"article:modified_time\" content=\"2025-12-23T11:51:55+00:00\" \/>\n<meta name=\"twitter:card\" content=\"summary_large_image\" \/>\n<script type=\"application\/ld+json\" class=\"yoast-schema-graph\">{\"@context\":\"https:\/\/schema.org\",\"@graph\":[{\"@type\":\"WebPage\",\"@id\":\"https:\/\/lij.ismeduca.com\/es\/producto\/un-ano-de-fantasia\/\",\"url\":\"https:\/\/lij.ismeduca.com\/es\/producto\/un-ano-de-fantasia\/\",\"name\":\"Un a\u00f1o de fantas\u00eda - Literatura SM Espa\u00f1a\",\"isPartOf\":{\"@id\":\"https:\/\/lij.ismeduca.com\/es\/#website\"},\"primaryImageOfPage\":{\"@id\":\"https:\/\/lij.ismeduca.com\/es\/producto\/un-ano-de-fantasia\/#primaryimage\"},\"image\":{\"@id\":\"https:\/\/lij.ismeduca.com\/es\/producto\/un-ano-de-fantasia\/#primaryimage\"},\"thumbnailUrl\":\"https:\/\/lij.ismeduca.com\/es\/wp-content\/uploads\/sites\/10\/2025\/12\/6930.jpg\",\"datePublished\":\"2024-07-11T11:02:51+00:00\",\"dateModified\":\"2025-12-23T11:51:55+00:00\",\"breadcrumb\":{\"@id\":\"https:\/\/lij.ismeduca.com\/es\/producto\/un-ano-de-fantasia\/#breadcrumb\"},\"inLanguage\":\"es\",\"potentialAction\":[{\"@type\":\"ReadAction\",\"target\":[\"https:\/\/lij.ismeduca.com\/es\/producto\/un-ano-de-fantasia\/\"]}]},{\"@type\":\"ImageObject\",\"inLanguage\":\"es\",\"@id\":\"https:\/\/lij.ismeduca.com\/es\/producto\/un-ano-de-fantasia\/#primaryimage\",\"url\":\"https:\/\/lij.ismeduca.com\/es\/wp-content\/uploads\/sites\/10\/2025\/12\/6930.jpg\",\"contentUrl\":\"https:\/\/lij.ismeduca.com\/es\/wp-content\/uploads\/sites\/10\/2025\/12\/6930.jpg\",\"width\":600,\"height\":806},{\"@type\":\"BreadcrumbList\",\"@id\":\"https:\/\/lij.ismeduca.com\/es\/producto\/un-ano-de-fantasia\/#breadcrumb\",\"itemListElement\":[{\"@type\":\"ListItem\",\"position\":1,\"name\":\"Portada\",\"item\":\"https:\/\/lij.ismeduca.com\/es\/\"},{\"@type\":\"ListItem\",\"position\":2,\"name\":\"Tienda\",\"item\":\"https:\/\/lij.ismeduca.com\/es\/tienda\/\"},{\"@type\":\"ListItem\",\"position\":3,\"name\":\"Un a\u00f1o de fantas\u00eda\"}]},{\"@type\":\"WebSite\",\"@id\":\"https:\/\/lij.ismeduca.com\/es\/#website\",\"url\":\"https:\/\/lij.ismeduca.com\/es\/\",\"name\":\"Literatura SM Espa\u00f1a\",\"description\":\"\",\"publisher\":{\"@id\":\"https:\/\/lij.ismeduca.com\/es\/#organization\"},\"potentialAction\":[{\"@type\":\"SearchAction\",\"target\":{\"@type\":\"EntryPoint\",\"urlTemplate\":\"https:\/\/lij.ismeduca.com\/es\/?s={search_term_string}\"},\"query-input\":{\"@type\":\"PropertyValueSpecification\",\"valueRequired\":true,\"valueName\":\"search_term_string\"}}],\"inLanguage\":\"es\"},{\"@type\":\"Organization\",\"@id\":\"https:\/\/lij.ismeduca.com\/es\/#organization\",\"name\":\"Literatura SM Espa\u00f1a\",\"url\":\"https:\/\/lij.ismeduca.com\/es\/\",\"logo\":{\"@type\":\"ImageObject\",\"inLanguage\":\"es\",\"@id\":\"https:\/\/lij.ismeduca.com\/es\/#\/schema\/logo\/image\/\",\"url\":\"https:\/\/lij.ismeduca.com\/es\/wp-content\/uploads\/sites\/10\/2024\/07\/logo-cabecera.png\",\"contentUrl\":\"https:\/\/lij.ismeduca.com\/es\/wp-content\/uploads\/sites\/10\/2024\/07\/logo-cabecera.png\",\"width\":396,\"height\":64,\"caption\":\"Literatura SM Espa\u00f1a\"},\"image\":{\"@id\":\"https:\/\/lij.ismeduca.com\/es\/#\/schema\/logo\/image\/\"}}]}<\/script>\n<!-- \/ Yoast SEO plugin. -->","yoast_head_json":{"title":"Un a\u00f1o de fantas\u00eda - Literatura SM Espa\u00f1a","robots":{"index":"noindex","follow":"follow","max-snippet":"max-snippet:-1","max-image-preview":"max-image-preview:large","max-video-preview":"max-video-preview:-1"},"og_locale":"es_ES","og_type":"article","og_title":"Un a\u00f1o de fantas\u00eda - Literatura SM Espa\u00f1a","og_url":"https:\/\/lij.ismeduca.com\/es\/producto\/un-ano-de-fantasia\/","og_site_name":"Literatura SM Espa\u00f1a","article_modified_time":"2025-12-23T11:51:55+00:00","twitter_card":"summary_large_image","schema":{"@context":"https:\/\/schema.org","@graph":[{"@type":"WebPage","@id":"https:\/\/lij.ismeduca.com\/es\/producto\/un-ano-de-fantasia\/","url":"https:\/\/lij.ismeduca.com\/es\/producto\/un-ano-de-fantasia\/","name":"Un a\u00f1o de fantas\u00eda - Literatura SM Espa\u00f1a","isPartOf":{"@id":"https:\/\/lij.ismeduca.com\/es\/#website"},"primaryImageOfPage":{"@id":"https:\/\/lij.ismeduca.com\/es\/producto\/un-ano-de-fantasia\/#primaryimage"},"image":{"@id":"https:\/\/lij.ismeduca.com\/es\/producto\/un-ano-de-fantasia\/#primaryimage"},"thumbnailUrl":"https:\/\/lij.ismeduca.com\/es\/wp-content\/uploads\/sites\/10\/2025\/12\/6930.jpg","datePublished":"2024-07-11T11:02:51+00:00","dateModified":"2025-12-23T11:51:55+00:00","breadcrumb":{"@id":"https:\/\/lij.ismeduca.com\/es\/producto\/un-ano-de-fantasia\/#breadcrumb"},"inLanguage":"es","potentialAction":[{"@type":"ReadAction","target":["https:\/\/lij.ismeduca.com\/es\/producto\/un-ano-de-fantasia\/"]}]},{"@type":"ImageObject","inLanguage":"es","@id":"https:\/\/lij.ismeduca.com\/es\/producto\/un-ano-de-fantasia\/#primaryimage","url":"https:\/\/lij.ismeduca.com\/es\/wp-content\/uploads\/sites\/10\/2025\/12\/6930.jpg","contentUrl":"https:\/\/lij.ismeduca.com\/es\/wp-content\/uploads\/sites\/10\/2025\/12\/6930.jpg","width":600,"height":806},{"@type":"BreadcrumbList","@id":"https:\/\/lij.ismeduca.com\/es\/producto\/un-ano-de-fantasia\/#breadcrumb","itemListElement":[{"@type":"ListItem","position":1,"name":"Portada","item":"https:\/\/lij.ismeduca.com\/es\/"},{"@type":"ListItem","position":2,"name":"Tienda","item":"https:\/\/lij.ismeduca.com\/es\/tienda\/"},{"@type":"ListItem","position":3,"name":"Un a\u00f1o de fantas\u00eda"}]},{"@type":"WebSite","@id":"https:\/\/lij.ismeduca.com\/es\/#website","url":"https:\/\/lij.ismeduca.com\/es\/","name":"Literatura SM Espa\u00f1a","description":"","publisher":{"@id":"https:\/\/lij.ismeduca.com\/es\/#organization"},"potentialAction":[{"@type":"SearchAction","target":{"@type":"EntryPoint","urlTemplate":"https:\/\/lij.ismeduca.com\/es\/?s={search_term_string}"},"query-input":{"@type":"PropertyValueSpecification","valueRequired":true,"valueName":"search_term_string"}}],"inLanguage":"es"},{"@type":"Organization","@id":"https:\/\/lij.ismeduca.com\/es\/#organization","name":"Literatura SM Espa\u00f1a","url":"https:\/\/lij.ismeduca.com\/es\/","logo":{"@type":"ImageObject","inLanguage":"es","@id":"https:\/\/lij.ismeduca.com\/es\/#\/schema\/logo\/image\/","url":"https:\/\/lij.ismeduca.com\/es\/wp-content\/uploads\/sites\/10\/2024\/07\/logo-cabecera.png","contentUrl":"https:\/\/lij.ismeduca.com\/es\/wp-content\/uploads\/sites\/10\/2024\/07\/logo-cabecera.png","width":396,"height":64,"caption":"Literatura SM Espa\u00f1a"},"image":{"@id":"https:\/\/lij.ismeduca.com\/es\/#\/schema\/logo\/image\/"}}]}},"_links":{"self":[{"href":"https:\/\/lij.ismeduca.com\/es\/wp-json\/wp\/v2\/product\/6930","targetHints":{"allow":["GET"]}}],"collection":[{"href":"https:\/\/lij.ismeduca.com\/es\/wp-json\/wp\/v2\/product"}],"about":[{"href":"https:\/\/lij.ismeduca.com\/es\/wp-json\/wp\/v2\/types\/product"}],"version-history":[{"count":1,"href":"https:\/\/lij.ismeduca.com\/es\/wp-json\/wp\/v2\/product\/6930\/revisions"}],"predecessor-version":[{"id":31790,"href":"https:\/\/lij.ismeduca.com\/es\/wp-json\/wp\/v2\/product\/6930\/revisions\/31790"}],"wp:featuredmedia":[{"embeddable":true,"href":"https:\/\/lij.ismeduca.com\/es\/wp-json\/wp\/v2\/media\/35656"}],"wp:attachment":[{"href":"https:\/\/lij.ismeduca.com\/es\/wp-json\/wp\/v2\/media?parent=6930"}],"wp:term":[{"taxonomy":"product_brand","embeddable":true,"href":"https:\/\/lij.ismeduca.com\/es\/wp-json\/wp\/v2\/product_brand?post=6930"},{"taxonomy":"product_cat","embeddable":true,"href":"https:\/\/lij.ismeduca.com\/es\/wp-json\/wp\/v2\/product_cat?post=6930"},{"taxonomy":"product_tag","embeddable":true,"href":"https:\/\/lij.ismeduca.com\/es\/wp-json\/wp\/v2\/product_tag?post=6930"},{"taxonomy":"asignatura","embeddable":true,"href":"https:\/\/lij.ismeduca.com\/es\/wp-json\/wp\/v2\/asignatura?post=6930"},{"taxonomy":"compania","embeddable":true,"href":"https:\/\/lij.ismeduca.com\/es\/wp-json\/wp\/v2\/compania?post=6930"},{"taxonomy":"curso","embeddable":true,"href":"https:\/\/lij.ismeduca.com\/es\/wp-json\/wp\/v2\/curso?post=6930"},{"taxonomy":"idiomas","embeddable":true,"href":"https:\/\/lij.ismeduca.com\/es\/wp-json\/wp\/v2\/idiomas?post=6930"},{"taxonomy":"genero","embeddable":true,"href":"https:\/\/lij.ismeduca.com\/es\/wp-json\/wp\/v2\/genero?post=6930"},{"taxonomy":"linea","embeddable":true,"href":"https:\/\/lij.ismeduca.com\/es\/wp-json\/wp\/v2\/linea?post=6930"},{"taxonomy":"premio","embeddable":true,"href":"https:\/\/lij.ismeduca.com\/es\/wp-json\/wp\/v2\/premio?post=6930"},{"taxonomy":"proyecto-editorial","embeddable":true,"href":"https:\/\/lij.ismeduca.com\/es\/wp-json\/wp\/v2\/proyecto-editorial?post=6930"},{"taxonomy":"tipo-de-libro","embeddable":true,"href":"https:\/\/lij.ismeduca.com\/es\/wp-json\/wp\/v2\/tipo-de-libro?post=6930"},{"taxonomy":"soporte","embeddable":true,"href":"https:\/\/lij.ismeduca.com\/es\/wp-json\/wp\/v2\/soporte?post=6930"},{"taxonomy":"zona-geografica","embeddable":true,"href":"https:\/\/lij.ismeduca.com\/es\/wp-json\/wp\/v2\/zona-geografica?post=6930"},{"taxonomy":"autores","embeddable":true,"href":"https:\/\/lij.ismeduca.com\/es\/wp-json\/wp\/v2\/autores?post=6930"},{"taxonomy":"colecciones","embeddable":true,"href":"https:\/\/lij.ismeduca.com\/es\/wp-json\/wp\/v2\/colecciones?post=6930"},{"taxonomy":"personajes","embeddable":true,"href":"https:\/\/lij.ismeduca.com\/es\/wp-json\/wp\/v2\/personajes?post=6930"}],"curies":[{"name":"wp","href":"https:\/\/api.w.org\/{rel}","templated":true}]}}