{"id":7245,"date":"2015-04-01T00:00:00","date_gmt":"2024-07-11T11:08:23","guid":{"rendered":"https:\/\/lij.ismeduca.com\/tienda\/?post_type=product&#038;p=7245"},"modified":"2025-12-23T12:37:16","modified_gmt":"2025-12-23T11:37:16","slug":"mi-nombre-es-skywalker","status":"publish","type":"product","link":"https:\/\/lij.ismeduca.com\/es\/producto\/mi-nombre-es-skywalker\/","title":{"rendered":"Mi nombre es Skywalker"},"content":{"rendered":"","protected":false},"excerpt":{"rendered":"<p>A veces la realidad es mucho m&#225;s incre&#237;ble que la historia m&#225;s fant&#225;stica. Enfrente de la casa de Raquel han inaugurado un enorme supermercado. Aunque una marea de personas entra y sale de &#233;l constantemente, nadie se fija en el hombre que pide en la puerta, como si fuera invisible. <br\/ \/><br\/ \/>Pero Raquel descubre su secreto: su nombre es Skywalker, y viene de otro planeta.<\/p>\n","protected":false},"featured_media":36971,"template":"","meta":{"_acf_changed":false,"inline_featured_image":false},"product_brand":[],"product_cat":[4736],"product_tag":[268,240,242,1688,870,298,329,2058,346],"asignatura":[],"compania":[252],"curso":[],"idiomas":[1948],"genero":[308],"linea":[250],"premio":[],"proyecto-editorial":[477],"tipo-de-libro":[249],"soporte":[2004],"zona-geografica":[],"autores":[3984,3220,4204,3986],"colecciones":[2307],"personajes":[],"class_list":{"0":"post-7245","1":"product","2":"type-product","3":"status-publish","4":"has-post-thumbnail","6":"product_cat-el-barco-de-vapor","7":"product_tag-amistad","8":"product_tag-cuentos-infantiles","9":"product_tag-cuentos-para-ninos","10":"product_tag-fenomenos-migratorios","11":"product_tag-igualdad","12":"product_tag-literatura-infantil","13":"product_tag-literatura-realista","14":"product_tag-ntx","15":"product_tag-vida-familiar","16":"pa_codigo-sap-ntx","17":"compania-f-sta-maria-ediciones-sm-es","18":"idiomas-espanol","19":"genero-realismo","20":"linea-narrativa","21":"proyecto-editorial-barco-de-vapor","22":"tipo-de-libro-fisico","23":"soporte-libro","24":"autores-agustin-fernandez-paz","25":"autores-juan-ramon-alonso-diaz-de-toledo","26":"autores-paloma-jover-gomez-ferrer","27":"autores-puno","28":"colecciones-el-barco-de-vapor-naranja","30":"first","31":"instock","32":"taxable","33":"shipping-taxable","34":"purchasable","35":"product-type-simple"},"acf":{"id_catalogo":"650","shortTitle":"BVN.164 MI NOMBRE ES SKYWALKER","descripcion":"A veces la realidad es mucho m&#225;s incre&#237;ble que la historia m&#225;s fant&#225;stica. Enfrente de la casa de Raquel han inaugurado un enorme supermercado. Aunque una marea de personas entra y sale de &#233;l constantemente, nadie se fija en el hombre que pide en la puerta, como si fuera invisible. <br\/ \/><br\/ \/>Pero Raquel descubre su secreto: su nombre es Skywalker, y viene de otro planeta.","adjuntos":[{"id":"4","titulo":"Primer cap\u00edtulo \/ Unidad Modelo","url":"https:\/\/catalogo.noe-sm.com\/medias\/ES159996-008857.pdf?context=bWFzdGVyfG1pZ3JhdGlvbnwxNjM1ODMyfGFwcGxpY2F0aW9uL3BkZnxtaWdyYXRpb24vaDM5L2g1ZS84ODE5NTIxMDI4MTI2LnBkZnxkMzMxZTFkZjYxYWE5MmU1Nzk0ZWU3ZjcyYmE2NWM4YTczZGNmNjc3ODUxY2VhMWEyMzFmM2Q5YmY5ZTcyYmNk"},{"id":"20","titulo":"Ficha del alumno","url":"https:\/\/catalogo.noe-sm.com\/medias\/ES159996-011327.pdf?context=bWFzdGVyfG1pZ3JhdGlvbnw0ODAwMzU5fGFwcGxpY2F0aW9uL3BkZnxtaWdyYXRpb24vaDE1L2hjOC84ODE5MzQxMzYxMTgyLnBkZnw3OGVkMWMyOWUwZTBhZjc3ZWM5OWIyYTM0ZjgwZjZjOGExMzE0MWJiOTU4YWVmMWQ3OTc4ODk2NTY1NzE1M2E4"},{"id":"21","titulo":"Ficha del profesor","url":"https:\/\/catalogo.noe-sm.com\/medias\/159996-recur-001-001-pro-savia.pdf?context=bWFzdGVyfHJvb3R8MTM4ODk5fGFwcGxpY2F0aW9uL3BkZnxoODQvaDE2Lzg5OTI3Mjk4NTgwNzgucGRmfDkzNzhmZDJhMWQ3ZDdlYWNhNTdmNWE1NGQ1YjBlOTM1ZGZiNjExM2JmZjFlZjZiYjFkMDcwMWUwMThhMjNmYWI"}],"descriptivePhrases":[{"type":"General","text":"Una historia que muestra  la amistad entre dos personas socialmente diferentes."},{"type":"General","text":"A veces la realidad es mucho m\u00e1s incre\u00edble que la historia m\u00e1s fant\u00e1stica."}],"productSap":"NTX","isbn":"9788467577075","precio_colegios":8.85,"precio_librerias":8.85,"precio_librerias_sin_cobertura":8.85,"precio_distribuidores":8.85,"fecha_disponibilidad":null,"fecha_comercial":"20150401","organizacion_venta":"CS01","datos_para_buscador":"Juan Ram\u00f3n Alonso D\u00edaz de Toledo, Pu\u00f1o, Paloma Jover G\u00f3mez-Ferrer, Agust\u00edn Fern\u00e1ndez Paz pr, El Barco de Vapor Naranja, "},"yoast_head":"<!-- This site is optimized with the Yoast SEO plugin v26.6 - https:\/\/yoast.com\/wordpress\/plugins\/seo\/ -->\n<title>Mi nombre es Skywalker - Literatura SM Espa\u00f1a<\/title>\n<meta name=\"robots\" content=\"noindex, follow, max-snippet:-1, max-image-preview:large, max-video-preview:-1\" \/>\n<meta property=\"og:locale\" content=\"es_ES\" \/>\n<meta property=\"og:type\" content=\"article\" \/>\n<meta property=\"og:title\" content=\"Mi nombre es Skywalker - Literatura SM Espa\u00f1a\" \/>\n<meta property=\"og:url\" content=\"https:\/\/lij.ismeduca.com\/es\/producto\/mi-nombre-es-skywalker\/\" \/>\n<meta property=\"og:site_name\" content=\"Literatura SM Espa\u00f1a\" \/>\n<meta property=\"article:modified_time\" content=\"2025-12-23T11:37:16+00:00\" \/>\n<meta name=\"twitter:card\" content=\"summary_large_image\" \/>\n<script type=\"application\/ld+json\" class=\"yoast-schema-graph\">{\"@context\":\"https:\/\/schema.org\",\"@graph\":[{\"@type\":\"WebPage\",\"@id\":\"https:\/\/lij.ismeduca.com\/es\/producto\/mi-nombre-es-skywalker\/\",\"url\":\"https:\/\/lij.ismeduca.com\/es\/producto\/mi-nombre-es-skywalker\/\",\"name\":\"Mi nombre es Skywalker - Literatura SM Espa\u00f1a\",\"isPartOf\":{\"@id\":\"https:\/\/lij.ismeduca.com\/es\/#website\"},\"primaryImageOfPage\":{\"@id\":\"https:\/\/lij.ismeduca.com\/es\/producto\/mi-nombre-es-skywalker\/#primaryimage\"},\"image\":{\"@id\":\"https:\/\/lij.ismeduca.com\/es\/producto\/mi-nombre-es-skywalker\/#primaryimage\"},\"thumbnailUrl\":\"https:\/\/lij.ismeduca.com\/es\/wp-content\/uploads\/sites\/10\/2025\/12\/7245.jpg\",\"datePublished\":\"2024-07-11T11:08:23+00:00\",\"dateModified\":\"2025-12-23T11:37:16+00:00\",\"breadcrumb\":{\"@id\":\"https:\/\/lij.ismeduca.com\/es\/producto\/mi-nombre-es-skywalker\/#breadcrumb\"},\"inLanguage\":\"es\",\"potentialAction\":[{\"@type\":\"ReadAction\",\"target\":[\"https:\/\/lij.ismeduca.com\/es\/producto\/mi-nombre-es-skywalker\/\"]}]},{\"@type\":\"ImageObject\",\"inLanguage\":\"es\",\"@id\":\"https:\/\/lij.ismeduca.com\/es\/producto\/mi-nombre-es-skywalker\/#primaryimage\",\"url\":\"https:\/\/lij.ismeduca.com\/es\/wp-content\/uploads\/sites\/10\/2025\/12\/7245.jpg\",\"contentUrl\":\"https:\/\/lij.ismeduca.com\/es\/wp-content\/uploads\/sites\/10\/2025\/12\/7245.jpg\",\"width\":378,\"height\":600},{\"@type\":\"BreadcrumbList\",\"@id\":\"https:\/\/lij.ismeduca.com\/es\/producto\/mi-nombre-es-skywalker\/#breadcrumb\",\"itemListElement\":[{\"@type\":\"ListItem\",\"position\":1,\"name\":\"Portada\",\"item\":\"https:\/\/lij.ismeduca.com\/es\/\"},{\"@type\":\"ListItem\",\"position\":2,\"name\":\"Tienda\",\"item\":\"https:\/\/lij.ismeduca.com\/es\/tienda\/\"},{\"@type\":\"ListItem\",\"position\":3,\"name\":\"Mi nombre es Skywalker\"}]},{\"@type\":\"WebSite\",\"@id\":\"https:\/\/lij.ismeduca.com\/es\/#website\",\"url\":\"https:\/\/lij.ismeduca.com\/es\/\",\"name\":\"Literatura SM Espa\u00f1a\",\"description\":\"\",\"publisher\":{\"@id\":\"https:\/\/lij.ismeduca.com\/es\/#organization\"},\"potentialAction\":[{\"@type\":\"SearchAction\",\"target\":{\"@type\":\"EntryPoint\",\"urlTemplate\":\"https:\/\/lij.ismeduca.com\/es\/?s={search_term_string}\"},\"query-input\":{\"@type\":\"PropertyValueSpecification\",\"valueRequired\":true,\"valueName\":\"search_term_string\"}}],\"inLanguage\":\"es\"},{\"@type\":\"Organization\",\"@id\":\"https:\/\/lij.ismeduca.com\/es\/#organization\",\"name\":\"Literatura SM Espa\u00f1a\",\"url\":\"https:\/\/lij.ismeduca.com\/es\/\",\"logo\":{\"@type\":\"ImageObject\",\"inLanguage\":\"es\",\"@id\":\"https:\/\/lij.ismeduca.com\/es\/#\/schema\/logo\/image\/\",\"url\":\"https:\/\/lij.ismeduca.com\/es\/wp-content\/uploads\/sites\/10\/2024\/07\/logo-cabecera.png\",\"contentUrl\":\"https:\/\/lij.ismeduca.com\/es\/wp-content\/uploads\/sites\/10\/2024\/07\/logo-cabecera.png\",\"width\":396,\"height\":64,\"caption\":\"Literatura SM Espa\u00f1a\"},\"image\":{\"@id\":\"https:\/\/lij.ismeduca.com\/es\/#\/schema\/logo\/image\/\"}}]}<\/script>\n<!-- \/ Yoast SEO plugin. -->","yoast_head_json":{"title":"Mi nombre es Skywalker - Literatura SM Espa\u00f1a","robots":{"index":"noindex","follow":"follow","max-snippet":"max-snippet:-1","max-image-preview":"max-image-preview:large","max-video-preview":"max-video-preview:-1"},"og_locale":"es_ES","og_type":"article","og_title":"Mi nombre es Skywalker - Literatura SM Espa\u00f1a","og_url":"https:\/\/lij.ismeduca.com\/es\/producto\/mi-nombre-es-skywalker\/","og_site_name":"Literatura SM Espa\u00f1a","article_modified_time":"2025-12-23T11:37:16+00:00","twitter_card":"summary_large_image","schema":{"@context":"https:\/\/schema.org","@graph":[{"@type":"WebPage","@id":"https:\/\/lij.ismeduca.com\/es\/producto\/mi-nombre-es-skywalker\/","url":"https:\/\/lij.ismeduca.com\/es\/producto\/mi-nombre-es-skywalker\/","name":"Mi nombre es Skywalker - Literatura SM Espa\u00f1a","isPartOf":{"@id":"https:\/\/lij.ismeduca.com\/es\/#website"},"primaryImageOfPage":{"@id":"https:\/\/lij.ismeduca.com\/es\/producto\/mi-nombre-es-skywalker\/#primaryimage"},"image":{"@id":"https:\/\/lij.ismeduca.com\/es\/producto\/mi-nombre-es-skywalker\/#primaryimage"},"thumbnailUrl":"https:\/\/lij.ismeduca.com\/es\/wp-content\/uploads\/sites\/10\/2025\/12\/7245.jpg","datePublished":"2024-07-11T11:08:23+00:00","dateModified":"2025-12-23T11:37:16+00:00","breadcrumb":{"@id":"https:\/\/lij.ismeduca.com\/es\/producto\/mi-nombre-es-skywalker\/#breadcrumb"},"inLanguage":"es","potentialAction":[{"@type":"ReadAction","target":["https:\/\/lij.ismeduca.com\/es\/producto\/mi-nombre-es-skywalker\/"]}]},{"@type":"ImageObject","inLanguage":"es","@id":"https:\/\/lij.ismeduca.com\/es\/producto\/mi-nombre-es-skywalker\/#primaryimage","url":"https:\/\/lij.ismeduca.com\/es\/wp-content\/uploads\/sites\/10\/2025\/12\/7245.jpg","contentUrl":"https:\/\/lij.ismeduca.com\/es\/wp-content\/uploads\/sites\/10\/2025\/12\/7245.jpg","width":378,"height":600},{"@type":"BreadcrumbList","@id":"https:\/\/lij.ismeduca.com\/es\/producto\/mi-nombre-es-skywalker\/#breadcrumb","itemListElement":[{"@type":"ListItem","position":1,"name":"Portada","item":"https:\/\/lij.ismeduca.com\/es\/"},{"@type":"ListItem","position":2,"name":"Tienda","item":"https:\/\/lij.ismeduca.com\/es\/tienda\/"},{"@type":"ListItem","position":3,"name":"Mi nombre es Skywalker"}]},{"@type":"WebSite","@id":"https:\/\/lij.ismeduca.com\/es\/#website","url":"https:\/\/lij.ismeduca.com\/es\/","name":"Literatura SM Espa\u00f1a","description":"","publisher":{"@id":"https:\/\/lij.ismeduca.com\/es\/#organization"},"potentialAction":[{"@type":"SearchAction","target":{"@type":"EntryPoint","urlTemplate":"https:\/\/lij.ismeduca.com\/es\/?s={search_term_string}"},"query-input":{"@type":"PropertyValueSpecification","valueRequired":true,"valueName":"search_term_string"}}],"inLanguage":"es"},{"@type":"Organization","@id":"https:\/\/lij.ismeduca.com\/es\/#organization","name":"Literatura SM Espa\u00f1a","url":"https:\/\/lij.ismeduca.com\/es\/","logo":{"@type":"ImageObject","inLanguage":"es","@id":"https:\/\/lij.ismeduca.com\/es\/#\/schema\/logo\/image\/","url":"https:\/\/lij.ismeduca.com\/es\/wp-content\/uploads\/sites\/10\/2024\/07\/logo-cabecera.png","contentUrl":"https:\/\/lij.ismeduca.com\/es\/wp-content\/uploads\/sites\/10\/2024\/07\/logo-cabecera.png","width":396,"height":64,"caption":"Literatura SM Espa\u00f1a"},"image":{"@id":"https:\/\/lij.ismeduca.com\/es\/#\/schema\/logo\/image\/"}}]}},"_links":{"self":[{"href":"https:\/\/lij.ismeduca.com\/es\/wp-json\/wp\/v2\/product\/7245","targetHints":{"allow":["GET"]}}],"collection":[{"href":"https:\/\/lij.ismeduca.com\/es\/wp-json\/wp\/v2\/product"}],"about":[{"href":"https:\/\/lij.ismeduca.com\/es\/wp-json\/wp\/v2\/types\/product"}],"version-history":[{"count":1,"href":"https:\/\/lij.ismeduca.com\/es\/wp-json\/wp\/v2\/product\/7245\/revisions"}],"predecessor-version":[{"id":33963,"href":"https:\/\/lij.ismeduca.com\/es\/wp-json\/wp\/v2\/product\/7245\/revisions\/33963"}],"wp:featuredmedia":[{"embeddable":true,"href":"https:\/\/lij.ismeduca.com\/es\/wp-json\/wp\/v2\/media\/36971"}],"wp:attachment":[{"href":"https:\/\/lij.ismeduca.com\/es\/wp-json\/wp\/v2\/media?parent=7245"}],"wp:term":[{"taxonomy":"product_brand","embeddable":true,"href":"https:\/\/lij.ismeduca.com\/es\/wp-json\/wp\/v2\/product_brand?post=7245"},{"taxonomy":"product_cat","embeddable":true,"href":"https:\/\/lij.ismeduca.com\/es\/wp-json\/wp\/v2\/product_cat?post=7245"},{"taxonomy":"product_tag","embeddable":true,"href":"https:\/\/lij.ismeduca.com\/es\/wp-json\/wp\/v2\/product_tag?post=7245"},{"taxonomy":"asignatura","embeddable":true,"href":"https:\/\/lij.ismeduca.com\/es\/wp-json\/wp\/v2\/asignatura?post=7245"},{"taxonomy":"compania","embeddable":true,"href":"https:\/\/lij.ismeduca.com\/es\/wp-json\/wp\/v2\/compania?post=7245"},{"taxonomy":"curso","embeddable":true,"href":"https:\/\/lij.ismeduca.com\/es\/wp-json\/wp\/v2\/curso?post=7245"},{"taxonomy":"idiomas","embeddable":true,"href":"https:\/\/lij.ismeduca.com\/es\/wp-json\/wp\/v2\/idiomas?post=7245"},{"taxonomy":"genero","embeddable":true,"href":"https:\/\/lij.ismeduca.com\/es\/wp-json\/wp\/v2\/genero?post=7245"},{"taxonomy":"linea","embeddable":true,"href":"https:\/\/lij.ismeduca.com\/es\/wp-json\/wp\/v2\/linea?post=7245"},{"taxonomy":"premio","embeddable":true,"href":"https:\/\/lij.ismeduca.com\/es\/wp-json\/wp\/v2\/premio?post=7245"},{"taxonomy":"proyecto-editorial","embeddable":true,"href":"https:\/\/lij.ismeduca.com\/es\/wp-json\/wp\/v2\/proyecto-editorial?post=7245"},{"taxonomy":"tipo-de-libro","embeddable":true,"href":"https:\/\/lij.ismeduca.com\/es\/wp-json\/wp\/v2\/tipo-de-libro?post=7245"},{"taxonomy":"soporte","embeddable":true,"href":"https:\/\/lij.ismeduca.com\/es\/wp-json\/wp\/v2\/soporte?post=7245"},{"taxonomy":"zona-geografica","embeddable":true,"href":"https:\/\/lij.ismeduca.com\/es\/wp-json\/wp\/v2\/zona-geografica?post=7245"},{"taxonomy":"autores","embeddable":true,"href":"https:\/\/lij.ismeduca.com\/es\/wp-json\/wp\/v2\/autores?post=7245"},{"taxonomy":"colecciones","embeddable":true,"href":"https:\/\/lij.ismeduca.com\/es\/wp-json\/wp\/v2\/colecciones?post=7245"},{"taxonomy":"personajes","embeddable":true,"href":"https:\/\/lij.ismeduca.com\/es\/wp-json\/wp\/v2\/personajes?post=7245"}],"curies":[{"name":"wp","href":"https:\/\/api.w.org\/{rel}","templated":true}]}}