{"id":7256,"date":"2016-03-17T00:00:00","date_gmt":"2024-07-11T11:08:29","guid":{"rendered":"https:\/\/lij.ismeduca.com\/tienda\/?post_type=product&#038;p=7256"},"modified":"2025-12-23T12:37:35","modified_gmt":"2025-12-23T11:37:35","slug":"la-banda-de-lembut","status":"publish","type":"product","link":"https:\/\/lij.ismeduca.com\/es\/producto\/la-banda-de-lembut\/","title":{"rendered":"La Banda de l&#8217;Embut"},"content":{"rendered":"","protected":false},"excerpt":{"rendered":"<p>El Javier, el Guillem, el Manel i la Laia formen una colla d&#8217;amics que ha decidit passar a l&#8217;acci&#243; per evitar que tanquin l&#8217;escola del poble on estudien tots quatre. Per mirar d&#8217;aconseguir-ho comptaran amb l&#8217;ajuda del senyor Gen&#237;s, un ve&#237; del poble una mica estrany i un aut&#232;ntic apassionat del cinema, que t&#233; un munt de pel&#183;l&#237;cules que recullen la hist&#242;ria del poble i la seva escola. Aprofitant tot aquest material, el grup s&#8217;empesca la idea de fer una pel&#183;l&#237;cula que, a m&#233;s, acompanyaran creant un grup de m&#250;sica.<\/p>\n","protected":false},"featured_media":37372,"template":"","meta":{"_acf_changed":false,"inline_featured_image":false},"product_brand":[],"product_cat":[4736],"product_tag":[268,1083,530,297,2058,1120],"asignatura":[],"compania":[258],"curso":[],"idiomas":[1951],"genero":[308],"linea":[250],"premio":[],"proyecto-editorial":[477],"tipo-de-libro":[249],"soporte":[2004],"zona-geografica":[],"autores":[3901,2932],"colecciones":[2307],"personajes":[],"class_list":{"0":"post-7256","1":"product","2":"type-product","3":"status-publish","4":"has-post-thumbnail","6":"product_cat-el-barco-de-vapor","7":"product_tag-amistad","8":"product_tag-grupos-musicales","9":"product_tag-justicia","10":"product_tag-literatura-de-aventuras","11":"product_tag-ntx","12":"product_tag-relaciones-sociales","13":"pa_codigo-sap-ntx","14":"compania-editorial-cruilla-s-a-es","15":"idiomas-catalan","16":"genero-realismo","17":"linea-narrativa","18":"proyecto-editorial-barco-de-vapor","19":"tipo-de-libro-fisico","20":"soporte-libro","21":"autores-bartomeu-segui-i-nicolau","22":"autores-lluis-olivan-sibat","23":"colecciones-el-barco-de-vapor-naranja","25":"first","26":"instock","27":"taxable","28":"shipping-taxable","29":"purchasable","30":"product-type-simple"},"acf":{"id_catalogo":"650","shortTitle":"C-VVT.195 LA BANDA DE L'EMBUT","descripcion":"El Javier, el Guillem, el Manel i la Laia formen una colla d'amics que ha decidit passar a l'acci&#243; per evitar que tanquin l'escola del poble on estudien tots quatre. Per mirar d'aconseguir-ho comptaran amb l'ajuda del senyor Gen&#237;s, un ve&#237; del poble una mica estrany i un aut&#232;ntic apassionat del cinema, que t&#233; un munt de pel&#183;l&#237;cules que recullen la hist&#242;ria del poble i la seva escola. Aprofitant tot aquest material, el grup s'empesca la idea de fer una pel&#183;l&#237;cula que, a m&#233;s, acompanyaran creant un grup de m&#250;sica.","adjuntos":[{"id":"2","titulo":"Documentos de texto","url":"https:\/\/catalogo.noe-sm.com\/medias\/ES160527-008685.pdf?context=bWFzdGVyfG1pZ3JhdGlvbnwxNDI0OTV8YXBwbGljYXRpb24vcGRmfG1pZ3JhdGlvbi9oMDUvaDc3Lzg4MTk0NDg4NDAyMjIucGRmfGM2NWM3MDQ2MjYzNjMzMDIwNmI2Nzk4ZjlhMzJkY2I2YTU1MGVjNjAzMTA3NmI3Zjg2ZDU2ZjE0MzEwNmNmOGM"},{"id":"2","titulo":"Documentos de texto","url":"https:\/\/catalogo.noe-sm.com\/medias\/ES160527-009001.pdf?context=bWFzdGVyfG1pZ3JhdGlvbnwxNzQ0OTB8YXBwbGljYXRpb24vcGRmfG1pZ3JhdGlvbi9oMzkvaGU5Lzg4MTk0NzgxMzQ4MTQucGRmfGVlZDZjY2I3OGMyNGM1NzI3Y2Y0ZWU3ODQ4MTZmMDg0ODg1MjUwMTQ2MGZkZWY4N2E2OTA0ZDQ0NmQ4NzJhOGQ"},{"id":"12","titulo":"Web","url":""},{"id":"11","titulo":"Quaderno de lectura","url":"https:\/\/catalogo.noe-sm.com\/medias\/ES160527-010703.pdf?context=bWFzdGVyfG1pZ3JhdGlvbnwzNTM5NTZ8YXBwbGljYXRpb24vcGRmfG1pZ3JhdGlvbi9oNTIvaGViLzg4MTk0NzYxNjg3MzQucGRmfDYxMzVhMTkxYmU5ZDU1ODRmNmMzZjQ0N2ExMGJlMWZkZTFjNmE1MTU2YjQ0OTBjZDMzOGFkZjYzZDMxMzQ4YjM"},{"id":"21","titulo":"Ficha del profesor","url":"https:\/\/catalogo.noe-sm.com\/medias\/160527-recur-001-001-pro-savia.pdf?context=bWFzdGVyfHJvb3R8NzY0NDIxfGFwcGxpY2F0aW9uL3BkZnxoM2YvaDc0Lzg5NzEzMjU0NzI3OTgucGRmfGMzOTdhYWRiNThjODIxMDk4Nzk2ODE4NDFiNTA3Mjc3OGJjZjllNjEyOGY5OTI0YmVkMGFiN2Y3YjcyZDNiMTM"},{"id":"20","titulo":"Ficha del alumno","url":"https:\/\/catalogo.noe-sm.com\/medias\/160527-recur-001-004-alu-savia.pdf?context=bWFzdGVyfHJvb3R8MTkyNDEwMXxhcHBsaWNhdGlvbi9wZGZ8aDVlL2gwYi84OTcxMzI1NTM4MzM0LnBkZnxjMWIxNzNmNDZiNTMyNjRiODJiM2FkZDdiZTFmN2IyYTM5ZTBkZDZkN2Q1MDZhNzEyN2YxMDU2YmZiNDVmMDU0"}],"descriptivePhrases":[{"type":"General","text":"Una bonica hist\u00f2ria sobre l'amistat i el poder d'unir-se per construir coses plegats i fer front a les injust\u00edcies."}],"productSap":"NTX","isbn":"9788466140034","precio_colegios":8.85,"precio_librerias":8.85,"precio_librerias_sin_cobertura":8.85,"precio_distribuidores":8.85,"fecha_disponibilidad":null,"fecha_comercial":"20160317","organizacion_venta":"CS01","datos_para_buscador":"Bartomeu Segu\u00ed i Nicolau, Llu\u00eds Oliv\u00e1n Sibat, El Barco de Vapor Naranja, "},"yoast_head":"<!-- This site is optimized with the Yoast SEO plugin v26.6 - https:\/\/yoast.com\/wordpress\/plugins\/seo\/ -->\n<title>La Banda de l&#039;Embut - Literatura SM Espa\u00f1a<\/title>\n<meta name=\"robots\" content=\"noindex, follow, max-snippet:-1, max-image-preview:large, max-video-preview:-1\" \/>\n<meta property=\"og:locale\" content=\"es_ES\" \/>\n<meta property=\"og:type\" content=\"article\" \/>\n<meta property=\"og:title\" content=\"La Banda de l&#039;Embut - Literatura SM Espa\u00f1a\" \/>\n<meta property=\"og:url\" content=\"https:\/\/lij.ismeduca.com\/es\/producto\/la-banda-de-lembut\/\" \/>\n<meta property=\"og:site_name\" content=\"Literatura SM Espa\u00f1a\" \/>\n<meta property=\"article:modified_time\" content=\"2025-12-23T11:37:35+00:00\" \/>\n<meta name=\"twitter:card\" content=\"summary_large_image\" \/>\n<script type=\"application\/ld+json\" class=\"yoast-schema-graph\">{\"@context\":\"https:\/\/schema.org\",\"@graph\":[{\"@type\":\"WebPage\",\"@id\":\"https:\/\/lij.ismeduca.com\/es\/producto\/la-banda-de-lembut\/\",\"url\":\"https:\/\/lij.ismeduca.com\/es\/producto\/la-banda-de-lembut\/\",\"name\":\"La Banda de l'Embut - Literatura SM Espa\u00f1a\",\"isPartOf\":{\"@id\":\"https:\/\/lij.ismeduca.com\/es\/#website\"},\"primaryImageOfPage\":{\"@id\":\"https:\/\/lij.ismeduca.com\/es\/producto\/la-banda-de-lembut\/#primaryimage\"},\"image\":{\"@id\":\"https:\/\/lij.ismeduca.com\/es\/producto\/la-banda-de-lembut\/#primaryimage\"},\"thumbnailUrl\":\"https:\/\/lij.ismeduca.com\/es\/wp-content\/uploads\/sites\/10\/2025\/12\/7256.jpg\",\"datePublished\":\"2024-07-11T11:08:29+00:00\",\"dateModified\":\"2025-12-23T11:37:35+00:00\",\"breadcrumb\":{\"@id\":\"https:\/\/lij.ismeduca.com\/es\/producto\/la-banda-de-lembut\/#breadcrumb\"},\"inLanguage\":\"es\",\"potentialAction\":[{\"@type\":\"ReadAction\",\"target\":[\"https:\/\/lij.ismeduca.com\/es\/producto\/la-banda-de-lembut\/\"]}]},{\"@type\":\"ImageObject\",\"inLanguage\":\"es\",\"@id\":\"https:\/\/lij.ismeduca.com\/es\/producto\/la-banda-de-lembut\/#primaryimage\",\"url\":\"https:\/\/lij.ismeduca.com\/es\/wp-content\/uploads\/sites\/10\/2025\/12\/7256.jpg\",\"contentUrl\":\"https:\/\/lij.ismeduca.com\/es\/wp-content\/uploads\/sites\/10\/2025\/12\/7256.jpg\",\"width\":600,\"height\":967},{\"@type\":\"BreadcrumbList\",\"@id\":\"https:\/\/lij.ismeduca.com\/es\/producto\/la-banda-de-lembut\/#breadcrumb\",\"itemListElement\":[{\"@type\":\"ListItem\",\"position\":1,\"name\":\"Portada\",\"item\":\"https:\/\/lij.ismeduca.com\/es\/\"},{\"@type\":\"ListItem\",\"position\":2,\"name\":\"Tienda\",\"item\":\"https:\/\/lij.ismeduca.com\/es\/tienda\/\"},{\"@type\":\"ListItem\",\"position\":3,\"name\":\"La Banda de l&#8217;Embut\"}]},{\"@type\":\"WebSite\",\"@id\":\"https:\/\/lij.ismeduca.com\/es\/#website\",\"url\":\"https:\/\/lij.ismeduca.com\/es\/\",\"name\":\"Literatura SM Espa\u00f1a\",\"description\":\"\",\"publisher\":{\"@id\":\"https:\/\/lij.ismeduca.com\/es\/#organization\"},\"potentialAction\":[{\"@type\":\"SearchAction\",\"target\":{\"@type\":\"EntryPoint\",\"urlTemplate\":\"https:\/\/lij.ismeduca.com\/es\/?s={search_term_string}\"},\"query-input\":{\"@type\":\"PropertyValueSpecification\",\"valueRequired\":true,\"valueName\":\"search_term_string\"}}],\"inLanguage\":\"es\"},{\"@type\":\"Organization\",\"@id\":\"https:\/\/lij.ismeduca.com\/es\/#organization\",\"name\":\"Literatura SM Espa\u00f1a\",\"url\":\"https:\/\/lij.ismeduca.com\/es\/\",\"logo\":{\"@type\":\"ImageObject\",\"inLanguage\":\"es\",\"@id\":\"https:\/\/lij.ismeduca.com\/es\/#\/schema\/logo\/image\/\",\"url\":\"https:\/\/lij.ismeduca.com\/es\/wp-content\/uploads\/sites\/10\/2024\/07\/logo-cabecera.png\",\"contentUrl\":\"https:\/\/lij.ismeduca.com\/es\/wp-content\/uploads\/sites\/10\/2024\/07\/logo-cabecera.png\",\"width\":396,\"height\":64,\"caption\":\"Literatura SM Espa\u00f1a\"},\"image\":{\"@id\":\"https:\/\/lij.ismeduca.com\/es\/#\/schema\/logo\/image\/\"}}]}<\/script>\n<!-- \/ Yoast SEO plugin. -->","yoast_head_json":{"title":"La Banda de l'Embut - Literatura SM Espa\u00f1a","robots":{"index":"noindex","follow":"follow","max-snippet":"max-snippet:-1","max-image-preview":"max-image-preview:large","max-video-preview":"max-video-preview:-1"},"og_locale":"es_ES","og_type":"article","og_title":"La Banda de l'Embut - Literatura SM Espa\u00f1a","og_url":"https:\/\/lij.ismeduca.com\/es\/producto\/la-banda-de-lembut\/","og_site_name":"Literatura SM Espa\u00f1a","article_modified_time":"2025-12-23T11:37:35+00:00","twitter_card":"summary_large_image","schema":{"@context":"https:\/\/schema.org","@graph":[{"@type":"WebPage","@id":"https:\/\/lij.ismeduca.com\/es\/producto\/la-banda-de-lembut\/","url":"https:\/\/lij.ismeduca.com\/es\/producto\/la-banda-de-lembut\/","name":"La Banda de l'Embut - Literatura SM Espa\u00f1a","isPartOf":{"@id":"https:\/\/lij.ismeduca.com\/es\/#website"},"primaryImageOfPage":{"@id":"https:\/\/lij.ismeduca.com\/es\/producto\/la-banda-de-lembut\/#primaryimage"},"image":{"@id":"https:\/\/lij.ismeduca.com\/es\/producto\/la-banda-de-lembut\/#primaryimage"},"thumbnailUrl":"https:\/\/lij.ismeduca.com\/es\/wp-content\/uploads\/sites\/10\/2025\/12\/7256.jpg","datePublished":"2024-07-11T11:08:29+00:00","dateModified":"2025-12-23T11:37:35+00:00","breadcrumb":{"@id":"https:\/\/lij.ismeduca.com\/es\/producto\/la-banda-de-lembut\/#breadcrumb"},"inLanguage":"es","potentialAction":[{"@type":"ReadAction","target":["https:\/\/lij.ismeduca.com\/es\/producto\/la-banda-de-lembut\/"]}]},{"@type":"ImageObject","inLanguage":"es","@id":"https:\/\/lij.ismeduca.com\/es\/producto\/la-banda-de-lembut\/#primaryimage","url":"https:\/\/lij.ismeduca.com\/es\/wp-content\/uploads\/sites\/10\/2025\/12\/7256.jpg","contentUrl":"https:\/\/lij.ismeduca.com\/es\/wp-content\/uploads\/sites\/10\/2025\/12\/7256.jpg","width":600,"height":967},{"@type":"BreadcrumbList","@id":"https:\/\/lij.ismeduca.com\/es\/producto\/la-banda-de-lembut\/#breadcrumb","itemListElement":[{"@type":"ListItem","position":1,"name":"Portada","item":"https:\/\/lij.ismeduca.com\/es\/"},{"@type":"ListItem","position":2,"name":"Tienda","item":"https:\/\/lij.ismeduca.com\/es\/tienda\/"},{"@type":"ListItem","position":3,"name":"La Banda de l&#8217;Embut"}]},{"@type":"WebSite","@id":"https:\/\/lij.ismeduca.com\/es\/#website","url":"https:\/\/lij.ismeduca.com\/es\/","name":"Literatura SM Espa\u00f1a","description":"","publisher":{"@id":"https:\/\/lij.ismeduca.com\/es\/#organization"},"potentialAction":[{"@type":"SearchAction","target":{"@type":"EntryPoint","urlTemplate":"https:\/\/lij.ismeduca.com\/es\/?s={search_term_string}"},"query-input":{"@type":"PropertyValueSpecification","valueRequired":true,"valueName":"search_term_string"}}],"inLanguage":"es"},{"@type":"Organization","@id":"https:\/\/lij.ismeduca.com\/es\/#organization","name":"Literatura SM Espa\u00f1a","url":"https:\/\/lij.ismeduca.com\/es\/","logo":{"@type":"ImageObject","inLanguage":"es","@id":"https:\/\/lij.ismeduca.com\/es\/#\/schema\/logo\/image\/","url":"https:\/\/lij.ismeduca.com\/es\/wp-content\/uploads\/sites\/10\/2024\/07\/logo-cabecera.png","contentUrl":"https:\/\/lij.ismeduca.com\/es\/wp-content\/uploads\/sites\/10\/2024\/07\/logo-cabecera.png","width":396,"height":64,"caption":"Literatura SM Espa\u00f1a"},"image":{"@id":"https:\/\/lij.ismeduca.com\/es\/#\/schema\/logo\/image\/"}}]}},"_links":{"self":[{"href":"https:\/\/lij.ismeduca.com\/es\/wp-json\/wp\/v2\/product\/7256","targetHints":{"allow":["GET"]}}],"collection":[{"href":"https:\/\/lij.ismeduca.com\/es\/wp-json\/wp\/v2\/product"}],"about":[{"href":"https:\/\/lij.ismeduca.com\/es\/wp-json\/wp\/v2\/types\/product"}],"version-history":[{"count":1,"href":"https:\/\/lij.ismeduca.com\/es\/wp-json\/wp\/v2\/product\/7256\/revisions"}],"predecessor-version":[{"id":37373,"href":"https:\/\/lij.ismeduca.com\/es\/wp-json\/wp\/v2\/product\/7256\/revisions\/37373"}],"wp:featuredmedia":[{"embeddable":true,"href":"https:\/\/lij.ismeduca.com\/es\/wp-json\/wp\/v2\/media\/37372"}],"wp:attachment":[{"href":"https:\/\/lij.ismeduca.com\/es\/wp-json\/wp\/v2\/media?parent=7256"}],"wp:term":[{"taxonomy":"product_brand","embeddable":true,"href":"https:\/\/lij.ismeduca.com\/es\/wp-json\/wp\/v2\/product_brand?post=7256"},{"taxonomy":"product_cat","embeddable":true,"href":"https:\/\/lij.ismeduca.com\/es\/wp-json\/wp\/v2\/product_cat?post=7256"},{"taxonomy":"product_tag","embeddable":true,"href":"https:\/\/lij.ismeduca.com\/es\/wp-json\/wp\/v2\/product_tag?post=7256"},{"taxonomy":"asignatura","embeddable":true,"href":"https:\/\/lij.ismeduca.com\/es\/wp-json\/wp\/v2\/asignatura?post=7256"},{"taxonomy":"compania","embeddable":true,"href":"https:\/\/lij.ismeduca.com\/es\/wp-json\/wp\/v2\/compania?post=7256"},{"taxonomy":"curso","embeddable":true,"href":"https:\/\/lij.ismeduca.com\/es\/wp-json\/wp\/v2\/curso?post=7256"},{"taxonomy":"idiomas","embeddable":true,"href":"https:\/\/lij.ismeduca.com\/es\/wp-json\/wp\/v2\/idiomas?post=7256"},{"taxonomy":"genero","embeddable":true,"href":"https:\/\/lij.ismeduca.com\/es\/wp-json\/wp\/v2\/genero?post=7256"},{"taxonomy":"linea","embeddable":true,"href":"https:\/\/lij.ismeduca.com\/es\/wp-json\/wp\/v2\/linea?post=7256"},{"taxonomy":"premio","embeddable":true,"href":"https:\/\/lij.ismeduca.com\/es\/wp-json\/wp\/v2\/premio?post=7256"},{"taxonomy":"proyecto-editorial","embeddable":true,"href":"https:\/\/lij.ismeduca.com\/es\/wp-json\/wp\/v2\/proyecto-editorial?post=7256"},{"taxonomy":"tipo-de-libro","embeddable":true,"href":"https:\/\/lij.ismeduca.com\/es\/wp-json\/wp\/v2\/tipo-de-libro?post=7256"},{"taxonomy":"soporte","embeddable":true,"href":"https:\/\/lij.ismeduca.com\/es\/wp-json\/wp\/v2\/soporte?post=7256"},{"taxonomy":"zona-geografica","embeddable":true,"href":"https:\/\/lij.ismeduca.com\/es\/wp-json\/wp\/v2\/zona-geografica?post=7256"},{"taxonomy":"autores","embeddable":true,"href":"https:\/\/lij.ismeduca.com\/es\/wp-json\/wp\/v2\/autores?post=7256"},{"taxonomy":"colecciones","embeddable":true,"href":"https:\/\/lij.ismeduca.com\/es\/wp-json\/wp\/v2\/colecciones?post=7256"},{"taxonomy":"personajes","embeddable":true,"href":"https:\/\/lij.ismeduca.com\/es\/wp-json\/wp\/v2\/personajes?post=7256"}],"curies":[{"name":"wp","href":"https:\/\/api.w.org\/{rel}","templated":true}]}}