{"id":7267,"date":"2015-08-12T00:00:00","date_gmt":"2024-07-11T11:08:35","guid":{"rendered":"https:\/\/lij.ismeduca.com\/tienda\/?post_type=product&#038;p=7267"},"modified":"2025-12-23T12:38:44","modified_gmt":"2025-12-23T11:38:44","slug":"hi-ha-un-nen-al-lavabo-de-les-nenes","status":"publish","type":"product","link":"https:\/\/lij.ismeduca.com\/es\/producto\/hi-ha-un-nen-al-lavabo-de-les-nenes\/","title":{"rendered":"Hi ha un nen al lavabo de les nenes"},"content":{"rendered":"","protected":false},"excerpt":{"rendered":"<p>En Bradley &#233;s agressiu amb els companys, a classe no escolta, no fa els deures, i la mestra el t&#233; en un rac&#243; al fons de l&#8217;aula. Ell mateix es considera una mica &#8216;monstre&#8217;. A mig curs, per&#242;, arriba un nen nou a classe, i una psic&#242;loga a l&#8217;escola. La relaci&#243; amb aquests nouvinguts, amb alts i baixos, ajudar&#224; en Bradley a descobrir els seus valors i les seves possibilitats, a saber donar i saber rebre.<\/p>\n","protected":false},"featured_media":37339,"template":"","meta":{"_acf_changed":false,"inline_featured_image":false},"product_brand":[],"product_cat":[4736],"product_tag":[339,253,329,968,2058,400,910],"asignatura":[],"compania":[258],"curso":[],"idiomas":[1951],"genero":[],"linea":[250],"premio":[],"proyecto-editorial":[477],"tipo-de-libro":[249],"soporte":[2004],"zona-geografica":[],"autores":[3112,2926,2935],"colecciones":[2307],"personajes":[],"class_list":{"0":"post-7267","1":"product","2":"type-product","3":"status-publish","4":"has-post-thumbnail","6":"product_cat-el-barco-de-vapor","7":"product_tag-colegio","8":"product_tag-literatura-de-humor","9":"product_tag-literatura-realista","10":"product_tag-marginacion-social","11":"product_tag-ntx","12":"product_tag-plan-lector","13":"product_tag-relaciones-en-la-escuela","14":"pa_codigo-sap-ntx","15":"compania-editorial-cruilla-s-a-es","16":"idiomas-catalan","17":"linea-narrativa","18":"proyecto-editorial-barco-de-vapor","19":"tipo-de-libro-fisico","20":"soporte-libro","21":"autores-louis-sachar","22":"autores-merce-costa","23":"autores-ramon-rosanas-garcia-galan","24":"colecciones-el-barco-de-vapor-naranja","26":"first","27":"instock","28":"taxable","29":"shipping-taxable","30":"purchasable","31":"product-type-simple"},"acf":{"id_catalogo":"650","shortTitle":"C-VVT.134 HI HA UN NEN AL LAVABO DE LES","descripcion":"En Bradley &#233;s agressiu amb els companys, a classe no escolta, no fa els deures, i la mestra el t&#233; en un rac&#243; al fons de l'aula. Ell mateix es considera una mica 'monstre'. A mig curs, per&#242;, arriba un nen nou a classe, i una psic&#242;loga a l'escola. La relaci&#243; amb aquests nouvinguts, amb alts i baixos, ajudar&#224; en Bradley a descobrir els seus valors i les seves possibilitats, a saber donar i saber rebre.","adjuntos":[{"id":"11","titulo":"Quaderno de lectura","url":"https:\/\/catalogo.noe-sm.com\/medias\/ES170007-008147.pdf?context=bWFzdGVyfG1pZ3JhdGlvbnw3MTExMzN8YXBwbGljYXRpb24vcGRmfG1pZ3JhdGlvbi9oZTMvaDVmLzg4MTk1MTQxNzk2MTQucGRmfGQ3YjNmODUxODBhYzgxZjUzYzM3MmQ2MmRmMmViZWIwNWIyNzEwNWRlYTg3ODUwMTA3NmRhNmY1MjYzZWI4Mzg"},{"id":"11","titulo":"Quaderno de lectura","url":"https:\/\/catalogo.noe-sm.com\/medias\/ES170007-008148.pdf?context=bWFzdGVyfG1pZ3JhdGlvbnw3MTEyNzB8YXBwbGljYXRpb24vcGRmfG1pZ3JhdGlvbi9oYTQvaGJjLzg4MTkzODYzODQ0MTQucGRmfDZlM2MxMjFiZDYwYmRhNzMyNDBjMTI0ODRlZTNkOWU3MDFiZjMzNTQzYWRkZDNjOGUzYTliY2UyYzI2MmMzMjA"},{"id":"11","titulo":"Quaderno de lectura","url":"https:\/\/catalogo.noe-sm.com\/medias\/ES170007-010568.pdf?context=bWFzdGVyfG1pZ3JhdGlvbnwzNjM2NjB8YXBwbGljYXRpb24vcGRmfG1pZ3JhdGlvbi9oNDAvaGIxLzg4MTkzMjU3OTYzODIucGRmfDdiZTBhOGVhOGUxMDEwYTNlY2UzODhiOTk2MDIwNjhmZTRmYTcwMTdiYTFhZjI4MzRmOWEwNzU1OWYyNzBmZDY"},{"id":"12","titulo":"Web","url":""},{"id":"21","titulo":"Ficha del profesor","url":"https:\/\/catalogo.noe-sm.com\/medias\/170007-recur-001-001-pro-savia.pdf?context=bWFzdGVyfHJvb3R8NzM0MDM2fGFwcGxpY2F0aW9uL3BkZnxoNDYvaGZiLzg5NzEzMjU3MzQ5NDIucGRmfDk1OThhMjY0N2I1MGE1ODJkNDVmOTNhNTdjNzVmNDAwZTExNjhiMTYzMTU0ZjQ1NjQ0NGY5ZmI3ZGY0NzQ3OTE"},{"id":"20","titulo":"Ficha del alumno","url":"https:\/\/catalogo.noe-sm.com\/medias\/170007-recur-001-004-alu-savia.pdf?context=bWFzdGVyfHJvb3R8MTgwNTc0NHxhcHBsaWNhdGlvbi9wZGZ8aDkwL2gyZS84OTcxMzI1ODAwNDc4LnBkZnw0YzZmYTZkZWIzYTc5ZmZkNjYyMWMyYTI0NGU3NTgxNzM3MGIzZTFjMDdlZjA4YWYxMzE3MjJjY2IzMGEzMGFi"}],"descriptivePhrases":[{"type":"General","text":"Hist\u00f2ria d'un nen agressiu i marginat a classe i com canvia positivament, tractada amb realisme, tendresa, ironia i humor."}],"productSap":"NTX","isbn":"9788466139755","precio_colegios":8.85,"precio_librerias":8.85,"precio_librerias_sin_cobertura":8.85,"precio_distribuidores":8.85,"fecha_disponibilidad":null,"fecha_comercial":"20150812","organizacion_venta":"CS01","datos_para_buscador":"Merc\u00e8 Costa, Ramon Rosanas Garc\u00eda-Gal\u00e1n, Louis Sachar, El Barco de Vapor Naranja, "},"yoast_head":"<!-- This site is optimized with the Yoast SEO plugin v26.6 - https:\/\/yoast.com\/wordpress\/plugins\/seo\/ -->\n<title>Hi ha un nen al lavabo de les nenes - Literatura SM Espa\u00f1a<\/title>\n<meta name=\"robots\" content=\"noindex, follow, max-snippet:-1, max-image-preview:large, max-video-preview:-1\" \/>\n<meta property=\"og:locale\" content=\"es_ES\" \/>\n<meta property=\"og:type\" content=\"article\" \/>\n<meta property=\"og:title\" content=\"Hi ha un nen al lavabo de les nenes - Literatura SM Espa\u00f1a\" \/>\n<meta property=\"og:url\" content=\"https:\/\/lij.ismeduca.com\/es\/producto\/hi-ha-un-nen-al-lavabo-de-les-nenes\/\" \/>\n<meta property=\"og:site_name\" content=\"Literatura SM Espa\u00f1a\" \/>\n<meta property=\"article:modified_time\" content=\"2025-12-23T11:38:44+00:00\" \/>\n<meta name=\"twitter:card\" content=\"summary_large_image\" \/>\n<script type=\"application\/ld+json\" class=\"yoast-schema-graph\">{\"@context\":\"https:\/\/schema.org\",\"@graph\":[{\"@type\":\"WebPage\",\"@id\":\"https:\/\/lij.ismeduca.com\/es\/producto\/hi-ha-un-nen-al-lavabo-de-les-nenes\/\",\"url\":\"https:\/\/lij.ismeduca.com\/es\/producto\/hi-ha-un-nen-al-lavabo-de-les-nenes\/\",\"name\":\"Hi ha un nen al lavabo de les nenes - Literatura SM Espa\u00f1a\",\"isPartOf\":{\"@id\":\"https:\/\/lij.ismeduca.com\/es\/#website\"},\"primaryImageOfPage\":{\"@id\":\"https:\/\/lij.ismeduca.com\/es\/producto\/hi-ha-un-nen-al-lavabo-de-les-nenes\/#primaryimage\"},\"image\":{\"@id\":\"https:\/\/lij.ismeduca.com\/es\/producto\/hi-ha-un-nen-al-lavabo-de-les-nenes\/#primaryimage\"},\"thumbnailUrl\":\"https:\/\/lij.ismeduca.com\/es\/wp-content\/uploads\/sites\/10\/2025\/12\/7267.jpg\",\"datePublished\":\"2024-07-11T11:08:35+00:00\",\"dateModified\":\"2025-12-23T11:38:44+00:00\",\"breadcrumb\":{\"@id\":\"https:\/\/lij.ismeduca.com\/es\/producto\/hi-ha-un-nen-al-lavabo-de-les-nenes\/#breadcrumb\"},\"inLanguage\":\"es\",\"potentialAction\":[{\"@type\":\"ReadAction\",\"target\":[\"https:\/\/lij.ismeduca.com\/es\/producto\/hi-ha-un-nen-al-lavabo-de-les-nenes\/\"]}]},{\"@type\":\"ImageObject\",\"inLanguage\":\"es\",\"@id\":\"https:\/\/lij.ismeduca.com\/es\/producto\/hi-ha-un-nen-al-lavabo-de-les-nenes\/#primaryimage\",\"url\":\"https:\/\/lij.ismeduca.com\/es\/wp-content\/uploads\/sites\/10\/2025\/12\/7267.jpg\",\"contentUrl\":\"https:\/\/lij.ismeduca.com\/es\/wp-content\/uploads\/sites\/10\/2025\/12\/7267.jpg\",\"width\":600,\"height\":955},{\"@type\":\"BreadcrumbList\",\"@id\":\"https:\/\/lij.ismeduca.com\/es\/producto\/hi-ha-un-nen-al-lavabo-de-les-nenes\/#breadcrumb\",\"itemListElement\":[{\"@type\":\"ListItem\",\"position\":1,\"name\":\"Portada\",\"item\":\"https:\/\/lij.ismeduca.com\/es\/\"},{\"@type\":\"ListItem\",\"position\":2,\"name\":\"Tienda\",\"item\":\"https:\/\/lij.ismeduca.com\/es\/tienda\/\"},{\"@type\":\"ListItem\",\"position\":3,\"name\":\"Hi ha un nen al lavabo de les nenes\"}]},{\"@type\":\"WebSite\",\"@id\":\"https:\/\/lij.ismeduca.com\/es\/#website\",\"url\":\"https:\/\/lij.ismeduca.com\/es\/\",\"name\":\"Literatura SM Espa\u00f1a\",\"description\":\"\",\"publisher\":{\"@id\":\"https:\/\/lij.ismeduca.com\/es\/#organization\"},\"potentialAction\":[{\"@type\":\"SearchAction\",\"target\":{\"@type\":\"EntryPoint\",\"urlTemplate\":\"https:\/\/lij.ismeduca.com\/es\/?s={search_term_string}\"},\"query-input\":{\"@type\":\"PropertyValueSpecification\",\"valueRequired\":true,\"valueName\":\"search_term_string\"}}],\"inLanguage\":\"es\"},{\"@type\":\"Organization\",\"@id\":\"https:\/\/lij.ismeduca.com\/es\/#organization\",\"name\":\"Literatura SM Espa\u00f1a\",\"url\":\"https:\/\/lij.ismeduca.com\/es\/\",\"logo\":{\"@type\":\"ImageObject\",\"inLanguage\":\"es\",\"@id\":\"https:\/\/lij.ismeduca.com\/es\/#\/schema\/logo\/image\/\",\"url\":\"https:\/\/lij.ismeduca.com\/es\/wp-content\/uploads\/sites\/10\/2024\/07\/logo-cabecera.png\",\"contentUrl\":\"https:\/\/lij.ismeduca.com\/es\/wp-content\/uploads\/sites\/10\/2024\/07\/logo-cabecera.png\",\"width\":396,\"height\":64,\"caption\":\"Literatura SM Espa\u00f1a\"},\"image\":{\"@id\":\"https:\/\/lij.ismeduca.com\/es\/#\/schema\/logo\/image\/\"}}]}<\/script>\n<!-- \/ Yoast SEO plugin. -->","yoast_head_json":{"title":"Hi ha un nen al lavabo de les nenes - Literatura SM Espa\u00f1a","robots":{"index":"noindex","follow":"follow","max-snippet":"max-snippet:-1","max-image-preview":"max-image-preview:large","max-video-preview":"max-video-preview:-1"},"og_locale":"es_ES","og_type":"article","og_title":"Hi ha un nen al lavabo de les nenes - Literatura SM Espa\u00f1a","og_url":"https:\/\/lij.ismeduca.com\/es\/producto\/hi-ha-un-nen-al-lavabo-de-les-nenes\/","og_site_name":"Literatura SM Espa\u00f1a","article_modified_time":"2025-12-23T11:38:44+00:00","twitter_card":"summary_large_image","schema":{"@context":"https:\/\/schema.org","@graph":[{"@type":"WebPage","@id":"https:\/\/lij.ismeduca.com\/es\/producto\/hi-ha-un-nen-al-lavabo-de-les-nenes\/","url":"https:\/\/lij.ismeduca.com\/es\/producto\/hi-ha-un-nen-al-lavabo-de-les-nenes\/","name":"Hi ha un nen al lavabo de les nenes - Literatura SM Espa\u00f1a","isPartOf":{"@id":"https:\/\/lij.ismeduca.com\/es\/#website"},"primaryImageOfPage":{"@id":"https:\/\/lij.ismeduca.com\/es\/producto\/hi-ha-un-nen-al-lavabo-de-les-nenes\/#primaryimage"},"image":{"@id":"https:\/\/lij.ismeduca.com\/es\/producto\/hi-ha-un-nen-al-lavabo-de-les-nenes\/#primaryimage"},"thumbnailUrl":"https:\/\/lij.ismeduca.com\/es\/wp-content\/uploads\/sites\/10\/2025\/12\/7267.jpg","datePublished":"2024-07-11T11:08:35+00:00","dateModified":"2025-12-23T11:38:44+00:00","breadcrumb":{"@id":"https:\/\/lij.ismeduca.com\/es\/producto\/hi-ha-un-nen-al-lavabo-de-les-nenes\/#breadcrumb"},"inLanguage":"es","potentialAction":[{"@type":"ReadAction","target":["https:\/\/lij.ismeduca.com\/es\/producto\/hi-ha-un-nen-al-lavabo-de-les-nenes\/"]}]},{"@type":"ImageObject","inLanguage":"es","@id":"https:\/\/lij.ismeduca.com\/es\/producto\/hi-ha-un-nen-al-lavabo-de-les-nenes\/#primaryimage","url":"https:\/\/lij.ismeduca.com\/es\/wp-content\/uploads\/sites\/10\/2025\/12\/7267.jpg","contentUrl":"https:\/\/lij.ismeduca.com\/es\/wp-content\/uploads\/sites\/10\/2025\/12\/7267.jpg","width":600,"height":955},{"@type":"BreadcrumbList","@id":"https:\/\/lij.ismeduca.com\/es\/producto\/hi-ha-un-nen-al-lavabo-de-les-nenes\/#breadcrumb","itemListElement":[{"@type":"ListItem","position":1,"name":"Portada","item":"https:\/\/lij.ismeduca.com\/es\/"},{"@type":"ListItem","position":2,"name":"Tienda","item":"https:\/\/lij.ismeduca.com\/es\/tienda\/"},{"@type":"ListItem","position":3,"name":"Hi ha un nen al lavabo de les nenes"}]},{"@type":"WebSite","@id":"https:\/\/lij.ismeduca.com\/es\/#website","url":"https:\/\/lij.ismeduca.com\/es\/","name":"Literatura SM Espa\u00f1a","description":"","publisher":{"@id":"https:\/\/lij.ismeduca.com\/es\/#organization"},"potentialAction":[{"@type":"SearchAction","target":{"@type":"EntryPoint","urlTemplate":"https:\/\/lij.ismeduca.com\/es\/?s={search_term_string}"},"query-input":{"@type":"PropertyValueSpecification","valueRequired":true,"valueName":"search_term_string"}}],"inLanguage":"es"},{"@type":"Organization","@id":"https:\/\/lij.ismeduca.com\/es\/#organization","name":"Literatura SM Espa\u00f1a","url":"https:\/\/lij.ismeduca.com\/es\/","logo":{"@type":"ImageObject","inLanguage":"es","@id":"https:\/\/lij.ismeduca.com\/es\/#\/schema\/logo\/image\/","url":"https:\/\/lij.ismeduca.com\/es\/wp-content\/uploads\/sites\/10\/2024\/07\/logo-cabecera.png","contentUrl":"https:\/\/lij.ismeduca.com\/es\/wp-content\/uploads\/sites\/10\/2024\/07\/logo-cabecera.png","width":396,"height":64,"caption":"Literatura SM Espa\u00f1a"},"image":{"@id":"https:\/\/lij.ismeduca.com\/es\/#\/schema\/logo\/image\/"}}]}},"_links":{"self":[{"href":"https:\/\/lij.ismeduca.com\/es\/wp-json\/wp\/v2\/product\/7267","targetHints":{"allow":["GET"]}}],"collection":[{"href":"https:\/\/lij.ismeduca.com\/es\/wp-json\/wp\/v2\/product"}],"about":[{"href":"https:\/\/lij.ismeduca.com\/es\/wp-json\/wp\/v2\/types\/product"}],"version-history":[{"count":1,"href":"https:\/\/lij.ismeduca.com\/es\/wp-json\/wp\/v2\/product\/7267\/revisions"}],"predecessor-version":[{"id":33983,"href":"https:\/\/lij.ismeduca.com\/es\/wp-json\/wp\/v2\/product\/7267\/revisions\/33983"}],"wp:featuredmedia":[{"embeddable":true,"href":"https:\/\/lij.ismeduca.com\/es\/wp-json\/wp\/v2\/media\/37339"}],"wp:attachment":[{"href":"https:\/\/lij.ismeduca.com\/es\/wp-json\/wp\/v2\/media?parent=7267"}],"wp:term":[{"taxonomy":"product_brand","embeddable":true,"href":"https:\/\/lij.ismeduca.com\/es\/wp-json\/wp\/v2\/product_brand?post=7267"},{"taxonomy":"product_cat","embeddable":true,"href":"https:\/\/lij.ismeduca.com\/es\/wp-json\/wp\/v2\/product_cat?post=7267"},{"taxonomy":"product_tag","embeddable":true,"href":"https:\/\/lij.ismeduca.com\/es\/wp-json\/wp\/v2\/product_tag?post=7267"},{"taxonomy":"asignatura","embeddable":true,"href":"https:\/\/lij.ismeduca.com\/es\/wp-json\/wp\/v2\/asignatura?post=7267"},{"taxonomy":"compania","embeddable":true,"href":"https:\/\/lij.ismeduca.com\/es\/wp-json\/wp\/v2\/compania?post=7267"},{"taxonomy":"curso","embeddable":true,"href":"https:\/\/lij.ismeduca.com\/es\/wp-json\/wp\/v2\/curso?post=7267"},{"taxonomy":"idiomas","embeddable":true,"href":"https:\/\/lij.ismeduca.com\/es\/wp-json\/wp\/v2\/idiomas?post=7267"},{"taxonomy":"genero","embeddable":true,"href":"https:\/\/lij.ismeduca.com\/es\/wp-json\/wp\/v2\/genero?post=7267"},{"taxonomy":"linea","embeddable":true,"href":"https:\/\/lij.ismeduca.com\/es\/wp-json\/wp\/v2\/linea?post=7267"},{"taxonomy":"premio","embeddable":true,"href":"https:\/\/lij.ismeduca.com\/es\/wp-json\/wp\/v2\/premio?post=7267"},{"taxonomy":"proyecto-editorial","embeddable":true,"href":"https:\/\/lij.ismeduca.com\/es\/wp-json\/wp\/v2\/proyecto-editorial?post=7267"},{"taxonomy":"tipo-de-libro","embeddable":true,"href":"https:\/\/lij.ismeduca.com\/es\/wp-json\/wp\/v2\/tipo-de-libro?post=7267"},{"taxonomy":"soporte","embeddable":true,"href":"https:\/\/lij.ismeduca.com\/es\/wp-json\/wp\/v2\/soporte?post=7267"},{"taxonomy":"zona-geografica","embeddable":true,"href":"https:\/\/lij.ismeduca.com\/es\/wp-json\/wp\/v2\/zona-geografica?post=7267"},{"taxonomy":"autores","embeddable":true,"href":"https:\/\/lij.ismeduca.com\/es\/wp-json\/wp\/v2\/autores?post=7267"},{"taxonomy":"colecciones","embeddable":true,"href":"https:\/\/lij.ismeduca.com\/es\/wp-json\/wp\/v2\/colecciones?post=7267"},{"taxonomy":"personajes","embeddable":true,"href":"https:\/\/lij.ismeduca.com\/es\/wp-json\/wp\/v2\/personajes?post=7267"}],"curies":[{"name":"wp","href":"https:\/\/api.w.org\/{rel}","templated":true}]}}