{"id":7278,"date":"2016-03-17T00:00:00","date_gmt":"2024-07-11T11:08:40","guid":{"rendered":"https:\/\/lij.ismeduca.com\/tienda\/?post_type=product&#038;p=7278"},"modified":"2025-12-23T12:40:30","modified_gmt":"2025-12-23T11:40:30","slug":"el-castell-del-doctor-franchini","status":"publish","type":"product","link":"https:\/\/lij.ismeduca.com\/es\/producto\/el-castell-del-doctor-franchini\/","title":{"rendered":"El castell del doctor Franchini"},"content":{"rendered":"","protected":false},"excerpt":{"rendered":"<p>El Guillem i la seva colla d&#8217;amics, la Laia, el Manel i el Javier, decideixen entrar al castell del doctor Franchini, un casalot que hi ha als afores del poble on diuen que hi passen coses estranyes. A dins, per&#242;, en lloc d&#8217;un fantasma, el Guillem descobreix el Mamadou, un noi de Maurit&#224;nia que busca el seu germ&#224; petit, el Moussa, que fa dos anys que se&#8217;n va anar de casa els pares. El Guillem el vol ajudar, i entre tota la colla s&#8217;empesquen un pla per mirar de localitzar el Moussa.<\/p>\n","protected":false},"featured_media":37344,"template":"","meta":{"_acf_changed":false,"inline_featured_image":false},"product_brand":[],"product_cat":[4736],"product_tag":[268,926,927,935,1125,908,311,943,938,297,981,329,2058,344],"asignatura":[],"compania":[258],"curso":[],"idiomas":[1951],"genero":[308],"linea":[250],"premio":[],"proyecto-editorial":[477],"tipo-de-libro":[249],"soporte":[2004],"zona-geografica":[],"autores":[3901,2932],"colecciones":[2307],"personajes":[],"class_list":{"0":"post-7278","1":"product","2":"type-product","3":"status-publish","4":"has-post-thumbnail","6":"product_cat-el-barco-de-vapor","7":"product_tag-amistad","8":"product_tag-conflictos-generacionales","9":"product_tag-dilema-moral","10":"product_tag-divorcio","11":"product_tag-enfermedad","12":"product_tag-escuelas","13":"product_tag-familia","14":"product_tag-hermanos","15":"product_tag-interculturalidad","16":"product_tag-literatura-de-aventuras","17":"product_tag-literatura-de-misterio","18":"product_tag-literatura-realista","19":"product_tag-ntx","20":"product_tag-relaciones-intergrupales","21":"pa_codigo-sap-ntx","22":"compania-editorial-cruilla-s-a-es","23":"idiomas-catalan","24":"genero-realismo","25":"linea-narrativa","26":"proyecto-editorial-barco-de-vapor","27":"tipo-de-libro-fisico","28":"soporte-libro","29":"autores-bartomeu-segui-i-nicolau","30":"autores-lluis-olivan-sibat","31":"colecciones-el-barco-de-vapor-naranja","33":"first","34":"instock","35":"taxable","36":"shipping-taxable","37":"purchasable","38":"product-type-simple"},"acf":{"id_catalogo":"650","shortTitle":"C-VVT.182 EL CASTELL DEL DOCTOR FRANCHIN","descripcion":"El Guillem i la seva colla d&#8217;amics, la Laia, el Manel i el Javier, decideixen entrar al castell del doctor Franchini, un casalot que hi ha als afores del poble on diuen que hi passen coses estranyes. A dins, per&#242;, en lloc d&#8217;un fantasma, el Guillem descobreix el Mamadou, un noi de Maurit&#224;nia que busca el seu germ&#224; petit, el Moussa, que fa dos anys que se&#8217;n va anar de casa els pares. El Guillem el vol ajudar, i entre tota la colla s&#8217;empesquen un pla per mirar de localitzar el Moussa.","adjuntos":[{"id":"11","titulo":"Quaderno de lectura","url":"https:\/\/catalogo.noe-sm.com\/medias\/ES173560-010572.pdf?context=bWFzdGVyfG1pZ3JhdGlvbnwzODY5MTh8YXBwbGljYXRpb24vcGRmfG1pZ3JhdGlvbi9oZGUvaDZkLzg4MTk0ODM2MDcwNzAucGRmfDk0ZGZjMTQ0ODQxNDA5ZWQ3MGNmNjljNWMxODE5NTg1ZThhYWMxMzc2NDJmN2UzNjIwYTExM2VkMDI5MDM3Y2E"},{"id":"20","titulo":"Ficha del alumno","url":"https:\/\/catalogo.noe-sm.com\/medias\/173560-recur-001-004-alu-savia.pdf?context=bWFzdGVyfHJvb3R8ODk4OTc0fGFwcGxpY2F0aW9uL3BkZnxoMDIvaDNmLzkwMzE1NjE2NzQ3ODIucGRmfGQyZWRmNmEwNGE3NzExMDkyZjU2NGVjNzkyNjlkODVhNzgwZTcwZWY1MDhjNjUyM2RhNzQzOTRlYWM4ZDk1NGY"},{"id":"21","titulo":"Ficha del profesor","url":"https:\/\/catalogo.noe-sm.com\/medias\/173560-recur-001-001-pro-savia.pdf?context=bWFzdGVyfHJvb3R8MTY4NDc5fGFwcGxpY2F0aW9uL3BkZnxoN2EvaDRmLzkwMzE1NjE3NDAzMTgucGRmfDRjMTE1ZTBiMzZhMDBjNTFmYWQxNWI4ZjhiNzAxOTFmN2U1OWRhMWI1NTdjNjM5ZDQ3ZTQzMjgxYWJiYTE4YWQ"}],"descriptivePhrases":[{"type":"General","text":"Novel\u00b7la cl\u00e0ssica de misteri i aventures de Llu\u00eds Oliv\u00e1n Sibat, guanyador de nombrosos premis de literatura infantil i juvenil, com el Premi Fiter i Rossell i el Premi Valldaura-Memorial Pere Calders, ambd\u00f3s el 2006."}],"productSap":"NTX","isbn":"9788466140171","precio_colegios":8.85,"precio_librerias":8.85,"precio_librerias_sin_cobertura":8.85,"precio_distribuidores":8.85,"fecha_disponibilidad":null,"fecha_comercial":"20160317","organizacion_venta":"CS01","datos_para_buscador":"Bartomeu Segu\u00ed i Nicolau, Llu\u00eds Oliv\u00e1n Sibat, El Barco de Vapor Naranja, "},"yoast_head":"<!-- This site is optimized with the Yoast SEO plugin v26.6 - https:\/\/yoast.com\/wordpress\/plugins\/seo\/ -->\n<title>El castell del doctor Franchini - Literatura SM Espa\u00f1a<\/title>\n<meta name=\"robots\" content=\"noindex, follow, max-snippet:-1, max-image-preview:large, max-video-preview:-1\" \/>\n<meta property=\"og:locale\" content=\"es_ES\" \/>\n<meta property=\"og:type\" content=\"article\" \/>\n<meta property=\"og:title\" content=\"El castell del doctor Franchini - Literatura SM Espa\u00f1a\" \/>\n<meta property=\"og:url\" content=\"https:\/\/lij.ismeduca.com\/es\/producto\/el-castell-del-doctor-franchini\/\" \/>\n<meta property=\"og:site_name\" content=\"Literatura SM Espa\u00f1a\" \/>\n<meta property=\"article:modified_time\" content=\"2025-12-23T11:40:30+00:00\" \/>\n<meta name=\"twitter:card\" content=\"summary_large_image\" \/>\n<script type=\"application\/ld+json\" class=\"yoast-schema-graph\">{\"@context\":\"https:\/\/schema.org\",\"@graph\":[{\"@type\":\"WebPage\",\"@id\":\"https:\/\/lij.ismeduca.com\/es\/producto\/el-castell-del-doctor-franchini\/\",\"url\":\"https:\/\/lij.ismeduca.com\/es\/producto\/el-castell-del-doctor-franchini\/\",\"name\":\"El castell del doctor Franchini - Literatura SM Espa\u00f1a\",\"isPartOf\":{\"@id\":\"https:\/\/lij.ismeduca.com\/es\/#website\"},\"primaryImageOfPage\":{\"@id\":\"https:\/\/lij.ismeduca.com\/es\/producto\/el-castell-del-doctor-franchini\/#primaryimage\"},\"image\":{\"@id\":\"https:\/\/lij.ismeduca.com\/es\/producto\/el-castell-del-doctor-franchini\/#primaryimage\"},\"thumbnailUrl\":\"https:\/\/lij.ismeduca.com\/es\/wp-content\/uploads\/sites\/10\/2025\/12\/7278.jpg\",\"datePublished\":\"2024-07-11T11:08:40+00:00\",\"dateModified\":\"2025-12-23T11:40:30+00:00\",\"breadcrumb\":{\"@id\":\"https:\/\/lij.ismeduca.com\/es\/producto\/el-castell-del-doctor-franchini\/#breadcrumb\"},\"inLanguage\":\"es\",\"potentialAction\":[{\"@type\":\"ReadAction\",\"target\":[\"https:\/\/lij.ismeduca.com\/es\/producto\/el-castell-del-doctor-franchini\/\"]}]},{\"@type\":\"ImageObject\",\"inLanguage\":\"es\",\"@id\":\"https:\/\/lij.ismeduca.com\/es\/producto\/el-castell-del-doctor-franchini\/#primaryimage\",\"url\":\"https:\/\/lij.ismeduca.com\/es\/wp-content\/uploads\/sites\/10\/2025\/12\/7278.jpg\",\"contentUrl\":\"https:\/\/lij.ismeduca.com\/es\/wp-content\/uploads\/sites\/10\/2025\/12\/7278.jpg\",\"width\":600,\"height\":964},{\"@type\":\"BreadcrumbList\",\"@id\":\"https:\/\/lij.ismeduca.com\/es\/producto\/el-castell-del-doctor-franchini\/#breadcrumb\",\"itemListElement\":[{\"@type\":\"ListItem\",\"position\":1,\"name\":\"Portada\",\"item\":\"https:\/\/lij.ismeduca.com\/es\/\"},{\"@type\":\"ListItem\",\"position\":2,\"name\":\"Tienda\",\"item\":\"https:\/\/lij.ismeduca.com\/es\/tienda\/\"},{\"@type\":\"ListItem\",\"position\":3,\"name\":\"El castell del doctor Franchini\"}]},{\"@type\":\"WebSite\",\"@id\":\"https:\/\/lij.ismeduca.com\/es\/#website\",\"url\":\"https:\/\/lij.ismeduca.com\/es\/\",\"name\":\"Literatura SM Espa\u00f1a\",\"description\":\"\",\"publisher\":{\"@id\":\"https:\/\/lij.ismeduca.com\/es\/#organization\"},\"potentialAction\":[{\"@type\":\"SearchAction\",\"target\":{\"@type\":\"EntryPoint\",\"urlTemplate\":\"https:\/\/lij.ismeduca.com\/es\/?s={search_term_string}\"},\"query-input\":{\"@type\":\"PropertyValueSpecification\",\"valueRequired\":true,\"valueName\":\"search_term_string\"}}],\"inLanguage\":\"es\"},{\"@type\":\"Organization\",\"@id\":\"https:\/\/lij.ismeduca.com\/es\/#organization\",\"name\":\"Literatura SM Espa\u00f1a\",\"url\":\"https:\/\/lij.ismeduca.com\/es\/\",\"logo\":{\"@type\":\"ImageObject\",\"inLanguage\":\"es\",\"@id\":\"https:\/\/lij.ismeduca.com\/es\/#\/schema\/logo\/image\/\",\"url\":\"https:\/\/lij.ismeduca.com\/es\/wp-content\/uploads\/sites\/10\/2024\/07\/logo-cabecera.png\",\"contentUrl\":\"https:\/\/lij.ismeduca.com\/es\/wp-content\/uploads\/sites\/10\/2024\/07\/logo-cabecera.png\",\"width\":396,\"height\":64,\"caption\":\"Literatura SM Espa\u00f1a\"},\"image\":{\"@id\":\"https:\/\/lij.ismeduca.com\/es\/#\/schema\/logo\/image\/\"}}]}<\/script>\n<!-- \/ Yoast SEO plugin. -->","yoast_head_json":{"title":"El castell del doctor Franchini - Literatura SM Espa\u00f1a","robots":{"index":"noindex","follow":"follow","max-snippet":"max-snippet:-1","max-image-preview":"max-image-preview:large","max-video-preview":"max-video-preview:-1"},"og_locale":"es_ES","og_type":"article","og_title":"El castell del doctor Franchini - Literatura SM Espa\u00f1a","og_url":"https:\/\/lij.ismeduca.com\/es\/producto\/el-castell-del-doctor-franchini\/","og_site_name":"Literatura SM Espa\u00f1a","article_modified_time":"2025-12-23T11:40:30+00:00","twitter_card":"summary_large_image","schema":{"@context":"https:\/\/schema.org","@graph":[{"@type":"WebPage","@id":"https:\/\/lij.ismeduca.com\/es\/producto\/el-castell-del-doctor-franchini\/","url":"https:\/\/lij.ismeduca.com\/es\/producto\/el-castell-del-doctor-franchini\/","name":"El castell del doctor Franchini - Literatura SM Espa\u00f1a","isPartOf":{"@id":"https:\/\/lij.ismeduca.com\/es\/#website"},"primaryImageOfPage":{"@id":"https:\/\/lij.ismeduca.com\/es\/producto\/el-castell-del-doctor-franchini\/#primaryimage"},"image":{"@id":"https:\/\/lij.ismeduca.com\/es\/producto\/el-castell-del-doctor-franchini\/#primaryimage"},"thumbnailUrl":"https:\/\/lij.ismeduca.com\/es\/wp-content\/uploads\/sites\/10\/2025\/12\/7278.jpg","datePublished":"2024-07-11T11:08:40+00:00","dateModified":"2025-12-23T11:40:30+00:00","breadcrumb":{"@id":"https:\/\/lij.ismeduca.com\/es\/producto\/el-castell-del-doctor-franchini\/#breadcrumb"},"inLanguage":"es","potentialAction":[{"@type":"ReadAction","target":["https:\/\/lij.ismeduca.com\/es\/producto\/el-castell-del-doctor-franchini\/"]}]},{"@type":"ImageObject","inLanguage":"es","@id":"https:\/\/lij.ismeduca.com\/es\/producto\/el-castell-del-doctor-franchini\/#primaryimage","url":"https:\/\/lij.ismeduca.com\/es\/wp-content\/uploads\/sites\/10\/2025\/12\/7278.jpg","contentUrl":"https:\/\/lij.ismeduca.com\/es\/wp-content\/uploads\/sites\/10\/2025\/12\/7278.jpg","width":600,"height":964},{"@type":"BreadcrumbList","@id":"https:\/\/lij.ismeduca.com\/es\/producto\/el-castell-del-doctor-franchini\/#breadcrumb","itemListElement":[{"@type":"ListItem","position":1,"name":"Portada","item":"https:\/\/lij.ismeduca.com\/es\/"},{"@type":"ListItem","position":2,"name":"Tienda","item":"https:\/\/lij.ismeduca.com\/es\/tienda\/"},{"@type":"ListItem","position":3,"name":"El castell del doctor Franchini"}]},{"@type":"WebSite","@id":"https:\/\/lij.ismeduca.com\/es\/#website","url":"https:\/\/lij.ismeduca.com\/es\/","name":"Literatura SM Espa\u00f1a","description":"","publisher":{"@id":"https:\/\/lij.ismeduca.com\/es\/#organization"},"potentialAction":[{"@type":"SearchAction","target":{"@type":"EntryPoint","urlTemplate":"https:\/\/lij.ismeduca.com\/es\/?s={search_term_string}"},"query-input":{"@type":"PropertyValueSpecification","valueRequired":true,"valueName":"search_term_string"}}],"inLanguage":"es"},{"@type":"Organization","@id":"https:\/\/lij.ismeduca.com\/es\/#organization","name":"Literatura SM Espa\u00f1a","url":"https:\/\/lij.ismeduca.com\/es\/","logo":{"@type":"ImageObject","inLanguage":"es","@id":"https:\/\/lij.ismeduca.com\/es\/#\/schema\/logo\/image\/","url":"https:\/\/lij.ismeduca.com\/es\/wp-content\/uploads\/sites\/10\/2024\/07\/logo-cabecera.png","contentUrl":"https:\/\/lij.ismeduca.com\/es\/wp-content\/uploads\/sites\/10\/2024\/07\/logo-cabecera.png","width":396,"height":64,"caption":"Literatura SM Espa\u00f1a"},"image":{"@id":"https:\/\/lij.ismeduca.com\/es\/#\/schema\/logo\/image\/"}}]}},"_links":{"self":[{"href":"https:\/\/lij.ismeduca.com\/es\/wp-json\/wp\/v2\/product\/7278","targetHints":{"allow":["GET"]}}],"collection":[{"href":"https:\/\/lij.ismeduca.com\/es\/wp-json\/wp\/v2\/product"}],"about":[{"href":"https:\/\/lij.ismeduca.com\/es\/wp-json\/wp\/v2\/types\/product"}],"version-history":[{"count":1,"href":"https:\/\/lij.ismeduca.com\/es\/wp-json\/wp\/v2\/product\/7278\/revisions"}],"predecessor-version":[{"id":33999,"href":"https:\/\/lij.ismeduca.com\/es\/wp-json\/wp\/v2\/product\/7278\/revisions\/33999"}],"wp:featuredmedia":[{"embeddable":true,"href":"https:\/\/lij.ismeduca.com\/es\/wp-json\/wp\/v2\/media\/37344"}],"wp:attachment":[{"href":"https:\/\/lij.ismeduca.com\/es\/wp-json\/wp\/v2\/media?parent=7278"}],"wp:term":[{"taxonomy":"product_brand","embeddable":true,"href":"https:\/\/lij.ismeduca.com\/es\/wp-json\/wp\/v2\/product_brand?post=7278"},{"taxonomy":"product_cat","embeddable":true,"href":"https:\/\/lij.ismeduca.com\/es\/wp-json\/wp\/v2\/product_cat?post=7278"},{"taxonomy":"product_tag","embeddable":true,"href":"https:\/\/lij.ismeduca.com\/es\/wp-json\/wp\/v2\/product_tag?post=7278"},{"taxonomy":"asignatura","embeddable":true,"href":"https:\/\/lij.ismeduca.com\/es\/wp-json\/wp\/v2\/asignatura?post=7278"},{"taxonomy":"compania","embeddable":true,"href":"https:\/\/lij.ismeduca.com\/es\/wp-json\/wp\/v2\/compania?post=7278"},{"taxonomy":"curso","embeddable":true,"href":"https:\/\/lij.ismeduca.com\/es\/wp-json\/wp\/v2\/curso?post=7278"},{"taxonomy":"idiomas","embeddable":true,"href":"https:\/\/lij.ismeduca.com\/es\/wp-json\/wp\/v2\/idiomas?post=7278"},{"taxonomy":"genero","embeddable":true,"href":"https:\/\/lij.ismeduca.com\/es\/wp-json\/wp\/v2\/genero?post=7278"},{"taxonomy":"linea","embeddable":true,"href":"https:\/\/lij.ismeduca.com\/es\/wp-json\/wp\/v2\/linea?post=7278"},{"taxonomy":"premio","embeddable":true,"href":"https:\/\/lij.ismeduca.com\/es\/wp-json\/wp\/v2\/premio?post=7278"},{"taxonomy":"proyecto-editorial","embeddable":true,"href":"https:\/\/lij.ismeduca.com\/es\/wp-json\/wp\/v2\/proyecto-editorial?post=7278"},{"taxonomy":"tipo-de-libro","embeddable":true,"href":"https:\/\/lij.ismeduca.com\/es\/wp-json\/wp\/v2\/tipo-de-libro?post=7278"},{"taxonomy":"soporte","embeddable":true,"href":"https:\/\/lij.ismeduca.com\/es\/wp-json\/wp\/v2\/soporte?post=7278"},{"taxonomy":"zona-geografica","embeddable":true,"href":"https:\/\/lij.ismeduca.com\/es\/wp-json\/wp\/v2\/zona-geografica?post=7278"},{"taxonomy":"autores","embeddable":true,"href":"https:\/\/lij.ismeduca.com\/es\/wp-json\/wp\/v2\/autores?post=7278"},{"taxonomy":"colecciones","embeddable":true,"href":"https:\/\/lij.ismeduca.com\/es\/wp-json\/wp\/v2\/colecciones?post=7278"},{"taxonomy":"personajes","embeddable":true,"href":"https:\/\/lij.ismeduca.com\/es\/wp-json\/wp\/v2\/personajes?post=7278"}],"curies":[{"name":"wp","href":"https:\/\/api.w.org\/{rel}","templated":true}]}}