{"id":7281,"date":"2016-03-17T00:00:00","date_gmt":"2024-07-11T11:08:42","guid":{"rendered":"https:\/\/lij.ismeduca.com\/tienda\/?post_type=product&#038;p=7281"},"modified":"2025-12-23T12:40:35","modified_gmt":"2025-12-23T11:40:35","slug":"la-muntanya-de-les-tres-coves","status":"publish","type":"product","link":"https:\/\/lij.ismeduca.com\/es\/producto\/la-muntanya-de-les-tres-coves\/","title":{"rendered":"La Muntanya de les Tres Coves"},"content":{"rendered":"","protected":false},"excerpt":{"rendered":"<p>La Mina s\u2019ho passa molt b\u00e9 amb el seu avi, perqu\u00e8 diu ximpleries i explica acudits de tifes i pets. Per aix\u00f2, quan l\u2019avi proposa d\u2019anar a la Muntanya de les Tres Coves d\u2019amagat dels pares, la Mina i els seus cosins de seguida s\u2019hi apunten. Per\u00f2 quan gaireb\u00e9 s\u00f3n al cim, l\u2019aventura secreta \u00e9s a punt de transformar-se en drama.<\/p>\n","protected":false},"featured_media":37341,"template":"","meta":{"_acf_changed":false,"inline_featured_image":false},"product_brand":[],"product_cat":[4736],"product_tag":[311,297,666,2058,400,1133,321],"asignatura":[],"compania":[258],"curso":[],"idiomas":[1951],"genero":[314],"linea":[250],"premio":[],"proyecto-editorial":[477],"tipo-de-libro":[249],"soporte":[2004],"zona-geografica":[],"autores":[2918,2917,2919],"colecciones":[2307],"personajes":[],"class_list":{"0":"post-7281","1":"product","2":"type-product","3":"status-publish","4":"has-post-thumbnail","6":"product_cat-el-barco-de-vapor","7":"product_tag-familia","8":"product_tag-literatura-de-aventuras","9":"product_tag-montanas","10":"product_tag-ntx","11":"product_tag-plan-lector","12":"product_tag-resolucion-de-conflictos","13":"product_tag-superacion-de-dificultades","14":"pa_codigo-sap-ntx","15":"compania-editorial-cruilla-s-a-es","16":"idiomas-catalan","17":"genero-aventura","18":"linea-narrativa","19":"proyecto-editorial-barco-de-vapor","20":"tipo-de-libro-fisico","21":"soporte-libro","22":"autores-carolina-moreno-tena","23":"autores-per-olov-enquist","24":"autores-stine-wirsen","25":"colecciones-el-barco-de-vapor-naranja","27":"first","28":"instock","29":"taxable","30":"shipping-taxable","31":"purchasable","32":"product-type-simple"},"acf":{"id_catalogo":"650","shortTitle":"C-VVT.155 LA MUNTANYA DE LES TRES COVES","descripcion":"La Mina s\u2019ho passa molt b\u00e9 amb el seu avi, perqu\u00e8 diu ximpleries i explica acudits de tifes i pets. Per aix\u00f2, quan l\u2019avi proposa d\u2019anar a la Muntanya de les Tres Coves d\u2019amagat dels pares, la Mina i els seus cosins de seguida s\u2019hi apunten. Per\u00f2 quan gaireb\u00e9 s\u00f3n al cim, l\u2019aventura secreta \u00e9s a punt de transformar-se en drama.","adjuntos":[{"id":"11","titulo":"Quaderno de lectura","url":"https:\/\/catalogo.noe-sm.com\/medias\/ES173570-010570.pdf?context=bWFzdGVyfG1pZ3JhdGlvbnwzMjM5OTd8YXBwbGljYXRpb24vcGRmfG1pZ3JhdGlvbi9oYTAvaDRlLzg4MTk0NDYwODc3MTAucGRmfGNmZWQxZmZjYTk3MGJkZDNhNmE0M2YyZjAzMGJhZGMxY2EwODc3ZjVmMDI0OTcxYmFjMDllYzk2MTYwNTk2Yzc"},{"id":"4","titulo":"Primer cap\u00edtulo \/ Unidad Modelo","url":"https:\/\/catalogo.noe-sm.com\/medias\/ES173570-011426.pdf?context=bWFzdGVyfG1pZ3JhdGlvbnwzNTI4OTJ8YXBwbGljYXRpb24vcGRmfG1pZ3JhdGlvbi9oOWMvaDk5Lzg4MTkzMjc1OTg2MjIucGRmfGU2NGQ2NjM1MmU4ZWFiYjQzN2FmNGVlZWEyYTQwMDBhN2E4YmI4ZWQzYWI4YmQyNWI3ZWUwZjkyMDlmNjYwMjE"},{"id":"21","titulo":"Ficha del profesor","url":"https:\/\/catalogo.noe-sm.com\/medias\/173570-la-muntanya-de-les-tres-coves-profe.pdf?context=bWFzdGVyfHJvb3R8MTE5NDgxMXxhcHBsaWNhdGlvbi9wZGZ8aGIxL2g5My84OTM0NzQ0OTgxNTM0LnBkZnxjYzU2ZGVmNGExOGNiNWFlM2U1ZGFjNjM1NmNhMjBhYmU0YjBiYTgyZTY2Mzc4NTk2ZjNhY2I5ODVkYzFlMGFh"}],"descriptivePhrases":[{"type":"General","text":"Una hist\u00f2ria d'aventures d'estil cl\u00e0ssic que es llegeix com un conte. Aquesta obra fou el debut d'Olov Enquist en la literatura juvenil, i pel qual va rebre el premi alemany Luchs a la millor novel\u00b7la per a joves."}],"productSap":"NTX","isbn":"9788466140270","precio_colegios":8.85,"precio_librerias":8.85,"precio_librerias_sin_cobertura":8.85,"precio_distribuidores":8.85,"fecha_disponibilidad":null,"fecha_comercial":"20160317","organizacion_venta":"CS01","datos_para_buscador":"Carolina Moreno Tena, Stine Wirs\u00e9n, Per Olov Enquist, El Barco de Vapor Naranja, "},"yoast_head":"<!-- This site is optimized with the Yoast SEO plugin v26.6 - https:\/\/yoast.com\/wordpress\/plugins\/seo\/ -->\n<title>La Muntanya de les Tres Coves - Literatura SM Espa\u00f1a<\/title>\n<meta name=\"robots\" content=\"noindex, follow, max-snippet:-1, max-image-preview:large, max-video-preview:-1\" \/>\n<meta property=\"og:locale\" content=\"es_ES\" \/>\n<meta property=\"og:type\" content=\"article\" \/>\n<meta property=\"og:title\" content=\"La Muntanya de les Tres Coves - Literatura SM Espa\u00f1a\" \/>\n<meta property=\"og:url\" content=\"https:\/\/lij.ismeduca.com\/es\/producto\/la-muntanya-de-les-tres-coves\/\" \/>\n<meta property=\"og:site_name\" content=\"Literatura SM Espa\u00f1a\" \/>\n<meta property=\"article:modified_time\" content=\"2025-12-23T11:40:35+00:00\" \/>\n<meta name=\"twitter:card\" content=\"summary_large_image\" \/>\n<script type=\"application\/ld+json\" class=\"yoast-schema-graph\">{\"@context\":\"https:\/\/schema.org\",\"@graph\":[{\"@type\":\"WebPage\",\"@id\":\"https:\/\/lij.ismeduca.com\/es\/producto\/la-muntanya-de-les-tres-coves\/\",\"url\":\"https:\/\/lij.ismeduca.com\/es\/producto\/la-muntanya-de-les-tres-coves\/\",\"name\":\"La Muntanya de les Tres Coves - Literatura SM Espa\u00f1a\",\"isPartOf\":{\"@id\":\"https:\/\/lij.ismeduca.com\/es\/#website\"},\"primaryImageOfPage\":{\"@id\":\"https:\/\/lij.ismeduca.com\/es\/producto\/la-muntanya-de-les-tres-coves\/#primaryimage\"},\"image\":{\"@id\":\"https:\/\/lij.ismeduca.com\/es\/producto\/la-muntanya-de-les-tres-coves\/#primaryimage\"},\"thumbnailUrl\":\"https:\/\/lij.ismeduca.com\/es\/wp-content\/uploads\/sites\/10\/2025\/12\/7281.jpg\",\"datePublished\":\"2024-07-11T11:08:42+00:00\",\"dateModified\":\"2025-12-23T11:40:35+00:00\",\"breadcrumb\":{\"@id\":\"https:\/\/lij.ismeduca.com\/es\/producto\/la-muntanya-de-les-tres-coves\/#breadcrumb\"},\"inLanguage\":\"es\",\"potentialAction\":[{\"@type\":\"ReadAction\",\"target\":[\"https:\/\/lij.ismeduca.com\/es\/producto\/la-muntanya-de-les-tres-coves\/\"]}]},{\"@type\":\"ImageObject\",\"inLanguage\":\"es\",\"@id\":\"https:\/\/lij.ismeduca.com\/es\/producto\/la-muntanya-de-les-tres-coves\/#primaryimage\",\"url\":\"https:\/\/lij.ismeduca.com\/es\/wp-content\/uploads\/sites\/10\/2025\/12\/7281.jpg\",\"contentUrl\":\"https:\/\/lij.ismeduca.com\/es\/wp-content\/uploads\/sites\/10\/2025\/12\/7281.jpg\",\"width\":600,\"height\":956},{\"@type\":\"BreadcrumbList\",\"@id\":\"https:\/\/lij.ismeduca.com\/es\/producto\/la-muntanya-de-les-tres-coves\/#breadcrumb\",\"itemListElement\":[{\"@type\":\"ListItem\",\"position\":1,\"name\":\"Portada\",\"item\":\"https:\/\/lij.ismeduca.com\/es\/\"},{\"@type\":\"ListItem\",\"position\":2,\"name\":\"Tienda\",\"item\":\"https:\/\/lij.ismeduca.com\/es\/tienda\/\"},{\"@type\":\"ListItem\",\"position\":3,\"name\":\"La Muntanya de les Tres Coves\"}]},{\"@type\":\"WebSite\",\"@id\":\"https:\/\/lij.ismeduca.com\/es\/#website\",\"url\":\"https:\/\/lij.ismeduca.com\/es\/\",\"name\":\"Literatura SM Espa\u00f1a\",\"description\":\"\",\"publisher\":{\"@id\":\"https:\/\/lij.ismeduca.com\/es\/#organization\"},\"potentialAction\":[{\"@type\":\"SearchAction\",\"target\":{\"@type\":\"EntryPoint\",\"urlTemplate\":\"https:\/\/lij.ismeduca.com\/es\/?s={search_term_string}\"},\"query-input\":{\"@type\":\"PropertyValueSpecification\",\"valueRequired\":true,\"valueName\":\"search_term_string\"}}],\"inLanguage\":\"es\"},{\"@type\":\"Organization\",\"@id\":\"https:\/\/lij.ismeduca.com\/es\/#organization\",\"name\":\"Literatura SM Espa\u00f1a\",\"url\":\"https:\/\/lij.ismeduca.com\/es\/\",\"logo\":{\"@type\":\"ImageObject\",\"inLanguage\":\"es\",\"@id\":\"https:\/\/lij.ismeduca.com\/es\/#\/schema\/logo\/image\/\",\"url\":\"https:\/\/lij.ismeduca.com\/es\/wp-content\/uploads\/sites\/10\/2024\/07\/logo-cabecera.png\",\"contentUrl\":\"https:\/\/lij.ismeduca.com\/es\/wp-content\/uploads\/sites\/10\/2024\/07\/logo-cabecera.png\",\"width\":396,\"height\":64,\"caption\":\"Literatura SM Espa\u00f1a\"},\"image\":{\"@id\":\"https:\/\/lij.ismeduca.com\/es\/#\/schema\/logo\/image\/\"}}]}<\/script>\n<!-- \/ Yoast SEO plugin. -->","yoast_head_json":{"title":"La Muntanya de les Tres Coves - Literatura SM Espa\u00f1a","robots":{"index":"noindex","follow":"follow","max-snippet":"max-snippet:-1","max-image-preview":"max-image-preview:large","max-video-preview":"max-video-preview:-1"},"og_locale":"es_ES","og_type":"article","og_title":"La Muntanya de les Tres Coves - Literatura SM Espa\u00f1a","og_url":"https:\/\/lij.ismeduca.com\/es\/producto\/la-muntanya-de-les-tres-coves\/","og_site_name":"Literatura SM Espa\u00f1a","article_modified_time":"2025-12-23T11:40:35+00:00","twitter_card":"summary_large_image","schema":{"@context":"https:\/\/schema.org","@graph":[{"@type":"WebPage","@id":"https:\/\/lij.ismeduca.com\/es\/producto\/la-muntanya-de-les-tres-coves\/","url":"https:\/\/lij.ismeduca.com\/es\/producto\/la-muntanya-de-les-tres-coves\/","name":"La Muntanya de les Tres Coves - Literatura SM Espa\u00f1a","isPartOf":{"@id":"https:\/\/lij.ismeduca.com\/es\/#website"},"primaryImageOfPage":{"@id":"https:\/\/lij.ismeduca.com\/es\/producto\/la-muntanya-de-les-tres-coves\/#primaryimage"},"image":{"@id":"https:\/\/lij.ismeduca.com\/es\/producto\/la-muntanya-de-les-tres-coves\/#primaryimage"},"thumbnailUrl":"https:\/\/lij.ismeduca.com\/es\/wp-content\/uploads\/sites\/10\/2025\/12\/7281.jpg","datePublished":"2024-07-11T11:08:42+00:00","dateModified":"2025-12-23T11:40:35+00:00","breadcrumb":{"@id":"https:\/\/lij.ismeduca.com\/es\/producto\/la-muntanya-de-les-tres-coves\/#breadcrumb"},"inLanguage":"es","potentialAction":[{"@type":"ReadAction","target":["https:\/\/lij.ismeduca.com\/es\/producto\/la-muntanya-de-les-tres-coves\/"]}]},{"@type":"ImageObject","inLanguage":"es","@id":"https:\/\/lij.ismeduca.com\/es\/producto\/la-muntanya-de-les-tres-coves\/#primaryimage","url":"https:\/\/lij.ismeduca.com\/es\/wp-content\/uploads\/sites\/10\/2025\/12\/7281.jpg","contentUrl":"https:\/\/lij.ismeduca.com\/es\/wp-content\/uploads\/sites\/10\/2025\/12\/7281.jpg","width":600,"height":956},{"@type":"BreadcrumbList","@id":"https:\/\/lij.ismeduca.com\/es\/producto\/la-muntanya-de-les-tres-coves\/#breadcrumb","itemListElement":[{"@type":"ListItem","position":1,"name":"Portada","item":"https:\/\/lij.ismeduca.com\/es\/"},{"@type":"ListItem","position":2,"name":"Tienda","item":"https:\/\/lij.ismeduca.com\/es\/tienda\/"},{"@type":"ListItem","position":3,"name":"La Muntanya de les Tres Coves"}]},{"@type":"WebSite","@id":"https:\/\/lij.ismeduca.com\/es\/#website","url":"https:\/\/lij.ismeduca.com\/es\/","name":"Literatura SM Espa\u00f1a","description":"","publisher":{"@id":"https:\/\/lij.ismeduca.com\/es\/#organization"},"potentialAction":[{"@type":"SearchAction","target":{"@type":"EntryPoint","urlTemplate":"https:\/\/lij.ismeduca.com\/es\/?s={search_term_string}"},"query-input":{"@type":"PropertyValueSpecification","valueRequired":true,"valueName":"search_term_string"}}],"inLanguage":"es"},{"@type":"Organization","@id":"https:\/\/lij.ismeduca.com\/es\/#organization","name":"Literatura SM Espa\u00f1a","url":"https:\/\/lij.ismeduca.com\/es\/","logo":{"@type":"ImageObject","inLanguage":"es","@id":"https:\/\/lij.ismeduca.com\/es\/#\/schema\/logo\/image\/","url":"https:\/\/lij.ismeduca.com\/es\/wp-content\/uploads\/sites\/10\/2024\/07\/logo-cabecera.png","contentUrl":"https:\/\/lij.ismeduca.com\/es\/wp-content\/uploads\/sites\/10\/2024\/07\/logo-cabecera.png","width":396,"height":64,"caption":"Literatura SM Espa\u00f1a"},"image":{"@id":"https:\/\/lij.ismeduca.com\/es\/#\/schema\/logo\/image\/"}}]}},"_links":{"self":[{"href":"https:\/\/lij.ismeduca.com\/es\/wp-json\/wp\/v2\/product\/7281","targetHints":{"allow":["GET"]}}],"collection":[{"href":"https:\/\/lij.ismeduca.com\/es\/wp-json\/wp\/v2\/product"}],"about":[{"href":"https:\/\/lij.ismeduca.com\/es\/wp-json\/wp\/v2\/types\/product"}],"version-history":[{"count":1,"href":"https:\/\/lij.ismeduca.com\/es\/wp-json\/wp\/v2\/product\/7281\/revisions"}],"predecessor-version":[{"id":37342,"href":"https:\/\/lij.ismeduca.com\/es\/wp-json\/wp\/v2\/product\/7281\/revisions\/37342"}],"wp:featuredmedia":[{"embeddable":true,"href":"https:\/\/lij.ismeduca.com\/es\/wp-json\/wp\/v2\/media\/37341"}],"wp:attachment":[{"href":"https:\/\/lij.ismeduca.com\/es\/wp-json\/wp\/v2\/media?parent=7281"}],"wp:term":[{"taxonomy":"product_brand","embeddable":true,"href":"https:\/\/lij.ismeduca.com\/es\/wp-json\/wp\/v2\/product_brand?post=7281"},{"taxonomy":"product_cat","embeddable":true,"href":"https:\/\/lij.ismeduca.com\/es\/wp-json\/wp\/v2\/product_cat?post=7281"},{"taxonomy":"product_tag","embeddable":true,"href":"https:\/\/lij.ismeduca.com\/es\/wp-json\/wp\/v2\/product_tag?post=7281"},{"taxonomy":"asignatura","embeddable":true,"href":"https:\/\/lij.ismeduca.com\/es\/wp-json\/wp\/v2\/asignatura?post=7281"},{"taxonomy":"compania","embeddable":true,"href":"https:\/\/lij.ismeduca.com\/es\/wp-json\/wp\/v2\/compania?post=7281"},{"taxonomy":"curso","embeddable":true,"href":"https:\/\/lij.ismeduca.com\/es\/wp-json\/wp\/v2\/curso?post=7281"},{"taxonomy":"idiomas","embeddable":true,"href":"https:\/\/lij.ismeduca.com\/es\/wp-json\/wp\/v2\/idiomas?post=7281"},{"taxonomy":"genero","embeddable":true,"href":"https:\/\/lij.ismeduca.com\/es\/wp-json\/wp\/v2\/genero?post=7281"},{"taxonomy":"linea","embeddable":true,"href":"https:\/\/lij.ismeduca.com\/es\/wp-json\/wp\/v2\/linea?post=7281"},{"taxonomy":"premio","embeddable":true,"href":"https:\/\/lij.ismeduca.com\/es\/wp-json\/wp\/v2\/premio?post=7281"},{"taxonomy":"proyecto-editorial","embeddable":true,"href":"https:\/\/lij.ismeduca.com\/es\/wp-json\/wp\/v2\/proyecto-editorial?post=7281"},{"taxonomy":"tipo-de-libro","embeddable":true,"href":"https:\/\/lij.ismeduca.com\/es\/wp-json\/wp\/v2\/tipo-de-libro?post=7281"},{"taxonomy":"soporte","embeddable":true,"href":"https:\/\/lij.ismeduca.com\/es\/wp-json\/wp\/v2\/soporte?post=7281"},{"taxonomy":"zona-geografica","embeddable":true,"href":"https:\/\/lij.ismeduca.com\/es\/wp-json\/wp\/v2\/zona-geografica?post=7281"},{"taxonomy":"autores","embeddable":true,"href":"https:\/\/lij.ismeduca.com\/es\/wp-json\/wp\/v2\/autores?post=7281"},{"taxonomy":"colecciones","embeddable":true,"href":"https:\/\/lij.ismeduca.com\/es\/wp-json\/wp\/v2\/colecciones?post=7281"},{"taxonomy":"personajes","embeddable":true,"href":"https:\/\/lij.ismeduca.com\/es\/wp-json\/wp\/v2\/personajes?post=7281"}],"curies":[{"name":"wp","href":"https:\/\/api.w.org\/{rel}","templated":true}]}}