{"id":7286,"date":"2016-03-17T00:00:00","date_gmt":"2024-07-11T11:08:44","guid":{"rendered":"https:\/\/lij.ismeduca.com\/tienda\/?post_type=product&#038;p=7286"},"modified":"2025-12-23T12:40:32","modified_gmt":"2025-12-23T11:40:32","slug":"el-meu-carrer","status":"publish","type":"product","link":"https:\/\/lij.ismeduca.com\/es\/producto\/el-meu-carrer\/","title":{"rendered":"El meu carrer"},"content":{"rendered":"","protected":false},"excerpt":{"rendered":"<p>La M\u00f2nica i en Luka s\u00f3n companys de classe. Uns companys que pr\u00e0cticament no es parlen. El fet de viure al mateix carrer, per\u00f2, els obligar\u00e0 a fer un treball plegats. A poc a poc la relaci\u00f3 entre ells canviar\u00e0 i els portar\u00e0 molt lluny, des de quedar tancats en un refugi de la guerra civil fins a descobrir la identitat d\u2019un esquelet que s\u2019ha trobat fent unes obres al seu carrer.<\/p>\n","protected":false},"featured_media":37349,"template":"","meta":{"_acf_changed":false,"inline_featured_image":false},"product_brand":[],"product_cat":[4736],"product_tag":[268,298,2058,538,919],"asignatura":[],"compania":[258],"curso":[],"idiomas":[1951],"genero":[308],"linea":[250],"premio":[],"proyecto-editorial":[477],"tipo-de-libro":[249],"soporte":[2004],"zona-geografica":[],"autores":[4597,2916],"colecciones":[2307],"personajes":[],"class_list":{"0":"post-7286","1":"product","2":"type-product","3":"status-publish","4":"has-post-thumbnail","6":"product_cat-el-barco-de-vapor","7":"product_tag-amistad","8":"product_tag-literatura-infantil","9":"product_tag-ntx","10":"product_tag-paz","11":"product_tag-premios-literarios","12":"pa_codigo-sap-ntx","13":"compania-editorial-cruilla-s-a-es","14":"idiomas-catalan","15":"genero-realismo","16":"linea-narrativa","17":"proyecto-editorial-barco-de-vapor","18":"tipo-de-libro-fisico","19":"soporte-libro","20":"autores-angels-ruiz-aguado","21":"autores-bernat-romani","22":"colecciones-el-barco-de-vapor-naranja","24":"first","25":"instock","26":"taxable","27":"shipping-taxable","28":"purchasable","29":"product-type-simple"},"acf":{"id_catalogo":"650","shortTitle":"C-VVT.166 EL MEU CARRER","descripcion":"La M\u00f2nica i en Luka s\u00f3n companys de classe. Uns companys que pr\u00e0cticament no es parlen. El fet de viure al mateix carrer, per\u00f2, els obligar\u00e0 a fer un treball plegats. A poc a poc la relaci\u00f3 entre ells canviar\u00e0 i els portar\u00e0 molt lluny, des de quedar tancats en un refugi de la guerra civil fins a descobrir la identitat d\u2019un esquelet que s\u2019ha trobat fent unes obres al seu carrer.","adjuntos":[{"id":"11","titulo":"Quaderno de lectura","url":"https:\/\/catalogo.noe-sm.com\/medias\/ES173564-010571.pdf?context=bWFzdGVyfG1pZ3JhdGlvbnwzMzg5ODR8YXBwbGljYXRpb24vcGRmfG1pZ3JhdGlvbi9oNTEvaDAxLzg4MTk0NDQ2NDU5MTgucGRmfGY2YTM1MDkwZTU0MWVjYjU5NTVmNWQyMDIxNzI1ZTQxNThiMDNmMmI5OTBmMDIwODE1ZTdmZjhhOGZhN2JmOWI"},{"id":"4","titulo":"Primer cap\u00edtulo \/ Unidad Modelo","url":"https:\/\/catalogo.noe-sm.com\/medias\/ES173564-011428.pdf?context=bWFzdGVyfG1pZ3JhdGlvbnw0NDgyNDR8YXBwbGljYXRpb24vcGRmfG1pZ3JhdGlvbi9oNTMvaDY5Lzg4MTk0OTg3Nzg2NTQucGRmfDVmYWZiYmQ3NmM1MmY0M2JkMDViZGY5MDg0MDNhZmU5ZWNmYTEzMWYwY2QzOWRhY2IxMzI2MmNiOTMxODkwNjE"},{"id":"12","titulo":"Web","url":""},{"id":"21","titulo":"Ficha del profesor","url":"https:\/\/catalogo.noe-sm.com\/medias\/173564-el-meu-carrer-profe.pdf?context=bWFzdGVyfHJvb3R8MTE1MjM0NHxhcHBsaWNhdGlvbi9wZGZ8aDZmL2g1ZS84OTM0NzQ1MDQ3MDcwLnBkZnxhNzc2NDQzOTkxNzBlN2EwMTZjNzZiMmY3NDU4YWJlMzQ1NmQ0ZThjOGRhZmVkNzU2NmE3N2MyM2I2NzFmMGYy"}],"descriptivePhrases":[{"type":"General","text":"Hist\u00f2ria realista d'amistat i formaci\u00f3 de la personalitat juvenil. Bernat Roman\u00ed va guanyar el premi Gran Angular 2004 amb l'obra 'Els colors de la mem\u00f2ria'."}],"productSap":"NTX","isbn":"9788466140218","precio_colegios":8.85,"precio_librerias":8.85,"precio_librerias_sin_cobertura":8.85,"precio_distribuidores":8.85,"fecha_disponibilidad":null,"fecha_comercial":"20160317","organizacion_venta":"CS01","datos_para_buscador":"\u00c0ngels Ruiz Aguado, Bernat Roman\u00ed, El Barco de Vapor Naranja, "},"yoast_head":"<!-- This site is optimized with the Yoast SEO plugin v26.6 - https:\/\/yoast.com\/wordpress\/plugins\/seo\/ -->\n<title>El meu carrer - Literatura SM Espa\u00f1a<\/title>\n<meta name=\"robots\" content=\"noindex, follow, max-snippet:-1, max-image-preview:large, max-video-preview:-1\" \/>\n<meta property=\"og:locale\" content=\"es_ES\" \/>\n<meta property=\"og:type\" content=\"article\" \/>\n<meta property=\"og:title\" content=\"El meu carrer - Literatura SM Espa\u00f1a\" \/>\n<meta property=\"og:url\" content=\"https:\/\/lij.ismeduca.com\/es\/producto\/el-meu-carrer\/\" \/>\n<meta property=\"og:site_name\" content=\"Literatura SM Espa\u00f1a\" \/>\n<meta property=\"article:modified_time\" content=\"2025-12-23T11:40:32+00:00\" \/>\n<meta name=\"twitter:card\" content=\"summary_large_image\" \/>\n<script type=\"application\/ld+json\" class=\"yoast-schema-graph\">{\"@context\":\"https:\/\/schema.org\",\"@graph\":[{\"@type\":\"WebPage\",\"@id\":\"https:\/\/lij.ismeduca.com\/es\/producto\/el-meu-carrer\/\",\"url\":\"https:\/\/lij.ismeduca.com\/es\/producto\/el-meu-carrer\/\",\"name\":\"El meu carrer - Literatura SM Espa\u00f1a\",\"isPartOf\":{\"@id\":\"https:\/\/lij.ismeduca.com\/es\/#website\"},\"primaryImageOfPage\":{\"@id\":\"https:\/\/lij.ismeduca.com\/es\/producto\/el-meu-carrer\/#primaryimage\"},\"image\":{\"@id\":\"https:\/\/lij.ismeduca.com\/es\/producto\/el-meu-carrer\/#primaryimage\"},\"thumbnailUrl\":\"https:\/\/lij.ismeduca.com\/es\/wp-content\/uploads\/sites\/10\/2025\/12\/7286.jpg\",\"datePublished\":\"2024-07-11T11:08:44+00:00\",\"dateModified\":\"2025-12-23T11:40:32+00:00\",\"breadcrumb\":{\"@id\":\"https:\/\/lij.ismeduca.com\/es\/producto\/el-meu-carrer\/#breadcrumb\"},\"inLanguage\":\"es\",\"potentialAction\":[{\"@type\":\"ReadAction\",\"target\":[\"https:\/\/lij.ismeduca.com\/es\/producto\/el-meu-carrer\/\"]}]},{\"@type\":\"ImageObject\",\"inLanguage\":\"es\",\"@id\":\"https:\/\/lij.ismeduca.com\/es\/producto\/el-meu-carrer\/#primaryimage\",\"url\":\"https:\/\/lij.ismeduca.com\/es\/wp-content\/uploads\/sites\/10\/2025\/12\/7286.jpg\",\"contentUrl\":\"https:\/\/lij.ismeduca.com\/es\/wp-content\/uploads\/sites\/10\/2025\/12\/7286.jpg\",\"width\":600,\"height\":954},{\"@type\":\"BreadcrumbList\",\"@id\":\"https:\/\/lij.ismeduca.com\/es\/producto\/el-meu-carrer\/#breadcrumb\",\"itemListElement\":[{\"@type\":\"ListItem\",\"position\":1,\"name\":\"Portada\",\"item\":\"https:\/\/lij.ismeduca.com\/es\/\"},{\"@type\":\"ListItem\",\"position\":2,\"name\":\"Tienda\",\"item\":\"https:\/\/lij.ismeduca.com\/es\/tienda\/\"},{\"@type\":\"ListItem\",\"position\":3,\"name\":\"El meu carrer\"}]},{\"@type\":\"WebSite\",\"@id\":\"https:\/\/lij.ismeduca.com\/es\/#website\",\"url\":\"https:\/\/lij.ismeduca.com\/es\/\",\"name\":\"Literatura SM Espa\u00f1a\",\"description\":\"\",\"publisher\":{\"@id\":\"https:\/\/lij.ismeduca.com\/es\/#organization\"},\"potentialAction\":[{\"@type\":\"SearchAction\",\"target\":{\"@type\":\"EntryPoint\",\"urlTemplate\":\"https:\/\/lij.ismeduca.com\/es\/?s={search_term_string}\"},\"query-input\":{\"@type\":\"PropertyValueSpecification\",\"valueRequired\":true,\"valueName\":\"search_term_string\"}}],\"inLanguage\":\"es\"},{\"@type\":\"Organization\",\"@id\":\"https:\/\/lij.ismeduca.com\/es\/#organization\",\"name\":\"Literatura SM Espa\u00f1a\",\"url\":\"https:\/\/lij.ismeduca.com\/es\/\",\"logo\":{\"@type\":\"ImageObject\",\"inLanguage\":\"es\",\"@id\":\"https:\/\/lij.ismeduca.com\/es\/#\/schema\/logo\/image\/\",\"url\":\"https:\/\/lij.ismeduca.com\/es\/wp-content\/uploads\/sites\/10\/2024\/07\/logo-cabecera.png\",\"contentUrl\":\"https:\/\/lij.ismeduca.com\/es\/wp-content\/uploads\/sites\/10\/2024\/07\/logo-cabecera.png\",\"width\":396,\"height\":64,\"caption\":\"Literatura SM Espa\u00f1a\"},\"image\":{\"@id\":\"https:\/\/lij.ismeduca.com\/es\/#\/schema\/logo\/image\/\"}}]}<\/script>\n<!-- \/ Yoast SEO plugin. -->","yoast_head_json":{"title":"El meu carrer - Literatura SM Espa\u00f1a","robots":{"index":"noindex","follow":"follow","max-snippet":"max-snippet:-1","max-image-preview":"max-image-preview:large","max-video-preview":"max-video-preview:-1"},"og_locale":"es_ES","og_type":"article","og_title":"El meu carrer - Literatura SM Espa\u00f1a","og_url":"https:\/\/lij.ismeduca.com\/es\/producto\/el-meu-carrer\/","og_site_name":"Literatura SM Espa\u00f1a","article_modified_time":"2025-12-23T11:40:32+00:00","twitter_card":"summary_large_image","schema":{"@context":"https:\/\/schema.org","@graph":[{"@type":"WebPage","@id":"https:\/\/lij.ismeduca.com\/es\/producto\/el-meu-carrer\/","url":"https:\/\/lij.ismeduca.com\/es\/producto\/el-meu-carrer\/","name":"El meu carrer - Literatura SM Espa\u00f1a","isPartOf":{"@id":"https:\/\/lij.ismeduca.com\/es\/#website"},"primaryImageOfPage":{"@id":"https:\/\/lij.ismeduca.com\/es\/producto\/el-meu-carrer\/#primaryimage"},"image":{"@id":"https:\/\/lij.ismeduca.com\/es\/producto\/el-meu-carrer\/#primaryimage"},"thumbnailUrl":"https:\/\/lij.ismeduca.com\/es\/wp-content\/uploads\/sites\/10\/2025\/12\/7286.jpg","datePublished":"2024-07-11T11:08:44+00:00","dateModified":"2025-12-23T11:40:32+00:00","breadcrumb":{"@id":"https:\/\/lij.ismeduca.com\/es\/producto\/el-meu-carrer\/#breadcrumb"},"inLanguage":"es","potentialAction":[{"@type":"ReadAction","target":["https:\/\/lij.ismeduca.com\/es\/producto\/el-meu-carrer\/"]}]},{"@type":"ImageObject","inLanguage":"es","@id":"https:\/\/lij.ismeduca.com\/es\/producto\/el-meu-carrer\/#primaryimage","url":"https:\/\/lij.ismeduca.com\/es\/wp-content\/uploads\/sites\/10\/2025\/12\/7286.jpg","contentUrl":"https:\/\/lij.ismeduca.com\/es\/wp-content\/uploads\/sites\/10\/2025\/12\/7286.jpg","width":600,"height":954},{"@type":"BreadcrumbList","@id":"https:\/\/lij.ismeduca.com\/es\/producto\/el-meu-carrer\/#breadcrumb","itemListElement":[{"@type":"ListItem","position":1,"name":"Portada","item":"https:\/\/lij.ismeduca.com\/es\/"},{"@type":"ListItem","position":2,"name":"Tienda","item":"https:\/\/lij.ismeduca.com\/es\/tienda\/"},{"@type":"ListItem","position":3,"name":"El meu carrer"}]},{"@type":"WebSite","@id":"https:\/\/lij.ismeduca.com\/es\/#website","url":"https:\/\/lij.ismeduca.com\/es\/","name":"Literatura SM Espa\u00f1a","description":"","publisher":{"@id":"https:\/\/lij.ismeduca.com\/es\/#organization"},"potentialAction":[{"@type":"SearchAction","target":{"@type":"EntryPoint","urlTemplate":"https:\/\/lij.ismeduca.com\/es\/?s={search_term_string}"},"query-input":{"@type":"PropertyValueSpecification","valueRequired":true,"valueName":"search_term_string"}}],"inLanguage":"es"},{"@type":"Organization","@id":"https:\/\/lij.ismeduca.com\/es\/#organization","name":"Literatura SM Espa\u00f1a","url":"https:\/\/lij.ismeduca.com\/es\/","logo":{"@type":"ImageObject","inLanguage":"es","@id":"https:\/\/lij.ismeduca.com\/es\/#\/schema\/logo\/image\/","url":"https:\/\/lij.ismeduca.com\/es\/wp-content\/uploads\/sites\/10\/2024\/07\/logo-cabecera.png","contentUrl":"https:\/\/lij.ismeduca.com\/es\/wp-content\/uploads\/sites\/10\/2024\/07\/logo-cabecera.png","width":396,"height":64,"caption":"Literatura SM Espa\u00f1a"},"image":{"@id":"https:\/\/lij.ismeduca.com\/es\/#\/schema\/logo\/image\/"}}]}},"_links":{"self":[{"href":"https:\/\/lij.ismeduca.com\/es\/wp-json\/wp\/v2\/product\/7286","targetHints":{"allow":["GET"]}}],"collection":[{"href":"https:\/\/lij.ismeduca.com\/es\/wp-json\/wp\/v2\/product"}],"about":[{"href":"https:\/\/lij.ismeduca.com\/es\/wp-json\/wp\/v2\/types\/product"}],"version-history":[{"count":1,"href":"https:\/\/lij.ismeduca.com\/es\/wp-json\/wp\/v2\/product\/7286\/revisions"}],"predecessor-version":[{"id":37350,"href":"https:\/\/lij.ismeduca.com\/es\/wp-json\/wp\/v2\/product\/7286\/revisions\/37350"}],"wp:featuredmedia":[{"embeddable":true,"href":"https:\/\/lij.ismeduca.com\/es\/wp-json\/wp\/v2\/media\/37349"}],"wp:attachment":[{"href":"https:\/\/lij.ismeduca.com\/es\/wp-json\/wp\/v2\/media?parent=7286"}],"wp:term":[{"taxonomy":"product_brand","embeddable":true,"href":"https:\/\/lij.ismeduca.com\/es\/wp-json\/wp\/v2\/product_brand?post=7286"},{"taxonomy":"product_cat","embeddable":true,"href":"https:\/\/lij.ismeduca.com\/es\/wp-json\/wp\/v2\/product_cat?post=7286"},{"taxonomy":"product_tag","embeddable":true,"href":"https:\/\/lij.ismeduca.com\/es\/wp-json\/wp\/v2\/product_tag?post=7286"},{"taxonomy":"asignatura","embeddable":true,"href":"https:\/\/lij.ismeduca.com\/es\/wp-json\/wp\/v2\/asignatura?post=7286"},{"taxonomy":"compania","embeddable":true,"href":"https:\/\/lij.ismeduca.com\/es\/wp-json\/wp\/v2\/compania?post=7286"},{"taxonomy":"curso","embeddable":true,"href":"https:\/\/lij.ismeduca.com\/es\/wp-json\/wp\/v2\/curso?post=7286"},{"taxonomy":"idiomas","embeddable":true,"href":"https:\/\/lij.ismeduca.com\/es\/wp-json\/wp\/v2\/idiomas?post=7286"},{"taxonomy":"genero","embeddable":true,"href":"https:\/\/lij.ismeduca.com\/es\/wp-json\/wp\/v2\/genero?post=7286"},{"taxonomy":"linea","embeddable":true,"href":"https:\/\/lij.ismeduca.com\/es\/wp-json\/wp\/v2\/linea?post=7286"},{"taxonomy":"premio","embeddable":true,"href":"https:\/\/lij.ismeduca.com\/es\/wp-json\/wp\/v2\/premio?post=7286"},{"taxonomy":"proyecto-editorial","embeddable":true,"href":"https:\/\/lij.ismeduca.com\/es\/wp-json\/wp\/v2\/proyecto-editorial?post=7286"},{"taxonomy":"tipo-de-libro","embeddable":true,"href":"https:\/\/lij.ismeduca.com\/es\/wp-json\/wp\/v2\/tipo-de-libro?post=7286"},{"taxonomy":"soporte","embeddable":true,"href":"https:\/\/lij.ismeduca.com\/es\/wp-json\/wp\/v2\/soporte?post=7286"},{"taxonomy":"zona-geografica","embeddable":true,"href":"https:\/\/lij.ismeduca.com\/es\/wp-json\/wp\/v2\/zona-geografica?post=7286"},{"taxonomy":"autores","embeddable":true,"href":"https:\/\/lij.ismeduca.com\/es\/wp-json\/wp\/v2\/autores?post=7286"},{"taxonomy":"colecciones","embeddable":true,"href":"https:\/\/lij.ismeduca.com\/es\/wp-json\/wp\/v2\/colecciones?post=7286"},{"taxonomy":"personajes","embeddable":true,"href":"https:\/\/lij.ismeduca.com\/es\/wp-json\/wp\/v2\/personajes?post=7286"}],"curies":[{"name":"wp","href":"https:\/\/api.w.org\/{rel}","templated":true}]}}