{"id":7315,"date":"2017-09-21T00:00:00","date_gmt":"2024-07-11T11:11:57","guid":{"rendered":"https:\/\/lij.ismeduca.com\/tienda\/?post_type=product&#038;p=7315"},"modified":"2025-12-23T12:43:07","modified_gmt":"2025-12-23T11:43:07","slug":"un-barco-cargado-de-cuentos","status":"publish","type":"product","link":"https:\/\/lij.ismeduca.com\/es\/producto\/un-barco-cargado-de-cuentos\/","title":{"rendered":"Un barco cargado de cuentos"},"content":{"rendered":"","protected":false},"excerpt":{"rendered":"<p><P>Una antolog&#237;a de treinta y un cuentos pensada para celebrar los cien primeros libros de la Serie Naranja de El Barco de Vapor. Hay relatos fant&#225;sticos, de ciencia ficci&#243;n, de la vida cotidiana&#8230; todos te&#241;idos por el humor y la maestr&#237;a de los autores de habla espa&#241;ola que han colaborado en la colecci&#243;n. &#191;Alguien se anima a navegar en este barco? <\/P><P>Un delicioso libro en el que se mezclan el humor, la magia y la calidad literaria.<\/P><\/p>\n","protected":false},"featured_media":36998,"template":"","meta":{"_acf_changed":false,"inline_featured_image":false},"product_brand":[],"product_cat":[4736],"product_tag":[602,244,240,242,298,2058],"asignatura":[],"compania":[252],"curso":[],"idiomas":[1948],"genero":[314],"linea":[250],"premio":[],"proyecto-editorial":[477],"tipo-de-libro":[249],"soporte":[2004],"zona-geografica":[],"autores":[2901,3970,2895,4269,2897,2908,2903,3154,2891,3235,3277,3345,4122,3704,2904,3266,2896,2892,2894,2902,2893,3286,4020,2898,3271,2914,3097,3370,3380,4216,2899,2900,4523],"colecciones":[2307],"personajes":[],"class_list":{"0":"post-7315","1":"product","2":"type-product","3":"status-publish","4":"has-post-thumbnail","6":"product_cat-el-barco-de-vapor","7":"product_tag-antologias","8":"product_tag-cuentos","9":"product_tag-cuentos-infantiles","10":"product_tag-cuentos-para-ninos","11":"product_tag-literatura-infantil","12":"product_tag-ntx","13":"pa_codigo-sap-ntx","14":"compania-f-sta-maria-ediciones-sm-es","15":"idiomas-espanol","16":"genero-aventura","17":"linea-narrativa","18":"proyecto-editorial-barco-de-vapor","19":"tipo-de-libro-fisico","20":"soporte-libro","21":"autores-alberto-avendano-prieto","22":"autores-alfredo-gomez-cerda","23":"autores-andres-garcia-vilarino","24":"autores-antoni-dalmases","25":"autores-braulio-llamero","26":"autores-carlos-puerto","27":"autores-carlos-villanes-cairo","28":"autores-carmen-vazquez-vigo","29":"autores-cristina-alemparte-roc","30":"autores-elena-ocallaghan-i-duch","31":"autores-emili-teixidor-i-viladecas","32":"autores-enric-larreula","33":"autores-enrique-paez","34":"autores-federico-delicado-gallego","35":"autores-fernando-almena","36":"autores-fernando-lalana","37":"autores-fernando-pulin","38":"autores-hilda-perera","39":"autores-joan-armangue-i-herrero","40":"autores-jose-antonio-del-canizo","41":"autores-jose-antonio-panero","42":"autores-jose-luis-olaizola","43":"autores-juan-munoz-martin","44":"autores-llorenc-puig","45":"autores-lucia-baquedano","46":"autores-nuria-albo-i-corrons","47":"autores-paco-sordo-artaraz","48":"autores-paloma-bordons","49":"autores-pilar-mateos","50":"autores-roberto-santiago","51":"autores-rocio-de-teran","52":"autores-torcuato-luca-de-tena","53":"autores-varios-autores","54":"colecciones-el-barco-de-vapor-naranja","56":"first","57":"instock","58":"taxable","59":"shipping-taxable","60":"purchasable","61":"product-type-simple"},"acf":{"id_catalogo":"650","shortTitle":"BVN.100 UN BARCO CARGADO DE...CUENTOS","descripcion":"<P>Una antolog&#237;a de treinta y un cuentos pensada para celebrar los cien primeros libros de la Serie Naranja de El Barco de Vapor. Hay relatos fant&#225;sticos, de ciencia ficci&#243;n, de la vida cotidiana... todos te&#241;idos por el humor y la maestr&#237;a de los autores de habla espa&#241;ola que han colaborado en la colecci&#243;n. &#191;Alguien se anima a navegar en este barco? <\/P><P>Un delicioso libro en el que se mezclan el humor, la magia y la calidad literaria.<\/P>","adjuntos":[{"id":"21","titulo":"Ficha del profesor","url":"https:\/\/catalogo.noe-sm.com\/medias\/ES180148-011121.pdf?context=bWFzdGVyfG1pZ3JhdGlvbnwxNDkwODl8YXBwbGljYXRpb24vcGRmfG1pZ3JhdGlvbi9oZjQvaDhmLzg4MTk0OTY3MTQyNzAucGRmfGVmNmNkOTBlMDUyYTEyYWY2M2VhMDUzNWJlYzVlMTUxOTc4NTk5ZTQ2ZTgwNmJmMzQ0NDFjYjQ2Zjk4MGUwNWY"},{"id":"4","titulo":"Primer cap\u00edtulo \/ Unidad Modelo","url":"https:\/\/catalogo.noe-sm.com\/medias\/ES180148-011193.pdf?context=bWFzdGVyfG1pZ3JhdGlvbnw0Mjk3MDd8YXBwbGljYXRpb24vcGRmfG1pZ3JhdGlvbi9oYjYvaDJhLzg4MTk0NjE1NTQyMDYucGRmfDNhMDkyYmZjZDRjY2JkZGY2NzNhZGM5ODk2NWYwYTFiNTU3ZmVjMzVjYWI4ZjhkMTk1NjllNmJhYTk4MWM5MmU"}],"descriptivePhrases":[{"type":"General","text":"Conjunto de relatos que transportan a mundos incre\u00edbles y jam\u00e1s so\u00f1ados."}],"productSap":"NTX","isbn":"9788467591552","precio_colegios":8.85,"precio_librerias":8.85,"precio_librerias_sin_cobertura":8.85,"precio_distribuidores":8.85,"fecha_disponibilidad":null,"fecha_comercial":"20170921","organizacion_venta":"CS01","datos_para_buscador":"Paco Sordo Artaraz, Federico Delicado Gallego, Varios Autores, Carlos Puerto, Paloma Bordons, Antoni Dalmases, N\u00faria Alb\u00f3 i Corrons, Joan Armangu\u00e9 i Herrero, Jos\u00e9 Antonio Panero, Luc\u00eda Baquedano, Carmen V\u00e1zquez-Vigo, Elena O'Callaghan i Duch, Fernando Pulin, Andr\u00e9s Garc\u00eda Vilari\u00f1o, Braulio Llamero, Enrique P\u00e1ez, Lloren\u00e7 Puig, Juan Mu\u00f1oz Mart\u00edn, Roc\u00edo de Ter\u00e1n, Fernando Almena, Jos\u00e9 Antonio del Ca\u00f1izo, Roberto Santiago, Alfredo G\u00f3mez Cerd\u00e1, Pilar Mateos, Carlos Villanes Cairo, Alberto Avenda\u00f1o Prieto, Torcuato Luca de Tena, Emili Teixidor i Viladec\u00e0s, Cristina Alemparte Roc, Hilda Perera, Fernando Lalana, Jos\u00e9 Luis Olaizola, Enric Larreula, El Barco de Vapor Naranja, "},"yoast_head":"<!-- This site is optimized with the Yoast SEO plugin v26.6 - https:\/\/yoast.com\/wordpress\/plugins\/seo\/ -->\n<title>Un barco cargado de cuentos - Literatura SM Espa\u00f1a<\/title>\n<meta name=\"robots\" content=\"noindex, follow, max-snippet:-1, max-image-preview:large, max-video-preview:-1\" \/>\n<meta property=\"og:locale\" content=\"es_ES\" \/>\n<meta property=\"og:type\" content=\"article\" \/>\n<meta property=\"og:title\" content=\"Un barco cargado de cuentos - Literatura SM Espa\u00f1a\" \/>\n<meta property=\"og:url\" content=\"https:\/\/lij.ismeduca.com\/es\/producto\/un-barco-cargado-de-cuentos\/\" \/>\n<meta property=\"og:site_name\" content=\"Literatura SM Espa\u00f1a\" \/>\n<meta property=\"article:modified_time\" content=\"2025-12-23T11:43:07+00:00\" \/>\n<meta name=\"twitter:card\" content=\"summary_large_image\" \/>\n<script type=\"application\/ld+json\" class=\"yoast-schema-graph\">{\"@context\":\"https:\/\/schema.org\",\"@graph\":[{\"@type\":\"WebPage\",\"@id\":\"https:\/\/lij.ismeduca.com\/es\/producto\/un-barco-cargado-de-cuentos\/\",\"url\":\"https:\/\/lij.ismeduca.com\/es\/producto\/un-barco-cargado-de-cuentos\/\",\"name\":\"Un barco cargado de cuentos - Literatura SM Espa\u00f1a\",\"isPartOf\":{\"@id\":\"https:\/\/lij.ismeduca.com\/es\/#website\"},\"primaryImageOfPage\":{\"@id\":\"https:\/\/lij.ismeduca.com\/es\/producto\/un-barco-cargado-de-cuentos\/#primaryimage\"},\"image\":{\"@id\":\"https:\/\/lij.ismeduca.com\/es\/producto\/un-barco-cargado-de-cuentos\/#primaryimage\"},\"thumbnailUrl\":\"https:\/\/lij.ismeduca.com\/es\/wp-content\/uploads\/sites\/10\/2025\/12\/7315.jpg\",\"datePublished\":\"2024-07-11T11:11:57+00:00\",\"dateModified\":\"2025-12-23T11:43:07+00:00\",\"breadcrumb\":{\"@id\":\"https:\/\/lij.ismeduca.com\/es\/producto\/un-barco-cargado-de-cuentos\/#breadcrumb\"},\"inLanguage\":\"es\",\"potentialAction\":[{\"@type\":\"ReadAction\",\"target\":[\"https:\/\/lij.ismeduca.com\/es\/producto\/un-barco-cargado-de-cuentos\/\"]}]},{\"@type\":\"ImageObject\",\"inLanguage\":\"es\",\"@id\":\"https:\/\/lij.ismeduca.com\/es\/producto\/un-barco-cargado-de-cuentos\/#primaryimage\",\"url\":\"https:\/\/lij.ismeduca.com\/es\/wp-content\/uploads\/sites\/10\/2025\/12\/7315.jpg\",\"contentUrl\":\"https:\/\/lij.ismeduca.com\/es\/wp-content\/uploads\/sites\/10\/2025\/12\/7315.jpg\",\"width\":600,\"height\":950},{\"@type\":\"BreadcrumbList\",\"@id\":\"https:\/\/lij.ismeduca.com\/es\/producto\/un-barco-cargado-de-cuentos\/#breadcrumb\",\"itemListElement\":[{\"@type\":\"ListItem\",\"position\":1,\"name\":\"Portada\",\"item\":\"https:\/\/lij.ismeduca.com\/es\/\"},{\"@type\":\"ListItem\",\"position\":2,\"name\":\"Tienda\",\"item\":\"https:\/\/lij.ismeduca.com\/es\/tienda\/\"},{\"@type\":\"ListItem\",\"position\":3,\"name\":\"Un barco cargado de cuentos\"}]},{\"@type\":\"WebSite\",\"@id\":\"https:\/\/lij.ismeduca.com\/es\/#website\",\"url\":\"https:\/\/lij.ismeduca.com\/es\/\",\"name\":\"Literatura SM Espa\u00f1a\",\"description\":\"\",\"publisher\":{\"@id\":\"https:\/\/lij.ismeduca.com\/es\/#organization\"},\"potentialAction\":[{\"@type\":\"SearchAction\",\"target\":{\"@type\":\"EntryPoint\",\"urlTemplate\":\"https:\/\/lij.ismeduca.com\/es\/?s={search_term_string}\"},\"query-input\":{\"@type\":\"PropertyValueSpecification\",\"valueRequired\":true,\"valueName\":\"search_term_string\"}}],\"inLanguage\":\"es\"},{\"@type\":\"Organization\",\"@id\":\"https:\/\/lij.ismeduca.com\/es\/#organization\",\"name\":\"Literatura SM Espa\u00f1a\",\"url\":\"https:\/\/lij.ismeduca.com\/es\/\",\"logo\":{\"@type\":\"ImageObject\",\"inLanguage\":\"es\",\"@id\":\"https:\/\/lij.ismeduca.com\/es\/#\/schema\/logo\/image\/\",\"url\":\"https:\/\/lij.ismeduca.com\/es\/wp-content\/uploads\/sites\/10\/2024\/07\/logo-cabecera.png\",\"contentUrl\":\"https:\/\/lij.ismeduca.com\/es\/wp-content\/uploads\/sites\/10\/2024\/07\/logo-cabecera.png\",\"width\":396,\"height\":64,\"caption\":\"Literatura SM Espa\u00f1a\"},\"image\":{\"@id\":\"https:\/\/lij.ismeduca.com\/es\/#\/schema\/logo\/image\/\"}}]}<\/script>\n<!-- \/ Yoast SEO plugin. -->","yoast_head_json":{"title":"Un barco cargado de cuentos - Literatura SM Espa\u00f1a","robots":{"index":"noindex","follow":"follow","max-snippet":"max-snippet:-1","max-image-preview":"max-image-preview:large","max-video-preview":"max-video-preview:-1"},"og_locale":"es_ES","og_type":"article","og_title":"Un barco cargado de cuentos - Literatura SM Espa\u00f1a","og_url":"https:\/\/lij.ismeduca.com\/es\/producto\/un-barco-cargado-de-cuentos\/","og_site_name":"Literatura SM Espa\u00f1a","article_modified_time":"2025-12-23T11:43:07+00:00","twitter_card":"summary_large_image","schema":{"@context":"https:\/\/schema.org","@graph":[{"@type":"WebPage","@id":"https:\/\/lij.ismeduca.com\/es\/producto\/un-barco-cargado-de-cuentos\/","url":"https:\/\/lij.ismeduca.com\/es\/producto\/un-barco-cargado-de-cuentos\/","name":"Un barco cargado de cuentos - Literatura SM Espa\u00f1a","isPartOf":{"@id":"https:\/\/lij.ismeduca.com\/es\/#website"},"primaryImageOfPage":{"@id":"https:\/\/lij.ismeduca.com\/es\/producto\/un-barco-cargado-de-cuentos\/#primaryimage"},"image":{"@id":"https:\/\/lij.ismeduca.com\/es\/producto\/un-barco-cargado-de-cuentos\/#primaryimage"},"thumbnailUrl":"https:\/\/lij.ismeduca.com\/es\/wp-content\/uploads\/sites\/10\/2025\/12\/7315.jpg","datePublished":"2024-07-11T11:11:57+00:00","dateModified":"2025-12-23T11:43:07+00:00","breadcrumb":{"@id":"https:\/\/lij.ismeduca.com\/es\/producto\/un-barco-cargado-de-cuentos\/#breadcrumb"},"inLanguage":"es","potentialAction":[{"@type":"ReadAction","target":["https:\/\/lij.ismeduca.com\/es\/producto\/un-barco-cargado-de-cuentos\/"]}]},{"@type":"ImageObject","inLanguage":"es","@id":"https:\/\/lij.ismeduca.com\/es\/producto\/un-barco-cargado-de-cuentos\/#primaryimage","url":"https:\/\/lij.ismeduca.com\/es\/wp-content\/uploads\/sites\/10\/2025\/12\/7315.jpg","contentUrl":"https:\/\/lij.ismeduca.com\/es\/wp-content\/uploads\/sites\/10\/2025\/12\/7315.jpg","width":600,"height":950},{"@type":"BreadcrumbList","@id":"https:\/\/lij.ismeduca.com\/es\/producto\/un-barco-cargado-de-cuentos\/#breadcrumb","itemListElement":[{"@type":"ListItem","position":1,"name":"Portada","item":"https:\/\/lij.ismeduca.com\/es\/"},{"@type":"ListItem","position":2,"name":"Tienda","item":"https:\/\/lij.ismeduca.com\/es\/tienda\/"},{"@type":"ListItem","position":3,"name":"Un barco cargado de cuentos"}]},{"@type":"WebSite","@id":"https:\/\/lij.ismeduca.com\/es\/#website","url":"https:\/\/lij.ismeduca.com\/es\/","name":"Literatura SM Espa\u00f1a","description":"","publisher":{"@id":"https:\/\/lij.ismeduca.com\/es\/#organization"},"potentialAction":[{"@type":"SearchAction","target":{"@type":"EntryPoint","urlTemplate":"https:\/\/lij.ismeduca.com\/es\/?s={search_term_string}"},"query-input":{"@type":"PropertyValueSpecification","valueRequired":true,"valueName":"search_term_string"}}],"inLanguage":"es"},{"@type":"Organization","@id":"https:\/\/lij.ismeduca.com\/es\/#organization","name":"Literatura SM Espa\u00f1a","url":"https:\/\/lij.ismeduca.com\/es\/","logo":{"@type":"ImageObject","inLanguage":"es","@id":"https:\/\/lij.ismeduca.com\/es\/#\/schema\/logo\/image\/","url":"https:\/\/lij.ismeduca.com\/es\/wp-content\/uploads\/sites\/10\/2024\/07\/logo-cabecera.png","contentUrl":"https:\/\/lij.ismeduca.com\/es\/wp-content\/uploads\/sites\/10\/2024\/07\/logo-cabecera.png","width":396,"height":64,"caption":"Literatura SM Espa\u00f1a"},"image":{"@id":"https:\/\/lij.ismeduca.com\/es\/#\/schema\/logo\/image\/"}}]}},"_links":{"self":[{"href":"https:\/\/lij.ismeduca.com\/es\/wp-json\/wp\/v2\/product\/7315","targetHints":{"allow":["GET"]}}],"collection":[{"href":"https:\/\/lij.ismeduca.com\/es\/wp-json\/wp\/v2\/product"}],"about":[{"href":"https:\/\/lij.ismeduca.com\/es\/wp-json\/wp\/v2\/types\/product"}],"version-history":[{"count":1,"href":"https:\/\/lij.ismeduca.com\/es\/wp-json\/wp\/v2\/product\/7315\/revisions"}],"predecessor-version":[{"id":34041,"href":"https:\/\/lij.ismeduca.com\/es\/wp-json\/wp\/v2\/product\/7315\/revisions\/34041"}],"wp:featuredmedia":[{"embeddable":true,"href":"https:\/\/lij.ismeduca.com\/es\/wp-json\/wp\/v2\/media\/36998"}],"wp:attachment":[{"href":"https:\/\/lij.ismeduca.com\/es\/wp-json\/wp\/v2\/media?parent=7315"}],"wp:term":[{"taxonomy":"product_brand","embeddable":true,"href":"https:\/\/lij.ismeduca.com\/es\/wp-json\/wp\/v2\/product_brand?post=7315"},{"taxonomy":"product_cat","embeddable":true,"href":"https:\/\/lij.ismeduca.com\/es\/wp-json\/wp\/v2\/product_cat?post=7315"},{"taxonomy":"product_tag","embeddable":true,"href":"https:\/\/lij.ismeduca.com\/es\/wp-json\/wp\/v2\/product_tag?post=7315"},{"taxonomy":"asignatura","embeddable":true,"href":"https:\/\/lij.ismeduca.com\/es\/wp-json\/wp\/v2\/asignatura?post=7315"},{"taxonomy":"compania","embeddable":true,"href":"https:\/\/lij.ismeduca.com\/es\/wp-json\/wp\/v2\/compania?post=7315"},{"taxonomy":"curso","embeddable":true,"href":"https:\/\/lij.ismeduca.com\/es\/wp-json\/wp\/v2\/curso?post=7315"},{"taxonomy":"idiomas","embeddable":true,"href":"https:\/\/lij.ismeduca.com\/es\/wp-json\/wp\/v2\/idiomas?post=7315"},{"taxonomy":"genero","embeddable":true,"href":"https:\/\/lij.ismeduca.com\/es\/wp-json\/wp\/v2\/genero?post=7315"},{"taxonomy":"linea","embeddable":true,"href":"https:\/\/lij.ismeduca.com\/es\/wp-json\/wp\/v2\/linea?post=7315"},{"taxonomy":"premio","embeddable":true,"href":"https:\/\/lij.ismeduca.com\/es\/wp-json\/wp\/v2\/premio?post=7315"},{"taxonomy":"proyecto-editorial","embeddable":true,"href":"https:\/\/lij.ismeduca.com\/es\/wp-json\/wp\/v2\/proyecto-editorial?post=7315"},{"taxonomy":"tipo-de-libro","embeddable":true,"href":"https:\/\/lij.ismeduca.com\/es\/wp-json\/wp\/v2\/tipo-de-libro?post=7315"},{"taxonomy":"soporte","embeddable":true,"href":"https:\/\/lij.ismeduca.com\/es\/wp-json\/wp\/v2\/soporte?post=7315"},{"taxonomy":"zona-geografica","embeddable":true,"href":"https:\/\/lij.ismeduca.com\/es\/wp-json\/wp\/v2\/zona-geografica?post=7315"},{"taxonomy":"autores","embeddable":true,"href":"https:\/\/lij.ismeduca.com\/es\/wp-json\/wp\/v2\/autores?post=7315"},{"taxonomy":"colecciones","embeddable":true,"href":"https:\/\/lij.ismeduca.com\/es\/wp-json\/wp\/v2\/colecciones?post=7315"},{"taxonomy":"personajes","embeddable":true,"href":"https:\/\/lij.ismeduca.com\/es\/wp-json\/wp\/v2\/personajes?post=7315"}],"curies":[{"name":"wp","href":"https:\/\/api.w.org\/{rel}","templated":true}]}}