{"id":7362,"date":"2019-05-01T00:00:00","date_gmt":"2024-07-11T11:12:22","guid":{"rendered":"https:\/\/lij.ismeduca.com\/tienda\/?post_type=product&#038;p=7362"},"modified":"2025-12-23T12:48:58","modified_gmt":"2025-12-23T11:48:58","slug":"bvn-256-los-escribidores-de-cartas","status":"publish","type":"product","link":"https:\/\/lij.ismeduca.com\/es\/producto\/bvn-256-los-escribidores-de-cartas\/","title":{"rendered":"Los escribidores de cartas"},"content":{"rendered":"","protected":false},"excerpt":{"rendered":"<p>El r&iacute;o, o la culebra,cruza el peque&ntilde;o pueblo de Noaberri.<br \/>\nFederico, el cartero,est&aacute; a punto de perder su empleo.<br \/>\nIria, su nieta,tiene un plan para salvarlo.<br \/>\nPero don Isidoro, el alcalde, odia el r&iacute;o y tambi&eacute;n a Federico.<br \/>\nMientras las cartas se est&aacute;n muriendo,todos ellos esconden un secreto&hellip;<br \/>\n&iquest;Adivinas cu&aacute;l?<\/p>\n","protected":false},"featured_media":36919,"template":"","meta":{"_acf_changed":false,"inline_featured_image":false},"product_brand":[],"product_cat":[4736],"product_tag":[307,268,423,1228,1170,343,1784,940,937,311,357,320,1787,253,981,1075,699,924,2058,1786,1523,463,1785,509,293,326,292,358,536,535,321,291,354,1172],"asignatura":[],"compania":[252],"curso":[],"idiomas":[1948],"genero":[256],"linea":[250],"premio":[],"proyecto-editorial":[477],"tipo-de-libro":[249],"soporte":[2004],"zona-geografica":[],"autores":[3451,3331,4475],"colecciones":[2307],"personajes":[],"class_list":{"0":"post-7362","1":"product","2":"type-product","3":"status-publish","4":"has-post-thumbnail","6":"product_cat-el-barco-de-vapor","7":"product_tag-abuelos","8":"product_tag-amistad","9":"product_tag-amor","10":"product_tag-ancianos","11":"product_tag-cartas","12":"product_tag-comunicacion-interpersonal","13":"product_tag-discapacidad-de-movilidad","14":"product_tag-duelo","15":"product_tag-empatia","16":"product_tag-familia","17":"product_tag-fiestas-populares","18":"product_tag-inclusion","19":"product_tag-lenguaje-poetico","20":"product_tag-literatura-de-humor","21":"product_tag-literatura-de-misterio","22":"product_tag-mensajeria-instantanea","23":"product_tag-misterios","24":"product_tag-muerte","25":"product_tag-ntx","26":"product_tag-perdon","27":"product_tag-perdonar","28":"product_tag-poesia","29":"product_tag-positivismo","30":"product_tag-pueblos","31":"product_tag-relaciones-familiares","32":"product_tag-relaciones-interpersonales","33":"product_tag-respeto-al-otro","34":"product_tag-soledad","35":"product_tag-solidaridad","36":"product_tag-solidaridad-social","37":"product_tag-superacion-de-dificultades","38":"product_tag-tolerancia","39":"product_tag-trabajo-en-equipo","40":"product_tag-tristeza","41":"pa_codigo-sap-ntx","42":"compania-f-sta-maria-ediciones-sm-es","43":"idiomas-espanol","44":"genero-humor","45":"linea-narrativa","46":"proyecto-editorial-barco-de-vapor","47":"tipo-de-libro-fisico","48":"soporte-libro","49":"autores-beatriz-oses-garcia","50":"autores-kike-ibanez-enrique-ibanez-fernandez","51":"autores-patrycja-katarzyna-jurkowska","52":"colecciones-el-barco-de-vapor-naranja","54":"first","55":"instock","56":"taxable","57":"shipping-taxable","58":"purchasable","59":"product-type-simple"},"acf":{"id_catalogo":"650","shortTitle":"BVN.256 LOS ESCRIBIDORES DE CARTAS","descripcion":"<p>El r&iacute;o, o la culebra,cruza el peque&ntilde;o pueblo de Noaberri.<br \/>\nFederico, el cartero,est&aacute; a punto de perder su empleo.<br \/>\nIria, su nieta,tiene un plan para salvarlo.<br \/>\nPero don Isidoro, el alcalde, odia el r&iacute;o y tambi&eacute;n a Federico.<br \/>\nMientras las cartas se est&aacute;n muriendo,todos ellos esconden un secreto&hellip;<br \/>\n&iquest;Adivinas cu&aacute;l?<\/p>\n","adjuntos":[{"id":"20","titulo":"Ficha del alumno","url":"https:\/\/catalogo.noe-sm.com\/medias\/ES194404-012392.pdf?context=bWFzdGVyfG1pZ3JhdGlvbnwyMDA2ODIyfGFwcGxpY2F0aW9uL3BkZnxtaWdyYXRpb24vaGE2L2gxNy84ODE5MzM0MjUwNTI2LnBkZnw2ODViNDA4ZTI0OTRiZjc5ZmE3MDBmNWExMDFhZTJlZGU4OGUyMWM3N2I4NTIxZjNlYTE4ZTkzZTU0Mjg4ZWQ3"},{"id":"4","titulo":"Primer cap\u00edtulo \/ Unidad Modelo","url":"https:\/\/catalogo.noe-sm.com\/medias\/ES194404-012398.pdf?context=bWFzdGVyfG1pZ3JhdGlvbnwzMDk4Mjh8YXBwbGljYXRpb24vcGRmfG1pZ3JhdGlvbi9oNzUvaDZkLzg4MTkzMzI0NDgyODYucGRmfGVlYzgyMmY1NDRlMzQyNGU1ZTVlYmJhY2ZjYzZiYWJmYjNjNDZjOTljODBkMzMyNmMyMzJjMDMxYWFkMGJmNjg"},{"id":"21","titulo":"Ficha del profesor","url":"https:\/\/catalogo.noe-sm.com\/medias\/194404-recur-001-001-pro-savia.pdf?context=bWFzdGVyfHJvb3R8Nzg0NjE5fGFwcGxpY2F0aW9uL3BkZnxoMjkvaDRhLzg5NDM2ODYxODkwODYucGRmfDg3NDQ3OTJjOWJlYTNjZTZhZmU2ODYxNDk0M2MzNDgwODMxMGE3ZTFmMTQzNjE1M2E2Y2ZlOGY2NTMwNTBkYTQ"}],"descriptivePhrases":[{"type":"General","text":"Una novela fresca y divertida que demuestra que la buena intenci\u00f3n de una sola persona puede transformar a toda una comunidad.  "}],"productSap":"NTX","isbn":"9788491826729","precio_colegios":8.85,"precio_librerias":8.85,"precio_librerias_sin_cobertura":8.85,"precio_distribuidores":8.85,"fecha_disponibilidad":null,"fecha_comercial":"20190501","organizacion_venta":"CS01","datos_para_buscador":"Patrycja Katarzyna Jurkowska, Kike Ib\u00e1\u00f1ez (Enrique Ib\u00e1\u00f1ez Fern\u00e1ndez), Beatriz Os\u00e9s Garc\u00eda, El Barco de Vapor Naranja, "},"yoast_head":"<!-- This site is optimized with the Yoast SEO plugin v26.6 - https:\/\/yoast.com\/wordpress\/plugins\/seo\/ -->\n<title>Los escribidores de cartas - Literatura SM Espa\u00f1a<\/title>\n<meta name=\"robots\" content=\"noindex, follow, max-snippet:-1, max-image-preview:large, max-video-preview:-1\" \/>\n<meta property=\"og:locale\" content=\"es_ES\" \/>\n<meta property=\"og:type\" content=\"article\" \/>\n<meta property=\"og:title\" content=\"Los escribidores de cartas - Literatura SM Espa\u00f1a\" \/>\n<meta property=\"og:url\" content=\"https:\/\/lij.ismeduca.com\/es\/producto\/bvn-256-los-escribidores-de-cartas\/\" \/>\n<meta property=\"og:site_name\" content=\"Literatura SM Espa\u00f1a\" \/>\n<meta property=\"article:modified_time\" content=\"2025-12-23T11:48:58+00:00\" \/>\n<meta name=\"twitter:card\" content=\"summary_large_image\" \/>\n<script type=\"application\/ld+json\" class=\"yoast-schema-graph\">{\"@context\":\"https:\/\/schema.org\",\"@graph\":[{\"@type\":\"WebPage\",\"@id\":\"https:\/\/lij.ismeduca.com\/es\/producto\/bvn-256-los-escribidores-de-cartas\/\",\"url\":\"https:\/\/lij.ismeduca.com\/es\/producto\/bvn-256-los-escribidores-de-cartas\/\",\"name\":\"Los escribidores de cartas - Literatura SM Espa\u00f1a\",\"isPartOf\":{\"@id\":\"https:\/\/lij.ismeduca.com\/es\/#website\"},\"primaryImageOfPage\":{\"@id\":\"https:\/\/lij.ismeduca.com\/es\/producto\/bvn-256-los-escribidores-de-cartas\/#primaryimage\"},\"image\":{\"@id\":\"https:\/\/lij.ismeduca.com\/es\/producto\/bvn-256-los-escribidores-de-cartas\/#primaryimage\"},\"thumbnailUrl\":\"https:\/\/lij.ismeduca.com\/es\/wp-content\/uploads\/sites\/10\/2025\/12\/7362.jpg\",\"datePublished\":\"2024-07-11T11:12:22+00:00\",\"dateModified\":\"2025-12-23T11:48:58+00:00\",\"breadcrumb\":{\"@id\":\"https:\/\/lij.ismeduca.com\/es\/producto\/bvn-256-los-escribidores-de-cartas\/#breadcrumb\"},\"inLanguage\":\"es\",\"potentialAction\":[{\"@type\":\"ReadAction\",\"target\":[\"https:\/\/lij.ismeduca.com\/es\/producto\/bvn-256-los-escribidores-de-cartas\/\"]}]},{\"@type\":\"ImageObject\",\"inLanguage\":\"es\",\"@id\":\"https:\/\/lij.ismeduca.com\/es\/producto\/bvn-256-los-escribidores-de-cartas\/#primaryimage\",\"url\":\"https:\/\/lij.ismeduca.com\/es\/wp-content\/uploads\/sites\/10\/2025\/12\/7362.jpg\",\"contentUrl\":\"https:\/\/lij.ismeduca.com\/es\/wp-content\/uploads\/sites\/10\/2025\/12\/7362.jpg\",\"width\":600,\"height\":953},{\"@type\":\"BreadcrumbList\",\"@id\":\"https:\/\/lij.ismeduca.com\/es\/producto\/bvn-256-los-escribidores-de-cartas\/#breadcrumb\",\"itemListElement\":[{\"@type\":\"ListItem\",\"position\":1,\"name\":\"Portada\",\"item\":\"https:\/\/lij.ismeduca.com\/es\/\"},{\"@type\":\"ListItem\",\"position\":2,\"name\":\"Tienda\",\"item\":\"https:\/\/lij.ismeduca.com\/es\/tienda\/\"},{\"@type\":\"ListItem\",\"position\":3,\"name\":\"Los escribidores de cartas\"}]},{\"@type\":\"WebSite\",\"@id\":\"https:\/\/lij.ismeduca.com\/es\/#website\",\"url\":\"https:\/\/lij.ismeduca.com\/es\/\",\"name\":\"Literatura SM Espa\u00f1a\",\"description\":\"\",\"publisher\":{\"@id\":\"https:\/\/lij.ismeduca.com\/es\/#organization\"},\"potentialAction\":[{\"@type\":\"SearchAction\",\"target\":{\"@type\":\"EntryPoint\",\"urlTemplate\":\"https:\/\/lij.ismeduca.com\/es\/?s={search_term_string}\"},\"query-input\":{\"@type\":\"PropertyValueSpecification\",\"valueRequired\":true,\"valueName\":\"search_term_string\"}}],\"inLanguage\":\"es\"},{\"@type\":\"Organization\",\"@id\":\"https:\/\/lij.ismeduca.com\/es\/#organization\",\"name\":\"Literatura SM Espa\u00f1a\",\"url\":\"https:\/\/lij.ismeduca.com\/es\/\",\"logo\":{\"@type\":\"ImageObject\",\"inLanguage\":\"es\",\"@id\":\"https:\/\/lij.ismeduca.com\/es\/#\/schema\/logo\/image\/\",\"url\":\"https:\/\/lij.ismeduca.com\/es\/wp-content\/uploads\/sites\/10\/2024\/07\/logo-cabecera.png\",\"contentUrl\":\"https:\/\/lij.ismeduca.com\/es\/wp-content\/uploads\/sites\/10\/2024\/07\/logo-cabecera.png\",\"width\":396,\"height\":64,\"caption\":\"Literatura SM Espa\u00f1a\"},\"image\":{\"@id\":\"https:\/\/lij.ismeduca.com\/es\/#\/schema\/logo\/image\/\"}}]}<\/script>\n<!-- \/ Yoast SEO plugin. -->","yoast_head_json":{"title":"Los escribidores de cartas - Literatura SM Espa\u00f1a","robots":{"index":"noindex","follow":"follow","max-snippet":"max-snippet:-1","max-image-preview":"max-image-preview:large","max-video-preview":"max-video-preview:-1"},"og_locale":"es_ES","og_type":"article","og_title":"Los escribidores de cartas - Literatura SM Espa\u00f1a","og_url":"https:\/\/lij.ismeduca.com\/es\/producto\/bvn-256-los-escribidores-de-cartas\/","og_site_name":"Literatura SM Espa\u00f1a","article_modified_time":"2025-12-23T11:48:58+00:00","twitter_card":"summary_large_image","schema":{"@context":"https:\/\/schema.org","@graph":[{"@type":"WebPage","@id":"https:\/\/lij.ismeduca.com\/es\/producto\/bvn-256-los-escribidores-de-cartas\/","url":"https:\/\/lij.ismeduca.com\/es\/producto\/bvn-256-los-escribidores-de-cartas\/","name":"Los escribidores de cartas - Literatura SM Espa\u00f1a","isPartOf":{"@id":"https:\/\/lij.ismeduca.com\/es\/#website"},"primaryImageOfPage":{"@id":"https:\/\/lij.ismeduca.com\/es\/producto\/bvn-256-los-escribidores-de-cartas\/#primaryimage"},"image":{"@id":"https:\/\/lij.ismeduca.com\/es\/producto\/bvn-256-los-escribidores-de-cartas\/#primaryimage"},"thumbnailUrl":"https:\/\/lij.ismeduca.com\/es\/wp-content\/uploads\/sites\/10\/2025\/12\/7362.jpg","datePublished":"2024-07-11T11:12:22+00:00","dateModified":"2025-12-23T11:48:58+00:00","breadcrumb":{"@id":"https:\/\/lij.ismeduca.com\/es\/producto\/bvn-256-los-escribidores-de-cartas\/#breadcrumb"},"inLanguage":"es","potentialAction":[{"@type":"ReadAction","target":["https:\/\/lij.ismeduca.com\/es\/producto\/bvn-256-los-escribidores-de-cartas\/"]}]},{"@type":"ImageObject","inLanguage":"es","@id":"https:\/\/lij.ismeduca.com\/es\/producto\/bvn-256-los-escribidores-de-cartas\/#primaryimage","url":"https:\/\/lij.ismeduca.com\/es\/wp-content\/uploads\/sites\/10\/2025\/12\/7362.jpg","contentUrl":"https:\/\/lij.ismeduca.com\/es\/wp-content\/uploads\/sites\/10\/2025\/12\/7362.jpg","width":600,"height":953},{"@type":"BreadcrumbList","@id":"https:\/\/lij.ismeduca.com\/es\/producto\/bvn-256-los-escribidores-de-cartas\/#breadcrumb","itemListElement":[{"@type":"ListItem","position":1,"name":"Portada","item":"https:\/\/lij.ismeduca.com\/es\/"},{"@type":"ListItem","position":2,"name":"Tienda","item":"https:\/\/lij.ismeduca.com\/es\/tienda\/"},{"@type":"ListItem","position":3,"name":"Los escribidores de cartas"}]},{"@type":"WebSite","@id":"https:\/\/lij.ismeduca.com\/es\/#website","url":"https:\/\/lij.ismeduca.com\/es\/","name":"Literatura SM Espa\u00f1a","description":"","publisher":{"@id":"https:\/\/lij.ismeduca.com\/es\/#organization"},"potentialAction":[{"@type":"SearchAction","target":{"@type":"EntryPoint","urlTemplate":"https:\/\/lij.ismeduca.com\/es\/?s={search_term_string}"},"query-input":{"@type":"PropertyValueSpecification","valueRequired":true,"valueName":"search_term_string"}}],"inLanguage":"es"},{"@type":"Organization","@id":"https:\/\/lij.ismeduca.com\/es\/#organization","name":"Literatura SM Espa\u00f1a","url":"https:\/\/lij.ismeduca.com\/es\/","logo":{"@type":"ImageObject","inLanguage":"es","@id":"https:\/\/lij.ismeduca.com\/es\/#\/schema\/logo\/image\/","url":"https:\/\/lij.ismeduca.com\/es\/wp-content\/uploads\/sites\/10\/2024\/07\/logo-cabecera.png","contentUrl":"https:\/\/lij.ismeduca.com\/es\/wp-content\/uploads\/sites\/10\/2024\/07\/logo-cabecera.png","width":396,"height":64,"caption":"Literatura SM Espa\u00f1a"},"image":{"@id":"https:\/\/lij.ismeduca.com\/es\/#\/schema\/logo\/image\/"}}]}},"_links":{"self":[{"href":"https:\/\/lij.ismeduca.com\/es\/wp-json\/wp\/v2\/product\/7362","targetHints":{"allow":["GET"]}}],"collection":[{"href":"https:\/\/lij.ismeduca.com\/es\/wp-json\/wp\/v2\/product"}],"about":[{"href":"https:\/\/lij.ismeduca.com\/es\/wp-json\/wp\/v2\/types\/product"}],"version-history":[{"count":2,"href":"https:\/\/lij.ismeduca.com\/es\/wp-json\/wp\/v2\/product\/7362\/revisions"}],"predecessor-version":[{"id":34107,"href":"https:\/\/lij.ismeduca.com\/es\/wp-json\/wp\/v2\/product\/7362\/revisions\/34107"}],"wp:featuredmedia":[{"embeddable":true,"href":"https:\/\/lij.ismeduca.com\/es\/wp-json\/wp\/v2\/media\/36919"}],"wp:attachment":[{"href":"https:\/\/lij.ismeduca.com\/es\/wp-json\/wp\/v2\/media?parent=7362"}],"wp:term":[{"taxonomy":"product_brand","embeddable":true,"href":"https:\/\/lij.ismeduca.com\/es\/wp-json\/wp\/v2\/product_brand?post=7362"},{"taxonomy":"product_cat","embeddable":true,"href":"https:\/\/lij.ismeduca.com\/es\/wp-json\/wp\/v2\/product_cat?post=7362"},{"taxonomy":"product_tag","embeddable":true,"href":"https:\/\/lij.ismeduca.com\/es\/wp-json\/wp\/v2\/product_tag?post=7362"},{"taxonomy":"asignatura","embeddable":true,"href":"https:\/\/lij.ismeduca.com\/es\/wp-json\/wp\/v2\/asignatura?post=7362"},{"taxonomy":"compania","embeddable":true,"href":"https:\/\/lij.ismeduca.com\/es\/wp-json\/wp\/v2\/compania?post=7362"},{"taxonomy":"curso","embeddable":true,"href":"https:\/\/lij.ismeduca.com\/es\/wp-json\/wp\/v2\/curso?post=7362"},{"taxonomy":"idiomas","embeddable":true,"href":"https:\/\/lij.ismeduca.com\/es\/wp-json\/wp\/v2\/idiomas?post=7362"},{"taxonomy":"genero","embeddable":true,"href":"https:\/\/lij.ismeduca.com\/es\/wp-json\/wp\/v2\/genero?post=7362"},{"taxonomy":"linea","embeddable":true,"href":"https:\/\/lij.ismeduca.com\/es\/wp-json\/wp\/v2\/linea?post=7362"},{"taxonomy":"premio","embeddable":true,"href":"https:\/\/lij.ismeduca.com\/es\/wp-json\/wp\/v2\/premio?post=7362"},{"taxonomy":"proyecto-editorial","embeddable":true,"href":"https:\/\/lij.ismeduca.com\/es\/wp-json\/wp\/v2\/proyecto-editorial?post=7362"},{"taxonomy":"tipo-de-libro","embeddable":true,"href":"https:\/\/lij.ismeduca.com\/es\/wp-json\/wp\/v2\/tipo-de-libro?post=7362"},{"taxonomy":"soporte","embeddable":true,"href":"https:\/\/lij.ismeduca.com\/es\/wp-json\/wp\/v2\/soporte?post=7362"},{"taxonomy":"zona-geografica","embeddable":true,"href":"https:\/\/lij.ismeduca.com\/es\/wp-json\/wp\/v2\/zona-geografica?post=7362"},{"taxonomy":"autores","embeddable":true,"href":"https:\/\/lij.ismeduca.com\/es\/wp-json\/wp\/v2\/autores?post=7362"},{"taxonomy":"colecciones","embeddable":true,"href":"https:\/\/lij.ismeduca.com\/es\/wp-json\/wp\/v2\/colecciones?post=7362"},{"taxonomy":"personajes","embeddable":true,"href":"https:\/\/lij.ismeduca.com\/es\/wp-json\/wp\/v2\/personajes?post=7362"}],"curies":[{"name":"wp","href":"https:\/\/api.w.org\/{rel}","templated":true}]}}