{"id":7383,"date":"2023-09-14T00:00:00","date_gmt":"2024-07-11T11:12:34","guid":{"rendered":"https:\/\/lij.ismeduca.com\/tienda\/?post_type=product&#038;p=7383"},"modified":"2025-12-23T13:03:57","modified_gmt":"2025-12-23T12:03:57","slug":"la-escuela-de-magia-y-otros-cuentos","status":"publish","type":"product","link":"https:\/\/lij.ismeduca.com\/es\/producto\/la-escuela-de-magia-y-otros-cuentos\/","title":{"rendered":"La Escuela de Magia y otros cuentos"},"content":{"rendered":"","protected":false},"excerpt":{"rendered":"<p>En la Escuela de Magia de Desideria, los gemelos Mug y Mali aprenden hechizos cada vez m\u00e1s complicados, aunque no siempre les salen bien. Lejos de all\u00ed, un ni\u00f1o gigantesco provoca toda clase de cat\u00e1strofes, Moni dibuja una obra maestra solo apta para los ojos m\u00e1s perspicaces, y el famoso majader\u00f3logo Estanislao Respingado conoce a dos hermanos extra\u00f1\u00edsimos\u2026<\/p>\n<p>Cuatro relatos llenos de fantas\u00eda y humor absurdo, escritos por Michael Ende, uno de los grandes maestros de la literatura infantil.&nbsp;<\/p>\n","protected":false},"featured_media":36969,"template":"","meta":{"_acf_changed":false,"inline_featured_image":false},"product_brand":[],"product_cat":[4736],"product_tag":[268,272,253,478,298,411,481,2058,315],"asignatura":[],"compania":[252],"curso":[],"idiomas":[1948],"genero":[275],"linea":[250],"premio":[],"proyecto-editorial":[477],"tipo-de-libro":[249],"soporte":[2004],"zona-geografica":[],"autores":[3739,4543,3352,4435],"colecciones":[2307],"personajes":[],"class_list":{"0":"post-7383","1":"product","2":"type-product","3":"status-publish","4":"has-post-thumbnail","6":"product_cat-el-barco-de-vapor","7":"product_tag-amistad","8":"product_tag-imaginacion","9":"product_tag-literatura-de-humor","10":"product_tag-literatura-fantastica","11":"product_tag-literatura-infantil","12":"product_tag-lugares-imaginarios","13":"product_tag-magia","14":"product_tag-ntx","15":"product_tag-vida-escolar","16":"pa_codigo-sap-ntx","17":"compania-f-sta-maria-ediciones-sm-es","18":"idiomas-espanol","19":"genero-fantasia","20":"linea-narrativa","21":"proyecto-editorial-barco-de-vapor","22":"tipo-de-libro-fisico","23":"soporte-libro","24":"autores-ana-varela-ramos","25":"autores-iria-torres-garcia","26":"autores-michael-ende","27":"autores-miguel-azaola","28":"colecciones-el-barco-de-vapor-naranja","30":"first","31":"instock","32":"taxable","33":"shipping-taxable","34":"purchasable","35":"product-type-simple"},"acf":{"id_catalogo":"650","shortTitle":"BVN.159 LA ESCUELA DE MAGIA Y OTROS CUEN","descripcion":"<p>En la Escuela de Magia de Desideria, los gemelos Mug y Mali aprenden hechizos cada vez m\u00e1s complicados, aunque no siempre les salen bien. Lejos de all\u00ed, un ni\u00f1o gigantesco provoca toda clase de cat\u00e1strofes, Moni dibuja una obra maestra solo apta para los ojos m\u00e1s perspicaces, y el famoso majader\u00f3logo Estanislao Respingado conoce a dos hermanos extra\u00f1\u00edsimos\u2026<\/p>\n<p>Cuatro relatos llenos de fantas\u00eda y humor absurdo, escritos por Michael Ende, uno de los grandes maestros de la literatura infantil.&nbsp;<\/p>","adjuntos":null,"descriptivePhrases":[{"type":"General","text":"Cuatro historias fant\u00e1sticas narradas con un humor sutil e ir\u00f3nico."}],"productSap":"NTX","isbn":"9788419099839","precio_colegios":8.85,"precio_librerias":8.85,"precio_librerias_sin_cobertura":8.85,"precio_distribuidores":8.85,"fecha_disponibilidad":null,"fecha_comercial":"20230914","organizacion_venta":"CS01","datos_para_buscador":"Ana Varela Ramos, Iria Torres Garc\u00eda, Miguel Azaola, Michael Ende, El Barco de Vapor Naranja, "},"yoast_head":"<!-- This site is optimized with the Yoast SEO plugin v26.6 - https:\/\/yoast.com\/wordpress\/plugins\/seo\/ -->\n<title>La Escuela de Magia y otros cuentos - Literatura SM Espa\u00f1a<\/title>\n<meta name=\"robots\" content=\"noindex, follow, max-snippet:-1, max-image-preview:large, max-video-preview:-1\" \/>\n<meta property=\"og:locale\" content=\"es_ES\" \/>\n<meta property=\"og:type\" content=\"article\" \/>\n<meta property=\"og:title\" content=\"La Escuela de Magia y otros cuentos - Literatura SM Espa\u00f1a\" \/>\n<meta property=\"og:url\" content=\"https:\/\/lij.ismeduca.com\/es\/producto\/la-escuela-de-magia-y-otros-cuentos\/\" \/>\n<meta property=\"og:site_name\" content=\"Literatura SM Espa\u00f1a\" \/>\n<meta property=\"article:modified_time\" content=\"2025-12-23T12:03:57+00:00\" \/>\n<meta name=\"twitter:card\" content=\"summary_large_image\" \/>\n<script type=\"application\/ld+json\" class=\"yoast-schema-graph\">{\"@context\":\"https:\/\/schema.org\",\"@graph\":[{\"@type\":\"WebPage\",\"@id\":\"https:\/\/lij.ismeduca.com\/es\/producto\/la-escuela-de-magia-y-otros-cuentos\/\",\"url\":\"https:\/\/lij.ismeduca.com\/es\/producto\/la-escuela-de-magia-y-otros-cuentos\/\",\"name\":\"La Escuela de Magia y otros cuentos - Literatura SM Espa\u00f1a\",\"isPartOf\":{\"@id\":\"https:\/\/lij.ismeduca.com\/es\/#website\"},\"primaryImageOfPage\":{\"@id\":\"https:\/\/lij.ismeduca.com\/es\/producto\/la-escuela-de-magia-y-otros-cuentos\/#primaryimage\"},\"image\":{\"@id\":\"https:\/\/lij.ismeduca.com\/es\/producto\/la-escuela-de-magia-y-otros-cuentos\/#primaryimage\"},\"thumbnailUrl\":\"https:\/\/lij.ismeduca.com\/es\/wp-content\/uploads\/sites\/10\/2025\/12\/7383.jpg\",\"datePublished\":\"2024-07-11T11:12:34+00:00\",\"dateModified\":\"2025-12-23T12:03:57+00:00\",\"breadcrumb\":{\"@id\":\"https:\/\/lij.ismeduca.com\/es\/producto\/la-escuela-de-magia-y-otros-cuentos\/#breadcrumb\"},\"inLanguage\":\"es\",\"potentialAction\":[{\"@type\":\"ReadAction\",\"target\":[\"https:\/\/lij.ismeduca.com\/es\/producto\/la-escuela-de-magia-y-otros-cuentos\/\"]}]},{\"@type\":\"ImageObject\",\"inLanguage\":\"es\",\"@id\":\"https:\/\/lij.ismeduca.com\/es\/producto\/la-escuela-de-magia-y-otros-cuentos\/#primaryimage\",\"url\":\"https:\/\/lij.ismeduca.com\/es\/wp-content\/uploads\/sites\/10\/2025\/12\/7383.jpg\",\"contentUrl\":\"https:\/\/lij.ismeduca.com\/es\/wp-content\/uploads\/sites\/10\/2025\/12\/7383.jpg\",\"width\":600,\"height\":950},{\"@type\":\"BreadcrumbList\",\"@id\":\"https:\/\/lij.ismeduca.com\/es\/producto\/la-escuela-de-magia-y-otros-cuentos\/#breadcrumb\",\"itemListElement\":[{\"@type\":\"ListItem\",\"position\":1,\"name\":\"Portada\",\"item\":\"https:\/\/lij.ismeduca.com\/es\/\"},{\"@type\":\"ListItem\",\"position\":2,\"name\":\"Tienda\",\"item\":\"https:\/\/lij.ismeduca.com\/es\/tienda\/\"},{\"@type\":\"ListItem\",\"position\":3,\"name\":\"La Escuela de Magia y otros cuentos\"}]},{\"@type\":\"WebSite\",\"@id\":\"https:\/\/lij.ismeduca.com\/es\/#website\",\"url\":\"https:\/\/lij.ismeduca.com\/es\/\",\"name\":\"Literatura SM Espa\u00f1a\",\"description\":\"\",\"publisher\":{\"@id\":\"https:\/\/lij.ismeduca.com\/es\/#organization\"},\"potentialAction\":[{\"@type\":\"SearchAction\",\"target\":{\"@type\":\"EntryPoint\",\"urlTemplate\":\"https:\/\/lij.ismeduca.com\/es\/?s={search_term_string}\"},\"query-input\":{\"@type\":\"PropertyValueSpecification\",\"valueRequired\":true,\"valueName\":\"search_term_string\"}}],\"inLanguage\":\"es\"},{\"@type\":\"Organization\",\"@id\":\"https:\/\/lij.ismeduca.com\/es\/#organization\",\"name\":\"Literatura SM Espa\u00f1a\",\"url\":\"https:\/\/lij.ismeduca.com\/es\/\",\"logo\":{\"@type\":\"ImageObject\",\"inLanguage\":\"es\",\"@id\":\"https:\/\/lij.ismeduca.com\/es\/#\/schema\/logo\/image\/\",\"url\":\"https:\/\/lij.ismeduca.com\/es\/wp-content\/uploads\/sites\/10\/2024\/07\/logo-cabecera.png\",\"contentUrl\":\"https:\/\/lij.ismeduca.com\/es\/wp-content\/uploads\/sites\/10\/2024\/07\/logo-cabecera.png\",\"width\":396,\"height\":64,\"caption\":\"Literatura SM Espa\u00f1a\"},\"image\":{\"@id\":\"https:\/\/lij.ismeduca.com\/es\/#\/schema\/logo\/image\/\"}}]}<\/script>\n<!-- \/ Yoast SEO plugin. -->","yoast_head_json":{"title":"La Escuela de Magia y otros cuentos - Literatura SM Espa\u00f1a","robots":{"index":"noindex","follow":"follow","max-snippet":"max-snippet:-1","max-image-preview":"max-image-preview:large","max-video-preview":"max-video-preview:-1"},"og_locale":"es_ES","og_type":"article","og_title":"La Escuela de Magia y otros cuentos - Literatura SM Espa\u00f1a","og_url":"https:\/\/lij.ismeduca.com\/es\/producto\/la-escuela-de-magia-y-otros-cuentos\/","og_site_name":"Literatura SM Espa\u00f1a","article_modified_time":"2025-12-23T12:03:57+00:00","twitter_card":"summary_large_image","schema":{"@context":"https:\/\/schema.org","@graph":[{"@type":"WebPage","@id":"https:\/\/lij.ismeduca.com\/es\/producto\/la-escuela-de-magia-y-otros-cuentos\/","url":"https:\/\/lij.ismeduca.com\/es\/producto\/la-escuela-de-magia-y-otros-cuentos\/","name":"La Escuela de Magia y otros cuentos - Literatura SM Espa\u00f1a","isPartOf":{"@id":"https:\/\/lij.ismeduca.com\/es\/#website"},"primaryImageOfPage":{"@id":"https:\/\/lij.ismeduca.com\/es\/producto\/la-escuela-de-magia-y-otros-cuentos\/#primaryimage"},"image":{"@id":"https:\/\/lij.ismeduca.com\/es\/producto\/la-escuela-de-magia-y-otros-cuentos\/#primaryimage"},"thumbnailUrl":"https:\/\/lij.ismeduca.com\/es\/wp-content\/uploads\/sites\/10\/2025\/12\/7383.jpg","datePublished":"2024-07-11T11:12:34+00:00","dateModified":"2025-12-23T12:03:57+00:00","breadcrumb":{"@id":"https:\/\/lij.ismeduca.com\/es\/producto\/la-escuela-de-magia-y-otros-cuentos\/#breadcrumb"},"inLanguage":"es","potentialAction":[{"@type":"ReadAction","target":["https:\/\/lij.ismeduca.com\/es\/producto\/la-escuela-de-magia-y-otros-cuentos\/"]}]},{"@type":"ImageObject","inLanguage":"es","@id":"https:\/\/lij.ismeduca.com\/es\/producto\/la-escuela-de-magia-y-otros-cuentos\/#primaryimage","url":"https:\/\/lij.ismeduca.com\/es\/wp-content\/uploads\/sites\/10\/2025\/12\/7383.jpg","contentUrl":"https:\/\/lij.ismeduca.com\/es\/wp-content\/uploads\/sites\/10\/2025\/12\/7383.jpg","width":600,"height":950},{"@type":"BreadcrumbList","@id":"https:\/\/lij.ismeduca.com\/es\/producto\/la-escuela-de-magia-y-otros-cuentos\/#breadcrumb","itemListElement":[{"@type":"ListItem","position":1,"name":"Portada","item":"https:\/\/lij.ismeduca.com\/es\/"},{"@type":"ListItem","position":2,"name":"Tienda","item":"https:\/\/lij.ismeduca.com\/es\/tienda\/"},{"@type":"ListItem","position":3,"name":"La Escuela de Magia y otros cuentos"}]},{"@type":"WebSite","@id":"https:\/\/lij.ismeduca.com\/es\/#website","url":"https:\/\/lij.ismeduca.com\/es\/","name":"Literatura SM Espa\u00f1a","description":"","publisher":{"@id":"https:\/\/lij.ismeduca.com\/es\/#organization"},"potentialAction":[{"@type":"SearchAction","target":{"@type":"EntryPoint","urlTemplate":"https:\/\/lij.ismeduca.com\/es\/?s={search_term_string}"},"query-input":{"@type":"PropertyValueSpecification","valueRequired":true,"valueName":"search_term_string"}}],"inLanguage":"es"},{"@type":"Organization","@id":"https:\/\/lij.ismeduca.com\/es\/#organization","name":"Literatura SM Espa\u00f1a","url":"https:\/\/lij.ismeduca.com\/es\/","logo":{"@type":"ImageObject","inLanguage":"es","@id":"https:\/\/lij.ismeduca.com\/es\/#\/schema\/logo\/image\/","url":"https:\/\/lij.ismeduca.com\/es\/wp-content\/uploads\/sites\/10\/2024\/07\/logo-cabecera.png","contentUrl":"https:\/\/lij.ismeduca.com\/es\/wp-content\/uploads\/sites\/10\/2024\/07\/logo-cabecera.png","width":396,"height":64,"caption":"Literatura SM Espa\u00f1a"},"image":{"@id":"https:\/\/lij.ismeduca.com\/es\/#\/schema\/logo\/image\/"}}]}},"_links":{"self":[{"href":"https:\/\/lij.ismeduca.com\/es\/wp-json\/wp\/v2\/product\/7383","targetHints":{"allow":["GET"]}}],"collection":[{"href":"https:\/\/lij.ismeduca.com\/es\/wp-json\/wp\/v2\/product"}],"about":[{"href":"https:\/\/lij.ismeduca.com\/es\/wp-json\/wp\/v2\/types\/product"}],"version-history":[{"count":1,"href":"https:\/\/lij.ismeduca.com\/es\/wp-json\/wp\/v2\/product\/7383\/revisions"}],"predecessor-version":[{"id":36970,"href":"https:\/\/lij.ismeduca.com\/es\/wp-json\/wp\/v2\/product\/7383\/revisions\/36970"}],"wp:featuredmedia":[{"embeddable":true,"href":"https:\/\/lij.ismeduca.com\/es\/wp-json\/wp\/v2\/media\/36969"}],"wp:attachment":[{"href":"https:\/\/lij.ismeduca.com\/es\/wp-json\/wp\/v2\/media?parent=7383"}],"wp:term":[{"taxonomy":"product_brand","embeddable":true,"href":"https:\/\/lij.ismeduca.com\/es\/wp-json\/wp\/v2\/product_brand?post=7383"},{"taxonomy":"product_cat","embeddable":true,"href":"https:\/\/lij.ismeduca.com\/es\/wp-json\/wp\/v2\/product_cat?post=7383"},{"taxonomy":"product_tag","embeddable":true,"href":"https:\/\/lij.ismeduca.com\/es\/wp-json\/wp\/v2\/product_tag?post=7383"},{"taxonomy":"asignatura","embeddable":true,"href":"https:\/\/lij.ismeduca.com\/es\/wp-json\/wp\/v2\/asignatura?post=7383"},{"taxonomy":"compania","embeddable":true,"href":"https:\/\/lij.ismeduca.com\/es\/wp-json\/wp\/v2\/compania?post=7383"},{"taxonomy":"curso","embeddable":true,"href":"https:\/\/lij.ismeduca.com\/es\/wp-json\/wp\/v2\/curso?post=7383"},{"taxonomy":"idiomas","embeddable":true,"href":"https:\/\/lij.ismeduca.com\/es\/wp-json\/wp\/v2\/idiomas?post=7383"},{"taxonomy":"genero","embeddable":true,"href":"https:\/\/lij.ismeduca.com\/es\/wp-json\/wp\/v2\/genero?post=7383"},{"taxonomy":"linea","embeddable":true,"href":"https:\/\/lij.ismeduca.com\/es\/wp-json\/wp\/v2\/linea?post=7383"},{"taxonomy":"premio","embeddable":true,"href":"https:\/\/lij.ismeduca.com\/es\/wp-json\/wp\/v2\/premio?post=7383"},{"taxonomy":"proyecto-editorial","embeddable":true,"href":"https:\/\/lij.ismeduca.com\/es\/wp-json\/wp\/v2\/proyecto-editorial?post=7383"},{"taxonomy":"tipo-de-libro","embeddable":true,"href":"https:\/\/lij.ismeduca.com\/es\/wp-json\/wp\/v2\/tipo-de-libro?post=7383"},{"taxonomy":"soporte","embeddable":true,"href":"https:\/\/lij.ismeduca.com\/es\/wp-json\/wp\/v2\/soporte?post=7383"},{"taxonomy":"zona-geografica","embeddable":true,"href":"https:\/\/lij.ismeduca.com\/es\/wp-json\/wp\/v2\/zona-geografica?post=7383"},{"taxonomy":"autores","embeddable":true,"href":"https:\/\/lij.ismeduca.com\/es\/wp-json\/wp\/v2\/autores?post=7383"},{"taxonomy":"colecciones","embeddable":true,"href":"https:\/\/lij.ismeduca.com\/es\/wp-json\/wp\/v2\/colecciones?post=7383"},{"taxonomy":"personajes","embeddable":true,"href":"https:\/\/lij.ismeduca.com\/es\/wp-json\/wp\/v2\/personajes?post=7383"}],"curies":[{"name":"wp","href":"https:\/\/api.w.org\/{rel}","templated":true}]}}